{"id":111381,"date":"2025-12-17T18:40:49","date_gmt":"2025-12-17T18:40:49","guid":{"rendered":"https:\/\/www.silentblocks.com\/product\/soporte-amortiguador-trasero-izquierdo-jaguar-e-pace-discovery-sport-evoque\/"},"modified":"2026-02-17T22:33:31","modified_gmt":"2026-02-17T22:33:31","slug":"soporte-amortiguador-trasero-izquierdo-jaguar-e-pace-discovery-sport-evoque","status":"publish","type":"product","link":"https:\/\/www.silentblocks.com\/es\/producto\/soporte-amortiguador-trasero-izquierdo-jaguar-e-pace-discovery-sport-evoque\/","title":{"rendered":"Soporte amortiguador trasero izquierdo, Jaguar E-Pace, Discovery Sport, Evoque"},"content":{"rendered":"<p>Soporte superior del amortiguador trasero izquierdo, compatible con los siguientes veh\u00edculos:<br \/>\nJaguar E-Pace X540 (09.2017-)<br \/>\nLand Rover Discovery Sport L550 (09.2014-)<br \/>\nRange Rover Evoque L551 (12.2018-)<\/p>\n<p>Referencias del fabricante (c\u00f3digo OEM) s\u00f3lo a t\u00edtulo informativo :<br \/>\nJaguar OEM: 06031253, 06031255, GK7218A145AA, J9C19792, J9C2151, J9C26180, L8D218A145AA, L8D218A145AB<br \/>\nLand Rover OEM: FK7218A145AB, GK7218A145AA, L8D218A145AA, L8D218A145AB, LR061359, LR078649, LR126629, LR140209<\/p>\n<p>Piezas nuevas, se vende con factura. Todos nuestros productos tienen 2 a\u00f1os de garant\u00eda.<\/p>\n","protected":false},"excerpt":{"rendered":"<p>Soporte superior del amortiguador trasero izquierdo, compatible con los siguientes veh\u00edculos: Jaguar E-Pace X540 (09.2017-) Land Rover Discovery Sport L550 (09.2014-) Range Rover Evoque L551 (12.2018-) Referencias del fabricante (c\u00f3digo OEM) s\u00f3lo a t\u00edtulo informativo : Jaguar OEM: 06031253, 06031255, GK7218A145AA, J9C19792, J9C2151, J9C26180, L8D218A145AA, L8D218A145AB Land Rover OEM: FK7218A145AB, GK7218A145AA, L8D218A145AA, L8D218A145AB, LR061359, LR078649, [&hellip;]<\/p>\n","protected":false},"featured_media":111332,"template":"","meta":[],"product_brand":[],"product_cat":[944,6256,6260,961,6251,1226],"product_tag":[],"class_list":{"0":"post-111381","1":"product","2":"type-product","3":"status-publish","4":"has-post-thumbnail","6":"product_cat-jaguar","7":"product_cat-e-pace-x540","9":"product_cat-landrover","10":"product_cat-discovery-sport-l550","11":"product_cat-range-rover-evoque","13":"first","14":"instock","15":"shipping-taxable","16":"purchasable","17":"product-type-simple"},"yoast_head":"<!-- This site is optimized with the Yoast SEO Premium plugin v23.0 (Yoast SEO v27.4) - https:\/\/yoast.com\/product\/yoast-seo-premium-wordpress\/ -->\n<title>Soporte amortiguador trasero izquierdo, Jaguar E-Pace, Discovery Sport, Evoque - SILENT BLOCKS<\/title>\n<meta name=\"description\" content=\"Soporte amortiguador trasero izquierdo para Jaguar E-Pace, Land Rover Discovery Sport, Range Rover Evoque, oem 06031253, LR061359, LR078649, LR126629, LR140209\" \/>\n<meta name=\"robots\" content=\"index, follow, max-snippet:-1, max-image-preview:large, max-video-preview:-1\" \/>\n<link rel=\"canonical\" href=\"https:\/\/www.silentblocks.com\/es\/producto\/soporte-amortiguador-trasero-izquierdo-jaguar-e-pace-discovery-sport-evoque\/\" \/>\n<meta property=\"og:locale\" content=\"es_ES\" \/>\n<meta property=\"og:type\" content=\"article\" \/>\n<meta property=\"og:title\" content=\"Soporte amortiguador trasero izquierdo, Jaguar E-Pace, Discovery Sport, Evoque\" \/>\n<meta property=\"og:description\" content=\"Soporte amortiguador trasero izquierdo para Jaguar E-Pace, Land Rover Discovery Sport, Range Rover Evoque, oem 06031253, LR061359, LR078649, LR126629, LR140209\" \/>\n<meta property=\"og:url\" content=\"https:\/\/www.silentblocks.com\/es\/producto\/soporte-amortiguador-trasero-izquierdo-jaguar-e-pace-discovery-sport-evoque\/\" \/>\n<meta property=\"og:site_name\" content=\"SILENT BLOCKS\" \/>\n<meta property=\"article:modified_time\" content=\"2026-02-17T22:33:31+00:00\" \/>\n<meta property=\"og:image\" content=\"https:\/\/www.silentblocks.com\/wp-content\/uploads\/2026\/02\/support-amortisseur-arrier-gauche-discovery-sport-l550.jpg\" \/>\n\t<meta property=\"og:image:width\" content=\"1500\" \/>\n\t<meta property=\"og:image:height\" content=\"1500\" \/>\n\t<meta property=\"og:image:type\" content=\"image\/jpeg\" \/>\n<meta name=\"twitter:card\" content=\"summary_large_image\" \/>\n<script type=\"application\/ld+json\" class=\"yoast-schema-graph\">{\"@context\":\"https:\\\/\\\/schema.org\",\"@graph\":[{\"@type\":\"WebPage\",\"@id\":\"https:\\\/\\\/www.silentblocks.com\\\/es\\\/producto\\\/soporte-amortiguador-trasero-izquierdo-jaguar-e-pace-discovery-sport-evoque\\\/\",\"url\":\"https:\\\/\\\/www.silentblocks.com\\\/es\\\/producto\\\/soporte-amortiguador-trasero-izquierdo-jaguar-e-pace-discovery-sport-evoque\\\/\",\"name\":\"Soporte amortiguador trasero izquierdo, Jaguar E-Pace, Discovery Sport, Evoque - SILENT BLOCKS\",\"isPartOf\":{\"@id\":\"https:\\\/\\\/www.silentblocks.com\\\/es\\\/#website\"},\"primaryImageOfPage\":{\"@id\":\"https:\\\/\\\/www.silentblocks.com\\\/es\\\/producto\\\/soporte-amortiguador-trasero-izquierdo-jaguar-e-pace-discovery-sport-evoque\\\/#primaryimage\"},\"image\":{\"@id\":\"https:\\\/\\\/www.silentblocks.com\\\/es\\\/producto\\\/soporte-amortiguador-trasero-izquierdo-jaguar-e-pace-discovery-sport-evoque\\\/#primaryimage\"},\"thumbnailUrl\":\"https:\\\/\\\/www.silentblocks.com\\\/wp-content\\\/uploads\\\/2026\\\/02\\\/support-amortisseur-arrier-gauche-discovery-sport-l550.jpg\",\"datePublished\":\"2025-12-17T18:40:49+00:00\",\"dateModified\":\"2026-02-17T22:33:31+00:00\",\"description\":\"Soporte amortiguador trasero izquierdo para Jaguar E-Pace, Land Rover Discovery Sport, Range Rover Evoque, oem 06031253, LR061359, LR078649, LR126629, LR140209\",\"breadcrumb\":{\"@id\":\"https:\\\/\\\/www.silentblocks.com\\\/es\\\/producto\\\/soporte-amortiguador-trasero-izquierdo-jaguar-e-pace-discovery-sport-evoque\\\/#breadcrumb\"},\"inLanguage\":\"es\",\"potentialAction\":[{\"@type\":\"ReadAction\",\"target\":[\"https:\\\/\\\/www.silentblocks.com\\\/es\\\/producto\\\/soporte-amortiguador-trasero-izquierdo-jaguar-e-pace-discovery-sport-evoque\\\/\"]}]},{\"@type\":\"ImageObject\",\"inLanguage\":\"es\",\"@id\":\"https:\\\/\\\/www.silentblocks.com\\\/es\\\/producto\\\/soporte-amortiguador-trasero-izquierdo-jaguar-e-pace-discovery-sport-evoque\\\/#primaryimage\",\"url\":\"https:\\\/\\\/www.silentblocks.com\\\/wp-content\\\/uploads\\\/2026\\\/02\\\/support-amortisseur-arrier-gauche-discovery-sport-l550.jpg\",\"contentUrl\":\"https:\\\/\\\/www.silentblocks.com\\\/wp-content\\\/uploads\\\/2026\\\/02\\\/support-amortisseur-arrier-gauche-discovery-sport-l550.jpg\",\"width\":1500,\"height\":1500},{\"@type\":\"BreadcrumbList\",\"@id\":\"https:\\\/\\\/www.silentblocks.com\\\/es\\\/producto\\\/soporte-amortiguador-trasero-izquierdo-jaguar-e-pace-discovery-sport-evoque\\\/#breadcrumb\",\"itemListElement\":[{\"@type\":\"ListItem\",\"position\":1,\"name\":\"In\u00edcio\",\"item\":\"https:\\\/\\\/www.silentblocks.com\\\/es\\\/\"},{\"@type\":\"ListItem\",\"position\":2,\"name\":\"Page boutique\",\"item\":\"https:\\\/\\\/www.silentblocks.com\\\/es\\\/shop-2\\\/\"},{\"@type\":\"ListItem\",\"position\":3,\"name\":\"Soporte amortiguador trasero izquierdo, Jaguar E-Pace, Discovery Sport, Evoque\"}]},{\"@type\":\"WebSite\",\"@id\":\"https:\\\/\\\/www.silentblocks.com\\\/es\\\/#website\",\"url\":\"https:\\\/\\\/www.silentblocks.com\\\/es\\\/\",\"name\":\"SILENTBLOCKS\",\"description\":\"Secure on the road\",\"publisher\":{\"@id\":\"https:\\\/\\\/www.silentblocks.com\\\/es\\\/#organization\"},\"potentialAction\":[{\"@type\":\"SearchAction\",\"target\":{\"@type\":\"EntryPoint\",\"urlTemplate\":\"https:\\\/\\\/www.silentblocks.com\\\/es\\\/?s={search_term_string}\"},\"query-input\":{\"@type\":\"PropertyValueSpecification\",\"valueRequired\":true,\"valueName\":\"search_term_string\"}}],\"inLanguage\":\"es\"},{\"@type\":\"Organization\",\"@id\":\"https:\\\/\\\/www.silentblocks.com\\\/es\\\/#organization\",\"name\":\"SILENTBLOCKS\",\"url\":\"https:\\\/\\\/www.silentblocks.com\\\/es\\\/\",\"logo\":{\"@type\":\"ImageObject\",\"inLanguage\":\"es\",\"@id\":\"https:\\\/\\\/www.silentblocks.com\\\/es\\\/#\\\/schema\\\/logo\\\/image\\\/\",\"url\":\"https:\\\/\\\/www.silentblocks.com\\\/wp-content\\\/uploads\\\/2023\\\/07\\\/logo211-sem-fundo_2012-PARA-BOUTIQUE-EBAY.png\",\"contentUrl\":\"https:\\\/\\\/www.silentblocks.com\\\/wp-content\\\/uploads\\\/2023\\\/07\\\/logo211-sem-fundo_2012-PARA-BOUTIQUE-EBAY.png\",\"width\":300,\"height\":190,\"caption\":\"SILENTBLOCKS\"},\"image\":{\"@id\":\"https:\\\/\\\/www.silentblocks.com\\\/es\\\/#\\\/schema\\\/logo\\\/image\\\/\"}}]}<\/script>\n<!-- \/ Yoast SEO Premium plugin. -->","yoast_head_json":{"title":"Soporte amortiguador trasero izquierdo, Jaguar E-Pace, Discovery Sport, Evoque - SILENT BLOCKS","description":"Soporte amortiguador trasero izquierdo para Jaguar E-Pace, Land Rover Discovery Sport, Range Rover Evoque, oem 06031253, LR061359, LR078649, LR126629, LR140209","robots":{"index":"index","follow":"follow","max-snippet":"max-snippet:-1","max-image-preview":"max-image-preview:large","max-video-preview":"max-video-preview:-1"},"canonical":"https:\/\/www.silentblocks.com\/es\/producto\/soporte-amortiguador-trasero-izquierdo-jaguar-e-pace-discovery-sport-evoque\/","og_locale":"es_ES","og_type":"article","og_title":"Soporte amortiguador trasero izquierdo, Jaguar E-Pace, Discovery Sport, Evoque","og_description":"Soporte amortiguador trasero izquierdo para Jaguar E-Pace, Land Rover Discovery Sport, Range Rover Evoque, oem 06031253, LR061359, LR078649, LR126629, LR140209","og_url":"https:\/\/www.silentblocks.com\/es\/producto\/soporte-amortiguador-trasero-izquierdo-jaguar-e-pace-discovery-sport-evoque\/","og_site_name":"SILENT BLOCKS","article_modified_time":"2026-02-17T22:33:31+00:00","og_image":[{"width":1500,"height":1500,"url":"https:\/\/www.silentblocks.com\/wp-content\/uploads\/2026\/02\/support-amortisseur-arrier-gauche-discovery-sport-l550.jpg","type":"image\/jpeg"}],"twitter_card":"summary_large_image","schema":{"@context":"https:\/\/schema.org","@graph":[{"@type":"WebPage","@id":"https:\/\/www.silentblocks.com\/es\/producto\/soporte-amortiguador-trasero-izquierdo-jaguar-e-pace-discovery-sport-evoque\/","url":"https:\/\/www.silentblocks.com\/es\/producto\/soporte-amortiguador-trasero-izquierdo-jaguar-e-pace-discovery-sport-evoque\/","name":"Soporte amortiguador trasero izquierdo, Jaguar E-Pace, Discovery Sport, Evoque - SILENT BLOCKS","isPartOf":{"@id":"https:\/\/www.silentblocks.com\/es\/#website"},"primaryImageOfPage":{"@id":"https:\/\/www.silentblocks.com\/es\/producto\/soporte-amortiguador-trasero-izquierdo-jaguar-e-pace-discovery-sport-evoque\/#primaryimage"},"image":{"@id":"https:\/\/www.silentblocks.com\/es\/producto\/soporte-amortiguador-trasero-izquierdo-jaguar-e-pace-discovery-sport-evoque\/#primaryimage"},"thumbnailUrl":"https:\/\/www.silentblocks.com\/wp-content\/uploads\/2026\/02\/support-amortisseur-arrier-gauche-discovery-sport-l550.jpg","datePublished":"2025-12-17T18:40:49+00:00","dateModified":"2026-02-17T22:33:31+00:00","description":"Soporte amortiguador trasero izquierdo para Jaguar E-Pace, Land Rover Discovery Sport, Range Rover Evoque, oem 06031253, LR061359, LR078649, LR126629, LR140209","breadcrumb":{"@id":"https:\/\/www.silentblocks.com\/es\/producto\/soporte-amortiguador-trasero-izquierdo-jaguar-e-pace-discovery-sport-evoque\/#breadcrumb"},"inLanguage":"es","potentialAction":[{"@type":"ReadAction","target":["https:\/\/www.silentblocks.com\/es\/producto\/soporte-amortiguador-trasero-izquierdo-jaguar-e-pace-discovery-sport-evoque\/"]}]},{"@type":"ImageObject","inLanguage":"es","@id":"https:\/\/www.silentblocks.com\/es\/producto\/soporte-amortiguador-trasero-izquierdo-jaguar-e-pace-discovery-sport-evoque\/#primaryimage","url":"https:\/\/www.silentblocks.com\/wp-content\/uploads\/2026\/02\/support-amortisseur-arrier-gauche-discovery-sport-l550.jpg","contentUrl":"https:\/\/www.silentblocks.com\/wp-content\/uploads\/2026\/02\/support-amortisseur-arrier-gauche-discovery-sport-l550.jpg","width":1500,"height":1500},{"@type":"BreadcrumbList","@id":"https:\/\/www.silentblocks.com\/es\/producto\/soporte-amortiguador-trasero-izquierdo-jaguar-e-pace-discovery-sport-evoque\/#breadcrumb","itemListElement":[{"@type":"ListItem","position":1,"name":"In\u00edcio","item":"https:\/\/www.silentblocks.com\/es\/"},{"@type":"ListItem","position":2,"name":"Page boutique","item":"https:\/\/www.silentblocks.com\/es\/shop-2\/"},{"@type":"ListItem","position":3,"name":"Soporte amortiguador trasero izquierdo, Jaguar E-Pace, Discovery Sport, Evoque"}]},{"@type":"WebSite","@id":"https:\/\/www.silentblocks.com\/es\/#website","url":"https:\/\/www.silentblocks.com\/es\/","name":"SILENTBLOCKS","description":"Secure on the road","publisher":{"@id":"https:\/\/www.silentblocks.com\/es\/#organization"},"potentialAction":[{"@type":"SearchAction","target":{"@type":"EntryPoint","urlTemplate":"https:\/\/www.silentblocks.com\/es\/?s={search_term_string}"},"query-input":{"@type":"PropertyValueSpecification","valueRequired":true,"valueName":"search_term_string"}}],"inLanguage":"es"},{"@type":"Organization","@id":"https:\/\/www.silentblocks.com\/es\/#organization","name":"SILENTBLOCKS","url":"https:\/\/www.silentblocks.com\/es\/","logo":{"@type":"ImageObject","inLanguage":"es","@id":"https:\/\/www.silentblocks.com\/es\/#\/schema\/logo\/image\/","url":"https:\/\/www.silentblocks.com\/wp-content\/uploads\/2023\/07\/logo211-sem-fundo_2012-PARA-BOUTIQUE-EBAY.png","contentUrl":"https:\/\/www.silentblocks.com\/wp-content\/uploads\/2023\/07\/logo211-sem-fundo_2012-PARA-BOUTIQUE-EBAY.png","width":300,"height":190,"caption":"SILENTBLOCKS"},"image":{"@id":"https:\/\/www.silentblocks.com\/es\/#\/schema\/logo\/image\/"}}]}},"_links":{"self":[{"href":"https:\/\/www.silentblocks.com\/es\/wp-json\/wp\/v2\/product\/111381","targetHints":{"allow":["GET"]}}],"collection":[{"href":"https:\/\/www.silentblocks.com\/es\/wp-json\/wp\/v2\/product"}],"about":[{"href":"https:\/\/www.silentblocks.com\/es\/wp-json\/wp\/v2\/types\/product"}],"version-history":[{"count":0,"href":"https:\/\/www.silentblocks.com\/es\/wp-json\/wp\/v2\/product\/111381\/revisions"}],"wp:featuredmedia":[{"embeddable":true,"href":"https:\/\/www.silentblocks.com\/es\/wp-json\/wp\/v2\/media\/111332"}],"wp:attachment":[{"href":"https:\/\/www.silentblocks.com\/es\/wp-json\/wp\/v2\/media?parent=111381"}],"wp:term":[{"taxonomy":"product_brand","embeddable":true,"href":"https:\/\/www.silentblocks.com\/es\/wp-json\/wp\/v2\/product_brand?post=111381"},{"taxonomy":"product_cat","embeddable":true,"href":"https:\/\/www.silentblocks.com\/es\/wp-json\/wp\/v2\/product_cat?post=111381"},{"taxonomy":"product_tag","embeddable":true,"href":"https:\/\/www.silentblocks.com\/es\/wp-json\/wp\/v2\/product_tag?post=111381"}],"curies":[{"name":"wp","href":"https:\/\/api.w.org\/{rel}","templated":true}]}}