{"id":111390,"date":"2023-12-08T16:31:09","date_gmt":"2023-12-08T16:31:09","guid":{"rendered":"https:\/\/www.silentblocks.com\/product\/kit-de-casquillos-de-goma-de-suspension-de-poliuretano-pajero-iii\/"},"modified":"2026-02-17T22:33:33","modified_gmt":"2026-02-17T22:33:33","slug":"kit-de-casquillos-de-goma-de-suspension-de-poliuretano-pajero-iii","status":"publish","type":"product","link":"https:\/\/www.silentblocks.com\/es\/producto\/kit-de-casquillos-de-goma-de-suspension-de-poliuretano-pajero-iii\/","title":{"rendered":"Kit de casquillos de goma de suspensi\u00f3n de poliuretano, Pajero III"},"content":{"rendered":"<p>KIT 22 casquillos de poliuretano para ejes delanteros\/traseros, compatibles con los siguientes veh\u00edculos:<br \/>\nMitsubishi Pajero (01.2000-12.2006)<br \/>\nModelo: III<\/p>\n<p>Referencias del fabricante (c\u00f3digo OEM) s\u00f3lo a t\u00edtulo informativo :<i class=\"otgs-ico-in-progress js-otgs-popover-tooltip tippy-active\" tabindex=\"0\" data-original-title=\"Traduction Espagnol en attente du premier traducteur disponible\" aria-describedby=\"tippy-5\"><\/i><br \/>\nMR374672, MR519399, MR508132, MR418040<\/p>\n<p>Piezas nuevas, se vende con factura. Todos nuestros productos tienen 2 a\u00f1os de garant\u00eda.<\/p>\n","protected":false},"excerpt":{"rendered":"<p>Kit completo silentblock de poliuretano para eje delantero y trasero, Mitsubishi Pajero III<\/p>\n","protected":false},"featured_media":88807,"template":"","meta":[],"product_brand":[],"product_cat":[2211,3135],"product_tag":[],"class_list":{"0":"post-111390","1":"product","2":"type-product","3":"status-publish","4":"has-post-thumbnail","6":"product_cat-mitsubishi-es","7":"product_cat-pajero-iii-es","9":"first","10":"instock","11":"shipping-taxable","12":"purchasable","13":"product-type-simple"},"yoast_head":"<!-- This site is optimized with the Yoast SEO Premium plugin v23.0 (Yoast SEO v27.4) - https:\/\/yoast.com\/product\/yoast-seo-premium-wordpress\/ -->\n<title>Kit de casquillos de goma de suspensi\u00f3n de poliuretano, Pajero III - SILENT BLOCKS<\/title>\n<meta name=\"description\" content=\"Kit bujes de poliuretano para suspensi\u00f3n delantera y trasera, Mitsubishi Pajero III, compatible OEM MR374672, MR519399, MR508132, MR418040\" \/>\n<meta name=\"robots\" content=\"index, follow, max-snippet:-1, max-image-preview:large, max-video-preview:-1\" \/>\n<link rel=\"canonical\" href=\"https:\/\/www.silentblocks.com\/es\/producto\/kit-de-casquillos-de-goma-de-suspension-de-poliuretano-pajero-iii\/\" \/>\n<meta property=\"og:locale\" content=\"es_ES\" \/>\n<meta property=\"og:type\" content=\"article\" \/>\n<meta property=\"og:title\" content=\"Kit de casquillos de goma de suspensi\u00f3n de poliuretano, Pajero III\" \/>\n<meta property=\"og:description\" content=\"Kit bujes de poliuretano para suspensi\u00f3n delantera y trasera, Mitsubishi Pajero III, compatible OEM MR374672, MR519399, MR508132, MR418040\" \/>\n<meta property=\"og:url\" content=\"https:\/\/www.silentblocks.com\/es\/producto\/kit-de-casquillos-de-goma-de-suspension-de-poliuretano-pajero-iii\/\" \/>\n<meta property=\"og:site_name\" content=\"SILENT BLOCKS\" \/>\n<meta property=\"article:modified_time\" content=\"2026-02-17T22:33:33+00:00\" \/>\n<meta property=\"og:image\" content=\"https:\/\/www.silentblocks.com\/wp-content\/uploads\/2026\/02\/kit-suspension-avant-arriere-Pajero-3.jpg\" \/>\n\t<meta property=\"og:image:width\" content=\"1500\" \/>\n\t<meta property=\"og:image:height\" content=\"1500\" \/>\n\t<meta property=\"og:image:type\" content=\"image\/jpeg\" \/>\n<meta name=\"twitter:card\" content=\"summary_large_image\" \/>\n<script type=\"application\/ld+json\" class=\"yoast-schema-graph\">{\"@context\":\"https:\\\/\\\/schema.org\",\"@graph\":[{\"@type\":\"WebPage\",\"@id\":\"https:\\\/\\\/www.silentblocks.com\\\/es\\\/producto\\\/kit-de-casquillos-de-goma-de-suspension-de-poliuretano-pajero-iii\\\/\",\"url\":\"https:\\\/\\\/www.silentblocks.com\\\/es\\\/producto\\\/kit-de-casquillos-de-goma-de-suspension-de-poliuretano-pajero-iii\\\/\",\"name\":\"Kit de casquillos de goma de suspensi\u00f3n de poliuretano, Pajero III - SILENT BLOCKS\",\"isPartOf\":{\"@id\":\"https:\\\/\\\/www.silentblocks.com\\\/es\\\/#website\"},\"primaryImageOfPage\":{\"@id\":\"https:\\\/\\\/www.silentblocks.com\\\/es\\\/producto\\\/kit-de-casquillos-de-goma-de-suspension-de-poliuretano-pajero-iii\\\/#primaryimage\"},\"image\":{\"@id\":\"https:\\\/\\\/www.silentblocks.com\\\/es\\\/producto\\\/kit-de-casquillos-de-goma-de-suspension-de-poliuretano-pajero-iii\\\/#primaryimage\"},\"thumbnailUrl\":\"https:\\\/\\\/www.silentblocks.com\\\/wp-content\\\/uploads\\\/2026\\\/02\\\/kit-suspension-avant-arriere-Pajero-3.jpg\",\"datePublished\":\"2023-12-08T16:31:09+00:00\",\"dateModified\":\"2026-02-17T22:33:33+00:00\",\"description\":\"Kit bujes de poliuretano para suspensi\u00f3n delantera y trasera, Mitsubishi Pajero III, compatible OEM MR374672, MR519399, MR508132, MR418040\",\"breadcrumb\":{\"@id\":\"https:\\\/\\\/www.silentblocks.com\\\/es\\\/producto\\\/kit-de-casquillos-de-goma-de-suspension-de-poliuretano-pajero-iii\\\/#breadcrumb\"},\"inLanguage\":\"es\",\"potentialAction\":[{\"@type\":\"ReadAction\",\"target\":[\"https:\\\/\\\/www.silentblocks.com\\\/es\\\/producto\\\/kit-de-casquillos-de-goma-de-suspension-de-poliuretano-pajero-iii\\\/\"]}]},{\"@type\":\"ImageObject\",\"inLanguage\":\"es\",\"@id\":\"https:\\\/\\\/www.silentblocks.com\\\/es\\\/producto\\\/kit-de-casquillos-de-goma-de-suspension-de-poliuretano-pajero-iii\\\/#primaryimage\",\"url\":\"https:\\\/\\\/www.silentblocks.com\\\/wp-content\\\/uploads\\\/2026\\\/02\\\/kit-suspension-avant-arriere-Pajero-3.jpg\",\"contentUrl\":\"https:\\\/\\\/www.silentblocks.com\\\/wp-content\\\/uploads\\\/2026\\\/02\\\/kit-suspension-avant-arriere-Pajero-3.jpg\",\"width\":1500,\"height\":1500},{\"@type\":\"BreadcrumbList\",\"@id\":\"https:\\\/\\\/www.silentblocks.com\\\/es\\\/producto\\\/kit-de-casquillos-de-goma-de-suspension-de-poliuretano-pajero-iii\\\/#breadcrumb\",\"itemListElement\":[{\"@type\":\"ListItem\",\"position\":1,\"name\":\"In\u00edcio\",\"item\":\"https:\\\/\\\/www.silentblocks.com\\\/es\\\/\"},{\"@type\":\"ListItem\",\"position\":2,\"name\":\"Page boutique\",\"item\":\"https:\\\/\\\/www.silentblocks.com\\\/es\\\/shop-2\\\/\"},{\"@type\":\"ListItem\",\"position\":3,\"name\":\"Kit de casquillos de goma de suspensi\u00f3n de poliuretano, Pajero III\"}]},{\"@type\":\"WebSite\",\"@id\":\"https:\\\/\\\/www.silentblocks.com\\\/es\\\/#website\",\"url\":\"https:\\\/\\\/www.silentblocks.com\\\/es\\\/\",\"name\":\"SILENTBLOCKS\",\"description\":\"Secure on the road\",\"publisher\":{\"@id\":\"https:\\\/\\\/www.silentblocks.com\\\/es\\\/#organization\"},\"potentialAction\":[{\"@type\":\"SearchAction\",\"target\":{\"@type\":\"EntryPoint\",\"urlTemplate\":\"https:\\\/\\\/www.silentblocks.com\\\/es\\\/?s={search_term_string}\"},\"query-input\":{\"@type\":\"PropertyValueSpecification\",\"valueRequired\":true,\"valueName\":\"search_term_string\"}}],\"inLanguage\":\"es\"},{\"@type\":\"Organization\",\"@id\":\"https:\\\/\\\/www.silentblocks.com\\\/es\\\/#organization\",\"name\":\"SILENTBLOCKS\",\"url\":\"https:\\\/\\\/www.silentblocks.com\\\/es\\\/\",\"logo\":{\"@type\":\"ImageObject\",\"inLanguage\":\"es\",\"@id\":\"https:\\\/\\\/www.silentblocks.com\\\/es\\\/#\\\/schema\\\/logo\\\/image\\\/\",\"url\":\"https:\\\/\\\/www.silentblocks.com\\\/wp-content\\\/uploads\\\/2023\\\/07\\\/logo211-sem-fundo_2012-PARA-BOUTIQUE-EBAY.png\",\"contentUrl\":\"https:\\\/\\\/www.silentblocks.com\\\/wp-content\\\/uploads\\\/2023\\\/07\\\/logo211-sem-fundo_2012-PARA-BOUTIQUE-EBAY.png\",\"width\":300,\"height\":190,\"caption\":\"SILENTBLOCKS\"},\"image\":{\"@id\":\"https:\\\/\\\/www.silentblocks.com\\\/es\\\/#\\\/schema\\\/logo\\\/image\\\/\"}}]}<\/script>\n<!-- \/ Yoast SEO Premium plugin. -->","yoast_head_json":{"title":"Kit de casquillos de goma de suspensi\u00f3n de poliuretano, Pajero III - SILENT BLOCKS","description":"Kit bujes de poliuretano para suspensi\u00f3n delantera y trasera, Mitsubishi Pajero III, compatible OEM MR374672, MR519399, MR508132, MR418040","robots":{"index":"index","follow":"follow","max-snippet":"max-snippet:-1","max-image-preview":"max-image-preview:large","max-video-preview":"max-video-preview:-1"},"canonical":"https:\/\/www.silentblocks.com\/es\/producto\/kit-de-casquillos-de-goma-de-suspension-de-poliuretano-pajero-iii\/","og_locale":"es_ES","og_type":"article","og_title":"Kit de casquillos de goma de suspensi\u00f3n de poliuretano, Pajero III","og_description":"Kit bujes de poliuretano para suspensi\u00f3n delantera y trasera, Mitsubishi Pajero III, compatible OEM MR374672, MR519399, MR508132, MR418040","og_url":"https:\/\/www.silentblocks.com\/es\/producto\/kit-de-casquillos-de-goma-de-suspension-de-poliuretano-pajero-iii\/","og_site_name":"SILENT BLOCKS","article_modified_time":"2026-02-17T22:33:33+00:00","og_image":[{"width":1500,"height":1500,"url":"https:\/\/www.silentblocks.com\/wp-content\/uploads\/2026\/02\/kit-suspension-avant-arriere-Pajero-3.jpg","type":"image\/jpeg"}],"twitter_card":"summary_large_image","schema":{"@context":"https:\/\/schema.org","@graph":[{"@type":"WebPage","@id":"https:\/\/www.silentblocks.com\/es\/producto\/kit-de-casquillos-de-goma-de-suspension-de-poliuretano-pajero-iii\/","url":"https:\/\/www.silentblocks.com\/es\/producto\/kit-de-casquillos-de-goma-de-suspension-de-poliuretano-pajero-iii\/","name":"Kit de casquillos de goma de suspensi\u00f3n de poliuretano, Pajero III - SILENT BLOCKS","isPartOf":{"@id":"https:\/\/www.silentblocks.com\/es\/#website"},"primaryImageOfPage":{"@id":"https:\/\/www.silentblocks.com\/es\/producto\/kit-de-casquillos-de-goma-de-suspension-de-poliuretano-pajero-iii\/#primaryimage"},"image":{"@id":"https:\/\/www.silentblocks.com\/es\/producto\/kit-de-casquillos-de-goma-de-suspension-de-poliuretano-pajero-iii\/#primaryimage"},"thumbnailUrl":"https:\/\/www.silentblocks.com\/wp-content\/uploads\/2026\/02\/kit-suspension-avant-arriere-Pajero-3.jpg","datePublished":"2023-12-08T16:31:09+00:00","dateModified":"2026-02-17T22:33:33+00:00","description":"Kit bujes de poliuretano para suspensi\u00f3n delantera y trasera, Mitsubishi Pajero III, compatible OEM MR374672, MR519399, MR508132, MR418040","breadcrumb":{"@id":"https:\/\/www.silentblocks.com\/es\/producto\/kit-de-casquillos-de-goma-de-suspension-de-poliuretano-pajero-iii\/#breadcrumb"},"inLanguage":"es","potentialAction":[{"@type":"ReadAction","target":["https:\/\/www.silentblocks.com\/es\/producto\/kit-de-casquillos-de-goma-de-suspension-de-poliuretano-pajero-iii\/"]}]},{"@type":"ImageObject","inLanguage":"es","@id":"https:\/\/www.silentblocks.com\/es\/producto\/kit-de-casquillos-de-goma-de-suspension-de-poliuretano-pajero-iii\/#primaryimage","url":"https:\/\/www.silentblocks.com\/wp-content\/uploads\/2026\/02\/kit-suspension-avant-arriere-Pajero-3.jpg","contentUrl":"https:\/\/www.silentblocks.com\/wp-content\/uploads\/2026\/02\/kit-suspension-avant-arriere-Pajero-3.jpg","width":1500,"height":1500},{"@type":"BreadcrumbList","@id":"https:\/\/www.silentblocks.com\/es\/producto\/kit-de-casquillos-de-goma-de-suspension-de-poliuretano-pajero-iii\/#breadcrumb","itemListElement":[{"@type":"ListItem","position":1,"name":"In\u00edcio","item":"https:\/\/www.silentblocks.com\/es\/"},{"@type":"ListItem","position":2,"name":"Page boutique","item":"https:\/\/www.silentblocks.com\/es\/shop-2\/"},{"@type":"ListItem","position":3,"name":"Kit de casquillos de goma de suspensi\u00f3n de poliuretano, Pajero III"}]},{"@type":"WebSite","@id":"https:\/\/www.silentblocks.com\/es\/#website","url":"https:\/\/www.silentblocks.com\/es\/","name":"SILENTBLOCKS","description":"Secure on the road","publisher":{"@id":"https:\/\/www.silentblocks.com\/es\/#organization"},"potentialAction":[{"@type":"SearchAction","target":{"@type":"EntryPoint","urlTemplate":"https:\/\/www.silentblocks.com\/es\/?s={search_term_string}"},"query-input":{"@type":"PropertyValueSpecification","valueRequired":true,"valueName":"search_term_string"}}],"inLanguage":"es"},{"@type":"Organization","@id":"https:\/\/www.silentblocks.com\/es\/#organization","name":"SILENTBLOCKS","url":"https:\/\/www.silentblocks.com\/es\/","logo":{"@type":"ImageObject","inLanguage":"es","@id":"https:\/\/www.silentblocks.com\/es\/#\/schema\/logo\/image\/","url":"https:\/\/www.silentblocks.com\/wp-content\/uploads\/2023\/07\/logo211-sem-fundo_2012-PARA-BOUTIQUE-EBAY.png","contentUrl":"https:\/\/www.silentblocks.com\/wp-content\/uploads\/2023\/07\/logo211-sem-fundo_2012-PARA-BOUTIQUE-EBAY.png","width":300,"height":190,"caption":"SILENTBLOCKS"},"image":{"@id":"https:\/\/www.silentblocks.com\/es\/#\/schema\/logo\/image\/"}}]}},"_links":{"self":[{"href":"https:\/\/www.silentblocks.com\/es\/wp-json\/wp\/v2\/product\/111390","targetHints":{"allow":["GET"]}}],"collection":[{"href":"https:\/\/www.silentblocks.com\/es\/wp-json\/wp\/v2\/product"}],"about":[{"href":"https:\/\/www.silentblocks.com\/es\/wp-json\/wp\/v2\/types\/product"}],"version-history":[{"count":0,"href":"https:\/\/www.silentblocks.com\/es\/wp-json\/wp\/v2\/product\/111390\/revisions"}],"wp:featuredmedia":[{"embeddable":true,"href":"https:\/\/www.silentblocks.com\/es\/wp-json\/wp\/v2\/media\/88807"}],"wp:attachment":[{"href":"https:\/\/www.silentblocks.com\/es\/wp-json\/wp\/v2\/media?parent=111390"}],"wp:term":[{"taxonomy":"product_brand","embeddable":true,"href":"https:\/\/www.silentblocks.com\/es\/wp-json\/wp\/v2\/product_brand?post=111390"},{"taxonomy":"product_cat","embeddable":true,"href":"https:\/\/www.silentblocks.com\/es\/wp-json\/wp\/v2\/product_cat?post=111390"},{"taxonomy":"product_tag","embeddable":true,"href":"https:\/\/www.silentblocks.com\/es\/wp-json\/wp\/v2\/product_tag?post=111390"}],"curies":[{"name":"wp","href":"https:\/\/api.w.org\/{rel}","templated":true}]}}