{"id":111456,"date":"2025-12-19T17:05:43","date_gmt":"2025-12-19T17:05:43","guid":{"rendered":"https:\/\/www.silentblocks.com\/product\/silent-blocks-para-soporte-diferencial-trasero-bmw-serie-5-serie-6-serie-7\/"},"modified":"2026-02-17T22:33:40","modified_gmt":"2026-02-17T22:33:40","slug":"silent-blocks-para-soporte-diferencial-trasero-bmw-serie-5-serie-6-serie-7","status":"publish","type":"product","link":"https:\/\/www.silentblocks.com\/es\/producto\/silent-blocks-para-soporte-diferencial-trasero-bmw-serie-5-serie-6-serie-7\/","title":{"rendered":"Silent blocks para soporte diferencial trasero, BMW Serie 5, Serie 6, Serie 7"},"content":{"rendered":"<p>Silentblocks para el soporte del diferencial trasero, de poliuretano, compatibles con los siguientes veh\u00edculos:<br \/>\nBMW Serie 5 VI (2009-2017) F07 GT RWD \/ xDrive<br \/>\nBMW Serie 5 VI (2009-2017) F10 Berlina RWD \/ xDrive<br \/>\nBMW Serie 5 VI (2009-2017) F11 Touring RWD \/ xDrive<br \/>\nBMW Serie 6 III (2011-2018) F06 \/ F12 \/ F13 RWD \/ xDrive<br \/>\nBMW Serie 7 V (2008-2015) F01 \/ F02 RWD \/ xDrive<br \/>\nRolls-Royce Dawn RR6 (2015-2023)<br \/>\nRolls-Royce Ghost RR4 (2009-2020)<br \/>\nRolls-Royce Wraith RR5 (2013-)<\/p>\n<p>Dureza: 80Sha<\/p>\n<p>Referencias del fabricante (c\u00f3digo OEM) s\u00f3lo a t\u00edtulo informativo :<br \/>\n33316792873, 33316792872, 33316797238<\/p>\n<p>Piezas nuevas, se vende con factura. Todos nuestros productos tienen 2 a\u00f1os de garant\u00eda.<\/p>\n","protected":false},"excerpt":{"rendered":"<p>Silentblocks para el soporte del diferencial trasero, de poliuretano, compatibles con los siguientes veh\u00edculos: BMW Serie 5 VI (2009-2017) F07 GT RWD \/ xDrive BMW Serie 5 VI (2009-2017) F10 Berlina RWD \/ xDrive BMW Serie 5 VI (2009-2017) F11 Touring RWD \/ xDrive BMW Serie 6 III (2011-2018) F06 \/ F12 \/ F13 RWD [&hellip;]<\/p>\n","protected":false},"featured_media":111440,"template":"","meta":[],"product_brand":[],"product_cat":[932,4126,4127,4128,4327,4325],"product_tag":[],"class_list":{"0":"post-111456","1":"product","2":"type-product","3":"status-publish","4":"has-post-thumbnail","6":"product_cat-bmw","7":"product_cat-serie-5-f10-2010-2016","8":"product_cat-serie-5-f11-2009-2017","9":"product_cat-serie-6-f06-f12-f13","10":"product_cat-serie-7-f01-02-03-04-2008-2015-es","11":"product_cat-serie-7-f01-02-03-04-2008-2015","13":"first","14":"instock","15":"shipping-taxable","16":"purchasable","17":"product-type-simple"},"yoast_head":"<!-- This site is optimized with the Yoast SEO Premium plugin v23.0 (Yoast SEO v27.4) - https:\/\/yoast.com\/product\/yoast-seo-premium-wordpress\/ -->\n<title>Silent blocks para soporte diferencial trasero, BMW Serie 5, Serie 6, Serie 7 - SILENT BLOCKS<\/title>\n<meta name=\"description\" content=\"Silentblocks de poliuretano para soporte de diferencial trasero, para BMW Serie 5, Serie 6, Serie 7, compatibles con oem 33316792873, 33316792872, 33316797238\" \/>\n<meta name=\"robots\" content=\"index, follow, max-snippet:-1, max-image-preview:large, max-video-preview:-1\" \/>\n<link rel=\"canonical\" href=\"https:\/\/www.silentblocks.com\/es\/producto\/silent-blocks-para-soporte-diferencial-trasero-bmw-serie-5-serie-6-serie-7\/\" \/>\n<meta property=\"og:locale\" content=\"es_ES\" \/>\n<meta property=\"og:type\" content=\"article\" \/>\n<meta property=\"og:title\" content=\"Silent blocks para soporte diferencial trasero, BMW Serie 5, Serie 6, Serie 7\" \/>\n<meta property=\"og:description\" content=\"Silentblocks de poliuretano para soporte de diferencial trasero, para BMW Serie 5, Serie 6, Serie 7, compatibles con oem 33316792873, 33316792872, 33316797238\" \/>\n<meta property=\"og:url\" content=\"https:\/\/www.silentblocks.com\/es\/producto\/silent-blocks-para-soporte-diferencial-trasero-bmw-serie-5-serie-6-serie-7\/\" \/>\n<meta property=\"og:site_name\" content=\"SILENT BLOCKS\" \/>\n<meta property=\"article:modified_time\" content=\"2026-02-17T22:33:40+00:00\" \/>\n<meta property=\"og:image\" content=\"https:\/\/www.silentblocks.com\/wp-content\/uploads\/2026\/02\/silentbloc-support-differentiel-BMW-serie-5-F10.jpg\" \/>\n\t<meta property=\"og:image:width\" content=\"1024\" \/>\n\t<meta property=\"og:image:height\" content=\"1024\" \/>\n\t<meta property=\"og:image:type\" content=\"image\/jpeg\" \/>\n<meta name=\"twitter:card\" content=\"summary_large_image\" \/>\n<script type=\"application\/ld+json\" class=\"yoast-schema-graph\">{\"@context\":\"https:\\\/\\\/schema.org\",\"@graph\":[{\"@type\":\"WebPage\",\"@id\":\"https:\\\/\\\/www.silentblocks.com\\\/es\\\/producto\\\/silent-blocks-para-soporte-diferencial-trasero-bmw-serie-5-serie-6-serie-7\\\/\",\"url\":\"https:\\\/\\\/www.silentblocks.com\\\/es\\\/producto\\\/silent-blocks-para-soporte-diferencial-trasero-bmw-serie-5-serie-6-serie-7\\\/\",\"name\":\"Silent blocks para soporte diferencial trasero, BMW Serie 5, Serie 6, Serie 7 - SILENT BLOCKS\",\"isPartOf\":{\"@id\":\"https:\\\/\\\/www.silentblocks.com\\\/es\\\/#website\"},\"primaryImageOfPage\":{\"@id\":\"https:\\\/\\\/www.silentblocks.com\\\/es\\\/producto\\\/silent-blocks-para-soporte-diferencial-trasero-bmw-serie-5-serie-6-serie-7\\\/#primaryimage\"},\"image\":{\"@id\":\"https:\\\/\\\/www.silentblocks.com\\\/es\\\/producto\\\/silent-blocks-para-soporte-diferencial-trasero-bmw-serie-5-serie-6-serie-7\\\/#primaryimage\"},\"thumbnailUrl\":\"https:\\\/\\\/www.silentblocks.com\\\/wp-content\\\/uploads\\\/2026\\\/02\\\/silentbloc-support-differentiel-BMW-serie-5-F10.jpg\",\"datePublished\":\"2025-12-19T17:05:43+00:00\",\"dateModified\":\"2026-02-17T22:33:40+00:00\",\"description\":\"Silentblocks de poliuretano para soporte de diferencial trasero, para BMW Serie 5, Serie 6, Serie 7, compatibles con oem 33316792873, 33316792872, 33316797238\",\"breadcrumb\":{\"@id\":\"https:\\\/\\\/www.silentblocks.com\\\/es\\\/producto\\\/silent-blocks-para-soporte-diferencial-trasero-bmw-serie-5-serie-6-serie-7\\\/#breadcrumb\"},\"inLanguage\":\"es\",\"potentialAction\":[{\"@type\":\"ReadAction\",\"target\":[\"https:\\\/\\\/www.silentblocks.com\\\/es\\\/producto\\\/silent-blocks-para-soporte-diferencial-trasero-bmw-serie-5-serie-6-serie-7\\\/\"]}]},{\"@type\":\"ImageObject\",\"inLanguage\":\"es\",\"@id\":\"https:\\\/\\\/www.silentblocks.com\\\/es\\\/producto\\\/silent-blocks-para-soporte-diferencial-trasero-bmw-serie-5-serie-6-serie-7\\\/#primaryimage\",\"url\":\"https:\\\/\\\/www.silentblocks.com\\\/wp-content\\\/uploads\\\/2026\\\/02\\\/silentbloc-support-differentiel-BMW-serie-5-F10.jpg\",\"contentUrl\":\"https:\\\/\\\/www.silentblocks.com\\\/wp-content\\\/uploads\\\/2026\\\/02\\\/silentbloc-support-differentiel-BMW-serie-5-F10.jpg\",\"width\":1024,\"height\":1024},{\"@type\":\"BreadcrumbList\",\"@id\":\"https:\\\/\\\/www.silentblocks.com\\\/es\\\/producto\\\/silent-blocks-para-soporte-diferencial-trasero-bmw-serie-5-serie-6-serie-7\\\/#breadcrumb\",\"itemListElement\":[{\"@type\":\"ListItem\",\"position\":1,\"name\":\"In\u00edcio\",\"item\":\"https:\\\/\\\/www.silentblocks.com\\\/es\\\/\"},{\"@type\":\"ListItem\",\"position\":2,\"name\":\"Page boutique\",\"item\":\"https:\\\/\\\/www.silentblocks.com\\\/es\\\/shop-2\\\/\"},{\"@type\":\"ListItem\",\"position\":3,\"name\":\"Silent blocks para soporte diferencial trasero, BMW Serie 5, Serie 6, Serie 7\"}]},{\"@type\":\"WebSite\",\"@id\":\"https:\\\/\\\/www.silentblocks.com\\\/es\\\/#website\",\"url\":\"https:\\\/\\\/www.silentblocks.com\\\/es\\\/\",\"name\":\"SILENTBLOCKS\",\"description\":\"Secure on the road\",\"publisher\":{\"@id\":\"https:\\\/\\\/www.silentblocks.com\\\/es\\\/#organization\"},\"potentialAction\":[{\"@type\":\"SearchAction\",\"target\":{\"@type\":\"EntryPoint\",\"urlTemplate\":\"https:\\\/\\\/www.silentblocks.com\\\/es\\\/?s={search_term_string}\"},\"query-input\":{\"@type\":\"PropertyValueSpecification\",\"valueRequired\":true,\"valueName\":\"search_term_string\"}}],\"inLanguage\":\"es\"},{\"@type\":\"Organization\",\"@id\":\"https:\\\/\\\/www.silentblocks.com\\\/es\\\/#organization\",\"name\":\"SILENTBLOCKS\",\"url\":\"https:\\\/\\\/www.silentblocks.com\\\/es\\\/\",\"logo\":{\"@type\":\"ImageObject\",\"inLanguage\":\"es\",\"@id\":\"https:\\\/\\\/www.silentblocks.com\\\/es\\\/#\\\/schema\\\/logo\\\/image\\\/\",\"url\":\"https:\\\/\\\/www.silentblocks.com\\\/wp-content\\\/uploads\\\/2023\\\/07\\\/logo211-sem-fundo_2012-PARA-BOUTIQUE-EBAY.png\",\"contentUrl\":\"https:\\\/\\\/www.silentblocks.com\\\/wp-content\\\/uploads\\\/2023\\\/07\\\/logo211-sem-fundo_2012-PARA-BOUTIQUE-EBAY.png\",\"width\":300,\"height\":190,\"caption\":\"SILENTBLOCKS\"},\"image\":{\"@id\":\"https:\\\/\\\/www.silentblocks.com\\\/es\\\/#\\\/schema\\\/logo\\\/image\\\/\"}}]}<\/script>\n<!-- \/ Yoast SEO Premium plugin. -->","yoast_head_json":{"title":"Silent blocks para soporte diferencial trasero, BMW Serie 5, Serie 6, Serie 7 - SILENT BLOCKS","description":"Silentblocks de poliuretano para soporte de diferencial trasero, para BMW Serie 5, Serie 6, Serie 7, compatibles con oem 33316792873, 33316792872, 33316797238","robots":{"index":"index","follow":"follow","max-snippet":"max-snippet:-1","max-image-preview":"max-image-preview:large","max-video-preview":"max-video-preview:-1"},"canonical":"https:\/\/www.silentblocks.com\/es\/producto\/silent-blocks-para-soporte-diferencial-trasero-bmw-serie-5-serie-6-serie-7\/","og_locale":"es_ES","og_type":"article","og_title":"Silent blocks para soporte diferencial trasero, BMW Serie 5, Serie 6, Serie 7","og_description":"Silentblocks de poliuretano para soporte de diferencial trasero, para BMW Serie 5, Serie 6, Serie 7, compatibles con oem 33316792873, 33316792872, 33316797238","og_url":"https:\/\/www.silentblocks.com\/es\/producto\/silent-blocks-para-soporte-diferencial-trasero-bmw-serie-5-serie-6-serie-7\/","og_site_name":"SILENT BLOCKS","article_modified_time":"2026-02-17T22:33:40+00:00","og_image":[{"width":1024,"height":1024,"url":"https:\/\/www.silentblocks.com\/wp-content\/uploads\/2026\/02\/silentbloc-support-differentiel-BMW-serie-5-F10.jpg","type":"image\/jpeg"}],"twitter_card":"summary_large_image","schema":{"@context":"https:\/\/schema.org","@graph":[{"@type":"WebPage","@id":"https:\/\/www.silentblocks.com\/es\/producto\/silent-blocks-para-soporte-diferencial-trasero-bmw-serie-5-serie-6-serie-7\/","url":"https:\/\/www.silentblocks.com\/es\/producto\/silent-blocks-para-soporte-diferencial-trasero-bmw-serie-5-serie-6-serie-7\/","name":"Silent blocks para soporte diferencial trasero, BMW Serie 5, Serie 6, Serie 7 - SILENT BLOCKS","isPartOf":{"@id":"https:\/\/www.silentblocks.com\/es\/#website"},"primaryImageOfPage":{"@id":"https:\/\/www.silentblocks.com\/es\/producto\/silent-blocks-para-soporte-diferencial-trasero-bmw-serie-5-serie-6-serie-7\/#primaryimage"},"image":{"@id":"https:\/\/www.silentblocks.com\/es\/producto\/silent-blocks-para-soporte-diferencial-trasero-bmw-serie-5-serie-6-serie-7\/#primaryimage"},"thumbnailUrl":"https:\/\/www.silentblocks.com\/wp-content\/uploads\/2026\/02\/silentbloc-support-differentiel-BMW-serie-5-F10.jpg","datePublished":"2025-12-19T17:05:43+00:00","dateModified":"2026-02-17T22:33:40+00:00","description":"Silentblocks de poliuretano para soporte de diferencial trasero, para BMW Serie 5, Serie 6, Serie 7, compatibles con oem 33316792873, 33316792872, 33316797238","breadcrumb":{"@id":"https:\/\/www.silentblocks.com\/es\/producto\/silent-blocks-para-soporte-diferencial-trasero-bmw-serie-5-serie-6-serie-7\/#breadcrumb"},"inLanguage":"es","potentialAction":[{"@type":"ReadAction","target":["https:\/\/www.silentblocks.com\/es\/producto\/silent-blocks-para-soporte-diferencial-trasero-bmw-serie-5-serie-6-serie-7\/"]}]},{"@type":"ImageObject","inLanguage":"es","@id":"https:\/\/www.silentblocks.com\/es\/producto\/silent-blocks-para-soporte-diferencial-trasero-bmw-serie-5-serie-6-serie-7\/#primaryimage","url":"https:\/\/www.silentblocks.com\/wp-content\/uploads\/2026\/02\/silentbloc-support-differentiel-BMW-serie-5-F10.jpg","contentUrl":"https:\/\/www.silentblocks.com\/wp-content\/uploads\/2026\/02\/silentbloc-support-differentiel-BMW-serie-5-F10.jpg","width":1024,"height":1024},{"@type":"BreadcrumbList","@id":"https:\/\/www.silentblocks.com\/es\/producto\/silent-blocks-para-soporte-diferencial-trasero-bmw-serie-5-serie-6-serie-7\/#breadcrumb","itemListElement":[{"@type":"ListItem","position":1,"name":"In\u00edcio","item":"https:\/\/www.silentblocks.com\/es\/"},{"@type":"ListItem","position":2,"name":"Page boutique","item":"https:\/\/www.silentblocks.com\/es\/shop-2\/"},{"@type":"ListItem","position":3,"name":"Silent blocks para soporte diferencial trasero, BMW Serie 5, Serie 6, Serie 7"}]},{"@type":"WebSite","@id":"https:\/\/www.silentblocks.com\/es\/#website","url":"https:\/\/www.silentblocks.com\/es\/","name":"SILENTBLOCKS","description":"Secure on the road","publisher":{"@id":"https:\/\/www.silentblocks.com\/es\/#organization"},"potentialAction":[{"@type":"SearchAction","target":{"@type":"EntryPoint","urlTemplate":"https:\/\/www.silentblocks.com\/es\/?s={search_term_string}"},"query-input":{"@type":"PropertyValueSpecification","valueRequired":true,"valueName":"search_term_string"}}],"inLanguage":"es"},{"@type":"Organization","@id":"https:\/\/www.silentblocks.com\/es\/#organization","name":"SILENTBLOCKS","url":"https:\/\/www.silentblocks.com\/es\/","logo":{"@type":"ImageObject","inLanguage":"es","@id":"https:\/\/www.silentblocks.com\/es\/#\/schema\/logo\/image\/","url":"https:\/\/www.silentblocks.com\/wp-content\/uploads\/2023\/07\/logo211-sem-fundo_2012-PARA-BOUTIQUE-EBAY.png","contentUrl":"https:\/\/www.silentblocks.com\/wp-content\/uploads\/2023\/07\/logo211-sem-fundo_2012-PARA-BOUTIQUE-EBAY.png","width":300,"height":190,"caption":"SILENTBLOCKS"},"image":{"@id":"https:\/\/www.silentblocks.com\/es\/#\/schema\/logo\/image\/"}}]}},"_links":{"self":[{"href":"https:\/\/www.silentblocks.com\/es\/wp-json\/wp\/v2\/product\/111456","targetHints":{"allow":["GET"]}}],"collection":[{"href":"https:\/\/www.silentblocks.com\/es\/wp-json\/wp\/v2\/product"}],"about":[{"href":"https:\/\/www.silentblocks.com\/es\/wp-json\/wp\/v2\/types\/product"}],"version-history":[{"count":0,"href":"https:\/\/www.silentblocks.com\/es\/wp-json\/wp\/v2\/product\/111456\/revisions"}],"wp:featuredmedia":[{"embeddable":true,"href":"https:\/\/www.silentblocks.com\/es\/wp-json\/wp\/v2\/media\/111440"}],"wp:attachment":[{"href":"https:\/\/www.silentblocks.com\/es\/wp-json\/wp\/v2\/media?parent=111456"}],"wp:term":[{"taxonomy":"product_brand","embeddable":true,"href":"https:\/\/www.silentblocks.com\/es\/wp-json\/wp\/v2\/product_brand?post=111456"},{"taxonomy":"product_cat","embeddable":true,"href":"https:\/\/www.silentblocks.com\/es\/wp-json\/wp\/v2\/product_cat?post=111456"},{"taxonomy":"product_tag","embeddable":true,"href":"https:\/\/www.silentblocks.com\/es\/wp-json\/wp\/v2\/product_tag?post=111456"}],"curies":[{"name":"wp","href":"https:\/\/api.w.org\/{rel}","templated":true}]}}