{"id":111683,"date":"2025-12-26T10:42:15","date_gmt":"2025-12-26T10:42:15","guid":{"rendered":"https:\/\/www.silentblocks.com\/product\/kit-suspension-delantera-audi-a4-a6-seat-exeo-skoda-superb-vw-passat-b5\/"},"modified":"2026-02-17T22:34:03","modified_gmt":"2026-02-17T22:34:03","slug":"kit-suspension-delantera-audi-a4-a6-seat-exeo-skoda-superb-vw-passat-b5","status":"publish","type":"product","link":"https:\/\/www.silentblocks.com\/es\/producto\/kit-suspension-delantera-audi-a4-a6-seat-exeo-skoda-superb-vw-passat-b5\/","title":{"rendered":"Kit suspensi\u00f3n delantera, Audi A4\/A6, Seat Exeo, Skoda Superb, VW Passat B5"},"content":{"rendered":"<p>Kit de 16 silentblocks de poliuretano para la suspensi\u00f3n delantera, compatible con los siguientes veh\u00edculos:<br \/>\nAudi A4 B5 (1995-2001) FWD \/ Quattro \/ S4 \/ RS4<br \/>\nAudi A4 B6 (2001-2005) FWD \/ Quattro \/ S4<br \/>\nAudi A4 B7 (2005-2008) FWD \/ Quattro \/ S4 \/ RS4<br \/>\nAudi A6 C5 (1997-2004) FWD \/ Quattro y Allroad \/ S6 \/ RS6<br \/>\nSeat Exeo (2008-2013)<br \/>\nSkoda Superb I (2002-2008)<br \/>\nVW Passat B5 (1997-2005) FWD \/ 4Motion<\/p>\n<p>Dureza: 80\/90Sha<br \/>\nDi\u00e1metros disponibles de la barra estabilizadora: \u00d825, 27, 29, 31mm<\/p>\n<p>Referencias del fabricante (c\u00f3digo OEM) s\u00f3lo a t\u00edtulo informativo :<br \/>\n4D0407182E, 4D0407182G, 8E0407182A, 4B0 407 515, 4D0 407 515 C<\/p>\n<p>Piezas nuevas, se vende con factura. Todos nuestros productos tienen 2 a\u00f1os de garant\u00eda.<\/p>\n","protected":false},"excerpt":{"rendered":"<p>Kit de 16 silentblocks de poliuretano para la suspensi\u00f3n delantera, compatible con los siguientes veh\u00edculos: Audi A4 B5 (1995-2001) FWD \/ Quattro \/ S4 \/ RS4 Audi A4 B6 (2001-2005) FWD \/ Quattro \/ S4 Audi A4 B7 (2005-2008) FWD \/ Quattro \/ S4 \/ RS4 Audi A6 C5 (1997-2004) FWD \/ Quattro y Allroad [&hellip;]<\/p>\n","protected":false},"featured_media":111667,"template":"","meta":[],"product_brand":[],"product_cat":[2130,2333,2337,4401,2343,2232,4410,2235,3555,2256,3813],"product_tag":[],"class_list":{"0":"post-111683","1":"product","2":"type-product","3":"status-publish","4":"has-post-thumbnail","6":"product_cat-audi-es","7":"product_cat-a4-1995-2001-es","8":"product_cat-a4-2001-2007-es","9":"product_cat-a4-b7-avant-2004-2008-es","10":"product_cat-a6-c5-es","11":"product_cat-seat-es","12":"product_cat-exeo-2008-es","13":"product_cat-skoda-es","14":"product_cat-superb-es","15":"product_cat-vw-es","16":"product_cat-passat-es","18":"first","19":"instock","20":"shipping-taxable","21":"purchasable","22":"product-type-simple"},"yoast_head":"<!-- This site is optimized with the Yoast SEO Premium plugin v23.0 (Yoast SEO v27.4) - https:\/\/yoast.com\/product\/yoast-seo-premium-wordpress\/ -->\n<title>Kit suspensi\u00f3n delantera, Audi A4\/A6, Seat Exeo, Skoda Superb, VW Passat B5 - SILENT BLOCKS<\/title>\n<meta name=\"description\" content=\"Kit de suspensi\u00f3n delantera de poliuretano para Audi A4 B5\/B6\/B7, A6 C5, Seat Exeo, Skoda Superb, VW Passat B5, compatible con oem 4D0407182E, 4D0407182G, 8E0407182A\" \/>\n<meta name=\"robots\" content=\"index, follow, max-snippet:-1, max-image-preview:large, max-video-preview:-1\" \/>\n<link rel=\"canonical\" href=\"https:\/\/www.silentblocks.com\/es\/producto\/kit-suspension-delantera-audi-a4-a6-seat-exeo-skoda-superb-vw-passat-b5\/\" \/>\n<meta property=\"og:locale\" content=\"es_ES\" \/>\n<meta property=\"og:type\" content=\"article\" \/>\n<meta property=\"og:title\" content=\"Kit suspensi\u00f3n delantera, Audi A4\/A6, Seat Exeo, Skoda Superb, VW Passat B5\" \/>\n<meta property=\"og:description\" content=\"Kit de suspensi\u00f3n delantera de poliuretano para Audi A4 B5\/B6\/B7, A6 C5, Seat Exeo, Skoda Superb, VW Passat B5, compatible con oem 4D0407182E, 4D0407182G, 8E0407182A\" \/>\n<meta property=\"og:url\" content=\"https:\/\/www.silentblocks.com\/es\/producto\/kit-suspension-delantera-audi-a4-a6-seat-exeo-skoda-superb-vw-passat-b5\/\" \/>\n<meta property=\"og:site_name\" content=\"SILENT BLOCKS\" \/>\n<meta property=\"article:modified_time\" content=\"2026-02-17T22:34:03+00:00\" \/>\n<meta property=\"og:image\" content=\"https:\/\/www.silentblocks.com\/wp-content\/uploads\/2026\/02\/kit-suspension-avant-Audi-A6-C5-RS6.jpg\" \/>\n\t<meta property=\"og:image:width\" content=\"1500\" \/>\n\t<meta property=\"og:image:height\" content=\"1500\" \/>\n\t<meta property=\"og:image:type\" content=\"image\/jpeg\" \/>\n<meta name=\"twitter:card\" content=\"summary_large_image\" \/>\n<meta name=\"twitter:label1\" content=\"Tiempo de lectura\" \/>\n\t<meta name=\"twitter:data1\" content=\"1 minuto\" \/>\n<script type=\"application\/ld+json\" class=\"yoast-schema-graph\">{\"@context\":\"https:\\\/\\\/schema.org\",\"@graph\":[{\"@type\":\"WebPage\",\"@id\":\"https:\\\/\\\/www.silentblocks.com\\\/es\\\/producto\\\/kit-suspension-delantera-audi-a4-a6-seat-exeo-skoda-superb-vw-passat-b5\\\/\",\"url\":\"https:\\\/\\\/www.silentblocks.com\\\/es\\\/producto\\\/kit-suspension-delantera-audi-a4-a6-seat-exeo-skoda-superb-vw-passat-b5\\\/\",\"name\":\"Kit suspensi\u00f3n delantera, Audi A4\\\/A6, Seat Exeo, Skoda Superb, VW Passat B5 - SILENT BLOCKS\",\"isPartOf\":{\"@id\":\"https:\\\/\\\/www.silentblocks.com\\\/es\\\/#website\"},\"primaryImageOfPage\":{\"@id\":\"https:\\\/\\\/www.silentblocks.com\\\/es\\\/producto\\\/kit-suspension-delantera-audi-a4-a6-seat-exeo-skoda-superb-vw-passat-b5\\\/#primaryimage\"},\"image\":{\"@id\":\"https:\\\/\\\/www.silentblocks.com\\\/es\\\/producto\\\/kit-suspension-delantera-audi-a4-a6-seat-exeo-skoda-superb-vw-passat-b5\\\/#primaryimage\"},\"thumbnailUrl\":\"https:\\\/\\\/www.silentblocks.com\\\/wp-content\\\/uploads\\\/2026\\\/02\\\/kit-suspension-avant-Audi-A6-C5-RS6.jpg\",\"datePublished\":\"2025-12-26T10:42:15+00:00\",\"dateModified\":\"2026-02-17T22:34:03+00:00\",\"description\":\"Kit de suspensi\u00f3n delantera de poliuretano para Audi A4 B5\\\/B6\\\/B7, A6 C5, Seat Exeo, Skoda Superb, VW Passat B5, compatible con oem 4D0407182E, 4D0407182G, 8E0407182A\",\"breadcrumb\":{\"@id\":\"https:\\\/\\\/www.silentblocks.com\\\/es\\\/producto\\\/kit-suspension-delantera-audi-a4-a6-seat-exeo-skoda-superb-vw-passat-b5\\\/#breadcrumb\"},\"inLanguage\":\"es\",\"potentialAction\":[{\"@type\":\"ReadAction\",\"target\":[\"https:\\\/\\\/www.silentblocks.com\\\/es\\\/producto\\\/kit-suspension-delantera-audi-a4-a6-seat-exeo-skoda-superb-vw-passat-b5\\\/\"]}]},{\"@type\":\"ImageObject\",\"inLanguage\":\"es\",\"@id\":\"https:\\\/\\\/www.silentblocks.com\\\/es\\\/producto\\\/kit-suspension-delantera-audi-a4-a6-seat-exeo-skoda-superb-vw-passat-b5\\\/#primaryimage\",\"url\":\"https:\\\/\\\/www.silentblocks.com\\\/wp-content\\\/uploads\\\/2026\\\/02\\\/kit-suspension-avant-Audi-A6-C5-RS6.jpg\",\"contentUrl\":\"https:\\\/\\\/www.silentblocks.com\\\/wp-content\\\/uploads\\\/2026\\\/02\\\/kit-suspension-avant-Audi-A6-C5-RS6.jpg\",\"width\":1500,\"height\":1500},{\"@type\":\"BreadcrumbList\",\"@id\":\"https:\\\/\\\/www.silentblocks.com\\\/es\\\/producto\\\/kit-suspension-delantera-audi-a4-a6-seat-exeo-skoda-superb-vw-passat-b5\\\/#breadcrumb\",\"itemListElement\":[{\"@type\":\"ListItem\",\"position\":1,\"name\":\"In\u00edcio\",\"item\":\"https:\\\/\\\/www.silentblocks.com\\\/es\\\/\"},{\"@type\":\"ListItem\",\"position\":2,\"name\":\"Page boutique\",\"item\":\"https:\\\/\\\/www.silentblocks.com\\\/es\\\/shop-2\\\/\"},{\"@type\":\"ListItem\",\"position\":3,\"name\":\"Kit suspensi\u00f3n delantera, Audi A4\\\/A6, Seat Exeo, Skoda Superb, VW Passat B5\"}]},{\"@type\":\"WebSite\",\"@id\":\"https:\\\/\\\/www.silentblocks.com\\\/es\\\/#website\",\"url\":\"https:\\\/\\\/www.silentblocks.com\\\/es\\\/\",\"name\":\"SILENTBLOCKS\",\"description\":\"Secure on the road\",\"publisher\":{\"@id\":\"https:\\\/\\\/www.silentblocks.com\\\/es\\\/#organization\"},\"potentialAction\":[{\"@type\":\"SearchAction\",\"target\":{\"@type\":\"EntryPoint\",\"urlTemplate\":\"https:\\\/\\\/www.silentblocks.com\\\/es\\\/?s={search_term_string}\"},\"query-input\":{\"@type\":\"PropertyValueSpecification\",\"valueRequired\":true,\"valueName\":\"search_term_string\"}}],\"inLanguage\":\"es\"},{\"@type\":\"Organization\",\"@id\":\"https:\\\/\\\/www.silentblocks.com\\\/es\\\/#organization\",\"name\":\"SILENTBLOCKS\",\"url\":\"https:\\\/\\\/www.silentblocks.com\\\/es\\\/\",\"logo\":{\"@type\":\"ImageObject\",\"inLanguage\":\"es\",\"@id\":\"https:\\\/\\\/www.silentblocks.com\\\/es\\\/#\\\/schema\\\/logo\\\/image\\\/\",\"url\":\"https:\\\/\\\/www.silentblocks.com\\\/wp-content\\\/uploads\\\/2023\\\/07\\\/logo211-sem-fundo_2012-PARA-BOUTIQUE-EBAY.png\",\"contentUrl\":\"https:\\\/\\\/www.silentblocks.com\\\/wp-content\\\/uploads\\\/2023\\\/07\\\/logo211-sem-fundo_2012-PARA-BOUTIQUE-EBAY.png\",\"width\":300,\"height\":190,\"caption\":\"SILENTBLOCKS\"},\"image\":{\"@id\":\"https:\\\/\\\/www.silentblocks.com\\\/es\\\/#\\\/schema\\\/logo\\\/image\\\/\"}}]}<\/script>\n<!-- \/ Yoast SEO Premium plugin. -->","yoast_head_json":{"title":"Kit suspensi\u00f3n delantera, Audi A4\/A6, Seat Exeo, Skoda Superb, VW Passat B5 - SILENT BLOCKS","description":"Kit de suspensi\u00f3n delantera de poliuretano para Audi A4 B5\/B6\/B7, A6 C5, Seat Exeo, Skoda Superb, VW Passat B5, compatible con oem 4D0407182E, 4D0407182G, 8E0407182A","robots":{"index":"index","follow":"follow","max-snippet":"max-snippet:-1","max-image-preview":"max-image-preview:large","max-video-preview":"max-video-preview:-1"},"canonical":"https:\/\/www.silentblocks.com\/es\/producto\/kit-suspension-delantera-audi-a4-a6-seat-exeo-skoda-superb-vw-passat-b5\/","og_locale":"es_ES","og_type":"article","og_title":"Kit suspensi\u00f3n delantera, Audi A4\/A6, Seat Exeo, Skoda Superb, VW Passat B5","og_description":"Kit de suspensi\u00f3n delantera de poliuretano para Audi A4 B5\/B6\/B7, A6 C5, Seat Exeo, Skoda Superb, VW Passat B5, compatible con oem 4D0407182E, 4D0407182G, 8E0407182A","og_url":"https:\/\/www.silentblocks.com\/es\/producto\/kit-suspension-delantera-audi-a4-a6-seat-exeo-skoda-superb-vw-passat-b5\/","og_site_name":"SILENT BLOCKS","article_modified_time":"2026-02-17T22:34:03+00:00","og_image":[{"width":1500,"height":1500,"url":"https:\/\/www.silentblocks.com\/wp-content\/uploads\/2026\/02\/kit-suspension-avant-Audi-A6-C5-RS6.jpg","type":"image\/jpeg"}],"twitter_card":"summary_large_image","twitter_misc":{"Tiempo de lectura":"1 minuto"},"schema":{"@context":"https:\/\/schema.org","@graph":[{"@type":"WebPage","@id":"https:\/\/www.silentblocks.com\/es\/producto\/kit-suspension-delantera-audi-a4-a6-seat-exeo-skoda-superb-vw-passat-b5\/","url":"https:\/\/www.silentblocks.com\/es\/producto\/kit-suspension-delantera-audi-a4-a6-seat-exeo-skoda-superb-vw-passat-b5\/","name":"Kit suspensi\u00f3n delantera, Audi A4\/A6, Seat Exeo, Skoda Superb, VW Passat B5 - SILENT BLOCKS","isPartOf":{"@id":"https:\/\/www.silentblocks.com\/es\/#website"},"primaryImageOfPage":{"@id":"https:\/\/www.silentblocks.com\/es\/producto\/kit-suspension-delantera-audi-a4-a6-seat-exeo-skoda-superb-vw-passat-b5\/#primaryimage"},"image":{"@id":"https:\/\/www.silentblocks.com\/es\/producto\/kit-suspension-delantera-audi-a4-a6-seat-exeo-skoda-superb-vw-passat-b5\/#primaryimage"},"thumbnailUrl":"https:\/\/www.silentblocks.com\/wp-content\/uploads\/2026\/02\/kit-suspension-avant-Audi-A6-C5-RS6.jpg","datePublished":"2025-12-26T10:42:15+00:00","dateModified":"2026-02-17T22:34:03+00:00","description":"Kit de suspensi\u00f3n delantera de poliuretano para Audi A4 B5\/B6\/B7, A6 C5, Seat Exeo, Skoda Superb, VW Passat B5, compatible con oem 4D0407182E, 4D0407182G, 8E0407182A","breadcrumb":{"@id":"https:\/\/www.silentblocks.com\/es\/producto\/kit-suspension-delantera-audi-a4-a6-seat-exeo-skoda-superb-vw-passat-b5\/#breadcrumb"},"inLanguage":"es","potentialAction":[{"@type":"ReadAction","target":["https:\/\/www.silentblocks.com\/es\/producto\/kit-suspension-delantera-audi-a4-a6-seat-exeo-skoda-superb-vw-passat-b5\/"]}]},{"@type":"ImageObject","inLanguage":"es","@id":"https:\/\/www.silentblocks.com\/es\/producto\/kit-suspension-delantera-audi-a4-a6-seat-exeo-skoda-superb-vw-passat-b5\/#primaryimage","url":"https:\/\/www.silentblocks.com\/wp-content\/uploads\/2026\/02\/kit-suspension-avant-Audi-A6-C5-RS6.jpg","contentUrl":"https:\/\/www.silentblocks.com\/wp-content\/uploads\/2026\/02\/kit-suspension-avant-Audi-A6-C5-RS6.jpg","width":1500,"height":1500},{"@type":"BreadcrumbList","@id":"https:\/\/www.silentblocks.com\/es\/producto\/kit-suspension-delantera-audi-a4-a6-seat-exeo-skoda-superb-vw-passat-b5\/#breadcrumb","itemListElement":[{"@type":"ListItem","position":1,"name":"In\u00edcio","item":"https:\/\/www.silentblocks.com\/es\/"},{"@type":"ListItem","position":2,"name":"Page boutique","item":"https:\/\/www.silentblocks.com\/es\/shop-2\/"},{"@type":"ListItem","position":3,"name":"Kit suspensi\u00f3n delantera, Audi A4\/A6, Seat Exeo, Skoda Superb, VW Passat B5"}]},{"@type":"WebSite","@id":"https:\/\/www.silentblocks.com\/es\/#website","url":"https:\/\/www.silentblocks.com\/es\/","name":"SILENTBLOCKS","description":"Secure on the road","publisher":{"@id":"https:\/\/www.silentblocks.com\/es\/#organization"},"potentialAction":[{"@type":"SearchAction","target":{"@type":"EntryPoint","urlTemplate":"https:\/\/www.silentblocks.com\/es\/?s={search_term_string}"},"query-input":{"@type":"PropertyValueSpecification","valueRequired":true,"valueName":"search_term_string"}}],"inLanguage":"es"},{"@type":"Organization","@id":"https:\/\/www.silentblocks.com\/es\/#organization","name":"SILENTBLOCKS","url":"https:\/\/www.silentblocks.com\/es\/","logo":{"@type":"ImageObject","inLanguage":"es","@id":"https:\/\/www.silentblocks.com\/es\/#\/schema\/logo\/image\/","url":"https:\/\/www.silentblocks.com\/wp-content\/uploads\/2023\/07\/logo211-sem-fundo_2012-PARA-BOUTIQUE-EBAY.png","contentUrl":"https:\/\/www.silentblocks.com\/wp-content\/uploads\/2023\/07\/logo211-sem-fundo_2012-PARA-BOUTIQUE-EBAY.png","width":300,"height":190,"caption":"SILENTBLOCKS"},"image":{"@id":"https:\/\/www.silentblocks.com\/es\/#\/schema\/logo\/image\/"}}]}},"_links":{"self":[{"href":"https:\/\/www.silentblocks.com\/es\/wp-json\/wp\/v2\/product\/111683","targetHints":{"allow":["GET"]}}],"collection":[{"href":"https:\/\/www.silentblocks.com\/es\/wp-json\/wp\/v2\/product"}],"about":[{"href":"https:\/\/www.silentblocks.com\/es\/wp-json\/wp\/v2\/types\/product"}],"version-history":[{"count":0,"href":"https:\/\/www.silentblocks.com\/es\/wp-json\/wp\/v2\/product\/111683\/revisions"}],"wp:featuredmedia":[{"embeddable":true,"href":"https:\/\/www.silentblocks.com\/es\/wp-json\/wp\/v2\/media\/111667"}],"wp:attachment":[{"href":"https:\/\/www.silentblocks.com\/es\/wp-json\/wp\/v2\/media?parent=111683"}],"wp:term":[{"taxonomy":"product_brand","embeddable":true,"href":"https:\/\/www.silentblocks.com\/es\/wp-json\/wp\/v2\/product_brand?post=111683"},{"taxonomy":"product_cat","embeddable":true,"href":"https:\/\/www.silentblocks.com\/es\/wp-json\/wp\/v2\/product_cat?post=111683"},{"taxonomy":"product_tag","embeddable":true,"href":"https:\/\/www.silentblocks.com\/es\/wp-json\/wp\/v2\/product_tag?post=111683"}],"curies":[{"name":"wp","href":"https:\/\/api.w.org\/{rel}","templated":true}]}}