{"id":111752,"date":"2025-12-27T10:54:31","date_gmt":"2025-12-27T10:54:31","guid":{"rendered":"https:\/\/www.silentblocks.com\/product\/silentblocks-para-brazos-delanteros-berlingo-c4-ds4-3008-307-308-5008-partner-rcz\/"},"modified":"2026-02-17T22:34:10","modified_gmt":"2026-02-17T22:34:10","slug":"silentblocks-para-brazos-delanteros-berlingo-c4-ds4-3008-307-308-5008-partner-rcz","status":"publish","type":"product","link":"https:\/\/www.silentblocks.com\/es\/producto\/silentblocks-para-brazos-delanteros-berlingo-c4-ds4-3008-307-308-5008-partner-rcz\/","title":{"rendered":"Silentblocks para brazos delanteros, Berlingo, C4, DS4, 3008, 307, 308, 5008, Partner, RCZ"},"content":{"rendered":"<p>Silentblocks en ambos brazos inferiores de la suspensi\u00f3n delantera, de poliuretano, compatibles con los siguientes veh\u00edculos:<br \/>\nCitro\u00ebn Berlingo II (2008-2018)<br \/>\nCitro\u00ebn C4 I (2004-2010)<br \/>\nCitro\u00ebn C4 Picasso\/Grand Picasso I (2006-2013)<br \/>\nCitro\u00ebn DS4 (2011-2015)<br \/>\nCitro\u00ebn DS5 (2011-2015)<\/p>\n<p>Peugeot 3008 I (2009-2016)<br \/>\nPeugeot 307 (2001-2008)<br \/>\nPeugeot 308 I (2007-2013)<br \/>\nPeugeot 5008 I (2009-2017)<br \/>\nPeugeot Partner II (2008-2018)<br \/>\nPeugeot RCZ (2010-2015)<\/p>\n<p>Dureza: 80Sha<\/p>\n<p>Referencias del fabricante (c\u00f3digo OEM) s\u00f3lo a t\u00edtulo informativo :<br \/>\n3523.77, 3523.92<\/p>\n<p>Piezas nuevas, se vende con factura. Todos nuestros productos tienen 2 a\u00f1os de garant\u00eda.<\/p>\n","protected":false},"excerpt":{"rendered":"<p>Silentblocks en ambos brazos inferiores de la suspensi\u00f3n delantera, de poliuretano, compatibles con los siguientes veh\u00edculos: Citro\u00ebn Berlingo II (2008-2018) Citro\u00ebn C4 I (2004-2010) Citro\u00ebn C4 Picasso\/Grand Picasso I (2006-2013) Citro\u00ebn DS4 (2011-2015) Citro\u00ebn DS5 (2011-2015) Peugeot 3008 I (2009-2016) Peugeot 307 (2001-2008) Peugeot 308 I (2007-2013) Peugeot 5008 I (2009-2017) Peugeot Partner II (2008-2018) [&hellip;]<\/p>\n","protected":false},"featured_media":111733,"template":"","meta":[],"product_brand":[],"product_cat":[939,1045,1048,1750,1751,931,1395,1379,1380,1405,4479,4482],"product_tag":[],"class_list":{"0":"post-111752","1":"product","2":"type-product","3":"status-publish","4":"has-post-thumbnail","6":"product_cat-citroen","7":"product_cat-berlingo","8":"product_cat-c4","9":"product_cat-ds4","10":"product_cat-ds5","11":"product_cat-peugeot","12":"product_cat-3008-i","13":"product_cat-1379","14":"product_cat-308-i","15":"product_cat-partner-ii","16":"product_cat-rcz","17":"product_cat-rcz-es-2","19":"first","20":"instock","21":"shipping-taxable","22":"purchasable","23":"product-type-simple"},"yoast_head":"<!-- This site is optimized with the Yoast SEO Premium plugin v23.0 (Yoast SEO v27.4) - https:\/\/yoast.com\/product\/yoast-seo-premium-wordpress\/ -->\n<title>Silentblocks para brazos delanteros, Berlingo, C4, DS4, 3008, 307, 308, 5008, Partner, RCZ - SILENT BLOCKS<\/title>\n<meta name=\"description\" content=\"Silentblocks de brazos delanteros de poliuretano para Citroen Berlingo, C4, DS4, Peugeot 3008, 307, 308, 5008, Partner, RCZ, compatibles con oem 3523.77, 3523.92\" \/>\n<meta name=\"robots\" content=\"index, follow, max-snippet:-1, max-image-preview:large, max-video-preview:-1\" \/>\n<link rel=\"canonical\" href=\"https:\/\/www.silentblocks.com\/es\/producto\/silentblocks-para-brazos-delanteros-berlingo-c4-ds4-3008-307-308-5008-partner-rcz\/\" \/>\n<meta property=\"og:locale\" content=\"es_ES\" \/>\n<meta property=\"og:type\" content=\"article\" \/>\n<meta property=\"og:title\" content=\"Silentblocks para brazos delanteros, Berlingo, C4, DS4, 3008, 307, 308, 5008, Partner, RCZ\" \/>\n<meta property=\"og:description\" content=\"Silentblocks de brazos delanteros de poliuretano para Citroen Berlingo, C4, DS4, Peugeot 3008, 307, 308, 5008, Partner, RCZ, compatibles con oem 3523.77, 3523.92\" \/>\n<meta property=\"og:url\" content=\"https:\/\/www.silentblocks.com\/es\/producto\/silentblocks-para-brazos-delanteros-berlingo-c4-ds4-3008-307-308-5008-partner-rcz\/\" \/>\n<meta property=\"og:site_name\" content=\"SILENT BLOCKS\" \/>\n<meta property=\"article:modified_time\" content=\"2026-02-17T22:34:10+00:00\" \/>\n<meta property=\"og:image\" content=\"https:\/\/www.silentblocks.com\/wp-content\/uploads\/2026\/02\/silentbloc-bras-avant-peugeot-206-11.jpg\" \/>\n\t<meta property=\"og:image:width\" content=\"1500\" \/>\n\t<meta property=\"og:image:height\" content=\"1500\" \/>\n\t<meta property=\"og:image:type\" content=\"image\/jpeg\" \/>\n<meta name=\"twitter:card\" content=\"summary_large_image\" \/>\n<script type=\"application\/ld+json\" class=\"yoast-schema-graph\">{\"@context\":\"https:\\\/\\\/schema.org\",\"@graph\":[{\"@type\":\"WebPage\",\"@id\":\"https:\\\/\\\/www.silentblocks.com\\\/es\\\/producto\\\/silentblocks-para-brazos-delanteros-berlingo-c4-ds4-3008-307-308-5008-partner-rcz\\\/\",\"url\":\"https:\\\/\\\/www.silentblocks.com\\\/es\\\/producto\\\/silentblocks-para-brazos-delanteros-berlingo-c4-ds4-3008-307-308-5008-partner-rcz\\\/\",\"name\":\"Silentblocks para brazos delanteros, Berlingo, C4, DS4, 3008, 307, 308, 5008, Partner, RCZ - SILENT BLOCKS\",\"isPartOf\":{\"@id\":\"https:\\\/\\\/www.silentblocks.com\\\/es\\\/#website\"},\"primaryImageOfPage\":{\"@id\":\"https:\\\/\\\/www.silentblocks.com\\\/es\\\/producto\\\/silentblocks-para-brazos-delanteros-berlingo-c4-ds4-3008-307-308-5008-partner-rcz\\\/#primaryimage\"},\"image\":{\"@id\":\"https:\\\/\\\/www.silentblocks.com\\\/es\\\/producto\\\/silentblocks-para-brazos-delanteros-berlingo-c4-ds4-3008-307-308-5008-partner-rcz\\\/#primaryimage\"},\"thumbnailUrl\":\"https:\\\/\\\/www.silentblocks.com\\\/wp-content\\\/uploads\\\/2026\\\/02\\\/silentbloc-bras-avant-peugeot-206-11.jpg\",\"datePublished\":\"2025-12-27T10:54:31+00:00\",\"dateModified\":\"2026-02-17T22:34:10+00:00\",\"description\":\"Silentblocks de brazos delanteros de poliuretano para Citroen Berlingo, C4, DS4, Peugeot 3008, 307, 308, 5008, Partner, RCZ, compatibles con oem 3523.77, 3523.92\",\"breadcrumb\":{\"@id\":\"https:\\\/\\\/www.silentblocks.com\\\/es\\\/producto\\\/silentblocks-para-brazos-delanteros-berlingo-c4-ds4-3008-307-308-5008-partner-rcz\\\/#breadcrumb\"},\"inLanguage\":\"es\",\"potentialAction\":[{\"@type\":\"ReadAction\",\"target\":[\"https:\\\/\\\/www.silentblocks.com\\\/es\\\/producto\\\/silentblocks-para-brazos-delanteros-berlingo-c4-ds4-3008-307-308-5008-partner-rcz\\\/\"]}]},{\"@type\":\"ImageObject\",\"inLanguage\":\"es\",\"@id\":\"https:\\\/\\\/www.silentblocks.com\\\/es\\\/producto\\\/silentblocks-para-brazos-delanteros-berlingo-c4-ds4-3008-307-308-5008-partner-rcz\\\/#primaryimage\",\"url\":\"https:\\\/\\\/www.silentblocks.com\\\/wp-content\\\/uploads\\\/2026\\\/02\\\/silentbloc-bras-avant-peugeot-206-11.jpg\",\"contentUrl\":\"https:\\\/\\\/www.silentblocks.com\\\/wp-content\\\/uploads\\\/2026\\\/02\\\/silentbloc-bras-avant-peugeot-206-11.jpg\",\"width\":1500,\"height\":1500},{\"@type\":\"BreadcrumbList\",\"@id\":\"https:\\\/\\\/www.silentblocks.com\\\/es\\\/producto\\\/silentblocks-para-brazos-delanteros-berlingo-c4-ds4-3008-307-308-5008-partner-rcz\\\/#breadcrumb\",\"itemListElement\":[{\"@type\":\"ListItem\",\"position\":1,\"name\":\"In\u00edcio\",\"item\":\"https:\\\/\\\/www.silentblocks.com\\\/es\\\/\"},{\"@type\":\"ListItem\",\"position\":2,\"name\":\"Page boutique\",\"item\":\"https:\\\/\\\/www.silentblocks.com\\\/es\\\/shop-2\\\/\"},{\"@type\":\"ListItem\",\"position\":3,\"name\":\"Silentblocks para brazos delanteros, Berlingo, C4, DS4, 3008, 307, 308, 5008, Partner, RCZ\"}]},{\"@type\":\"WebSite\",\"@id\":\"https:\\\/\\\/www.silentblocks.com\\\/es\\\/#website\",\"url\":\"https:\\\/\\\/www.silentblocks.com\\\/es\\\/\",\"name\":\"SILENTBLOCKS\",\"description\":\"Secure on the road\",\"publisher\":{\"@id\":\"https:\\\/\\\/www.silentblocks.com\\\/es\\\/#organization\"},\"potentialAction\":[{\"@type\":\"SearchAction\",\"target\":{\"@type\":\"EntryPoint\",\"urlTemplate\":\"https:\\\/\\\/www.silentblocks.com\\\/es\\\/?s={search_term_string}\"},\"query-input\":{\"@type\":\"PropertyValueSpecification\",\"valueRequired\":true,\"valueName\":\"search_term_string\"}}],\"inLanguage\":\"es\"},{\"@type\":\"Organization\",\"@id\":\"https:\\\/\\\/www.silentblocks.com\\\/es\\\/#organization\",\"name\":\"SILENTBLOCKS\",\"url\":\"https:\\\/\\\/www.silentblocks.com\\\/es\\\/\",\"logo\":{\"@type\":\"ImageObject\",\"inLanguage\":\"es\",\"@id\":\"https:\\\/\\\/www.silentblocks.com\\\/es\\\/#\\\/schema\\\/logo\\\/image\\\/\",\"url\":\"https:\\\/\\\/www.silentblocks.com\\\/wp-content\\\/uploads\\\/2023\\\/07\\\/logo211-sem-fundo_2012-PARA-BOUTIQUE-EBAY.png\",\"contentUrl\":\"https:\\\/\\\/www.silentblocks.com\\\/wp-content\\\/uploads\\\/2023\\\/07\\\/logo211-sem-fundo_2012-PARA-BOUTIQUE-EBAY.png\",\"width\":300,\"height\":190,\"caption\":\"SILENTBLOCKS\"},\"image\":{\"@id\":\"https:\\\/\\\/www.silentblocks.com\\\/es\\\/#\\\/schema\\\/logo\\\/image\\\/\"}}]}<\/script>\n<!-- \/ Yoast SEO Premium plugin. -->","yoast_head_json":{"title":"Silentblocks para brazos delanteros, Berlingo, C4, DS4, 3008, 307, 308, 5008, Partner, RCZ - SILENT BLOCKS","description":"Silentblocks de brazos delanteros de poliuretano para Citroen Berlingo, C4, DS4, Peugeot 3008, 307, 308, 5008, Partner, RCZ, compatibles con oem 3523.77, 3523.92","robots":{"index":"index","follow":"follow","max-snippet":"max-snippet:-1","max-image-preview":"max-image-preview:large","max-video-preview":"max-video-preview:-1"},"canonical":"https:\/\/www.silentblocks.com\/es\/producto\/silentblocks-para-brazos-delanteros-berlingo-c4-ds4-3008-307-308-5008-partner-rcz\/","og_locale":"es_ES","og_type":"article","og_title":"Silentblocks para brazos delanteros, Berlingo, C4, DS4, 3008, 307, 308, 5008, Partner, RCZ","og_description":"Silentblocks de brazos delanteros de poliuretano para Citroen Berlingo, C4, DS4, Peugeot 3008, 307, 308, 5008, Partner, RCZ, compatibles con oem 3523.77, 3523.92","og_url":"https:\/\/www.silentblocks.com\/es\/producto\/silentblocks-para-brazos-delanteros-berlingo-c4-ds4-3008-307-308-5008-partner-rcz\/","og_site_name":"SILENT BLOCKS","article_modified_time":"2026-02-17T22:34:10+00:00","og_image":[{"width":1500,"height":1500,"url":"https:\/\/www.silentblocks.com\/wp-content\/uploads\/2026\/02\/silentbloc-bras-avant-peugeot-206-11.jpg","type":"image\/jpeg"}],"twitter_card":"summary_large_image","schema":{"@context":"https:\/\/schema.org","@graph":[{"@type":"WebPage","@id":"https:\/\/www.silentblocks.com\/es\/producto\/silentblocks-para-brazos-delanteros-berlingo-c4-ds4-3008-307-308-5008-partner-rcz\/","url":"https:\/\/www.silentblocks.com\/es\/producto\/silentblocks-para-brazos-delanteros-berlingo-c4-ds4-3008-307-308-5008-partner-rcz\/","name":"Silentblocks para brazos delanteros, Berlingo, C4, DS4, 3008, 307, 308, 5008, Partner, RCZ - SILENT BLOCKS","isPartOf":{"@id":"https:\/\/www.silentblocks.com\/es\/#website"},"primaryImageOfPage":{"@id":"https:\/\/www.silentblocks.com\/es\/producto\/silentblocks-para-brazos-delanteros-berlingo-c4-ds4-3008-307-308-5008-partner-rcz\/#primaryimage"},"image":{"@id":"https:\/\/www.silentblocks.com\/es\/producto\/silentblocks-para-brazos-delanteros-berlingo-c4-ds4-3008-307-308-5008-partner-rcz\/#primaryimage"},"thumbnailUrl":"https:\/\/www.silentblocks.com\/wp-content\/uploads\/2026\/02\/silentbloc-bras-avant-peugeot-206-11.jpg","datePublished":"2025-12-27T10:54:31+00:00","dateModified":"2026-02-17T22:34:10+00:00","description":"Silentblocks de brazos delanteros de poliuretano para Citroen Berlingo, C4, DS4, Peugeot 3008, 307, 308, 5008, Partner, RCZ, compatibles con oem 3523.77, 3523.92","breadcrumb":{"@id":"https:\/\/www.silentblocks.com\/es\/producto\/silentblocks-para-brazos-delanteros-berlingo-c4-ds4-3008-307-308-5008-partner-rcz\/#breadcrumb"},"inLanguage":"es","potentialAction":[{"@type":"ReadAction","target":["https:\/\/www.silentblocks.com\/es\/producto\/silentblocks-para-brazos-delanteros-berlingo-c4-ds4-3008-307-308-5008-partner-rcz\/"]}]},{"@type":"ImageObject","inLanguage":"es","@id":"https:\/\/www.silentblocks.com\/es\/producto\/silentblocks-para-brazos-delanteros-berlingo-c4-ds4-3008-307-308-5008-partner-rcz\/#primaryimage","url":"https:\/\/www.silentblocks.com\/wp-content\/uploads\/2026\/02\/silentbloc-bras-avant-peugeot-206-11.jpg","contentUrl":"https:\/\/www.silentblocks.com\/wp-content\/uploads\/2026\/02\/silentbloc-bras-avant-peugeot-206-11.jpg","width":1500,"height":1500},{"@type":"BreadcrumbList","@id":"https:\/\/www.silentblocks.com\/es\/producto\/silentblocks-para-brazos-delanteros-berlingo-c4-ds4-3008-307-308-5008-partner-rcz\/#breadcrumb","itemListElement":[{"@type":"ListItem","position":1,"name":"In\u00edcio","item":"https:\/\/www.silentblocks.com\/es\/"},{"@type":"ListItem","position":2,"name":"Page boutique","item":"https:\/\/www.silentblocks.com\/es\/shop-2\/"},{"@type":"ListItem","position":3,"name":"Silentblocks para brazos delanteros, Berlingo, C4, DS4, 3008, 307, 308, 5008, Partner, RCZ"}]},{"@type":"WebSite","@id":"https:\/\/www.silentblocks.com\/es\/#website","url":"https:\/\/www.silentblocks.com\/es\/","name":"SILENTBLOCKS","description":"Secure on the road","publisher":{"@id":"https:\/\/www.silentblocks.com\/es\/#organization"},"potentialAction":[{"@type":"SearchAction","target":{"@type":"EntryPoint","urlTemplate":"https:\/\/www.silentblocks.com\/es\/?s={search_term_string}"},"query-input":{"@type":"PropertyValueSpecification","valueRequired":true,"valueName":"search_term_string"}}],"inLanguage":"es"},{"@type":"Organization","@id":"https:\/\/www.silentblocks.com\/es\/#organization","name":"SILENTBLOCKS","url":"https:\/\/www.silentblocks.com\/es\/","logo":{"@type":"ImageObject","inLanguage":"es","@id":"https:\/\/www.silentblocks.com\/es\/#\/schema\/logo\/image\/","url":"https:\/\/www.silentblocks.com\/wp-content\/uploads\/2023\/07\/logo211-sem-fundo_2012-PARA-BOUTIQUE-EBAY.png","contentUrl":"https:\/\/www.silentblocks.com\/wp-content\/uploads\/2023\/07\/logo211-sem-fundo_2012-PARA-BOUTIQUE-EBAY.png","width":300,"height":190,"caption":"SILENTBLOCKS"},"image":{"@id":"https:\/\/www.silentblocks.com\/es\/#\/schema\/logo\/image\/"}}]}},"_links":{"self":[{"href":"https:\/\/www.silentblocks.com\/es\/wp-json\/wp\/v2\/product\/111752","targetHints":{"allow":["GET"]}}],"collection":[{"href":"https:\/\/www.silentblocks.com\/es\/wp-json\/wp\/v2\/product"}],"about":[{"href":"https:\/\/www.silentblocks.com\/es\/wp-json\/wp\/v2\/types\/product"}],"version-history":[{"count":0,"href":"https:\/\/www.silentblocks.com\/es\/wp-json\/wp\/v2\/product\/111752\/revisions"}],"wp:featuredmedia":[{"embeddable":true,"href":"https:\/\/www.silentblocks.com\/es\/wp-json\/wp\/v2\/media\/111733"}],"wp:attachment":[{"href":"https:\/\/www.silentblocks.com\/es\/wp-json\/wp\/v2\/media?parent=111752"}],"wp:term":[{"taxonomy":"product_brand","embeddable":true,"href":"https:\/\/www.silentblocks.com\/es\/wp-json\/wp\/v2\/product_brand?post=111752"},{"taxonomy":"product_cat","embeddable":true,"href":"https:\/\/www.silentblocks.com\/es\/wp-json\/wp\/v2\/product_cat?post=111752"},{"taxonomy":"product_tag","embeddable":true,"href":"https:\/\/www.silentblocks.com\/es\/wp-json\/wp\/v2\/product_tag?post=111752"}],"curies":[{"name":"wp","href":"https:\/\/api.w.org\/{rel}","templated":true}]}}