{"id":112136,"date":"2026-01-07T11:10:11","date_gmt":"2026-01-07T11:10:11","guid":{"rendered":"https:\/\/www.silentblocks.com\/product\/kit-suspension-trasera-ghibli-quattroporte\/"},"modified":"2026-02-17T22:34:55","modified_gmt":"2026-02-17T22:34:55","slug":"kit-suspension-trasera-ghibli-quattroporte","status":"publish","type":"product","link":"https:\/\/www.silentblocks.com\/es\/producto\/kit-suspension-trasera-ghibli-quattroporte\/","title":{"rendered":"Kit suspensi\u00f3n trasera, Ghibli, Quattroporte"},"content":{"rendered":"<p>Kit silentblock de suspensi\u00f3n trasera, de poliuretano, compatible con los siguientes veh\u00edculos:<br \/>\nMaserati Ghibli III (2013-24)<br \/>\nMaserati Quattroporte VI (2013-2024)<\/p>\n<p>Incluido en el kit:<br \/>\n4x 160019A: Silenciador del brazo de suspensi\u00f3n trasero (horquilla)<br \/>\n2x 160020A: Silenciador del brazo de suspensi\u00f3n trasero (horquilla)<br \/>\n4x 160021A: Silenciador del brazo de suspensi\u00f3n trasero (horquilla)<br \/>\n2x 160022A: Silentbloc brazo trasero delantero<br \/>\n2x 160023A: Silentblock para biela trasera a soporte de buje<br \/>\n2x 160024A: silentblock brazo inferior trasero<br \/>\n2x 160025A: Parachoques de la barra estabilizadora trasera (\u00d819mm)<\/p>\n<p>Nota: Silentblocks para barra estabilizadora trasera en 19mm, si necesitas otro di\u00e1metro h\u00e1znoslo saber tras el pedido.<\/p>\n<p>Dureza: 90Sha<\/p>\n<p>Referencias del fabricante (c\u00f3digo OEM) s\u00f3lo a t\u00edtulo informativo :<br \/>\n670006802, 670002808, 6700036580, 670214701<\/p>\n<p>Piezas nuevas, se vende con factura. Todos nuestros productos tienen 2 a\u00f1os de garant\u00eda.<\/p>\n","protected":false},"excerpt":{"rendered":"<p>Kit silentblock de suspensi\u00f3n trasera, de poliuretano, compatible con los siguientes veh\u00edculos: Maserati Ghibli III (2013-24) Maserati Quattroporte VI (2013-2024) Incluido en el kit: 4x 160019A: Silenciador del brazo de suspensi\u00f3n trasero (horquilla) 2x 160020A: Silenciador del brazo de suspensi\u00f3n trasero (horquilla) 4x 160021A: Silenciador del brazo de suspensi\u00f3n trasero (horquilla) 2x 160022A: Silentbloc brazo [&hellip;]<\/p>\n","protected":false},"featured_media":112120,"template":"","meta":[],"product_brand":[],"product_cat":[3984,5449,5453],"product_tag":[],"class_list":{"0":"post-112136","1":"product","2":"type-product","3":"status-publish","4":"has-post-thumbnail","6":"product_cat-maserati-es","7":"product_cat-ghibli-m157-2014-2022-es","8":"product_cat-quattroporte-m156-2014-2022-es","10":"first","11":"instock","12":"shipping-taxable","13":"purchasable","14":"product-type-simple"},"yoast_head":"<!-- This site is optimized with the Yoast SEO Premium plugin v23.0 (Yoast SEO v27.4) - https:\/\/yoast.com\/product\/yoast-seo-premium-wordpress\/ -->\n<title>Kit suspensi\u00f3n trasera, Ghibli, Quattroporte - SILENT BLOCKS<\/title>\n<meta name=\"description\" content=\"Kit de suspensi\u00f3n trasera de poliuretano para Maserati Ghibli, Quattroporte, compatible con oem 670006802, 670002808, 6700036580, 670214701\" \/>\n<meta name=\"robots\" content=\"index, follow, max-snippet:-1, max-image-preview:large, max-video-preview:-1\" \/>\n<link rel=\"canonical\" href=\"https:\/\/www.silentblocks.com\/es\/producto\/kit-suspension-trasera-ghibli-quattroporte\/\" \/>\n<meta property=\"og:locale\" content=\"es_ES\" \/>\n<meta property=\"og:type\" content=\"article\" \/>\n<meta property=\"og:title\" content=\"Kit suspensi\u00f3n trasera, Ghibli, Quattroporte\" \/>\n<meta property=\"og:description\" content=\"Kit de suspensi\u00f3n trasera de poliuretano para Maserati Ghibli, Quattroporte, compatible con oem 670006802, 670002808, 6700036580, 670214701\" \/>\n<meta property=\"og:url\" content=\"https:\/\/www.silentblocks.com\/es\/producto\/kit-suspension-trasera-ghibli-quattroporte\/\" \/>\n<meta property=\"og:site_name\" content=\"SILENT BLOCKS\" \/>\n<meta property=\"article:modified_time\" content=\"2026-02-17T22:34:55+00:00\" \/>\n<meta property=\"og:image\" content=\"https:\/\/www.silentblocks.com\/wp-content\/uploads\/2026\/02\/kit-suspension-arriere-Maserati-Ghibli-Quattroporte.jpg\" \/>\n\t<meta property=\"og:image:width\" content=\"1500\" \/>\n\t<meta property=\"og:image:height\" content=\"1500\" \/>\n\t<meta property=\"og:image:type\" content=\"image\/jpeg\" \/>\n<meta name=\"twitter:card\" content=\"summary_large_image\" \/>\n<meta name=\"twitter:label1\" content=\"Tiempo de lectura\" \/>\n\t<meta name=\"twitter:data1\" content=\"1 minuto\" \/>\n<script type=\"application\/ld+json\" class=\"yoast-schema-graph\">{\"@context\":\"https:\\\/\\\/schema.org\",\"@graph\":[{\"@type\":\"WebPage\",\"@id\":\"https:\\\/\\\/www.silentblocks.com\\\/es\\\/producto\\\/kit-suspension-trasera-ghibli-quattroporte\\\/\",\"url\":\"https:\\\/\\\/www.silentblocks.com\\\/es\\\/producto\\\/kit-suspension-trasera-ghibli-quattroporte\\\/\",\"name\":\"Kit suspensi\u00f3n trasera, Ghibli, Quattroporte - SILENT BLOCKS\",\"isPartOf\":{\"@id\":\"https:\\\/\\\/www.silentblocks.com\\\/es\\\/#website\"},\"primaryImageOfPage\":{\"@id\":\"https:\\\/\\\/www.silentblocks.com\\\/es\\\/producto\\\/kit-suspension-trasera-ghibli-quattroporte\\\/#primaryimage\"},\"image\":{\"@id\":\"https:\\\/\\\/www.silentblocks.com\\\/es\\\/producto\\\/kit-suspension-trasera-ghibli-quattroporte\\\/#primaryimage\"},\"thumbnailUrl\":\"https:\\\/\\\/www.silentblocks.com\\\/wp-content\\\/uploads\\\/2026\\\/02\\\/kit-suspension-arriere-Maserati-Ghibli-Quattroporte.jpg\",\"datePublished\":\"2026-01-07T11:10:11+00:00\",\"dateModified\":\"2026-02-17T22:34:55+00:00\",\"description\":\"Kit de suspensi\u00f3n trasera de poliuretano para Maserati Ghibli, Quattroporte, compatible con oem 670006802, 670002808, 6700036580, 670214701\",\"breadcrumb\":{\"@id\":\"https:\\\/\\\/www.silentblocks.com\\\/es\\\/producto\\\/kit-suspension-trasera-ghibli-quattroporte\\\/#breadcrumb\"},\"inLanguage\":\"es\",\"potentialAction\":[{\"@type\":\"ReadAction\",\"target\":[\"https:\\\/\\\/www.silentblocks.com\\\/es\\\/producto\\\/kit-suspension-trasera-ghibli-quattroporte\\\/\"]}]},{\"@type\":\"ImageObject\",\"inLanguage\":\"es\",\"@id\":\"https:\\\/\\\/www.silentblocks.com\\\/es\\\/producto\\\/kit-suspension-trasera-ghibli-quattroporte\\\/#primaryimage\",\"url\":\"https:\\\/\\\/www.silentblocks.com\\\/wp-content\\\/uploads\\\/2026\\\/02\\\/kit-suspension-arriere-Maserati-Ghibli-Quattroporte.jpg\",\"contentUrl\":\"https:\\\/\\\/www.silentblocks.com\\\/wp-content\\\/uploads\\\/2026\\\/02\\\/kit-suspension-arriere-Maserati-Ghibli-Quattroporte.jpg\",\"width\":1500,\"height\":1500},{\"@type\":\"BreadcrumbList\",\"@id\":\"https:\\\/\\\/www.silentblocks.com\\\/es\\\/producto\\\/kit-suspension-trasera-ghibli-quattroporte\\\/#breadcrumb\",\"itemListElement\":[{\"@type\":\"ListItem\",\"position\":1,\"name\":\"In\u00edcio\",\"item\":\"https:\\\/\\\/www.silentblocks.com\\\/es\\\/\"},{\"@type\":\"ListItem\",\"position\":2,\"name\":\"Page boutique\",\"item\":\"https:\\\/\\\/www.silentblocks.com\\\/es\\\/shop-2\\\/\"},{\"@type\":\"ListItem\",\"position\":3,\"name\":\"Kit suspensi\u00f3n trasera, Ghibli, Quattroporte\"}]},{\"@type\":\"WebSite\",\"@id\":\"https:\\\/\\\/www.silentblocks.com\\\/es\\\/#website\",\"url\":\"https:\\\/\\\/www.silentblocks.com\\\/es\\\/\",\"name\":\"SILENTBLOCKS\",\"description\":\"Secure on the road\",\"publisher\":{\"@id\":\"https:\\\/\\\/www.silentblocks.com\\\/es\\\/#organization\"},\"potentialAction\":[{\"@type\":\"SearchAction\",\"target\":{\"@type\":\"EntryPoint\",\"urlTemplate\":\"https:\\\/\\\/www.silentblocks.com\\\/es\\\/?s={search_term_string}\"},\"query-input\":{\"@type\":\"PropertyValueSpecification\",\"valueRequired\":true,\"valueName\":\"search_term_string\"}}],\"inLanguage\":\"es\"},{\"@type\":\"Organization\",\"@id\":\"https:\\\/\\\/www.silentblocks.com\\\/es\\\/#organization\",\"name\":\"SILENTBLOCKS\",\"url\":\"https:\\\/\\\/www.silentblocks.com\\\/es\\\/\",\"logo\":{\"@type\":\"ImageObject\",\"inLanguage\":\"es\",\"@id\":\"https:\\\/\\\/www.silentblocks.com\\\/es\\\/#\\\/schema\\\/logo\\\/image\\\/\",\"url\":\"https:\\\/\\\/www.silentblocks.com\\\/wp-content\\\/uploads\\\/2023\\\/07\\\/logo211-sem-fundo_2012-PARA-BOUTIQUE-EBAY.png\",\"contentUrl\":\"https:\\\/\\\/www.silentblocks.com\\\/wp-content\\\/uploads\\\/2023\\\/07\\\/logo211-sem-fundo_2012-PARA-BOUTIQUE-EBAY.png\",\"width\":300,\"height\":190,\"caption\":\"SILENTBLOCKS\"},\"image\":{\"@id\":\"https:\\\/\\\/www.silentblocks.com\\\/es\\\/#\\\/schema\\\/logo\\\/image\\\/\"}}]}<\/script>\n<!-- \/ Yoast SEO Premium plugin. -->","yoast_head_json":{"title":"Kit suspensi\u00f3n trasera, Ghibli, Quattroporte - SILENT BLOCKS","description":"Kit de suspensi\u00f3n trasera de poliuretano para Maserati Ghibli, Quattroporte, compatible con oem 670006802, 670002808, 6700036580, 670214701","robots":{"index":"index","follow":"follow","max-snippet":"max-snippet:-1","max-image-preview":"max-image-preview:large","max-video-preview":"max-video-preview:-1"},"canonical":"https:\/\/www.silentblocks.com\/es\/producto\/kit-suspension-trasera-ghibli-quattroporte\/","og_locale":"es_ES","og_type":"article","og_title":"Kit suspensi\u00f3n trasera, Ghibli, Quattroporte","og_description":"Kit de suspensi\u00f3n trasera de poliuretano para Maserati Ghibli, Quattroporte, compatible con oem 670006802, 670002808, 6700036580, 670214701","og_url":"https:\/\/www.silentblocks.com\/es\/producto\/kit-suspension-trasera-ghibli-quattroporte\/","og_site_name":"SILENT BLOCKS","article_modified_time":"2026-02-17T22:34:55+00:00","og_image":[{"width":1500,"height":1500,"url":"https:\/\/www.silentblocks.com\/wp-content\/uploads\/2026\/02\/kit-suspension-arriere-Maserati-Ghibli-Quattroporte.jpg","type":"image\/jpeg"}],"twitter_card":"summary_large_image","twitter_misc":{"Tiempo de lectura":"1 minuto"},"schema":{"@context":"https:\/\/schema.org","@graph":[{"@type":"WebPage","@id":"https:\/\/www.silentblocks.com\/es\/producto\/kit-suspension-trasera-ghibli-quattroporte\/","url":"https:\/\/www.silentblocks.com\/es\/producto\/kit-suspension-trasera-ghibli-quattroporte\/","name":"Kit suspensi\u00f3n trasera, Ghibli, Quattroporte - SILENT BLOCKS","isPartOf":{"@id":"https:\/\/www.silentblocks.com\/es\/#website"},"primaryImageOfPage":{"@id":"https:\/\/www.silentblocks.com\/es\/producto\/kit-suspension-trasera-ghibli-quattroporte\/#primaryimage"},"image":{"@id":"https:\/\/www.silentblocks.com\/es\/producto\/kit-suspension-trasera-ghibli-quattroporte\/#primaryimage"},"thumbnailUrl":"https:\/\/www.silentblocks.com\/wp-content\/uploads\/2026\/02\/kit-suspension-arriere-Maserati-Ghibli-Quattroporte.jpg","datePublished":"2026-01-07T11:10:11+00:00","dateModified":"2026-02-17T22:34:55+00:00","description":"Kit de suspensi\u00f3n trasera de poliuretano para Maserati Ghibli, Quattroporte, compatible con oem 670006802, 670002808, 6700036580, 670214701","breadcrumb":{"@id":"https:\/\/www.silentblocks.com\/es\/producto\/kit-suspension-trasera-ghibli-quattroporte\/#breadcrumb"},"inLanguage":"es","potentialAction":[{"@type":"ReadAction","target":["https:\/\/www.silentblocks.com\/es\/producto\/kit-suspension-trasera-ghibli-quattroporte\/"]}]},{"@type":"ImageObject","inLanguage":"es","@id":"https:\/\/www.silentblocks.com\/es\/producto\/kit-suspension-trasera-ghibli-quattroporte\/#primaryimage","url":"https:\/\/www.silentblocks.com\/wp-content\/uploads\/2026\/02\/kit-suspension-arriere-Maserati-Ghibli-Quattroporte.jpg","contentUrl":"https:\/\/www.silentblocks.com\/wp-content\/uploads\/2026\/02\/kit-suspension-arriere-Maserati-Ghibli-Quattroporte.jpg","width":1500,"height":1500},{"@type":"BreadcrumbList","@id":"https:\/\/www.silentblocks.com\/es\/producto\/kit-suspension-trasera-ghibli-quattroporte\/#breadcrumb","itemListElement":[{"@type":"ListItem","position":1,"name":"In\u00edcio","item":"https:\/\/www.silentblocks.com\/es\/"},{"@type":"ListItem","position":2,"name":"Page boutique","item":"https:\/\/www.silentblocks.com\/es\/shop-2\/"},{"@type":"ListItem","position":3,"name":"Kit suspensi\u00f3n trasera, Ghibli, Quattroporte"}]},{"@type":"WebSite","@id":"https:\/\/www.silentblocks.com\/es\/#website","url":"https:\/\/www.silentblocks.com\/es\/","name":"SILENTBLOCKS","description":"Secure on the road","publisher":{"@id":"https:\/\/www.silentblocks.com\/es\/#organization"},"potentialAction":[{"@type":"SearchAction","target":{"@type":"EntryPoint","urlTemplate":"https:\/\/www.silentblocks.com\/es\/?s={search_term_string}"},"query-input":{"@type":"PropertyValueSpecification","valueRequired":true,"valueName":"search_term_string"}}],"inLanguage":"es"},{"@type":"Organization","@id":"https:\/\/www.silentblocks.com\/es\/#organization","name":"SILENTBLOCKS","url":"https:\/\/www.silentblocks.com\/es\/","logo":{"@type":"ImageObject","inLanguage":"es","@id":"https:\/\/www.silentblocks.com\/es\/#\/schema\/logo\/image\/","url":"https:\/\/www.silentblocks.com\/wp-content\/uploads\/2023\/07\/logo211-sem-fundo_2012-PARA-BOUTIQUE-EBAY.png","contentUrl":"https:\/\/www.silentblocks.com\/wp-content\/uploads\/2023\/07\/logo211-sem-fundo_2012-PARA-BOUTIQUE-EBAY.png","width":300,"height":190,"caption":"SILENTBLOCKS"},"image":{"@id":"https:\/\/www.silentblocks.com\/es\/#\/schema\/logo\/image\/"}}]}},"_links":{"self":[{"href":"https:\/\/www.silentblocks.com\/es\/wp-json\/wp\/v2\/product\/112136","targetHints":{"allow":["GET"]}}],"collection":[{"href":"https:\/\/www.silentblocks.com\/es\/wp-json\/wp\/v2\/product"}],"about":[{"href":"https:\/\/www.silentblocks.com\/es\/wp-json\/wp\/v2\/types\/product"}],"version-history":[{"count":0,"href":"https:\/\/www.silentblocks.com\/es\/wp-json\/wp\/v2\/product\/112136\/revisions"}],"wp:featuredmedia":[{"embeddable":true,"href":"https:\/\/www.silentblocks.com\/es\/wp-json\/wp\/v2\/media\/112120"}],"wp:attachment":[{"href":"https:\/\/www.silentblocks.com\/es\/wp-json\/wp\/v2\/media?parent=112136"}],"wp:term":[{"taxonomy":"product_brand","embeddable":true,"href":"https:\/\/www.silentblocks.com\/es\/wp-json\/wp\/v2\/product_brand?post=112136"},{"taxonomy":"product_cat","embeddable":true,"href":"https:\/\/www.silentblocks.com\/es\/wp-json\/wp\/v2\/product_cat?post=112136"},{"taxonomy":"product_tag","embeddable":true,"href":"https:\/\/www.silentblocks.com\/es\/wp-json\/wp\/v2\/product_tag?post=112136"}],"curies":[{"name":"wp","href":"https:\/\/api.w.org\/{rel}","templated":true}]}}