{"id":112357,"date":"2026-01-13T18:48:30","date_gmt":"2026-01-13T18:48:30","guid":{"rendered":"https:\/\/www.silentblocks.com\/product\/bujes-de-la-barra-estabilizadora-delantera-ghibli-iii-quattroporte-vi\/"},"modified":"2026-02-17T22:35:19","modified_gmt":"2026-02-17T22:35:19","slug":"bujes-de-la-barra-estabilizadora-delantera-ghibli-iii-quattroporte-vi","status":"publish","type":"product","link":"https:\/\/www.silentblocks.com\/es\/producto\/bujes-de-la-barra-estabilizadora-delantera-ghibli-iii-quattroporte-vi\/","title":{"rendered":"Bujes de la barra estabilizadora delantera, Ghibli III, Quattroporte VI"},"content":{"rendered":"<p>Casquillos de la barra estabilizadora delantera, de poliuretano, compatibles con los siguientes veh\u00edculos:<br \/>\nMaserati Ghibli III (2013-2024)<br \/>\nMaserati Quattroporte VI (2013-2024)<\/p>\n<p>Di\u00e1metro disponible: \u00d833mm<\/p>\n<p>Dureza: 90Sha<\/p>\n<p>Referencias del fabricante (c\u00f3digo OEM) s\u00f3lo a t\u00edtulo informativo :<br \/>\n670006599<\/p>\n<p>Piezas nuevas, se vende con factura. Todos nuestros productos tienen 2 a\u00f1os de garant\u00eda.<\/p>\n","protected":false},"excerpt":{"rendered":"<p>Casquillos de la barra estabilizadora delantera, de poliuretano, compatibles con los siguientes veh\u00edculos: Maserati Ghibli III (2013-2024) Maserati Quattroporte VI (2013-2024) Di\u00e1metro disponible: \u00d833mm Dureza: 90Sha Referencias del fabricante (c\u00f3digo OEM) s\u00f3lo a t\u00edtulo informativo : 670006599 Piezas nuevas, se vende con factura. Todos nuestros productos tienen 2 a\u00f1os de garant\u00eda.<\/p>\n","protected":false},"featured_media":65714,"template":"","meta":[],"product_brand":[],"product_cat":[3981,5449,5446,5445],"product_tag":[],"class_list":{"0":"post-112357","1":"product","2":"type-product","3":"status-publish","4":"has-post-thumbnail","6":"product_cat-maserati","7":"product_cat-ghibli-m157-2014-2022-es","8":"product_cat-ghibli-m157-2014-2022","9":"product_cat-quattroporte-m156-2014-2022","11":"first","12":"instock","13":"shipping-taxable","14":"purchasable","15":"product-type-simple"},"yoast_head":"<!-- This site is optimized with the Yoast SEO Premium plugin v23.0 (Yoast SEO v27.4) - https:\/\/yoast.com\/product\/yoast-seo-premium-wordpress\/ -->\n<title>Bujes de la barra estabilizadora delantera, Ghibli III, Quattroporte VI - SILENT BLOCKS<\/title>\n<meta name=\"description\" content=\"Bujes de la barra estabilizadora delantera para Maserati Ghibli III, Quattroporte VI, compatibles con oem 670006599\" \/>\n<meta name=\"robots\" content=\"index, follow, max-snippet:-1, max-image-preview:large, max-video-preview:-1\" \/>\n<link rel=\"canonical\" href=\"https:\/\/www.silentblocks.com\/es\/producto\/bujes-de-la-barra-estabilizadora-delantera-ghibli-iii-quattroporte-vi\/\" \/>\n<meta property=\"og:locale\" content=\"es_ES\" \/>\n<meta property=\"og:type\" content=\"article\" \/>\n<meta property=\"og:title\" content=\"Bujes de la barra estabilizadora delantera, Ghibli III, Quattroporte VI\" \/>\n<meta property=\"og:description\" content=\"Bujes de la barra estabilizadora delantera para Maserati Ghibli III, Quattroporte VI, compatibles con oem 670006599\" \/>\n<meta property=\"og:url\" content=\"https:\/\/www.silentblocks.com\/es\/producto\/bujes-de-la-barra-estabilizadora-delantera-ghibli-iii-quattroporte-vi\/\" \/>\n<meta property=\"og:site_name\" content=\"SILENT BLOCKS\" \/>\n<meta property=\"article:modified_time\" content=\"2026-02-17T22:35:19+00:00\" \/>\n<meta property=\"og:image\" content=\"https:\/\/www.silentblocks.com\/wp-content\/uploads\/2026\/02\/silentbloc-barre-stabilisatrice-avant-Ghibli.jpg\" \/>\n\t<meta property=\"og:image:width\" content=\"1500\" \/>\n\t<meta property=\"og:image:height\" content=\"1500\" \/>\n\t<meta property=\"og:image:type\" content=\"image\/jpeg\" \/>\n<meta name=\"twitter:card\" content=\"summary_large_image\" \/>\n<script type=\"application\/ld+json\" class=\"yoast-schema-graph\">{\"@context\":\"https:\\\/\\\/schema.org\",\"@graph\":[{\"@type\":\"WebPage\",\"@id\":\"https:\\\/\\\/www.silentblocks.com\\\/es\\\/producto\\\/bujes-de-la-barra-estabilizadora-delantera-ghibli-iii-quattroporte-vi\\\/\",\"url\":\"https:\\\/\\\/www.silentblocks.com\\\/es\\\/producto\\\/bujes-de-la-barra-estabilizadora-delantera-ghibli-iii-quattroporte-vi\\\/\",\"name\":\"Bujes de la barra estabilizadora delantera, Ghibli III, Quattroporte VI - SILENT BLOCKS\",\"isPartOf\":{\"@id\":\"https:\\\/\\\/www.silentblocks.com\\\/es\\\/#website\"},\"primaryImageOfPage\":{\"@id\":\"https:\\\/\\\/www.silentblocks.com\\\/es\\\/producto\\\/bujes-de-la-barra-estabilizadora-delantera-ghibli-iii-quattroporte-vi\\\/#primaryimage\"},\"image\":{\"@id\":\"https:\\\/\\\/www.silentblocks.com\\\/es\\\/producto\\\/bujes-de-la-barra-estabilizadora-delantera-ghibli-iii-quattroporte-vi\\\/#primaryimage\"},\"thumbnailUrl\":\"https:\\\/\\\/www.silentblocks.com\\\/wp-content\\\/uploads\\\/2026\\\/02\\\/silentbloc-barre-stabilisatrice-avant-Ghibli.jpg\",\"datePublished\":\"2026-01-13T18:48:30+00:00\",\"dateModified\":\"2026-02-17T22:35:19+00:00\",\"description\":\"Bujes de la barra estabilizadora delantera para Maserati Ghibli III, Quattroporte VI, compatibles con oem 670006599\",\"breadcrumb\":{\"@id\":\"https:\\\/\\\/www.silentblocks.com\\\/es\\\/producto\\\/bujes-de-la-barra-estabilizadora-delantera-ghibli-iii-quattroporte-vi\\\/#breadcrumb\"},\"inLanguage\":\"es\",\"potentialAction\":[{\"@type\":\"ReadAction\",\"target\":[\"https:\\\/\\\/www.silentblocks.com\\\/es\\\/producto\\\/bujes-de-la-barra-estabilizadora-delantera-ghibli-iii-quattroporte-vi\\\/\"]}]},{\"@type\":\"ImageObject\",\"inLanguage\":\"es\",\"@id\":\"https:\\\/\\\/www.silentblocks.com\\\/es\\\/producto\\\/bujes-de-la-barra-estabilizadora-delantera-ghibli-iii-quattroporte-vi\\\/#primaryimage\",\"url\":\"https:\\\/\\\/www.silentblocks.com\\\/wp-content\\\/uploads\\\/2026\\\/02\\\/silentbloc-barre-stabilisatrice-avant-Ghibli.jpg\",\"contentUrl\":\"https:\\\/\\\/www.silentblocks.com\\\/wp-content\\\/uploads\\\/2026\\\/02\\\/silentbloc-barre-stabilisatrice-avant-Ghibli.jpg\",\"width\":1500,\"height\":1500},{\"@type\":\"BreadcrumbList\",\"@id\":\"https:\\\/\\\/www.silentblocks.com\\\/es\\\/producto\\\/bujes-de-la-barra-estabilizadora-delantera-ghibli-iii-quattroporte-vi\\\/#breadcrumb\",\"itemListElement\":[{\"@type\":\"ListItem\",\"position\":1,\"name\":\"In\u00edcio\",\"item\":\"https:\\\/\\\/www.silentblocks.com\\\/es\\\/\"},{\"@type\":\"ListItem\",\"position\":2,\"name\":\"Page boutique\",\"item\":\"https:\\\/\\\/www.silentblocks.com\\\/es\\\/shop-2\\\/\"},{\"@type\":\"ListItem\",\"position\":3,\"name\":\"Bujes de la barra estabilizadora delantera, Ghibli III, Quattroporte VI\"}]},{\"@type\":\"WebSite\",\"@id\":\"https:\\\/\\\/www.silentblocks.com\\\/es\\\/#website\",\"url\":\"https:\\\/\\\/www.silentblocks.com\\\/es\\\/\",\"name\":\"SILENTBLOCKS\",\"description\":\"Secure on the road\",\"publisher\":{\"@id\":\"https:\\\/\\\/www.silentblocks.com\\\/es\\\/#organization\"},\"potentialAction\":[{\"@type\":\"SearchAction\",\"target\":{\"@type\":\"EntryPoint\",\"urlTemplate\":\"https:\\\/\\\/www.silentblocks.com\\\/es\\\/?s={search_term_string}\"},\"query-input\":{\"@type\":\"PropertyValueSpecification\",\"valueRequired\":true,\"valueName\":\"search_term_string\"}}],\"inLanguage\":\"es\"},{\"@type\":\"Organization\",\"@id\":\"https:\\\/\\\/www.silentblocks.com\\\/es\\\/#organization\",\"name\":\"SILENTBLOCKS\",\"url\":\"https:\\\/\\\/www.silentblocks.com\\\/es\\\/\",\"logo\":{\"@type\":\"ImageObject\",\"inLanguage\":\"es\",\"@id\":\"https:\\\/\\\/www.silentblocks.com\\\/es\\\/#\\\/schema\\\/logo\\\/image\\\/\",\"url\":\"https:\\\/\\\/www.silentblocks.com\\\/wp-content\\\/uploads\\\/2023\\\/07\\\/logo211-sem-fundo_2012-PARA-BOUTIQUE-EBAY.png\",\"contentUrl\":\"https:\\\/\\\/www.silentblocks.com\\\/wp-content\\\/uploads\\\/2023\\\/07\\\/logo211-sem-fundo_2012-PARA-BOUTIQUE-EBAY.png\",\"width\":300,\"height\":190,\"caption\":\"SILENTBLOCKS\"},\"image\":{\"@id\":\"https:\\\/\\\/www.silentblocks.com\\\/es\\\/#\\\/schema\\\/logo\\\/image\\\/\"}}]}<\/script>\n<!-- \/ Yoast SEO Premium plugin. -->","yoast_head_json":{"title":"Bujes de la barra estabilizadora delantera, Ghibli III, Quattroporte VI - SILENT BLOCKS","description":"Bujes de la barra estabilizadora delantera para Maserati Ghibli III, Quattroporte VI, compatibles con oem 670006599","robots":{"index":"index","follow":"follow","max-snippet":"max-snippet:-1","max-image-preview":"max-image-preview:large","max-video-preview":"max-video-preview:-1"},"canonical":"https:\/\/www.silentblocks.com\/es\/producto\/bujes-de-la-barra-estabilizadora-delantera-ghibli-iii-quattroporte-vi\/","og_locale":"es_ES","og_type":"article","og_title":"Bujes de la barra estabilizadora delantera, Ghibli III, Quattroporte VI","og_description":"Bujes de la barra estabilizadora delantera para Maserati Ghibli III, Quattroporte VI, compatibles con oem 670006599","og_url":"https:\/\/www.silentblocks.com\/es\/producto\/bujes-de-la-barra-estabilizadora-delantera-ghibli-iii-quattroporte-vi\/","og_site_name":"SILENT BLOCKS","article_modified_time":"2026-02-17T22:35:19+00:00","og_image":[{"width":1500,"height":1500,"url":"https:\/\/www.silentblocks.com\/wp-content\/uploads\/2026\/02\/silentbloc-barre-stabilisatrice-avant-Ghibli.jpg","type":"image\/jpeg"}],"twitter_card":"summary_large_image","schema":{"@context":"https:\/\/schema.org","@graph":[{"@type":"WebPage","@id":"https:\/\/www.silentblocks.com\/es\/producto\/bujes-de-la-barra-estabilizadora-delantera-ghibli-iii-quattroporte-vi\/","url":"https:\/\/www.silentblocks.com\/es\/producto\/bujes-de-la-barra-estabilizadora-delantera-ghibli-iii-quattroporte-vi\/","name":"Bujes de la barra estabilizadora delantera, Ghibli III, Quattroporte VI - SILENT BLOCKS","isPartOf":{"@id":"https:\/\/www.silentblocks.com\/es\/#website"},"primaryImageOfPage":{"@id":"https:\/\/www.silentblocks.com\/es\/producto\/bujes-de-la-barra-estabilizadora-delantera-ghibli-iii-quattroporte-vi\/#primaryimage"},"image":{"@id":"https:\/\/www.silentblocks.com\/es\/producto\/bujes-de-la-barra-estabilizadora-delantera-ghibli-iii-quattroporte-vi\/#primaryimage"},"thumbnailUrl":"https:\/\/www.silentblocks.com\/wp-content\/uploads\/2026\/02\/silentbloc-barre-stabilisatrice-avant-Ghibli.jpg","datePublished":"2026-01-13T18:48:30+00:00","dateModified":"2026-02-17T22:35:19+00:00","description":"Bujes de la barra estabilizadora delantera para Maserati Ghibli III, Quattroporte VI, compatibles con oem 670006599","breadcrumb":{"@id":"https:\/\/www.silentblocks.com\/es\/producto\/bujes-de-la-barra-estabilizadora-delantera-ghibli-iii-quattroporte-vi\/#breadcrumb"},"inLanguage":"es","potentialAction":[{"@type":"ReadAction","target":["https:\/\/www.silentblocks.com\/es\/producto\/bujes-de-la-barra-estabilizadora-delantera-ghibli-iii-quattroporte-vi\/"]}]},{"@type":"ImageObject","inLanguage":"es","@id":"https:\/\/www.silentblocks.com\/es\/producto\/bujes-de-la-barra-estabilizadora-delantera-ghibli-iii-quattroporte-vi\/#primaryimage","url":"https:\/\/www.silentblocks.com\/wp-content\/uploads\/2026\/02\/silentbloc-barre-stabilisatrice-avant-Ghibli.jpg","contentUrl":"https:\/\/www.silentblocks.com\/wp-content\/uploads\/2026\/02\/silentbloc-barre-stabilisatrice-avant-Ghibli.jpg","width":1500,"height":1500},{"@type":"BreadcrumbList","@id":"https:\/\/www.silentblocks.com\/es\/producto\/bujes-de-la-barra-estabilizadora-delantera-ghibli-iii-quattroporte-vi\/#breadcrumb","itemListElement":[{"@type":"ListItem","position":1,"name":"In\u00edcio","item":"https:\/\/www.silentblocks.com\/es\/"},{"@type":"ListItem","position":2,"name":"Page boutique","item":"https:\/\/www.silentblocks.com\/es\/shop-2\/"},{"@type":"ListItem","position":3,"name":"Bujes de la barra estabilizadora delantera, Ghibli III, Quattroporte VI"}]},{"@type":"WebSite","@id":"https:\/\/www.silentblocks.com\/es\/#website","url":"https:\/\/www.silentblocks.com\/es\/","name":"SILENTBLOCKS","description":"Secure on the road","publisher":{"@id":"https:\/\/www.silentblocks.com\/es\/#organization"},"potentialAction":[{"@type":"SearchAction","target":{"@type":"EntryPoint","urlTemplate":"https:\/\/www.silentblocks.com\/es\/?s={search_term_string}"},"query-input":{"@type":"PropertyValueSpecification","valueRequired":true,"valueName":"search_term_string"}}],"inLanguage":"es"},{"@type":"Organization","@id":"https:\/\/www.silentblocks.com\/es\/#organization","name":"SILENTBLOCKS","url":"https:\/\/www.silentblocks.com\/es\/","logo":{"@type":"ImageObject","inLanguage":"es","@id":"https:\/\/www.silentblocks.com\/es\/#\/schema\/logo\/image\/","url":"https:\/\/www.silentblocks.com\/wp-content\/uploads\/2023\/07\/logo211-sem-fundo_2012-PARA-BOUTIQUE-EBAY.png","contentUrl":"https:\/\/www.silentblocks.com\/wp-content\/uploads\/2023\/07\/logo211-sem-fundo_2012-PARA-BOUTIQUE-EBAY.png","width":300,"height":190,"caption":"SILENTBLOCKS"},"image":{"@id":"https:\/\/www.silentblocks.com\/es\/#\/schema\/logo\/image\/"}}]}},"_links":{"self":[{"href":"https:\/\/www.silentblocks.com\/es\/wp-json\/wp\/v2\/product\/112357","targetHints":{"allow":["GET"]}}],"collection":[{"href":"https:\/\/www.silentblocks.com\/es\/wp-json\/wp\/v2\/product"}],"about":[{"href":"https:\/\/www.silentblocks.com\/es\/wp-json\/wp\/v2\/types\/product"}],"version-history":[{"count":0,"href":"https:\/\/www.silentblocks.com\/es\/wp-json\/wp\/v2\/product\/112357\/revisions"}],"wp:featuredmedia":[{"embeddable":true,"href":"https:\/\/www.silentblocks.com\/es\/wp-json\/wp\/v2\/media\/65714"}],"wp:attachment":[{"href":"https:\/\/www.silentblocks.com\/es\/wp-json\/wp\/v2\/media?parent=112357"}],"wp:term":[{"taxonomy":"product_brand","embeddable":true,"href":"https:\/\/www.silentblocks.com\/es\/wp-json\/wp\/v2\/product_brand?post=112357"},{"taxonomy":"product_cat","embeddable":true,"href":"https:\/\/www.silentblocks.com\/es\/wp-json\/wp\/v2\/product_cat?post=112357"},{"taxonomy":"product_tag","embeddable":true,"href":"https:\/\/www.silentblocks.com\/es\/wp-json\/wp\/v2\/product_tag?post=112357"}],"curies":[{"name":"wp","href":"https:\/\/api.w.org\/{rel}","templated":true}]}}