{"id":112803,"date":"2026-01-23T21:16:54","date_gmt":"2026-01-23T21:16:54","guid":{"rendered":"https:\/\/www.silentblocks.com\/product\/silent-blocks-para-soporte-diferencial-trasero-bmw-serie-7-e65-e66\/"},"modified":"2026-02-17T22:36:12","modified_gmt":"2026-02-17T22:36:12","slug":"silent-blocks-para-soporte-diferencial-trasero-bmw-serie-7-e65-e66","status":"publish","type":"product","link":"https:\/\/www.silentblocks.com\/es\/producto\/silent-blocks-para-soporte-diferencial-trasero-bmw-serie-7-e65-e66\/","title":{"rendered":"Silent blocks para soporte diferencial trasero, BMW Serie 7 E65\/E66"},"content":{"rendered":"<p>Silentblocks para el soporte del diferencial trasero, de poliuretano, compatibles con los siguientes veh\u00edculos:<br \/>\nBMW 7 IV (2001-2008) E65\/E66<\/p>\n<p>Dureza: 80Sha<\/p>\n<p>Referencias del fabricante (c\u00f3digo OEM) s\u00f3lo a t\u00edtulo informativo :<br \/>\n33176770456, 33176770825, 33306786972, 33176767525, 33176770457, 33176770947<\/p>\n<p>Piezas nuevas, se vende con factura. Todos nuestros productos tienen 2 a\u00f1os de garant\u00eda.<\/p>\n","protected":false},"excerpt":{"rendered":"<p>Silentblocks para el soporte del diferencial trasero, de poliuretano, compatibles con los siguientes veh\u00edculos: BMW 7 IV (2001-2008) E65\/E66 Dureza: 80Sha Referencias del fabricante (c\u00f3digo OEM) s\u00f3lo a t\u00edtulo informativo : 33176770456, 33176770825, 33306786972, 33176767525, 33176770457, 33176770947 Piezas nuevas, se vende con factura. Todos nuestros productos tienen 2 a\u00f1os de garant\u00eda.<\/p>\n","protected":false},"featured_media":66114,"template":"","meta":[],"product_brand":[],"product_cat":[932,1015,1921],"product_tag":[],"class_list":{"0":"post-112803","1":"product","2":"type-product","3":"status-publish","4":"has-post-thumbnail","6":"product_cat-bmw","7":"product_cat-serie-7-e65-e66-2001-2008","8":"product_cat-serie-7-e65-e66-2001-2008-es","10":"first","11":"instock","12":"shipping-taxable","13":"purchasable","14":"product-type-simple"},"yoast_head":"<!-- This site is optimized with the Yoast SEO Premium plugin v23.0 (Yoast SEO v27.4) - https:\/\/yoast.com\/product\/yoast-seo-premium-wordpress\/ -->\n<title>Silent blocks para soporte diferencial trasero, BMW Serie 7 E65\/E66 - SILENT BLOCKS<\/title>\n<meta name=\"description\" content=\"Silentblocks para soporte diferencial trasero para BMW Serie 7 E65\/E66, compatible oem 33176770456, 33176770825, 33306786972, 33176767525\" \/>\n<meta name=\"robots\" content=\"index, follow, max-snippet:-1, max-image-preview:large, max-video-preview:-1\" \/>\n<link rel=\"canonical\" href=\"https:\/\/www.silentblocks.com\/es\/producto\/silent-blocks-para-soporte-diferencial-trasero-bmw-serie-7-e65-e66\/\" \/>\n<meta property=\"og:locale\" content=\"es_ES\" \/>\n<meta property=\"og:type\" content=\"article\" \/>\n<meta property=\"og:title\" content=\"Silent blocks para soporte diferencial trasero, BMW Serie 7 E65\/E66\" \/>\n<meta property=\"og:description\" content=\"Silentblocks para soporte diferencial trasero para BMW Serie 7 E65\/E66, compatible oem 33176770456, 33176770825, 33306786972, 33176767525\" \/>\n<meta property=\"og:url\" content=\"https:\/\/www.silentblocks.com\/es\/producto\/silent-blocks-para-soporte-diferencial-trasero-bmw-serie-7-e65-e66\/\" \/>\n<meta property=\"og:site_name\" content=\"SILENT BLOCKS\" \/>\n<meta property=\"article:modified_time\" content=\"2026-02-17T22:36:12+00:00\" \/>\n<meta property=\"og:image\" content=\"https:\/\/www.silentblocks.com\/wp-content\/uploads\/2026\/02\/silentbloc-support-differentiel-BMW-Serie-7-E65-1.jpg\" \/>\n\t<meta property=\"og:image:width\" content=\"1500\" \/>\n\t<meta property=\"og:image:height\" content=\"1500\" \/>\n\t<meta property=\"og:image:type\" content=\"image\/jpeg\" \/>\n<meta name=\"twitter:card\" content=\"summary_large_image\" \/>\n<script type=\"application\/ld+json\" class=\"yoast-schema-graph\">{\"@context\":\"https:\\\/\\\/schema.org\",\"@graph\":[{\"@type\":\"WebPage\",\"@id\":\"https:\\\/\\\/www.silentblocks.com\\\/es\\\/producto\\\/silent-blocks-para-soporte-diferencial-trasero-bmw-serie-7-e65-e66\\\/\",\"url\":\"https:\\\/\\\/www.silentblocks.com\\\/es\\\/producto\\\/silent-blocks-para-soporte-diferencial-trasero-bmw-serie-7-e65-e66\\\/\",\"name\":\"Silent blocks para soporte diferencial trasero, BMW Serie 7 E65\\\/E66 - SILENT BLOCKS\",\"isPartOf\":{\"@id\":\"https:\\\/\\\/www.silentblocks.com\\\/es\\\/#website\"},\"primaryImageOfPage\":{\"@id\":\"https:\\\/\\\/www.silentblocks.com\\\/es\\\/producto\\\/silent-blocks-para-soporte-diferencial-trasero-bmw-serie-7-e65-e66\\\/#primaryimage\"},\"image\":{\"@id\":\"https:\\\/\\\/www.silentblocks.com\\\/es\\\/producto\\\/silent-blocks-para-soporte-diferencial-trasero-bmw-serie-7-e65-e66\\\/#primaryimage\"},\"thumbnailUrl\":\"https:\\\/\\\/www.silentblocks.com\\\/wp-content\\\/uploads\\\/2026\\\/02\\\/silentbloc-support-differentiel-BMW-Serie-7-E65-1.jpg\",\"datePublished\":\"2026-01-23T21:16:54+00:00\",\"dateModified\":\"2026-02-17T22:36:12+00:00\",\"description\":\"Silentblocks para soporte diferencial trasero para BMW Serie 7 E65\\\/E66, compatible oem 33176770456, 33176770825, 33306786972, 33176767525\",\"breadcrumb\":{\"@id\":\"https:\\\/\\\/www.silentblocks.com\\\/es\\\/producto\\\/silent-blocks-para-soporte-diferencial-trasero-bmw-serie-7-e65-e66\\\/#breadcrumb\"},\"inLanguage\":\"es\",\"potentialAction\":[{\"@type\":\"ReadAction\",\"target\":[\"https:\\\/\\\/www.silentblocks.com\\\/es\\\/producto\\\/silent-blocks-para-soporte-diferencial-trasero-bmw-serie-7-e65-e66\\\/\"]}]},{\"@type\":\"ImageObject\",\"inLanguage\":\"es\",\"@id\":\"https:\\\/\\\/www.silentblocks.com\\\/es\\\/producto\\\/silent-blocks-para-soporte-diferencial-trasero-bmw-serie-7-e65-e66\\\/#primaryimage\",\"url\":\"https:\\\/\\\/www.silentblocks.com\\\/wp-content\\\/uploads\\\/2026\\\/02\\\/silentbloc-support-differentiel-BMW-Serie-7-E65-1.jpg\",\"contentUrl\":\"https:\\\/\\\/www.silentblocks.com\\\/wp-content\\\/uploads\\\/2026\\\/02\\\/silentbloc-support-differentiel-BMW-Serie-7-E65-1.jpg\",\"width\":1500,\"height\":1500},{\"@type\":\"BreadcrumbList\",\"@id\":\"https:\\\/\\\/www.silentblocks.com\\\/es\\\/producto\\\/silent-blocks-para-soporte-diferencial-trasero-bmw-serie-7-e65-e66\\\/#breadcrumb\",\"itemListElement\":[{\"@type\":\"ListItem\",\"position\":1,\"name\":\"In\u00edcio\",\"item\":\"https:\\\/\\\/www.silentblocks.com\\\/es\\\/\"},{\"@type\":\"ListItem\",\"position\":2,\"name\":\"Page boutique\",\"item\":\"https:\\\/\\\/www.silentblocks.com\\\/es\\\/shop-2\\\/\"},{\"@type\":\"ListItem\",\"position\":3,\"name\":\"Silent blocks para soporte diferencial trasero, BMW Serie 7 E65\\\/E66\"}]},{\"@type\":\"WebSite\",\"@id\":\"https:\\\/\\\/www.silentblocks.com\\\/es\\\/#website\",\"url\":\"https:\\\/\\\/www.silentblocks.com\\\/es\\\/\",\"name\":\"SILENTBLOCKS\",\"description\":\"Secure on the road\",\"publisher\":{\"@id\":\"https:\\\/\\\/www.silentblocks.com\\\/es\\\/#organization\"},\"potentialAction\":[{\"@type\":\"SearchAction\",\"target\":{\"@type\":\"EntryPoint\",\"urlTemplate\":\"https:\\\/\\\/www.silentblocks.com\\\/es\\\/?s={search_term_string}\"},\"query-input\":{\"@type\":\"PropertyValueSpecification\",\"valueRequired\":true,\"valueName\":\"search_term_string\"}}],\"inLanguage\":\"es\"},{\"@type\":\"Organization\",\"@id\":\"https:\\\/\\\/www.silentblocks.com\\\/es\\\/#organization\",\"name\":\"SILENTBLOCKS\",\"url\":\"https:\\\/\\\/www.silentblocks.com\\\/es\\\/\",\"logo\":{\"@type\":\"ImageObject\",\"inLanguage\":\"es\",\"@id\":\"https:\\\/\\\/www.silentblocks.com\\\/es\\\/#\\\/schema\\\/logo\\\/image\\\/\",\"url\":\"https:\\\/\\\/www.silentblocks.com\\\/wp-content\\\/uploads\\\/2023\\\/07\\\/logo211-sem-fundo_2012-PARA-BOUTIQUE-EBAY.png\",\"contentUrl\":\"https:\\\/\\\/www.silentblocks.com\\\/wp-content\\\/uploads\\\/2023\\\/07\\\/logo211-sem-fundo_2012-PARA-BOUTIQUE-EBAY.png\",\"width\":300,\"height\":190,\"caption\":\"SILENTBLOCKS\"},\"image\":{\"@id\":\"https:\\\/\\\/www.silentblocks.com\\\/es\\\/#\\\/schema\\\/logo\\\/image\\\/\"}}]}<\/script>\n<!-- \/ Yoast SEO Premium plugin. -->","yoast_head_json":{"title":"Silent blocks para soporte diferencial trasero, BMW Serie 7 E65\/E66 - SILENT BLOCKS","description":"Silentblocks para soporte diferencial trasero para BMW Serie 7 E65\/E66, compatible oem 33176770456, 33176770825, 33306786972, 33176767525","robots":{"index":"index","follow":"follow","max-snippet":"max-snippet:-1","max-image-preview":"max-image-preview:large","max-video-preview":"max-video-preview:-1"},"canonical":"https:\/\/www.silentblocks.com\/es\/producto\/silent-blocks-para-soporte-diferencial-trasero-bmw-serie-7-e65-e66\/","og_locale":"es_ES","og_type":"article","og_title":"Silent blocks para soporte diferencial trasero, BMW Serie 7 E65\/E66","og_description":"Silentblocks para soporte diferencial trasero para BMW Serie 7 E65\/E66, compatible oem 33176770456, 33176770825, 33306786972, 33176767525","og_url":"https:\/\/www.silentblocks.com\/es\/producto\/silent-blocks-para-soporte-diferencial-trasero-bmw-serie-7-e65-e66\/","og_site_name":"SILENT BLOCKS","article_modified_time":"2026-02-17T22:36:12+00:00","og_image":[{"width":1500,"height":1500,"url":"https:\/\/www.silentblocks.com\/wp-content\/uploads\/2026\/02\/silentbloc-support-differentiel-BMW-Serie-7-E65-1.jpg","type":"image\/jpeg"}],"twitter_card":"summary_large_image","schema":{"@context":"https:\/\/schema.org","@graph":[{"@type":"WebPage","@id":"https:\/\/www.silentblocks.com\/es\/producto\/silent-blocks-para-soporte-diferencial-trasero-bmw-serie-7-e65-e66\/","url":"https:\/\/www.silentblocks.com\/es\/producto\/silent-blocks-para-soporte-diferencial-trasero-bmw-serie-7-e65-e66\/","name":"Silent blocks para soporte diferencial trasero, BMW Serie 7 E65\/E66 - SILENT BLOCKS","isPartOf":{"@id":"https:\/\/www.silentblocks.com\/es\/#website"},"primaryImageOfPage":{"@id":"https:\/\/www.silentblocks.com\/es\/producto\/silent-blocks-para-soporte-diferencial-trasero-bmw-serie-7-e65-e66\/#primaryimage"},"image":{"@id":"https:\/\/www.silentblocks.com\/es\/producto\/silent-blocks-para-soporte-diferencial-trasero-bmw-serie-7-e65-e66\/#primaryimage"},"thumbnailUrl":"https:\/\/www.silentblocks.com\/wp-content\/uploads\/2026\/02\/silentbloc-support-differentiel-BMW-Serie-7-E65-1.jpg","datePublished":"2026-01-23T21:16:54+00:00","dateModified":"2026-02-17T22:36:12+00:00","description":"Silentblocks para soporte diferencial trasero para BMW Serie 7 E65\/E66, compatible oem 33176770456, 33176770825, 33306786972, 33176767525","breadcrumb":{"@id":"https:\/\/www.silentblocks.com\/es\/producto\/silent-blocks-para-soporte-diferencial-trasero-bmw-serie-7-e65-e66\/#breadcrumb"},"inLanguage":"es","potentialAction":[{"@type":"ReadAction","target":["https:\/\/www.silentblocks.com\/es\/producto\/silent-blocks-para-soporte-diferencial-trasero-bmw-serie-7-e65-e66\/"]}]},{"@type":"ImageObject","inLanguage":"es","@id":"https:\/\/www.silentblocks.com\/es\/producto\/silent-blocks-para-soporte-diferencial-trasero-bmw-serie-7-e65-e66\/#primaryimage","url":"https:\/\/www.silentblocks.com\/wp-content\/uploads\/2026\/02\/silentbloc-support-differentiel-BMW-Serie-7-E65-1.jpg","contentUrl":"https:\/\/www.silentblocks.com\/wp-content\/uploads\/2026\/02\/silentbloc-support-differentiel-BMW-Serie-7-E65-1.jpg","width":1500,"height":1500},{"@type":"BreadcrumbList","@id":"https:\/\/www.silentblocks.com\/es\/producto\/silent-blocks-para-soporte-diferencial-trasero-bmw-serie-7-e65-e66\/#breadcrumb","itemListElement":[{"@type":"ListItem","position":1,"name":"In\u00edcio","item":"https:\/\/www.silentblocks.com\/es\/"},{"@type":"ListItem","position":2,"name":"Page boutique","item":"https:\/\/www.silentblocks.com\/es\/shop-2\/"},{"@type":"ListItem","position":3,"name":"Silent blocks para soporte diferencial trasero, BMW Serie 7 E65\/E66"}]},{"@type":"WebSite","@id":"https:\/\/www.silentblocks.com\/es\/#website","url":"https:\/\/www.silentblocks.com\/es\/","name":"SILENTBLOCKS","description":"Secure on the road","publisher":{"@id":"https:\/\/www.silentblocks.com\/es\/#organization"},"potentialAction":[{"@type":"SearchAction","target":{"@type":"EntryPoint","urlTemplate":"https:\/\/www.silentblocks.com\/es\/?s={search_term_string}"},"query-input":{"@type":"PropertyValueSpecification","valueRequired":true,"valueName":"search_term_string"}}],"inLanguage":"es"},{"@type":"Organization","@id":"https:\/\/www.silentblocks.com\/es\/#organization","name":"SILENTBLOCKS","url":"https:\/\/www.silentblocks.com\/es\/","logo":{"@type":"ImageObject","inLanguage":"es","@id":"https:\/\/www.silentblocks.com\/es\/#\/schema\/logo\/image\/","url":"https:\/\/www.silentblocks.com\/wp-content\/uploads\/2023\/07\/logo211-sem-fundo_2012-PARA-BOUTIQUE-EBAY.png","contentUrl":"https:\/\/www.silentblocks.com\/wp-content\/uploads\/2023\/07\/logo211-sem-fundo_2012-PARA-BOUTIQUE-EBAY.png","width":300,"height":190,"caption":"SILENTBLOCKS"},"image":{"@id":"https:\/\/www.silentblocks.com\/es\/#\/schema\/logo\/image\/"}}]}},"_links":{"self":[{"href":"https:\/\/www.silentblocks.com\/es\/wp-json\/wp\/v2\/product\/112803","targetHints":{"allow":["GET"]}}],"collection":[{"href":"https:\/\/www.silentblocks.com\/es\/wp-json\/wp\/v2\/product"}],"about":[{"href":"https:\/\/www.silentblocks.com\/es\/wp-json\/wp\/v2\/types\/product"}],"version-history":[{"count":0,"href":"https:\/\/www.silentblocks.com\/es\/wp-json\/wp\/v2\/product\/112803\/revisions"}],"wp:featuredmedia":[{"embeddable":true,"href":"https:\/\/www.silentblocks.com\/es\/wp-json\/wp\/v2\/media\/66114"}],"wp:attachment":[{"href":"https:\/\/www.silentblocks.com\/es\/wp-json\/wp\/v2\/media?parent=112803"}],"wp:term":[{"taxonomy":"product_brand","embeddable":true,"href":"https:\/\/www.silentblocks.com\/es\/wp-json\/wp\/v2\/product_brand?post=112803"},{"taxonomy":"product_cat","embeddable":true,"href":"https:\/\/www.silentblocks.com\/es\/wp-json\/wp\/v2\/product_cat?post=112803"},{"taxonomy":"product_tag","embeddable":true,"href":"https:\/\/www.silentblocks.com\/es\/wp-json\/wp\/v2\/product_tag?post=112803"}],"curies":[{"name":"wp","href":"https:\/\/api.w.org\/{rel}","templated":true}]}}