{"id":112863,"date":"2026-01-24T21:29:24","date_gmt":"2026-01-24T21:29:24","guid":{"rendered":"https:\/\/www.silentblocks.com\/product\/bujes-barra-estabilizadora-trasera-bmw-serie-5-g30-7-g11-12-x3-g01-x4-g02\/"},"modified":"2026-02-17T22:36:22","modified_gmt":"2026-02-17T22:36:22","slug":"bujes-barra-estabilizadora-trasera-bmw-serie-5-g30-7-g11-12-x3-g01-x4-g02","status":"publish","type":"product","link":"https:\/\/www.silentblocks.com\/es\/producto\/bujes-barra-estabilizadora-trasera-bmw-serie-5-g30-7-g11-12-x3-g01-x4-g02\/","title":{"rendered":"Bujes barra estabilizadora trasera, BMW Serie 5 G30, 7 G11\/12, X3 G01, X4 G02"},"content":{"rendered":"<p>Bujes de la barra estabilizadora trasera, compatibles con los siguientes veh\u00edculos:<br \/>\nBMW Serie 5 (G30, F90) (09.2016-06.2023)<br \/>\nBMW Serie 7 (G11, G12) (09.2015-06.2022)<br \/>\nBMW X3 (G01, F97, G08) (12.2017-06.2020)<br \/>\nBMW X3 Furgoneta (G01) (08.2017-)<br \/>\nBMW X4 (G02, F98) (04.2018-03.2020)<\/p>\n<p>Di\u00e1metro: \u00d821 mm (Di\u00e1metro de control)<\/p>\n<p>Referencias del fabricante (c\u00f3digo OEM) s\u00f3lo a t\u00edtulo informativo :<br \/>\n33 50 6 861 457, 33 50 6 861 465<\/p>\n<p>Piezas nuevas, se vende con factura. Todos nuestros productos tienen 2 a\u00f1os de garant\u00eda.<\/p>\n","protected":false},"excerpt":{"rendered":"<p>Bujes de la barra estabilizadora trasera, compatibles con los siguientes veh\u00edculos: BMW Serie 5 (G30, F90) (09.2016-06.2023) BMW Serie 7 (G11, G12) (09.2015-06.2022) BMW X3 (G01, F97, G08) (12.2017-06.2020) BMW X3 Furgoneta (G01) (08.2017-) BMW X4 (G02, F98) (04.2018-03.2020) Di\u00e1metro: \u00d821 mm (Di\u00e1metro de control) Referencias del fabricante (c\u00f3digo OEM) s\u00f3lo a t\u00edtulo informativo : [&hellip;]<\/p>\n","protected":false},"featured_media":66162,"template":"","meta":[],"product_brand":[],"product_cat":[932,6221,6231,6235,6329,6330],"product_tag":[],"class_list":{"0":"post-112863","1":"product","2":"type-product","3":"status-publish","4":"has-post-thumbnail","6":"product_cat-bmw","7":"product_cat-serie-5-g30-f90-2016","8":"product_cat-serie-7-g11g12-2015-2022","10":"product_cat-bmw-x3-g01-17-fr","11":"product_cat-x4-g02-18-fr","13":"first","14":"instock","15":"shipping-taxable","16":"purchasable","17":"product-type-simple"},"yoast_head":"<!-- This site is optimized with the Yoast SEO Premium plugin v23.0 (Yoast SEO v27.4) - https:\/\/yoast.com\/product\/yoast-seo-premium-wordpress\/ -->\n<title>Bujes barra estabilizadora trasera, BMW Serie 5 G30, 7 G11\/12, X3 G01, X4 G02 - SILENT BLOCKS<\/title>\n<meta name=\"description\" content=\"Bujes de la barra estabilizadora trasera para BMW Serie 5 G30, 7 G11\/12, X3 G01, X4 G02, compatibles con oem 33 50 6 861 457, 33 50 6 861 465\" \/>\n<meta name=\"robots\" content=\"index, follow, max-snippet:-1, max-image-preview:large, max-video-preview:-1\" \/>\n<link rel=\"canonical\" href=\"https:\/\/www.silentblocks.com\/es\/producto\/bujes-barra-estabilizadora-trasera-bmw-serie-5-g30-7-g11-12-x3-g01-x4-g02\/\" \/>\n<meta property=\"og:locale\" content=\"es_ES\" \/>\n<meta property=\"og:type\" content=\"article\" \/>\n<meta property=\"og:title\" content=\"Bujes barra estabilizadora trasera, BMW Serie 5 G30, 7 G11\/12, X3 G01, X4 G02\" \/>\n<meta property=\"og:description\" content=\"Bujes de la barra estabilizadora trasera para BMW Serie 5 G30, 7 G11\/12, X3 G01, X4 G02, compatibles con oem 33 50 6 861 457, 33 50 6 861 465\" \/>\n<meta property=\"og:url\" content=\"https:\/\/www.silentblocks.com\/es\/producto\/bujes-barra-estabilizadora-trasera-bmw-serie-5-g30-7-g11-12-x3-g01-x4-g02\/\" \/>\n<meta property=\"og:site_name\" content=\"SILENT BLOCKS\" \/>\n<meta property=\"article:modified_time\" content=\"2026-02-17T22:36:22+00:00\" \/>\n<meta property=\"og:image\" content=\"https:\/\/www.silentblocks.com\/wp-content\/uploads\/2026\/02\/silentblocs-barre-stabilisatrice-arriere-BMW-Serie-5-G30-F90-1.jpg\" \/>\n\t<meta property=\"og:image:width\" content=\"1500\" \/>\n\t<meta property=\"og:image:height\" content=\"1500\" \/>\n\t<meta property=\"og:image:type\" content=\"image\/jpeg\" \/>\n<meta name=\"twitter:card\" content=\"summary_large_image\" \/>\n<script type=\"application\/ld+json\" class=\"yoast-schema-graph\">{\"@context\":\"https:\\\/\\\/schema.org\",\"@graph\":[{\"@type\":\"WebPage\",\"@id\":\"https:\\\/\\\/www.silentblocks.com\\\/es\\\/producto\\\/bujes-barra-estabilizadora-trasera-bmw-serie-5-g30-7-g11-12-x3-g01-x4-g02\\\/\",\"url\":\"https:\\\/\\\/www.silentblocks.com\\\/es\\\/producto\\\/bujes-barra-estabilizadora-trasera-bmw-serie-5-g30-7-g11-12-x3-g01-x4-g02\\\/\",\"name\":\"Bujes barra estabilizadora trasera, BMW Serie 5 G30, 7 G11\\\/12, X3 G01, X4 G02 - SILENT BLOCKS\",\"isPartOf\":{\"@id\":\"https:\\\/\\\/www.silentblocks.com\\\/es\\\/#website\"},\"primaryImageOfPage\":{\"@id\":\"https:\\\/\\\/www.silentblocks.com\\\/es\\\/producto\\\/bujes-barra-estabilizadora-trasera-bmw-serie-5-g30-7-g11-12-x3-g01-x4-g02\\\/#primaryimage\"},\"image\":{\"@id\":\"https:\\\/\\\/www.silentblocks.com\\\/es\\\/producto\\\/bujes-barra-estabilizadora-trasera-bmw-serie-5-g30-7-g11-12-x3-g01-x4-g02\\\/#primaryimage\"},\"thumbnailUrl\":\"https:\\\/\\\/www.silentblocks.com\\\/wp-content\\\/uploads\\\/2026\\\/02\\\/silentblocs-barre-stabilisatrice-arriere-BMW-Serie-5-G30-F90-1.jpg\",\"datePublished\":\"2026-01-24T21:29:24+00:00\",\"dateModified\":\"2026-02-17T22:36:22+00:00\",\"description\":\"Bujes de la barra estabilizadora trasera para BMW Serie 5 G30, 7 G11\\\/12, X3 G01, X4 G02, compatibles con oem 33 50 6 861 457, 33 50 6 861 465\",\"breadcrumb\":{\"@id\":\"https:\\\/\\\/www.silentblocks.com\\\/es\\\/producto\\\/bujes-barra-estabilizadora-trasera-bmw-serie-5-g30-7-g11-12-x3-g01-x4-g02\\\/#breadcrumb\"},\"inLanguage\":\"es\",\"potentialAction\":[{\"@type\":\"ReadAction\",\"target\":[\"https:\\\/\\\/www.silentblocks.com\\\/es\\\/producto\\\/bujes-barra-estabilizadora-trasera-bmw-serie-5-g30-7-g11-12-x3-g01-x4-g02\\\/\"]}]},{\"@type\":\"ImageObject\",\"inLanguage\":\"es\",\"@id\":\"https:\\\/\\\/www.silentblocks.com\\\/es\\\/producto\\\/bujes-barra-estabilizadora-trasera-bmw-serie-5-g30-7-g11-12-x3-g01-x4-g02\\\/#primaryimage\",\"url\":\"https:\\\/\\\/www.silentblocks.com\\\/wp-content\\\/uploads\\\/2026\\\/02\\\/silentblocs-barre-stabilisatrice-arriere-BMW-Serie-5-G30-F90-1.jpg\",\"contentUrl\":\"https:\\\/\\\/www.silentblocks.com\\\/wp-content\\\/uploads\\\/2026\\\/02\\\/silentblocs-barre-stabilisatrice-arriere-BMW-Serie-5-G30-F90-1.jpg\",\"width\":1500,\"height\":1500},{\"@type\":\"BreadcrumbList\",\"@id\":\"https:\\\/\\\/www.silentblocks.com\\\/es\\\/producto\\\/bujes-barra-estabilizadora-trasera-bmw-serie-5-g30-7-g11-12-x3-g01-x4-g02\\\/#breadcrumb\",\"itemListElement\":[{\"@type\":\"ListItem\",\"position\":1,\"name\":\"In\u00edcio\",\"item\":\"https:\\\/\\\/www.silentblocks.com\\\/es\\\/\"},{\"@type\":\"ListItem\",\"position\":2,\"name\":\"Page boutique\",\"item\":\"https:\\\/\\\/www.silentblocks.com\\\/es\\\/shop-2\\\/\"},{\"@type\":\"ListItem\",\"position\":3,\"name\":\"Bujes barra estabilizadora trasera, BMW Serie 5 G30, 7 G11\\\/12, X3 G01, X4 G02\"}]},{\"@type\":\"WebSite\",\"@id\":\"https:\\\/\\\/www.silentblocks.com\\\/es\\\/#website\",\"url\":\"https:\\\/\\\/www.silentblocks.com\\\/es\\\/\",\"name\":\"SILENTBLOCKS\",\"description\":\"Secure on the road\",\"publisher\":{\"@id\":\"https:\\\/\\\/www.silentblocks.com\\\/es\\\/#organization\"},\"potentialAction\":[{\"@type\":\"SearchAction\",\"target\":{\"@type\":\"EntryPoint\",\"urlTemplate\":\"https:\\\/\\\/www.silentblocks.com\\\/es\\\/?s={search_term_string}\"},\"query-input\":{\"@type\":\"PropertyValueSpecification\",\"valueRequired\":true,\"valueName\":\"search_term_string\"}}],\"inLanguage\":\"es\"},{\"@type\":\"Organization\",\"@id\":\"https:\\\/\\\/www.silentblocks.com\\\/es\\\/#organization\",\"name\":\"SILENTBLOCKS\",\"url\":\"https:\\\/\\\/www.silentblocks.com\\\/es\\\/\",\"logo\":{\"@type\":\"ImageObject\",\"inLanguage\":\"es\",\"@id\":\"https:\\\/\\\/www.silentblocks.com\\\/es\\\/#\\\/schema\\\/logo\\\/image\\\/\",\"url\":\"https:\\\/\\\/www.silentblocks.com\\\/wp-content\\\/uploads\\\/2023\\\/07\\\/logo211-sem-fundo_2012-PARA-BOUTIQUE-EBAY.png\",\"contentUrl\":\"https:\\\/\\\/www.silentblocks.com\\\/wp-content\\\/uploads\\\/2023\\\/07\\\/logo211-sem-fundo_2012-PARA-BOUTIQUE-EBAY.png\",\"width\":300,\"height\":190,\"caption\":\"SILENTBLOCKS\"},\"image\":{\"@id\":\"https:\\\/\\\/www.silentblocks.com\\\/es\\\/#\\\/schema\\\/logo\\\/image\\\/\"}}]}<\/script>\n<!-- \/ Yoast SEO Premium plugin. -->","yoast_head_json":{"title":"Bujes barra estabilizadora trasera, BMW Serie 5 G30, 7 G11\/12, X3 G01, X4 G02 - SILENT BLOCKS","description":"Bujes de la barra estabilizadora trasera para BMW Serie 5 G30, 7 G11\/12, X3 G01, X4 G02, compatibles con oem 33 50 6 861 457, 33 50 6 861 465","robots":{"index":"index","follow":"follow","max-snippet":"max-snippet:-1","max-image-preview":"max-image-preview:large","max-video-preview":"max-video-preview:-1"},"canonical":"https:\/\/www.silentblocks.com\/es\/producto\/bujes-barra-estabilizadora-trasera-bmw-serie-5-g30-7-g11-12-x3-g01-x4-g02\/","og_locale":"es_ES","og_type":"article","og_title":"Bujes barra estabilizadora trasera, BMW Serie 5 G30, 7 G11\/12, X3 G01, X4 G02","og_description":"Bujes de la barra estabilizadora trasera para BMW Serie 5 G30, 7 G11\/12, X3 G01, X4 G02, compatibles con oem 33 50 6 861 457, 33 50 6 861 465","og_url":"https:\/\/www.silentblocks.com\/es\/producto\/bujes-barra-estabilizadora-trasera-bmw-serie-5-g30-7-g11-12-x3-g01-x4-g02\/","og_site_name":"SILENT BLOCKS","article_modified_time":"2026-02-17T22:36:22+00:00","og_image":[{"width":1500,"height":1500,"url":"https:\/\/www.silentblocks.com\/wp-content\/uploads\/2026\/02\/silentblocs-barre-stabilisatrice-arriere-BMW-Serie-5-G30-F90-1.jpg","type":"image\/jpeg"}],"twitter_card":"summary_large_image","schema":{"@context":"https:\/\/schema.org","@graph":[{"@type":"WebPage","@id":"https:\/\/www.silentblocks.com\/es\/producto\/bujes-barra-estabilizadora-trasera-bmw-serie-5-g30-7-g11-12-x3-g01-x4-g02\/","url":"https:\/\/www.silentblocks.com\/es\/producto\/bujes-barra-estabilizadora-trasera-bmw-serie-5-g30-7-g11-12-x3-g01-x4-g02\/","name":"Bujes barra estabilizadora trasera, BMW Serie 5 G30, 7 G11\/12, X3 G01, X4 G02 - SILENT BLOCKS","isPartOf":{"@id":"https:\/\/www.silentblocks.com\/es\/#website"},"primaryImageOfPage":{"@id":"https:\/\/www.silentblocks.com\/es\/producto\/bujes-barra-estabilizadora-trasera-bmw-serie-5-g30-7-g11-12-x3-g01-x4-g02\/#primaryimage"},"image":{"@id":"https:\/\/www.silentblocks.com\/es\/producto\/bujes-barra-estabilizadora-trasera-bmw-serie-5-g30-7-g11-12-x3-g01-x4-g02\/#primaryimage"},"thumbnailUrl":"https:\/\/www.silentblocks.com\/wp-content\/uploads\/2026\/02\/silentblocs-barre-stabilisatrice-arriere-BMW-Serie-5-G30-F90-1.jpg","datePublished":"2026-01-24T21:29:24+00:00","dateModified":"2026-02-17T22:36:22+00:00","description":"Bujes de la barra estabilizadora trasera para BMW Serie 5 G30, 7 G11\/12, X3 G01, X4 G02, compatibles con oem 33 50 6 861 457, 33 50 6 861 465","breadcrumb":{"@id":"https:\/\/www.silentblocks.com\/es\/producto\/bujes-barra-estabilizadora-trasera-bmw-serie-5-g30-7-g11-12-x3-g01-x4-g02\/#breadcrumb"},"inLanguage":"es","potentialAction":[{"@type":"ReadAction","target":["https:\/\/www.silentblocks.com\/es\/producto\/bujes-barra-estabilizadora-trasera-bmw-serie-5-g30-7-g11-12-x3-g01-x4-g02\/"]}]},{"@type":"ImageObject","inLanguage":"es","@id":"https:\/\/www.silentblocks.com\/es\/producto\/bujes-barra-estabilizadora-trasera-bmw-serie-5-g30-7-g11-12-x3-g01-x4-g02\/#primaryimage","url":"https:\/\/www.silentblocks.com\/wp-content\/uploads\/2026\/02\/silentblocs-barre-stabilisatrice-arriere-BMW-Serie-5-G30-F90-1.jpg","contentUrl":"https:\/\/www.silentblocks.com\/wp-content\/uploads\/2026\/02\/silentblocs-barre-stabilisatrice-arriere-BMW-Serie-5-G30-F90-1.jpg","width":1500,"height":1500},{"@type":"BreadcrumbList","@id":"https:\/\/www.silentblocks.com\/es\/producto\/bujes-barra-estabilizadora-trasera-bmw-serie-5-g30-7-g11-12-x3-g01-x4-g02\/#breadcrumb","itemListElement":[{"@type":"ListItem","position":1,"name":"In\u00edcio","item":"https:\/\/www.silentblocks.com\/es\/"},{"@type":"ListItem","position":2,"name":"Page boutique","item":"https:\/\/www.silentblocks.com\/es\/shop-2\/"},{"@type":"ListItem","position":3,"name":"Bujes barra estabilizadora trasera, BMW Serie 5 G30, 7 G11\/12, X3 G01, X4 G02"}]},{"@type":"WebSite","@id":"https:\/\/www.silentblocks.com\/es\/#website","url":"https:\/\/www.silentblocks.com\/es\/","name":"SILENTBLOCKS","description":"Secure on the road","publisher":{"@id":"https:\/\/www.silentblocks.com\/es\/#organization"},"potentialAction":[{"@type":"SearchAction","target":{"@type":"EntryPoint","urlTemplate":"https:\/\/www.silentblocks.com\/es\/?s={search_term_string}"},"query-input":{"@type":"PropertyValueSpecification","valueRequired":true,"valueName":"search_term_string"}}],"inLanguage":"es"},{"@type":"Organization","@id":"https:\/\/www.silentblocks.com\/es\/#organization","name":"SILENTBLOCKS","url":"https:\/\/www.silentblocks.com\/es\/","logo":{"@type":"ImageObject","inLanguage":"es","@id":"https:\/\/www.silentblocks.com\/es\/#\/schema\/logo\/image\/","url":"https:\/\/www.silentblocks.com\/wp-content\/uploads\/2023\/07\/logo211-sem-fundo_2012-PARA-BOUTIQUE-EBAY.png","contentUrl":"https:\/\/www.silentblocks.com\/wp-content\/uploads\/2023\/07\/logo211-sem-fundo_2012-PARA-BOUTIQUE-EBAY.png","width":300,"height":190,"caption":"SILENTBLOCKS"},"image":{"@id":"https:\/\/www.silentblocks.com\/es\/#\/schema\/logo\/image\/"}}]}},"_links":{"self":[{"href":"https:\/\/www.silentblocks.com\/es\/wp-json\/wp\/v2\/product\/112863","targetHints":{"allow":["GET"]}}],"collection":[{"href":"https:\/\/www.silentblocks.com\/es\/wp-json\/wp\/v2\/product"}],"about":[{"href":"https:\/\/www.silentblocks.com\/es\/wp-json\/wp\/v2\/types\/product"}],"version-history":[{"count":0,"href":"https:\/\/www.silentblocks.com\/es\/wp-json\/wp\/v2\/product\/112863\/revisions"}],"wp:featuredmedia":[{"embeddable":true,"href":"https:\/\/www.silentblocks.com\/es\/wp-json\/wp\/v2\/media\/66162"}],"wp:attachment":[{"href":"https:\/\/www.silentblocks.com\/es\/wp-json\/wp\/v2\/media?parent=112863"}],"wp:term":[{"taxonomy":"product_brand","embeddable":true,"href":"https:\/\/www.silentblocks.com\/es\/wp-json\/wp\/v2\/product_brand?post=112863"},{"taxonomy":"product_cat","embeddable":true,"href":"https:\/\/www.silentblocks.com\/es\/wp-json\/wp\/v2\/product_cat?post=112863"},{"taxonomy":"product_tag","embeddable":true,"href":"https:\/\/www.silentblocks.com\/es\/wp-json\/wp\/v2\/product_tag?post=112863"}],"curies":[{"name":"wp","href":"https:\/\/api.w.org\/{rel}","templated":true}]}}