{"id":113437,"date":"2026-02-04T19:30:53","date_gmt":"2026-02-04T19:30:53","guid":{"rendered":"https:\/\/www.silentblocks.com\/product\/kit-suspension-delantera-dacia-duster-i-ii-2\/"},"modified":"2026-02-17T22:37:40","modified_gmt":"2026-02-17T22:37:40","slug":"kit-suspension-delantera-dacia-duster-i-ii-2","status":"publish","type":"product","link":"https:\/\/www.silentblocks.com\/es\/producto\/kit-suspension-delantera-dacia-duster-i-ii-2\/","title":{"rendered":"Kit suspensi\u00f3n delantera, Dacia Duster I\/II"},"content":{"rendered":"<p>Kit de suspensi\u00f3n delantera, de poliuretano negro, para brazos inferiores y barra estabilizadora, compatible con los siguientes veh\u00edculos:<br \/>\nDacia Duster I (2010-2017) FWD\/4\u00d74<br \/>\nDacia Duster II (2017-2024) FWD\/4\u00d74<\/p>\n<p>Dureza: 80\/90Sha<\/p>\n<p>Comprueba el di\u00e1metro de la barra estabilizadora:<br \/>\n&#8211; Di\u00e1metro: \u00d820mm<\/p>\n<p>Referencias del fabricante (c\u00f3digo OEM) s\u00f3lo a t\u00edtulo informativo :<br \/>\n545000138R, 545001535R, 545602788R, 54 61 142 37R, 82 00 852 550<\/p>\n<p>Piezas nuevas, se vende con factura. Todos nuestros productos tienen 2 a\u00f1os de garant\u00eda.<\/p>\n","protected":false},"excerpt":{"rendered":"<p>Kit de suspensi\u00f3n delantera, de poliuretano negro, para brazos inferiores y barra estabilizadora, compatible con los siguientes veh\u00edculos: Dacia Duster I (2010-2017) FWD\/4\u00d74 Dacia Duster II (2017-2024) FWD\/4\u00d74 Dureza: 80\/90Sha Comprueba el di\u00e1metro de la barra estabilizadora: &#8211; Di\u00e1metro: \u00d820mm Referencias del fabricante (c\u00f3digo OEM) s\u00f3lo a t\u00edtulo informativo : 545000138R, 545001535R, 545602788R, 54 61 [&hellip;]<\/p>\n","protected":false},"featured_media":66618,"template":"","meta":[],"product_brand":[],"product_cat":[969,1067,2489,6332],"product_tag":[],"class_list":{"0":"post-113437","1":"product","2":"type-product","3":"status-publish","4":"has-post-thumbnail","6":"product_cat-dacia","7":"product_cat-duster","8":"product_cat-duster-es","9":"product_cat-duster-ii","11":"first","12":"instock","13":"shipping-taxable","14":"purchasable","15":"product-type-simple"},"yoast_head":"<!-- This site is optimized with the Yoast SEO Premium plugin v23.0 (Yoast SEO v27.4) - https:\/\/yoast.com\/product\/yoast-seo-premium-wordpress\/ -->\n<title>Kit suspensi\u00f3n delantera, Dacia Duster I\/II - SILENT BLOCKS<\/title>\n<meta name=\"description\" content=\"Kit de suspensi\u00f3n delantera de poliuretano negro para Dacia Duster I\/II, compatible de f\u00e1brica 545000138R, 545001535R, 545602788R, 54 61 142 37R, 82 00 852 550\" \/>\n<meta name=\"robots\" content=\"index, follow, max-snippet:-1, max-image-preview:large, max-video-preview:-1\" \/>\n<link rel=\"canonical\" href=\"https:\/\/www.silentblocks.com\/es\/producto\/kit-suspension-delantera-dacia-duster-i-ii-2\/\" \/>\n<meta property=\"og:locale\" content=\"es_ES\" \/>\n<meta property=\"og:type\" content=\"article\" \/>\n<meta property=\"og:title\" content=\"Kit suspensi\u00f3n delantera, Dacia Duster I\/II\" \/>\n<meta property=\"og:description\" content=\"Kit de suspensi\u00f3n delantera de poliuretano negro para Dacia Duster I\/II, compatible de f\u00e1brica 545000138R, 545001535R, 545602788R, 54 61 142 37R, 82 00 852 550\" \/>\n<meta property=\"og:url\" content=\"https:\/\/www.silentblocks.com\/es\/producto\/kit-suspension-delantera-dacia-duster-i-ii-2\/\" \/>\n<meta property=\"og:site_name\" content=\"SILENT BLOCKS\" \/>\n<meta property=\"article:modified_time\" content=\"2026-02-17T22:37:40+00:00\" \/>\n<meta property=\"og:image\" content=\"https:\/\/www.silentblocks.com\/wp-content\/uploads\/2026\/02\/kit-suspension-avant-Dacia-Duster-POLYURETHANE-NOIR-1.jpg\" \/>\n\t<meta property=\"og:image:width\" content=\"1500\" \/>\n\t<meta property=\"og:image:height\" content=\"1500\" \/>\n\t<meta property=\"og:image:type\" content=\"image\/jpeg\" \/>\n<meta name=\"twitter:card\" content=\"summary_large_image\" \/>\n<script type=\"application\/ld+json\" class=\"yoast-schema-graph\">{\"@context\":\"https:\\\/\\\/schema.org\",\"@graph\":[{\"@type\":\"WebPage\",\"@id\":\"https:\\\/\\\/www.silentblocks.com\\\/es\\\/producto\\\/kit-suspension-delantera-dacia-duster-i-ii-2\\\/\",\"url\":\"https:\\\/\\\/www.silentblocks.com\\\/es\\\/producto\\\/kit-suspension-delantera-dacia-duster-i-ii-2\\\/\",\"name\":\"Kit suspensi\u00f3n delantera, Dacia Duster I\\\/II - SILENT BLOCKS\",\"isPartOf\":{\"@id\":\"https:\\\/\\\/www.silentblocks.com\\\/es\\\/#website\"},\"primaryImageOfPage\":{\"@id\":\"https:\\\/\\\/www.silentblocks.com\\\/es\\\/producto\\\/kit-suspension-delantera-dacia-duster-i-ii-2\\\/#primaryimage\"},\"image\":{\"@id\":\"https:\\\/\\\/www.silentblocks.com\\\/es\\\/producto\\\/kit-suspension-delantera-dacia-duster-i-ii-2\\\/#primaryimage\"},\"thumbnailUrl\":\"https:\\\/\\\/www.silentblocks.com\\\/wp-content\\\/uploads\\\/2026\\\/02\\\/kit-suspension-avant-Dacia-Duster-POLYURETHANE-NOIR-1.jpg\",\"datePublished\":\"2026-02-04T19:30:53+00:00\",\"dateModified\":\"2026-02-17T22:37:40+00:00\",\"description\":\"Kit de suspensi\u00f3n delantera de poliuretano negro para Dacia Duster I\\\/II, compatible de f\u00e1brica 545000138R, 545001535R, 545602788R, 54 61 142 37R, 82 00 852 550\",\"breadcrumb\":{\"@id\":\"https:\\\/\\\/www.silentblocks.com\\\/es\\\/producto\\\/kit-suspension-delantera-dacia-duster-i-ii-2\\\/#breadcrumb\"},\"inLanguage\":\"es\",\"potentialAction\":[{\"@type\":\"ReadAction\",\"target\":[\"https:\\\/\\\/www.silentblocks.com\\\/es\\\/producto\\\/kit-suspension-delantera-dacia-duster-i-ii-2\\\/\"]}]},{\"@type\":\"ImageObject\",\"inLanguage\":\"es\",\"@id\":\"https:\\\/\\\/www.silentblocks.com\\\/es\\\/producto\\\/kit-suspension-delantera-dacia-duster-i-ii-2\\\/#primaryimage\",\"url\":\"https:\\\/\\\/www.silentblocks.com\\\/wp-content\\\/uploads\\\/2026\\\/02\\\/kit-suspension-avant-Dacia-Duster-POLYURETHANE-NOIR-1.jpg\",\"contentUrl\":\"https:\\\/\\\/www.silentblocks.com\\\/wp-content\\\/uploads\\\/2026\\\/02\\\/kit-suspension-avant-Dacia-Duster-POLYURETHANE-NOIR-1.jpg\",\"width\":1500,\"height\":1500},{\"@type\":\"BreadcrumbList\",\"@id\":\"https:\\\/\\\/www.silentblocks.com\\\/es\\\/producto\\\/kit-suspension-delantera-dacia-duster-i-ii-2\\\/#breadcrumb\",\"itemListElement\":[{\"@type\":\"ListItem\",\"position\":1,\"name\":\"In\u00edcio\",\"item\":\"https:\\\/\\\/www.silentblocks.com\\\/es\\\/\"},{\"@type\":\"ListItem\",\"position\":2,\"name\":\"Page boutique\",\"item\":\"https:\\\/\\\/www.silentblocks.com\\\/es\\\/shop-2\\\/\"},{\"@type\":\"ListItem\",\"position\":3,\"name\":\"Kit suspensi\u00f3n delantera, Dacia Duster I\\\/II\"}]},{\"@type\":\"WebSite\",\"@id\":\"https:\\\/\\\/www.silentblocks.com\\\/es\\\/#website\",\"url\":\"https:\\\/\\\/www.silentblocks.com\\\/es\\\/\",\"name\":\"SILENTBLOCKS\",\"description\":\"Secure on the road\",\"publisher\":{\"@id\":\"https:\\\/\\\/www.silentblocks.com\\\/es\\\/#organization\"},\"potentialAction\":[{\"@type\":\"SearchAction\",\"target\":{\"@type\":\"EntryPoint\",\"urlTemplate\":\"https:\\\/\\\/www.silentblocks.com\\\/es\\\/?s={search_term_string}\"},\"query-input\":{\"@type\":\"PropertyValueSpecification\",\"valueRequired\":true,\"valueName\":\"search_term_string\"}}],\"inLanguage\":\"es\"},{\"@type\":\"Organization\",\"@id\":\"https:\\\/\\\/www.silentblocks.com\\\/es\\\/#organization\",\"name\":\"SILENTBLOCKS\",\"url\":\"https:\\\/\\\/www.silentblocks.com\\\/es\\\/\",\"logo\":{\"@type\":\"ImageObject\",\"inLanguage\":\"es\",\"@id\":\"https:\\\/\\\/www.silentblocks.com\\\/es\\\/#\\\/schema\\\/logo\\\/image\\\/\",\"url\":\"https:\\\/\\\/www.silentblocks.com\\\/wp-content\\\/uploads\\\/2023\\\/07\\\/logo211-sem-fundo_2012-PARA-BOUTIQUE-EBAY.png\",\"contentUrl\":\"https:\\\/\\\/www.silentblocks.com\\\/wp-content\\\/uploads\\\/2023\\\/07\\\/logo211-sem-fundo_2012-PARA-BOUTIQUE-EBAY.png\",\"width\":300,\"height\":190,\"caption\":\"SILENTBLOCKS\"},\"image\":{\"@id\":\"https:\\\/\\\/www.silentblocks.com\\\/es\\\/#\\\/schema\\\/logo\\\/image\\\/\"}}]}<\/script>\n<!-- \/ Yoast SEO Premium plugin. -->","yoast_head_json":{"title":"Kit suspensi\u00f3n delantera, Dacia Duster I\/II - SILENT BLOCKS","description":"Kit de suspensi\u00f3n delantera de poliuretano negro para Dacia Duster I\/II, compatible de f\u00e1brica 545000138R, 545001535R, 545602788R, 54 61 142 37R, 82 00 852 550","robots":{"index":"index","follow":"follow","max-snippet":"max-snippet:-1","max-image-preview":"max-image-preview:large","max-video-preview":"max-video-preview:-1"},"canonical":"https:\/\/www.silentblocks.com\/es\/producto\/kit-suspension-delantera-dacia-duster-i-ii-2\/","og_locale":"es_ES","og_type":"article","og_title":"Kit suspensi\u00f3n delantera, Dacia Duster I\/II","og_description":"Kit de suspensi\u00f3n delantera de poliuretano negro para Dacia Duster I\/II, compatible de f\u00e1brica 545000138R, 545001535R, 545602788R, 54 61 142 37R, 82 00 852 550","og_url":"https:\/\/www.silentblocks.com\/es\/producto\/kit-suspension-delantera-dacia-duster-i-ii-2\/","og_site_name":"SILENT BLOCKS","article_modified_time":"2026-02-17T22:37:40+00:00","og_image":[{"width":1500,"height":1500,"url":"https:\/\/www.silentblocks.com\/wp-content\/uploads\/2026\/02\/kit-suspension-avant-Dacia-Duster-POLYURETHANE-NOIR-1.jpg","type":"image\/jpeg"}],"twitter_card":"summary_large_image","schema":{"@context":"https:\/\/schema.org","@graph":[{"@type":"WebPage","@id":"https:\/\/www.silentblocks.com\/es\/producto\/kit-suspension-delantera-dacia-duster-i-ii-2\/","url":"https:\/\/www.silentblocks.com\/es\/producto\/kit-suspension-delantera-dacia-duster-i-ii-2\/","name":"Kit suspensi\u00f3n delantera, Dacia Duster I\/II - SILENT BLOCKS","isPartOf":{"@id":"https:\/\/www.silentblocks.com\/es\/#website"},"primaryImageOfPage":{"@id":"https:\/\/www.silentblocks.com\/es\/producto\/kit-suspension-delantera-dacia-duster-i-ii-2\/#primaryimage"},"image":{"@id":"https:\/\/www.silentblocks.com\/es\/producto\/kit-suspension-delantera-dacia-duster-i-ii-2\/#primaryimage"},"thumbnailUrl":"https:\/\/www.silentblocks.com\/wp-content\/uploads\/2026\/02\/kit-suspension-avant-Dacia-Duster-POLYURETHANE-NOIR-1.jpg","datePublished":"2026-02-04T19:30:53+00:00","dateModified":"2026-02-17T22:37:40+00:00","description":"Kit de suspensi\u00f3n delantera de poliuretano negro para Dacia Duster I\/II, compatible de f\u00e1brica 545000138R, 545001535R, 545602788R, 54 61 142 37R, 82 00 852 550","breadcrumb":{"@id":"https:\/\/www.silentblocks.com\/es\/producto\/kit-suspension-delantera-dacia-duster-i-ii-2\/#breadcrumb"},"inLanguage":"es","potentialAction":[{"@type":"ReadAction","target":["https:\/\/www.silentblocks.com\/es\/producto\/kit-suspension-delantera-dacia-duster-i-ii-2\/"]}]},{"@type":"ImageObject","inLanguage":"es","@id":"https:\/\/www.silentblocks.com\/es\/producto\/kit-suspension-delantera-dacia-duster-i-ii-2\/#primaryimage","url":"https:\/\/www.silentblocks.com\/wp-content\/uploads\/2026\/02\/kit-suspension-avant-Dacia-Duster-POLYURETHANE-NOIR-1.jpg","contentUrl":"https:\/\/www.silentblocks.com\/wp-content\/uploads\/2026\/02\/kit-suspension-avant-Dacia-Duster-POLYURETHANE-NOIR-1.jpg","width":1500,"height":1500},{"@type":"BreadcrumbList","@id":"https:\/\/www.silentblocks.com\/es\/producto\/kit-suspension-delantera-dacia-duster-i-ii-2\/#breadcrumb","itemListElement":[{"@type":"ListItem","position":1,"name":"In\u00edcio","item":"https:\/\/www.silentblocks.com\/es\/"},{"@type":"ListItem","position":2,"name":"Page boutique","item":"https:\/\/www.silentblocks.com\/es\/shop-2\/"},{"@type":"ListItem","position":3,"name":"Kit suspensi\u00f3n delantera, Dacia Duster I\/II"}]},{"@type":"WebSite","@id":"https:\/\/www.silentblocks.com\/es\/#website","url":"https:\/\/www.silentblocks.com\/es\/","name":"SILENTBLOCKS","description":"Secure on the road","publisher":{"@id":"https:\/\/www.silentblocks.com\/es\/#organization"},"potentialAction":[{"@type":"SearchAction","target":{"@type":"EntryPoint","urlTemplate":"https:\/\/www.silentblocks.com\/es\/?s={search_term_string}"},"query-input":{"@type":"PropertyValueSpecification","valueRequired":true,"valueName":"search_term_string"}}],"inLanguage":"es"},{"@type":"Organization","@id":"https:\/\/www.silentblocks.com\/es\/#organization","name":"SILENTBLOCKS","url":"https:\/\/www.silentblocks.com\/es\/","logo":{"@type":"ImageObject","inLanguage":"es","@id":"https:\/\/www.silentblocks.com\/es\/#\/schema\/logo\/image\/","url":"https:\/\/www.silentblocks.com\/wp-content\/uploads\/2023\/07\/logo211-sem-fundo_2012-PARA-BOUTIQUE-EBAY.png","contentUrl":"https:\/\/www.silentblocks.com\/wp-content\/uploads\/2023\/07\/logo211-sem-fundo_2012-PARA-BOUTIQUE-EBAY.png","width":300,"height":190,"caption":"SILENTBLOCKS"},"image":{"@id":"https:\/\/www.silentblocks.com\/es\/#\/schema\/logo\/image\/"}}]}},"_links":{"self":[{"href":"https:\/\/www.silentblocks.com\/es\/wp-json\/wp\/v2\/product\/113437","targetHints":{"allow":["GET"]}}],"collection":[{"href":"https:\/\/www.silentblocks.com\/es\/wp-json\/wp\/v2\/product"}],"about":[{"href":"https:\/\/www.silentblocks.com\/es\/wp-json\/wp\/v2\/types\/product"}],"version-history":[{"count":0,"href":"https:\/\/www.silentblocks.com\/es\/wp-json\/wp\/v2\/product\/113437\/revisions"}],"wp:featuredmedia":[{"embeddable":true,"href":"https:\/\/www.silentblocks.com\/es\/wp-json\/wp\/v2\/media\/66618"}],"wp:attachment":[{"href":"https:\/\/www.silentblocks.com\/es\/wp-json\/wp\/v2\/media?parent=113437"}],"wp:term":[{"taxonomy":"product_brand","embeddable":true,"href":"https:\/\/www.silentblocks.com\/es\/wp-json\/wp\/v2\/product_brand?post=113437"},{"taxonomy":"product_cat","embeddable":true,"href":"https:\/\/www.silentblocks.com\/es\/wp-json\/wp\/v2\/product_cat?post=113437"},{"taxonomy":"product_tag","embeddable":true,"href":"https:\/\/www.silentblocks.com\/es\/wp-json\/wp\/v2\/product_tag?post=113437"}],"curies":[{"name":"wp","href":"https:\/\/api.w.org\/{rel}","templated":true}]}}