{"id":113457,"date":"2026-02-05T11:52:38","date_gmt":"2026-02-05T11:52:38","guid":{"rendered":"https:\/\/www.silentblocks.com\/product\/kit-silentblock-brazo-delantero-bravo-ii-delta-iii\/"},"modified":"2026-02-17T22:37:43","modified_gmt":"2026-02-17T22:37:43","slug":"kit-silentblock-brazo-delantero-bravo-ii-delta-iii","status":"publish","type":"product","link":"https:\/\/www.silentblocks.com\/es\/producto\/kit-silentblock-brazo-delantero-bravo-ii-delta-iii\/","title":{"rendered":"Kit silentblock brazo delantero, Bravo II, Delta III"},"content":{"rendered":"<p>Kit de 4 silentblocks de poliuretano para dos brazos delanteros, compatible con los siguientes veh\u00edculos:<br \/>\nFiat Bravo II (2007-2016)<br \/>\nModelo: 198_<br \/>\nLancia Delta III (09.2008-08.2014)<br \/>\nModelo: 844<\/p>\n<p>Dureza: 80Sha<\/p>\n<p>Referencias del fabricante (c\u00f3digo OEM) s\u00f3lo a t\u00edtulo informativo :<br \/>\n50 705 465, 50 705 544, 51 827 737, 51 827 738, 50 700 779, 50 700 797, 50 705 464, 50 705 465, 50 705 544, 51 827 736, 51 827 737<\/p>\n<p>Piezas nuevas, se vende con factura. Todos nuestros productos tienen 2 a\u00f1os de garant\u00eda.<\/p>\n","protected":false},"excerpt":{"rendered":"<p>Kit de 4 silentblocks de poliuretano para dos brazos delanteros, compatible con los siguientes veh\u00edculos: Fiat Bravo II (2007-2016) Modelo: 198_ Lancia Delta III (09.2008-08.2014) Modelo: 844 Dureza: 80Sha Referencias del fabricante (c\u00f3digo OEM) s\u00f3lo a t\u00edtulo informativo : 50 705 465, 50 705 544, 51 827 737, 51 827 738, 50 700 779, 50 [&hellip;]<\/p>\n","protected":false},"featured_media":66634,"template":"","meta":[],"product_brand":[],"product_cat":[938,1092,935,1207,2896],"product_tag":[],"class_list":{"0":"post-113457","1":"product","2":"type-product","3":"status-publish","4":"has-post-thumbnail","6":"product_cat-fiat","7":"product_cat-bravo","8":"product_cat-lancia","9":"product_cat-delta-iii","10":"product_cat-delta-iii-es","12":"first","13":"instock","14":"shipping-taxable","15":"purchasable","16":"product-type-simple"},"yoast_head":"<!-- This site is optimized with the Yoast SEO Premium plugin v23.0 (Yoast SEO v27.4) - https:\/\/yoast.com\/product\/yoast-seo-premium-wordpress\/ -->\n<title>Kit silentblock brazo delantero, Bravo II, Delta III - SILENT BLOCKS<\/title>\n<meta name=\"description\" content=\"Kit silentblock brazo delantero de poliuretano para Fiat Bravo II, Lancia Delta III, compatible oem 50 705 465, 50 705 544, 51 827 737, 51 827 738, 50 700 779\" \/>\n<meta name=\"robots\" content=\"index, follow, max-snippet:-1, max-image-preview:large, max-video-preview:-1\" \/>\n<link rel=\"canonical\" href=\"https:\/\/www.silentblocks.com\/es\/producto\/kit-silentblock-brazo-delantero-bravo-ii-delta-iii\/\" \/>\n<meta property=\"og:locale\" content=\"es_ES\" \/>\n<meta property=\"og:type\" content=\"article\" \/>\n<meta property=\"og:title\" content=\"Kit silentblock brazo delantero, Bravo II, Delta III\" \/>\n<meta property=\"og:description\" content=\"Kit silentblock brazo delantero de poliuretano para Fiat Bravo II, Lancia Delta III, compatible oem 50 705 465, 50 705 544, 51 827 737, 51 827 738, 50 700 779\" \/>\n<meta property=\"og:url\" content=\"https:\/\/www.silentblocks.com\/es\/producto\/kit-silentblock-brazo-delantero-bravo-ii-delta-iii\/\" \/>\n<meta property=\"og:site_name\" content=\"SILENT BLOCKS\" \/>\n<meta property=\"article:modified_time\" content=\"2026-02-17T22:37:43+00:00\" \/>\n<meta property=\"og:image\" content=\"https:\/\/www.silentblocks.com\/wp-content\/uploads\/2026\/02\/silentblocs-polyurethane-bras-avant-Bravo-II-1.jpg\" \/>\n\t<meta property=\"og:image:width\" content=\"1024\" \/>\n\t<meta property=\"og:image:height\" content=\"1024\" \/>\n\t<meta property=\"og:image:type\" content=\"image\/jpeg\" \/>\n<meta name=\"twitter:card\" content=\"summary_large_image\" \/>\n<script type=\"application\/ld+json\" class=\"yoast-schema-graph\">{\"@context\":\"https:\\\/\\\/schema.org\",\"@graph\":[{\"@type\":\"WebPage\",\"@id\":\"https:\\\/\\\/www.silentblocks.com\\\/es\\\/producto\\\/kit-silentblock-brazo-delantero-bravo-ii-delta-iii\\\/\",\"url\":\"https:\\\/\\\/www.silentblocks.com\\\/es\\\/producto\\\/kit-silentblock-brazo-delantero-bravo-ii-delta-iii\\\/\",\"name\":\"Kit silentblock brazo delantero, Bravo II, Delta III - SILENT BLOCKS\",\"isPartOf\":{\"@id\":\"https:\\\/\\\/www.silentblocks.com\\\/es\\\/#website\"},\"primaryImageOfPage\":{\"@id\":\"https:\\\/\\\/www.silentblocks.com\\\/es\\\/producto\\\/kit-silentblock-brazo-delantero-bravo-ii-delta-iii\\\/#primaryimage\"},\"image\":{\"@id\":\"https:\\\/\\\/www.silentblocks.com\\\/es\\\/producto\\\/kit-silentblock-brazo-delantero-bravo-ii-delta-iii\\\/#primaryimage\"},\"thumbnailUrl\":\"https:\\\/\\\/www.silentblocks.com\\\/wp-content\\\/uploads\\\/2026\\\/02\\\/silentblocs-polyurethane-bras-avant-Bravo-II-1.jpg\",\"datePublished\":\"2026-02-05T11:52:38+00:00\",\"dateModified\":\"2026-02-17T22:37:43+00:00\",\"description\":\"Kit silentblock brazo delantero de poliuretano para Fiat Bravo II, Lancia Delta III, compatible oem 50 705 465, 50 705 544, 51 827 737, 51 827 738, 50 700 779\",\"breadcrumb\":{\"@id\":\"https:\\\/\\\/www.silentblocks.com\\\/es\\\/producto\\\/kit-silentblock-brazo-delantero-bravo-ii-delta-iii\\\/#breadcrumb\"},\"inLanguage\":\"es\",\"potentialAction\":[{\"@type\":\"ReadAction\",\"target\":[\"https:\\\/\\\/www.silentblocks.com\\\/es\\\/producto\\\/kit-silentblock-brazo-delantero-bravo-ii-delta-iii\\\/\"]}]},{\"@type\":\"ImageObject\",\"inLanguage\":\"es\",\"@id\":\"https:\\\/\\\/www.silentblocks.com\\\/es\\\/producto\\\/kit-silentblock-brazo-delantero-bravo-ii-delta-iii\\\/#primaryimage\",\"url\":\"https:\\\/\\\/www.silentblocks.com\\\/wp-content\\\/uploads\\\/2026\\\/02\\\/silentblocs-polyurethane-bras-avant-Bravo-II-1.jpg\",\"contentUrl\":\"https:\\\/\\\/www.silentblocks.com\\\/wp-content\\\/uploads\\\/2026\\\/02\\\/silentblocs-polyurethane-bras-avant-Bravo-II-1.jpg\",\"width\":1024,\"height\":1024},{\"@type\":\"BreadcrumbList\",\"@id\":\"https:\\\/\\\/www.silentblocks.com\\\/es\\\/producto\\\/kit-silentblock-brazo-delantero-bravo-ii-delta-iii\\\/#breadcrumb\",\"itemListElement\":[{\"@type\":\"ListItem\",\"position\":1,\"name\":\"In\u00edcio\",\"item\":\"https:\\\/\\\/www.silentblocks.com\\\/es\\\/\"},{\"@type\":\"ListItem\",\"position\":2,\"name\":\"Page boutique\",\"item\":\"https:\\\/\\\/www.silentblocks.com\\\/es\\\/shop-2\\\/\"},{\"@type\":\"ListItem\",\"position\":3,\"name\":\"Kit silentblock brazo delantero, Bravo II, Delta III\"}]},{\"@type\":\"WebSite\",\"@id\":\"https:\\\/\\\/www.silentblocks.com\\\/es\\\/#website\",\"url\":\"https:\\\/\\\/www.silentblocks.com\\\/es\\\/\",\"name\":\"SILENTBLOCKS\",\"description\":\"Secure on the road\",\"publisher\":{\"@id\":\"https:\\\/\\\/www.silentblocks.com\\\/es\\\/#organization\"},\"potentialAction\":[{\"@type\":\"SearchAction\",\"target\":{\"@type\":\"EntryPoint\",\"urlTemplate\":\"https:\\\/\\\/www.silentblocks.com\\\/es\\\/?s={search_term_string}\"},\"query-input\":{\"@type\":\"PropertyValueSpecification\",\"valueRequired\":true,\"valueName\":\"search_term_string\"}}],\"inLanguage\":\"es\"},{\"@type\":\"Organization\",\"@id\":\"https:\\\/\\\/www.silentblocks.com\\\/es\\\/#organization\",\"name\":\"SILENTBLOCKS\",\"url\":\"https:\\\/\\\/www.silentblocks.com\\\/es\\\/\",\"logo\":{\"@type\":\"ImageObject\",\"inLanguage\":\"es\",\"@id\":\"https:\\\/\\\/www.silentblocks.com\\\/es\\\/#\\\/schema\\\/logo\\\/image\\\/\",\"url\":\"https:\\\/\\\/www.silentblocks.com\\\/wp-content\\\/uploads\\\/2023\\\/07\\\/logo211-sem-fundo_2012-PARA-BOUTIQUE-EBAY.png\",\"contentUrl\":\"https:\\\/\\\/www.silentblocks.com\\\/wp-content\\\/uploads\\\/2023\\\/07\\\/logo211-sem-fundo_2012-PARA-BOUTIQUE-EBAY.png\",\"width\":300,\"height\":190,\"caption\":\"SILENTBLOCKS\"},\"image\":{\"@id\":\"https:\\\/\\\/www.silentblocks.com\\\/es\\\/#\\\/schema\\\/logo\\\/image\\\/\"}}]}<\/script>\n<!-- \/ Yoast SEO Premium plugin. -->","yoast_head_json":{"title":"Kit silentblock brazo delantero, Bravo II, Delta III - SILENT BLOCKS","description":"Kit silentblock brazo delantero de poliuretano para Fiat Bravo II, Lancia Delta III, compatible oem 50 705 465, 50 705 544, 51 827 737, 51 827 738, 50 700 779","robots":{"index":"index","follow":"follow","max-snippet":"max-snippet:-1","max-image-preview":"max-image-preview:large","max-video-preview":"max-video-preview:-1"},"canonical":"https:\/\/www.silentblocks.com\/es\/producto\/kit-silentblock-brazo-delantero-bravo-ii-delta-iii\/","og_locale":"es_ES","og_type":"article","og_title":"Kit silentblock brazo delantero, Bravo II, Delta III","og_description":"Kit silentblock brazo delantero de poliuretano para Fiat Bravo II, Lancia Delta III, compatible oem 50 705 465, 50 705 544, 51 827 737, 51 827 738, 50 700 779","og_url":"https:\/\/www.silentblocks.com\/es\/producto\/kit-silentblock-brazo-delantero-bravo-ii-delta-iii\/","og_site_name":"SILENT BLOCKS","article_modified_time":"2026-02-17T22:37:43+00:00","og_image":[{"width":1024,"height":1024,"url":"https:\/\/www.silentblocks.com\/wp-content\/uploads\/2026\/02\/silentblocs-polyurethane-bras-avant-Bravo-II-1.jpg","type":"image\/jpeg"}],"twitter_card":"summary_large_image","schema":{"@context":"https:\/\/schema.org","@graph":[{"@type":"WebPage","@id":"https:\/\/www.silentblocks.com\/es\/producto\/kit-silentblock-brazo-delantero-bravo-ii-delta-iii\/","url":"https:\/\/www.silentblocks.com\/es\/producto\/kit-silentblock-brazo-delantero-bravo-ii-delta-iii\/","name":"Kit silentblock brazo delantero, Bravo II, Delta III - SILENT BLOCKS","isPartOf":{"@id":"https:\/\/www.silentblocks.com\/es\/#website"},"primaryImageOfPage":{"@id":"https:\/\/www.silentblocks.com\/es\/producto\/kit-silentblock-brazo-delantero-bravo-ii-delta-iii\/#primaryimage"},"image":{"@id":"https:\/\/www.silentblocks.com\/es\/producto\/kit-silentblock-brazo-delantero-bravo-ii-delta-iii\/#primaryimage"},"thumbnailUrl":"https:\/\/www.silentblocks.com\/wp-content\/uploads\/2026\/02\/silentblocs-polyurethane-bras-avant-Bravo-II-1.jpg","datePublished":"2026-02-05T11:52:38+00:00","dateModified":"2026-02-17T22:37:43+00:00","description":"Kit silentblock brazo delantero de poliuretano para Fiat Bravo II, Lancia Delta III, compatible oem 50 705 465, 50 705 544, 51 827 737, 51 827 738, 50 700 779","breadcrumb":{"@id":"https:\/\/www.silentblocks.com\/es\/producto\/kit-silentblock-brazo-delantero-bravo-ii-delta-iii\/#breadcrumb"},"inLanguage":"es","potentialAction":[{"@type":"ReadAction","target":["https:\/\/www.silentblocks.com\/es\/producto\/kit-silentblock-brazo-delantero-bravo-ii-delta-iii\/"]}]},{"@type":"ImageObject","inLanguage":"es","@id":"https:\/\/www.silentblocks.com\/es\/producto\/kit-silentblock-brazo-delantero-bravo-ii-delta-iii\/#primaryimage","url":"https:\/\/www.silentblocks.com\/wp-content\/uploads\/2026\/02\/silentblocs-polyurethane-bras-avant-Bravo-II-1.jpg","contentUrl":"https:\/\/www.silentblocks.com\/wp-content\/uploads\/2026\/02\/silentblocs-polyurethane-bras-avant-Bravo-II-1.jpg","width":1024,"height":1024},{"@type":"BreadcrumbList","@id":"https:\/\/www.silentblocks.com\/es\/producto\/kit-silentblock-brazo-delantero-bravo-ii-delta-iii\/#breadcrumb","itemListElement":[{"@type":"ListItem","position":1,"name":"In\u00edcio","item":"https:\/\/www.silentblocks.com\/es\/"},{"@type":"ListItem","position":2,"name":"Page boutique","item":"https:\/\/www.silentblocks.com\/es\/shop-2\/"},{"@type":"ListItem","position":3,"name":"Kit silentblock brazo delantero, Bravo II, Delta III"}]},{"@type":"WebSite","@id":"https:\/\/www.silentblocks.com\/es\/#website","url":"https:\/\/www.silentblocks.com\/es\/","name":"SILENTBLOCKS","description":"Secure on the road","publisher":{"@id":"https:\/\/www.silentblocks.com\/es\/#organization"},"potentialAction":[{"@type":"SearchAction","target":{"@type":"EntryPoint","urlTemplate":"https:\/\/www.silentblocks.com\/es\/?s={search_term_string}"},"query-input":{"@type":"PropertyValueSpecification","valueRequired":true,"valueName":"search_term_string"}}],"inLanguage":"es"},{"@type":"Organization","@id":"https:\/\/www.silentblocks.com\/es\/#organization","name":"SILENTBLOCKS","url":"https:\/\/www.silentblocks.com\/es\/","logo":{"@type":"ImageObject","inLanguage":"es","@id":"https:\/\/www.silentblocks.com\/es\/#\/schema\/logo\/image\/","url":"https:\/\/www.silentblocks.com\/wp-content\/uploads\/2023\/07\/logo211-sem-fundo_2012-PARA-BOUTIQUE-EBAY.png","contentUrl":"https:\/\/www.silentblocks.com\/wp-content\/uploads\/2023\/07\/logo211-sem-fundo_2012-PARA-BOUTIQUE-EBAY.png","width":300,"height":190,"caption":"SILENTBLOCKS"},"image":{"@id":"https:\/\/www.silentblocks.com\/es\/#\/schema\/logo\/image\/"}}]}},"_links":{"self":[{"href":"https:\/\/www.silentblocks.com\/es\/wp-json\/wp\/v2\/product\/113457","targetHints":{"allow":["GET"]}}],"collection":[{"href":"https:\/\/www.silentblocks.com\/es\/wp-json\/wp\/v2\/product"}],"about":[{"href":"https:\/\/www.silentblocks.com\/es\/wp-json\/wp\/v2\/types\/product"}],"version-history":[{"count":0,"href":"https:\/\/www.silentblocks.com\/es\/wp-json\/wp\/v2\/product\/113457\/revisions"}],"wp:featuredmedia":[{"embeddable":true,"href":"https:\/\/www.silentblocks.com\/es\/wp-json\/wp\/v2\/media\/66634"}],"wp:attachment":[{"href":"https:\/\/www.silentblocks.com\/es\/wp-json\/wp\/v2\/media?parent=113457"}],"wp:term":[{"taxonomy":"product_brand","embeddable":true,"href":"https:\/\/www.silentblocks.com\/es\/wp-json\/wp\/v2\/product_brand?post=113457"},{"taxonomy":"product_cat","embeddable":true,"href":"https:\/\/www.silentblocks.com\/es\/wp-json\/wp\/v2\/product_cat?post=113457"},{"taxonomy":"product_tag","embeddable":true,"href":"https:\/\/www.silentblocks.com\/es\/wp-json\/wp\/v2\/product_tag?post=113457"}],"curies":[{"name":"wp","href":"https:\/\/api.w.org\/{rel}","templated":true}]}}