{"id":135073,"date":"2026-03-10T11:27:38","date_gmt":"2026-03-10T11:27:38","guid":{"rendered":"https:\/\/www.silentblocks.com\/product\/kit-suspension-delantera-slk-r171\/"},"modified":"2026-03-10T11:27:38","modified_gmt":"2026-03-10T11:27:38","slug":"kit-suspension-delantera-slk-r171","status":"publish","type":"product","link":"https:\/\/www.silentblocks.com\/es\/producto\/kit-suspension-delantera-slk-r171\/","title":{"rendered":"Kit suspensi\u00f3n delantera, SLK R171"},"content":{"rendered":"<p>Kit de suspensi\u00f3n delantera, silentblocks de barra estabilizadora y brazos de suspensi\u00f3n delantera, compatible con los siguientes veh\u00edculos:<br \/>\nMercedes SLK R171 (2004-2011)<\/p>\n<p>Inf\u00f3rmanos de tu elecci\u00f3n en las notas de tu pedido:<br \/>\n&#8211; Di\u00e1metros disponibles de la barra estabilizadora: 19, 20, 21 mm<\/p>\n<p>Dureza: 80\/90Sha<\/p>\n<p>Referencias del fabricante (c\u00f3digo OEM) s\u00f3lo a t\u00edtulo informativo :<br \/>\nA2033331014, 2033331014, A2043331014, 2043331014, A2113331114, A2113332914, A2303330614<\/p>\n<p>Piezas nuevas, se vende con factura. Todos nuestros productos tienen 2 a\u00f1os de garant\u00eda.<\/p>\n","protected":false},"excerpt":{"rendered":"<p>Kit de suspensi\u00f3n delantera, silentblocks de barra estabilizadora y brazos de suspensi\u00f3n delantera, compatible con los siguientes veh\u00edculos: Mercedes SLK R171 (2004-2011) Inf\u00f3rmanos de tu elecci\u00f3n en las notas de tu pedido: &#8211; Di\u00e1metros disponibles de la barra estabilizadora: 19, 20, 21 mm Dureza: 80\/90Sha Referencias del fabricante (c\u00f3digo OEM) s\u00f3lo a t\u00edtulo informativo : [&hellip;]<\/p>\n","protected":false},"featured_media":135105,"template":"","meta":[],"product_brand":[],"product_cat":[5946],"product_tag":[],"class_list":{"0":"post-135073","1":"product","2":"type-product","3":"status-publish","4":"has-post-thumbnail","6":"product_cat-slk-r171-es","8":"first","9":"instock","10":"shipping-taxable","11":"purchasable","12":"product-type-simple"},"yoast_head":"<!-- This site is optimized with the Yoast SEO Premium plugin v23.0 (Yoast SEO v27.4) - https:\/\/yoast.com\/product\/yoast-seo-premium-wordpress\/ -->\n<title>Kit suspensi\u00f3n delantera, SLK R171 - SILENT BLOCKS<\/title>\n<meta name=\"description\" content=\"Kit suspensi\u00f3n delantera, SLK R171 en poliuretano para Mercedes SLK R171, compatible oem A2033331014, 2033331014, A2043331014, 2043331014, A2113331114\" \/>\n<meta name=\"robots\" content=\"index, follow, max-snippet:-1, max-image-preview:large, max-video-preview:-1\" \/>\n<link rel=\"canonical\" href=\"https:\/\/www.silentblocks.com\/es\/producto\/kit-suspension-delantera-slk-r171\/\" \/>\n<meta property=\"og:locale\" content=\"es_ES\" \/>\n<meta property=\"og:type\" content=\"article\" \/>\n<meta property=\"og:title\" content=\"Kit suspensi\u00f3n delantera, SLK R171\" \/>\n<meta property=\"og:description\" content=\"Kit suspensi\u00f3n delantera, SLK R171 en poliuretano para Mercedes SLK R171, compatible oem A2033331014, 2033331014, A2043331014, 2043331014, A2113331114\" \/>\n<meta property=\"og:url\" content=\"https:\/\/www.silentblocks.com\/es\/producto\/kit-suspension-delantera-slk-r171\/\" \/>\n<meta property=\"og:site_name\" content=\"SILENT BLOCKS\" \/>\n<meta property=\"og:image\" content=\"https:\/\/www.silentblocks.com\/wp-content\/uploads\/2026\/03\/116278b_kit.jpg\" \/>\n\t<meta property=\"og:image:width\" content=\"1024\" \/>\n\t<meta property=\"og:image:height\" content=\"1024\" \/>\n\t<meta property=\"og:image:type\" content=\"image\/jpeg\" \/>\n<meta name=\"twitter:card\" content=\"summary_large_image\" \/>\n<script type=\"application\/ld+json\" class=\"yoast-schema-graph\">{\"@context\":\"https:\\\/\\\/schema.org\",\"@graph\":[{\"@type\":\"WebPage\",\"@id\":\"https:\\\/\\\/www.silentblocks.com\\\/es\\\/producto\\\/kit-suspension-delantera-slk-r171\\\/\",\"url\":\"https:\\\/\\\/www.silentblocks.com\\\/es\\\/producto\\\/kit-suspension-delantera-slk-r171\\\/\",\"name\":\"Kit suspensi\u00f3n delantera, SLK R171 - SILENT BLOCKS\",\"isPartOf\":{\"@id\":\"https:\\\/\\\/www.silentblocks.com\\\/es\\\/#website\"},\"primaryImageOfPage\":{\"@id\":\"https:\\\/\\\/www.silentblocks.com\\\/es\\\/producto\\\/kit-suspension-delantera-slk-r171\\\/#primaryimage\"},\"image\":{\"@id\":\"https:\\\/\\\/www.silentblocks.com\\\/es\\\/producto\\\/kit-suspension-delantera-slk-r171\\\/#primaryimage\"},\"thumbnailUrl\":\"https:\\\/\\\/www.silentblocks.com\\\/wp-content\\\/uploads\\\/2026\\\/03\\\/116278b_kit-1.jpg\",\"datePublished\":\"2026-03-10T11:27:38+00:00\",\"description\":\"Kit suspensi\u00f3n delantera, SLK R171 en poliuretano para Mercedes SLK R171, compatible oem A2033331014, 2033331014, A2043331014, 2043331014, A2113331114\",\"breadcrumb\":{\"@id\":\"https:\\\/\\\/www.silentblocks.com\\\/es\\\/producto\\\/kit-suspension-delantera-slk-r171\\\/#breadcrumb\"},\"inLanguage\":\"es\",\"potentialAction\":[{\"@type\":\"ReadAction\",\"target\":[\"https:\\\/\\\/www.silentblocks.com\\\/es\\\/producto\\\/kit-suspension-delantera-slk-r171\\\/\"]}]},{\"@type\":\"ImageObject\",\"inLanguage\":\"es\",\"@id\":\"https:\\\/\\\/www.silentblocks.com\\\/es\\\/producto\\\/kit-suspension-delantera-slk-r171\\\/#primaryimage\",\"url\":\"https:\\\/\\\/www.silentblocks.com\\\/wp-content\\\/uploads\\\/2026\\\/03\\\/116278b_kit-1.jpg\",\"contentUrl\":\"https:\\\/\\\/www.silentblocks.com\\\/wp-content\\\/uploads\\\/2026\\\/03\\\/116278b_kit-1.jpg\",\"width\":1024,\"height\":1024},{\"@type\":\"BreadcrumbList\",\"@id\":\"https:\\\/\\\/www.silentblocks.com\\\/es\\\/producto\\\/kit-suspension-delantera-slk-r171\\\/#breadcrumb\",\"itemListElement\":[{\"@type\":\"ListItem\",\"position\":1,\"name\":\"In\u00edcio\",\"item\":\"https:\\\/\\\/www.silentblocks.com\\\/es\\\/\"},{\"@type\":\"ListItem\",\"position\":2,\"name\":\"Page boutique\",\"item\":\"https:\\\/\\\/www.silentblocks.com\\\/es\\\/shop-2\\\/\"},{\"@type\":\"ListItem\",\"position\":3,\"name\":\"Kit suspensi\u00f3n delantera, SLK R171\"}]},{\"@type\":\"WebSite\",\"@id\":\"https:\\\/\\\/www.silentblocks.com\\\/es\\\/#website\",\"url\":\"https:\\\/\\\/www.silentblocks.com\\\/es\\\/\",\"name\":\"SILENTBLOCKS\",\"description\":\"Secure on the road\",\"publisher\":{\"@id\":\"https:\\\/\\\/www.silentblocks.com\\\/es\\\/#organization\"},\"potentialAction\":[{\"@type\":\"SearchAction\",\"target\":{\"@type\":\"EntryPoint\",\"urlTemplate\":\"https:\\\/\\\/www.silentblocks.com\\\/es\\\/?s={search_term_string}\"},\"query-input\":{\"@type\":\"PropertyValueSpecification\",\"valueRequired\":true,\"valueName\":\"search_term_string\"}}],\"inLanguage\":\"es\"},{\"@type\":\"Organization\",\"@id\":\"https:\\\/\\\/www.silentblocks.com\\\/es\\\/#organization\",\"name\":\"SILENTBLOCKS\",\"url\":\"https:\\\/\\\/www.silentblocks.com\\\/es\\\/\",\"logo\":{\"@type\":\"ImageObject\",\"inLanguage\":\"es\",\"@id\":\"https:\\\/\\\/www.silentblocks.com\\\/es\\\/#\\\/schema\\\/logo\\\/image\\\/\",\"url\":\"https:\\\/\\\/www.silentblocks.com\\\/wp-content\\\/uploads\\\/2023\\\/07\\\/logo211-sem-fundo_2012-PARA-BOUTIQUE-EBAY.png\",\"contentUrl\":\"https:\\\/\\\/www.silentblocks.com\\\/wp-content\\\/uploads\\\/2023\\\/07\\\/logo211-sem-fundo_2012-PARA-BOUTIQUE-EBAY.png\",\"width\":300,\"height\":190,\"caption\":\"SILENTBLOCKS\"},\"image\":{\"@id\":\"https:\\\/\\\/www.silentblocks.com\\\/es\\\/#\\\/schema\\\/logo\\\/image\\\/\"}}]}<\/script>\n<!-- \/ Yoast SEO Premium plugin. -->","yoast_head_json":{"title":"Kit suspensi\u00f3n delantera, SLK R171 - SILENT BLOCKS","description":"Kit suspensi\u00f3n delantera, SLK R171 en poliuretano para Mercedes SLK R171, compatible oem A2033331014, 2033331014, A2043331014, 2043331014, A2113331114","robots":{"index":"index","follow":"follow","max-snippet":"max-snippet:-1","max-image-preview":"max-image-preview:large","max-video-preview":"max-video-preview:-1"},"canonical":"https:\/\/www.silentblocks.com\/es\/producto\/kit-suspension-delantera-slk-r171\/","og_locale":"es_ES","og_type":"article","og_title":"Kit suspensi\u00f3n delantera, SLK R171","og_description":"Kit suspensi\u00f3n delantera, SLK R171 en poliuretano para Mercedes SLK R171, compatible oem A2033331014, 2033331014, A2043331014, 2043331014, A2113331114","og_url":"https:\/\/www.silentblocks.com\/es\/producto\/kit-suspension-delantera-slk-r171\/","og_site_name":"SILENT BLOCKS","og_image":[{"width":1024,"height":1024,"url":"https:\/\/www.silentblocks.com\/wp-content\/uploads\/2026\/03\/116278b_kit.jpg","type":"image\/jpeg"}],"twitter_card":"summary_large_image","schema":{"@context":"https:\/\/schema.org","@graph":[{"@type":"WebPage","@id":"https:\/\/www.silentblocks.com\/es\/producto\/kit-suspension-delantera-slk-r171\/","url":"https:\/\/www.silentblocks.com\/es\/producto\/kit-suspension-delantera-slk-r171\/","name":"Kit suspensi\u00f3n delantera, SLK R171 - SILENT BLOCKS","isPartOf":{"@id":"https:\/\/www.silentblocks.com\/es\/#website"},"primaryImageOfPage":{"@id":"https:\/\/www.silentblocks.com\/es\/producto\/kit-suspension-delantera-slk-r171\/#primaryimage"},"image":{"@id":"https:\/\/www.silentblocks.com\/es\/producto\/kit-suspension-delantera-slk-r171\/#primaryimage"},"thumbnailUrl":"https:\/\/www.silentblocks.com\/wp-content\/uploads\/2026\/03\/116278b_kit-1.jpg","datePublished":"2026-03-10T11:27:38+00:00","description":"Kit suspensi\u00f3n delantera, SLK R171 en poliuretano para Mercedes SLK R171, compatible oem A2033331014, 2033331014, A2043331014, 2043331014, A2113331114","breadcrumb":{"@id":"https:\/\/www.silentblocks.com\/es\/producto\/kit-suspension-delantera-slk-r171\/#breadcrumb"},"inLanguage":"es","potentialAction":[{"@type":"ReadAction","target":["https:\/\/www.silentblocks.com\/es\/producto\/kit-suspension-delantera-slk-r171\/"]}]},{"@type":"ImageObject","inLanguage":"es","@id":"https:\/\/www.silentblocks.com\/es\/producto\/kit-suspension-delantera-slk-r171\/#primaryimage","url":"https:\/\/www.silentblocks.com\/wp-content\/uploads\/2026\/03\/116278b_kit-1.jpg","contentUrl":"https:\/\/www.silentblocks.com\/wp-content\/uploads\/2026\/03\/116278b_kit-1.jpg","width":1024,"height":1024},{"@type":"BreadcrumbList","@id":"https:\/\/www.silentblocks.com\/es\/producto\/kit-suspension-delantera-slk-r171\/#breadcrumb","itemListElement":[{"@type":"ListItem","position":1,"name":"In\u00edcio","item":"https:\/\/www.silentblocks.com\/es\/"},{"@type":"ListItem","position":2,"name":"Page boutique","item":"https:\/\/www.silentblocks.com\/es\/shop-2\/"},{"@type":"ListItem","position":3,"name":"Kit suspensi\u00f3n delantera, SLK R171"}]},{"@type":"WebSite","@id":"https:\/\/www.silentblocks.com\/es\/#website","url":"https:\/\/www.silentblocks.com\/es\/","name":"SILENTBLOCKS","description":"Secure on the road","publisher":{"@id":"https:\/\/www.silentblocks.com\/es\/#organization"},"potentialAction":[{"@type":"SearchAction","target":{"@type":"EntryPoint","urlTemplate":"https:\/\/www.silentblocks.com\/es\/?s={search_term_string}"},"query-input":{"@type":"PropertyValueSpecification","valueRequired":true,"valueName":"search_term_string"}}],"inLanguage":"es"},{"@type":"Organization","@id":"https:\/\/www.silentblocks.com\/es\/#organization","name":"SILENTBLOCKS","url":"https:\/\/www.silentblocks.com\/es\/","logo":{"@type":"ImageObject","inLanguage":"es","@id":"https:\/\/www.silentblocks.com\/es\/#\/schema\/logo\/image\/","url":"https:\/\/www.silentblocks.com\/wp-content\/uploads\/2023\/07\/logo211-sem-fundo_2012-PARA-BOUTIQUE-EBAY.png","contentUrl":"https:\/\/www.silentblocks.com\/wp-content\/uploads\/2023\/07\/logo211-sem-fundo_2012-PARA-BOUTIQUE-EBAY.png","width":300,"height":190,"caption":"SILENTBLOCKS"},"image":{"@id":"https:\/\/www.silentblocks.com\/es\/#\/schema\/logo\/image\/"}}]}},"_links":{"self":[{"href":"https:\/\/www.silentblocks.com\/es\/wp-json\/wp\/v2\/product\/135073","targetHints":{"allow":["GET"]}}],"collection":[{"href":"https:\/\/www.silentblocks.com\/es\/wp-json\/wp\/v2\/product"}],"about":[{"href":"https:\/\/www.silentblocks.com\/es\/wp-json\/wp\/v2\/types\/product"}],"version-history":[{"count":0,"href":"https:\/\/www.silentblocks.com\/es\/wp-json\/wp\/v2\/product\/135073\/revisions"}],"wp:featuredmedia":[{"embeddable":true,"href":"https:\/\/www.silentblocks.com\/es\/wp-json\/wp\/v2\/media\/135105"}],"wp:attachment":[{"href":"https:\/\/www.silentblocks.com\/es\/wp-json\/wp\/v2\/media?parent=135073"}],"wp:term":[{"taxonomy":"product_brand","embeddable":true,"href":"https:\/\/www.silentblocks.com\/es\/wp-json\/wp\/v2\/product_brand?post=135073"},{"taxonomy":"product_cat","embeddable":true,"href":"https:\/\/www.silentblocks.com\/es\/wp-json\/wp\/v2\/product_cat?post=135073"},{"taxonomy":"product_tag","embeddable":true,"href":"https:\/\/www.silentblocks.com\/es\/wp-json\/wp\/v2\/product_tag?post=135073"}],"curies":[{"name":"wp","href":"https:\/\/api.w.org\/{rel}","templated":true}]}}