{"id":135161,"date":"2026-03-11T14:40:26","date_gmt":"2026-03-11T14:40:26","guid":{"rendered":"https:\/\/www.silentblocks.com\/product\/silentblocks-de-los-brazos-inferiores-traseros-124-clase-c-clc-clk-clase-e-sl-slk\/"},"modified":"2026-03-11T14:40:26","modified_gmt":"2026-03-11T14:40:26","slug":"silentblocks-de-los-brazos-inferiores-traseros-124-clase-c-clc-clk-clase-e-sl-slk","status":"publish","type":"product","link":"https:\/\/www.silentblocks.com\/es\/producto\/silentblocks-de-los-brazos-inferiores-traseros-124-clase-c-clc-clk-clase-e-sl-slk\/","title":{"rendered":"Silentblocks de los brazos inferiores traseros, 124, Clase C, CLC, CLK, Clase E, SL, SLK"},"content":{"rendered":"<p>Silentblocks en ambos brazos inferiores traseros, compatibles con los siguientes veh\u00edculos:<br \/>\nMercedes 124 Descapotable (A124)<br \/>\nMercedes 124 Coup\u00e9 (C124)<br \/>\nMercedes 124 Berlina (W124)<br \/>\nMercedes 124 T-Modelo (S124)<br \/>\nMercedes 190 (W201)<br \/>\nMercedes C-CLASS (W202)<br \/>\nMercedes C-CLASS (W203)<br \/>\nMercedes C-CLASS Coup\u00e9 (CL203)<br \/>\nMercedes C-CLASS T-Modelo (S202)<br \/>\nMercedes C-CLASS T-Modelo (S203)<br \/>\nMercedes CLC-CLASS (CL203)<br \/>\nMercedes CLK (C208)<br \/>\nMercedes CLK (C209)<br \/>\nMercedes CLK Descapotable (A208)<br \/>\nMercedes CLK Descapotable (A209)<br \/>\nMercedes E-CLASS (W124)<br \/>\nMercedes E-CLASS (W210)<br \/>\nMercedes E-CLASS Descapotable (A124)<br \/>\nMercedes E-CLASS Coup\u00e9 (C124)<br \/>\nPlataforma\/chasis Mercedes E-CLASS (VF210)<br \/>\nMercedes E-CLASS T-Model (S124)<br \/>\nMercedes E-CLASS T-Modelo (S210)<br \/>\nMercedes SL (R129)<br \/>\nMercedes SLK (R170)<br \/>\nMercedes SLK (R171)<\/p>\n<p>Referencias del fabricante (c\u00f3digo OEM) s\u00f3lo a t\u00edtulo informativo :<br \/>\n124 352 70 65, 201 352 36 65, 202 352 00 65, 202 352 01 65, A 124 352 70 65, A 201 352 36 65, A 202 352 00 65, A 202 352 01 65<\/p>\n<p>Piezas nuevas, se vende con factura. Todos nuestros productos tienen 2 a\u00f1os de garant\u00eda.<\/p>\n","protected":false},"excerpt":{"rendered":"<p>Silentblocks en ambos brazos inferiores traseros, compatibles con los siguientes veh\u00edculos: Mercedes 124 Descapotable (A124) Mercedes 124 Coup\u00e9 (C124) Mercedes 124 Berlina (W124) Mercedes 124 T-Modelo (S124) Mercedes 190 (W201) Mercedes C-CLASS (W202) Mercedes C-CLASS (W203) Mercedes C-CLASS Coup\u00e9 (CL203) Mercedes C-CLASS T-Modelo (S202) Mercedes C-CLASS T-Modelo (S203) Mercedes CLC-CLASS (CL203) Mercedes CLK (C208) Mercedes [&hellip;]<\/p>\n","protected":false},"featured_media":135159,"template":"","meta":[],"product_brand":[],"product_cat":[3061,5953,3065,3068,6077,5944,5946],"product_tag":[],"class_list":{"0":"post-135161","1":"product","2":"type-product","3":"status-publish","4":"has-post-thumbnail","6":"product_cat-class-c-w203-es","7":"product_cat-clk-c208-es","8":"product_cat-class-e-w124-190-es","9":"product_cat-class-e-w210-01-09-es","10":"product_cat-sl-r129","11":"product_cat-slk-r170-es","12":"product_cat-slk-r171-es","14":"first","15":"instock","16":"shipping-taxable","17":"purchasable","18":"product-type-simple"},"yoast_head":"<!-- This site is optimized with the Yoast SEO Premium plugin v23.0 (Yoast SEO v27.4) - https:\/\/yoast.com\/product\/yoast-seo-premium-wordpress\/ -->\n<title>Silentblocks de los brazos inferiores traseros, 124, Clase C, CLC, CLK, Clase E, SL, SLK - SILENT BLOCKS<\/title>\n<meta name=\"description\" content=\"Bujes del brazo inferior trasero para Mercedes 124, Clase C, CLC, CLK, Clase E, SL, SLK R170\/R171, compatibles con oem 124 352 70 65, 201 352 36 65, 202 352 00 65\" \/>\n<meta name=\"robots\" content=\"index, follow, max-snippet:-1, max-image-preview:large, max-video-preview:-1\" \/>\n<link rel=\"canonical\" href=\"https:\/\/www.silentblocks.com\/es\/producto\/silentblocks-de-los-brazos-inferiores-traseros-124-clase-c-clc-clk-clase-e-sl-slk\/\" \/>\n<meta property=\"og:locale\" content=\"es_ES\" \/>\n<meta property=\"og:type\" content=\"article\" \/>\n<meta property=\"og:title\" content=\"Silentblocks de los brazos inferiores traseros, 124, Clase C, CLC, CLK, Clase E, SL, SLK\" \/>\n<meta property=\"og:description\" content=\"Bujes del brazo inferior trasero para Mercedes 124, Clase C, CLC, CLK, Clase E, SL, SLK R170\/R171, compatibles con oem 124 352 70 65, 201 352 36 65, 202 352 00 65\" \/>\n<meta property=\"og:url\" content=\"https:\/\/www.silentblocks.com\/es\/producto\/silentblocks-de-los-brazos-inferiores-traseros-124-clase-c-clc-clk-clase-e-sl-slk\/\" \/>\n<meta property=\"og:site_name\" content=\"SILENT BLOCKS\" \/>\n<meta property=\"og:image\" content=\"https:\/\/www.silentblocks.com\/wp-content\/uploads\/2026\/03\/silentblocs-bras-inferieurs-arrieres-SLK-R171.jpg\" \/>\n\t<meta property=\"og:image:width\" content=\"1500\" \/>\n\t<meta property=\"og:image:height\" content=\"1500\" \/>\n\t<meta property=\"og:image:type\" content=\"image\/jpeg\" \/>\n<meta name=\"twitter:card\" content=\"summary_large_image\" \/>\n<meta name=\"twitter:label1\" content=\"Tiempo de lectura\" \/>\n\t<meta name=\"twitter:data1\" content=\"1 minuto\" \/>\n<script type=\"application\/ld+json\" class=\"yoast-schema-graph\">{\"@context\":\"https:\\\/\\\/schema.org\",\"@graph\":[{\"@type\":\"WebPage\",\"@id\":\"https:\\\/\\\/www.silentblocks.com\\\/es\\\/producto\\\/silentblocks-de-los-brazos-inferiores-traseros-124-clase-c-clc-clk-clase-e-sl-slk\\\/\",\"url\":\"https:\\\/\\\/www.silentblocks.com\\\/es\\\/producto\\\/silentblocks-de-los-brazos-inferiores-traseros-124-clase-c-clc-clk-clase-e-sl-slk\\\/\",\"name\":\"Silentblocks de los brazos inferiores traseros, 124, Clase C, CLC, CLK, Clase E, SL, SLK - SILENT BLOCKS\",\"isPartOf\":{\"@id\":\"https:\\\/\\\/www.silentblocks.com\\\/es\\\/#website\"},\"primaryImageOfPage\":{\"@id\":\"https:\\\/\\\/www.silentblocks.com\\\/es\\\/producto\\\/silentblocks-de-los-brazos-inferiores-traseros-124-clase-c-clc-clk-clase-e-sl-slk\\\/#primaryimage\"},\"image\":{\"@id\":\"https:\\\/\\\/www.silentblocks.com\\\/es\\\/producto\\\/silentblocks-de-los-brazos-inferiores-traseros-124-clase-c-clc-clk-clase-e-sl-slk\\\/#primaryimage\"},\"thumbnailUrl\":\"https:\\\/\\\/www.silentblocks.com\\\/wp-content\\\/uploads\\\/2026\\\/03\\\/silentblocs-bras-inferieurs-arrieres-SLK-R171.jpg\",\"datePublished\":\"2026-03-11T14:40:26+00:00\",\"description\":\"Bujes del brazo inferior trasero para Mercedes 124, Clase C, CLC, CLK, Clase E, SL, SLK R170\\\/R171, compatibles con oem 124 352 70 65, 201 352 36 65, 202 352 00 65\",\"breadcrumb\":{\"@id\":\"https:\\\/\\\/www.silentblocks.com\\\/es\\\/producto\\\/silentblocks-de-los-brazos-inferiores-traseros-124-clase-c-clc-clk-clase-e-sl-slk\\\/#breadcrumb\"},\"inLanguage\":\"es\",\"potentialAction\":[{\"@type\":\"ReadAction\",\"target\":[\"https:\\\/\\\/www.silentblocks.com\\\/es\\\/producto\\\/silentblocks-de-los-brazos-inferiores-traseros-124-clase-c-clc-clk-clase-e-sl-slk\\\/\"]}]},{\"@type\":\"ImageObject\",\"inLanguage\":\"es\",\"@id\":\"https:\\\/\\\/www.silentblocks.com\\\/es\\\/producto\\\/silentblocks-de-los-brazos-inferiores-traseros-124-clase-c-clc-clk-clase-e-sl-slk\\\/#primaryimage\",\"url\":\"https:\\\/\\\/www.silentblocks.com\\\/wp-content\\\/uploads\\\/2026\\\/03\\\/silentblocs-bras-inferieurs-arrieres-SLK-R171.jpg\",\"contentUrl\":\"https:\\\/\\\/www.silentblocks.com\\\/wp-content\\\/uploads\\\/2026\\\/03\\\/silentblocs-bras-inferieurs-arrieres-SLK-R171.jpg\",\"width\":1500,\"height\":1500},{\"@type\":\"BreadcrumbList\",\"@id\":\"https:\\\/\\\/www.silentblocks.com\\\/es\\\/producto\\\/silentblocks-de-los-brazos-inferiores-traseros-124-clase-c-clc-clk-clase-e-sl-slk\\\/#breadcrumb\",\"itemListElement\":[{\"@type\":\"ListItem\",\"position\":1,\"name\":\"In\u00edcio\",\"item\":\"https:\\\/\\\/www.silentblocks.com\\\/es\\\/\"},{\"@type\":\"ListItem\",\"position\":2,\"name\":\"Page boutique\",\"item\":\"https:\\\/\\\/www.silentblocks.com\\\/es\\\/shop-2\\\/\"},{\"@type\":\"ListItem\",\"position\":3,\"name\":\"Silentblocks de los brazos inferiores traseros, 124, Clase C, CLC, CLK, Clase E, SL, SLK\"}]},{\"@type\":\"WebSite\",\"@id\":\"https:\\\/\\\/www.silentblocks.com\\\/es\\\/#website\",\"url\":\"https:\\\/\\\/www.silentblocks.com\\\/es\\\/\",\"name\":\"SILENTBLOCKS\",\"description\":\"Secure on the road\",\"publisher\":{\"@id\":\"https:\\\/\\\/www.silentblocks.com\\\/es\\\/#organization\"},\"potentialAction\":[{\"@type\":\"SearchAction\",\"target\":{\"@type\":\"EntryPoint\",\"urlTemplate\":\"https:\\\/\\\/www.silentblocks.com\\\/es\\\/?s={search_term_string}\"},\"query-input\":{\"@type\":\"PropertyValueSpecification\",\"valueRequired\":true,\"valueName\":\"search_term_string\"}}],\"inLanguage\":\"es\"},{\"@type\":\"Organization\",\"@id\":\"https:\\\/\\\/www.silentblocks.com\\\/es\\\/#organization\",\"name\":\"SILENTBLOCKS\",\"url\":\"https:\\\/\\\/www.silentblocks.com\\\/es\\\/\",\"logo\":{\"@type\":\"ImageObject\",\"inLanguage\":\"es\",\"@id\":\"https:\\\/\\\/www.silentblocks.com\\\/es\\\/#\\\/schema\\\/logo\\\/image\\\/\",\"url\":\"https:\\\/\\\/www.silentblocks.com\\\/wp-content\\\/uploads\\\/2023\\\/07\\\/logo211-sem-fundo_2012-PARA-BOUTIQUE-EBAY.png\",\"contentUrl\":\"https:\\\/\\\/www.silentblocks.com\\\/wp-content\\\/uploads\\\/2023\\\/07\\\/logo211-sem-fundo_2012-PARA-BOUTIQUE-EBAY.png\",\"width\":300,\"height\":190,\"caption\":\"SILENTBLOCKS\"},\"image\":{\"@id\":\"https:\\\/\\\/www.silentblocks.com\\\/es\\\/#\\\/schema\\\/logo\\\/image\\\/\"}}]}<\/script>\n<!-- \/ Yoast SEO Premium plugin. -->","yoast_head_json":{"title":"Silentblocks de los brazos inferiores traseros, 124, Clase C, CLC, CLK, Clase E, SL, SLK - SILENT BLOCKS","description":"Bujes del brazo inferior trasero para Mercedes 124, Clase C, CLC, CLK, Clase E, SL, SLK R170\/R171, compatibles con oem 124 352 70 65, 201 352 36 65, 202 352 00 65","robots":{"index":"index","follow":"follow","max-snippet":"max-snippet:-1","max-image-preview":"max-image-preview:large","max-video-preview":"max-video-preview:-1"},"canonical":"https:\/\/www.silentblocks.com\/es\/producto\/silentblocks-de-los-brazos-inferiores-traseros-124-clase-c-clc-clk-clase-e-sl-slk\/","og_locale":"es_ES","og_type":"article","og_title":"Silentblocks de los brazos inferiores traseros, 124, Clase C, CLC, CLK, Clase E, SL, SLK","og_description":"Bujes del brazo inferior trasero para Mercedes 124, Clase C, CLC, CLK, Clase E, SL, SLK R170\/R171, compatibles con oem 124 352 70 65, 201 352 36 65, 202 352 00 65","og_url":"https:\/\/www.silentblocks.com\/es\/producto\/silentblocks-de-los-brazos-inferiores-traseros-124-clase-c-clc-clk-clase-e-sl-slk\/","og_site_name":"SILENT BLOCKS","og_image":[{"width":1500,"height":1500,"url":"https:\/\/www.silentblocks.com\/wp-content\/uploads\/2026\/03\/silentblocs-bras-inferieurs-arrieres-SLK-R171.jpg","type":"image\/jpeg"}],"twitter_card":"summary_large_image","twitter_misc":{"Tiempo de lectura":"1 minuto"},"schema":{"@context":"https:\/\/schema.org","@graph":[{"@type":"WebPage","@id":"https:\/\/www.silentblocks.com\/es\/producto\/silentblocks-de-los-brazos-inferiores-traseros-124-clase-c-clc-clk-clase-e-sl-slk\/","url":"https:\/\/www.silentblocks.com\/es\/producto\/silentblocks-de-los-brazos-inferiores-traseros-124-clase-c-clc-clk-clase-e-sl-slk\/","name":"Silentblocks de los brazos inferiores traseros, 124, Clase C, CLC, CLK, Clase E, SL, SLK - SILENT BLOCKS","isPartOf":{"@id":"https:\/\/www.silentblocks.com\/es\/#website"},"primaryImageOfPage":{"@id":"https:\/\/www.silentblocks.com\/es\/producto\/silentblocks-de-los-brazos-inferiores-traseros-124-clase-c-clc-clk-clase-e-sl-slk\/#primaryimage"},"image":{"@id":"https:\/\/www.silentblocks.com\/es\/producto\/silentblocks-de-los-brazos-inferiores-traseros-124-clase-c-clc-clk-clase-e-sl-slk\/#primaryimage"},"thumbnailUrl":"https:\/\/www.silentblocks.com\/wp-content\/uploads\/2026\/03\/silentblocs-bras-inferieurs-arrieres-SLK-R171.jpg","datePublished":"2026-03-11T14:40:26+00:00","description":"Bujes del brazo inferior trasero para Mercedes 124, Clase C, CLC, CLK, Clase E, SL, SLK R170\/R171, compatibles con oem 124 352 70 65, 201 352 36 65, 202 352 00 65","breadcrumb":{"@id":"https:\/\/www.silentblocks.com\/es\/producto\/silentblocks-de-los-brazos-inferiores-traseros-124-clase-c-clc-clk-clase-e-sl-slk\/#breadcrumb"},"inLanguage":"es","potentialAction":[{"@type":"ReadAction","target":["https:\/\/www.silentblocks.com\/es\/producto\/silentblocks-de-los-brazos-inferiores-traseros-124-clase-c-clc-clk-clase-e-sl-slk\/"]}]},{"@type":"ImageObject","inLanguage":"es","@id":"https:\/\/www.silentblocks.com\/es\/producto\/silentblocks-de-los-brazos-inferiores-traseros-124-clase-c-clc-clk-clase-e-sl-slk\/#primaryimage","url":"https:\/\/www.silentblocks.com\/wp-content\/uploads\/2026\/03\/silentblocs-bras-inferieurs-arrieres-SLK-R171.jpg","contentUrl":"https:\/\/www.silentblocks.com\/wp-content\/uploads\/2026\/03\/silentblocs-bras-inferieurs-arrieres-SLK-R171.jpg","width":1500,"height":1500},{"@type":"BreadcrumbList","@id":"https:\/\/www.silentblocks.com\/es\/producto\/silentblocks-de-los-brazos-inferiores-traseros-124-clase-c-clc-clk-clase-e-sl-slk\/#breadcrumb","itemListElement":[{"@type":"ListItem","position":1,"name":"In\u00edcio","item":"https:\/\/www.silentblocks.com\/es\/"},{"@type":"ListItem","position":2,"name":"Page boutique","item":"https:\/\/www.silentblocks.com\/es\/shop-2\/"},{"@type":"ListItem","position":3,"name":"Silentblocks de los brazos inferiores traseros, 124, Clase C, CLC, CLK, Clase E, SL, SLK"}]},{"@type":"WebSite","@id":"https:\/\/www.silentblocks.com\/es\/#website","url":"https:\/\/www.silentblocks.com\/es\/","name":"SILENTBLOCKS","description":"Secure on the road","publisher":{"@id":"https:\/\/www.silentblocks.com\/es\/#organization"},"potentialAction":[{"@type":"SearchAction","target":{"@type":"EntryPoint","urlTemplate":"https:\/\/www.silentblocks.com\/es\/?s={search_term_string}"},"query-input":{"@type":"PropertyValueSpecification","valueRequired":true,"valueName":"search_term_string"}}],"inLanguage":"es"},{"@type":"Organization","@id":"https:\/\/www.silentblocks.com\/es\/#organization","name":"SILENTBLOCKS","url":"https:\/\/www.silentblocks.com\/es\/","logo":{"@type":"ImageObject","inLanguage":"es","@id":"https:\/\/www.silentblocks.com\/es\/#\/schema\/logo\/image\/","url":"https:\/\/www.silentblocks.com\/wp-content\/uploads\/2023\/07\/logo211-sem-fundo_2012-PARA-BOUTIQUE-EBAY.png","contentUrl":"https:\/\/www.silentblocks.com\/wp-content\/uploads\/2023\/07\/logo211-sem-fundo_2012-PARA-BOUTIQUE-EBAY.png","width":300,"height":190,"caption":"SILENTBLOCKS"},"image":{"@id":"https:\/\/www.silentblocks.com\/es\/#\/schema\/logo\/image\/"}}]}},"_links":{"self":[{"href":"https:\/\/www.silentblocks.com\/es\/wp-json\/wp\/v2\/product\/135161","targetHints":{"allow":["GET"]}}],"collection":[{"href":"https:\/\/www.silentblocks.com\/es\/wp-json\/wp\/v2\/product"}],"about":[{"href":"https:\/\/www.silentblocks.com\/es\/wp-json\/wp\/v2\/types\/product"}],"version-history":[{"count":0,"href":"https:\/\/www.silentblocks.com\/es\/wp-json\/wp\/v2\/product\/135161\/revisions"}],"wp:featuredmedia":[{"embeddable":true,"href":"https:\/\/www.silentblocks.com\/es\/wp-json\/wp\/v2\/media\/135159"}],"wp:attachment":[{"href":"https:\/\/www.silentblocks.com\/es\/wp-json\/wp\/v2\/media?parent=135161"}],"wp:term":[{"taxonomy":"product_brand","embeddable":true,"href":"https:\/\/www.silentblocks.com\/es\/wp-json\/wp\/v2\/product_brand?post=135161"},{"taxonomy":"product_cat","embeddable":true,"href":"https:\/\/www.silentblocks.com\/es\/wp-json\/wp\/v2\/product_cat?post=135161"},{"taxonomy":"product_tag","embeddable":true,"href":"https:\/\/www.silentblocks.com\/es\/wp-json\/wp\/v2\/product_tag?post=135161"}],"curies":[{"name":"wp","href":"https:\/\/api.w.org\/{rel}","templated":true}]}}