{"id":135434,"date":"2026-03-13T14:39:53","date_gmt":"2026-03-13T14:39:53","guid":{"rendered":"https:\/\/www.silentblocks.com\/product\/separadores-de-muelle-trasero-30mm-vw-transporter-t5-2\/"},"modified":"2026-03-13T14:39:53","modified_gmt":"2026-03-13T14:39:53","slug":"separadores-de-muelle-trasero-30mm-vw-transporter-t5-2","status":"publish","type":"product","link":"https:\/\/www.silentblocks.com\/es\/producto\/separadores-de-muelle-trasero-30mm-vw-transporter-t5-2\/","title":{"rendered":"Separadores de muelle trasero 30mm, VW Transporter T5"},"content":{"rendered":"<p>Kit de elevaci\u00f3n de 3 cm, 2 calzos de poliuretano para muelles traseros, compatible con los siguientes veh\u00edculos:<br \/>\nVW California T5 Camper (7EC, 7EF, 7EG, 7HF)<br \/>\nAutob\u00fas VW Transporter T5 (7HB, 7HJ, 7EB, 7EJ)<br \/>\nPlataforma\/chasis VW Transporter T5 (7JD, 7JE, 7JL, 7JY, 7JZ, 7F<br \/>\nFurgoneta VW Transporter T5 (7HA, 7HH, 7EA, 7EH)<br \/>\nVW Multivan T5 (7HM, 7HN, 7HF, 7EF, 7EM, 7EN)<\/p>\n<p>Dureza: 80Sha<\/p>\n<p>Referencias del fabricante (c\u00f3digo OEM) s\u00f3lo a t\u00edtulo informativo :<br \/>\n7H0 511 149, 7H0 511 149 B<\/p>\n<p>Piezas nuevas, se vende con factura. Todos nuestros productos tienen 2 a\u00f1os de garant\u00eda.<\/p>\n","protected":false},"excerpt":{"rendered":"<p>Kit de elevaci\u00f3n de 3 cm, 2 calzos de poliuretano para muelles traseros, compatible con los siguientes veh\u00edculos: VW California T5 Camper (7EC, 7EF, 7EG, 7HF) Autob\u00fas VW Transporter T5 (7HB, 7HJ, 7EB, 7EJ) Plataforma\/chasis VW Transporter T5 (7JD, 7JE, 7JL, 7JY, 7JZ, 7F Furgoneta VW Transporter T5 (7HA, 7HH, 7EA, 7EH) VW Multivan T5 [&hellip;]<\/p>\n","protected":false},"featured_media":135432,"template":"","meta":[],"product_brand":[],"product_cat":[5652],"product_tag":[],"class_list":{"0":"post-135434","1":"product","2":"type-product","3":"status-publish","4":"has-post-thumbnail","6":"product_cat-transporter-t5-es","8":"first","9":"instock","10":"shipping-taxable","11":"purchasable","12":"product-type-simple"},"yoast_head":"<!-- This site is optimized with the Yoast SEO Premium plugin v23.0 (Yoast SEO v27.4) - https:\/\/yoast.com\/product\/yoast-seo-premium-wordpress\/ -->\n<title>Separadores de muelle trasero 30mm, VW Transporter T5 - SILENT BLOCKS<\/title>\n<meta name=\"description\" content=\"Distanciadores de poliuretano 30mm para VW Transporter T5, compatibles oem 7H0 511 149, 7H0 511 149 B\" \/>\n<meta name=\"robots\" content=\"index, follow, max-snippet:-1, max-image-preview:large, max-video-preview:-1\" \/>\n<link rel=\"canonical\" href=\"https:\/\/www.silentblocks.com\/es\/producto\/separadores-de-muelle-trasero-30mm-vw-transporter-t5-2\/\" \/>\n<meta property=\"og:locale\" content=\"es_ES\" \/>\n<meta property=\"og:type\" content=\"article\" \/>\n<meta property=\"og:title\" content=\"Separadores de muelle trasero 30mm, VW Transporter T5\" \/>\n<meta property=\"og:description\" content=\"Distanciadores de poliuretano 30mm para VW Transporter T5, compatibles oem 7H0 511 149, 7H0 511 149 B\" \/>\n<meta property=\"og:url\" content=\"https:\/\/www.silentblocks.com\/es\/producto\/separadores-de-muelle-trasero-30mm-vw-transporter-t5-2\/\" \/>\n<meta property=\"og:site_name\" content=\"SILENT BLOCKS\" \/>\n<meta property=\"og:image\" content=\"https:\/\/www.silentblocks.com\/wp-content\/uploads\/2026\/03\/cales-polyurethane-arriere-transporter-T5.jpg\" \/>\n\t<meta property=\"og:image:width\" content=\"1024\" \/>\n\t<meta property=\"og:image:height\" content=\"1024\" \/>\n\t<meta property=\"og:image:type\" content=\"image\/jpeg\" \/>\n<meta name=\"twitter:card\" content=\"summary_large_image\" \/>\n<script type=\"application\/ld+json\" class=\"yoast-schema-graph\">{\"@context\":\"https:\\\/\\\/schema.org\",\"@graph\":[{\"@type\":\"WebPage\",\"@id\":\"https:\\\/\\\/www.silentblocks.com\\\/es\\\/producto\\\/separadores-de-muelle-trasero-30mm-vw-transporter-t5-2\\\/\",\"url\":\"https:\\\/\\\/www.silentblocks.com\\\/es\\\/producto\\\/separadores-de-muelle-trasero-30mm-vw-transporter-t5-2\\\/\",\"name\":\"Separadores de muelle trasero 30mm, VW Transporter T5 - SILENT BLOCKS\",\"isPartOf\":{\"@id\":\"https:\\\/\\\/www.silentblocks.com\\\/es\\\/#website\"},\"primaryImageOfPage\":{\"@id\":\"https:\\\/\\\/www.silentblocks.com\\\/es\\\/producto\\\/separadores-de-muelle-trasero-30mm-vw-transporter-t5-2\\\/#primaryimage\"},\"image\":{\"@id\":\"https:\\\/\\\/www.silentblocks.com\\\/es\\\/producto\\\/separadores-de-muelle-trasero-30mm-vw-transporter-t5-2\\\/#primaryimage\"},\"thumbnailUrl\":\"https:\\\/\\\/www.silentblocks.com\\\/wp-content\\\/uploads\\\/2026\\\/03\\\/cales-polyurethane-arriere-transporter-T5.jpg\",\"datePublished\":\"2026-03-13T14:39:53+00:00\",\"description\":\"Distanciadores de poliuretano 30mm para VW Transporter T5, compatibles oem 7H0 511 149, 7H0 511 149 B\",\"breadcrumb\":{\"@id\":\"https:\\\/\\\/www.silentblocks.com\\\/es\\\/producto\\\/separadores-de-muelle-trasero-30mm-vw-transporter-t5-2\\\/#breadcrumb\"},\"inLanguage\":\"es\",\"potentialAction\":[{\"@type\":\"ReadAction\",\"target\":[\"https:\\\/\\\/www.silentblocks.com\\\/es\\\/producto\\\/separadores-de-muelle-trasero-30mm-vw-transporter-t5-2\\\/\"]}]},{\"@type\":\"ImageObject\",\"inLanguage\":\"es\",\"@id\":\"https:\\\/\\\/www.silentblocks.com\\\/es\\\/producto\\\/separadores-de-muelle-trasero-30mm-vw-transporter-t5-2\\\/#primaryimage\",\"url\":\"https:\\\/\\\/www.silentblocks.com\\\/wp-content\\\/uploads\\\/2026\\\/03\\\/cales-polyurethane-arriere-transporter-T5.jpg\",\"contentUrl\":\"https:\\\/\\\/www.silentblocks.com\\\/wp-content\\\/uploads\\\/2026\\\/03\\\/cales-polyurethane-arriere-transporter-T5.jpg\",\"width\":1024,\"height\":1024},{\"@type\":\"BreadcrumbList\",\"@id\":\"https:\\\/\\\/www.silentblocks.com\\\/es\\\/producto\\\/separadores-de-muelle-trasero-30mm-vw-transporter-t5-2\\\/#breadcrumb\",\"itemListElement\":[{\"@type\":\"ListItem\",\"position\":1,\"name\":\"In\u00edcio\",\"item\":\"https:\\\/\\\/www.silentblocks.com\\\/es\\\/\"},{\"@type\":\"ListItem\",\"position\":2,\"name\":\"Page boutique\",\"item\":\"https:\\\/\\\/www.silentblocks.com\\\/es\\\/shop-2\\\/\"},{\"@type\":\"ListItem\",\"position\":3,\"name\":\"Separadores de muelle trasero 30mm, VW Transporter T5\"}]},{\"@type\":\"WebSite\",\"@id\":\"https:\\\/\\\/www.silentblocks.com\\\/es\\\/#website\",\"url\":\"https:\\\/\\\/www.silentblocks.com\\\/es\\\/\",\"name\":\"SILENTBLOCKS\",\"description\":\"Secure on the road\",\"publisher\":{\"@id\":\"https:\\\/\\\/www.silentblocks.com\\\/es\\\/#organization\"},\"potentialAction\":[{\"@type\":\"SearchAction\",\"target\":{\"@type\":\"EntryPoint\",\"urlTemplate\":\"https:\\\/\\\/www.silentblocks.com\\\/es\\\/?s={search_term_string}\"},\"query-input\":{\"@type\":\"PropertyValueSpecification\",\"valueRequired\":true,\"valueName\":\"search_term_string\"}}],\"inLanguage\":\"es\"},{\"@type\":\"Organization\",\"@id\":\"https:\\\/\\\/www.silentblocks.com\\\/es\\\/#organization\",\"name\":\"SILENTBLOCKS\",\"url\":\"https:\\\/\\\/www.silentblocks.com\\\/es\\\/\",\"logo\":{\"@type\":\"ImageObject\",\"inLanguage\":\"es\",\"@id\":\"https:\\\/\\\/www.silentblocks.com\\\/es\\\/#\\\/schema\\\/logo\\\/image\\\/\",\"url\":\"https:\\\/\\\/www.silentblocks.com\\\/wp-content\\\/uploads\\\/2023\\\/07\\\/logo211-sem-fundo_2012-PARA-BOUTIQUE-EBAY.png\",\"contentUrl\":\"https:\\\/\\\/www.silentblocks.com\\\/wp-content\\\/uploads\\\/2023\\\/07\\\/logo211-sem-fundo_2012-PARA-BOUTIQUE-EBAY.png\",\"width\":300,\"height\":190,\"caption\":\"SILENTBLOCKS\"},\"image\":{\"@id\":\"https:\\\/\\\/www.silentblocks.com\\\/es\\\/#\\\/schema\\\/logo\\\/image\\\/\"}}]}<\/script>\n<!-- \/ Yoast SEO Premium plugin. -->","yoast_head_json":{"title":"Separadores de muelle trasero 30mm, VW Transporter T5 - SILENT BLOCKS","description":"Distanciadores de poliuretano 30mm para VW Transporter T5, compatibles oem 7H0 511 149, 7H0 511 149 B","robots":{"index":"index","follow":"follow","max-snippet":"max-snippet:-1","max-image-preview":"max-image-preview:large","max-video-preview":"max-video-preview:-1"},"canonical":"https:\/\/www.silentblocks.com\/es\/producto\/separadores-de-muelle-trasero-30mm-vw-transporter-t5-2\/","og_locale":"es_ES","og_type":"article","og_title":"Separadores de muelle trasero 30mm, VW Transporter T5","og_description":"Distanciadores de poliuretano 30mm para VW Transporter T5, compatibles oem 7H0 511 149, 7H0 511 149 B","og_url":"https:\/\/www.silentblocks.com\/es\/producto\/separadores-de-muelle-trasero-30mm-vw-transporter-t5-2\/","og_site_name":"SILENT BLOCKS","og_image":[{"width":1024,"height":1024,"url":"https:\/\/www.silentblocks.com\/wp-content\/uploads\/2026\/03\/cales-polyurethane-arriere-transporter-T5.jpg","type":"image\/jpeg"}],"twitter_card":"summary_large_image","schema":{"@context":"https:\/\/schema.org","@graph":[{"@type":"WebPage","@id":"https:\/\/www.silentblocks.com\/es\/producto\/separadores-de-muelle-trasero-30mm-vw-transporter-t5-2\/","url":"https:\/\/www.silentblocks.com\/es\/producto\/separadores-de-muelle-trasero-30mm-vw-transporter-t5-2\/","name":"Separadores de muelle trasero 30mm, VW Transporter T5 - SILENT BLOCKS","isPartOf":{"@id":"https:\/\/www.silentblocks.com\/es\/#website"},"primaryImageOfPage":{"@id":"https:\/\/www.silentblocks.com\/es\/producto\/separadores-de-muelle-trasero-30mm-vw-transporter-t5-2\/#primaryimage"},"image":{"@id":"https:\/\/www.silentblocks.com\/es\/producto\/separadores-de-muelle-trasero-30mm-vw-transporter-t5-2\/#primaryimage"},"thumbnailUrl":"https:\/\/www.silentblocks.com\/wp-content\/uploads\/2026\/03\/cales-polyurethane-arriere-transporter-T5.jpg","datePublished":"2026-03-13T14:39:53+00:00","description":"Distanciadores de poliuretano 30mm para VW Transporter T5, compatibles oem 7H0 511 149, 7H0 511 149 B","breadcrumb":{"@id":"https:\/\/www.silentblocks.com\/es\/producto\/separadores-de-muelle-trasero-30mm-vw-transporter-t5-2\/#breadcrumb"},"inLanguage":"es","potentialAction":[{"@type":"ReadAction","target":["https:\/\/www.silentblocks.com\/es\/producto\/separadores-de-muelle-trasero-30mm-vw-transporter-t5-2\/"]}]},{"@type":"ImageObject","inLanguage":"es","@id":"https:\/\/www.silentblocks.com\/es\/producto\/separadores-de-muelle-trasero-30mm-vw-transporter-t5-2\/#primaryimage","url":"https:\/\/www.silentblocks.com\/wp-content\/uploads\/2026\/03\/cales-polyurethane-arriere-transporter-T5.jpg","contentUrl":"https:\/\/www.silentblocks.com\/wp-content\/uploads\/2026\/03\/cales-polyurethane-arriere-transporter-T5.jpg","width":1024,"height":1024},{"@type":"BreadcrumbList","@id":"https:\/\/www.silentblocks.com\/es\/producto\/separadores-de-muelle-trasero-30mm-vw-transporter-t5-2\/#breadcrumb","itemListElement":[{"@type":"ListItem","position":1,"name":"In\u00edcio","item":"https:\/\/www.silentblocks.com\/es\/"},{"@type":"ListItem","position":2,"name":"Page boutique","item":"https:\/\/www.silentblocks.com\/es\/shop-2\/"},{"@type":"ListItem","position":3,"name":"Separadores de muelle trasero 30mm, VW Transporter T5"}]},{"@type":"WebSite","@id":"https:\/\/www.silentblocks.com\/es\/#website","url":"https:\/\/www.silentblocks.com\/es\/","name":"SILENTBLOCKS","description":"Secure on the road","publisher":{"@id":"https:\/\/www.silentblocks.com\/es\/#organization"},"potentialAction":[{"@type":"SearchAction","target":{"@type":"EntryPoint","urlTemplate":"https:\/\/www.silentblocks.com\/es\/?s={search_term_string}"},"query-input":{"@type":"PropertyValueSpecification","valueRequired":true,"valueName":"search_term_string"}}],"inLanguage":"es"},{"@type":"Organization","@id":"https:\/\/www.silentblocks.com\/es\/#organization","name":"SILENTBLOCKS","url":"https:\/\/www.silentblocks.com\/es\/","logo":{"@type":"ImageObject","inLanguage":"es","@id":"https:\/\/www.silentblocks.com\/es\/#\/schema\/logo\/image\/","url":"https:\/\/www.silentblocks.com\/wp-content\/uploads\/2023\/07\/logo211-sem-fundo_2012-PARA-BOUTIQUE-EBAY.png","contentUrl":"https:\/\/www.silentblocks.com\/wp-content\/uploads\/2023\/07\/logo211-sem-fundo_2012-PARA-BOUTIQUE-EBAY.png","width":300,"height":190,"caption":"SILENTBLOCKS"},"image":{"@id":"https:\/\/www.silentblocks.com\/es\/#\/schema\/logo\/image\/"}}]}},"_links":{"self":[{"href":"https:\/\/www.silentblocks.com\/es\/wp-json\/wp\/v2\/product\/135434","targetHints":{"allow":["GET"]}}],"collection":[{"href":"https:\/\/www.silentblocks.com\/es\/wp-json\/wp\/v2\/product"}],"about":[{"href":"https:\/\/www.silentblocks.com\/es\/wp-json\/wp\/v2\/types\/product"}],"version-history":[{"count":0,"href":"https:\/\/www.silentblocks.com\/es\/wp-json\/wp\/v2\/product\/135434\/revisions"}],"wp:featuredmedia":[{"embeddable":true,"href":"https:\/\/www.silentblocks.com\/es\/wp-json\/wp\/v2\/media\/135432"}],"wp:attachment":[{"href":"https:\/\/www.silentblocks.com\/es\/wp-json\/wp\/v2\/media?parent=135434"}],"wp:term":[{"taxonomy":"product_brand","embeddable":true,"href":"https:\/\/www.silentblocks.com\/es\/wp-json\/wp\/v2\/product_brand?post=135434"},{"taxonomy":"product_cat","embeddable":true,"href":"https:\/\/www.silentblocks.com\/es\/wp-json\/wp\/v2\/product_cat?post=135434"},{"taxonomy":"product_tag","embeddable":true,"href":"https:\/\/www.silentblocks.com\/es\/wp-json\/wp\/v2\/product_tag?post=135434"}],"curies":[{"name":"wp","href":"https:\/\/api.w.org\/{rel}","templated":true}]}}