{"id":135505,"date":"2026-03-14T11:29:07","date_gmt":"2026-03-14T11:29:07","guid":{"rendered":"https:\/\/www.silentblocks.com\/product\/calzos-de-muelle-delanteros-vw-lt-28-35-50mm\/"},"modified":"2026-03-14T11:29:07","modified_gmt":"2026-03-14T11:29:07","slug":"calzos-de-muelle-delanteros-vw-lt-28-35-50mm","status":"publish","type":"product","link":"https:\/\/www.silentblocks.com\/es\/producto\/calzos-de-muelle-delanteros-vw-lt-28-35-50mm\/","title":{"rendered":"Calzos de muelle delanteros, VW LT 28-35 (50mm)"},"content":{"rendered":"<p>Calzos para muelles delanteros, compatibles con los siguientes veh\u00edculos:<br \/>\nVW LT 28-35 I Autob\u00fas (281-363) DW, CP 55 (75) (01.1979-07.1992)<br \/>\nVW LT 28-35 I Autob\u00fas (281-363) 1G 68 (92) (08.1989-08.1992)<br \/>\nVW LT 28-35 I Autob\u00fas (281-363) CH 55 (75) (04.1975-09.1983)<br \/>\nVW LT 28-35 I Autob\u00fas (281-363) DL 66 (90) (12.1982-07.1992)<br \/>\nVW LT 28-35 I Autob\u00fas (281-363) DV 75 (102) (12.1982-07.1989)<br \/>\nVW LT 28-35 I Autob\u00fas (281-363) ACT, 1S 51 (70) (08.1989-06.1996)<br \/>\nVW LT 28-35 I Autob\u00fas (281-363) ACL 70 (95) (09.1992-06.1996)<br \/>\nVW LT 28-35 I Autob\u00fas (281-363) 1E 69 (94) (08.1989-06.1996)<br \/>\nVW LT 28-35 I Furgoneta (281-363) 1E 69 (94) (08.1989-06.1996)<br \/>\nVW LT 28-35 I Furgoneta (281-363) CG 48 (65) (11.1975-01.1980)<br \/>\nVW LT 28-35 I Furgoneta (281-363) ACT, 1S 51 (69) (07.1990-05.1996)<br \/>\nVW LT 28-35 I Furgoneta (281-363) DV 75 (102) (02.1986-08.1992)<br \/>\nVW LT 28-35 I Furgoneta (281-363) ACL 70 (95) (06.1992-05.1996)<br \/>\nVW LT 28-35 I Furgoneta (281-363) 1G 68 (92) (08.1988-08.1992)<br \/>\nVW LT 28-35 I Furgoneta (281-363) DW, CP 55 (75) (01.1979-07.1992)<br \/>\nVW LT 28-35 I Furgoneta (281-363) DL 66 (90) (12.1982-07.1992)<br \/>\nVW LT 28-35 I Furgoneta (281-363) CH 55 (75) (04.1975-09.1983)<br \/>\nVW LT 28-35 I Plataforma\/chasis (281-363) CH 55 (75) (04.1975-09.1983)<br \/>\nVW LT 28-35 I Plataforma\/chasis (281-363) 1G 68 (92) (08.1990-08.1992)<br \/>\nVW LT 28-35 I Plataforma\/chasis (281-363) ACT, 1S 51 (69) (08.1990-06.1996)<\/p>\n<p>VW LT 28-35 I Plataforma \/ Chasis (281-363) DW, CP 55 (75) (12.1978-02.1991)<br \/>\nVW LT 28-35 I Plataforma\/chasis (281-363) ACL 70 (95) (08.1992-06.1996)<br \/>\nVW LT 28-35 I Plataforma\/chasis (281-363) CG 48 (65) (11.1975-01.1980)<br \/>\nVW LT 28-35 I Plataforma\/chasis (281-363) DL 66 (90) (12.1982-07.1992)<br \/>\nVW LT 28-35 I Plataforma\/chasis (281-363) DV 75 (102) (12.1982-09.1993)<br \/>\nVW LT 28-35 I plataforma\/chasis (281-363) 1E 69 (94) (03.1994-06.1996)<\/p>\n<p>Dureza: 60Sha<br \/>\nGrosor: 5 cm<br \/>\nCalzos para ruedas delanteras: 145\/100&#215;50<\/p>\n<p>Referencias del fabricante (c\u00f3digo OEM) s\u00f3lo a t\u00edtulo informativo :<br \/>\n281411105B<\/p>\n<p>Piezas nuevas, se vende con factura. Todos nuestros productos tienen 2 a\u00f1os de garant\u00eda.<\/p>\n","protected":false},"excerpt":{"rendered":"<p>Calzos para muelles delanteros, compatibles con los siguientes veh\u00edculos: VW LT 28-35 I Autob\u00fas (281-363) DW, CP 55 (75) (01.1979-07.1992) VW LT 28-35 I Autob\u00fas (281-363) 1G 68 (92) (08.1989-08.1992) VW LT 28-35 I Autob\u00fas (281-363) CH 55 (75) (04.1975-09.1983) VW LT 28-35 I Autob\u00fas (281-363) DL 66 (90) (12.1982-07.1992) VW LT 28-35 I Autob\u00fas [&hellip;]<\/p>\n","protected":false},"featured_media":135503,"template":"","meta":[],"product_brand":[],"product_cat":[3802],"product_tag":[],"class_list":{"0":"post-135505","1":"product","2":"type-product","3":"status-publish","4":"has-post-thumbnail","6":"product_cat-lt-28-35-46-es","8":"first","9":"instock","10":"shipping-taxable","11":"purchasable","12":"product-type-simple"},"yoast_head":"<!-- This site is optimized with the Yoast SEO Premium plugin v23.0 (Yoast SEO v27.4) - https:\/\/yoast.com\/product\/yoast-seo-premium-wordpress\/ -->\n<title>Calzos de muelle delanteros, VW LT 28-35 (50mm) - SILENT BLOCKS<\/title>\n<meta name=\"description\" content=\"Pastillas de muelle delanteras de poliuretano para VW LT 28-35 (50 mm), compatibles con oem 281411105B\" \/>\n<meta name=\"robots\" content=\"index, follow, max-snippet:-1, max-image-preview:large, max-video-preview:-1\" \/>\n<link rel=\"canonical\" href=\"https:\/\/www.silentblocks.com\/es\/producto\/calzos-de-muelle-delanteros-vw-lt-28-35-50mm\/\" \/>\n<meta property=\"og:locale\" content=\"es_ES\" \/>\n<meta property=\"og:type\" content=\"article\" \/>\n<meta property=\"og:title\" content=\"Calzos de muelle delanteros, VW LT 28-35 (50mm)\" \/>\n<meta property=\"og:description\" content=\"Pastillas de muelle delanteras de poliuretano para VW LT 28-35 (50 mm), compatibles con oem 281411105B\" \/>\n<meta property=\"og:url\" content=\"https:\/\/www.silentblocks.com\/es\/producto\/calzos-de-muelle-delanteros-vw-lt-28-35-50mm\/\" \/>\n<meta property=\"og:site_name\" content=\"SILENT BLOCKS\" \/>\n<meta property=\"og:image\" content=\"https:\/\/www.silentblocks.com\/wp-content\/uploads\/2026\/03\/cale-ressort-avant-VW-LT.jpg\" \/>\n\t<meta property=\"og:image:width\" content=\"1024\" \/>\n\t<meta property=\"og:image:height\" content=\"1024\" \/>\n\t<meta property=\"og:image:type\" content=\"image\/jpeg\" \/>\n<meta name=\"twitter:card\" content=\"summary_large_image\" \/>\n<meta name=\"twitter:label1\" content=\"Tiempo de lectura\" \/>\n\t<meta name=\"twitter:data1\" content=\"1 minuto\" \/>\n<script type=\"application\/ld+json\" class=\"yoast-schema-graph\">{\"@context\":\"https:\\\/\\\/schema.org\",\"@graph\":[{\"@type\":\"WebPage\",\"@id\":\"https:\\\/\\\/www.silentblocks.com\\\/es\\\/producto\\\/calzos-de-muelle-delanteros-vw-lt-28-35-50mm\\\/\",\"url\":\"https:\\\/\\\/www.silentblocks.com\\\/es\\\/producto\\\/calzos-de-muelle-delanteros-vw-lt-28-35-50mm\\\/\",\"name\":\"Calzos de muelle delanteros, VW LT 28-35 (50mm) - SILENT BLOCKS\",\"isPartOf\":{\"@id\":\"https:\\\/\\\/www.silentblocks.com\\\/es\\\/#website\"},\"primaryImageOfPage\":{\"@id\":\"https:\\\/\\\/www.silentblocks.com\\\/es\\\/producto\\\/calzos-de-muelle-delanteros-vw-lt-28-35-50mm\\\/#primaryimage\"},\"image\":{\"@id\":\"https:\\\/\\\/www.silentblocks.com\\\/es\\\/producto\\\/calzos-de-muelle-delanteros-vw-lt-28-35-50mm\\\/#primaryimage\"},\"thumbnailUrl\":\"https:\\\/\\\/www.silentblocks.com\\\/wp-content\\\/uploads\\\/2026\\\/03\\\/cale-ressort-avant-VW-LT.jpg\",\"datePublished\":\"2026-03-14T11:29:07+00:00\",\"description\":\"Pastillas de muelle delanteras de poliuretano para VW LT 28-35 (50 mm), compatibles con oem 281411105B\",\"breadcrumb\":{\"@id\":\"https:\\\/\\\/www.silentblocks.com\\\/es\\\/producto\\\/calzos-de-muelle-delanteros-vw-lt-28-35-50mm\\\/#breadcrumb\"},\"inLanguage\":\"es\",\"potentialAction\":[{\"@type\":\"ReadAction\",\"target\":[\"https:\\\/\\\/www.silentblocks.com\\\/es\\\/producto\\\/calzos-de-muelle-delanteros-vw-lt-28-35-50mm\\\/\"]}]},{\"@type\":\"ImageObject\",\"inLanguage\":\"es\",\"@id\":\"https:\\\/\\\/www.silentblocks.com\\\/es\\\/producto\\\/calzos-de-muelle-delanteros-vw-lt-28-35-50mm\\\/#primaryimage\",\"url\":\"https:\\\/\\\/www.silentblocks.com\\\/wp-content\\\/uploads\\\/2026\\\/03\\\/cale-ressort-avant-VW-LT.jpg\",\"contentUrl\":\"https:\\\/\\\/www.silentblocks.com\\\/wp-content\\\/uploads\\\/2026\\\/03\\\/cale-ressort-avant-VW-LT.jpg\",\"width\":1024,\"height\":1024},{\"@type\":\"BreadcrumbList\",\"@id\":\"https:\\\/\\\/www.silentblocks.com\\\/es\\\/producto\\\/calzos-de-muelle-delanteros-vw-lt-28-35-50mm\\\/#breadcrumb\",\"itemListElement\":[{\"@type\":\"ListItem\",\"position\":1,\"name\":\"In\u00edcio\",\"item\":\"https:\\\/\\\/www.silentblocks.com\\\/es\\\/\"},{\"@type\":\"ListItem\",\"position\":2,\"name\":\"Page boutique\",\"item\":\"https:\\\/\\\/www.silentblocks.com\\\/es\\\/shop-2\\\/\"},{\"@type\":\"ListItem\",\"position\":3,\"name\":\"Calzos de muelle delanteros, VW LT 28-35 (50mm)\"}]},{\"@type\":\"WebSite\",\"@id\":\"https:\\\/\\\/www.silentblocks.com\\\/es\\\/#website\",\"url\":\"https:\\\/\\\/www.silentblocks.com\\\/es\\\/\",\"name\":\"SILENTBLOCKS\",\"description\":\"Secure on the road\",\"publisher\":{\"@id\":\"https:\\\/\\\/www.silentblocks.com\\\/es\\\/#organization\"},\"potentialAction\":[{\"@type\":\"SearchAction\",\"target\":{\"@type\":\"EntryPoint\",\"urlTemplate\":\"https:\\\/\\\/www.silentblocks.com\\\/es\\\/?s={search_term_string}\"},\"query-input\":{\"@type\":\"PropertyValueSpecification\",\"valueRequired\":true,\"valueName\":\"search_term_string\"}}],\"inLanguage\":\"es\"},{\"@type\":\"Organization\",\"@id\":\"https:\\\/\\\/www.silentblocks.com\\\/es\\\/#organization\",\"name\":\"SILENTBLOCKS\",\"url\":\"https:\\\/\\\/www.silentblocks.com\\\/es\\\/\",\"logo\":{\"@type\":\"ImageObject\",\"inLanguage\":\"es\",\"@id\":\"https:\\\/\\\/www.silentblocks.com\\\/es\\\/#\\\/schema\\\/logo\\\/image\\\/\",\"url\":\"https:\\\/\\\/www.silentblocks.com\\\/wp-content\\\/uploads\\\/2023\\\/07\\\/logo211-sem-fundo_2012-PARA-BOUTIQUE-EBAY.png\",\"contentUrl\":\"https:\\\/\\\/www.silentblocks.com\\\/wp-content\\\/uploads\\\/2023\\\/07\\\/logo211-sem-fundo_2012-PARA-BOUTIQUE-EBAY.png\",\"width\":300,\"height\":190,\"caption\":\"SILENTBLOCKS\"},\"image\":{\"@id\":\"https:\\\/\\\/www.silentblocks.com\\\/es\\\/#\\\/schema\\\/logo\\\/image\\\/\"}}]}<\/script>\n<!-- \/ Yoast SEO Premium plugin. -->","yoast_head_json":{"title":"Calzos de muelle delanteros, VW LT 28-35 (50mm) - SILENT BLOCKS","description":"Pastillas de muelle delanteras de poliuretano para VW LT 28-35 (50 mm), compatibles con oem 281411105B","robots":{"index":"index","follow":"follow","max-snippet":"max-snippet:-1","max-image-preview":"max-image-preview:large","max-video-preview":"max-video-preview:-1"},"canonical":"https:\/\/www.silentblocks.com\/es\/producto\/calzos-de-muelle-delanteros-vw-lt-28-35-50mm\/","og_locale":"es_ES","og_type":"article","og_title":"Calzos de muelle delanteros, VW LT 28-35 (50mm)","og_description":"Pastillas de muelle delanteras de poliuretano para VW LT 28-35 (50 mm), compatibles con oem 281411105B","og_url":"https:\/\/www.silentblocks.com\/es\/producto\/calzos-de-muelle-delanteros-vw-lt-28-35-50mm\/","og_site_name":"SILENT BLOCKS","og_image":[{"width":1024,"height":1024,"url":"https:\/\/www.silentblocks.com\/wp-content\/uploads\/2026\/03\/cale-ressort-avant-VW-LT.jpg","type":"image\/jpeg"}],"twitter_card":"summary_large_image","twitter_misc":{"Tiempo de lectura":"1 minuto"},"schema":{"@context":"https:\/\/schema.org","@graph":[{"@type":"WebPage","@id":"https:\/\/www.silentblocks.com\/es\/producto\/calzos-de-muelle-delanteros-vw-lt-28-35-50mm\/","url":"https:\/\/www.silentblocks.com\/es\/producto\/calzos-de-muelle-delanteros-vw-lt-28-35-50mm\/","name":"Calzos de muelle delanteros, VW LT 28-35 (50mm) - SILENT BLOCKS","isPartOf":{"@id":"https:\/\/www.silentblocks.com\/es\/#website"},"primaryImageOfPage":{"@id":"https:\/\/www.silentblocks.com\/es\/producto\/calzos-de-muelle-delanteros-vw-lt-28-35-50mm\/#primaryimage"},"image":{"@id":"https:\/\/www.silentblocks.com\/es\/producto\/calzos-de-muelle-delanteros-vw-lt-28-35-50mm\/#primaryimage"},"thumbnailUrl":"https:\/\/www.silentblocks.com\/wp-content\/uploads\/2026\/03\/cale-ressort-avant-VW-LT.jpg","datePublished":"2026-03-14T11:29:07+00:00","description":"Pastillas de muelle delanteras de poliuretano para VW LT 28-35 (50 mm), compatibles con oem 281411105B","breadcrumb":{"@id":"https:\/\/www.silentblocks.com\/es\/producto\/calzos-de-muelle-delanteros-vw-lt-28-35-50mm\/#breadcrumb"},"inLanguage":"es","potentialAction":[{"@type":"ReadAction","target":["https:\/\/www.silentblocks.com\/es\/producto\/calzos-de-muelle-delanteros-vw-lt-28-35-50mm\/"]}]},{"@type":"ImageObject","inLanguage":"es","@id":"https:\/\/www.silentblocks.com\/es\/producto\/calzos-de-muelle-delanteros-vw-lt-28-35-50mm\/#primaryimage","url":"https:\/\/www.silentblocks.com\/wp-content\/uploads\/2026\/03\/cale-ressort-avant-VW-LT.jpg","contentUrl":"https:\/\/www.silentblocks.com\/wp-content\/uploads\/2026\/03\/cale-ressort-avant-VW-LT.jpg","width":1024,"height":1024},{"@type":"BreadcrumbList","@id":"https:\/\/www.silentblocks.com\/es\/producto\/calzos-de-muelle-delanteros-vw-lt-28-35-50mm\/#breadcrumb","itemListElement":[{"@type":"ListItem","position":1,"name":"In\u00edcio","item":"https:\/\/www.silentblocks.com\/es\/"},{"@type":"ListItem","position":2,"name":"Page boutique","item":"https:\/\/www.silentblocks.com\/es\/shop-2\/"},{"@type":"ListItem","position":3,"name":"Calzos de muelle delanteros, VW LT 28-35 (50mm)"}]},{"@type":"WebSite","@id":"https:\/\/www.silentblocks.com\/es\/#website","url":"https:\/\/www.silentblocks.com\/es\/","name":"SILENTBLOCKS","description":"Secure on the road","publisher":{"@id":"https:\/\/www.silentblocks.com\/es\/#organization"},"potentialAction":[{"@type":"SearchAction","target":{"@type":"EntryPoint","urlTemplate":"https:\/\/www.silentblocks.com\/es\/?s={search_term_string}"},"query-input":{"@type":"PropertyValueSpecification","valueRequired":true,"valueName":"search_term_string"}}],"inLanguage":"es"},{"@type":"Organization","@id":"https:\/\/www.silentblocks.com\/es\/#organization","name":"SILENTBLOCKS","url":"https:\/\/www.silentblocks.com\/es\/","logo":{"@type":"ImageObject","inLanguage":"es","@id":"https:\/\/www.silentblocks.com\/es\/#\/schema\/logo\/image\/","url":"https:\/\/www.silentblocks.com\/wp-content\/uploads\/2023\/07\/logo211-sem-fundo_2012-PARA-BOUTIQUE-EBAY.png","contentUrl":"https:\/\/www.silentblocks.com\/wp-content\/uploads\/2023\/07\/logo211-sem-fundo_2012-PARA-BOUTIQUE-EBAY.png","width":300,"height":190,"caption":"SILENTBLOCKS"},"image":{"@id":"https:\/\/www.silentblocks.com\/es\/#\/schema\/logo\/image\/"}}]}},"_links":{"self":[{"href":"https:\/\/www.silentblocks.com\/es\/wp-json\/wp\/v2\/product\/135505","targetHints":{"allow":["GET"]}}],"collection":[{"href":"https:\/\/www.silentblocks.com\/es\/wp-json\/wp\/v2\/product"}],"about":[{"href":"https:\/\/www.silentblocks.com\/es\/wp-json\/wp\/v2\/types\/product"}],"version-history":[{"count":0,"href":"https:\/\/www.silentblocks.com\/es\/wp-json\/wp\/v2\/product\/135505\/revisions"}],"wp:featuredmedia":[{"embeddable":true,"href":"https:\/\/www.silentblocks.com\/es\/wp-json\/wp\/v2\/media\/135503"}],"wp:attachment":[{"href":"https:\/\/www.silentblocks.com\/es\/wp-json\/wp\/v2\/media?parent=135505"}],"wp:term":[{"taxonomy":"product_brand","embeddable":true,"href":"https:\/\/www.silentblocks.com\/es\/wp-json\/wp\/v2\/product_brand?post=135505"},{"taxonomy":"product_cat","embeddable":true,"href":"https:\/\/www.silentblocks.com\/es\/wp-json\/wp\/v2\/product_cat?post=135505"},{"taxonomy":"product_tag","embeddable":true,"href":"https:\/\/www.silentblocks.com\/es\/wp-json\/wp\/v2\/product_tag?post=135505"}],"curies":[{"name":"wp","href":"https:\/\/api.w.org\/{rel}","templated":true}]}}