{"id":135733,"date":"2026-03-16T15:36:36","date_gmt":"2026-03-16T15:36:36","guid":{"rendered":"https:\/\/www.silentblocks.com\/product\/bujes-barra-estabilizadora-delantera-logan-i-ii-sandero-i-ii-o23mm\/"},"modified":"2026-03-16T15:36:36","modified_gmt":"2026-03-16T15:36:36","slug":"bujes-barra-estabilizadora-delantera-logan-i-ii-sandero-i-ii-o23mm","status":"publish","type":"product","link":"https:\/\/www.silentblocks.com\/es\/producto\/bujes-barra-estabilizadora-delantera-logan-i-ii-sandero-i-ii-o23mm\/","title":{"rendered":"Bujes barra estabilizadora delantera, Logan I\/II, Sandero I\/II (\u00d823mm)"},"content":{"rendered":"<p>Bujes de la barra estabilizadora delantera, compatibles con los siguientes veh\u00edculos:<br \/>\nDacia Logan II<br \/>\nDacia Logan (LS_)<br \/>\nDacia Logan MCV II<br \/>\nDacia Logan MCV (KS_)<br \/>\nDacia Sandero<br \/>\nDacia Sandero II<\/p>\n<p>Di\u00e1metro interior: \u00d823mm<\/p>\n<p>Referencias del fabricante (c\u00f3digo OEM) s\u00f3lo a t\u00edtulo informativo :<br \/>\n60 01 547 140, 8200262344<\/p>\n<p>Piezas nuevas, se vende con factura. Todos nuestros productos tienen 2 a\u00f1os de garant\u00eda.<\/p>\n","protected":false},"excerpt":{"rendered":"<p>Bujes de la barra estabilizadora delantera, compatibles con los siguientes veh\u00edculos: Dacia Logan II Dacia Logan (LS_) Dacia Logan MCV II Dacia Logan MCV (KS_) Dacia Sandero Dacia Sandero II Di\u00e1metro interior: \u00d823mm Referencias del fabricante (c\u00f3digo OEM) s\u00f3lo a t\u00edtulo informativo : 60 01 547 140, 8200262344 Piezas nuevas, se vende con factura. Todos [&hellip;]<\/p>\n","protected":false},"featured_media":135731,"template":"","meta":[],"product_brand":[],"product_cat":[2119,2120,2118],"product_tag":[],"class_list":{"0":"post-135733","1":"product","2":"type-product","3":"status-publish","4":"has-post-thumbnail","6":"product_cat-logan-2004-es-2","7":"product_cat-logan-2012-es-2","8":"product_cat-sandero-es-2","10":"first","11":"instock","12":"shipping-taxable","13":"purchasable","14":"product-type-simple"},"yoast_head":"<!-- This site is optimized with the Yoast SEO Premium plugin v23.0 (Yoast SEO v27.4) - https:\/\/yoast.com\/product\/yoast-seo-premium-wordpress\/ -->\n<title>Bujes barra estabilizadora delantera, Logan I\/II, Sandero I\/II (\u00d823mm) - SILENT BLOCKS<\/title>\n<meta name=\"description\" content=\"Bujes de la barra estabilizadora delantera para Dacia Logan I\/II, Sandero I\/II, compatibles de f\u00e1brica 60 01 547 140, 8200262344\" \/>\n<meta name=\"robots\" content=\"index, follow, max-snippet:-1, max-image-preview:large, max-video-preview:-1\" \/>\n<link rel=\"canonical\" href=\"https:\/\/www.silentblocks.com\/es\/producto\/bujes-barra-estabilizadora-delantera-logan-i-ii-sandero-i-ii-o23mm\/\" \/>\n<meta property=\"og:locale\" content=\"es_ES\" \/>\n<meta property=\"og:type\" content=\"article\" \/>\n<meta property=\"og:title\" content=\"Bujes barra estabilizadora delantera, Logan I\/II, Sandero I\/II (\u00d823mm)\" \/>\n<meta property=\"og:description\" content=\"Bujes de la barra estabilizadora delantera para Dacia Logan I\/II, Sandero I\/II, compatibles de f\u00e1brica 60 01 547 140, 8200262344\" \/>\n<meta property=\"og:url\" content=\"https:\/\/www.silentblocks.com\/es\/producto\/bujes-barra-estabilizadora-delantera-logan-i-ii-sandero-i-ii-o23mm\/\" \/>\n<meta property=\"og:site_name\" content=\"SILENT BLOCKS\" \/>\n<meta property=\"og:image\" content=\"https:\/\/www.silentblocks.com\/wp-content\/uploads\/2026\/03\/silentbloc-barre-stabilisatrice-avant-Logan.jpg\" \/>\n\t<meta property=\"og:image:width\" content=\"1500\" \/>\n\t<meta property=\"og:image:height\" content=\"1500\" \/>\n\t<meta property=\"og:image:type\" content=\"image\/jpeg\" \/>\n<meta name=\"twitter:card\" content=\"summary_large_image\" \/>\n<script type=\"application\/ld+json\" class=\"yoast-schema-graph\">{\"@context\":\"https:\\\/\\\/schema.org\",\"@graph\":[{\"@type\":\"WebPage\",\"@id\":\"https:\\\/\\\/www.silentblocks.com\\\/es\\\/producto\\\/bujes-barra-estabilizadora-delantera-logan-i-ii-sandero-i-ii-o23mm\\\/\",\"url\":\"https:\\\/\\\/www.silentblocks.com\\\/es\\\/producto\\\/bujes-barra-estabilizadora-delantera-logan-i-ii-sandero-i-ii-o23mm\\\/\",\"name\":\"Bujes barra estabilizadora delantera, Logan I\\\/II, Sandero I\\\/II (\u00d823mm) - SILENT BLOCKS\",\"isPartOf\":{\"@id\":\"https:\\\/\\\/www.silentblocks.com\\\/es\\\/#website\"},\"primaryImageOfPage\":{\"@id\":\"https:\\\/\\\/www.silentblocks.com\\\/es\\\/producto\\\/bujes-barra-estabilizadora-delantera-logan-i-ii-sandero-i-ii-o23mm\\\/#primaryimage\"},\"image\":{\"@id\":\"https:\\\/\\\/www.silentblocks.com\\\/es\\\/producto\\\/bujes-barra-estabilizadora-delantera-logan-i-ii-sandero-i-ii-o23mm\\\/#primaryimage\"},\"thumbnailUrl\":\"https:\\\/\\\/www.silentblocks.com\\\/wp-content\\\/uploads\\\/2026\\\/03\\\/silentbloc-barre-stabilisatrice-avant-Logan.jpg\",\"datePublished\":\"2026-03-16T15:36:36+00:00\",\"description\":\"Bujes de la barra estabilizadora delantera para Dacia Logan I\\\/II, Sandero I\\\/II, compatibles de f\u00e1brica 60 01 547 140, 8200262344\",\"breadcrumb\":{\"@id\":\"https:\\\/\\\/www.silentblocks.com\\\/es\\\/producto\\\/bujes-barra-estabilizadora-delantera-logan-i-ii-sandero-i-ii-o23mm\\\/#breadcrumb\"},\"inLanguage\":\"es\",\"potentialAction\":[{\"@type\":\"ReadAction\",\"target\":[\"https:\\\/\\\/www.silentblocks.com\\\/es\\\/producto\\\/bujes-barra-estabilizadora-delantera-logan-i-ii-sandero-i-ii-o23mm\\\/\"]}]},{\"@type\":\"ImageObject\",\"inLanguage\":\"es\",\"@id\":\"https:\\\/\\\/www.silentblocks.com\\\/es\\\/producto\\\/bujes-barra-estabilizadora-delantera-logan-i-ii-sandero-i-ii-o23mm\\\/#primaryimage\",\"url\":\"https:\\\/\\\/www.silentblocks.com\\\/wp-content\\\/uploads\\\/2026\\\/03\\\/silentbloc-barre-stabilisatrice-avant-Logan.jpg\",\"contentUrl\":\"https:\\\/\\\/www.silentblocks.com\\\/wp-content\\\/uploads\\\/2026\\\/03\\\/silentbloc-barre-stabilisatrice-avant-Logan.jpg\",\"width\":1500,\"height\":1500},{\"@type\":\"BreadcrumbList\",\"@id\":\"https:\\\/\\\/www.silentblocks.com\\\/es\\\/producto\\\/bujes-barra-estabilizadora-delantera-logan-i-ii-sandero-i-ii-o23mm\\\/#breadcrumb\",\"itemListElement\":[{\"@type\":\"ListItem\",\"position\":1,\"name\":\"In\u00edcio\",\"item\":\"https:\\\/\\\/www.silentblocks.com\\\/es\\\/\"},{\"@type\":\"ListItem\",\"position\":2,\"name\":\"Page boutique\",\"item\":\"https:\\\/\\\/www.silentblocks.com\\\/es\\\/shop-2\\\/\"},{\"@type\":\"ListItem\",\"position\":3,\"name\":\"Bujes barra estabilizadora delantera, Logan I\\\/II, Sandero I\\\/II (\u00d823mm)\"}]},{\"@type\":\"WebSite\",\"@id\":\"https:\\\/\\\/www.silentblocks.com\\\/es\\\/#website\",\"url\":\"https:\\\/\\\/www.silentblocks.com\\\/es\\\/\",\"name\":\"SILENTBLOCKS\",\"description\":\"Secure on the road\",\"publisher\":{\"@id\":\"https:\\\/\\\/www.silentblocks.com\\\/es\\\/#organization\"},\"potentialAction\":[{\"@type\":\"SearchAction\",\"target\":{\"@type\":\"EntryPoint\",\"urlTemplate\":\"https:\\\/\\\/www.silentblocks.com\\\/es\\\/?s={search_term_string}\"},\"query-input\":{\"@type\":\"PropertyValueSpecification\",\"valueRequired\":true,\"valueName\":\"search_term_string\"}}],\"inLanguage\":\"es\"},{\"@type\":\"Organization\",\"@id\":\"https:\\\/\\\/www.silentblocks.com\\\/es\\\/#organization\",\"name\":\"SILENTBLOCKS\",\"url\":\"https:\\\/\\\/www.silentblocks.com\\\/es\\\/\",\"logo\":{\"@type\":\"ImageObject\",\"inLanguage\":\"es\",\"@id\":\"https:\\\/\\\/www.silentblocks.com\\\/es\\\/#\\\/schema\\\/logo\\\/image\\\/\",\"url\":\"https:\\\/\\\/www.silentblocks.com\\\/wp-content\\\/uploads\\\/2023\\\/07\\\/logo211-sem-fundo_2012-PARA-BOUTIQUE-EBAY.png\",\"contentUrl\":\"https:\\\/\\\/www.silentblocks.com\\\/wp-content\\\/uploads\\\/2023\\\/07\\\/logo211-sem-fundo_2012-PARA-BOUTIQUE-EBAY.png\",\"width\":300,\"height\":190,\"caption\":\"SILENTBLOCKS\"},\"image\":{\"@id\":\"https:\\\/\\\/www.silentblocks.com\\\/es\\\/#\\\/schema\\\/logo\\\/image\\\/\"}}]}<\/script>\n<!-- \/ Yoast SEO Premium plugin. -->","yoast_head_json":{"title":"Bujes barra estabilizadora delantera, Logan I\/II, Sandero I\/II (\u00d823mm) - SILENT BLOCKS","description":"Bujes de la barra estabilizadora delantera para Dacia Logan I\/II, Sandero I\/II, compatibles de f\u00e1brica 60 01 547 140, 8200262344","robots":{"index":"index","follow":"follow","max-snippet":"max-snippet:-1","max-image-preview":"max-image-preview:large","max-video-preview":"max-video-preview:-1"},"canonical":"https:\/\/www.silentblocks.com\/es\/producto\/bujes-barra-estabilizadora-delantera-logan-i-ii-sandero-i-ii-o23mm\/","og_locale":"es_ES","og_type":"article","og_title":"Bujes barra estabilizadora delantera, Logan I\/II, Sandero I\/II (\u00d823mm)","og_description":"Bujes de la barra estabilizadora delantera para Dacia Logan I\/II, Sandero I\/II, compatibles de f\u00e1brica 60 01 547 140, 8200262344","og_url":"https:\/\/www.silentblocks.com\/es\/producto\/bujes-barra-estabilizadora-delantera-logan-i-ii-sandero-i-ii-o23mm\/","og_site_name":"SILENT BLOCKS","og_image":[{"width":1500,"height":1500,"url":"https:\/\/www.silentblocks.com\/wp-content\/uploads\/2026\/03\/silentbloc-barre-stabilisatrice-avant-Logan.jpg","type":"image\/jpeg"}],"twitter_card":"summary_large_image","schema":{"@context":"https:\/\/schema.org","@graph":[{"@type":"WebPage","@id":"https:\/\/www.silentblocks.com\/es\/producto\/bujes-barra-estabilizadora-delantera-logan-i-ii-sandero-i-ii-o23mm\/","url":"https:\/\/www.silentblocks.com\/es\/producto\/bujes-barra-estabilizadora-delantera-logan-i-ii-sandero-i-ii-o23mm\/","name":"Bujes barra estabilizadora delantera, Logan I\/II, Sandero I\/II (\u00d823mm) - SILENT BLOCKS","isPartOf":{"@id":"https:\/\/www.silentblocks.com\/es\/#website"},"primaryImageOfPage":{"@id":"https:\/\/www.silentblocks.com\/es\/producto\/bujes-barra-estabilizadora-delantera-logan-i-ii-sandero-i-ii-o23mm\/#primaryimage"},"image":{"@id":"https:\/\/www.silentblocks.com\/es\/producto\/bujes-barra-estabilizadora-delantera-logan-i-ii-sandero-i-ii-o23mm\/#primaryimage"},"thumbnailUrl":"https:\/\/www.silentblocks.com\/wp-content\/uploads\/2026\/03\/silentbloc-barre-stabilisatrice-avant-Logan.jpg","datePublished":"2026-03-16T15:36:36+00:00","description":"Bujes de la barra estabilizadora delantera para Dacia Logan I\/II, Sandero I\/II, compatibles de f\u00e1brica 60 01 547 140, 8200262344","breadcrumb":{"@id":"https:\/\/www.silentblocks.com\/es\/producto\/bujes-barra-estabilizadora-delantera-logan-i-ii-sandero-i-ii-o23mm\/#breadcrumb"},"inLanguage":"es","potentialAction":[{"@type":"ReadAction","target":["https:\/\/www.silentblocks.com\/es\/producto\/bujes-barra-estabilizadora-delantera-logan-i-ii-sandero-i-ii-o23mm\/"]}]},{"@type":"ImageObject","inLanguage":"es","@id":"https:\/\/www.silentblocks.com\/es\/producto\/bujes-barra-estabilizadora-delantera-logan-i-ii-sandero-i-ii-o23mm\/#primaryimage","url":"https:\/\/www.silentblocks.com\/wp-content\/uploads\/2026\/03\/silentbloc-barre-stabilisatrice-avant-Logan.jpg","contentUrl":"https:\/\/www.silentblocks.com\/wp-content\/uploads\/2026\/03\/silentbloc-barre-stabilisatrice-avant-Logan.jpg","width":1500,"height":1500},{"@type":"BreadcrumbList","@id":"https:\/\/www.silentblocks.com\/es\/producto\/bujes-barra-estabilizadora-delantera-logan-i-ii-sandero-i-ii-o23mm\/#breadcrumb","itemListElement":[{"@type":"ListItem","position":1,"name":"In\u00edcio","item":"https:\/\/www.silentblocks.com\/es\/"},{"@type":"ListItem","position":2,"name":"Page boutique","item":"https:\/\/www.silentblocks.com\/es\/shop-2\/"},{"@type":"ListItem","position":3,"name":"Bujes barra estabilizadora delantera, Logan I\/II, Sandero I\/II (\u00d823mm)"}]},{"@type":"WebSite","@id":"https:\/\/www.silentblocks.com\/es\/#website","url":"https:\/\/www.silentblocks.com\/es\/","name":"SILENTBLOCKS","description":"Secure on the road","publisher":{"@id":"https:\/\/www.silentblocks.com\/es\/#organization"},"potentialAction":[{"@type":"SearchAction","target":{"@type":"EntryPoint","urlTemplate":"https:\/\/www.silentblocks.com\/es\/?s={search_term_string}"},"query-input":{"@type":"PropertyValueSpecification","valueRequired":true,"valueName":"search_term_string"}}],"inLanguage":"es"},{"@type":"Organization","@id":"https:\/\/www.silentblocks.com\/es\/#organization","name":"SILENTBLOCKS","url":"https:\/\/www.silentblocks.com\/es\/","logo":{"@type":"ImageObject","inLanguage":"es","@id":"https:\/\/www.silentblocks.com\/es\/#\/schema\/logo\/image\/","url":"https:\/\/www.silentblocks.com\/wp-content\/uploads\/2023\/07\/logo211-sem-fundo_2012-PARA-BOUTIQUE-EBAY.png","contentUrl":"https:\/\/www.silentblocks.com\/wp-content\/uploads\/2023\/07\/logo211-sem-fundo_2012-PARA-BOUTIQUE-EBAY.png","width":300,"height":190,"caption":"SILENTBLOCKS"},"image":{"@id":"https:\/\/www.silentblocks.com\/es\/#\/schema\/logo\/image\/"}}]}},"_links":{"self":[{"href":"https:\/\/www.silentblocks.com\/es\/wp-json\/wp\/v2\/product\/135733","targetHints":{"allow":["GET"]}}],"collection":[{"href":"https:\/\/www.silentblocks.com\/es\/wp-json\/wp\/v2\/product"}],"about":[{"href":"https:\/\/www.silentblocks.com\/es\/wp-json\/wp\/v2\/types\/product"}],"version-history":[{"count":0,"href":"https:\/\/www.silentblocks.com\/es\/wp-json\/wp\/v2\/product\/135733\/revisions"}],"wp:featuredmedia":[{"embeddable":true,"href":"https:\/\/www.silentblocks.com\/es\/wp-json\/wp\/v2\/media\/135731"}],"wp:attachment":[{"href":"https:\/\/www.silentblocks.com\/es\/wp-json\/wp\/v2\/media?parent=135733"}],"wp:term":[{"taxonomy":"product_brand","embeddable":true,"href":"https:\/\/www.silentblocks.com\/es\/wp-json\/wp\/v2\/product_brand?post=135733"},{"taxonomy":"product_cat","embeddable":true,"href":"https:\/\/www.silentblocks.com\/es\/wp-json\/wp\/v2\/product_cat?post=135733"},{"taxonomy":"product_tag","embeddable":true,"href":"https:\/\/www.silentblocks.com\/es\/wp-json\/wp\/v2\/product_tag?post=135733"}],"curies":[{"name":"wp","href":"https:\/\/api.w.org\/{rel}","templated":true}]}}