{"id":135813,"date":"2024-09-22T15:12:09","date_gmt":"2024-09-22T15:12:09","guid":{"rendered":"https:\/\/www.silentblocks.com\/product\/silentblocks-soporte-diferencial-navara-d40-pathfinder-r51\/"},"modified":"2024-09-22T15:12:09","modified_gmt":"2024-09-22T15:12:09","slug":"silentblocks-soporte-diferencial-navara-d40-pathfinder-r51","status":"publish","type":"product","link":"https:\/\/www.silentblocks.com\/es\/producto\/silentblocks-soporte-diferencial-navara-d40-pathfinder-r51\/","title":{"rendered":"silentblocks soporte diferencial, Navara D40, Pathfinder R51"},"content":{"rendered":"<p>Kit de 3 silentblocks de poliuretano para los soportes del diferencial, compatibles con los siguientes veh\u00edculos:<br \/>\nNissan Armada TA60\/Infiniti QX56 (JA60) 2003-<br \/>\nNissan Frontier D40 2004-<br \/>\n2008 Nissan Frontier D40B-<br \/>\nNissan Navara D40M 2005-<br \/>\nNissan Navara D40T 2007-<br \/>\nNissan Pathfinder R51 2004-2012<br \/>\nNissan Pathfinder R51M 2005-2013<br \/>\nNissan Titan A60 2003-<br \/>\nNissan XTerra N50 2005-<\/p>\n<p>Di\u00e1metro: \u00d860mm<br \/>\nDureza: 75Sha<\/p>\n<p>Referencias del fabricante (c\u00f3digo OEM) s\u00f3lo a t\u00edtulo informativo :<br \/>\n54721EA300, 54721-7S100<\/p>\n<p>Piezas nuevas, se vende con factura. Todos nuestros productos tienen 2 a\u00f1os de garant\u00eda.<\/p>\n","protected":false},"excerpt":{"rendered":"<p>3 Silentblocks para soportes de diferencial, para Nissan Armada, Frontier, Navara, Pathfinder, Titan, Xterra<\/p>\n","protected":false},"featured_media":135811,"template":"","meta":[],"product_brand":[],"product_cat":[2214,3176,1975,1976],"product_tag":[],"class_list":{"0":"post-135813","1":"product","2":"type-product","3":"status-publish","4":"has-post-thumbnail","6":"product_cat-nissan-es","7":"product_cat-frontier-es","8":"product_cat-navara-d40-es","9":"product_cat-pathfinder-r51-es","11":"first","12":"instock","13":"shipping-taxable","14":"purchasable","15":"product-type-simple"},"yoast_head":"<!-- This site is optimized with the Yoast SEO Premium plugin v23.0 (Yoast SEO v27.4) - https:\/\/yoast.com\/product\/yoast-seo-premium-wordpress\/ -->\n<title>silentblocks soporte diferencial, Navara D40, Pathfinder R51 - SILENT BLOCKS<\/title>\n<meta name=\"description\" content=\"Silentblocks soporte diferencial para Nissan Navara D40, Nissan Pathfinder R51, compatible OEM 54721EA300, 54721-7S100\" \/>\n<meta name=\"robots\" content=\"index, follow, max-snippet:-1, max-image-preview:large, max-video-preview:-1\" \/>\n<link rel=\"canonical\" href=\"https:\/\/www.silentblocks.com\/es\/producto\/silentblocks-soporte-diferencial-navara-d40-pathfinder-r51\/\" \/>\n<meta property=\"og:locale\" content=\"es_ES\" \/>\n<meta property=\"og:type\" content=\"article\" \/>\n<meta property=\"og:title\" content=\"silentblocks soporte diferencial, Navara D40, Pathfinder R51\" \/>\n<meta property=\"og:description\" content=\"Silentblocks soporte diferencial para Nissan Navara D40, Nissan Pathfinder R51, compatible OEM 54721EA300, 54721-7S100\" \/>\n<meta property=\"og:url\" content=\"https:\/\/www.silentblocks.com\/es\/producto\/silentblocks-soporte-diferencial-navara-d40-pathfinder-r51\/\" \/>\n<meta property=\"og:site_name\" content=\"SILENT BLOCKS\" \/>\n<meta property=\"og:image\" content=\"https:\/\/www.silentblocks.com\/wp-content\/uploads\/2026\/02\/silentbloc-differentiel-navara-d40-pathfinder-1.jpg\" \/>\n\t<meta property=\"og:image:width\" content=\"1500\" \/>\n\t<meta property=\"og:image:height\" content=\"1500\" \/>\n\t<meta property=\"og:image:type\" content=\"image\/jpeg\" \/>\n<meta name=\"twitter:card\" content=\"summary_large_image\" \/>\n<script type=\"application\/ld+json\" class=\"yoast-schema-graph\">{\"@context\":\"https:\\\/\\\/schema.org\",\"@graph\":[{\"@type\":\"WebPage\",\"@id\":\"https:\\\/\\\/www.silentblocks.com\\\/es\\\/producto\\\/silentblocks-soporte-diferencial-navara-d40-pathfinder-r51\\\/\",\"url\":\"https:\\\/\\\/www.silentblocks.com\\\/es\\\/producto\\\/silentblocks-soporte-diferencial-navara-d40-pathfinder-r51\\\/\",\"name\":\"silentblocks soporte diferencial, Navara D40, Pathfinder R51 - SILENT BLOCKS\",\"isPartOf\":{\"@id\":\"https:\\\/\\\/www.silentblocks.com\\\/es\\\/#website\"},\"primaryImageOfPage\":{\"@id\":\"https:\\\/\\\/www.silentblocks.com\\\/es\\\/producto\\\/silentblocks-soporte-diferencial-navara-d40-pathfinder-r51\\\/#primaryimage\"},\"image\":{\"@id\":\"https:\\\/\\\/www.silentblocks.com\\\/es\\\/producto\\\/silentblocks-soporte-diferencial-navara-d40-pathfinder-r51\\\/#primaryimage\"},\"thumbnailUrl\":\"https:\\\/\\\/www.silentblocks.com\\\/wp-content\\\/uploads\\\/2026\\\/02\\\/silentbloc-differentiel-navara-d40-pathfinder-1.jpg\",\"datePublished\":\"2024-09-22T15:12:09+00:00\",\"description\":\"Silentblocks soporte diferencial para Nissan Navara D40, Nissan Pathfinder R51, compatible OEM 54721EA300, 54721-7S100\",\"breadcrumb\":{\"@id\":\"https:\\\/\\\/www.silentblocks.com\\\/es\\\/producto\\\/silentblocks-soporte-diferencial-navara-d40-pathfinder-r51\\\/#breadcrumb\"},\"inLanguage\":\"es\",\"potentialAction\":[{\"@type\":\"ReadAction\",\"target\":[\"https:\\\/\\\/www.silentblocks.com\\\/es\\\/producto\\\/silentblocks-soporte-diferencial-navara-d40-pathfinder-r51\\\/\"]}]},{\"@type\":\"ImageObject\",\"inLanguage\":\"es\",\"@id\":\"https:\\\/\\\/www.silentblocks.com\\\/es\\\/producto\\\/silentblocks-soporte-diferencial-navara-d40-pathfinder-r51\\\/#primaryimage\",\"url\":\"https:\\\/\\\/www.silentblocks.com\\\/wp-content\\\/uploads\\\/2026\\\/02\\\/silentbloc-differentiel-navara-d40-pathfinder-1.jpg\",\"contentUrl\":\"https:\\\/\\\/www.silentblocks.com\\\/wp-content\\\/uploads\\\/2026\\\/02\\\/silentbloc-differentiel-navara-d40-pathfinder-1.jpg\",\"width\":1500,\"height\":1500},{\"@type\":\"BreadcrumbList\",\"@id\":\"https:\\\/\\\/www.silentblocks.com\\\/es\\\/producto\\\/silentblocks-soporte-diferencial-navara-d40-pathfinder-r51\\\/#breadcrumb\",\"itemListElement\":[{\"@type\":\"ListItem\",\"position\":1,\"name\":\"In\u00edcio\",\"item\":\"https:\\\/\\\/www.silentblocks.com\\\/es\\\/\"},{\"@type\":\"ListItem\",\"position\":2,\"name\":\"Page boutique\",\"item\":\"https:\\\/\\\/www.silentblocks.com\\\/es\\\/shop-2\\\/\"},{\"@type\":\"ListItem\",\"position\":3,\"name\":\"silentblocks soporte diferencial, Navara D40, Pathfinder R51\"}]},{\"@type\":\"WebSite\",\"@id\":\"https:\\\/\\\/www.silentblocks.com\\\/es\\\/#website\",\"url\":\"https:\\\/\\\/www.silentblocks.com\\\/es\\\/\",\"name\":\"SILENTBLOCKS\",\"description\":\"Secure on the road\",\"publisher\":{\"@id\":\"https:\\\/\\\/www.silentblocks.com\\\/es\\\/#organization\"},\"potentialAction\":[{\"@type\":\"SearchAction\",\"target\":{\"@type\":\"EntryPoint\",\"urlTemplate\":\"https:\\\/\\\/www.silentblocks.com\\\/es\\\/?s={search_term_string}\"},\"query-input\":{\"@type\":\"PropertyValueSpecification\",\"valueRequired\":true,\"valueName\":\"search_term_string\"}}],\"inLanguage\":\"es\"},{\"@type\":\"Organization\",\"@id\":\"https:\\\/\\\/www.silentblocks.com\\\/es\\\/#organization\",\"name\":\"SILENTBLOCKS\",\"url\":\"https:\\\/\\\/www.silentblocks.com\\\/es\\\/\",\"logo\":{\"@type\":\"ImageObject\",\"inLanguage\":\"es\",\"@id\":\"https:\\\/\\\/www.silentblocks.com\\\/es\\\/#\\\/schema\\\/logo\\\/image\\\/\",\"url\":\"https:\\\/\\\/www.silentblocks.com\\\/wp-content\\\/uploads\\\/2023\\\/07\\\/logo211-sem-fundo_2012-PARA-BOUTIQUE-EBAY.png\",\"contentUrl\":\"https:\\\/\\\/www.silentblocks.com\\\/wp-content\\\/uploads\\\/2023\\\/07\\\/logo211-sem-fundo_2012-PARA-BOUTIQUE-EBAY.png\",\"width\":300,\"height\":190,\"caption\":\"SILENTBLOCKS\"},\"image\":{\"@id\":\"https:\\\/\\\/www.silentblocks.com\\\/es\\\/#\\\/schema\\\/logo\\\/image\\\/\"}}]}<\/script>\n<!-- \/ Yoast SEO Premium plugin. -->","yoast_head_json":{"title":"silentblocks soporte diferencial, Navara D40, Pathfinder R51 - SILENT BLOCKS","description":"Silentblocks soporte diferencial para Nissan Navara D40, Nissan Pathfinder R51, compatible OEM 54721EA300, 54721-7S100","robots":{"index":"index","follow":"follow","max-snippet":"max-snippet:-1","max-image-preview":"max-image-preview:large","max-video-preview":"max-video-preview:-1"},"canonical":"https:\/\/www.silentblocks.com\/es\/producto\/silentblocks-soporte-diferencial-navara-d40-pathfinder-r51\/","og_locale":"es_ES","og_type":"article","og_title":"silentblocks soporte diferencial, Navara D40, Pathfinder R51","og_description":"Silentblocks soporte diferencial para Nissan Navara D40, Nissan Pathfinder R51, compatible OEM 54721EA300, 54721-7S100","og_url":"https:\/\/www.silentblocks.com\/es\/producto\/silentblocks-soporte-diferencial-navara-d40-pathfinder-r51\/","og_site_name":"SILENT BLOCKS","og_image":[{"width":1500,"height":1500,"url":"https:\/\/www.silentblocks.com\/wp-content\/uploads\/2026\/02\/silentbloc-differentiel-navara-d40-pathfinder-1.jpg","type":"image\/jpeg"}],"twitter_card":"summary_large_image","schema":{"@context":"https:\/\/schema.org","@graph":[{"@type":"WebPage","@id":"https:\/\/www.silentblocks.com\/es\/producto\/silentblocks-soporte-diferencial-navara-d40-pathfinder-r51\/","url":"https:\/\/www.silentblocks.com\/es\/producto\/silentblocks-soporte-diferencial-navara-d40-pathfinder-r51\/","name":"silentblocks soporte diferencial, Navara D40, Pathfinder R51 - SILENT BLOCKS","isPartOf":{"@id":"https:\/\/www.silentblocks.com\/es\/#website"},"primaryImageOfPage":{"@id":"https:\/\/www.silentblocks.com\/es\/producto\/silentblocks-soporte-diferencial-navara-d40-pathfinder-r51\/#primaryimage"},"image":{"@id":"https:\/\/www.silentblocks.com\/es\/producto\/silentblocks-soporte-diferencial-navara-d40-pathfinder-r51\/#primaryimage"},"thumbnailUrl":"https:\/\/www.silentblocks.com\/wp-content\/uploads\/2026\/02\/silentbloc-differentiel-navara-d40-pathfinder-1.jpg","datePublished":"2024-09-22T15:12:09+00:00","description":"Silentblocks soporte diferencial para Nissan Navara D40, Nissan Pathfinder R51, compatible OEM 54721EA300, 54721-7S100","breadcrumb":{"@id":"https:\/\/www.silentblocks.com\/es\/producto\/silentblocks-soporte-diferencial-navara-d40-pathfinder-r51\/#breadcrumb"},"inLanguage":"es","potentialAction":[{"@type":"ReadAction","target":["https:\/\/www.silentblocks.com\/es\/producto\/silentblocks-soporte-diferencial-navara-d40-pathfinder-r51\/"]}]},{"@type":"ImageObject","inLanguage":"es","@id":"https:\/\/www.silentblocks.com\/es\/producto\/silentblocks-soporte-diferencial-navara-d40-pathfinder-r51\/#primaryimage","url":"https:\/\/www.silentblocks.com\/wp-content\/uploads\/2026\/02\/silentbloc-differentiel-navara-d40-pathfinder-1.jpg","contentUrl":"https:\/\/www.silentblocks.com\/wp-content\/uploads\/2026\/02\/silentbloc-differentiel-navara-d40-pathfinder-1.jpg","width":1500,"height":1500},{"@type":"BreadcrumbList","@id":"https:\/\/www.silentblocks.com\/es\/producto\/silentblocks-soporte-diferencial-navara-d40-pathfinder-r51\/#breadcrumb","itemListElement":[{"@type":"ListItem","position":1,"name":"In\u00edcio","item":"https:\/\/www.silentblocks.com\/es\/"},{"@type":"ListItem","position":2,"name":"Page boutique","item":"https:\/\/www.silentblocks.com\/es\/shop-2\/"},{"@type":"ListItem","position":3,"name":"silentblocks soporte diferencial, Navara D40, Pathfinder R51"}]},{"@type":"WebSite","@id":"https:\/\/www.silentblocks.com\/es\/#website","url":"https:\/\/www.silentblocks.com\/es\/","name":"SILENTBLOCKS","description":"Secure on the road","publisher":{"@id":"https:\/\/www.silentblocks.com\/es\/#organization"},"potentialAction":[{"@type":"SearchAction","target":{"@type":"EntryPoint","urlTemplate":"https:\/\/www.silentblocks.com\/es\/?s={search_term_string}"},"query-input":{"@type":"PropertyValueSpecification","valueRequired":true,"valueName":"search_term_string"}}],"inLanguage":"es"},{"@type":"Organization","@id":"https:\/\/www.silentblocks.com\/es\/#organization","name":"SILENTBLOCKS","url":"https:\/\/www.silentblocks.com\/es\/","logo":{"@type":"ImageObject","inLanguage":"es","@id":"https:\/\/www.silentblocks.com\/es\/#\/schema\/logo\/image\/","url":"https:\/\/www.silentblocks.com\/wp-content\/uploads\/2023\/07\/logo211-sem-fundo_2012-PARA-BOUTIQUE-EBAY.png","contentUrl":"https:\/\/www.silentblocks.com\/wp-content\/uploads\/2023\/07\/logo211-sem-fundo_2012-PARA-BOUTIQUE-EBAY.png","width":300,"height":190,"caption":"SILENTBLOCKS"},"image":{"@id":"https:\/\/www.silentblocks.com\/es\/#\/schema\/logo\/image\/"}}]}},"_links":{"self":[{"href":"https:\/\/www.silentblocks.com\/es\/wp-json\/wp\/v2\/product\/135813","targetHints":{"allow":["GET"]}}],"collection":[{"href":"https:\/\/www.silentblocks.com\/es\/wp-json\/wp\/v2\/product"}],"about":[{"href":"https:\/\/www.silentblocks.com\/es\/wp-json\/wp\/v2\/types\/product"}],"version-history":[{"count":0,"href":"https:\/\/www.silentblocks.com\/es\/wp-json\/wp\/v2\/product\/135813\/revisions"}],"wp:featuredmedia":[{"embeddable":true,"href":"https:\/\/www.silentblocks.com\/es\/wp-json\/wp\/v2\/media\/135811"}],"wp:attachment":[{"href":"https:\/\/www.silentblocks.com\/es\/wp-json\/wp\/v2\/media?parent=135813"}],"wp:term":[{"taxonomy":"product_brand","embeddable":true,"href":"https:\/\/www.silentblocks.com\/es\/wp-json\/wp\/v2\/product_brand?post=135813"},{"taxonomy":"product_cat","embeddable":true,"href":"https:\/\/www.silentblocks.com\/es\/wp-json\/wp\/v2\/product_cat?post=135813"},{"taxonomy":"product_tag","embeddable":true,"href":"https:\/\/www.silentblocks.com\/es\/wp-json\/wp\/v2\/product_tag?post=135813"}],"curies":[{"name":"wp","href":"https:\/\/api.w.org\/{rel}","templated":true}]}}