{"id":136301,"date":"2026-03-27T15:56:16","date_gmt":"2026-03-27T15:56:16","guid":{"rendered":"https:\/\/www.silentblocks.com\/product\/soportes-amortiguadores-traseros-audi-a6-c5-passat-b5\/"},"modified":"2026-03-27T15:56:16","modified_gmt":"2026-03-27T15:56:16","slug":"soportes-amortiguadores-traseros-audi-a6-c5-passat-b5","status":"publish","type":"product","link":"https:\/\/www.silentblocks.com\/es\/producto\/soportes-amortiguadores-traseros-audi-a6-c5-passat-b5\/","title":{"rendered":"Soportes amortiguadores traseros, Audi A6 C5, Passat B5"},"content":{"rendered":"<p>Soportes superiores para los dos amortiguadores traseros, compatibles con los siguientes veh\u00edculos:<br \/>\nAudi A6 C5 1997-2005 (4B2, 4B4)<br \/>\nAudi A6 C5 Avant 1997-2006 (4B5, 4B6)<br \/>\nAudi Allroad C5 (4BH)<br \/>\nVW Passat B5 1996-2001 (3B2)<br \/>\nVW Passat Variant 1997-2001 (3B5)<br \/>\nVW Passat 2000-2005 (3B3)<\/p>\n<p>Referencias del fabricante (c\u00f3digo OEM) s\u00f3lo a t\u00edtulo informativo:<br \/>\n8E0 513 253 B, 8E0 513 353 B, 8E0 513 353 C, 8E0 513 253 B, 8E0 513 353 B, 8E0 513 353 C<\/p>\n<p>Piezas nuevas, se vende con factura. Todos nuestros productos tienen 2 a\u00f1os de garant\u00eda.<\/p>\n","protected":false},"excerpt":{"rendered":"<p>Soportes superiores para los dos amortiguadores traseros, compatibles con los siguientes veh\u00edculos: Audi A6 C5 1997-2005 (4B2, 4B4) Audi A6 C5 Avant 1997-2006 (4B5, 4B6) Audi Allroad C5 (4BH) VW Passat B5 1996-2001 (3B2) VW Passat Variant 1997-2001 (3B5) VW Passat 2000-2005 (3B3) Referencias del fabricante (c\u00f3digo OEM) s\u00f3lo a t\u00edtulo informativo: 8E0 513 253 [&hellip;]<\/p>\n","protected":false},"featured_media":136299,"template":"","meta":[],"product_brand":[],"product_cat":[2343,3813],"product_tag":[],"class_list":{"0":"post-136301","1":"product","2":"type-product","3":"status-publish","4":"has-post-thumbnail","6":"product_cat-a6-c5-es","7":"product_cat-passat-es","9":"first","10":"instock","11":"shipping-taxable","12":"purchasable","13":"product-type-simple"},"yoast_head":"<!-- This site is optimized with the Yoast SEO Premium plugin v23.0 (Yoast SEO v27.4) - https:\/\/yoast.com\/product\/yoast-seo-premium-wordpress\/ -->\n<title>Soportes amortiguadores traseros, Audi A6 C5, Passat B5 - SILENT BLOCKS<\/title>\n<meta name=\"description\" content=\"Soportes de amortiguador trasero para Audi A6 C5, VW Passat B5, compatibles oem 8E0513253B, 8E0 513 353 B, 8E0 513 353 C, 8E0 513 253 B, 8E0 513 353 B\" \/>\n<meta name=\"robots\" content=\"index, follow, max-snippet:-1, max-image-preview:large, max-video-preview:-1\" \/>\n<link rel=\"canonical\" href=\"https:\/\/www.silentblocks.com\/es\/producto\/soportes-amortiguadores-traseros-audi-a6-c5-passat-b5\/\" \/>\n<meta property=\"og:locale\" content=\"es_ES\" \/>\n<meta property=\"og:type\" content=\"article\" \/>\n<meta property=\"og:title\" content=\"Soportes amortiguadores traseros, Audi A6 C5, Passat B5\" \/>\n<meta property=\"og:description\" content=\"Soportes de amortiguador trasero para Audi A6 C5, VW Passat B5, compatibles oem 8E0513253B, 8E0 513 353 B, 8E0 513 353 C, 8E0 513 253 B, 8E0 513 353 B\" \/>\n<meta property=\"og:url\" content=\"https:\/\/www.silentblocks.com\/es\/producto\/soportes-amortiguadores-traseros-audi-a6-c5-passat-b5\/\" \/>\n<meta property=\"og:site_name\" content=\"SILENT BLOCKS\" \/>\n<meta property=\"og:image\" content=\"https:\/\/www.silentblocks.com\/wp-content\/uploads\/2026\/03\/support-amortisseur-arriere-Passat-B5.jpg\" \/>\n\t<meta property=\"og:image:width\" content=\"1500\" \/>\n\t<meta property=\"og:image:height\" content=\"1500\" \/>\n\t<meta property=\"og:image:type\" content=\"image\/jpeg\" \/>\n<meta name=\"twitter:card\" content=\"summary_large_image\" \/>\n<script type=\"application\/ld+json\" class=\"yoast-schema-graph\">{\"@context\":\"https:\\\/\\\/schema.org\",\"@graph\":[{\"@type\":\"WebPage\",\"@id\":\"https:\\\/\\\/www.silentblocks.com\\\/es\\\/producto\\\/soportes-amortiguadores-traseros-audi-a6-c5-passat-b5\\\/\",\"url\":\"https:\\\/\\\/www.silentblocks.com\\\/es\\\/producto\\\/soportes-amortiguadores-traseros-audi-a6-c5-passat-b5\\\/\",\"name\":\"Soportes amortiguadores traseros, Audi A6 C5, Passat B5 - SILENT BLOCKS\",\"isPartOf\":{\"@id\":\"https:\\\/\\\/www.silentblocks.com\\\/es\\\/#website\"},\"primaryImageOfPage\":{\"@id\":\"https:\\\/\\\/www.silentblocks.com\\\/es\\\/producto\\\/soportes-amortiguadores-traseros-audi-a6-c5-passat-b5\\\/#primaryimage\"},\"image\":{\"@id\":\"https:\\\/\\\/www.silentblocks.com\\\/es\\\/producto\\\/soportes-amortiguadores-traseros-audi-a6-c5-passat-b5\\\/#primaryimage\"},\"thumbnailUrl\":\"https:\\\/\\\/www.silentblocks.com\\\/wp-content\\\/uploads\\\/2026\\\/03\\\/support-amortisseur-arriere-Passat-B5.jpg\",\"datePublished\":\"2026-03-27T15:56:16+00:00\",\"description\":\"Soportes de amortiguador trasero para Audi A6 C5, VW Passat B5, compatibles oem 8E0513253B, 8E0 513 353 B, 8E0 513 353 C, 8E0 513 253 B, 8E0 513 353 B\",\"breadcrumb\":{\"@id\":\"https:\\\/\\\/www.silentblocks.com\\\/es\\\/producto\\\/soportes-amortiguadores-traseros-audi-a6-c5-passat-b5\\\/#breadcrumb\"},\"inLanguage\":\"es\",\"potentialAction\":[{\"@type\":\"ReadAction\",\"target\":[\"https:\\\/\\\/www.silentblocks.com\\\/es\\\/producto\\\/soportes-amortiguadores-traseros-audi-a6-c5-passat-b5\\\/\"]}]},{\"@type\":\"ImageObject\",\"inLanguage\":\"es\",\"@id\":\"https:\\\/\\\/www.silentblocks.com\\\/es\\\/producto\\\/soportes-amortiguadores-traseros-audi-a6-c5-passat-b5\\\/#primaryimage\",\"url\":\"https:\\\/\\\/www.silentblocks.com\\\/wp-content\\\/uploads\\\/2026\\\/03\\\/support-amortisseur-arriere-Passat-B5.jpg\",\"contentUrl\":\"https:\\\/\\\/www.silentblocks.com\\\/wp-content\\\/uploads\\\/2026\\\/03\\\/support-amortisseur-arriere-Passat-B5.jpg\",\"width\":1500,\"height\":1500},{\"@type\":\"BreadcrumbList\",\"@id\":\"https:\\\/\\\/www.silentblocks.com\\\/es\\\/producto\\\/soportes-amortiguadores-traseros-audi-a6-c5-passat-b5\\\/#breadcrumb\",\"itemListElement\":[{\"@type\":\"ListItem\",\"position\":1,\"name\":\"In\u00edcio\",\"item\":\"https:\\\/\\\/www.silentblocks.com\\\/es\\\/\"},{\"@type\":\"ListItem\",\"position\":2,\"name\":\"Page boutique\",\"item\":\"https:\\\/\\\/www.silentblocks.com\\\/es\\\/shop-2\\\/\"},{\"@type\":\"ListItem\",\"position\":3,\"name\":\"Soportes amortiguadores traseros, Audi A6 C5, Passat B5\"}]},{\"@type\":\"WebSite\",\"@id\":\"https:\\\/\\\/www.silentblocks.com\\\/es\\\/#website\",\"url\":\"https:\\\/\\\/www.silentblocks.com\\\/es\\\/\",\"name\":\"SILENTBLOCKS\",\"description\":\"Secure on the road\",\"publisher\":{\"@id\":\"https:\\\/\\\/www.silentblocks.com\\\/es\\\/#organization\"},\"potentialAction\":[{\"@type\":\"SearchAction\",\"target\":{\"@type\":\"EntryPoint\",\"urlTemplate\":\"https:\\\/\\\/www.silentblocks.com\\\/es\\\/?s={search_term_string}\"},\"query-input\":{\"@type\":\"PropertyValueSpecification\",\"valueRequired\":true,\"valueName\":\"search_term_string\"}}],\"inLanguage\":\"es\"},{\"@type\":\"Organization\",\"@id\":\"https:\\\/\\\/www.silentblocks.com\\\/es\\\/#organization\",\"name\":\"SILENTBLOCKS\",\"url\":\"https:\\\/\\\/www.silentblocks.com\\\/es\\\/\",\"logo\":{\"@type\":\"ImageObject\",\"inLanguage\":\"es\",\"@id\":\"https:\\\/\\\/www.silentblocks.com\\\/es\\\/#\\\/schema\\\/logo\\\/image\\\/\",\"url\":\"https:\\\/\\\/www.silentblocks.com\\\/wp-content\\\/uploads\\\/2023\\\/07\\\/logo211-sem-fundo_2012-PARA-BOUTIQUE-EBAY.png\",\"contentUrl\":\"https:\\\/\\\/www.silentblocks.com\\\/wp-content\\\/uploads\\\/2023\\\/07\\\/logo211-sem-fundo_2012-PARA-BOUTIQUE-EBAY.png\",\"width\":300,\"height\":190,\"caption\":\"SILENTBLOCKS\"},\"image\":{\"@id\":\"https:\\\/\\\/www.silentblocks.com\\\/es\\\/#\\\/schema\\\/logo\\\/image\\\/\"}}]}<\/script>\n<!-- \/ Yoast SEO Premium plugin. -->","yoast_head_json":{"title":"Soportes amortiguadores traseros, Audi A6 C5, Passat B5 - SILENT BLOCKS","description":"Soportes de amortiguador trasero para Audi A6 C5, VW Passat B5, compatibles oem 8E0513253B, 8E0 513 353 B, 8E0 513 353 C, 8E0 513 253 B, 8E0 513 353 B","robots":{"index":"index","follow":"follow","max-snippet":"max-snippet:-1","max-image-preview":"max-image-preview:large","max-video-preview":"max-video-preview:-1"},"canonical":"https:\/\/www.silentblocks.com\/es\/producto\/soportes-amortiguadores-traseros-audi-a6-c5-passat-b5\/","og_locale":"es_ES","og_type":"article","og_title":"Soportes amortiguadores traseros, Audi A6 C5, Passat B5","og_description":"Soportes de amortiguador trasero para Audi A6 C5, VW Passat B5, compatibles oem 8E0513253B, 8E0 513 353 B, 8E0 513 353 C, 8E0 513 253 B, 8E0 513 353 B","og_url":"https:\/\/www.silentblocks.com\/es\/producto\/soportes-amortiguadores-traseros-audi-a6-c5-passat-b5\/","og_site_name":"SILENT BLOCKS","og_image":[{"width":1500,"height":1500,"url":"https:\/\/www.silentblocks.com\/wp-content\/uploads\/2026\/03\/support-amortisseur-arriere-Passat-B5.jpg","type":"image\/jpeg"}],"twitter_card":"summary_large_image","schema":{"@context":"https:\/\/schema.org","@graph":[{"@type":"WebPage","@id":"https:\/\/www.silentblocks.com\/es\/producto\/soportes-amortiguadores-traseros-audi-a6-c5-passat-b5\/","url":"https:\/\/www.silentblocks.com\/es\/producto\/soportes-amortiguadores-traseros-audi-a6-c5-passat-b5\/","name":"Soportes amortiguadores traseros, Audi A6 C5, Passat B5 - SILENT BLOCKS","isPartOf":{"@id":"https:\/\/www.silentblocks.com\/es\/#website"},"primaryImageOfPage":{"@id":"https:\/\/www.silentblocks.com\/es\/producto\/soportes-amortiguadores-traseros-audi-a6-c5-passat-b5\/#primaryimage"},"image":{"@id":"https:\/\/www.silentblocks.com\/es\/producto\/soportes-amortiguadores-traseros-audi-a6-c5-passat-b5\/#primaryimage"},"thumbnailUrl":"https:\/\/www.silentblocks.com\/wp-content\/uploads\/2026\/03\/support-amortisseur-arriere-Passat-B5.jpg","datePublished":"2026-03-27T15:56:16+00:00","description":"Soportes de amortiguador trasero para Audi A6 C5, VW Passat B5, compatibles oem 8E0513253B, 8E0 513 353 B, 8E0 513 353 C, 8E0 513 253 B, 8E0 513 353 B","breadcrumb":{"@id":"https:\/\/www.silentblocks.com\/es\/producto\/soportes-amortiguadores-traseros-audi-a6-c5-passat-b5\/#breadcrumb"},"inLanguage":"es","potentialAction":[{"@type":"ReadAction","target":["https:\/\/www.silentblocks.com\/es\/producto\/soportes-amortiguadores-traseros-audi-a6-c5-passat-b5\/"]}]},{"@type":"ImageObject","inLanguage":"es","@id":"https:\/\/www.silentblocks.com\/es\/producto\/soportes-amortiguadores-traseros-audi-a6-c5-passat-b5\/#primaryimage","url":"https:\/\/www.silentblocks.com\/wp-content\/uploads\/2026\/03\/support-amortisseur-arriere-Passat-B5.jpg","contentUrl":"https:\/\/www.silentblocks.com\/wp-content\/uploads\/2026\/03\/support-amortisseur-arriere-Passat-B5.jpg","width":1500,"height":1500},{"@type":"BreadcrumbList","@id":"https:\/\/www.silentblocks.com\/es\/producto\/soportes-amortiguadores-traseros-audi-a6-c5-passat-b5\/#breadcrumb","itemListElement":[{"@type":"ListItem","position":1,"name":"In\u00edcio","item":"https:\/\/www.silentblocks.com\/es\/"},{"@type":"ListItem","position":2,"name":"Page boutique","item":"https:\/\/www.silentblocks.com\/es\/shop-2\/"},{"@type":"ListItem","position":3,"name":"Soportes amortiguadores traseros, Audi A6 C5, Passat B5"}]},{"@type":"WebSite","@id":"https:\/\/www.silentblocks.com\/es\/#website","url":"https:\/\/www.silentblocks.com\/es\/","name":"SILENTBLOCKS","description":"Secure on the road","publisher":{"@id":"https:\/\/www.silentblocks.com\/es\/#organization"},"potentialAction":[{"@type":"SearchAction","target":{"@type":"EntryPoint","urlTemplate":"https:\/\/www.silentblocks.com\/es\/?s={search_term_string}"},"query-input":{"@type":"PropertyValueSpecification","valueRequired":true,"valueName":"search_term_string"}}],"inLanguage":"es"},{"@type":"Organization","@id":"https:\/\/www.silentblocks.com\/es\/#organization","name":"SILENTBLOCKS","url":"https:\/\/www.silentblocks.com\/es\/","logo":{"@type":"ImageObject","inLanguage":"es","@id":"https:\/\/www.silentblocks.com\/es\/#\/schema\/logo\/image\/","url":"https:\/\/www.silentblocks.com\/wp-content\/uploads\/2023\/07\/logo211-sem-fundo_2012-PARA-BOUTIQUE-EBAY.png","contentUrl":"https:\/\/www.silentblocks.com\/wp-content\/uploads\/2023\/07\/logo211-sem-fundo_2012-PARA-BOUTIQUE-EBAY.png","width":300,"height":190,"caption":"SILENTBLOCKS"},"image":{"@id":"https:\/\/www.silentblocks.com\/es\/#\/schema\/logo\/image\/"}}]}},"_links":{"self":[{"href":"https:\/\/www.silentblocks.com\/es\/wp-json\/wp\/v2\/product\/136301","targetHints":{"allow":["GET"]}}],"collection":[{"href":"https:\/\/www.silentblocks.com\/es\/wp-json\/wp\/v2\/product"}],"about":[{"href":"https:\/\/www.silentblocks.com\/es\/wp-json\/wp\/v2\/types\/product"}],"version-history":[{"count":0,"href":"https:\/\/www.silentblocks.com\/es\/wp-json\/wp\/v2\/product\/136301\/revisions"}],"wp:featuredmedia":[{"embeddable":true,"href":"https:\/\/www.silentblocks.com\/es\/wp-json\/wp\/v2\/media\/136299"}],"wp:attachment":[{"href":"https:\/\/www.silentblocks.com\/es\/wp-json\/wp\/v2\/media?parent=136301"}],"wp:term":[{"taxonomy":"product_brand","embeddable":true,"href":"https:\/\/www.silentblocks.com\/es\/wp-json\/wp\/v2\/product_brand?post=136301"},{"taxonomy":"product_cat","embeddable":true,"href":"https:\/\/www.silentblocks.com\/es\/wp-json\/wp\/v2\/product_cat?post=136301"},{"taxonomy":"product_tag","embeddable":true,"href":"https:\/\/www.silentblocks.com\/es\/wp-json\/wp\/v2\/product_tag?post=136301"}],"curies":[{"name":"wp","href":"https:\/\/api.w.org\/{rel}","templated":true}]}}