{"id":136698,"date":"2026-04-04T19:23:49","date_gmt":"2026-04-04T19:23:49","guid":{"rendered":"https:\/\/www.silentblocks.com\/product\/silentblocks-para-soporte-diferencial-trasero-outlander-i-lancer-evolution-iv-v-vi-vii-viii-ix\/"},"modified":"2026-04-04T19:23:49","modified_gmt":"2026-04-04T19:23:49","slug":"silentblocks-para-soporte-diferencial-trasero-outlander-i-lancer-evolution-iv-v-vi-vii-viii-ix","status":"publish","type":"product","link":"https:\/\/www.silentblocks.com\/es\/producto\/silentblocks-para-soporte-diferencial-trasero-outlander-i-lancer-evolution-iv-v-vi-vii-viii-ix\/","title":{"rendered":"Silentblocks para soporte diferencial trasero, Outlander I, Lancer Evolution IV V VI VII VIII IX"},"content":{"rendered":"<p>Silentblocks de poliuretano para el soporte del diferencial trasero, compatibles con los siguientes veh\u00edculos:<br \/>\nMitsubishi Outlander I (2001-2006)<br \/>\nLancer Evolution IV V VI VII VIII IX<\/p>\n<p>Dureza: 85Sha<\/p>\n<p>Referencias del fabricante (c\u00f3digo OEM) s\u00f3lo a t\u00edtulo informativo:<br \/>\nMN100065, MR594994, MN100011<\/p>\n<p>Piezas nuevas, se vende con factura. Todos nuestros productos tienen 2 a\u00f1os de garant\u00eda.<\/p>\n","protected":false},"excerpt":{"rendered":"<p>Silentblocks de poliuretano para el soporte del diferencial trasero, compatibles con los siguientes veh\u00edculos: Mitsubishi Outlander I (2001-2006) Lancer Evolution IV V VI VII VIII IX Dureza: 85Sha Referencias del fabricante (c\u00f3digo OEM) s\u00f3lo a t\u00edtulo informativo: MN100065, MR594994, MN100011 Piezas nuevas, se vende con factura. Todos nuestros productos tienen 2 a\u00f1os de garant\u00eda.<\/p>\n","protected":false},"featured_media":136696,"template":"","meta":[],"product_brand":[],"product_cat":[4306,3126],"product_tag":[],"class_list":{"0":"post-136698","1":"product","2":"type-product","3":"status-publish","4":"has-post-thumbnail","6":"product_cat-lancer-evo-vii-viii-ix-es","7":"product_cat-outlander-es","9":"first","10":"instock","11":"shipping-taxable","12":"purchasable","13":"product-type-simple"},"yoast_head":"<!-- This site is optimized with the Yoast SEO Premium plugin v23.0 (Yoast SEO v27.4) - https:\/\/yoast.com\/product\/yoast-seo-premium-wordpress\/ -->\n<title>Silentblocks para soporte diferencial trasero, Outlander I, Lancer Evolution IV V VI VII VIII IX - SILENT BLOCKS<\/title>\n<meta name=\"description\" content=\"Silentblocks soporte diferencial trasero para Mitsubishi Outlander I, Lancer Evolution IV V VI VII VIII IX, oem compatible MN100065, MR594994, MN100011\" \/>\n<meta name=\"robots\" content=\"index, follow, max-snippet:-1, max-image-preview:large, max-video-preview:-1\" \/>\n<link rel=\"canonical\" href=\"https:\/\/www.silentblocks.com\/es\/producto\/silentblocks-para-soporte-diferencial-trasero-outlander-i-lancer-evolution-iv-v-vi-vii-viii-ix\/\" \/>\n<meta property=\"og:locale\" content=\"es_ES\" \/>\n<meta property=\"og:type\" content=\"article\" \/>\n<meta property=\"og:title\" content=\"Silentblocks para soporte diferencial trasero, Outlander I, Lancer Evolution IV V VI VII VIII IX\" \/>\n<meta property=\"og:description\" content=\"Silentblocks soporte diferencial trasero para Mitsubishi Outlander I, Lancer Evolution IV V VI VII VIII IX, oem compatible MN100065, MR594994, MN100011\" \/>\n<meta property=\"og:url\" content=\"https:\/\/www.silentblocks.com\/es\/producto\/silentblocks-para-soporte-diferencial-trasero-outlander-i-lancer-evolution-iv-v-vi-vii-viii-ix\/\" \/>\n<meta property=\"og:site_name\" content=\"SILENT BLOCKS\" \/>\n<meta property=\"og:image\" content=\"https:\/\/www.silentblocks.com\/wp-content\/uploads\/2026\/04\/silentblocs-support-differentiel-arriere-outlander.jpg\" \/>\n\t<meta property=\"og:image:width\" content=\"1024\" \/>\n\t<meta property=\"og:image:height\" content=\"1024\" \/>\n\t<meta property=\"og:image:type\" content=\"image\/jpeg\" \/>\n<meta name=\"twitter:card\" content=\"summary_large_image\" \/>\n<script type=\"application\/ld+json\" class=\"yoast-schema-graph\">{\"@context\":\"https:\\\/\\\/schema.org\",\"@graph\":[{\"@type\":\"WebPage\",\"@id\":\"https:\\\/\\\/www.silentblocks.com\\\/es\\\/producto\\\/silentblocks-para-soporte-diferencial-trasero-outlander-i-lancer-evolution-iv-v-vi-vii-viii-ix\\\/\",\"url\":\"https:\\\/\\\/www.silentblocks.com\\\/es\\\/producto\\\/silentblocks-para-soporte-diferencial-trasero-outlander-i-lancer-evolution-iv-v-vi-vii-viii-ix\\\/\",\"name\":\"Silentblocks para soporte diferencial trasero, Outlander I, Lancer Evolution IV V VI VII VIII IX - SILENT BLOCKS\",\"isPartOf\":{\"@id\":\"https:\\\/\\\/www.silentblocks.com\\\/es\\\/#website\"},\"primaryImageOfPage\":{\"@id\":\"https:\\\/\\\/www.silentblocks.com\\\/es\\\/producto\\\/silentblocks-para-soporte-diferencial-trasero-outlander-i-lancer-evolution-iv-v-vi-vii-viii-ix\\\/#primaryimage\"},\"image\":{\"@id\":\"https:\\\/\\\/www.silentblocks.com\\\/es\\\/producto\\\/silentblocks-para-soporte-diferencial-trasero-outlander-i-lancer-evolution-iv-v-vi-vii-viii-ix\\\/#primaryimage\"},\"thumbnailUrl\":\"https:\\\/\\\/www.silentblocks.com\\\/wp-content\\\/uploads\\\/2026\\\/04\\\/silentblocs-support-differentiel-arriere-outlander.jpg\",\"datePublished\":\"2026-04-04T19:23:49+00:00\",\"description\":\"Silentblocks soporte diferencial trasero para Mitsubishi Outlander I, Lancer Evolution IV V VI VII VIII IX, oem compatible MN100065, MR594994, MN100011\",\"breadcrumb\":{\"@id\":\"https:\\\/\\\/www.silentblocks.com\\\/es\\\/producto\\\/silentblocks-para-soporte-diferencial-trasero-outlander-i-lancer-evolution-iv-v-vi-vii-viii-ix\\\/#breadcrumb\"},\"inLanguage\":\"es\",\"potentialAction\":[{\"@type\":\"ReadAction\",\"target\":[\"https:\\\/\\\/www.silentblocks.com\\\/es\\\/producto\\\/silentblocks-para-soporte-diferencial-trasero-outlander-i-lancer-evolution-iv-v-vi-vii-viii-ix\\\/\"]}]},{\"@type\":\"ImageObject\",\"inLanguage\":\"es\",\"@id\":\"https:\\\/\\\/www.silentblocks.com\\\/es\\\/producto\\\/silentblocks-para-soporte-diferencial-trasero-outlander-i-lancer-evolution-iv-v-vi-vii-viii-ix\\\/#primaryimage\",\"url\":\"https:\\\/\\\/www.silentblocks.com\\\/wp-content\\\/uploads\\\/2026\\\/04\\\/silentblocs-support-differentiel-arriere-outlander.jpg\",\"contentUrl\":\"https:\\\/\\\/www.silentblocks.com\\\/wp-content\\\/uploads\\\/2026\\\/04\\\/silentblocs-support-differentiel-arriere-outlander.jpg\",\"width\":1024,\"height\":1024},{\"@type\":\"BreadcrumbList\",\"@id\":\"https:\\\/\\\/www.silentblocks.com\\\/es\\\/producto\\\/silentblocks-para-soporte-diferencial-trasero-outlander-i-lancer-evolution-iv-v-vi-vii-viii-ix\\\/#breadcrumb\",\"itemListElement\":[{\"@type\":\"ListItem\",\"position\":1,\"name\":\"In\u00edcio\",\"item\":\"https:\\\/\\\/www.silentblocks.com\\\/es\\\/\"},{\"@type\":\"ListItem\",\"position\":2,\"name\":\"Page boutique\",\"item\":\"https:\\\/\\\/www.silentblocks.com\\\/es\\\/shop-2\\\/\"},{\"@type\":\"ListItem\",\"position\":3,\"name\":\"Silentblocks para soporte diferencial trasero, Outlander I, Lancer Evolution IV V VI VII VIII IX\"}]},{\"@type\":\"WebSite\",\"@id\":\"https:\\\/\\\/www.silentblocks.com\\\/es\\\/#website\",\"url\":\"https:\\\/\\\/www.silentblocks.com\\\/es\\\/\",\"name\":\"SILENTBLOCKS\",\"description\":\"Secure on the road\",\"publisher\":{\"@id\":\"https:\\\/\\\/www.silentblocks.com\\\/es\\\/#organization\"},\"potentialAction\":[{\"@type\":\"SearchAction\",\"target\":{\"@type\":\"EntryPoint\",\"urlTemplate\":\"https:\\\/\\\/www.silentblocks.com\\\/es\\\/?s={search_term_string}\"},\"query-input\":{\"@type\":\"PropertyValueSpecification\",\"valueRequired\":true,\"valueName\":\"search_term_string\"}}],\"inLanguage\":\"es\"},{\"@type\":\"Organization\",\"@id\":\"https:\\\/\\\/www.silentblocks.com\\\/es\\\/#organization\",\"name\":\"SILENTBLOCKS\",\"url\":\"https:\\\/\\\/www.silentblocks.com\\\/es\\\/\",\"logo\":{\"@type\":\"ImageObject\",\"inLanguage\":\"es\",\"@id\":\"https:\\\/\\\/www.silentblocks.com\\\/es\\\/#\\\/schema\\\/logo\\\/image\\\/\",\"url\":\"https:\\\/\\\/www.silentblocks.com\\\/wp-content\\\/uploads\\\/2023\\\/07\\\/logo211-sem-fundo_2012-PARA-BOUTIQUE-EBAY.png\",\"contentUrl\":\"https:\\\/\\\/www.silentblocks.com\\\/wp-content\\\/uploads\\\/2023\\\/07\\\/logo211-sem-fundo_2012-PARA-BOUTIQUE-EBAY.png\",\"width\":300,\"height\":190,\"caption\":\"SILENTBLOCKS\"},\"image\":{\"@id\":\"https:\\\/\\\/www.silentblocks.com\\\/es\\\/#\\\/schema\\\/logo\\\/image\\\/\"}}]}<\/script>\n<!-- \/ Yoast SEO Premium plugin. -->","yoast_head_json":{"title":"Silentblocks para soporte diferencial trasero, Outlander I, Lancer Evolution IV V VI VII VIII IX - SILENT BLOCKS","description":"Silentblocks soporte diferencial trasero para Mitsubishi Outlander I, Lancer Evolution IV V VI VII VIII IX, oem compatible MN100065, MR594994, MN100011","robots":{"index":"index","follow":"follow","max-snippet":"max-snippet:-1","max-image-preview":"max-image-preview:large","max-video-preview":"max-video-preview:-1"},"canonical":"https:\/\/www.silentblocks.com\/es\/producto\/silentblocks-para-soporte-diferencial-trasero-outlander-i-lancer-evolution-iv-v-vi-vii-viii-ix\/","og_locale":"es_ES","og_type":"article","og_title":"Silentblocks para soporte diferencial trasero, Outlander I, Lancer Evolution IV V VI VII VIII IX","og_description":"Silentblocks soporte diferencial trasero para Mitsubishi Outlander I, Lancer Evolution IV V VI VII VIII IX, oem compatible MN100065, MR594994, MN100011","og_url":"https:\/\/www.silentblocks.com\/es\/producto\/silentblocks-para-soporte-diferencial-trasero-outlander-i-lancer-evolution-iv-v-vi-vii-viii-ix\/","og_site_name":"SILENT BLOCKS","og_image":[{"width":1024,"height":1024,"url":"https:\/\/www.silentblocks.com\/wp-content\/uploads\/2026\/04\/silentblocs-support-differentiel-arriere-outlander.jpg","type":"image\/jpeg"}],"twitter_card":"summary_large_image","schema":{"@context":"https:\/\/schema.org","@graph":[{"@type":"WebPage","@id":"https:\/\/www.silentblocks.com\/es\/producto\/silentblocks-para-soporte-diferencial-trasero-outlander-i-lancer-evolution-iv-v-vi-vii-viii-ix\/","url":"https:\/\/www.silentblocks.com\/es\/producto\/silentblocks-para-soporte-diferencial-trasero-outlander-i-lancer-evolution-iv-v-vi-vii-viii-ix\/","name":"Silentblocks para soporte diferencial trasero, Outlander I, Lancer Evolution IV V VI VII VIII IX - SILENT BLOCKS","isPartOf":{"@id":"https:\/\/www.silentblocks.com\/es\/#website"},"primaryImageOfPage":{"@id":"https:\/\/www.silentblocks.com\/es\/producto\/silentblocks-para-soporte-diferencial-trasero-outlander-i-lancer-evolution-iv-v-vi-vii-viii-ix\/#primaryimage"},"image":{"@id":"https:\/\/www.silentblocks.com\/es\/producto\/silentblocks-para-soporte-diferencial-trasero-outlander-i-lancer-evolution-iv-v-vi-vii-viii-ix\/#primaryimage"},"thumbnailUrl":"https:\/\/www.silentblocks.com\/wp-content\/uploads\/2026\/04\/silentblocs-support-differentiel-arriere-outlander.jpg","datePublished":"2026-04-04T19:23:49+00:00","description":"Silentblocks soporte diferencial trasero para Mitsubishi Outlander I, Lancer Evolution IV V VI VII VIII IX, oem compatible MN100065, MR594994, MN100011","breadcrumb":{"@id":"https:\/\/www.silentblocks.com\/es\/producto\/silentblocks-para-soporte-diferencial-trasero-outlander-i-lancer-evolution-iv-v-vi-vii-viii-ix\/#breadcrumb"},"inLanguage":"es","potentialAction":[{"@type":"ReadAction","target":["https:\/\/www.silentblocks.com\/es\/producto\/silentblocks-para-soporte-diferencial-trasero-outlander-i-lancer-evolution-iv-v-vi-vii-viii-ix\/"]}]},{"@type":"ImageObject","inLanguage":"es","@id":"https:\/\/www.silentblocks.com\/es\/producto\/silentblocks-para-soporte-diferencial-trasero-outlander-i-lancer-evolution-iv-v-vi-vii-viii-ix\/#primaryimage","url":"https:\/\/www.silentblocks.com\/wp-content\/uploads\/2026\/04\/silentblocs-support-differentiel-arriere-outlander.jpg","contentUrl":"https:\/\/www.silentblocks.com\/wp-content\/uploads\/2026\/04\/silentblocs-support-differentiel-arriere-outlander.jpg","width":1024,"height":1024},{"@type":"BreadcrumbList","@id":"https:\/\/www.silentblocks.com\/es\/producto\/silentblocks-para-soporte-diferencial-trasero-outlander-i-lancer-evolution-iv-v-vi-vii-viii-ix\/#breadcrumb","itemListElement":[{"@type":"ListItem","position":1,"name":"In\u00edcio","item":"https:\/\/www.silentblocks.com\/es\/"},{"@type":"ListItem","position":2,"name":"Page boutique","item":"https:\/\/www.silentblocks.com\/es\/shop-2\/"},{"@type":"ListItem","position":3,"name":"Silentblocks para soporte diferencial trasero, Outlander I, Lancer Evolution IV V VI VII VIII IX"}]},{"@type":"WebSite","@id":"https:\/\/www.silentblocks.com\/es\/#website","url":"https:\/\/www.silentblocks.com\/es\/","name":"SILENTBLOCKS","description":"Secure on the road","publisher":{"@id":"https:\/\/www.silentblocks.com\/es\/#organization"},"potentialAction":[{"@type":"SearchAction","target":{"@type":"EntryPoint","urlTemplate":"https:\/\/www.silentblocks.com\/es\/?s={search_term_string}"},"query-input":{"@type":"PropertyValueSpecification","valueRequired":true,"valueName":"search_term_string"}}],"inLanguage":"es"},{"@type":"Organization","@id":"https:\/\/www.silentblocks.com\/es\/#organization","name":"SILENTBLOCKS","url":"https:\/\/www.silentblocks.com\/es\/","logo":{"@type":"ImageObject","inLanguage":"es","@id":"https:\/\/www.silentblocks.com\/es\/#\/schema\/logo\/image\/","url":"https:\/\/www.silentblocks.com\/wp-content\/uploads\/2023\/07\/logo211-sem-fundo_2012-PARA-BOUTIQUE-EBAY.png","contentUrl":"https:\/\/www.silentblocks.com\/wp-content\/uploads\/2023\/07\/logo211-sem-fundo_2012-PARA-BOUTIQUE-EBAY.png","width":300,"height":190,"caption":"SILENTBLOCKS"},"image":{"@id":"https:\/\/www.silentblocks.com\/es\/#\/schema\/logo\/image\/"}}]}},"_links":{"self":[{"href":"https:\/\/www.silentblocks.com\/es\/wp-json\/wp\/v2\/product\/136698","targetHints":{"allow":["GET"]}}],"collection":[{"href":"https:\/\/www.silentblocks.com\/es\/wp-json\/wp\/v2\/product"}],"about":[{"href":"https:\/\/www.silentblocks.com\/es\/wp-json\/wp\/v2\/types\/product"}],"version-history":[{"count":0,"href":"https:\/\/www.silentblocks.com\/es\/wp-json\/wp\/v2\/product\/136698\/revisions"}],"wp:featuredmedia":[{"embeddable":true,"href":"https:\/\/www.silentblocks.com\/es\/wp-json\/wp\/v2\/media\/136696"}],"wp:attachment":[{"href":"https:\/\/www.silentblocks.com\/es\/wp-json\/wp\/v2\/media?parent=136698"}],"wp:term":[{"taxonomy":"product_brand","embeddable":true,"href":"https:\/\/www.silentblocks.com\/es\/wp-json\/wp\/v2\/product_brand?post=136698"},{"taxonomy":"product_cat","embeddable":true,"href":"https:\/\/www.silentblocks.com\/es\/wp-json\/wp\/v2\/product_cat?post=136698"},{"taxonomy":"product_tag","embeddable":true,"href":"https:\/\/www.silentblocks.com\/es\/wp-json\/wp\/v2\/product_tag?post=136698"}],"curies":[{"name":"wp","href":"https:\/\/api.w.org\/{rel}","templated":true}]}}