{"id":136758,"date":"2026-04-07T11:06:54","date_gmt":"2026-04-07T11:06:54","guid":{"rendered":"https:\/\/www.silentblocks.com\/product\/kit-de-elevacion-4cm-rav4-ii\/"},"modified":"2026-04-07T11:06:54","modified_gmt":"2026-04-07T11:06:54","slug":"kit-de-elevacion-4cm-rav4-ii","status":"publish","type":"product","link":"https:\/\/www.silentblocks.com\/es\/producto\/kit-de-elevacion-4cm-rav4-ii\/","title":{"rendered":"Kit de elevaci\u00f3n 4cm, Rav4 II"},"content":{"rendered":"<p>Kit completo de elevaci\u00f3n de 4 cm, compatible con los siguientes veh\u00edculos:<br \/>\nToyota RAV4 II (2000-2005)<\/p>\n<p>El kit incluye separadores delanteros para montantes McPherson con esp\u00e1rragos y tuercas, as\u00ed como separadores de poliuretano para los muelles traseros. Sirve para todos los motores.<\/p>\n<p>Los separadores delanteros se colocan entre la cazoleta superior del puntal McPherson y la carrocer\u00eda del veh\u00edculo, sustituyendo los esp\u00e1rragos originales por los esp\u00e1rragos m\u00e1s largos suministrados en el kit. Los separadores traseros de poliuretano se colocan encima de los muelles.<\/p>\n<p>Piezas nuevas, se vende con factura. Todos nuestros productos tienen 2 a\u00f1os de garant\u00eda.<\/p>\n","protected":false},"excerpt":{"rendered":"<p>Kit completo de elevaci\u00f3n de 4 cm, compatible con los siguientes veh\u00edculos: Toyota RAV4 II (2000-2005) El kit incluye separadores delanteros para montantes McPherson con esp\u00e1rragos y tuercas, as\u00ed como separadores de poliuretano para los muelles traseros. Sirve para todos los motores. Los separadores delanteros se colocan entre la cazoleta superior del puntal McPherson y [&hellip;]<\/p>\n","protected":false},"featured_media":136756,"template":"","meta":[],"product_brand":[],"product_cat":[3684],"product_tag":[],"class_list":{"0":"post-136758","1":"product","2":"type-product","3":"status-publish","4":"has-post-thumbnail","6":"product_cat-rav4-00-05-es","8":"first","9":"instock","10":"shipping-taxable","11":"purchasable","12":"product-type-simple"},"yoast_head":"<!-- This site is optimized with the Yoast SEO Premium plugin v23.0 (Yoast SEO v27.4) - https:\/\/yoast.com\/product\/yoast-seo-premium-wordpress\/ -->\n<title>Kit de elevaci\u00f3n 4cm, Rav4 II - SILENT BLOCKS<\/title>\n<meta name=\"description\" content=\"Kit de mejora para el Toyota Rav4 II, mejora los \u00e1ngulos de aproximaci\u00f3n, salida y rampa del veh\u00edculo, permitiendo montar neum\u00e1ticos todoterreno m\u00e1s grandes.\" \/>\n<meta name=\"robots\" content=\"index, follow, max-snippet:-1, max-image-preview:large, max-video-preview:-1\" \/>\n<link rel=\"canonical\" href=\"https:\/\/www.silentblocks.com\/es\/producto\/kit-de-elevacion-4cm-rav4-ii\/\" \/>\n<meta property=\"og:locale\" content=\"es_ES\" \/>\n<meta property=\"og:type\" content=\"article\" \/>\n<meta property=\"og:title\" content=\"Kit de elevaci\u00f3n 4cm, Rav4 II\" \/>\n<meta property=\"og:description\" content=\"Kit de mejora para el Toyota Rav4 II, mejora los \u00e1ngulos de aproximaci\u00f3n, salida y rampa del veh\u00edculo, permitiendo montar neum\u00e1ticos todoterreno m\u00e1s grandes.\" \/>\n<meta property=\"og:url\" content=\"https:\/\/www.silentblocks.com\/es\/producto\/kit-de-elevacion-4cm-rav4-ii\/\" \/>\n<meta property=\"og:site_name\" content=\"SILENT BLOCKS\" \/>\n<meta property=\"og:image\" content=\"https:\/\/www.silentblocks.com\/wp-content\/uploads\/2026\/04\/kit-elevation-Toyota-RAV4-II.jpg\" \/>\n\t<meta property=\"og:image:width\" content=\"1024\" \/>\n\t<meta property=\"og:image:height\" content=\"1024\" \/>\n\t<meta property=\"og:image:type\" content=\"image\/jpeg\" \/>\n<meta name=\"twitter:card\" content=\"summary_large_image\" \/>\n<meta name=\"twitter:label1\" content=\"Tiempo de lectura\" \/>\n\t<meta name=\"twitter:data1\" content=\"1 minuto\" \/>\n<script type=\"application\/ld+json\" class=\"yoast-schema-graph\">{\"@context\":\"https:\\\/\\\/schema.org\",\"@graph\":[{\"@type\":\"WebPage\",\"@id\":\"https:\\\/\\\/www.silentblocks.com\\\/es\\\/producto\\\/kit-de-elevacion-4cm-rav4-ii\\\/\",\"url\":\"https:\\\/\\\/www.silentblocks.com\\\/es\\\/producto\\\/kit-de-elevacion-4cm-rav4-ii\\\/\",\"name\":\"Kit de elevaci\u00f3n 4cm, Rav4 II - SILENT BLOCKS\",\"isPartOf\":{\"@id\":\"https:\\\/\\\/www.silentblocks.com\\\/es\\\/#website\"},\"primaryImageOfPage\":{\"@id\":\"https:\\\/\\\/www.silentblocks.com\\\/es\\\/producto\\\/kit-de-elevacion-4cm-rav4-ii\\\/#primaryimage\"},\"image\":{\"@id\":\"https:\\\/\\\/www.silentblocks.com\\\/es\\\/producto\\\/kit-de-elevacion-4cm-rav4-ii\\\/#primaryimage\"},\"thumbnailUrl\":\"https:\\\/\\\/www.silentblocks.com\\\/wp-content\\\/uploads\\\/2026\\\/04\\\/kit-elevation-Toyota-RAV4-II.jpg\",\"datePublished\":\"2026-04-07T11:06:54+00:00\",\"description\":\"Kit de mejora para el Toyota Rav4 II, mejora los \u00e1ngulos de aproximaci\u00f3n, salida y rampa del veh\u00edculo, permitiendo montar neum\u00e1ticos todoterreno m\u00e1s grandes.\",\"breadcrumb\":{\"@id\":\"https:\\\/\\\/www.silentblocks.com\\\/es\\\/producto\\\/kit-de-elevacion-4cm-rav4-ii\\\/#breadcrumb\"},\"inLanguage\":\"es\",\"potentialAction\":[{\"@type\":\"ReadAction\",\"target\":[\"https:\\\/\\\/www.silentblocks.com\\\/es\\\/producto\\\/kit-de-elevacion-4cm-rav4-ii\\\/\"]}]},{\"@type\":\"ImageObject\",\"inLanguage\":\"es\",\"@id\":\"https:\\\/\\\/www.silentblocks.com\\\/es\\\/producto\\\/kit-de-elevacion-4cm-rav4-ii\\\/#primaryimage\",\"url\":\"https:\\\/\\\/www.silentblocks.com\\\/wp-content\\\/uploads\\\/2026\\\/04\\\/kit-elevation-Toyota-RAV4-II.jpg\",\"contentUrl\":\"https:\\\/\\\/www.silentblocks.com\\\/wp-content\\\/uploads\\\/2026\\\/04\\\/kit-elevation-Toyota-RAV4-II.jpg\",\"width\":1024,\"height\":1024},{\"@type\":\"BreadcrumbList\",\"@id\":\"https:\\\/\\\/www.silentblocks.com\\\/es\\\/producto\\\/kit-de-elevacion-4cm-rav4-ii\\\/#breadcrumb\",\"itemListElement\":[{\"@type\":\"ListItem\",\"position\":1,\"name\":\"In\u00edcio\",\"item\":\"https:\\\/\\\/www.silentblocks.com\\\/es\\\/\"},{\"@type\":\"ListItem\",\"position\":2,\"name\":\"Page boutique\",\"item\":\"https:\\\/\\\/www.silentblocks.com\\\/es\\\/shop-2\\\/\"},{\"@type\":\"ListItem\",\"position\":3,\"name\":\"Kit de elevaci\u00f3n 4cm, Rav4 II\"}]},{\"@type\":\"WebSite\",\"@id\":\"https:\\\/\\\/www.silentblocks.com\\\/es\\\/#website\",\"url\":\"https:\\\/\\\/www.silentblocks.com\\\/es\\\/\",\"name\":\"SILENTBLOCKS\",\"description\":\"Secure on the road\",\"publisher\":{\"@id\":\"https:\\\/\\\/www.silentblocks.com\\\/es\\\/#organization\"},\"potentialAction\":[{\"@type\":\"SearchAction\",\"target\":{\"@type\":\"EntryPoint\",\"urlTemplate\":\"https:\\\/\\\/www.silentblocks.com\\\/es\\\/?s={search_term_string}\"},\"query-input\":{\"@type\":\"PropertyValueSpecification\",\"valueRequired\":true,\"valueName\":\"search_term_string\"}}],\"inLanguage\":\"es\"},{\"@type\":\"Organization\",\"@id\":\"https:\\\/\\\/www.silentblocks.com\\\/es\\\/#organization\",\"name\":\"SILENTBLOCKS\",\"url\":\"https:\\\/\\\/www.silentblocks.com\\\/es\\\/\",\"logo\":{\"@type\":\"ImageObject\",\"inLanguage\":\"es\",\"@id\":\"https:\\\/\\\/www.silentblocks.com\\\/es\\\/#\\\/schema\\\/logo\\\/image\\\/\",\"url\":\"https:\\\/\\\/www.silentblocks.com\\\/wp-content\\\/uploads\\\/2023\\\/07\\\/logo211-sem-fundo_2012-PARA-BOUTIQUE-EBAY.png\",\"contentUrl\":\"https:\\\/\\\/www.silentblocks.com\\\/wp-content\\\/uploads\\\/2023\\\/07\\\/logo211-sem-fundo_2012-PARA-BOUTIQUE-EBAY.png\",\"width\":300,\"height\":190,\"caption\":\"SILENTBLOCKS\"},\"image\":{\"@id\":\"https:\\\/\\\/www.silentblocks.com\\\/es\\\/#\\\/schema\\\/logo\\\/image\\\/\"}}]}<\/script>\n<!-- \/ Yoast SEO Premium plugin. -->","yoast_head_json":{"title":"Kit de elevaci\u00f3n 4cm, Rav4 II - SILENT BLOCKS","description":"Kit de mejora para el Toyota Rav4 II, mejora los \u00e1ngulos de aproximaci\u00f3n, salida y rampa del veh\u00edculo, permitiendo montar neum\u00e1ticos todoterreno m\u00e1s grandes.","robots":{"index":"index","follow":"follow","max-snippet":"max-snippet:-1","max-image-preview":"max-image-preview:large","max-video-preview":"max-video-preview:-1"},"canonical":"https:\/\/www.silentblocks.com\/es\/producto\/kit-de-elevacion-4cm-rav4-ii\/","og_locale":"es_ES","og_type":"article","og_title":"Kit de elevaci\u00f3n 4cm, Rav4 II","og_description":"Kit de mejora para el Toyota Rav4 II, mejora los \u00e1ngulos de aproximaci\u00f3n, salida y rampa del veh\u00edculo, permitiendo montar neum\u00e1ticos todoterreno m\u00e1s grandes.","og_url":"https:\/\/www.silentblocks.com\/es\/producto\/kit-de-elevacion-4cm-rav4-ii\/","og_site_name":"SILENT BLOCKS","og_image":[{"width":1024,"height":1024,"url":"https:\/\/www.silentblocks.com\/wp-content\/uploads\/2026\/04\/kit-elevation-Toyota-RAV4-II.jpg","type":"image\/jpeg"}],"twitter_card":"summary_large_image","twitter_misc":{"Tiempo de lectura":"1 minuto"},"schema":{"@context":"https:\/\/schema.org","@graph":[{"@type":"WebPage","@id":"https:\/\/www.silentblocks.com\/es\/producto\/kit-de-elevacion-4cm-rav4-ii\/","url":"https:\/\/www.silentblocks.com\/es\/producto\/kit-de-elevacion-4cm-rav4-ii\/","name":"Kit de elevaci\u00f3n 4cm, Rav4 II - SILENT BLOCKS","isPartOf":{"@id":"https:\/\/www.silentblocks.com\/es\/#website"},"primaryImageOfPage":{"@id":"https:\/\/www.silentblocks.com\/es\/producto\/kit-de-elevacion-4cm-rav4-ii\/#primaryimage"},"image":{"@id":"https:\/\/www.silentblocks.com\/es\/producto\/kit-de-elevacion-4cm-rav4-ii\/#primaryimage"},"thumbnailUrl":"https:\/\/www.silentblocks.com\/wp-content\/uploads\/2026\/04\/kit-elevation-Toyota-RAV4-II.jpg","datePublished":"2026-04-07T11:06:54+00:00","description":"Kit de mejora para el Toyota Rav4 II, mejora los \u00e1ngulos de aproximaci\u00f3n, salida y rampa del veh\u00edculo, permitiendo montar neum\u00e1ticos todoterreno m\u00e1s grandes.","breadcrumb":{"@id":"https:\/\/www.silentblocks.com\/es\/producto\/kit-de-elevacion-4cm-rav4-ii\/#breadcrumb"},"inLanguage":"es","potentialAction":[{"@type":"ReadAction","target":["https:\/\/www.silentblocks.com\/es\/producto\/kit-de-elevacion-4cm-rav4-ii\/"]}]},{"@type":"ImageObject","inLanguage":"es","@id":"https:\/\/www.silentblocks.com\/es\/producto\/kit-de-elevacion-4cm-rav4-ii\/#primaryimage","url":"https:\/\/www.silentblocks.com\/wp-content\/uploads\/2026\/04\/kit-elevation-Toyota-RAV4-II.jpg","contentUrl":"https:\/\/www.silentblocks.com\/wp-content\/uploads\/2026\/04\/kit-elevation-Toyota-RAV4-II.jpg","width":1024,"height":1024},{"@type":"BreadcrumbList","@id":"https:\/\/www.silentblocks.com\/es\/producto\/kit-de-elevacion-4cm-rav4-ii\/#breadcrumb","itemListElement":[{"@type":"ListItem","position":1,"name":"In\u00edcio","item":"https:\/\/www.silentblocks.com\/es\/"},{"@type":"ListItem","position":2,"name":"Page boutique","item":"https:\/\/www.silentblocks.com\/es\/shop-2\/"},{"@type":"ListItem","position":3,"name":"Kit de elevaci\u00f3n 4cm, Rav4 II"}]},{"@type":"WebSite","@id":"https:\/\/www.silentblocks.com\/es\/#website","url":"https:\/\/www.silentblocks.com\/es\/","name":"SILENTBLOCKS","description":"Secure on the road","publisher":{"@id":"https:\/\/www.silentblocks.com\/es\/#organization"},"potentialAction":[{"@type":"SearchAction","target":{"@type":"EntryPoint","urlTemplate":"https:\/\/www.silentblocks.com\/es\/?s={search_term_string}"},"query-input":{"@type":"PropertyValueSpecification","valueRequired":true,"valueName":"search_term_string"}}],"inLanguage":"es"},{"@type":"Organization","@id":"https:\/\/www.silentblocks.com\/es\/#organization","name":"SILENTBLOCKS","url":"https:\/\/www.silentblocks.com\/es\/","logo":{"@type":"ImageObject","inLanguage":"es","@id":"https:\/\/www.silentblocks.com\/es\/#\/schema\/logo\/image\/","url":"https:\/\/www.silentblocks.com\/wp-content\/uploads\/2023\/07\/logo211-sem-fundo_2012-PARA-BOUTIQUE-EBAY.png","contentUrl":"https:\/\/www.silentblocks.com\/wp-content\/uploads\/2023\/07\/logo211-sem-fundo_2012-PARA-BOUTIQUE-EBAY.png","width":300,"height":190,"caption":"SILENTBLOCKS"},"image":{"@id":"https:\/\/www.silentblocks.com\/es\/#\/schema\/logo\/image\/"}}]}},"_links":{"self":[{"href":"https:\/\/www.silentblocks.com\/es\/wp-json\/wp\/v2\/product\/136758","targetHints":{"allow":["GET"]}}],"collection":[{"href":"https:\/\/www.silentblocks.com\/es\/wp-json\/wp\/v2\/product"}],"about":[{"href":"https:\/\/www.silentblocks.com\/es\/wp-json\/wp\/v2\/types\/product"}],"version-history":[{"count":0,"href":"https:\/\/www.silentblocks.com\/es\/wp-json\/wp\/v2\/product\/136758\/revisions"}],"wp:featuredmedia":[{"embeddable":true,"href":"https:\/\/www.silentblocks.com\/es\/wp-json\/wp\/v2\/media\/136756"}],"wp:attachment":[{"href":"https:\/\/www.silentblocks.com\/es\/wp-json\/wp\/v2\/media?parent=136758"}],"wp:term":[{"taxonomy":"product_brand","embeddable":true,"href":"https:\/\/www.silentblocks.com\/es\/wp-json\/wp\/v2\/product_brand?post=136758"},{"taxonomy":"product_cat","embeddable":true,"href":"https:\/\/www.silentblocks.com\/es\/wp-json\/wp\/v2\/product_cat?post=136758"},{"taxonomy":"product_tag","embeddable":true,"href":"https:\/\/www.silentblocks.com\/es\/wp-json\/wp\/v2\/product_tag?post=136758"}],"curies":[{"name":"wp","href":"https:\/\/api.w.org\/{rel}","templated":true}]}}