{"id":137125,"date":"2026-04-13T16:56:23","date_gmt":"2026-04-13T16:56:23","guid":{"rendered":"https:\/\/www.silentblocks.com\/product\/kit-suspension-trasera-fiat-124-spider-ii-mazda-mx-5-nd\/"},"modified":"2026-04-13T17:57:41","modified_gmt":"2026-04-13T17:57:41","slug":"kit-suspension-trasera-fiat-124-spider-ii-mazda-mx-5-nd","status":"publish","type":"product","link":"https:\/\/www.silentblocks.com\/es\/producto\/kit-suspension-trasera-fiat-124-spider-ii-mazda-mx-5-nd\/","title":{"rendered":"Kit suspensi\u00f3n trasera, Fiat 124 Spider II, Mazda MX-5 ND"},"content":{"rendered":"<p>Kit de suspensi\u00f3n trasera de poliuretano, compatible con los siguientes veh\u00edculos:<br \/>\nFiat 124 Spider II (2016-2020)<br \/>\nMazda MX-5 IV (2015-) N\/A<\/p>\n<p>Dureza: 90Sha<\/p>\n<p>Referencias del fabricante (c\u00f3digo OEM) s\u00f3lo a t\u00edtulo informativo:<br \/>\nN243-28-61X, NA2E-28-61X, N243-28-45X, N243-26-11X, N243-26-12X<\/p>\n<p>Piezas nuevas, se vende con factura. Todos nuestros productos tienen 2 a\u00f1os de garant\u00eda.<\/p>\n","protected":false},"excerpt":{"rendered":"<p>Kit de suspensi\u00f3n trasera de poliuretano, compatible con los siguientes veh\u00edculos: Fiat 124 Spider II (2016-2020) Mazda MX-5 IV (2015-) N\/A Dureza: 90Sha Referencias del fabricante (c\u00f3digo OEM) s\u00f3lo a t\u00edtulo informativo: N243-28-61X, NA2E-28-61X, N243-28-45X, N243-26-11X, N243-26-12X Piezas nuevas, se vende con factura. Todos nuestros productos tienen 2 a\u00f1os de garant\u00eda.<\/p>\n","protected":false},"featured_media":137123,"template":"","meta":[],"product_brand":[],"product_cat":[5537,4424],"product_tag":[],"class_list":{"0":"post-137125","1":"product","2":"type-product","3":"status-publish","4":"has-post-thumbnail","6":"product_cat-124-spider-ii-es","7":"product_cat-mx-5-nd-es","9":"first","10":"instock","11":"shipping-taxable","12":"purchasable","13":"product-type-simple"},"yoast_head":"<!-- This site is optimized with the Yoast SEO Premium plugin v23.0 (Yoast SEO v27.4) - https:\/\/yoast.com\/product\/yoast-seo-premium-wordpress\/ -->\n<title>Kit suspensi\u00f3n trasera, Fiat 124 Spider II, Mazda MX-5 ND - SILENT BLOCKS<\/title>\n<meta name=\"description\" content=\"Kit de suspensi\u00f3n trasera para Fiat 124 Spider II, Mazda MX-5 ND, compatible con oem N243-28-61X, NA2E-28-61X, N243-28-45X, N243-26-11X, N243-26-12X\" \/>\n<meta name=\"robots\" content=\"index, follow, max-snippet:-1, max-image-preview:large, max-video-preview:-1\" \/>\n<link rel=\"canonical\" href=\"https:\/\/www.silentblocks.com\/es\/producto\/kit-suspension-trasera-fiat-124-spider-ii-mazda-mx-5-nd\/\" \/>\n<meta property=\"og:locale\" content=\"es_ES\" \/>\n<meta property=\"og:type\" content=\"article\" \/>\n<meta property=\"og:title\" content=\"Kit suspensi\u00f3n trasera, Fiat 124 Spider II, Mazda MX-5 ND\" \/>\n<meta property=\"og:description\" content=\"Kit de suspensi\u00f3n trasera para Fiat 124 Spider II, Mazda MX-5 ND, compatible con oem N243-28-61X, NA2E-28-61X, N243-28-45X, N243-26-11X, N243-26-12X\" \/>\n<meta property=\"og:url\" content=\"https:\/\/www.silentblocks.com\/es\/producto\/kit-suspension-trasera-fiat-124-spider-ii-mazda-mx-5-nd\/\" \/>\n<meta property=\"og:site_name\" content=\"SILENT BLOCKS\" \/>\n<meta property=\"article:modified_time\" content=\"2026-04-13T17:57:41+00:00\" \/>\n<meta property=\"og:image\" content=\"https:\/\/www.silentblocks.com\/wp-content\/uploads\/2026\/04\/kit-suspension-arriere-polyurethane-Spider-124-II.jpg\" \/>\n\t<meta property=\"og:image:width\" content=\"1024\" \/>\n\t<meta property=\"og:image:height\" content=\"1024\" \/>\n\t<meta property=\"og:image:type\" content=\"image\/jpeg\" \/>\n<meta name=\"twitter:card\" content=\"summary_large_image\" \/>\n<script type=\"application\/ld+json\" class=\"yoast-schema-graph\">{\"@context\":\"https:\\\/\\\/schema.org\",\"@graph\":[{\"@type\":\"WebPage\",\"@id\":\"https:\\\/\\\/www.silentblocks.com\\\/es\\\/producto\\\/kit-suspension-trasera-fiat-124-spider-ii-mazda-mx-5-nd\\\/\",\"url\":\"https:\\\/\\\/www.silentblocks.com\\\/es\\\/producto\\\/kit-suspension-trasera-fiat-124-spider-ii-mazda-mx-5-nd\\\/\",\"name\":\"Kit suspensi\u00f3n trasera, Fiat 124 Spider II, Mazda MX-5 ND - SILENT BLOCKS\",\"isPartOf\":{\"@id\":\"https:\\\/\\\/www.silentblocks.com\\\/es\\\/#website\"},\"primaryImageOfPage\":{\"@id\":\"https:\\\/\\\/www.silentblocks.com\\\/es\\\/producto\\\/kit-suspension-trasera-fiat-124-spider-ii-mazda-mx-5-nd\\\/#primaryimage\"},\"image\":{\"@id\":\"https:\\\/\\\/www.silentblocks.com\\\/es\\\/producto\\\/kit-suspension-trasera-fiat-124-spider-ii-mazda-mx-5-nd\\\/#primaryimage\"},\"thumbnailUrl\":\"https:\\\/\\\/www.silentblocks.com\\\/wp-content\\\/uploads\\\/2026\\\/04\\\/kit-suspension-arriere-polyurethane-Spider-124-II.jpg\",\"datePublished\":\"2026-04-13T16:56:23+00:00\",\"dateModified\":\"2026-04-13T17:57:41+00:00\",\"description\":\"Kit de suspensi\u00f3n trasera para Fiat 124 Spider II, Mazda MX-5 ND, compatible con oem N243-28-61X, NA2E-28-61X, N243-28-45X, N243-26-11X, N243-26-12X\",\"breadcrumb\":{\"@id\":\"https:\\\/\\\/www.silentblocks.com\\\/es\\\/producto\\\/kit-suspension-trasera-fiat-124-spider-ii-mazda-mx-5-nd\\\/#breadcrumb\"},\"inLanguage\":\"es\",\"potentialAction\":[{\"@type\":\"ReadAction\",\"target\":[\"https:\\\/\\\/www.silentblocks.com\\\/es\\\/producto\\\/kit-suspension-trasera-fiat-124-spider-ii-mazda-mx-5-nd\\\/\"]}]},{\"@type\":\"ImageObject\",\"inLanguage\":\"es\",\"@id\":\"https:\\\/\\\/www.silentblocks.com\\\/es\\\/producto\\\/kit-suspension-trasera-fiat-124-spider-ii-mazda-mx-5-nd\\\/#primaryimage\",\"url\":\"https:\\\/\\\/www.silentblocks.com\\\/wp-content\\\/uploads\\\/2026\\\/04\\\/kit-suspension-arriere-polyurethane-Spider-124-II.jpg\",\"contentUrl\":\"https:\\\/\\\/www.silentblocks.com\\\/wp-content\\\/uploads\\\/2026\\\/04\\\/kit-suspension-arriere-polyurethane-Spider-124-II.jpg\",\"width\":1024,\"height\":1024},{\"@type\":\"BreadcrumbList\",\"@id\":\"https:\\\/\\\/www.silentblocks.com\\\/es\\\/producto\\\/kit-suspension-trasera-fiat-124-spider-ii-mazda-mx-5-nd\\\/#breadcrumb\",\"itemListElement\":[{\"@type\":\"ListItem\",\"position\":1,\"name\":\"In\u00edcio\",\"item\":\"https:\\\/\\\/www.silentblocks.com\\\/es\\\/\"},{\"@type\":\"ListItem\",\"position\":2,\"name\":\"Page boutique\",\"item\":\"https:\\\/\\\/www.silentblocks.com\\\/es\\\/shop-2\\\/\"},{\"@type\":\"ListItem\",\"position\":3,\"name\":\"Kit suspensi\u00f3n trasera, Fiat 124 Spider II, Mazda MX-5 ND\"}]},{\"@type\":\"WebSite\",\"@id\":\"https:\\\/\\\/www.silentblocks.com\\\/es\\\/#website\",\"url\":\"https:\\\/\\\/www.silentblocks.com\\\/es\\\/\",\"name\":\"SILENTBLOCKS\",\"description\":\"Secure on the road\",\"publisher\":{\"@id\":\"https:\\\/\\\/www.silentblocks.com\\\/es\\\/#organization\"},\"potentialAction\":[{\"@type\":\"SearchAction\",\"target\":{\"@type\":\"EntryPoint\",\"urlTemplate\":\"https:\\\/\\\/www.silentblocks.com\\\/es\\\/?s={search_term_string}\"},\"query-input\":{\"@type\":\"PropertyValueSpecification\",\"valueRequired\":true,\"valueName\":\"search_term_string\"}}],\"inLanguage\":\"es\"},{\"@type\":\"Organization\",\"@id\":\"https:\\\/\\\/www.silentblocks.com\\\/es\\\/#organization\",\"name\":\"SILENTBLOCKS\",\"url\":\"https:\\\/\\\/www.silentblocks.com\\\/es\\\/\",\"logo\":{\"@type\":\"ImageObject\",\"inLanguage\":\"es\",\"@id\":\"https:\\\/\\\/www.silentblocks.com\\\/es\\\/#\\\/schema\\\/logo\\\/image\\\/\",\"url\":\"https:\\\/\\\/www.silentblocks.com\\\/wp-content\\\/uploads\\\/2023\\\/07\\\/logo211-sem-fundo_2012-PARA-BOUTIQUE-EBAY.png\",\"contentUrl\":\"https:\\\/\\\/www.silentblocks.com\\\/wp-content\\\/uploads\\\/2023\\\/07\\\/logo211-sem-fundo_2012-PARA-BOUTIQUE-EBAY.png\",\"width\":300,\"height\":190,\"caption\":\"SILENTBLOCKS\"},\"image\":{\"@id\":\"https:\\\/\\\/www.silentblocks.com\\\/es\\\/#\\\/schema\\\/logo\\\/image\\\/\"}}]}<\/script>\n<!-- \/ Yoast SEO Premium plugin. -->","yoast_head_json":{"title":"Kit suspensi\u00f3n trasera, Fiat 124 Spider II, Mazda MX-5 ND - SILENT BLOCKS","description":"Kit de suspensi\u00f3n trasera para Fiat 124 Spider II, Mazda MX-5 ND, compatible con oem N243-28-61X, NA2E-28-61X, N243-28-45X, N243-26-11X, N243-26-12X","robots":{"index":"index","follow":"follow","max-snippet":"max-snippet:-1","max-image-preview":"max-image-preview:large","max-video-preview":"max-video-preview:-1"},"canonical":"https:\/\/www.silentblocks.com\/es\/producto\/kit-suspension-trasera-fiat-124-spider-ii-mazda-mx-5-nd\/","og_locale":"es_ES","og_type":"article","og_title":"Kit suspensi\u00f3n trasera, Fiat 124 Spider II, Mazda MX-5 ND","og_description":"Kit de suspensi\u00f3n trasera para Fiat 124 Spider II, Mazda MX-5 ND, compatible con oem N243-28-61X, NA2E-28-61X, N243-28-45X, N243-26-11X, N243-26-12X","og_url":"https:\/\/www.silentblocks.com\/es\/producto\/kit-suspension-trasera-fiat-124-spider-ii-mazda-mx-5-nd\/","og_site_name":"SILENT BLOCKS","article_modified_time":"2026-04-13T17:57:41+00:00","og_image":[{"width":1024,"height":1024,"url":"https:\/\/www.silentblocks.com\/wp-content\/uploads\/2026\/04\/kit-suspension-arriere-polyurethane-Spider-124-II.jpg","type":"image\/jpeg"}],"twitter_card":"summary_large_image","schema":{"@context":"https:\/\/schema.org","@graph":[{"@type":"WebPage","@id":"https:\/\/www.silentblocks.com\/es\/producto\/kit-suspension-trasera-fiat-124-spider-ii-mazda-mx-5-nd\/","url":"https:\/\/www.silentblocks.com\/es\/producto\/kit-suspension-trasera-fiat-124-spider-ii-mazda-mx-5-nd\/","name":"Kit suspensi\u00f3n trasera, Fiat 124 Spider II, Mazda MX-5 ND - SILENT BLOCKS","isPartOf":{"@id":"https:\/\/www.silentblocks.com\/es\/#website"},"primaryImageOfPage":{"@id":"https:\/\/www.silentblocks.com\/es\/producto\/kit-suspension-trasera-fiat-124-spider-ii-mazda-mx-5-nd\/#primaryimage"},"image":{"@id":"https:\/\/www.silentblocks.com\/es\/producto\/kit-suspension-trasera-fiat-124-spider-ii-mazda-mx-5-nd\/#primaryimage"},"thumbnailUrl":"https:\/\/www.silentblocks.com\/wp-content\/uploads\/2026\/04\/kit-suspension-arriere-polyurethane-Spider-124-II.jpg","datePublished":"2026-04-13T16:56:23+00:00","dateModified":"2026-04-13T17:57:41+00:00","description":"Kit de suspensi\u00f3n trasera para Fiat 124 Spider II, Mazda MX-5 ND, compatible con oem N243-28-61X, NA2E-28-61X, N243-28-45X, N243-26-11X, N243-26-12X","breadcrumb":{"@id":"https:\/\/www.silentblocks.com\/es\/producto\/kit-suspension-trasera-fiat-124-spider-ii-mazda-mx-5-nd\/#breadcrumb"},"inLanguage":"es","potentialAction":[{"@type":"ReadAction","target":["https:\/\/www.silentblocks.com\/es\/producto\/kit-suspension-trasera-fiat-124-spider-ii-mazda-mx-5-nd\/"]}]},{"@type":"ImageObject","inLanguage":"es","@id":"https:\/\/www.silentblocks.com\/es\/producto\/kit-suspension-trasera-fiat-124-spider-ii-mazda-mx-5-nd\/#primaryimage","url":"https:\/\/www.silentblocks.com\/wp-content\/uploads\/2026\/04\/kit-suspension-arriere-polyurethane-Spider-124-II.jpg","contentUrl":"https:\/\/www.silentblocks.com\/wp-content\/uploads\/2026\/04\/kit-suspension-arriere-polyurethane-Spider-124-II.jpg","width":1024,"height":1024},{"@type":"BreadcrumbList","@id":"https:\/\/www.silentblocks.com\/es\/producto\/kit-suspension-trasera-fiat-124-spider-ii-mazda-mx-5-nd\/#breadcrumb","itemListElement":[{"@type":"ListItem","position":1,"name":"In\u00edcio","item":"https:\/\/www.silentblocks.com\/es\/"},{"@type":"ListItem","position":2,"name":"Page boutique","item":"https:\/\/www.silentblocks.com\/es\/shop-2\/"},{"@type":"ListItem","position":3,"name":"Kit suspensi\u00f3n trasera, Fiat 124 Spider II, Mazda MX-5 ND"}]},{"@type":"WebSite","@id":"https:\/\/www.silentblocks.com\/es\/#website","url":"https:\/\/www.silentblocks.com\/es\/","name":"SILENTBLOCKS","description":"Secure on the road","publisher":{"@id":"https:\/\/www.silentblocks.com\/es\/#organization"},"potentialAction":[{"@type":"SearchAction","target":{"@type":"EntryPoint","urlTemplate":"https:\/\/www.silentblocks.com\/es\/?s={search_term_string}"},"query-input":{"@type":"PropertyValueSpecification","valueRequired":true,"valueName":"search_term_string"}}],"inLanguage":"es"},{"@type":"Organization","@id":"https:\/\/www.silentblocks.com\/es\/#organization","name":"SILENTBLOCKS","url":"https:\/\/www.silentblocks.com\/es\/","logo":{"@type":"ImageObject","inLanguage":"es","@id":"https:\/\/www.silentblocks.com\/es\/#\/schema\/logo\/image\/","url":"https:\/\/www.silentblocks.com\/wp-content\/uploads\/2023\/07\/logo211-sem-fundo_2012-PARA-BOUTIQUE-EBAY.png","contentUrl":"https:\/\/www.silentblocks.com\/wp-content\/uploads\/2023\/07\/logo211-sem-fundo_2012-PARA-BOUTIQUE-EBAY.png","width":300,"height":190,"caption":"SILENTBLOCKS"},"image":{"@id":"https:\/\/www.silentblocks.com\/es\/#\/schema\/logo\/image\/"}}]}},"_links":{"self":[{"href":"https:\/\/www.silentblocks.com\/es\/wp-json\/wp\/v2\/product\/137125","targetHints":{"allow":["GET"]}}],"collection":[{"href":"https:\/\/www.silentblocks.com\/es\/wp-json\/wp\/v2\/product"}],"about":[{"href":"https:\/\/www.silentblocks.com\/es\/wp-json\/wp\/v2\/types\/product"}],"version-history":[{"count":1,"href":"https:\/\/www.silentblocks.com\/es\/wp-json\/wp\/v2\/product\/137125\/revisions"}],"predecessor-version":[{"id":137135,"href":"https:\/\/www.silentblocks.com\/es\/wp-json\/wp\/v2\/product\/137125\/revisions\/137135"}],"wp:featuredmedia":[{"embeddable":true,"href":"https:\/\/www.silentblocks.com\/es\/wp-json\/wp\/v2\/media\/137123"}],"wp:attachment":[{"href":"https:\/\/www.silentblocks.com\/es\/wp-json\/wp\/v2\/media?parent=137125"}],"wp:term":[{"taxonomy":"product_brand","embeddable":true,"href":"https:\/\/www.silentblocks.com\/es\/wp-json\/wp\/v2\/product_brand?post=137125"},{"taxonomy":"product_cat","embeddable":true,"href":"https:\/\/www.silentblocks.com\/es\/wp-json\/wp\/v2\/product_cat?post=137125"},{"taxonomy":"product_tag","embeddable":true,"href":"https:\/\/www.silentblocks.com\/es\/wp-json\/wp\/v2\/product_tag?post=137125"}],"curies":[{"name":"wp","href":"https:\/\/api.w.org\/{rel}","templated":true}]}}