{"id":138265,"date":"2026-04-27T13:18:52","date_gmt":"2026-04-27T13:18:52","guid":{"rendered":"https:\/\/www.silentblocks.com\/product\/silentblocks-brazo-superior-delantero-grand-cherokee-wl\/"},"modified":"2026-04-27T13:18:52","modified_gmt":"2026-04-27T13:18:52","slug":"silentblocks-brazo-superior-delantero-grand-cherokee-wl","status":"publish","type":"product","link":"https:\/\/www.silentblocks.com\/es\/producto\/silentblocks-brazo-superior-delantero-grand-cherokee-wl\/","title":{"rendered":"Silentblocks brazo superior delantero, Grand Cherokee WL"},"content":{"rendered":"<p>Silentblocks en ambos brazos superiores delanteros, compatibles con los siguientes veh\u00edculos:<br \/>\nJeep Grand Cherokee V (L)\/WL 2021-<br \/>\nJeep Grand Cherokee V (L)\/WL 2023-<\/p>\n<p>Referencias del fabricante (c\u00f3digo OEM) s\u00f3lo a t\u00edtulo informativo:<br \/>\nK68375789AC, K68375788AC, 68375788AC, 68375789AC, K68375788AC, K68375789AC, K68375789AC, K68375788AC<\/p>\n<p>Piezas nuevas, se vende con factura. Todos nuestros productos tienen 2 a\u00f1os de garant\u00eda.<\/p>\n","protected":false},"excerpt":{"rendered":"<p>Silentblocks en ambos brazos superiores delanteros, compatibles con los siguientes veh\u00edculos: Jeep Grand Cherokee V (L)\/WL 2021- Jeep Grand Cherokee V (L)\/WL 2023- Referencias del fabricante (c\u00f3digo OEM) s\u00f3lo a t\u00edtulo informativo: K68375789AC, K68375788AC, 68375788AC, 68375789AC, K68375788AC, K68375789AC, K68375789AC, K68375788AC Piezas nuevas, se vende con factura. Todos nuestros productos tienen 2 a\u00f1os de garant\u00eda.<\/p>\n","protected":false},"featured_media":138263,"template":"","meta":[],"product_brand":[],"product_cat":[6477],"product_tag":[],"class_list":{"0":"post-138265","1":"product","2":"type-product","3":"status-publish","4":"has-post-thumbnail","6":"product_cat-grand-cherokee-l","8":"first","9":"instock","10":"shipping-taxable","11":"purchasable","12":"product-type-simple"},"yoast_head":"<!-- This site is optimized with the Yoast SEO Premium plugin v23.0 (Yoast SEO v27.4) - https:\/\/yoast.com\/product\/yoast-seo-premium-wordpress\/ -->\n<title>Silentblocks brazo superior delantero, Grand Cherokee WL - SILENT BLOCKS<\/title>\n<meta name=\"description\" content=\"Silentblocks brazo superior delantero para Jeep Grand Cherokee WL, compatibles con oem K68375789AC, K68375788AC, 68375788AC, 68375789AC, K68375788AC\" \/>\n<meta name=\"robots\" content=\"index, follow, max-snippet:-1, max-image-preview:large, max-video-preview:-1\" \/>\n<link rel=\"canonical\" href=\"https:\/\/www.silentblocks.com\/es\/producto\/silentblocks-brazo-superior-delantero-grand-cherokee-wl\/\" \/>\n<meta property=\"og:locale\" content=\"es_ES\" \/>\n<meta property=\"og:type\" content=\"article\" \/>\n<meta property=\"og:title\" content=\"Silentblocks brazo superior delantero, Grand Cherokee WL\" \/>\n<meta property=\"og:description\" content=\"Silentblocks brazo superior delantero para Jeep Grand Cherokee WL, compatibles con oem K68375789AC, K68375788AC, 68375788AC, 68375789AC, K68375788AC\" \/>\n<meta property=\"og:url\" content=\"https:\/\/www.silentblocks.com\/es\/producto\/silentblocks-brazo-superior-delantero-grand-cherokee-wl\/\" \/>\n<meta property=\"og:site_name\" content=\"SILENT BLOCKS\" \/>\n<meta property=\"og:image\" content=\"https:\/\/www.silentblocks.com\/wp-content\/uploads\/2026\/04\/silentblocs-bras-superieur-avant-Grand-Cherokee-L.jpg\" \/>\n\t<meta property=\"og:image:width\" content=\"1500\" \/>\n\t<meta property=\"og:image:height\" content=\"1500\" \/>\n\t<meta property=\"og:image:type\" content=\"image\/jpeg\" \/>\n<meta name=\"twitter:card\" content=\"summary_large_image\" \/>\n<script type=\"application\/ld+json\" class=\"yoast-schema-graph\">{\"@context\":\"https:\\\/\\\/schema.org\",\"@graph\":[{\"@type\":\"WebPage\",\"@id\":\"https:\\\/\\\/www.silentblocks.com\\\/es\\\/producto\\\/silentblocks-brazo-superior-delantero-grand-cherokee-wl\\\/\",\"url\":\"https:\\\/\\\/www.silentblocks.com\\\/es\\\/producto\\\/silentblocks-brazo-superior-delantero-grand-cherokee-wl\\\/\",\"name\":\"Silentblocks brazo superior delantero, Grand Cherokee WL - SILENT BLOCKS\",\"isPartOf\":{\"@id\":\"https:\\\/\\\/www.silentblocks.com\\\/es\\\/#website\"},\"primaryImageOfPage\":{\"@id\":\"https:\\\/\\\/www.silentblocks.com\\\/es\\\/producto\\\/silentblocks-brazo-superior-delantero-grand-cherokee-wl\\\/#primaryimage\"},\"image\":{\"@id\":\"https:\\\/\\\/www.silentblocks.com\\\/es\\\/producto\\\/silentblocks-brazo-superior-delantero-grand-cherokee-wl\\\/#primaryimage\"},\"thumbnailUrl\":\"https:\\\/\\\/www.silentblocks.com\\\/wp-content\\\/uploads\\\/2026\\\/04\\\/silentblocs-bras-superieur-avant-Grand-Cherokee-L.jpg\",\"datePublished\":\"2026-04-27T13:18:52+00:00\",\"description\":\"Silentblocks brazo superior delantero para Jeep Grand Cherokee WL, compatibles con oem K68375789AC, K68375788AC, 68375788AC, 68375789AC, K68375788AC\",\"breadcrumb\":{\"@id\":\"https:\\\/\\\/www.silentblocks.com\\\/es\\\/producto\\\/silentblocks-brazo-superior-delantero-grand-cherokee-wl\\\/#breadcrumb\"},\"inLanguage\":\"es\",\"potentialAction\":[{\"@type\":\"ReadAction\",\"target\":[\"https:\\\/\\\/www.silentblocks.com\\\/es\\\/producto\\\/silentblocks-brazo-superior-delantero-grand-cherokee-wl\\\/\"]}]},{\"@type\":\"ImageObject\",\"inLanguage\":\"es\",\"@id\":\"https:\\\/\\\/www.silentblocks.com\\\/es\\\/producto\\\/silentblocks-brazo-superior-delantero-grand-cherokee-wl\\\/#primaryimage\",\"url\":\"https:\\\/\\\/www.silentblocks.com\\\/wp-content\\\/uploads\\\/2026\\\/04\\\/silentblocs-bras-superieur-avant-Grand-Cherokee-L.jpg\",\"contentUrl\":\"https:\\\/\\\/www.silentblocks.com\\\/wp-content\\\/uploads\\\/2026\\\/04\\\/silentblocs-bras-superieur-avant-Grand-Cherokee-L.jpg\",\"width\":1500,\"height\":1500},{\"@type\":\"BreadcrumbList\",\"@id\":\"https:\\\/\\\/www.silentblocks.com\\\/es\\\/producto\\\/silentblocks-brazo-superior-delantero-grand-cherokee-wl\\\/#breadcrumb\",\"itemListElement\":[{\"@type\":\"ListItem\",\"position\":1,\"name\":\"In\u00edcio\",\"item\":\"https:\\\/\\\/www.silentblocks.com\\\/es\\\/\"},{\"@type\":\"ListItem\",\"position\":2,\"name\":\"Page boutique\",\"item\":\"https:\\\/\\\/www.silentblocks.com\\\/es\\\/shop-2\\\/\"},{\"@type\":\"ListItem\",\"position\":3,\"name\":\"Silentblocks brazo superior delantero, Grand Cherokee WL\"}]},{\"@type\":\"WebSite\",\"@id\":\"https:\\\/\\\/www.silentblocks.com\\\/es\\\/#website\",\"url\":\"https:\\\/\\\/www.silentblocks.com\\\/es\\\/\",\"name\":\"SILENTBLOCKS\",\"description\":\"Secure on the road\",\"publisher\":{\"@id\":\"https:\\\/\\\/www.silentblocks.com\\\/es\\\/#organization\"},\"potentialAction\":[{\"@type\":\"SearchAction\",\"target\":{\"@type\":\"EntryPoint\",\"urlTemplate\":\"https:\\\/\\\/www.silentblocks.com\\\/es\\\/?s={search_term_string}\"},\"query-input\":{\"@type\":\"PropertyValueSpecification\",\"valueRequired\":true,\"valueName\":\"search_term_string\"}}],\"inLanguage\":\"es\"},{\"@type\":\"Organization\",\"@id\":\"https:\\\/\\\/www.silentblocks.com\\\/es\\\/#organization\",\"name\":\"SILENTBLOCKS\",\"url\":\"https:\\\/\\\/www.silentblocks.com\\\/es\\\/\",\"logo\":{\"@type\":\"ImageObject\",\"inLanguage\":\"es\",\"@id\":\"https:\\\/\\\/www.silentblocks.com\\\/es\\\/#\\\/schema\\\/logo\\\/image\\\/\",\"url\":\"https:\\\/\\\/www.silentblocks.com\\\/wp-content\\\/uploads\\\/2023\\\/07\\\/logo211-sem-fundo_2012-PARA-BOUTIQUE-EBAY.png\",\"contentUrl\":\"https:\\\/\\\/www.silentblocks.com\\\/wp-content\\\/uploads\\\/2023\\\/07\\\/logo211-sem-fundo_2012-PARA-BOUTIQUE-EBAY.png\",\"width\":300,\"height\":190,\"caption\":\"SILENTBLOCKS\"},\"image\":{\"@id\":\"https:\\\/\\\/www.silentblocks.com\\\/es\\\/#\\\/schema\\\/logo\\\/image\\\/\"}}]}<\/script>\n<!-- \/ Yoast SEO Premium plugin. -->","yoast_head_json":{"title":"Silentblocks brazo superior delantero, Grand Cherokee WL - SILENT BLOCKS","description":"Silentblocks brazo superior delantero para Jeep Grand Cherokee WL, compatibles con oem K68375789AC, K68375788AC, 68375788AC, 68375789AC, K68375788AC","robots":{"index":"index","follow":"follow","max-snippet":"max-snippet:-1","max-image-preview":"max-image-preview:large","max-video-preview":"max-video-preview:-1"},"canonical":"https:\/\/www.silentblocks.com\/es\/producto\/silentblocks-brazo-superior-delantero-grand-cherokee-wl\/","og_locale":"es_ES","og_type":"article","og_title":"Silentblocks brazo superior delantero, Grand Cherokee WL","og_description":"Silentblocks brazo superior delantero para Jeep Grand Cherokee WL, compatibles con oem K68375789AC, K68375788AC, 68375788AC, 68375789AC, K68375788AC","og_url":"https:\/\/www.silentblocks.com\/es\/producto\/silentblocks-brazo-superior-delantero-grand-cherokee-wl\/","og_site_name":"SILENT BLOCKS","og_image":[{"width":1500,"height":1500,"url":"https:\/\/www.silentblocks.com\/wp-content\/uploads\/2026\/04\/silentblocs-bras-superieur-avant-Grand-Cherokee-L.jpg","type":"image\/jpeg"}],"twitter_card":"summary_large_image","schema":{"@context":"https:\/\/schema.org","@graph":[{"@type":"WebPage","@id":"https:\/\/www.silentblocks.com\/es\/producto\/silentblocks-brazo-superior-delantero-grand-cherokee-wl\/","url":"https:\/\/www.silentblocks.com\/es\/producto\/silentblocks-brazo-superior-delantero-grand-cherokee-wl\/","name":"Silentblocks brazo superior delantero, Grand Cherokee WL - SILENT BLOCKS","isPartOf":{"@id":"https:\/\/www.silentblocks.com\/es\/#website"},"primaryImageOfPage":{"@id":"https:\/\/www.silentblocks.com\/es\/producto\/silentblocks-brazo-superior-delantero-grand-cherokee-wl\/#primaryimage"},"image":{"@id":"https:\/\/www.silentblocks.com\/es\/producto\/silentblocks-brazo-superior-delantero-grand-cherokee-wl\/#primaryimage"},"thumbnailUrl":"https:\/\/www.silentblocks.com\/wp-content\/uploads\/2026\/04\/silentblocs-bras-superieur-avant-Grand-Cherokee-L.jpg","datePublished":"2026-04-27T13:18:52+00:00","description":"Silentblocks brazo superior delantero para Jeep Grand Cherokee WL, compatibles con oem K68375789AC, K68375788AC, 68375788AC, 68375789AC, K68375788AC","breadcrumb":{"@id":"https:\/\/www.silentblocks.com\/es\/producto\/silentblocks-brazo-superior-delantero-grand-cherokee-wl\/#breadcrumb"},"inLanguage":"es","potentialAction":[{"@type":"ReadAction","target":["https:\/\/www.silentblocks.com\/es\/producto\/silentblocks-brazo-superior-delantero-grand-cherokee-wl\/"]}]},{"@type":"ImageObject","inLanguage":"es","@id":"https:\/\/www.silentblocks.com\/es\/producto\/silentblocks-brazo-superior-delantero-grand-cherokee-wl\/#primaryimage","url":"https:\/\/www.silentblocks.com\/wp-content\/uploads\/2026\/04\/silentblocs-bras-superieur-avant-Grand-Cherokee-L.jpg","contentUrl":"https:\/\/www.silentblocks.com\/wp-content\/uploads\/2026\/04\/silentblocs-bras-superieur-avant-Grand-Cherokee-L.jpg","width":1500,"height":1500},{"@type":"BreadcrumbList","@id":"https:\/\/www.silentblocks.com\/es\/producto\/silentblocks-brazo-superior-delantero-grand-cherokee-wl\/#breadcrumb","itemListElement":[{"@type":"ListItem","position":1,"name":"In\u00edcio","item":"https:\/\/www.silentblocks.com\/es\/"},{"@type":"ListItem","position":2,"name":"Page boutique","item":"https:\/\/www.silentblocks.com\/es\/shop-2\/"},{"@type":"ListItem","position":3,"name":"Silentblocks brazo superior delantero, Grand Cherokee WL"}]},{"@type":"WebSite","@id":"https:\/\/www.silentblocks.com\/es\/#website","url":"https:\/\/www.silentblocks.com\/es\/","name":"SILENTBLOCKS","description":"Secure on the road","publisher":{"@id":"https:\/\/www.silentblocks.com\/es\/#organization"},"potentialAction":[{"@type":"SearchAction","target":{"@type":"EntryPoint","urlTemplate":"https:\/\/www.silentblocks.com\/es\/?s={search_term_string}"},"query-input":{"@type":"PropertyValueSpecification","valueRequired":true,"valueName":"search_term_string"}}],"inLanguage":"es"},{"@type":"Organization","@id":"https:\/\/www.silentblocks.com\/es\/#organization","name":"SILENTBLOCKS","url":"https:\/\/www.silentblocks.com\/es\/","logo":{"@type":"ImageObject","inLanguage":"es","@id":"https:\/\/www.silentblocks.com\/es\/#\/schema\/logo\/image\/","url":"https:\/\/www.silentblocks.com\/wp-content\/uploads\/2023\/07\/logo211-sem-fundo_2012-PARA-BOUTIQUE-EBAY.png","contentUrl":"https:\/\/www.silentblocks.com\/wp-content\/uploads\/2023\/07\/logo211-sem-fundo_2012-PARA-BOUTIQUE-EBAY.png","width":300,"height":190,"caption":"SILENTBLOCKS"},"image":{"@id":"https:\/\/www.silentblocks.com\/es\/#\/schema\/logo\/image\/"}}]}},"_links":{"self":[{"href":"https:\/\/www.silentblocks.com\/es\/wp-json\/wp\/v2\/product\/138265","targetHints":{"allow":["GET"]}}],"collection":[{"href":"https:\/\/www.silentblocks.com\/es\/wp-json\/wp\/v2\/product"}],"about":[{"href":"https:\/\/www.silentblocks.com\/es\/wp-json\/wp\/v2\/types\/product"}],"version-history":[{"count":0,"href":"https:\/\/www.silentblocks.com\/es\/wp-json\/wp\/v2\/product\/138265\/revisions"}],"wp:featuredmedia":[{"embeddable":true,"href":"https:\/\/www.silentblocks.com\/es\/wp-json\/wp\/v2\/media\/138263"}],"wp:attachment":[{"href":"https:\/\/www.silentblocks.com\/es\/wp-json\/wp\/v2\/media?parent=138265"}],"wp:term":[{"taxonomy":"product_brand","embeddable":true,"href":"https:\/\/www.silentblocks.com\/es\/wp-json\/wp\/v2\/product_brand?post=138265"},{"taxonomy":"product_cat","embeddable":true,"href":"https:\/\/www.silentblocks.com\/es\/wp-json\/wp\/v2\/product_cat?post=138265"},{"taxonomy":"product_tag","embeddable":true,"href":"https:\/\/www.silentblocks.com\/es\/wp-json\/wp\/v2\/product_tag?post=138265"}],"curies":[{"name":"wp","href":"https:\/\/api.w.org\/{rel}","templated":true}]}}