{"id":138325,"date":"2026-04-27T15:50:29","date_gmt":"2026-04-27T15:50:29","guid":{"rendered":"https:\/\/www.silentblocks.com\/product\/pastillas-de-muelle-traseras-inferiores-audi-porsche-cayenne-vw-touareg\/"},"modified":"2026-04-27T15:50:29","modified_gmt":"2026-04-27T15:50:29","slug":"pastillas-de-muelle-traseras-inferiores-audi-porsche-cayenne-vw-touareg","status":"publish","type":"product","link":"https:\/\/www.silentblocks.com\/es\/producto\/pastillas-de-muelle-traseras-inferiores-audi-porsche-cayenne-vw-touareg\/","title":{"rendered":"Pastillas de muelle traseras inferiores, Audi, Porsche Cayenne, VW Touareg"},"content":{"rendered":"<p>Pastillas inferiores en ambos muelles traseros, compatibles con los siguientes veh\u00edculos:<br \/>\nAudi A4 Allroad B9 (8WH, 8WJ) (2016-2019)<br \/>\nAudi A4 B9 (8W2, 8WC)<br \/>\nAudi A4 B9 Avant (8W5, 8WD)<br \/>\nAudi A4 \/ S4 B9 (8W2, 8WC)<br \/>\nAudi A4 \/ S4 B9 Avant (8W5, 8WD)<br \/>\nAudi A5 Descapotable (F57, F5E)<br \/>\nAudi A5 (F53, F5P)<br \/>\nAudi A5 \/ S5 Descapotable (F57, F5E)<br \/>\nAudi A5 \/ S5 (F53, F5P)<br \/>\nAudi A5 \/ S5 Sportback (F5A, F5F)<br \/>\nAudi A5 Sportback (F5A, F5F)<br \/>\nAudi A6 Allroad C8 (4AH)<br \/>\nAudi A6 C8 (4A2)<br \/>\nAudi A6 C8 Avant (4A5)<br \/>\nAudi A6 \/ S6 C8 Avant (4A5)<br \/>\nAudi A7 \/ S7 Sportback (4KA)<br \/>\nAudi A7 Sportback (4KA)<br \/>\nAudi Q5 (FYB, FYG)<br \/>\nAudi Q5L B9 (87I, 87U)<br \/>\nAudi Q5 Furgoneta (FYB, FYG)<br \/>\nAudi Q7 (4MB, 4MG, 4MQ)<br \/>\nAudi Q7 Furgoneta (4MB, 4MG)<br \/>\nAudi Q8 (4MN, 4MT)<br \/>\nAudi A4L B9 (868, 86L)<br \/>\nAudi A6L C8 (488)<br \/>\nPorsche Cayenne (9YA) (2017-)<br \/>\nPorsche Cayenne (9YA, AYA)<br \/>\nPorsche Cayenne Coup\u00e9 (9YB)<br \/>\nPorsche Cayenne SUV (9YA)<br \/>\nVW Touareg (CR7, RC8) (2017-2023)<\/p>\n<p>Referencias del fabricante (c\u00f3digo OEM) s\u00f3lo a t\u00edtulo informativo:<br \/>\n4M0512297B, PAB512297<\/p>\n<p>Piezas nuevas, se vende con factura. Todos nuestros productos tienen 2 a\u00f1os de garant\u00eda.<\/p>\n","protected":false},"excerpt":{"rendered":"<p>Pastillas inferiores en ambos muelles traseros, compatibles con los siguientes veh\u00edculos: Audi A4 Allroad B9 (8WH, 8WJ) (2016-2019) Audi A4 B9 (8W2, 8WC) Audi A4 B9 Avant (8W5, 8WD) Audi A4 \/ S4 B9 (8W2, 8WC) Audi A4 \/ S4 B9 Avant (8W5, 8WD) Audi A5 Descapotable (F57, F5E) Audi A5 (F53, F5P) Audi A5 [&hellip;]<\/p>\n","protected":false},"featured_media":138323,"template":"","meta":[],"product_brand":[],"product_cat":[2338,6175,6178,6185,6482,6484],"product_tag":[],"class_list":{"0":"post-138325","1":"product","2":"type-product","3":"status-publish","4":"has-post-thumbnail","6":"product_cat-a4-2015-es","7":"product_cat-a6-c8","8":"product_cat-a7-sportback-4ka","9":"product_cat-q5-fy-2017","10":"product_cat-cayenne-2017","11":"product_cat-touareg-iii-2017","13":"first","14":"instock","15":"shipping-taxable","16":"purchasable","17":"product-type-simple"},"yoast_head":"<!-- This site is optimized with the Yoast SEO Premium plugin v23.0 (Yoast SEO v27.4) - https:\/\/yoast.com\/product\/yoast-seo-premium-wordpress\/ -->\n<title>Pastillas de muelle traseras inferiores, Audi, Porsche Cayenne, VW Touareg - SILENT BLOCKS<\/title>\n<meta name=\"description\" content=\"Pastillas de muelle traseras inferiores para Audi, Porsche Cayenne 9YA, VW Touareg, compatibles con oem 4M0512297B, PAB512297\" \/>\n<meta name=\"robots\" content=\"index, follow, max-snippet:-1, max-image-preview:large, max-video-preview:-1\" \/>\n<link rel=\"canonical\" href=\"https:\/\/www.silentblocks.com\/es\/producto\/pastillas-de-muelle-traseras-inferiores-audi-porsche-cayenne-vw-touareg\/\" \/>\n<meta property=\"og:locale\" content=\"es_ES\" \/>\n<meta property=\"og:type\" content=\"article\" \/>\n<meta property=\"og:title\" content=\"Pastillas de muelle traseras inferiores, Audi, Porsche Cayenne, VW Touareg\" \/>\n<meta property=\"og:description\" content=\"Pastillas de muelle traseras inferiores para Audi, Porsche Cayenne 9YA, VW Touareg, compatibles con oem 4M0512297B, PAB512297\" \/>\n<meta property=\"og:url\" content=\"https:\/\/www.silentblocks.com\/es\/producto\/pastillas-de-muelle-traseras-inferiores-audi-porsche-cayenne-vw-touareg\/\" \/>\n<meta property=\"og:site_name\" content=\"SILENT BLOCKS\" \/>\n<meta property=\"og:image\" content=\"https:\/\/www.silentblocks.com\/wp-content\/uploads\/2026\/04\/patin-ressort-arriere-Cayenne-9YA.jpg\" \/>\n\t<meta property=\"og:image:width\" content=\"1500\" \/>\n\t<meta property=\"og:image:height\" content=\"1500\" \/>\n\t<meta property=\"og:image:type\" content=\"image\/jpeg\" \/>\n<meta name=\"twitter:card\" content=\"summary_large_image\" \/>\n<meta name=\"twitter:label1\" content=\"Tiempo de lectura\" \/>\n\t<meta name=\"twitter:data1\" content=\"1 minuto\" \/>\n<script type=\"application\/ld+json\" class=\"yoast-schema-graph\">{\"@context\":\"https:\\\/\\\/schema.org\",\"@graph\":[{\"@type\":\"WebPage\",\"@id\":\"https:\\\/\\\/www.silentblocks.com\\\/es\\\/producto\\\/pastillas-de-muelle-traseras-inferiores-audi-porsche-cayenne-vw-touareg\\\/\",\"url\":\"https:\\\/\\\/www.silentblocks.com\\\/es\\\/producto\\\/pastillas-de-muelle-traseras-inferiores-audi-porsche-cayenne-vw-touareg\\\/\",\"name\":\"Pastillas de muelle traseras inferiores, Audi, Porsche Cayenne, VW Touareg - SILENT BLOCKS\",\"isPartOf\":{\"@id\":\"https:\\\/\\\/www.silentblocks.com\\\/es\\\/#website\"},\"primaryImageOfPage\":{\"@id\":\"https:\\\/\\\/www.silentblocks.com\\\/es\\\/producto\\\/pastillas-de-muelle-traseras-inferiores-audi-porsche-cayenne-vw-touareg\\\/#primaryimage\"},\"image\":{\"@id\":\"https:\\\/\\\/www.silentblocks.com\\\/es\\\/producto\\\/pastillas-de-muelle-traseras-inferiores-audi-porsche-cayenne-vw-touareg\\\/#primaryimage\"},\"thumbnailUrl\":\"https:\\\/\\\/www.silentblocks.com\\\/wp-content\\\/uploads\\\/2026\\\/04\\\/patin-ressort-arriere-Cayenne-9YA.jpg\",\"datePublished\":\"2026-04-27T15:50:29+00:00\",\"description\":\"Pastillas de muelle traseras inferiores para Audi, Porsche Cayenne 9YA, VW Touareg, compatibles con oem 4M0512297B, PAB512297\",\"breadcrumb\":{\"@id\":\"https:\\\/\\\/www.silentblocks.com\\\/es\\\/producto\\\/pastillas-de-muelle-traseras-inferiores-audi-porsche-cayenne-vw-touareg\\\/#breadcrumb\"},\"inLanguage\":\"es\",\"potentialAction\":[{\"@type\":\"ReadAction\",\"target\":[\"https:\\\/\\\/www.silentblocks.com\\\/es\\\/producto\\\/pastillas-de-muelle-traseras-inferiores-audi-porsche-cayenne-vw-touareg\\\/\"]}]},{\"@type\":\"ImageObject\",\"inLanguage\":\"es\",\"@id\":\"https:\\\/\\\/www.silentblocks.com\\\/es\\\/producto\\\/pastillas-de-muelle-traseras-inferiores-audi-porsche-cayenne-vw-touareg\\\/#primaryimage\",\"url\":\"https:\\\/\\\/www.silentblocks.com\\\/wp-content\\\/uploads\\\/2026\\\/04\\\/patin-ressort-arriere-Cayenne-9YA.jpg\",\"contentUrl\":\"https:\\\/\\\/www.silentblocks.com\\\/wp-content\\\/uploads\\\/2026\\\/04\\\/patin-ressort-arriere-Cayenne-9YA.jpg\",\"width\":1500,\"height\":1500},{\"@type\":\"BreadcrumbList\",\"@id\":\"https:\\\/\\\/www.silentblocks.com\\\/es\\\/producto\\\/pastillas-de-muelle-traseras-inferiores-audi-porsche-cayenne-vw-touareg\\\/#breadcrumb\",\"itemListElement\":[{\"@type\":\"ListItem\",\"position\":1,\"name\":\"In\u00edcio\",\"item\":\"https:\\\/\\\/www.silentblocks.com\\\/es\\\/\"},{\"@type\":\"ListItem\",\"position\":2,\"name\":\"Page boutique\",\"item\":\"https:\\\/\\\/www.silentblocks.com\\\/es\\\/shop-2\\\/\"},{\"@type\":\"ListItem\",\"position\":3,\"name\":\"Pastillas de muelle traseras inferiores, Audi, Porsche Cayenne, VW Touareg\"}]},{\"@type\":\"WebSite\",\"@id\":\"https:\\\/\\\/www.silentblocks.com\\\/es\\\/#website\",\"url\":\"https:\\\/\\\/www.silentblocks.com\\\/es\\\/\",\"name\":\"SILENTBLOCKS\",\"description\":\"Secure on the road\",\"publisher\":{\"@id\":\"https:\\\/\\\/www.silentblocks.com\\\/es\\\/#organization\"},\"potentialAction\":[{\"@type\":\"SearchAction\",\"target\":{\"@type\":\"EntryPoint\",\"urlTemplate\":\"https:\\\/\\\/www.silentblocks.com\\\/es\\\/?s={search_term_string}\"},\"query-input\":{\"@type\":\"PropertyValueSpecification\",\"valueRequired\":true,\"valueName\":\"search_term_string\"}}],\"inLanguage\":\"es\"},{\"@type\":\"Organization\",\"@id\":\"https:\\\/\\\/www.silentblocks.com\\\/es\\\/#organization\",\"name\":\"SILENTBLOCKS\",\"url\":\"https:\\\/\\\/www.silentblocks.com\\\/es\\\/\",\"logo\":{\"@type\":\"ImageObject\",\"inLanguage\":\"es\",\"@id\":\"https:\\\/\\\/www.silentblocks.com\\\/es\\\/#\\\/schema\\\/logo\\\/image\\\/\",\"url\":\"https:\\\/\\\/www.silentblocks.com\\\/wp-content\\\/uploads\\\/2023\\\/07\\\/logo211-sem-fundo_2012-PARA-BOUTIQUE-EBAY.png\",\"contentUrl\":\"https:\\\/\\\/www.silentblocks.com\\\/wp-content\\\/uploads\\\/2023\\\/07\\\/logo211-sem-fundo_2012-PARA-BOUTIQUE-EBAY.png\",\"width\":300,\"height\":190,\"caption\":\"SILENTBLOCKS\"},\"image\":{\"@id\":\"https:\\\/\\\/www.silentblocks.com\\\/es\\\/#\\\/schema\\\/logo\\\/image\\\/\"}}]}<\/script>\n<!-- \/ Yoast SEO Premium plugin. -->","yoast_head_json":{"title":"Pastillas de muelle traseras inferiores, Audi, Porsche Cayenne, VW Touareg - SILENT BLOCKS","description":"Pastillas de muelle traseras inferiores para Audi, Porsche Cayenne 9YA, VW Touareg, compatibles con oem 4M0512297B, PAB512297","robots":{"index":"index","follow":"follow","max-snippet":"max-snippet:-1","max-image-preview":"max-image-preview:large","max-video-preview":"max-video-preview:-1"},"canonical":"https:\/\/www.silentblocks.com\/es\/producto\/pastillas-de-muelle-traseras-inferiores-audi-porsche-cayenne-vw-touareg\/","og_locale":"es_ES","og_type":"article","og_title":"Pastillas de muelle traseras inferiores, Audi, Porsche Cayenne, VW Touareg","og_description":"Pastillas de muelle traseras inferiores para Audi, Porsche Cayenne 9YA, VW Touareg, compatibles con oem 4M0512297B, PAB512297","og_url":"https:\/\/www.silentblocks.com\/es\/producto\/pastillas-de-muelle-traseras-inferiores-audi-porsche-cayenne-vw-touareg\/","og_site_name":"SILENT BLOCKS","og_image":[{"width":1500,"height":1500,"url":"https:\/\/www.silentblocks.com\/wp-content\/uploads\/2026\/04\/patin-ressort-arriere-Cayenne-9YA.jpg","type":"image\/jpeg"}],"twitter_card":"summary_large_image","twitter_misc":{"Tiempo de lectura":"1 minuto"},"schema":{"@context":"https:\/\/schema.org","@graph":[{"@type":"WebPage","@id":"https:\/\/www.silentblocks.com\/es\/producto\/pastillas-de-muelle-traseras-inferiores-audi-porsche-cayenne-vw-touareg\/","url":"https:\/\/www.silentblocks.com\/es\/producto\/pastillas-de-muelle-traseras-inferiores-audi-porsche-cayenne-vw-touareg\/","name":"Pastillas de muelle traseras inferiores, Audi, Porsche Cayenne, VW Touareg - SILENT BLOCKS","isPartOf":{"@id":"https:\/\/www.silentblocks.com\/es\/#website"},"primaryImageOfPage":{"@id":"https:\/\/www.silentblocks.com\/es\/producto\/pastillas-de-muelle-traseras-inferiores-audi-porsche-cayenne-vw-touareg\/#primaryimage"},"image":{"@id":"https:\/\/www.silentblocks.com\/es\/producto\/pastillas-de-muelle-traseras-inferiores-audi-porsche-cayenne-vw-touareg\/#primaryimage"},"thumbnailUrl":"https:\/\/www.silentblocks.com\/wp-content\/uploads\/2026\/04\/patin-ressort-arriere-Cayenne-9YA.jpg","datePublished":"2026-04-27T15:50:29+00:00","description":"Pastillas de muelle traseras inferiores para Audi, Porsche Cayenne 9YA, VW Touareg, compatibles con oem 4M0512297B, PAB512297","breadcrumb":{"@id":"https:\/\/www.silentblocks.com\/es\/producto\/pastillas-de-muelle-traseras-inferiores-audi-porsche-cayenne-vw-touareg\/#breadcrumb"},"inLanguage":"es","potentialAction":[{"@type":"ReadAction","target":["https:\/\/www.silentblocks.com\/es\/producto\/pastillas-de-muelle-traseras-inferiores-audi-porsche-cayenne-vw-touareg\/"]}]},{"@type":"ImageObject","inLanguage":"es","@id":"https:\/\/www.silentblocks.com\/es\/producto\/pastillas-de-muelle-traseras-inferiores-audi-porsche-cayenne-vw-touareg\/#primaryimage","url":"https:\/\/www.silentblocks.com\/wp-content\/uploads\/2026\/04\/patin-ressort-arriere-Cayenne-9YA.jpg","contentUrl":"https:\/\/www.silentblocks.com\/wp-content\/uploads\/2026\/04\/patin-ressort-arriere-Cayenne-9YA.jpg","width":1500,"height":1500},{"@type":"BreadcrumbList","@id":"https:\/\/www.silentblocks.com\/es\/producto\/pastillas-de-muelle-traseras-inferiores-audi-porsche-cayenne-vw-touareg\/#breadcrumb","itemListElement":[{"@type":"ListItem","position":1,"name":"In\u00edcio","item":"https:\/\/www.silentblocks.com\/es\/"},{"@type":"ListItem","position":2,"name":"Page boutique","item":"https:\/\/www.silentblocks.com\/es\/shop-2\/"},{"@type":"ListItem","position":3,"name":"Pastillas de muelle traseras inferiores, Audi, Porsche Cayenne, VW Touareg"}]},{"@type":"WebSite","@id":"https:\/\/www.silentblocks.com\/es\/#website","url":"https:\/\/www.silentblocks.com\/es\/","name":"SILENTBLOCKS","description":"Secure on the road","publisher":{"@id":"https:\/\/www.silentblocks.com\/es\/#organization"},"potentialAction":[{"@type":"SearchAction","target":{"@type":"EntryPoint","urlTemplate":"https:\/\/www.silentblocks.com\/es\/?s={search_term_string}"},"query-input":{"@type":"PropertyValueSpecification","valueRequired":true,"valueName":"search_term_string"}}],"inLanguage":"es"},{"@type":"Organization","@id":"https:\/\/www.silentblocks.com\/es\/#organization","name":"SILENTBLOCKS","url":"https:\/\/www.silentblocks.com\/es\/","logo":{"@type":"ImageObject","inLanguage":"es","@id":"https:\/\/www.silentblocks.com\/es\/#\/schema\/logo\/image\/","url":"https:\/\/www.silentblocks.com\/wp-content\/uploads\/2023\/07\/logo211-sem-fundo_2012-PARA-BOUTIQUE-EBAY.png","contentUrl":"https:\/\/www.silentblocks.com\/wp-content\/uploads\/2023\/07\/logo211-sem-fundo_2012-PARA-BOUTIQUE-EBAY.png","width":300,"height":190,"caption":"SILENTBLOCKS"},"image":{"@id":"https:\/\/www.silentblocks.com\/es\/#\/schema\/logo\/image\/"}}]}},"_links":{"self":[{"href":"https:\/\/www.silentblocks.com\/es\/wp-json\/wp\/v2\/product\/138325","targetHints":{"allow":["GET"]}}],"collection":[{"href":"https:\/\/www.silentblocks.com\/es\/wp-json\/wp\/v2\/product"}],"about":[{"href":"https:\/\/www.silentblocks.com\/es\/wp-json\/wp\/v2\/types\/product"}],"version-history":[{"count":0,"href":"https:\/\/www.silentblocks.com\/es\/wp-json\/wp\/v2\/product\/138325\/revisions"}],"wp:featuredmedia":[{"embeddable":true,"href":"https:\/\/www.silentblocks.com\/es\/wp-json\/wp\/v2\/media\/138323"}],"wp:attachment":[{"href":"https:\/\/www.silentblocks.com\/es\/wp-json\/wp\/v2\/media?parent=138325"}],"wp:term":[{"taxonomy":"product_brand","embeddable":true,"href":"https:\/\/www.silentblocks.com\/es\/wp-json\/wp\/v2\/product_brand?post=138325"},{"taxonomy":"product_cat","embeddable":true,"href":"https:\/\/www.silentblocks.com\/es\/wp-json\/wp\/v2\/product_cat?post=138325"},{"taxonomy":"product_tag","embeddable":true,"href":"https:\/\/www.silentblocks.com\/es\/wp-json\/wp\/v2\/product_tag?post=138325"}],"curies":[{"name":"wp","href":"https:\/\/api.w.org\/{rel}","templated":true}]}}