{"id":138351,"date":"2026-04-27T18:23:39","date_gmt":"2026-04-27T18:23:39","guid":{"rendered":"https:\/\/www.silentblocks.com\/product\/silentblocks-para-portamanguetas-traseras-audi-a6-a7-q5-q7-q8-vw-touareg\/"},"modified":"2026-04-27T18:23:39","modified_gmt":"2026-04-27T18:23:39","slug":"silentblocks-para-portamanguetas-traseras-audi-a6-a7-q5-q7-q8-vw-touareg","status":"publish","type":"product","link":"https:\/\/www.silentblocks.com\/es\/producto\/silentblocks-para-portamanguetas-traseras-audi-a6-a7-q5-q7-q8-vw-touareg\/","title":{"rendered":"Silentblocks para portamanguetas traseras, Audi A6, A7, Q5, Q7, Q8, VW Touareg"},"content":{"rendered":"<p>Silentblocks en ambos portamanguetas traseras, compatibles con los siguientes veh\u00edculos:<br \/>\nAudi A6 Allroad C8 (4AH)<br \/>\nAudi A6 C8 (4A2)<br \/>\nAudi A6 C8 Avant (4A5)<br \/>\nAudi A6 \/ S6 C8 Avant (4A5)<br \/>\nAudi A7 \/ S7 Sportback (4KA)<br \/>\nAudi A7 Sportback (4KA)<br \/>\nAudi Q5 (FYB, FYG)<br \/>\nAudi Q5 Furgoneta (FYB, FYG)<br \/>\nAudi Q7 (4MB, 4MG, 4MQ)<br \/>\nAudi Q7 Furgoneta (4MB, 4MG)<br \/>\nAudi Q8 (4MN, 4MT)<br \/>\nVW Touareg (CR7, RC8)<\/p>\n<p>Referencias del fabricante (c\u00f3digo OEM) s\u00f3lo a t\u00edtulo informativo :<br \/>\n80A505431F, 80A505432F, 80A505431G, 80A505432G, 80A505460B, 80A505459B, 4M0505431Q, 4M0505432Q, 4M0505460, 4M0505432P, 4M0505431AF, 4M0505432AJ, 4M0505459C, 4M0505431AE, 4M0505432AH, 4M0505431AM, 4M0505460C, 4M0505432AF, 4M0505431AK, 4M0505431P, 4M0505432AE, 4M0505431AJ, 4M0505432AM, 4M0505459, 4M0505431AH, 4M0505432AK<\/p>\n<p>Piezas nuevas, se vende con factura. Todos nuestros productos tienen 2 a\u00f1os de garant\u00eda.<\/p>\n","protected":false},"excerpt":{"rendered":"<p>Silentblocks en ambos portamanguetas traseras, compatibles con los siguientes veh\u00edculos: Audi A6 Allroad C8 (4AH) Audi A6 C8 (4A2) Audi A6 C8 Avant (4A5) Audi A6 \/ S6 C8 Avant (4A5) Audi A7 \/ S7 Sportback (4KA) Audi A7 Sportback (4KA) Audi Q5 (FYB, FYG) Audi Q5 Furgoneta (FYB, FYG) Audi Q7 (4MB, 4MG, 4MQ) [&hellip;]<\/p>\n","protected":false},"featured_media":138349,"template":"","meta":[],"product_brand":[],"product_cat":[6175,6178,6185,6484],"product_tag":[],"class_list":{"0":"post-138351","1":"product","2":"type-product","3":"status-publish","4":"has-post-thumbnail","6":"product_cat-a6-c8","7":"product_cat-a7-sportback-4ka","8":"product_cat-q5-fy-2017","9":"product_cat-touareg-iii-2017","11":"first","12":"instock","13":"shipping-taxable","14":"purchasable","15":"product-type-simple"},"yoast_head":"<!-- This site is optimized with the Yoast SEO Premium plugin v23.0 (Yoast SEO v27.4) - https:\/\/yoast.com\/product\/yoast-seo-premium-wordpress\/ -->\n<title>Silentblocks para portamanguetas traseras, Audi A6, A7, Q5, Q7, Q8, VW Touareg - SILENT BLOCKS<\/title>\n<meta name=\"description\" content=\"Silentblocks portamanguetas para Audi A6 C8, A7, Q5, Q7 4KA, Q8, VW Touareg, compatibles con oem 80A505431F, 80A505432F, 80A505431G, 80A505432G, 80A505460B\" \/>\n<meta name=\"robots\" content=\"index, follow, max-snippet:-1, max-image-preview:large, max-video-preview:-1\" \/>\n<link rel=\"canonical\" href=\"https:\/\/www.silentblocks.com\/es\/producto\/silentblocks-para-portamanguetas-traseras-audi-a6-a7-q5-q7-q8-vw-touareg\/\" \/>\n<meta property=\"og:locale\" content=\"es_ES\" \/>\n<meta property=\"og:type\" content=\"article\" \/>\n<meta property=\"og:title\" content=\"Silentblocks para portamanguetas traseras, Audi A6, A7, Q5, Q7, Q8, VW Touareg\" \/>\n<meta property=\"og:description\" content=\"Silentblocks portamanguetas para Audi A6 C8, A7, Q5, Q7 4KA, Q8, VW Touareg, compatibles con oem 80A505431F, 80A505432F, 80A505431G, 80A505432G, 80A505460B\" \/>\n<meta property=\"og:url\" content=\"https:\/\/www.silentblocks.com\/es\/producto\/silentblocks-para-portamanguetas-traseras-audi-a6-a7-q5-q7-q8-vw-touareg\/\" \/>\n<meta property=\"og:site_name\" content=\"SILENT BLOCKS\" \/>\n<meta property=\"og:image\" content=\"https:\/\/www.silentblocks.com\/wp-content\/uploads\/2026\/04\/silentblocs-fusee-arriere-Touareg.jpg\" \/>\n\t<meta property=\"og:image:width\" content=\"1500\" \/>\n\t<meta property=\"og:image:height\" content=\"1500\" \/>\n\t<meta property=\"og:image:type\" content=\"image\/jpeg\" \/>\n<meta name=\"twitter:card\" content=\"summary_large_image\" \/>\n<meta name=\"twitter:label1\" content=\"Tiempo de lectura\" \/>\n\t<meta name=\"twitter:data1\" content=\"1 minuto\" \/>\n<script type=\"application\/ld+json\" class=\"yoast-schema-graph\">{\"@context\":\"https:\\\/\\\/schema.org\",\"@graph\":[{\"@type\":\"WebPage\",\"@id\":\"https:\\\/\\\/www.silentblocks.com\\\/es\\\/producto\\\/silentblocks-para-portamanguetas-traseras-audi-a6-a7-q5-q7-q8-vw-touareg\\\/\",\"url\":\"https:\\\/\\\/www.silentblocks.com\\\/es\\\/producto\\\/silentblocks-para-portamanguetas-traseras-audi-a6-a7-q5-q7-q8-vw-touareg\\\/\",\"name\":\"Silentblocks para portamanguetas traseras, Audi A6, A7, Q5, Q7, Q8, VW Touareg - SILENT BLOCKS\",\"isPartOf\":{\"@id\":\"https:\\\/\\\/www.silentblocks.com\\\/es\\\/#website\"},\"primaryImageOfPage\":{\"@id\":\"https:\\\/\\\/www.silentblocks.com\\\/es\\\/producto\\\/silentblocks-para-portamanguetas-traseras-audi-a6-a7-q5-q7-q8-vw-touareg\\\/#primaryimage\"},\"image\":{\"@id\":\"https:\\\/\\\/www.silentblocks.com\\\/es\\\/producto\\\/silentblocks-para-portamanguetas-traseras-audi-a6-a7-q5-q7-q8-vw-touareg\\\/#primaryimage\"},\"thumbnailUrl\":\"https:\\\/\\\/www.silentblocks.com\\\/wp-content\\\/uploads\\\/2026\\\/04\\\/silentblocs-fusee-arriere-Touareg.jpg\",\"datePublished\":\"2026-04-27T18:23:39+00:00\",\"description\":\"Silentblocks portamanguetas para Audi A6 C8, A7, Q5, Q7 4KA, Q8, VW Touareg, compatibles con oem 80A505431F, 80A505432F, 80A505431G, 80A505432G, 80A505460B\",\"breadcrumb\":{\"@id\":\"https:\\\/\\\/www.silentblocks.com\\\/es\\\/producto\\\/silentblocks-para-portamanguetas-traseras-audi-a6-a7-q5-q7-q8-vw-touareg\\\/#breadcrumb\"},\"inLanguage\":\"es\",\"potentialAction\":[{\"@type\":\"ReadAction\",\"target\":[\"https:\\\/\\\/www.silentblocks.com\\\/es\\\/producto\\\/silentblocks-para-portamanguetas-traseras-audi-a6-a7-q5-q7-q8-vw-touareg\\\/\"]}]},{\"@type\":\"ImageObject\",\"inLanguage\":\"es\",\"@id\":\"https:\\\/\\\/www.silentblocks.com\\\/es\\\/producto\\\/silentblocks-para-portamanguetas-traseras-audi-a6-a7-q5-q7-q8-vw-touareg\\\/#primaryimage\",\"url\":\"https:\\\/\\\/www.silentblocks.com\\\/wp-content\\\/uploads\\\/2026\\\/04\\\/silentblocs-fusee-arriere-Touareg.jpg\",\"contentUrl\":\"https:\\\/\\\/www.silentblocks.com\\\/wp-content\\\/uploads\\\/2026\\\/04\\\/silentblocs-fusee-arriere-Touareg.jpg\",\"width\":1500,\"height\":1500},{\"@type\":\"BreadcrumbList\",\"@id\":\"https:\\\/\\\/www.silentblocks.com\\\/es\\\/producto\\\/silentblocks-para-portamanguetas-traseras-audi-a6-a7-q5-q7-q8-vw-touareg\\\/#breadcrumb\",\"itemListElement\":[{\"@type\":\"ListItem\",\"position\":1,\"name\":\"In\u00edcio\",\"item\":\"https:\\\/\\\/www.silentblocks.com\\\/es\\\/\"},{\"@type\":\"ListItem\",\"position\":2,\"name\":\"Page boutique\",\"item\":\"https:\\\/\\\/www.silentblocks.com\\\/es\\\/shop-2\\\/\"},{\"@type\":\"ListItem\",\"position\":3,\"name\":\"Silentblocks para portamanguetas traseras, Audi A6, A7, Q5, Q7, Q8, VW Touareg\"}]},{\"@type\":\"WebSite\",\"@id\":\"https:\\\/\\\/www.silentblocks.com\\\/es\\\/#website\",\"url\":\"https:\\\/\\\/www.silentblocks.com\\\/es\\\/\",\"name\":\"SILENTBLOCKS\",\"description\":\"Secure on the road\",\"publisher\":{\"@id\":\"https:\\\/\\\/www.silentblocks.com\\\/es\\\/#organization\"},\"potentialAction\":[{\"@type\":\"SearchAction\",\"target\":{\"@type\":\"EntryPoint\",\"urlTemplate\":\"https:\\\/\\\/www.silentblocks.com\\\/es\\\/?s={search_term_string}\"},\"query-input\":{\"@type\":\"PropertyValueSpecification\",\"valueRequired\":true,\"valueName\":\"search_term_string\"}}],\"inLanguage\":\"es\"},{\"@type\":\"Organization\",\"@id\":\"https:\\\/\\\/www.silentblocks.com\\\/es\\\/#organization\",\"name\":\"SILENTBLOCKS\",\"url\":\"https:\\\/\\\/www.silentblocks.com\\\/es\\\/\",\"logo\":{\"@type\":\"ImageObject\",\"inLanguage\":\"es\",\"@id\":\"https:\\\/\\\/www.silentblocks.com\\\/es\\\/#\\\/schema\\\/logo\\\/image\\\/\",\"url\":\"https:\\\/\\\/www.silentblocks.com\\\/wp-content\\\/uploads\\\/2023\\\/07\\\/logo211-sem-fundo_2012-PARA-BOUTIQUE-EBAY.png\",\"contentUrl\":\"https:\\\/\\\/www.silentblocks.com\\\/wp-content\\\/uploads\\\/2023\\\/07\\\/logo211-sem-fundo_2012-PARA-BOUTIQUE-EBAY.png\",\"width\":300,\"height\":190,\"caption\":\"SILENTBLOCKS\"},\"image\":{\"@id\":\"https:\\\/\\\/www.silentblocks.com\\\/es\\\/#\\\/schema\\\/logo\\\/image\\\/\"}}]}<\/script>\n<!-- \/ Yoast SEO Premium plugin. -->","yoast_head_json":{"title":"Silentblocks para portamanguetas traseras, Audi A6, A7, Q5, Q7, Q8, VW Touareg - SILENT BLOCKS","description":"Silentblocks portamanguetas para Audi A6 C8, A7, Q5, Q7 4KA, Q8, VW Touareg, compatibles con oem 80A505431F, 80A505432F, 80A505431G, 80A505432G, 80A505460B","robots":{"index":"index","follow":"follow","max-snippet":"max-snippet:-1","max-image-preview":"max-image-preview:large","max-video-preview":"max-video-preview:-1"},"canonical":"https:\/\/www.silentblocks.com\/es\/producto\/silentblocks-para-portamanguetas-traseras-audi-a6-a7-q5-q7-q8-vw-touareg\/","og_locale":"es_ES","og_type":"article","og_title":"Silentblocks para portamanguetas traseras, Audi A6, A7, Q5, Q7, Q8, VW Touareg","og_description":"Silentblocks portamanguetas para Audi A6 C8, A7, Q5, Q7 4KA, Q8, VW Touareg, compatibles con oem 80A505431F, 80A505432F, 80A505431G, 80A505432G, 80A505460B","og_url":"https:\/\/www.silentblocks.com\/es\/producto\/silentblocks-para-portamanguetas-traseras-audi-a6-a7-q5-q7-q8-vw-touareg\/","og_site_name":"SILENT BLOCKS","og_image":[{"width":1500,"height":1500,"url":"https:\/\/www.silentblocks.com\/wp-content\/uploads\/2026\/04\/silentblocs-fusee-arriere-Touareg.jpg","type":"image\/jpeg"}],"twitter_card":"summary_large_image","twitter_misc":{"Tiempo de lectura":"1 minuto"},"schema":{"@context":"https:\/\/schema.org","@graph":[{"@type":"WebPage","@id":"https:\/\/www.silentblocks.com\/es\/producto\/silentblocks-para-portamanguetas-traseras-audi-a6-a7-q5-q7-q8-vw-touareg\/","url":"https:\/\/www.silentblocks.com\/es\/producto\/silentblocks-para-portamanguetas-traseras-audi-a6-a7-q5-q7-q8-vw-touareg\/","name":"Silentblocks para portamanguetas traseras, Audi A6, A7, Q5, Q7, Q8, VW Touareg - SILENT BLOCKS","isPartOf":{"@id":"https:\/\/www.silentblocks.com\/es\/#website"},"primaryImageOfPage":{"@id":"https:\/\/www.silentblocks.com\/es\/producto\/silentblocks-para-portamanguetas-traseras-audi-a6-a7-q5-q7-q8-vw-touareg\/#primaryimage"},"image":{"@id":"https:\/\/www.silentblocks.com\/es\/producto\/silentblocks-para-portamanguetas-traseras-audi-a6-a7-q5-q7-q8-vw-touareg\/#primaryimage"},"thumbnailUrl":"https:\/\/www.silentblocks.com\/wp-content\/uploads\/2026\/04\/silentblocs-fusee-arriere-Touareg.jpg","datePublished":"2026-04-27T18:23:39+00:00","description":"Silentblocks portamanguetas para Audi A6 C8, A7, Q5, Q7 4KA, Q8, VW Touareg, compatibles con oem 80A505431F, 80A505432F, 80A505431G, 80A505432G, 80A505460B","breadcrumb":{"@id":"https:\/\/www.silentblocks.com\/es\/producto\/silentblocks-para-portamanguetas-traseras-audi-a6-a7-q5-q7-q8-vw-touareg\/#breadcrumb"},"inLanguage":"es","potentialAction":[{"@type":"ReadAction","target":["https:\/\/www.silentblocks.com\/es\/producto\/silentblocks-para-portamanguetas-traseras-audi-a6-a7-q5-q7-q8-vw-touareg\/"]}]},{"@type":"ImageObject","inLanguage":"es","@id":"https:\/\/www.silentblocks.com\/es\/producto\/silentblocks-para-portamanguetas-traseras-audi-a6-a7-q5-q7-q8-vw-touareg\/#primaryimage","url":"https:\/\/www.silentblocks.com\/wp-content\/uploads\/2026\/04\/silentblocs-fusee-arriere-Touareg.jpg","contentUrl":"https:\/\/www.silentblocks.com\/wp-content\/uploads\/2026\/04\/silentblocs-fusee-arriere-Touareg.jpg","width":1500,"height":1500},{"@type":"BreadcrumbList","@id":"https:\/\/www.silentblocks.com\/es\/producto\/silentblocks-para-portamanguetas-traseras-audi-a6-a7-q5-q7-q8-vw-touareg\/#breadcrumb","itemListElement":[{"@type":"ListItem","position":1,"name":"In\u00edcio","item":"https:\/\/www.silentblocks.com\/es\/"},{"@type":"ListItem","position":2,"name":"Page boutique","item":"https:\/\/www.silentblocks.com\/es\/shop-2\/"},{"@type":"ListItem","position":3,"name":"Silentblocks para portamanguetas traseras, Audi A6, A7, Q5, Q7, Q8, VW Touareg"}]},{"@type":"WebSite","@id":"https:\/\/www.silentblocks.com\/es\/#website","url":"https:\/\/www.silentblocks.com\/es\/","name":"SILENTBLOCKS","description":"Secure on the road","publisher":{"@id":"https:\/\/www.silentblocks.com\/es\/#organization"},"potentialAction":[{"@type":"SearchAction","target":{"@type":"EntryPoint","urlTemplate":"https:\/\/www.silentblocks.com\/es\/?s={search_term_string}"},"query-input":{"@type":"PropertyValueSpecification","valueRequired":true,"valueName":"search_term_string"}}],"inLanguage":"es"},{"@type":"Organization","@id":"https:\/\/www.silentblocks.com\/es\/#organization","name":"SILENTBLOCKS","url":"https:\/\/www.silentblocks.com\/es\/","logo":{"@type":"ImageObject","inLanguage":"es","@id":"https:\/\/www.silentblocks.com\/es\/#\/schema\/logo\/image\/","url":"https:\/\/www.silentblocks.com\/wp-content\/uploads\/2023\/07\/logo211-sem-fundo_2012-PARA-BOUTIQUE-EBAY.png","contentUrl":"https:\/\/www.silentblocks.com\/wp-content\/uploads\/2023\/07\/logo211-sem-fundo_2012-PARA-BOUTIQUE-EBAY.png","width":300,"height":190,"caption":"SILENTBLOCKS"},"image":{"@id":"https:\/\/www.silentblocks.com\/es\/#\/schema\/logo\/image\/"}}]}},"_links":{"self":[{"href":"https:\/\/www.silentblocks.com\/es\/wp-json\/wp\/v2\/product\/138351","targetHints":{"allow":["GET"]}}],"collection":[{"href":"https:\/\/www.silentblocks.com\/es\/wp-json\/wp\/v2\/product"}],"about":[{"href":"https:\/\/www.silentblocks.com\/es\/wp-json\/wp\/v2\/types\/product"}],"version-history":[{"count":0,"href":"https:\/\/www.silentblocks.com\/es\/wp-json\/wp\/v2\/product\/138351\/revisions"}],"wp:featuredmedia":[{"embeddable":true,"href":"https:\/\/www.silentblocks.com\/es\/wp-json\/wp\/v2\/media\/138349"}],"wp:attachment":[{"href":"https:\/\/www.silentblocks.com\/es\/wp-json\/wp\/v2\/media?parent=138351"}],"wp:term":[{"taxonomy":"product_brand","embeddable":true,"href":"https:\/\/www.silentblocks.com\/es\/wp-json\/wp\/v2\/product_brand?post=138351"},{"taxonomy":"product_cat","embeddable":true,"href":"https:\/\/www.silentblocks.com\/es\/wp-json\/wp\/v2\/product_cat?post=138351"},{"taxonomy":"product_tag","embeddable":true,"href":"https:\/\/www.silentblocks.com\/es\/wp-json\/wp\/v2\/product_tag?post=138351"}],"curies":[{"name":"wp","href":"https:\/\/api.w.org\/{rel}","templated":true}]}}