{"id":138388,"date":"2026-04-28T16:39:11","date_gmt":"2026-04-28T16:39:11","guid":{"rendered":"https:\/\/www.silentblocks.com\/product\/silent-blocks-para-soporte-diferencial-trasero-porsche-macan-audi-q5-8r\/"},"modified":"2026-04-28T16:39:11","modified_gmt":"2026-04-28T16:39:11","slug":"silent-blocks-para-soporte-diferencial-trasero-porsche-macan-audi-q5-8r","status":"publish","type":"product","link":"https:\/\/www.silentblocks.com\/es\/producto\/silent-blocks-para-soporte-diferencial-trasero-porsche-macan-audi-q5-8r\/","title":{"rendered":"Silent blocks para soporte diferencial trasero, Porsche Macan, Audi Q5 8R"},"content":{"rendered":"<p>Silentblocks para el soporte del diferencial trasero, de poliuretano, compatibles con los siguientes veh\u00edculos:<br \/>\nAudi Q5 8R (2008-2016) Quattro \/ SQ5<br \/>\nPorsche Macan (2013-)<\/p>\n<p>Dureza: 80Sha<\/p>\n<p>Referencias del fabricante (c\u00f3digo OEM) s\u00f3lo a t\u00edtulo informativo :<br \/>\n8K0 599 257 N, 8K0 599 257 E, 8K0 599 257 L, 8K0599381H, 8K0599381G, 8K0599381F<\/p>\n<p>Piezas nuevas, se vende con factura. Todos nuestros productos tienen 2 a\u00f1os de garant\u00eda.<\/p>\n","protected":false},"excerpt":{"rendered":"<p>Silentblocks para el soporte del diferencial trasero, de poliuretano, compatibles con los siguientes veh\u00edculos: Audi Q5 8R (2008-2016) Quattro \/ SQ5 Porsche Macan (2013-) Dureza: 80Sha Referencias del fabricante (c\u00f3digo OEM) s\u00f3lo a t\u00edtulo informativo : 8K0 599 257 N, 8K0 599 257 E, 8K0 599 257 L, 8K0599381H, 8K0599381G, 8K0599381F Piezas nuevas, se vende [&hellip;]<\/p>\n","protected":false},"featured_media":138385,"template":"","meta":[],"product_brand":[],"product_cat":[2354,2019],"product_tag":[],"class_list":{"0":"post-138388","1":"product","2":"type-product","3":"status-publish","4":"has-post-thumbnail","6":"product_cat-q5","7":"product_cat-macan-2014-es","9":"first","10":"instock","11":"shipping-taxable","12":"purchasable","13":"product-type-simple"},"yoast_head":"<!-- This site is optimized with the Yoast SEO Premium plugin v23.0 (Yoast SEO v27.5) - https:\/\/yoast.com\/product\/yoast-seo-premium-wordpress\/ -->\n<title>Silent blocks para soporte diferencial trasero, Porsche Macan, Audi Q5 8R - SILENT BLOCKS<\/title>\n<meta name=\"description\" content=\"Silent blocks para soporte diferencial trasero en poliuretano para Porsche Macan, Audi Q5 8R, compatible oem 8K0 599 257 N, 8K0 599 257 E, 8K0 599 257 L, 8K0599381H\" \/>\n<meta name=\"robots\" content=\"index, follow, max-snippet:-1, max-image-preview:large, max-video-preview:-1\" \/>\n<link rel=\"canonical\" href=\"https:\/\/www.silentblocks.com\/es\/producto\/silent-blocks-para-soporte-diferencial-trasero-porsche-macan-audi-q5-8r\/\" \/>\n<meta property=\"og:locale\" content=\"es_ES\" \/>\n<meta property=\"og:type\" content=\"article\" \/>\n<meta property=\"og:title\" content=\"Silent blocks para soporte diferencial trasero, Porsche Macan, Audi Q5 8R\" \/>\n<meta property=\"og:description\" content=\"Silent blocks para soporte diferencial trasero en poliuretano para Porsche Macan, Audi Q5 8R, compatible oem 8K0 599 257 N, 8K0 599 257 E, 8K0 599 257 L, 8K0599381H\" \/>\n<meta property=\"og:url\" content=\"https:\/\/www.silentblocks.com\/es\/producto\/silent-blocks-para-soporte-diferencial-trasero-porsche-macan-audi-q5-8r\/\" \/>\n<meta property=\"og:site_name\" content=\"SILENT BLOCKS\" \/>\n<meta property=\"og:image\" content=\"https:\/\/www.silentblocks.com\/wp-content\/uploads\/2026\/04\/silentblocs-support-differentiel-Macan-2013.jpg\" \/>\n\t<meta property=\"og:image:width\" content=\"1500\" \/>\n\t<meta property=\"og:image:height\" content=\"1500\" \/>\n\t<meta property=\"og:image:type\" content=\"image\/jpeg\" \/>\n<meta name=\"twitter:card\" content=\"summary_large_image\" \/>\n<script type=\"application\/ld+json\" class=\"yoast-schema-graph\">{\"@context\":\"https:\\\/\\\/schema.org\",\"@graph\":[{\"@type\":\"WebPage\",\"@id\":\"https:\\\/\\\/www.silentblocks.com\\\/es\\\/producto\\\/silent-blocks-para-soporte-diferencial-trasero-porsche-macan-audi-q5-8r\\\/\",\"url\":\"https:\\\/\\\/www.silentblocks.com\\\/es\\\/producto\\\/silent-blocks-para-soporte-diferencial-trasero-porsche-macan-audi-q5-8r\\\/\",\"name\":\"Silent blocks para soporte diferencial trasero, Porsche Macan, Audi Q5 8R - SILENT BLOCKS\",\"isPartOf\":{\"@id\":\"https:\\\/\\\/www.silentblocks.com\\\/es\\\/#website\"},\"primaryImageOfPage\":{\"@id\":\"https:\\\/\\\/www.silentblocks.com\\\/es\\\/producto\\\/silent-blocks-para-soporte-diferencial-trasero-porsche-macan-audi-q5-8r\\\/#primaryimage\"},\"image\":{\"@id\":\"https:\\\/\\\/www.silentblocks.com\\\/es\\\/producto\\\/silent-blocks-para-soporte-diferencial-trasero-porsche-macan-audi-q5-8r\\\/#primaryimage\"},\"thumbnailUrl\":\"https:\\\/\\\/www.silentblocks.com\\\/wp-content\\\/uploads\\\/2026\\\/04\\\/silentblocs-support-differentiel-Macan-2013.jpg\",\"datePublished\":\"2026-04-28T16:39:11+00:00\",\"description\":\"Silent blocks para soporte diferencial trasero en poliuretano para Porsche Macan, Audi Q5 8R, compatible oem 8K0 599 257 N, 8K0 599 257 E, 8K0 599 257 L, 8K0599381H\",\"breadcrumb\":{\"@id\":\"https:\\\/\\\/www.silentblocks.com\\\/es\\\/producto\\\/silent-blocks-para-soporte-diferencial-trasero-porsche-macan-audi-q5-8r\\\/#breadcrumb\"},\"inLanguage\":\"es\",\"potentialAction\":[{\"@type\":\"ReadAction\",\"target\":[\"https:\\\/\\\/www.silentblocks.com\\\/es\\\/producto\\\/silent-blocks-para-soporte-diferencial-trasero-porsche-macan-audi-q5-8r\\\/\"]}]},{\"@type\":\"ImageObject\",\"inLanguage\":\"es\",\"@id\":\"https:\\\/\\\/www.silentblocks.com\\\/es\\\/producto\\\/silent-blocks-para-soporte-diferencial-trasero-porsche-macan-audi-q5-8r\\\/#primaryimage\",\"url\":\"https:\\\/\\\/www.silentblocks.com\\\/wp-content\\\/uploads\\\/2026\\\/04\\\/silentblocs-support-differentiel-Macan-2013.jpg\",\"contentUrl\":\"https:\\\/\\\/www.silentblocks.com\\\/wp-content\\\/uploads\\\/2026\\\/04\\\/silentblocs-support-differentiel-Macan-2013.jpg\",\"width\":1500,\"height\":1500},{\"@type\":\"BreadcrumbList\",\"@id\":\"https:\\\/\\\/www.silentblocks.com\\\/es\\\/producto\\\/silent-blocks-para-soporte-diferencial-trasero-porsche-macan-audi-q5-8r\\\/#breadcrumb\",\"itemListElement\":[{\"@type\":\"ListItem\",\"position\":1,\"name\":\"In\u00edcio\",\"item\":\"https:\\\/\\\/www.silentblocks.com\\\/es\\\/\"},{\"@type\":\"ListItem\",\"position\":2,\"name\":\"Page boutique\",\"item\":\"https:\\\/\\\/www.silentblocks.com\\\/es\\\/shop-2\\\/\"},{\"@type\":\"ListItem\",\"position\":3,\"name\":\"Silent blocks para soporte diferencial trasero, Porsche Macan, Audi Q5 8R\"}]},{\"@type\":\"WebSite\",\"@id\":\"https:\\\/\\\/www.silentblocks.com\\\/es\\\/#website\",\"url\":\"https:\\\/\\\/www.silentblocks.com\\\/es\\\/\",\"name\":\"SILENTBLOCKS\",\"description\":\"Secure on the road\",\"publisher\":{\"@id\":\"https:\\\/\\\/www.silentblocks.com\\\/es\\\/#organization\"},\"potentialAction\":[{\"@type\":\"SearchAction\",\"target\":{\"@type\":\"EntryPoint\",\"urlTemplate\":\"https:\\\/\\\/www.silentblocks.com\\\/es\\\/?s={search_term_string}\"},\"query-input\":{\"@type\":\"PropertyValueSpecification\",\"valueRequired\":true,\"valueName\":\"search_term_string\"}}],\"inLanguage\":\"es\"},{\"@type\":\"Organization\",\"@id\":\"https:\\\/\\\/www.silentblocks.com\\\/es\\\/#organization\",\"name\":\"SILENTBLOCKS\",\"url\":\"https:\\\/\\\/www.silentblocks.com\\\/es\\\/\",\"logo\":{\"@type\":\"ImageObject\",\"inLanguage\":\"es\",\"@id\":\"https:\\\/\\\/www.silentblocks.com\\\/es\\\/#\\\/schema\\\/logo\\\/image\\\/\",\"url\":\"https:\\\/\\\/www.silentblocks.com\\\/wp-content\\\/uploads\\\/2023\\\/07\\\/logo211-sem-fundo_2012-PARA-BOUTIQUE-EBAY.png\",\"contentUrl\":\"https:\\\/\\\/www.silentblocks.com\\\/wp-content\\\/uploads\\\/2023\\\/07\\\/logo211-sem-fundo_2012-PARA-BOUTIQUE-EBAY.png\",\"width\":300,\"height\":190,\"caption\":\"SILENTBLOCKS\"},\"image\":{\"@id\":\"https:\\\/\\\/www.silentblocks.com\\\/es\\\/#\\\/schema\\\/logo\\\/image\\\/\"}}]}<\/script>\n<!-- \/ Yoast SEO Premium plugin. -->","yoast_head_json":{"title":"Silent blocks para soporte diferencial trasero, Porsche Macan, Audi Q5 8R - SILENT BLOCKS","description":"Silent blocks para soporte diferencial trasero en poliuretano para Porsche Macan, Audi Q5 8R, compatible oem 8K0 599 257 N, 8K0 599 257 E, 8K0 599 257 L, 8K0599381H","robots":{"index":"index","follow":"follow","max-snippet":"max-snippet:-1","max-image-preview":"max-image-preview:large","max-video-preview":"max-video-preview:-1"},"canonical":"https:\/\/www.silentblocks.com\/es\/producto\/silent-blocks-para-soporte-diferencial-trasero-porsche-macan-audi-q5-8r\/","og_locale":"es_ES","og_type":"article","og_title":"Silent blocks para soporte diferencial trasero, Porsche Macan, Audi Q5 8R","og_description":"Silent blocks para soporte diferencial trasero en poliuretano para Porsche Macan, Audi Q5 8R, compatible oem 8K0 599 257 N, 8K0 599 257 E, 8K0 599 257 L, 8K0599381H","og_url":"https:\/\/www.silentblocks.com\/es\/producto\/silent-blocks-para-soporte-diferencial-trasero-porsche-macan-audi-q5-8r\/","og_site_name":"SILENT BLOCKS","og_image":[{"width":1500,"height":1500,"url":"https:\/\/www.silentblocks.com\/wp-content\/uploads\/2026\/04\/silentblocs-support-differentiel-Macan-2013.jpg","type":"image\/jpeg"}],"twitter_card":"summary_large_image","schema":{"@context":"https:\/\/schema.org","@graph":[{"@type":"WebPage","@id":"https:\/\/www.silentblocks.com\/es\/producto\/silent-blocks-para-soporte-diferencial-trasero-porsche-macan-audi-q5-8r\/","url":"https:\/\/www.silentblocks.com\/es\/producto\/silent-blocks-para-soporte-diferencial-trasero-porsche-macan-audi-q5-8r\/","name":"Silent blocks para soporte diferencial trasero, Porsche Macan, Audi Q5 8R - SILENT BLOCKS","isPartOf":{"@id":"https:\/\/www.silentblocks.com\/es\/#website"},"primaryImageOfPage":{"@id":"https:\/\/www.silentblocks.com\/es\/producto\/silent-blocks-para-soporte-diferencial-trasero-porsche-macan-audi-q5-8r\/#primaryimage"},"image":{"@id":"https:\/\/www.silentblocks.com\/es\/producto\/silent-blocks-para-soporte-diferencial-trasero-porsche-macan-audi-q5-8r\/#primaryimage"},"thumbnailUrl":"https:\/\/www.silentblocks.com\/wp-content\/uploads\/2026\/04\/silentblocs-support-differentiel-Macan-2013.jpg","datePublished":"2026-04-28T16:39:11+00:00","description":"Silent blocks para soporte diferencial trasero en poliuretano para Porsche Macan, Audi Q5 8R, compatible oem 8K0 599 257 N, 8K0 599 257 E, 8K0 599 257 L, 8K0599381H","breadcrumb":{"@id":"https:\/\/www.silentblocks.com\/es\/producto\/silent-blocks-para-soporte-diferencial-trasero-porsche-macan-audi-q5-8r\/#breadcrumb"},"inLanguage":"es","potentialAction":[{"@type":"ReadAction","target":["https:\/\/www.silentblocks.com\/es\/producto\/silent-blocks-para-soporte-diferencial-trasero-porsche-macan-audi-q5-8r\/"]}]},{"@type":"ImageObject","inLanguage":"es","@id":"https:\/\/www.silentblocks.com\/es\/producto\/silent-blocks-para-soporte-diferencial-trasero-porsche-macan-audi-q5-8r\/#primaryimage","url":"https:\/\/www.silentblocks.com\/wp-content\/uploads\/2026\/04\/silentblocs-support-differentiel-Macan-2013.jpg","contentUrl":"https:\/\/www.silentblocks.com\/wp-content\/uploads\/2026\/04\/silentblocs-support-differentiel-Macan-2013.jpg","width":1500,"height":1500},{"@type":"BreadcrumbList","@id":"https:\/\/www.silentblocks.com\/es\/producto\/silent-blocks-para-soporte-diferencial-trasero-porsche-macan-audi-q5-8r\/#breadcrumb","itemListElement":[{"@type":"ListItem","position":1,"name":"In\u00edcio","item":"https:\/\/www.silentblocks.com\/es\/"},{"@type":"ListItem","position":2,"name":"Page boutique","item":"https:\/\/www.silentblocks.com\/es\/shop-2\/"},{"@type":"ListItem","position":3,"name":"Silent blocks para soporte diferencial trasero, Porsche Macan, Audi Q5 8R"}]},{"@type":"WebSite","@id":"https:\/\/www.silentblocks.com\/es\/#website","url":"https:\/\/www.silentblocks.com\/es\/","name":"SILENTBLOCKS","description":"Secure on the road","publisher":{"@id":"https:\/\/www.silentblocks.com\/es\/#organization"},"potentialAction":[{"@type":"SearchAction","target":{"@type":"EntryPoint","urlTemplate":"https:\/\/www.silentblocks.com\/es\/?s={search_term_string}"},"query-input":{"@type":"PropertyValueSpecification","valueRequired":true,"valueName":"search_term_string"}}],"inLanguage":"es"},{"@type":"Organization","@id":"https:\/\/www.silentblocks.com\/es\/#organization","name":"SILENTBLOCKS","url":"https:\/\/www.silentblocks.com\/es\/","logo":{"@type":"ImageObject","inLanguage":"es","@id":"https:\/\/www.silentblocks.com\/es\/#\/schema\/logo\/image\/","url":"https:\/\/www.silentblocks.com\/wp-content\/uploads\/2023\/07\/logo211-sem-fundo_2012-PARA-BOUTIQUE-EBAY.png","contentUrl":"https:\/\/www.silentblocks.com\/wp-content\/uploads\/2023\/07\/logo211-sem-fundo_2012-PARA-BOUTIQUE-EBAY.png","width":300,"height":190,"caption":"SILENTBLOCKS"},"image":{"@id":"https:\/\/www.silentblocks.com\/es\/#\/schema\/logo\/image\/"}}]}},"_links":{"self":[{"href":"https:\/\/www.silentblocks.com\/es\/wp-json\/wp\/v2\/product\/138388","targetHints":{"allow":["GET"]}}],"collection":[{"href":"https:\/\/www.silentblocks.com\/es\/wp-json\/wp\/v2\/product"}],"about":[{"href":"https:\/\/www.silentblocks.com\/es\/wp-json\/wp\/v2\/types\/product"}],"version-history":[{"count":0,"href":"https:\/\/www.silentblocks.com\/es\/wp-json\/wp\/v2\/product\/138388\/revisions"}],"wp:featuredmedia":[{"embeddable":true,"href":"https:\/\/www.silentblocks.com\/es\/wp-json\/wp\/v2\/media\/138385"}],"wp:attachment":[{"href":"https:\/\/www.silentblocks.com\/es\/wp-json\/wp\/v2\/media?parent=138388"}],"wp:term":[{"taxonomy":"product_brand","embeddable":true,"href":"https:\/\/www.silentblocks.com\/es\/wp-json\/wp\/v2\/product_brand?post=138388"},{"taxonomy":"product_cat","embeddable":true,"href":"https:\/\/www.silentblocks.com\/es\/wp-json\/wp\/v2\/product_cat?post=138388"},{"taxonomy":"product_tag","embeddable":true,"href":"https:\/\/www.silentblocks.com\/es\/wp-json\/wp\/v2\/product_tag?post=138388"}],"curies":[{"name":"wp","href":"https:\/\/api.w.org\/{rel}","templated":true}]}}