{"id":138411,"date":"2026-04-28T19:46:52","date_gmt":"2026-04-28T19:46:52","guid":{"rendered":"https:\/\/www.silentblocks.com\/product\/silentblocks-para-portamanguetas-traseras-audi-a4-a5-a6-a7-a8-q5-porsche-macan\/"},"modified":"2026-04-28T19:46:52","modified_gmt":"2026-04-28T19:46:52","slug":"silentblocks-para-portamanguetas-traseras-audi-a4-a5-a6-a7-a8-q5-porsche-macan","status":"publish","type":"product","link":"https:\/\/www.silentblocks.com\/es\/producto\/silentblocks-para-portamanguetas-traseras-audi-a4-a5-a6-a7-a8-q5-porsche-macan\/","title":{"rendered":"Silentblocks para portamanguetas traseras, Audi A4\/A5\/A6\/A7\/A8\/Q5, Porsche Macan"},"content":{"rendered":"<p>Silentblocks en ambos portamanguetas traseras, compatibles con los siguientes veh\u00edculos:<br \/>\nPorsche Macan (2014-2018)<br \/>\nAudi A4 Allroad B8 (8KH) (2009-2016)<br \/>\nAudi A4 Allroad B8 Avant (8KH) (2009-2016)<br \/>\nAudi A4 B8 (8K2) (2007-2015)<br \/>\nAudi A4 B8 Avant (8K5)<br \/>\nAudi A4 \/ S4 B8 (8K2)<br \/>\nAudi A4 \/ S4 B8 Avant (8K5)<br \/>\nAudi A5 (8T3) (2007-2017)<br \/>\nAudi A5 Descapotable (8F7)<br \/>\nAudi A5 Descapotable (F57, F5E)<br \/>\nAudi A5 \/ S5 (8T3)<br \/>\nAudi A5 \/ S5 Descapotable (8F7)<br \/>\nAudi A5 \/ S5 Descapotable (F57, F5E)<br \/>\nAudi A5 \/ S5 Sportback (8TA)<br \/>\nAudi A5 Sportback (8TA)<br \/>\nAudi A6 Allroad C7 (4GH, 4GJ) (2012-2018)<br \/>\nAudi A6 C7 (4G2, 4GC)<br \/>\nAudi A6 C7 Avant (4G5, 4GD)<br \/>\nAudi A6 \/ S6 C7 (4G2, 4GC)<br \/>\nAudi A6 \/ S6 C7 Avant (4G5, 4GD)<br \/>\nAudi A7 \/ S7 Sportback (4GA, 4GF) (2010-2018)<br \/>\nAudi A7 Sportback (4GA, 4GF)<br \/>\nAudi A8 D4 (4H2, 4H8, 4HC, 4HL) (2009-2018)<br \/>\nAudi A8L D4 (4H2, 4H8, 4HC, 4HL)<br \/>\nAudi A8 \/ S8 D4 (4H2, 4H8, 4HC, 4HL)<br \/>\nAudi Q5 (8RB) (2008-2017)<br \/>\nAudi Q5 Furgoneta (8RB)<\/p>\n<p>Referencias del fabricante (c\u00f3digo OEM) s\u00f3lo a t\u00edtulo informativo :<br \/>\nPorsche: 95B505431Y, 95B505432Y, 95B505432BY, 95B505431BY<br \/>\nVAG: 4H0505431C, 4H0505431B, 8R0505431C, 8R0505432C, 8K0505279E, 8R0505431F, 8R0505432F, 8K0505431AH, 8K0505431AR, 8K0505432AH, 8K0505432AR, 8R0505431E, 8R0505432E, 8K0505431AQ, 8K0505431AM, 8K0505432AM, 8K0505432AF, 4G0505432C, 4G0505431C, 4G0505432E, 8K0505432AG, 8K0505431AP, 8K0505432AE, 4G0505431E, 8K0505431AC, 8K0505431AG, 8K0505431AF, 8K0505432AP, 8K0505432AQ, 8K0505431AE, 8K0505432AC, 4H0505431D, 4H0505432C, 4H0505432B, 4H0505432D<\/p>\n<p>Piezas nuevas, se vende con factura. Todos nuestros productos tienen 2 a\u00f1os de garant\u00eda.<\/p>\n","protected":false},"excerpt":{"rendered":"<p>Silentblocks en ambos portamanguetas traseras, compatibles con los siguientes veh\u00edculos: Porsche Macan (2014-2018) Audi A4 Allroad B8 (8KH) (2009-2016) Audi A4 Allroad B8 Avant (8KH) (2009-2016) Audi A4 B8 (8K2) (2007-2015) Audi A4 B8 Avant (8K5) Audi A4 \/ S4 B8 (8K2) Audi A4 \/ S4 B8 Avant (8K5) Audi A5 (8T3) (2007-2017) Audi A5 [&hellip;]<\/p>\n","protected":false},"featured_media":138408,"template":"","meta":[],"product_brand":[],"product_cat":[4027,4025,4036,4031,2354,2019],"product_tag":[],"class_list":{"0":"post-138411","1":"product","2":"type-product","3":"status-publish","4":"has-post-thumbnail","6":"product_cat-a4-2007-2015-es","7":"product_cat-a6-c7-es-2","8":"product_cat-a7-sportback-4ga-4gf-es","9":"product_cat-a8-d4-es","10":"product_cat-q5","11":"product_cat-macan-2014-es","13":"first","14":"instock","15":"shipping-taxable","16":"purchasable","17":"product-type-simple"},"yoast_head":"<!-- This site is optimized with the Yoast SEO Premium plugin v23.0 (Yoast SEO v27.5) - https:\/\/yoast.com\/product\/yoast-seo-premium-wordpress\/ -->\n<title>Silentblocks para portamanguetas traseras, Audi A4\/A5\/A6\/A7\/A8\/Q5, Porsche Macan - SILENT BLOCKS<\/title>\n<meta name=\"description\" content=\"Silentblocks para portamanguetas para Porsche Macan, compatibles oem: 95B505431Y, 95B505432Y, 95B505432BY, 95B505431BY\" \/>\n<meta name=\"robots\" content=\"index, follow, max-snippet:-1, max-image-preview:large, max-video-preview:-1\" \/>\n<link rel=\"canonical\" href=\"https:\/\/www.silentblocks.com\/es\/producto\/silentblocks-para-portamanguetas-traseras-audi-a4-a5-a6-a7-a8-q5-porsche-macan\/\" \/>\n<meta property=\"og:locale\" content=\"es_ES\" \/>\n<meta property=\"og:type\" content=\"article\" \/>\n<meta property=\"og:title\" content=\"Silentblocks para portamanguetas traseras, Audi A4\/A5\/A6\/A7\/A8\/Q5, Porsche Macan\" \/>\n<meta property=\"og:description\" content=\"Silentblocks para portamanguetas para Porsche Macan, compatibles oem: 95B505431Y, 95B505432Y, 95B505432BY, 95B505431BY\" \/>\n<meta property=\"og:url\" content=\"https:\/\/www.silentblocks.com\/es\/producto\/silentblocks-para-portamanguetas-traseras-audi-a4-a5-a6-a7-a8-q5-porsche-macan\/\" \/>\n<meta property=\"og:site_name\" content=\"SILENT BLOCKS\" \/>\n<meta property=\"og:image\" content=\"https:\/\/www.silentblocks.com\/wp-content\/uploads\/2026\/04\/silentbloc-FUSEE-ARRIERE-audi-a4-a5.jpg\" \/>\n\t<meta property=\"og:image:width\" content=\"1500\" \/>\n\t<meta property=\"og:image:height\" content=\"1500\" \/>\n\t<meta property=\"og:image:type\" content=\"image\/jpeg\" \/>\n<meta name=\"twitter:card\" content=\"summary_large_image\" \/>\n<meta name=\"twitter:label1\" content=\"Tiempo de lectura\" \/>\n\t<meta name=\"twitter:data1\" content=\"1 minuto\" \/>\n<script type=\"application\/ld+json\" class=\"yoast-schema-graph\">{\"@context\":\"https:\\\/\\\/schema.org\",\"@graph\":[{\"@type\":\"WebPage\",\"@id\":\"https:\\\/\\\/www.silentblocks.com\\\/es\\\/producto\\\/silentblocks-para-portamanguetas-traseras-audi-a4-a5-a6-a7-a8-q5-porsche-macan\\\/\",\"url\":\"https:\\\/\\\/www.silentblocks.com\\\/es\\\/producto\\\/silentblocks-para-portamanguetas-traseras-audi-a4-a5-a6-a7-a8-q5-porsche-macan\\\/\",\"name\":\"Silentblocks para portamanguetas traseras, Audi A4\\\/A5\\\/A6\\\/A7\\\/A8\\\/Q5, Porsche Macan - SILENT BLOCKS\",\"isPartOf\":{\"@id\":\"https:\\\/\\\/www.silentblocks.com\\\/es\\\/#website\"},\"primaryImageOfPage\":{\"@id\":\"https:\\\/\\\/www.silentblocks.com\\\/es\\\/producto\\\/silentblocks-para-portamanguetas-traseras-audi-a4-a5-a6-a7-a8-q5-porsche-macan\\\/#primaryimage\"},\"image\":{\"@id\":\"https:\\\/\\\/www.silentblocks.com\\\/es\\\/producto\\\/silentblocks-para-portamanguetas-traseras-audi-a4-a5-a6-a7-a8-q5-porsche-macan\\\/#primaryimage\"},\"thumbnailUrl\":\"https:\\\/\\\/www.silentblocks.com\\\/wp-content\\\/uploads\\\/2026\\\/04\\\/silentbloc-FUSEE-ARRIERE-audi-a4-a5.jpg\",\"datePublished\":\"2026-04-28T19:46:52+00:00\",\"description\":\"Silentblocks para portamanguetas para Porsche Macan, compatibles oem: 95B505431Y, 95B505432Y, 95B505432BY, 95B505431BY\",\"breadcrumb\":{\"@id\":\"https:\\\/\\\/www.silentblocks.com\\\/es\\\/producto\\\/silentblocks-para-portamanguetas-traseras-audi-a4-a5-a6-a7-a8-q5-porsche-macan\\\/#breadcrumb\"},\"inLanguage\":\"es\",\"potentialAction\":[{\"@type\":\"ReadAction\",\"target\":[\"https:\\\/\\\/www.silentblocks.com\\\/es\\\/producto\\\/silentblocks-para-portamanguetas-traseras-audi-a4-a5-a6-a7-a8-q5-porsche-macan\\\/\"]}]},{\"@type\":\"ImageObject\",\"inLanguage\":\"es\",\"@id\":\"https:\\\/\\\/www.silentblocks.com\\\/es\\\/producto\\\/silentblocks-para-portamanguetas-traseras-audi-a4-a5-a6-a7-a8-q5-porsche-macan\\\/#primaryimage\",\"url\":\"https:\\\/\\\/www.silentblocks.com\\\/wp-content\\\/uploads\\\/2026\\\/04\\\/silentbloc-FUSEE-ARRIERE-audi-a4-a5.jpg\",\"contentUrl\":\"https:\\\/\\\/www.silentblocks.com\\\/wp-content\\\/uploads\\\/2026\\\/04\\\/silentbloc-FUSEE-ARRIERE-audi-a4-a5.jpg\",\"width\":1500,\"height\":1500},{\"@type\":\"BreadcrumbList\",\"@id\":\"https:\\\/\\\/www.silentblocks.com\\\/es\\\/producto\\\/silentblocks-para-portamanguetas-traseras-audi-a4-a5-a6-a7-a8-q5-porsche-macan\\\/#breadcrumb\",\"itemListElement\":[{\"@type\":\"ListItem\",\"position\":1,\"name\":\"In\u00edcio\",\"item\":\"https:\\\/\\\/www.silentblocks.com\\\/es\\\/\"},{\"@type\":\"ListItem\",\"position\":2,\"name\":\"Page boutique\",\"item\":\"https:\\\/\\\/www.silentblocks.com\\\/es\\\/shop-2\\\/\"},{\"@type\":\"ListItem\",\"position\":3,\"name\":\"Silentblocks para portamanguetas traseras, Audi A4\\\/A5\\\/A6\\\/A7\\\/A8\\\/Q5, Porsche Macan\"}]},{\"@type\":\"WebSite\",\"@id\":\"https:\\\/\\\/www.silentblocks.com\\\/es\\\/#website\",\"url\":\"https:\\\/\\\/www.silentblocks.com\\\/es\\\/\",\"name\":\"SILENTBLOCKS\",\"description\":\"Secure on the road\",\"publisher\":{\"@id\":\"https:\\\/\\\/www.silentblocks.com\\\/es\\\/#organization\"},\"potentialAction\":[{\"@type\":\"SearchAction\",\"target\":{\"@type\":\"EntryPoint\",\"urlTemplate\":\"https:\\\/\\\/www.silentblocks.com\\\/es\\\/?s={search_term_string}\"},\"query-input\":{\"@type\":\"PropertyValueSpecification\",\"valueRequired\":true,\"valueName\":\"search_term_string\"}}],\"inLanguage\":\"es\"},{\"@type\":\"Organization\",\"@id\":\"https:\\\/\\\/www.silentblocks.com\\\/es\\\/#organization\",\"name\":\"SILENTBLOCKS\",\"url\":\"https:\\\/\\\/www.silentblocks.com\\\/es\\\/\",\"logo\":{\"@type\":\"ImageObject\",\"inLanguage\":\"es\",\"@id\":\"https:\\\/\\\/www.silentblocks.com\\\/es\\\/#\\\/schema\\\/logo\\\/image\\\/\",\"url\":\"https:\\\/\\\/www.silentblocks.com\\\/wp-content\\\/uploads\\\/2023\\\/07\\\/logo211-sem-fundo_2012-PARA-BOUTIQUE-EBAY.png\",\"contentUrl\":\"https:\\\/\\\/www.silentblocks.com\\\/wp-content\\\/uploads\\\/2023\\\/07\\\/logo211-sem-fundo_2012-PARA-BOUTIQUE-EBAY.png\",\"width\":300,\"height\":190,\"caption\":\"SILENTBLOCKS\"},\"image\":{\"@id\":\"https:\\\/\\\/www.silentblocks.com\\\/es\\\/#\\\/schema\\\/logo\\\/image\\\/\"}}]}<\/script>\n<!-- \/ Yoast SEO Premium plugin. -->","yoast_head_json":{"title":"Silentblocks para portamanguetas traseras, Audi A4\/A5\/A6\/A7\/A8\/Q5, Porsche Macan - SILENT BLOCKS","description":"Silentblocks para portamanguetas para Porsche Macan, compatibles oem: 95B505431Y, 95B505432Y, 95B505432BY, 95B505431BY","robots":{"index":"index","follow":"follow","max-snippet":"max-snippet:-1","max-image-preview":"max-image-preview:large","max-video-preview":"max-video-preview:-1"},"canonical":"https:\/\/www.silentblocks.com\/es\/producto\/silentblocks-para-portamanguetas-traseras-audi-a4-a5-a6-a7-a8-q5-porsche-macan\/","og_locale":"es_ES","og_type":"article","og_title":"Silentblocks para portamanguetas traseras, Audi A4\/A5\/A6\/A7\/A8\/Q5, Porsche Macan","og_description":"Silentblocks para portamanguetas para Porsche Macan, compatibles oem: 95B505431Y, 95B505432Y, 95B505432BY, 95B505431BY","og_url":"https:\/\/www.silentblocks.com\/es\/producto\/silentblocks-para-portamanguetas-traseras-audi-a4-a5-a6-a7-a8-q5-porsche-macan\/","og_site_name":"SILENT BLOCKS","og_image":[{"width":1500,"height":1500,"url":"https:\/\/www.silentblocks.com\/wp-content\/uploads\/2026\/04\/silentbloc-FUSEE-ARRIERE-audi-a4-a5.jpg","type":"image\/jpeg"}],"twitter_card":"summary_large_image","twitter_misc":{"Tiempo de lectura":"1 minuto"},"schema":{"@context":"https:\/\/schema.org","@graph":[{"@type":"WebPage","@id":"https:\/\/www.silentblocks.com\/es\/producto\/silentblocks-para-portamanguetas-traseras-audi-a4-a5-a6-a7-a8-q5-porsche-macan\/","url":"https:\/\/www.silentblocks.com\/es\/producto\/silentblocks-para-portamanguetas-traseras-audi-a4-a5-a6-a7-a8-q5-porsche-macan\/","name":"Silentblocks para portamanguetas traseras, Audi A4\/A5\/A6\/A7\/A8\/Q5, Porsche Macan - SILENT BLOCKS","isPartOf":{"@id":"https:\/\/www.silentblocks.com\/es\/#website"},"primaryImageOfPage":{"@id":"https:\/\/www.silentblocks.com\/es\/producto\/silentblocks-para-portamanguetas-traseras-audi-a4-a5-a6-a7-a8-q5-porsche-macan\/#primaryimage"},"image":{"@id":"https:\/\/www.silentblocks.com\/es\/producto\/silentblocks-para-portamanguetas-traseras-audi-a4-a5-a6-a7-a8-q5-porsche-macan\/#primaryimage"},"thumbnailUrl":"https:\/\/www.silentblocks.com\/wp-content\/uploads\/2026\/04\/silentbloc-FUSEE-ARRIERE-audi-a4-a5.jpg","datePublished":"2026-04-28T19:46:52+00:00","description":"Silentblocks para portamanguetas para Porsche Macan, compatibles oem: 95B505431Y, 95B505432Y, 95B505432BY, 95B505431BY","breadcrumb":{"@id":"https:\/\/www.silentblocks.com\/es\/producto\/silentblocks-para-portamanguetas-traseras-audi-a4-a5-a6-a7-a8-q5-porsche-macan\/#breadcrumb"},"inLanguage":"es","potentialAction":[{"@type":"ReadAction","target":["https:\/\/www.silentblocks.com\/es\/producto\/silentblocks-para-portamanguetas-traseras-audi-a4-a5-a6-a7-a8-q5-porsche-macan\/"]}]},{"@type":"ImageObject","inLanguage":"es","@id":"https:\/\/www.silentblocks.com\/es\/producto\/silentblocks-para-portamanguetas-traseras-audi-a4-a5-a6-a7-a8-q5-porsche-macan\/#primaryimage","url":"https:\/\/www.silentblocks.com\/wp-content\/uploads\/2026\/04\/silentbloc-FUSEE-ARRIERE-audi-a4-a5.jpg","contentUrl":"https:\/\/www.silentblocks.com\/wp-content\/uploads\/2026\/04\/silentbloc-FUSEE-ARRIERE-audi-a4-a5.jpg","width":1500,"height":1500},{"@type":"BreadcrumbList","@id":"https:\/\/www.silentblocks.com\/es\/producto\/silentblocks-para-portamanguetas-traseras-audi-a4-a5-a6-a7-a8-q5-porsche-macan\/#breadcrumb","itemListElement":[{"@type":"ListItem","position":1,"name":"In\u00edcio","item":"https:\/\/www.silentblocks.com\/es\/"},{"@type":"ListItem","position":2,"name":"Page boutique","item":"https:\/\/www.silentblocks.com\/es\/shop-2\/"},{"@type":"ListItem","position":3,"name":"Silentblocks para portamanguetas traseras, Audi A4\/A5\/A6\/A7\/A8\/Q5, Porsche Macan"}]},{"@type":"WebSite","@id":"https:\/\/www.silentblocks.com\/es\/#website","url":"https:\/\/www.silentblocks.com\/es\/","name":"SILENTBLOCKS","description":"Secure on the road","publisher":{"@id":"https:\/\/www.silentblocks.com\/es\/#organization"},"potentialAction":[{"@type":"SearchAction","target":{"@type":"EntryPoint","urlTemplate":"https:\/\/www.silentblocks.com\/es\/?s={search_term_string}"},"query-input":{"@type":"PropertyValueSpecification","valueRequired":true,"valueName":"search_term_string"}}],"inLanguage":"es"},{"@type":"Organization","@id":"https:\/\/www.silentblocks.com\/es\/#organization","name":"SILENTBLOCKS","url":"https:\/\/www.silentblocks.com\/es\/","logo":{"@type":"ImageObject","inLanguage":"es","@id":"https:\/\/www.silentblocks.com\/es\/#\/schema\/logo\/image\/","url":"https:\/\/www.silentblocks.com\/wp-content\/uploads\/2023\/07\/logo211-sem-fundo_2012-PARA-BOUTIQUE-EBAY.png","contentUrl":"https:\/\/www.silentblocks.com\/wp-content\/uploads\/2023\/07\/logo211-sem-fundo_2012-PARA-BOUTIQUE-EBAY.png","width":300,"height":190,"caption":"SILENTBLOCKS"},"image":{"@id":"https:\/\/www.silentblocks.com\/es\/#\/schema\/logo\/image\/"}}]}},"_links":{"self":[{"href":"https:\/\/www.silentblocks.com\/es\/wp-json\/wp\/v2\/product\/138411","targetHints":{"allow":["GET"]}}],"collection":[{"href":"https:\/\/www.silentblocks.com\/es\/wp-json\/wp\/v2\/product"}],"about":[{"href":"https:\/\/www.silentblocks.com\/es\/wp-json\/wp\/v2\/types\/product"}],"version-history":[{"count":0,"href":"https:\/\/www.silentblocks.com\/es\/wp-json\/wp\/v2\/product\/138411\/revisions"}],"wp:featuredmedia":[{"embeddable":true,"href":"https:\/\/www.silentblocks.com\/es\/wp-json\/wp\/v2\/media\/138408"}],"wp:attachment":[{"href":"https:\/\/www.silentblocks.com\/es\/wp-json\/wp\/v2\/media?parent=138411"}],"wp:term":[{"taxonomy":"product_brand","embeddable":true,"href":"https:\/\/www.silentblocks.com\/es\/wp-json\/wp\/v2\/product_brand?post=138411"},{"taxonomy":"product_cat","embeddable":true,"href":"https:\/\/www.silentblocks.com\/es\/wp-json\/wp\/v2\/product_cat?post=138411"},{"taxonomy":"product_tag","embeddable":true,"href":"https:\/\/www.silentblocks.com\/es\/wp-json\/wp\/v2\/product_tag?post=138411"}],"curies":[{"name":"wp","href":"https:\/\/api.w.org\/{rel}","templated":true}]}}