{"id":138612,"date":"2026-05-01T15:19:16","date_gmt":"2026-05-01T15:19:16","guid":{"rendered":"https:\/\/www.silentblocks.com\/product\/silentblocks-para-brazos-traseros-audi-a4-a5-a6-a8-porsche-macan\/"},"modified":"2026-05-01T15:19:16","modified_gmt":"2026-05-01T15:19:16","slug":"silentblocks-para-brazos-traseros-audi-a4-a5-a6-a8-porsche-macan","status":"publish","type":"product","link":"https:\/\/www.silentblocks.com\/es\/producto\/silentblocks-para-brazos-traseros-audi-a4-a5-a6-a8-porsche-macan\/","title":{"rendered":"Silentblocks para brazos traseros, Audi A4\/A5\/A6\/A8, Porsche Macan"},"content":{"rendered":"<p>Silentblocks en ambos brazos inferiores traseros, de poliuretano, compatibles con los siguientes veh\u00edculos:<br \/>\nAudi A4 B8 Allroad (8KH) (04.2009-05.2016)<br \/>\nAudi A4 B8 Berlina (8K2) (11.2007-12.2015)<br \/>\nAudi A4 B8 Avant (8K5) (11.2007-12.2015)<br \/>\nAudi A5 B8 Coup\u00e9 (8T3) (06.2007-01.2017)<br \/>\nAudi A5 B9 Cabriolet (F57) (11.2016-&#8230;)<br \/>\nAudi A5 B8 Cabriolet (8F7) (03.2009-01.2017)<br \/>\nAudi A5 B8 Sportback (8TA) (09.2009-01.2017)<br \/>\nAudi A6 C7 Berlina (4G2, 4GC) (11.2010-09.2018)<br \/>\nAudi A6 C7 Avant (4G5, 4GD) (05.2011-09.2018)<br \/>\nAudi A6 C7 Allroad (4GH, 4GJ) (01.2012-09.2018)<br \/>\nAudi A7 Sportback (4GA, 4GF) (10.2010-05.2018)<br \/>\nAudi A8 D4 (4H2, 4H8, 4HC, 4HL) (11.2009-01.2018)<br \/>\nAudi Q5 (8RB) (11.2008-12.2017)<br \/>\nPorsche Macan (95B) (02.2014-&#8230;)<\/p>\n<p>Dureza: 75Sha (Dureza normal para el uso diario)<\/p>\n<p>Referencias del fabricante (c\u00f3digo OEM) s\u00f3lo a t\u00edtulo informativo :<br \/>\n8K0505185E, 8K0505171E<\/p>\n<p>Piezas nuevas, se vende con factura. Todos nuestros productos tienen 2 a\u00f1os de garant\u00eda.<\/p>\n","protected":false},"excerpt":{"rendered":"<p>Silentblocks en ambos brazos inferiores traseros, de poliuretano, compatibles con los siguientes veh\u00edculos: Audi A4 B8 Allroad (8KH) (04.2009-05.2016) Audi A4 B8 Berlina (8K2) (11.2007-12.2015) Audi A4 B8 Avant (8K5) (11.2007-12.2015) Audi A5 B8 Coup\u00e9 (8T3) (06.2007-01.2017) Audi A5 B9 Cabriolet (F57) (11.2016-&#8230;) Audi A5 B8 Cabriolet (8F7) (03.2009-01.2017) Audi A5 B8 Sportback (8TA) (09.2009-01.2017) [&hellip;]<\/p>\n","protected":false},"featured_media":138610,"template":"","meta":[],"product_brand":[],"product_cat":[4027,4025,4036,2354,2019],"product_tag":[],"class_list":{"0":"post-138612","1":"product","2":"type-product","3":"status-publish","4":"has-post-thumbnail","6":"product_cat-a4-2007-2015-es","7":"product_cat-a6-c7-es-2","8":"product_cat-a7-sportback-4ga-4gf-es","9":"product_cat-q5","10":"product_cat-macan-2014-es","12":"first","13":"instock","14":"shipping-taxable","15":"purchasable","16":"product-type-simple"},"yoast_head":"<!-- This site is optimized with the Yoast SEO Premium plugin v23.0 (Yoast SEO v27.5) - https:\/\/yoast.com\/product\/yoast-seo-premium-wordpress\/ -->\n<title>Silentblocks para brazos traseros, Audi A4\/A5\/A6\/A8, Porsche Macan - SILENT BLOCKS<\/title>\n<meta name=\"description\" content=\"Silentblocks de brazos traseros de poliuretano para Audi A4\/A5\/A6\/A8, Porsche Macan, compatibles con oem 8K0505185E, 8K0505171E\" \/>\n<meta name=\"robots\" content=\"index, follow, max-snippet:-1, max-image-preview:large, max-video-preview:-1\" \/>\n<link rel=\"canonical\" href=\"https:\/\/www.silentblocks.com\/es\/producto\/silentblocks-para-brazos-traseros-audi-a4-a5-a6-a8-porsche-macan\/\" \/>\n<meta property=\"og:locale\" content=\"es_ES\" \/>\n<meta property=\"og:type\" content=\"article\" \/>\n<meta property=\"og:title\" content=\"Silentblocks para brazos traseros, Audi A4\/A5\/A6\/A8, Porsche Macan\" \/>\n<meta property=\"og:description\" content=\"Silentblocks de brazos traseros de poliuretano para Audi A4\/A5\/A6\/A8, Porsche Macan, compatibles con oem 8K0505185E, 8K0505171E\" \/>\n<meta property=\"og:url\" content=\"https:\/\/www.silentblocks.com\/es\/producto\/silentblocks-para-brazos-traseros-audi-a4-a5-a6-a8-porsche-macan\/\" \/>\n<meta property=\"og:site_name\" content=\"SILENT BLOCKS\" \/>\n<meta property=\"og:image\" content=\"https:\/\/www.silentblocks.com\/wp-content\/uploads\/2026\/05\/silentbloc-polyurethane-bras-inferieur-arriere-Macan.jpg\" \/>\n\t<meta property=\"og:image:width\" content=\"1600\" \/>\n\t<meta property=\"og:image:height\" content=\"1600\" \/>\n\t<meta property=\"og:image:type\" content=\"image\/jpeg\" \/>\n<meta name=\"twitter:card\" content=\"summary_large_image\" \/>\n<meta name=\"twitter:label1\" content=\"Tiempo de lectura\" \/>\n\t<meta name=\"twitter:data1\" content=\"1 minuto\" \/>\n<script type=\"application\/ld+json\" class=\"yoast-schema-graph\">{\"@context\":\"https:\\\/\\\/schema.org\",\"@graph\":[{\"@type\":\"WebPage\",\"@id\":\"https:\\\/\\\/www.silentblocks.com\\\/es\\\/producto\\\/silentblocks-para-brazos-traseros-audi-a4-a5-a6-a8-porsche-macan\\\/\",\"url\":\"https:\\\/\\\/www.silentblocks.com\\\/es\\\/producto\\\/silentblocks-para-brazos-traseros-audi-a4-a5-a6-a8-porsche-macan\\\/\",\"name\":\"Silentblocks para brazos traseros, Audi A4\\\/A5\\\/A6\\\/A8, Porsche Macan - SILENT BLOCKS\",\"isPartOf\":{\"@id\":\"https:\\\/\\\/www.silentblocks.com\\\/es\\\/#website\"},\"primaryImageOfPage\":{\"@id\":\"https:\\\/\\\/www.silentblocks.com\\\/es\\\/producto\\\/silentblocks-para-brazos-traseros-audi-a4-a5-a6-a8-porsche-macan\\\/#primaryimage\"},\"image\":{\"@id\":\"https:\\\/\\\/www.silentblocks.com\\\/es\\\/producto\\\/silentblocks-para-brazos-traseros-audi-a4-a5-a6-a8-porsche-macan\\\/#primaryimage\"},\"thumbnailUrl\":\"https:\\\/\\\/www.silentblocks.com\\\/wp-content\\\/uploads\\\/2026\\\/05\\\/silentbloc-polyurethane-bras-inferieur-arriere-Macan.jpg\",\"datePublished\":\"2026-05-01T15:19:16+00:00\",\"description\":\"Silentblocks de brazos traseros de poliuretano para Audi A4\\\/A5\\\/A6\\\/A8, Porsche Macan, compatibles con oem 8K0505185E, 8K0505171E\",\"breadcrumb\":{\"@id\":\"https:\\\/\\\/www.silentblocks.com\\\/es\\\/producto\\\/silentblocks-para-brazos-traseros-audi-a4-a5-a6-a8-porsche-macan\\\/#breadcrumb\"},\"inLanguage\":\"es\",\"potentialAction\":[{\"@type\":\"ReadAction\",\"target\":[\"https:\\\/\\\/www.silentblocks.com\\\/es\\\/producto\\\/silentblocks-para-brazos-traseros-audi-a4-a5-a6-a8-porsche-macan\\\/\"]}]},{\"@type\":\"ImageObject\",\"inLanguage\":\"es\",\"@id\":\"https:\\\/\\\/www.silentblocks.com\\\/es\\\/producto\\\/silentblocks-para-brazos-traseros-audi-a4-a5-a6-a8-porsche-macan\\\/#primaryimage\",\"url\":\"https:\\\/\\\/www.silentblocks.com\\\/wp-content\\\/uploads\\\/2026\\\/05\\\/silentbloc-polyurethane-bras-inferieur-arriere-Macan.jpg\",\"contentUrl\":\"https:\\\/\\\/www.silentblocks.com\\\/wp-content\\\/uploads\\\/2026\\\/05\\\/silentbloc-polyurethane-bras-inferieur-arriere-Macan.jpg\",\"width\":1600,\"height\":1600},{\"@type\":\"BreadcrumbList\",\"@id\":\"https:\\\/\\\/www.silentblocks.com\\\/es\\\/producto\\\/silentblocks-para-brazos-traseros-audi-a4-a5-a6-a8-porsche-macan\\\/#breadcrumb\",\"itemListElement\":[{\"@type\":\"ListItem\",\"position\":1,\"name\":\"In\u00edcio\",\"item\":\"https:\\\/\\\/www.silentblocks.com\\\/es\\\/\"},{\"@type\":\"ListItem\",\"position\":2,\"name\":\"Page boutique\",\"item\":\"https:\\\/\\\/www.silentblocks.com\\\/es\\\/shop-2\\\/\"},{\"@type\":\"ListItem\",\"position\":3,\"name\":\"Silentblocks para brazos traseros, Audi A4\\\/A5\\\/A6\\\/A8, Porsche Macan\"}]},{\"@type\":\"WebSite\",\"@id\":\"https:\\\/\\\/www.silentblocks.com\\\/es\\\/#website\",\"url\":\"https:\\\/\\\/www.silentblocks.com\\\/es\\\/\",\"name\":\"SILENTBLOCKS\",\"description\":\"Secure on the road\",\"publisher\":{\"@id\":\"https:\\\/\\\/www.silentblocks.com\\\/es\\\/#organization\"},\"potentialAction\":[{\"@type\":\"SearchAction\",\"target\":{\"@type\":\"EntryPoint\",\"urlTemplate\":\"https:\\\/\\\/www.silentblocks.com\\\/es\\\/?s={search_term_string}\"},\"query-input\":{\"@type\":\"PropertyValueSpecification\",\"valueRequired\":true,\"valueName\":\"search_term_string\"}}],\"inLanguage\":\"es\"},{\"@type\":\"Organization\",\"@id\":\"https:\\\/\\\/www.silentblocks.com\\\/es\\\/#organization\",\"name\":\"SILENTBLOCKS\",\"url\":\"https:\\\/\\\/www.silentblocks.com\\\/es\\\/\",\"logo\":{\"@type\":\"ImageObject\",\"inLanguage\":\"es\",\"@id\":\"https:\\\/\\\/www.silentblocks.com\\\/es\\\/#\\\/schema\\\/logo\\\/image\\\/\",\"url\":\"https:\\\/\\\/www.silentblocks.com\\\/wp-content\\\/uploads\\\/2023\\\/07\\\/logo211-sem-fundo_2012-PARA-BOUTIQUE-EBAY.png\",\"contentUrl\":\"https:\\\/\\\/www.silentblocks.com\\\/wp-content\\\/uploads\\\/2023\\\/07\\\/logo211-sem-fundo_2012-PARA-BOUTIQUE-EBAY.png\",\"width\":300,\"height\":190,\"caption\":\"SILENTBLOCKS\"},\"image\":{\"@id\":\"https:\\\/\\\/www.silentblocks.com\\\/es\\\/#\\\/schema\\\/logo\\\/image\\\/\"}}]}<\/script>\n<!-- \/ Yoast SEO Premium plugin. -->","yoast_head_json":{"title":"Silentblocks para brazos traseros, Audi A4\/A5\/A6\/A8, Porsche Macan - SILENT BLOCKS","description":"Silentblocks de brazos traseros de poliuretano para Audi A4\/A5\/A6\/A8, Porsche Macan, compatibles con oem 8K0505185E, 8K0505171E","robots":{"index":"index","follow":"follow","max-snippet":"max-snippet:-1","max-image-preview":"max-image-preview:large","max-video-preview":"max-video-preview:-1"},"canonical":"https:\/\/www.silentblocks.com\/es\/producto\/silentblocks-para-brazos-traseros-audi-a4-a5-a6-a8-porsche-macan\/","og_locale":"es_ES","og_type":"article","og_title":"Silentblocks para brazos traseros, Audi A4\/A5\/A6\/A8, Porsche Macan","og_description":"Silentblocks de brazos traseros de poliuretano para Audi A4\/A5\/A6\/A8, Porsche Macan, compatibles con oem 8K0505185E, 8K0505171E","og_url":"https:\/\/www.silentblocks.com\/es\/producto\/silentblocks-para-brazos-traseros-audi-a4-a5-a6-a8-porsche-macan\/","og_site_name":"SILENT BLOCKS","og_image":[{"width":1600,"height":1600,"url":"https:\/\/www.silentblocks.com\/wp-content\/uploads\/2026\/05\/silentbloc-polyurethane-bras-inferieur-arriere-Macan.jpg","type":"image\/jpeg"}],"twitter_card":"summary_large_image","twitter_misc":{"Tiempo de lectura":"1 minuto"},"schema":{"@context":"https:\/\/schema.org","@graph":[{"@type":"WebPage","@id":"https:\/\/www.silentblocks.com\/es\/producto\/silentblocks-para-brazos-traseros-audi-a4-a5-a6-a8-porsche-macan\/","url":"https:\/\/www.silentblocks.com\/es\/producto\/silentblocks-para-brazos-traseros-audi-a4-a5-a6-a8-porsche-macan\/","name":"Silentblocks para brazos traseros, Audi A4\/A5\/A6\/A8, Porsche Macan - SILENT BLOCKS","isPartOf":{"@id":"https:\/\/www.silentblocks.com\/es\/#website"},"primaryImageOfPage":{"@id":"https:\/\/www.silentblocks.com\/es\/producto\/silentblocks-para-brazos-traseros-audi-a4-a5-a6-a8-porsche-macan\/#primaryimage"},"image":{"@id":"https:\/\/www.silentblocks.com\/es\/producto\/silentblocks-para-brazos-traseros-audi-a4-a5-a6-a8-porsche-macan\/#primaryimage"},"thumbnailUrl":"https:\/\/www.silentblocks.com\/wp-content\/uploads\/2026\/05\/silentbloc-polyurethane-bras-inferieur-arriere-Macan.jpg","datePublished":"2026-05-01T15:19:16+00:00","description":"Silentblocks de brazos traseros de poliuretano para Audi A4\/A5\/A6\/A8, Porsche Macan, compatibles con oem 8K0505185E, 8K0505171E","breadcrumb":{"@id":"https:\/\/www.silentblocks.com\/es\/producto\/silentblocks-para-brazos-traseros-audi-a4-a5-a6-a8-porsche-macan\/#breadcrumb"},"inLanguage":"es","potentialAction":[{"@type":"ReadAction","target":["https:\/\/www.silentblocks.com\/es\/producto\/silentblocks-para-brazos-traseros-audi-a4-a5-a6-a8-porsche-macan\/"]}]},{"@type":"ImageObject","inLanguage":"es","@id":"https:\/\/www.silentblocks.com\/es\/producto\/silentblocks-para-brazos-traseros-audi-a4-a5-a6-a8-porsche-macan\/#primaryimage","url":"https:\/\/www.silentblocks.com\/wp-content\/uploads\/2026\/05\/silentbloc-polyurethane-bras-inferieur-arriere-Macan.jpg","contentUrl":"https:\/\/www.silentblocks.com\/wp-content\/uploads\/2026\/05\/silentbloc-polyurethane-bras-inferieur-arriere-Macan.jpg","width":1600,"height":1600},{"@type":"BreadcrumbList","@id":"https:\/\/www.silentblocks.com\/es\/producto\/silentblocks-para-brazos-traseros-audi-a4-a5-a6-a8-porsche-macan\/#breadcrumb","itemListElement":[{"@type":"ListItem","position":1,"name":"In\u00edcio","item":"https:\/\/www.silentblocks.com\/es\/"},{"@type":"ListItem","position":2,"name":"Page boutique","item":"https:\/\/www.silentblocks.com\/es\/shop-2\/"},{"@type":"ListItem","position":3,"name":"Silentblocks para brazos traseros, Audi A4\/A5\/A6\/A8, Porsche Macan"}]},{"@type":"WebSite","@id":"https:\/\/www.silentblocks.com\/es\/#website","url":"https:\/\/www.silentblocks.com\/es\/","name":"SILENTBLOCKS","description":"Secure on the road","publisher":{"@id":"https:\/\/www.silentblocks.com\/es\/#organization"},"potentialAction":[{"@type":"SearchAction","target":{"@type":"EntryPoint","urlTemplate":"https:\/\/www.silentblocks.com\/es\/?s={search_term_string}"},"query-input":{"@type":"PropertyValueSpecification","valueRequired":true,"valueName":"search_term_string"}}],"inLanguage":"es"},{"@type":"Organization","@id":"https:\/\/www.silentblocks.com\/es\/#organization","name":"SILENTBLOCKS","url":"https:\/\/www.silentblocks.com\/es\/","logo":{"@type":"ImageObject","inLanguage":"es","@id":"https:\/\/www.silentblocks.com\/es\/#\/schema\/logo\/image\/","url":"https:\/\/www.silentblocks.com\/wp-content\/uploads\/2023\/07\/logo211-sem-fundo_2012-PARA-BOUTIQUE-EBAY.png","contentUrl":"https:\/\/www.silentblocks.com\/wp-content\/uploads\/2023\/07\/logo211-sem-fundo_2012-PARA-BOUTIQUE-EBAY.png","width":300,"height":190,"caption":"SILENTBLOCKS"},"image":{"@id":"https:\/\/www.silentblocks.com\/es\/#\/schema\/logo\/image\/"}}]}},"_links":{"self":[{"href":"https:\/\/www.silentblocks.com\/es\/wp-json\/wp\/v2\/product\/138612","targetHints":{"allow":["GET"]}}],"collection":[{"href":"https:\/\/www.silentblocks.com\/es\/wp-json\/wp\/v2\/product"}],"about":[{"href":"https:\/\/www.silentblocks.com\/es\/wp-json\/wp\/v2\/types\/product"}],"version-history":[{"count":0,"href":"https:\/\/www.silentblocks.com\/es\/wp-json\/wp\/v2\/product\/138612\/revisions"}],"wp:featuredmedia":[{"embeddable":true,"href":"https:\/\/www.silentblocks.com\/es\/wp-json\/wp\/v2\/media\/138610"}],"wp:attachment":[{"href":"https:\/\/www.silentblocks.com\/es\/wp-json\/wp\/v2\/media?parent=138612"}],"wp:term":[{"taxonomy":"product_brand","embeddable":true,"href":"https:\/\/www.silentblocks.com\/es\/wp-json\/wp\/v2\/product_brand?post=138612"},{"taxonomy":"product_cat","embeddable":true,"href":"https:\/\/www.silentblocks.com\/es\/wp-json\/wp\/v2\/product_cat?post=138612"},{"taxonomy":"product_tag","embeddable":true,"href":"https:\/\/www.silentblocks.com\/es\/wp-json\/wp\/v2\/product_tag?post=138612"}],"curies":[{"name":"wp","href":"https:\/\/api.w.org\/{rel}","templated":true}]}}