{"id":138844,"date":"2026-05-06T11:34:54","date_gmt":"2026-05-06T11:34:54","guid":{"rendered":"https:\/\/www.silentblocks.com\/product\/soporte-motor-derecho-peugeot-406-407-807-expert-citroen-c5-jumpy\/"},"modified":"2026-05-06T11:34:54","modified_gmt":"2026-05-06T11:34:54","slug":"soporte-motor-derecho-peugeot-406-407-807-expert-citroen-c5-jumpy","status":"publish","type":"product","link":"https:\/\/www.silentblocks.com\/es\/producto\/soporte-motor-derecho-peugeot-406-407-807-expert-citroen-c5-jumpy\/","title":{"rendered":"Soporte motor derecho, Peugeot 406\/407\/807\/Expert, Citroen C5, Jumpy"},"content":{"rendered":"<p>Soporte de motor derecho, compatible con los siguientes veh\u00edculos:<br \/>\nPeugeot 406 (8B) 2.0 HDI 90\/110<br \/>\nPeugeot 406 (8B) 2.2 HDi<br \/>\nPeugeot 406 familiar (8E\/F) 2.0 HDi 90\/110<br \/>\nPeugeot 406 familiar (8E\/F) 2.2 HDI<br \/>\nPeugeot 406 Coup\u00e9 (8C) 2.2 HDI<br \/>\nPeugeot 407 (6D_) 1.6 HDi 110<br \/>\nPeugeot 407 (6D_) 2.0 HDi 135<br \/>\nPeugeot 407 Coup\u00e9 (6C_) 2.0 HDi<br \/>\nPeugeot 407 SW (6E_) 1.6 HDi 110<br \/>\nPeugeot 407 SW (6E_) 2.0 HDi<br \/>\nPeugeot 807 (E) 2.0 HDi<br \/>\nPeugeot 807 (E) 2.2 HDi<br \/>\nPeugeot Expert Box (VF3A_, VF3U_, VF3X_) 1.6 HDi 90<br \/>\nPeugeot Expert Box (VF3A_, VF3U_, VF3X_) 2.0 HDi 120\/140\/165<br \/>\nPeugeot Expert Plataforma\/chasis 1.6 HDi 90<br \/>\nPlataforma\/chasis Peugeot Expert 2.0 HDi 120\/140<br \/>\nPeugeot Expert Tepee (VF3V_) 1.6 HDi 90<br \/>\nPeugeot Expert Tepee (VF3V_) 2.0 HDi 120\/140\/165<br \/>\nPeugeot Expert Tepee (VF3V_) 2.0 HDi 120 4&#215;4<\/p>\n<p>Citro\u00ebn C5 (DC_) 2.0 HDi (DCRHYB, DCRHZB, DCRHZE)<br \/>\nCitro\u00ebn C5 (DC_) 2.2 HDi (DC4HXB, DC4HXE)<br \/>\nCitro\u00ebn C5 (RC_) 1.6 HDi (RC8HZB)<br \/>\nCitro\u00ebn C5 (RC_) 2.0 HDi (RCRHRH)<br \/>\nCitro\u00ebn C5 (RC_) 2.2 HDi (RC4HXE)<br \/>\nCitro\u00ebn C5 (RD_) 1.6 HDi 110<br \/>\nCitro\u00ebn C5 (RD_) 2.0 HDi 140\/165<br \/>\nCitro\u00ebn C5 (RD_) 2.2 HDi<br \/>\nCitro\u00ebn C5 (RD_) 2.2 HDi 200<br \/>\nCitro\u00ebn C5 Estate (DE_) 2.0 HDi (DERHSB, DERHSE)<br \/>\nCitro\u00ebn C5 Estate (DE_) 2.0 HDi (DERHYB)<br \/>\nCitro\u00ebn C5 Estate (DE_) 2.2 HDi (DE4HXB, DE4HXE)<br \/>\nCitro\u00ebn C5 Estate (RE_) 1.6 HDi (RE8HZB)<br \/>\nCitro\u00ebn C5 Estate (RE_) 2.0 HDi (RERHRH)<br \/>\nCitro\u00ebn C5 Estate (RE_) 2.2 HDi (RE4HXE)<br \/>\nCitro\u00ebn C5 Estate (TD_) 1.6 HDi 110<br \/>\nCitro\u00ebn C5 Estate (TD_) 2.0 HDi 140\/160<br \/>\nCitro\u00ebn C5 Estate (TD_) 2.2 HDi 200<br \/>\nCitro\u00ebn Jumpy 1.6 HDi 90<br \/>\nCitro\u00ebn Jumpy 2.0 HDi 120\/140\/165<\/p>\n<p>Referencias del fabricante (c\u00f3digo OEM) s\u00f3lo a t\u00edtulo informativo :<br \/>\n1806.28, 9631575180, 9641884980<\/p>\n<p>Piezas nuevas, se vende con factura. Todos nuestros productos tienen 2 a\u00f1os de garant\u00eda.<\/p>\n","protected":false},"excerpt":{"rendered":"<p>Soporte de motor derecho, compatible con los siguientes veh\u00edculos: Peugeot 406 (8B) 2.0 HDI 90\/110 Peugeot 406 (8B) 2.2 HDi Peugeot 406 familiar (8E\/F) 2.0 HDi 90\/110 Peugeot 406 familiar (8E\/F) 2.2 HDI Peugeot 406 Coup\u00e9 (8C) 2.2 HDI Peugeot 407 (6D_) 1.6 HDi 110 Peugeot 407 (6D_) 2.0 HDi 135 Peugeot 407 Coup\u00e9 (6C_) [&hellip;]<\/p>\n","protected":false},"featured_media":138842,"template":"","meta":[],"product_brand":[],"product_cat":[2026,2468,3326,2027,2012,3357],"product_tag":[],"class_list":{"0":"post-138844","1":"product","2":"type-product","3":"status-publish","4":"has-post-thumbnail","6":"product_cat-c5-es","7":"product_cat-jumpy-2007-es","8":"product_cat-406-es","9":"product_cat-407-es","10":"product_cat-807-es","11":"product_cat-expert-2007-es","13":"first","14":"instock","15":"shipping-taxable","16":"purchasable","17":"product-type-simple"},"yoast_head":"<!-- This site is optimized with the Yoast SEO Premium plugin v23.0 (Yoast SEO v27.5) - https:\/\/yoast.com\/product\/yoast-seo-premium-wordpress\/ -->\n<title>Soporte motor derecho, Peugeot 406\/407\/807\/Expert, Citroen C5, Jumpy - SILENT BLOCKS<\/title>\n<meta name=\"description\" content=\"Soporte de motor recto para Peugeot 406\/407\/807\/Expert, Citroen C5, Jumpy, compatible con oem 1806.28, 9631575180, 9641884980\" \/>\n<meta name=\"robots\" content=\"index, follow, max-snippet:-1, max-image-preview:large, max-video-preview:-1\" \/>\n<link rel=\"canonical\" href=\"https:\/\/www.silentblocks.com\/es\/producto\/soporte-motor-derecho-peugeot-406-407-807-expert-citroen-c5-jumpy\/\" \/>\n<meta property=\"og:locale\" content=\"es_ES\" \/>\n<meta property=\"og:type\" content=\"article\" \/>\n<meta property=\"og:title\" content=\"Soporte motor derecho, Peugeot 406\/407\/807\/Expert, Citroen C5, Jumpy\" \/>\n<meta property=\"og:description\" content=\"Soporte de motor recto para Peugeot 406\/407\/807\/Expert, Citroen C5, Jumpy, compatible con oem 1806.28, 9631575180, 9641884980\" \/>\n<meta property=\"og:url\" content=\"https:\/\/www.silentblocks.com\/es\/producto\/soporte-motor-derecho-peugeot-406-407-807-expert-citroen-c5-jumpy\/\" \/>\n<meta property=\"og:site_name\" content=\"SILENT BLOCKS\" \/>\n<meta property=\"og:image\" content=\"https:\/\/www.silentblocks.com\/wp-content\/uploads\/2026\/05\/support-moteur-peugeot-expert.jpg\" \/>\n\t<meta property=\"og:image:width\" content=\"1600\" \/>\n\t<meta property=\"og:image:height\" content=\"1600\" \/>\n\t<meta property=\"og:image:type\" content=\"image\/jpeg\" \/>\n<meta name=\"twitter:card\" content=\"summary_large_image\" \/>\n<meta name=\"twitter:label1\" content=\"Tiempo de lectura\" \/>\n\t<meta name=\"twitter:data1\" content=\"1 minuto\" \/>\n<script type=\"application\/ld+json\" class=\"yoast-schema-graph\">{\"@context\":\"https:\\\/\\\/schema.org\",\"@graph\":[{\"@type\":\"WebPage\",\"@id\":\"https:\\\/\\\/www.silentblocks.com\\\/es\\\/producto\\\/soporte-motor-derecho-peugeot-406-407-807-expert-citroen-c5-jumpy\\\/\",\"url\":\"https:\\\/\\\/www.silentblocks.com\\\/es\\\/producto\\\/soporte-motor-derecho-peugeot-406-407-807-expert-citroen-c5-jumpy\\\/\",\"name\":\"Soporte motor derecho, Peugeot 406\\\/407\\\/807\\\/Expert, Citroen C5, Jumpy - SILENT BLOCKS\",\"isPartOf\":{\"@id\":\"https:\\\/\\\/www.silentblocks.com\\\/es\\\/#website\"},\"primaryImageOfPage\":{\"@id\":\"https:\\\/\\\/www.silentblocks.com\\\/es\\\/producto\\\/soporte-motor-derecho-peugeot-406-407-807-expert-citroen-c5-jumpy\\\/#primaryimage\"},\"image\":{\"@id\":\"https:\\\/\\\/www.silentblocks.com\\\/es\\\/producto\\\/soporte-motor-derecho-peugeot-406-407-807-expert-citroen-c5-jumpy\\\/#primaryimage\"},\"thumbnailUrl\":\"https:\\\/\\\/www.silentblocks.com\\\/wp-content\\\/uploads\\\/2026\\\/05\\\/support-moteur-peugeot-expert.jpg\",\"datePublished\":\"2026-05-06T11:34:54+00:00\",\"description\":\"Soporte de motor recto para Peugeot 406\\\/407\\\/807\\\/Expert, Citroen C5, Jumpy, compatible con oem 1806.28, 9631575180, 9641884980\",\"breadcrumb\":{\"@id\":\"https:\\\/\\\/www.silentblocks.com\\\/es\\\/producto\\\/soporte-motor-derecho-peugeot-406-407-807-expert-citroen-c5-jumpy\\\/#breadcrumb\"},\"inLanguage\":\"es\",\"potentialAction\":[{\"@type\":\"ReadAction\",\"target\":[\"https:\\\/\\\/www.silentblocks.com\\\/es\\\/producto\\\/soporte-motor-derecho-peugeot-406-407-807-expert-citroen-c5-jumpy\\\/\"]}]},{\"@type\":\"ImageObject\",\"inLanguage\":\"es\",\"@id\":\"https:\\\/\\\/www.silentblocks.com\\\/es\\\/producto\\\/soporte-motor-derecho-peugeot-406-407-807-expert-citroen-c5-jumpy\\\/#primaryimage\",\"url\":\"https:\\\/\\\/www.silentblocks.com\\\/wp-content\\\/uploads\\\/2026\\\/05\\\/support-moteur-peugeot-expert.jpg\",\"contentUrl\":\"https:\\\/\\\/www.silentblocks.com\\\/wp-content\\\/uploads\\\/2026\\\/05\\\/support-moteur-peugeot-expert.jpg\",\"width\":1600,\"height\":1600},{\"@type\":\"BreadcrumbList\",\"@id\":\"https:\\\/\\\/www.silentblocks.com\\\/es\\\/producto\\\/soporte-motor-derecho-peugeot-406-407-807-expert-citroen-c5-jumpy\\\/#breadcrumb\",\"itemListElement\":[{\"@type\":\"ListItem\",\"position\":1,\"name\":\"In\u00edcio\",\"item\":\"https:\\\/\\\/www.silentblocks.com\\\/es\\\/\"},{\"@type\":\"ListItem\",\"position\":2,\"name\":\"Page boutique\",\"item\":\"https:\\\/\\\/www.silentblocks.com\\\/es\\\/shop-2\\\/\"},{\"@type\":\"ListItem\",\"position\":3,\"name\":\"Soporte motor derecho, Peugeot 406\\\/407\\\/807\\\/Expert, Citroen C5, Jumpy\"}]},{\"@type\":\"WebSite\",\"@id\":\"https:\\\/\\\/www.silentblocks.com\\\/es\\\/#website\",\"url\":\"https:\\\/\\\/www.silentblocks.com\\\/es\\\/\",\"name\":\"SILENTBLOCKS\",\"description\":\"Secure on the road\",\"publisher\":{\"@id\":\"https:\\\/\\\/www.silentblocks.com\\\/es\\\/#organization\"},\"potentialAction\":[{\"@type\":\"SearchAction\",\"target\":{\"@type\":\"EntryPoint\",\"urlTemplate\":\"https:\\\/\\\/www.silentblocks.com\\\/es\\\/?s={search_term_string}\"},\"query-input\":{\"@type\":\"PropertyValueSpecification\",\"valueRequired\":true,\"valueName\":\"search_term_string\"}}],\"inLanguage\":\"es\"},{\"@type\":\"Organization\",\"@id\":\"https:\\\/\\\/www.silentblocks.com\\\/es\\\/#organization\",\"name\":\"SILENTBLOCKS\",\"url\":\"https:\\\/\\\/www.silentblocks.com\\\/es\\\/\",\"logo\":{\"@type\":\"ImageObject\",\"inLanguage\":\"es\",\"@id\":\"https:\\\/\\\/www.silentblocks.com\\\/es\\\/#\\\/schema\\\/logo\\\/image\\\/\",\"url\":\"https:\\\/\\\/www.silentblocks.com\\\/wp-content\\\/uploads\\\/2023\\\/07\\\/logo211-sem-fundo_2012-PARA-BOUTIQUE-EBAY.png\",\"contentUrl\":\"https:\\\/\\\/www.silentblocks.com\\\/wp-content\\\/uploads\\\/2023\\\/07\\\/logo211-sem-fundo_2012-PARA-BOUTIQUE-EBAY.png\",\"width\":300,\"height\":190,\"caption\":\"SILENTBLOCKS\"},\"image\":{\"@id\":\"https:\\\/\\\/www.silentblocks.com\\\/es\\\/#\\\/schema\\\/logo\\\/image\\\/\"}}]}<\/script>\n<!-- \/ Yoast SEO Premium plugin. -->","yoast_head_json":{"title":"Soporte motor derecho, Peugeot 406\/407\/807\/Expert, Citroen C5, Jumpy - SILENT BLOCKS","description":"Soporte de motor recto para Peugeot 406\/407\/807\/Expert, Citroen C5, Jumpy, compatible con oem 1806.28, 9631575180, 9641884980","robots":{"index":"index","follow":"follow","max-snippet":"max-snippet:-1","max-image-preview":"max-image-preview:large","max-video-preview":"max-video-preview:-1"},"canonical":"https:\/\/www.silentblocks.com\/es\/producto\/soporte-motor-derecho-peugeot-406-407-807-expert-citroen-c5-jumpy\/","og_locale":"es_ES","og_type":"article","og_title":"Soporte motor derecho, Peugeot 406\/407\/807\/Expert, Citroen C5, Jumpy","og_description":"Soporte de motor recto para Peugeot 406\/407\/807\/Expert, Citroen C5, Jumpy, compatible con oem 1806.28, 9631575180, 9641884980","og_url":"https:\/\/www.silentblocks.com\/es\/producto\/soporte-motor-derecho-peugeot-406-407-807-expert-citroen-c5-jumpy\/","og_site_name":"SILENT BLOCKS","og_image":[{"width":1600,"height":1600,"url":"https:\/\/www.silentblocks.com\/wp-content\/uploads\/2026\/05\/support-moteur-peugeot-expert.jpg","type":"image\/jpeg"}],"twitter_card":"summary_large_image","twitter_misc":{"Tiempo de lectura":"1 minuto"},"schema":{"@context":"https:\/\/schema.org","@graph":[{"@type":"WebPage","@id":"https:\/\/www.silentblocks.com\/es\/producto\/soporte-motor-derecho-peugeot-406-407-807-expert-citroen-c5-jumpy\/","url":"https:\/\/www.silentblocks.com\/es\/producto\/soporte-motor-derecho-peugeot-406-407-807-expert-citroen-c5-jumpy\/","name":"Soporte motor derecho, Peugeot 406\/407\/807\/Expert, Citroen C5, Jumpy - SILENT BLOCKS","isPartOf":{"@id":"https:\/\/www.silentblocks.com\/es\/#website"},"primaryImageOfPage":{"@id":"https:\/\/www.silentblocks.com\/es\/producto\/soporte-motor-derecho-peugeot-406-407-807-expert-citroen-c5-jumpy\/#primaryimage"},"image":{"@id":"https:\/\/www.silentblocks.com\/es\/producto\/soporte-motor-derecho-peugeot-406-407-807-expert-citroen-c5-jumpy\/#primaryimage"},"thumbnailUrl":"https:\/\/www.silentblocks.com\/wp-content\/uploads\/2026\/05\/support-moteur-peugeot-expert.jpg","datePublished":"2026-05-06T11:34:54+00:00","description":"Soporte de motor recto para Peugeot 406\/407\/807\/Expert, Citroen C5, Jumpy, compatible con oem 1806.28, 9631575180, 9641884980","breadcrumb":{"@id":"https:\/\/www.silentblocks.com\/es\/producto\/soporte-motor-derecho-peugeot-406-407-807-expert-citroen-c5-jumpy\/#breadcrumb"},"inLanguage":"es","potentialAction":[{"@type":"ReadAction","target":["https:\/\/www.silentblocks.com\/es\/producto\/soporte-motor-derecho-peugeot-406-407-807-expert-citroen-c5-jumpy\/"]}]},{"@type":"ImageObject","inLanguage":"es","@id":"https:\/\/www.silentblocks.com\/es\/producto\/soporte-motor-derecho-peugeot-406-407-807-expert-citroen-c5-jumpy\/#primaryimage","url":"https:\/\/www.silentblocks.com\/wp-content\/uploads\/2026\/05\/support-moteur-peugeot-expert.jpg","contentUrl":"https:\/\/www.silentblocks.com\/wp-content\/uploads\/2026\/05\/support-moteur-peugeot-expert.jpg","width":1600,"height":1600},{"@type":"BreadcrumbList","@id":"https:\/\/www.silentblocks.com\/es\/producto\/soporte-motor-derecho-peugeot-406-407-807-expert-citroen-c5-jumpy\/#breadcrumb","itemListElement":[{"@type":"ListItem","position":1,"name":"In\u00edcio","item":"https:\/\/www.silentblocks.com\/es\/"},{"@type":"ListItem","position":2,"name":"Page boutique","item":"https:\/\/www.silentblocks.com\/es\/shop-2\/"},{"@type":"ListItem","position":3,"name":"Soporte motor derecho, Peugeot 406\/407\/807\/Expert, Citroen C5, Jumpy"}]},{"@type":"WebSite","@id":"https:\/\/www.silentblocks.com\/es\/#website","url":"https:\/\/www.silentblocks.com\/es\/","name":"SILENTBLOCKS","description":"Secure on the road","publisher":{"@id":"https:\/\/www.silentblocks.com\/es\/#organization"},"potentialAction":[{"@type":"SearchAction","target":{"@type":"EntryPoint","urlTemplate":"https:\/\/www.silentblocks.com\/es\/?s={search_term_string}"},"query-input":{"@type":"PropertyValueSpecification","valueRequired":true,"valueName":"search_term_string"}}],"inLanguage":"es"},{"@type":"Organization","@id":"https:\/\/www.silentblocks.com\/es\/#organization","name":"SILENTBLOCKS","url":"https:\/\/www.silentblocks.com\/es\/","logo":{"@type":"ImageObject","inLanguage":"es","@id":"https:\/\/www.silentblocks.com\/es\/#\/schema\/logo\/image\/","url":"https:\/\/www.silentblocks.com\/wp-content\/uploads\/2023\/07\/logo211-sem-fundo_2012-PARA-BOUTIQUE-EBAY.png","contentUrl":"https:\/\/www.silentblocks.com\/wp-content\/uploads\/2023\/07\/logo211-sem-fundo_2012-PARA-BOUTIQUE-EBAY.png","width":300,"height":190,"caption":"SILENTBLOCKS"},"image":{"@id":"https:\/\/www.silentblocks.com\/es\/#\/schema\/logo\/image\/"}}]}},"_links":{"self":[{"href":"https:\/\/www.silentblocks.com\/es\/wp-json\/wp\/v2\/product\/138844","targetHints":{"allow":["GET"]}}],"collection":[{"href":"https:\/\/www.silentblocks.com\/es\/wp-json\/wp\/v2\/product"}],"about":[{"href":"https:\/\/www.silentblocks.com\/es\/wp-json\/wp\/v2\/types\/product"}],"version-history":[{"count":0,"href":"https:\/\/www.silentblocks.com\/es\/wp-json\/wp\/v2\/product\/138844\/revisions"}],"wp:featuredmedia":[{"embeddable":true,"href":"https:\/\/www.silentblocks.com\/es\/wp-json\/wp\/v2\/media\/138842"}],"wp:attachment":[{"href":"https:\/\/www.silentblocks.com\/es\/wp-json\/wp\/v2\/media?parent=138844"}],"wp:term":[{"taxonomy":"product_brand","embeddable":true,"href":"https:\/\/www.silentblocks.com\/es\/wp-json\/wp\/v2\/product_brand?post=138844"},{"taxonomy":"product_cat","embeddable":true,"href":"https:\/\/www.silentblocks.com\/es\/wp-json\/wp\/v2\/product_cat?post=138844"},{"taxonomy":"product_tag","embeddable":true,"href":"https:\/\/www.silentblocks.com\/es\/wp-json\/wp\/v2\/product_tag?post=138844"}],"curies":[{"name":"wp","href":"https:\/\/api.w.org\/{rel}","templated":true}]}}