{"id":139361,"date":"2026-05-15T19:25:51","date_gmt":"2026-05-15T19:25:51","guid":{"rendered":"https:\/\/www.silentblocks.com\/product\/buje-palanca-de-cambios-bmw-serie-3-e30-serie-5-e28-e34-serie-6-e24-serie-7-e32-z1\/"},"modified":"2026-05-15T19:25:51","modified_gmt":"2026-05-15T19:25:51","slug":"buje-palanca-de-cambios-bmw-serie-3-e30-serie-5-e28-e34-serie-6-e24-serie-7-e32-z1","status":"publish","type":"product","link":"https:\/\/www.silentblocks.com\/es\/producto\/buje-palanca-de-cambios-bmw-serie-3-e30-serie-5-e28-e34-serie-6-e24-serie-7-e32-z1\/","title":{"rendered":"Buje palanca de cambios, BMW Serie 3 E30, Serie 5 E28\/E34, Serie 6 E24, Serie 7 E32, Z1"},"content":{"rendered":"<p>Buje palanca de cambios, de poliuretano, compatible con los siguientes veh\u00edculos:<br \/>\nBMW Serie 3 II (1982-1991) E30<br \/>\nBMW Serie 5 II (1981-1988) E28<br \/>\nBMW Serie 5 III (1988-1996) E34<br \/>\nBMW Serie 6 I (1982-1989) E24<br \/>\nBMW Serie 7 II (1986-1994) E32<br \/>\nBMW Z1 (1989-1991) E30\/Z<\/p>\n<p>Dureza: 80Sha<\/p>\n<p>Para instalar el anillo tienes que quitar\/quemar el antiguo anillo de goma.<\/p>\n<p>Referencias del fabricante (c\u00f3digo OEM) s\u00f3lo a t\u00edtulo informativo :<br \/>\n25111220556, 25111220707<\/p>\n<p>Piezas nuevas, se vende con factura. Todos nuestros productos tienen 2 a\u00f1os de garant\u00eda.<\/p>\n","protected":false},"excerpt":{"rendered":"<p>Buje palanca de cambios, de poliuretano, compatible con los siguientes veh\u00edculos: BMW Serie 3 II (1982-1991) E30 BMW Serie 5 II (1981-1988) E28 BMW Serie 5 III (1988-1996) E34 BMW Serie 6 I (1982-1989) E24 BMW Serie 7 II (1986-1994) E32 BMW Z1 (1989-1991) E30\/Z Dureza: 80Sha Para instalar el anillo tienes que quitar\/quemar el [&hellip;]<\/p>\n","protected":false},"featured_media":139359,"template":"","meta":[],"product_brand":[],"product_cat":[1890,6067,1894,5496,1896,6504],"product_tag":[],"class_list":{"0":"post-139361","1":"product","2":"type-product","3":"status-publish","4":"has-post-thumbnail","6":"product_cat-serie-3-e30-es","7":"product_cat-serie-5-e28-1982-1988","8":"product_cat-serie-5-e34-es","9":"product_cat-serie-6-e24-es","10":"product_cat-serie-7-e32-1986-1994-es","11":"product_cat-z1","13":"first","14":"instock","15":"shipping-taxable","16":"purchasable","17":"product-type-simple"},"yoast_head":"<!-- This site is optimized with the Yoast SEO Premium plugin v23.0 (Yoast SEO v27.6) - https:\/\/yoast.com\/product\/yoast-seo-premium-wordpress\/ -->\n<title>Buje palanca de cambios, BMW Serie 3 E30, Serie 5 E28\/E34, Serie 6 E24, Serie 7 E32, Z1 - SILENT BLOCKS<\/title>\n<meta name=\"description\" content=\"Buje palanca de cambios para BMW Serie 3 E30, Serie 5 E28\/E34, Serie 6 E24, Serie 7 E32, Z1, compatible oem 25111220556, 25111220707\" \/>\n<meta name=\"robots\" content=\"index, follow, max-snippet:-1, max-image-preview:large, max-video-preview:-1\" \/>\n<link rel=\"canonical\" href=\"https:\/\/www.silentblocks.com\/es\/producto\/buje-palanca-de-cambios-bmw-serie-3-e30-serie-5-e28-e34-serie-6-e24-serie-7-e32-z1\/\" \/>\n<meta property=\"og:locale\" content=\"es_ES\" \/>\n<meta property=\"og:type\" content=\"article\" \/>\n<meta property=\"og:title\" content=\"Buje palanca de cambios, BMW Serie 3 E30, Serie 5 E28\/E34, Serie 6 E24, Serie 7 E32, Z1\" \/>\n<meta property=\"og:description\" content=\"Buje palanca de cambios para BMW Serie 3 E30, Serie 5 E28\/E34, Serie 6 E24, Serie 7 E32, Z1, compatible oem 25111220556, 25111220707\" \/>\n<meta property=\"og:url\" content=\"https:\/\/www.silentblocks.com\/es\/producto\/buje-palanca-de-cambios-bmw-serie-3-e30-serie-5-e28-e34-serie-6-e24-serie-7-e32-z1\/\" \/>\n<meta property=\"og:site_name\" content=\"SILENT BLOCKS\" \/>\n<meta property=\"og:image\" content=\"https:\/\/www.silentblocks.com\/wp-content\/uploads\/2026\/05\/silentbloc-levier-vitesse-BMW-Serie-5-E28-E34.jpg\" \/>\n\t<meta property=\"og:image:width\" content=\"1600\" \/>\n\t<meta property=\"og:image:height\" content=\"1600\" \/>\n\t<meta property=\"og:image:type\" content=\"image\/jpeg\" \/>\n<meta name=\"twitter:card\" content=\"summary_large_image\" \/>\n<script type=\"application\/ld+json\" class=\"yoast-schema-graph\">{\"@context\":\"https:\\\/\\\/schema.org\",\"@graph\":[{\"@type\":\"WebPage\",\"@id\":\"https:\\\/\\\/www.silentblocks.com\\\/es\\\/producto\\\/buje-palanca-de-cambios-bmw-serie-3-e30-serie-5-e28-e34-serie-6-e24-serie-7-e32-z1\\\/\",\"url\":\"https:\\\/\\\/www.silentblocks.com\\\/es\\\/producto\\\/buje-palanca-de-cambios-bmw-serie-3-e30-serie-5-e28-e34-serie-6-e24-serie-7-e32-z1\\\/\",\"name\":\"Buje palanca de cambios, BMW Serie 3 E30, Serie 5 E28\\\/E34, Serie 6 E24, Serie 7 E32, Z1 - SILENT BLOCKS\",\"isPartOf\":{\"@id\":\"https:\\\/\\\/www.silentblocks.com\\\/es\\\/#website\"},\"primaryImageOfPage\":{\"@id\":\"https:\\\/\\\/www.silentblocks.com\\\/es\\\/producto\\\/buje-palanca-de-cambios-bmw-serie-3-e30-serie-5-e28-e34-serie-6-e24-serie-7-e32-z1\\\/#primaryimage\"},\"image\":{\"@id\":\"https:\\\/\\\/www.silentblocks.com\\\/es\\\/producto\\\/buje-palanca-de-cambios-bmw-serie-3-e30-serie-5-e28-e34-serie-6-e24-serie-7-e32-z1\\\/#primaryimage\"},\"thumbnailUrl\":\"https:\\\/\\\/www.silentblocks.com\\\/wp-content\\\/uploads\\\/2026\\\/05\\\/silentbloc-levier-vitesse-BMW-Serie-5-E28-E34.jpg\",\"datePublished\":\"2026-05-15T19:25:51+00:00\",\"description\":\"Buje palanca de cambios para BMW Serie 3 E30, Serie 5 E28\\\/E34, Serie 6 E24, Serie 7 E32, Z1, compatible oem 25111220556, 25111220707\",\"breadcrumb\":{\"@id\":\"https:\\\/\\\/www.silentblocks.com\\\/es\\\/producto\\\/buje-palanca-de-cambios-bmw-serie-3-e30-serie-5-e28-e34-serie-6-e24-serie-7-e32-z1\\\/#breadcrumb\"},\"inLanguage\":\"es\",\"potentialAction\":[{\"@type\":\"ReadAction\",\"target\":[\"https:\\\/\\\/www.silentblocks.com\\\/es\\\/producto\\\/buje-palanca-de-cambios-bmw-serie-3-e30-serie-5-e28-e34-serie-6-e24-serie-7-e32-z1\\\/\"]}]},{\"@type\":\"ImageObject\",\"inLanguage\":\"es\",\"@id\":\"https:\\\/\\\/www.silentblocks.com\\\/es\\\/producto\\\/buje-palanca-de-cambios-bmw-serie-3-e30-serie-5-e28-e34-serie-6-e24-serie-7-e32-z1\\\/#primaryimage\",\"url\":\"https:\\\/\\\/www.silentblocks.com\\\/wp-content\\\/uploads\\\/2026\\\/05\\\/silentbloc-levier-vitesse-BMW-Serie-5-E28-E34.jpg\",\"contentUrl\":\"https:\\\/\\\/www.silentblocks.com\\\/wp-content\\\/uploads\\\/2026\\\/05\\\/silentbloc-levier-vitesse-BMW-Serie-5-E28-E34.jpg\",\"width\":1600,\"height\":1600},{\"@type\":\"BreadcrumbList\",\"@id\":\"https:\\\/\\\/www.silentblocks.com\\\/es\\\/producto\\\/buje-palanca-de-cambios-bmw-serie-3-e30-serie-5-e28-e34-serie-6-e24-serie-7-e32-z1\\\/#breadcrumb\",\"itemListElement\":[{\"@type\":\"ListItem\",\"position\":1,\"name\":\"In\u00edcio\",\"item\":\"https:\\\/\\\/www.silentblocks.com\\\/es\\\/\"},{\"@type\":\"ListItem\",\"position\":2,\"name\":\"Page boutique\",\"item\":\"https:\\\/\\\/www.silentblocks.com\\\/es\\\/shop-2\\\/\"},{\"@type\":\"ListItem\",\"position\":3,\"name\":\"Buje palanca de cambios, BMW Serie 3 E30, Serie 5 E28\\\/E34, Serie 6 E24, Serie 7 E32, Z1\"}]},{\"@type\":\"WebSite\",\"@id\":\"https:\\\/\\\/www.silentblocks.com\\\/es\\\/#website\",\"url\":\"https:\\\/\\\/www.silentblocks.com\\\/es\\\/\",\"name\":\"SILENTBLOCKS\",\"description\":\"Secure on the road\",\"publisher\":{\"@id\":\"https:\\\/\\\/www.silentblocks.com\\\/es\\\/#organization\"},\"potentialAction\":[{\"@type\":\"SearchAction\",\"target\":{\"@type\":\"EntryPoint\",\"urlTemplate\":\"https:\\\/\\\/www.silentblocks.com\\\/es\\\/?s={search_term_string}\"},\"query-input\":{\"@type\":\"PropertyValueSpecification\",\"valueRequired\":true,\"valueName\":\"search_term_string\"}}],\"inLanguage\":\"es\"},{\"@type\":\"Organization\",\"@id\":\"https:\\\/\\\/www.silentblocks.com\\\/es\\\/#organization\",\"name\":\"SILENTBLOCKS\",\"url\":\"https:\\\/\\\/www.silentblocks.com\\\/es\\\/\",\"logo\":{\"@type\":\"ImageObject\",\"inLanguage\":\"es\",\"@id\":\"https:\\\/\\\/www.silentblocks.com\\\/es\\\/#\\\/schema\\\/logo\\\/image\\\/\",\"url\":\"https:\\\/\\\/www.silentblocks.com\\\/wp-content\\\/uploads\\\/2023\\\/07\\\/logo211-sem-fundo_2012-PARA-BOUTIQUE-EBAY.png\",\"contentUrl\":\"https:\\\/\\\/www.silentblocks.com\\\/wp-content\\\/uploads\\\/2023\\\/07\\\/logo211-sem-fundo_2012-PARA-BOUTIQUE-EBAY.png\",\"width\":300,\"height\":190,\"caption\":\"SILENTBLOCKS\"},\"image\":{\"@id\":\"https:\\\/\\\/www.silentblocks.com\\\/es\\\/#\\\/schema\\\/logo\\\/image\\\/\"}}]}<\/script>\n<!-- \/ Yoast SEO Premium plugin. -->","yoast_head_json":{"title":"Buje palanca de cambios, BMW Serie 3 E30, Serie 5 E28\/E34, Serie 6 E24, Serie 7 E32, Z1 - SILENT BLOCKS","description":"Buje palanca de cambios para BMW Serie 3 E30, Serie 5 E28\/E34, Serie 6 E24, Serie 7 E32, Z1, compatible oem 25111220556, 25111220707","robots":{"index":"index","follow":"follow","max-snippet":"max-snippet:-1","max-image-preview":"max-image-preview:large","max-video-preview":"max-video-preview:-1"},"canonical":"https:\/\/www.silentblocks.com\/es\/producto\/buje-palanca-de-cambios-bmw-serie-3-e30-serie-5-e28-e34-serie-6-e24-serie-7-e32-z1\/","og_locale":"es_ES","og_type":"article","og_title":"Buje palanca de cambios, BMW Serie 3 E30, Serie 5 E28\/E34, Serie 6 E24, Serie 7 E32, Z1","og_description":"Buje palanca de cambios para BMW Serie 3 E30, Serie 5 E28\/E34, Serie 6 E24, Serie 7 E32, Z1, compatible oem 25111220556, 25111220707","og_url":"https:\/\/www.silentblocks.com\/es\/producto\/buje-palanca-de-cambios-bmw-serie-3-e30-serie-5-e28-e34-serie-6-e24-serie-7-e32-z1\/","og_site_name":"SILENT BLOCKS","og_image":[{"width":1600,"height":1600,"url":"https:\/\/www.silentblocks.com\/wp-content\/uploads\/2026\/05\/silentbloc-levier-vitesse-BMW-Serie-5-E28-E34.jpg","type":"image\/jpeg"}],"twitter_card":"summary_large_image","schema":{"@context":"https:\/\/schema.org","@graph":[{"@type":"WebPage","@id":"https:\/\/www.silentblocks.com\/es\/producto\/buje-palanca-de-cambios-bmw-serie-3-e30-serie-5-e28-e34-serie-6-e24-serie-7-e32-z1\/","url":"https:\/\/www.silentblocks.com\/es\/producto\/buje-palanca-de-cambios-bmw-serie-3-e30-serie-5-e28-e34-serie-6-e24-serie-7-e32-z1\/","name":"Buje palanca de cambios, BMW Serie 3 E30, Serie 5 E28\/E34, Serie 6 E24, Serie 7 E32, Z1 - SILENT BLOCKS","isPartOf":{"@id":"https:\/\/www.silentblocks.com\/es\/#website"},"primaryImageOfPage":{"@id":"https:\/\/www.silentblocks.com\/es\/producto\/buje-palanca-de-cambios-bmw-serie-3-e30-serie-5-e28-e34-serie-6-e24-serie-7-e32-z1\/#primaryimage"},"image":{"@id":"https:\/\/www.silentblocks.com\/es\/producto\/buje-palanca-de-cambios-bmw-serie-3-e30-serie-5-e28-e34-serie-6-e24-serie-7-e32-z1\/#primaryimage"},"thumbnailUrl":"https:\/\/www.silentblocks.com\/wp-content\/uploads\/2026\/05\/silentbloc-levier-vitesse-BMW-Serie-5-E28-E34.jpg","datePublished":"2026-05-15T19:25:51+00:00","description":"Buje palanca de cambios para BMW Serie 3 E30, Serie 5 E28\/E34, Serie 6 E24, Serie 7 E32, Z1, compatible oem 25111220556, 25111220707","breadcrumb":{"@id":"https:\/\/www.silentblocks.com\/es\/producto\/buje-palanca-de-cambios-bmw-serie-3-e30-serie-5-e28-e34-serie-6-e24-serie-7-e32-z1\/#breadcrumb"},"inLanguage":"es","potentialAction":[{"@type":"ReadAction","target":["https:\/\/www.silentblocks.com\/es\/producto\/buje-palanca-de-cambios-bmw-serie-3-e30-serie-5-e28-e34-serie-6-e24-serie-7-e32-z1\/"]}]},{"@type":"ImageObject","inLanguage":"es","@id":"https:\/\/www.silentblocks.com\/es\/producto\/buje-palanca-de-cambios-bmw-serie-3-e30-serie-5-e28-e34-serie-6-e24-serie-7-e32-z1\/#primaryimage","url":"https:\/\/www.silentblocks.com\/wp-content\/uploads\/2026\/05\/silentbloc-levier-vitesse-BMW-Serie-5-E28-E34.jpg","contentUrl":"https:\/\/www.silentblocks.com\/wp-content\/uploads\/2026\/05\/silentbloc-levier-vitesse-BMW-Serie-5-E28-E34.jpg","width":1600,"height":1600},{"@type":"BreadcrumbList","@id":"https:\/\/www.silentblocks.com\/es\/producto\/buje-palanca-de-cambios-bmw-serie-3-e30-serie-5-e28-e34-serie-6-e24-serie-7-e32-z1\/#breadcrumb","itemListElement":[{"@type":"ListItem","position":1,"name":"In\u00edcio","item":"https:\/\/www.silentblocks.com\/es\/"},{"@type":"ListItem","position":2,"name":"Page boutique","item":"https:\/\/www.silentblocks.com\/es\/shop-2\/"},{"@type":"ListItem","position":3,"name":"Buje palanca de cambios, BMW Serie 3 E30, Serie 5 E28\/E34, Serie 6 E24, Serie 7 E32, Z1"}]},{"@type":"WebSite","@id":"https:\/\/www.silentblocks.com\/es\/#website","url":"https:\/\/www.silentblocks.com\/es\/","name":"SILENTBLOCKS","description":"Secure on the road","publisher":{"@id":"https:\/\/www.silentblocks.com\/es\/#organization"},"potentialAction":[{"@type":"SearchAction","target":{"@type":"EntryPoint","urlTemplate":"https:\/\/www.silentblocks.com\/es\/?s={search_term_string}"},"query-input":{"@type":"PropertyValueSpecification","valueRequired":true,"valueName":"search_term_string"}}],"inLanguage":"es"},{"@type":"Organization","@id":"https:\/\/www.silentblocks.com\/es\/#organization","name":"SILENTBLOCKS","url":"https:\/\/www.silentblocks.com\/es\/","logo":{"@type":"ImageObject","inLanguage":"es","@id":"https:\/\/www.silentblocks.com\/es\/#\/schema\/logo\/image\/","url":"https:\/\/www.silentblocks.com\/wp-content\/uploads\/2023\/07\/logo211-sem-fundo_2012-PARA-BOUTIQUE-EBAY.png","contentUrl":"https:\/\/www.silentblocks.com\/wp-content\/uploads\/2023\/07\/logo211-sem-fundo_2012-PARA-BOUTIQUE-EBAY.png","width":300,"height":190,"caption":"SILENTBLOCKS"},"image":{"@id":"https:\/\/www.silentblocks.com\/es\/#\/schema\/logo\/image\/"}}]}},"_links":{"self":[{"href":"https:\/\/www.silentblocks.com\/es\/wp-json\/wp\/v2\/product\/139361","targetHints":{"allow":["GET"]}}],"collection":[{"href":"https:\/\/www.silentblocks.com\/es\/wp-json\/wp\/v2\/product"}],"about":[{"href":"https:\/\/www.silentblocks.com\/es\/wp-json\/wp\/v2\/types\/product"}],"version-history":[{"count":0,"href":"https:\/\/www.silentblocks.com\/es\/wp-json\/wp\/v2\/product\/139361\/revisions"}],"wp:featuredmedia":[{"embeddable":true,"href":"https:\/\/www.silentblocks.com\/es\/wp-json\/wp\/v2\/media\/139359"}],"wp:attachment":[{"href":"https:\/\/www.silentblocks.com\/es\/wp-json\/wp\/v2\/media?parent=139361"}],"wp:term":[{"taxonomy":"product_brand","embeddable":true,"href":"https:\/\/www.silentblocks.com\/es\/wp-json\/wp\/v2\/product_brand?post=139361"},{"taxonomy":"product_cat","embeddable":true,"href":"https:\/\/www.silentblocks.com\/es\/wp-json\/wp\/v2\/product_cat?post=139361"},{"taxonomy":"product_tag","embeddable":true,"href":"https:\/\/www.silentblocks.com\/es\/wp-json\/wp\/v2\/product_tag?post=139361"}],"curies":[{"name":"wp","href":"https:\/\/api.w.org\/{rel}","templated":true}]}}