{"id":73335,"date":"2023-08-25T20:10:21","date_gmt":"2023-08-25T20:10:21","guid":{"rendered":"https:\/\/www.silentblocks.com\/product\/supports-boite-de-vitesse-pour-bmw-serie-1-serie-3-serie-5-serie-7-serie-8-x1-z3-z4-z8-4\/"},"modified":"2026-02-17T20:56:41","modified_gmt":"2026-02-17T20:56:41","slug":"supports-boite-de-vitesse-pour-bmw-serie-1-serie-3-serie-5-serie-7-serie-8-x1-z3-z4-z8-4","status":"publish","type":"product","link":"https:\/\/www.silentblocks.com\/es\/producto\/supports-boite-de-vitesse-pour-bmw-serie-1-serie-3-serie-5-serie-7-serie-8-x1-z3-z4-z8-4\/","title":{"rendered":"Soportes de caja de cambios para BMW Serie 1, Serie 3, Serie 5, Serie 7, Serie 8, X1, Z3, Z4, Z8"},"content":{"rendered":"<p>Soportes de caja de cambios, compatibles con los siguientes veh\u00edculos:<br \/>\nBMW Serie 1 E81 (09.2006-09.2012)<br \/>\nModelos: E81, 116d, 123d, 116i, 130i<br \/>\nMotores: 1.6&gt;3.0<br \/>\nBMW Serie 1 E82 (09.2006-09.2012)<br \/>\nModelos: E82, 118d, 123d, 120i, 135i, M<br \/>\nMotores: 2.0&gt;3.0<br \/>\nBMW Serie 1 E87 (09.2004-09.2012)<br \/>\nModelos: E87, 116d, 123d, 116i, 130i<br \/>\nMotores: 1.6&gt;3.0<br \/>\nBMW Serie 1 E88 (09.2004-09.2012)<br \/>\nModelos: E88, 118d, 123d, 118i, 135i<br \/>\nMotores: 2.0&gt;3.0<br \/>\nBMW sERIE 3 E30 (09.1989-08.1991)<br \/>\nModelos: E30, 318i, 318is<br \/>\nMotores: 1.8<br \/>\nBMW Serie 3 E36 (09.1990-02.1998)<br \/>\nModelos: E36, 316, 328, M3<br \/>\nMotores: 1.6&gt;3.2<br \/>\nBMW Serie 3 E36 Compact (01.1994-08.2000)<br \/>\nModelo: E36, 316, 323<br \/>\nMotores: 1.6&gt;2.5<br \/>\nBMW Serie 3 E46 (04.1998-02.2005)<br \/>\nModelo: E46, 316, 330<br \/>\nMotores: 1.6&gt;3.0<br \/>\nBMW Serie 3 E46 Compact (03.2001-02.2005)<br \/>\nModelo: E46, 316, 325<br \/>\nMotores: 1.6&gt;2.5<br \/>\nBMW Serie 3 E90 (12.2004-12.2011)<br \/>\nModelos: E90, 316i, 335i, 320si, 316d, 335d<br \/>\nMotores: 1.6&gt;3.0<br \/>\nBMW Serie 3 E91 (12.2004-12.2012)<br \/>\nModelos: E91, 316i, 335i, 316d, 335d<br \/>\nMotores:1.6&gt;3.0<br \/>\nBMW Serie 3 E92 (03.2006-12.2013)<br \/>\nModelos: E92, 316i, 335i, 320d, 335d<br \/>\nMotores:1.6&gt;3.0<br \/>\nBMW Serie 3 E93 (05.2006-12.2013)<br \/>\nModelos: E93, 318i, 335i, 320d, 330d<br \/>\nMotores:2.0&gt;3.0<br \/>\nBMW Serie 5 E34 (09.1989-07.1996)<br \/>\nModelos: E34, 520i, 540i, 524td, 525td, tds, M5<br \/>\nMotores:2.0&gt;4.0<br \/>\nBMW Serie 5 E39 (09.1995-05.2004)<br \/>\nModelos: E39, 520i, 540i, 520d, 530d, 525td, tds, M5<br \/>\nMotores:2.0&gt;5.0<br \/>\nBMW Serie 5 F07 (03.2010-02.2017)<br \/>\nModelos: F07, 535ix, 530dx, 535dx<br \/>\nMotor:3.0<br \/>\nBMW Serie 5 F10 (03.2011-10.2016)<br \/>\nModelos: F10, 535ix, 520dx, 530dx, 535dx, M550dx<br \/>\nMotores:2.0&gt;3.0<br \/>\nBMW Serie 5 F11 (03.2011-02.2017)<br \/>\nModelos: F11, 535ix, 520dx, 530dx, 535dx, M550dx<br \/>\nMotores:2.0&gt;3.0<br \/>\nBMW Serie 6 F06 (03.2013-10.2018)<br \/>\nModelos: F06, 640ix, 640dx<br \/>\nMotor:3.0<br \/>\nBMW Serie 6 F12 (03.2013-06.2018)<br \/>\nModelos: F12, 640ix, 640dx<br \/>\nMotor:3.0<br \/>\nBMW Serie 6 F13 (03.2012-10.2017)<br \/>\nModelos: F13, 640ix, 640dx<br \/>\nMotor:3.0<br \/>\nBMW Serie 7 E32 (09.1986-09.1994)<br \/>\nModelos: E32, 730, 740<br \/>\nMotores:3.0&gt;4.0<br \/>\nBMW Serie 7 E38 (03.1994-11.2001)<br \/>\nModelos: E38, 730i, 750i, 725tds, 730d, 740d<br \/>\nMotores:2.5&gt;5.4<br \/>\nBMW Serie 7 E65 (03.1994-11.2001)<br \/>\nModelos: E65, 735i, 750i, 730d, 745d, ALPINA B7<br \/>\nMotores:3.0&gt;4.8<br \/>\nBMW Serie 7 E66 (11.2001-12.2009)<br \/>\nModelos: E66, 735i, 750i, 730d, 745d, ALPINA B7<br \/>\nMotores:3.0&gt;4.8<br \/>\nBMW Serie 7 F01, F02, F03, F04 (09.2010-12.2015)<br \/>\nModelos: F01, F02, 740i, 730dx, 750dx<br \/>\nMotor:3.0<br \/>\nBMW Serie 8 E31 (03.1993-12.1999)<br \/>\nModelos: E31, 840i, Ci, 850Ci<br \/>\nMotores: 4.0, 4.4, 5.4<br \/>\nBMW Serie X1 E84 (03.2008-06.2015)<br \/>\nModelos: E84, 16i, 20i, 28i, 16d, 20d, xDRIVE<br \/>\nMotores: 1.6&gt;2.0<br \/>\nBMW Serie Z3 (10.1995-06.2003)<br \/>\nModelo: E36<br \/>\nMotores: 2.0&gt;3.2<br \/>\nBMW Serie Z4 (12.2002-02.2009)<br \/>\nModelos: E85, E86, M<br \/>\nMotores: 2.0&gt;3.2<br \/>\nBMW Serie Z4 (02.2009-08.2016)<br \/>\nModelos: E89, 18i, 35i<br \/>\nMotores: 2.0&gt;3.0<br \/>\nBMW Serie Z8 (06.2002-10.2003)<br \/>\nModelo: Alpina Roadster V8 E52<br \/>\nMotores: 4.8<\/p>\n<p>Referencias del fabricante (c\u00f3digo OEM) s\u00f3lo a t\u00edtulo informativo :<br \/>\n23701138517, 22311094916<\/p>\n<p>Piezas nuevas, se vende con factura. Todos nuestros productos tienen 2 a\u00f1os de garant\u00eda.<\/p>\n","protected":false},"excerpt":{"rendered":"<p>Soportes de caja de cambios, compatibles con los siguientes veh\u00edculos: BMW Serie 1 E81 (09.2006-09.2012) Modelos: E81, 116d, 123d, 116i, 130i Motores: 1.6&gt;3.0 BMW Serie 1 E82 (09.2006-09.2012) Modelos: E82, 118d, 123d, 120i, 135i, M Motores: 2.0&gt;3.0 BMW Serie 1 E87 (09.2004-09.2012) Modelos: E87, 116d, 123d, 116i, 130i Motores: 1.6&gt;3.0 BMW Serie 1 E88 (09.2004-09.2012) [&hellip;]<\/p>\n","protected":false},"featured_media":130805,"template":"","meta":[],"product_brand":[],"product_cat":[2133,2304,1926,1927,1928,1929,1890,1891,1892,1893,1919,1894,1895,1896,1920,1921,1922,1923,1924,1925],"product_tag":[],"class_list":{"0":"post-73335","1":"product","2":"type-product","3":"status-publish","4":"has-post-thumbnail","6":"product_cat-bmw-es","7":"product_cat-bmw-serie-1-es","8":"product_cat-bmw-serie-1-e81-es","9":"product_cat-bmw-serie-1-e82-es","10":"product_cat-bmw-serie-1-e87-es","11":"product_cat-bmw-serie-1-e88-es","12":"product_cat-serie-3-e30-es","13":"product_cat-serie-3-e36-es","14":"product_cat-serie-3-e36-compact-es","15":"product_cat-serie-3-e46-es","16":"product_cat-serie-3-e90-e91-e92-e93-es","17":"product_cat-serie-5-e34-es","18":"product_cat-serie-5-e39-1995-2004-es","19":"product_cat-serie-7-e32-1986-1994-es","20":"product_cat-serie-7-e38-1994-2001-es","21":"product_cat-serie-7-e65-e66-2001-2008-es","22":"product_cat-serie-8-e31-es","23":"product_cat-x1-es","24":"product_cat-z3-es","25":"product_cat-z4-e85-e86-es","27":"first","28":"instock","29":"shipping-taxable","30":"purchasable","31":"product-type-simple"},"yoast_head":"<!-- This site is optimized with the Yoast SEO Premium plugin v23.0 (Yoast SEO v27.4) - https:\/\/yoast.com\/product\/yoast-seo-premium-wordpress\/ -->\n<title>Soportes de caja de cambios para BMW Serie 1, Serie 3, Serie 5, Serie 7, Serie 8, X1, Z3, Z4, Z8 - SILENT BLOCKS<\/title>\n<meta name=\"description\" content=\"Soportes de caja de cambios para BMW Serie 1, BMW Serie 3, Serie 5, Serie 7, Serie 8, X1, Z3, Z4, Z8, compatible OEM 23701138517, 22311094916\" \/>\n<meta name=\"robots\" content=\"index, follow, max-snippet:-1, max-image-preview:large, max-video-preview:-1\" \/>\n<link rel=\"canonical\" href=\"https:\/\/www.silentblocks.com\/es\/producto\/supports-boite-de-vitesse-pour-bmw-serie-1-serie-3-serie-5-serie-7-serie-8-x1-z3-z4-z8-4\/\" \/>\n<meta property=\"og:locale\" content=\"es_ES\" \/>\n<meta property=\"og:type\" content=\"article\" \/>\n<meta property=\"og:title\" content=\"Soportes de caja de cambios para BMW Serie 1, Serie 3, Serie 5, Serie 7, Serie 8, X1, Z3, Z4, Z8\" \/>\n<meta property=\"og:description\" content=\"Soportes de caja de cambios para BMW Serie 1, BMW Serie 3, Serie 5, Serie 7, Serie 8, X1, Z3, Z4, Z8, compatible OEM 23701138517, 22311094916\" \/>\n<meta property=\"og:url\" content=\"https:\/\/www.silentblocks.com\/es\/producto\/supports-boite-de-vitesse-pour-bmw-serie-1-serie-3-serie-5-serie-7-serie-8-x1-z3-z4-z8-4\/\" \/>\n<meta property=\"og:site_name\" content=\"SILENT BLOCKS\" \/>\n<meta property=\"article:modified_time\" content=\"2026-02-17T20:56:41+00:00\" \/>\n<meta property=\"og:image\" content=\"https:\/\/www.silentblocks.com\/wp-content\/uploads\/2026\/02\/AM0120-2.jpg\" \/>\n\t<meta property=\"og:image:width\" content=\"1000\" \/>\n\t<meta property=\"og:image:height\" content=\"1000\" \/>\n\t<meta property=\"og:image:type\" content=\"image\/jpeg\" \/>\n<meta name=\"twitter:card\" content=\"summary_large_image\" \/>\n<meta name=\"twitter:label1\" content=\"Tiempo de lectura\" \/>\n\t<meta name=\"twitter:data1\" content=\"2 minutos\" \/>\n<script type=\"application\/ld+json\" class=\"yoast-schema-graph\">{\"@context\":\"https:\\\/\\\/schema.org\",\"@graph\":[{\"@type\":\"WebPage\",\"@id\":\"https:\\\/\\\/www.silentblocks.com\\\/es\\\/producto\\\/supports-boite-de-vitesse-pour-bmw-serie-1-serie-3-serie-5-serie-7-serie-8-x1-z3-z4-z8-4\\\/\",\"url\":\"https:\\\/\\\/www.silentblocks.com\\\/es\\\/producto\\\/supports-boite-de-vitesse-pour-bmw-serie-1-serie-3-serie-5-serie-7-serie-8-x1-z3-z4-z8-4\\\/\",\"name\":\"Soportes de caja de cambios para BMW Serie 1, Serie 3, Serie 5, Serie 7, Serie 8, X1, Z3, Z4, Z8 - SILENT BLOCKS\",\"isPartOf\":{\"@id\":\"https:\\\/\\\/www.silentblocks.com\\\/es\\\/#website\"},\"primaryImageOfPage\":{\"@id\":\"https:\\\/\\\/www.silentblocks.com\\\/es\\\/producto\\\/supports-boite-de-vitesse-pour-bmw-serie-1-serie-3-serie-5-serie-7-serie-8-x1-z3-z4-z8-4\\\/#primaryimage\"},\"image\":{\"@id\":\"https:\\\/\\\/www.silentblocks.com\\\/es\\\/producto\\\/supports-boite-de-vitesse-pour-bmw-serie-1-serie-3-serie-5-serie-7-serie-8-x1-z3-z4-z8-4\\\/#primaryimage\"},\"thumbnailUrl\":\"https:\\\/\\\/www.silentblocks.com\\\/wp-content\\\/uploads\\\/2026\\\/02\\\/AM0120-2.jpg\",\"datePublished\":\"2023-08-25T20:10:21+00:00\",\"dateModified\":\"2026-02-17T20:56:41+00:00\",\"description\":\"Soportes de caja de cambios para BMW Serie 1, BMW Serie 3, Serie 5, Serie 7, Serie 8, X1, Z3, Z4, Z8, compatible OEM 23701138517, 22311094916\",\"breadcrumb\":{\"@id\":\"https:\\\/\\\/www.silentblocks.com\\\/es\\\/producto\\\/supports-boite-de-vitesse-pour-bmw-serie-1-serie-3-serie-5-serie-7-serie-8-x1-z3-z4-z8-4\\\/#breadcrumb\"},\"inLanguage\":\"es\",\"potentialAction\":[{\"@type\":\"ReadAction\",\"target\":[\"https:\\\/\\\/www.silentblocks.com\\\/es\\\/producto\\\/supports-boite-de-vitesse-pour-bmw-serie-1-serie-3-serie-5-serie-7-serie-8-x1-z3-z4-z8-4\\\/\"]}]},{\"@type\":\"ImageObject\",\"inLanguage\":\"es\",\"@id\":\"https:\\\/\\\/www.silentblocks.com\\\/es\\\/producto\\\/supports-boite-de-vitesse-pour-bmw-serie-1-serie-3-serie-5-serie-7-serie-8-x1-z3-z4-z8-4\\\/#primaryimage\",\"url\":\"https:\\\/\\\/www.silentblocks.com\\\/wp-content\\\/uploads\\\/2026\\\/02\\\/AM0120-2.jpg\",\"contentUrl\":\"https:\\\/\\\/www.silentblocks.com\\\/wp-content\\\/uploads\\\/2026\\\/02\\\/AM0120-2.jpg\",\"width\":1000,\"height\":1000},{\"@type\":\"BreadcrumbList\",\"@id\":\"https:\\\/\\\/www.silentblocks.com\\\/es\\\/producto\\\/supports-boite-de-vitesse-pour-bmw-serie-1-serie-3-serie-5-serie-7-serie-8-x1-z3-z4-z8-4\\\/#breadcrumb\",\"itemListElement\":[{\"@type\":\"ListItem\",\"position\":1,\"name\":\"In\u00edcio\",\"item\":\"https:\\\/\\\/www.silentblocks.com\\\/es\\\/\"},{\"@type\":\"ListItem\",\"position\":2,\"name\":\"Page boutique\",\"item\":\"https:\\\/\\\/www.silentblocks.com\\\/es\\\/shop-2\\\/\"},{\"@type\":\"ListItem\",\"position\":3,\"name\":\"Soportes de caja de cambios para BMW Serie 1, Serie 3, Serie 5, Serie 7, Serie 8, X1, Z3, Z4, Z8\"}]},{\"@type\":\"WebSite\",\"@id\":\"https:\\\/\\\/www.silentblocks.com\\\/es\\\/#website\",\"url\":\"https:\\\/\\\/www.silentblocks.com\\\/es\\\/\",\"name\":\"SILENTBLOCKS\",\"description\":\"Secure on the road\",\"publisher\":{\"@id\":\"https:\\\/\\\/www.silentblocks.com\\\/es\\\/#organization\"},\"potentialAction\":[{\"@type\":\"SearchAction\",\"target\":{\"@type\":\"EntryPoint\",\"urlTemplate\":\"https:\\\/\\\/www.silentblocks.com\\\/es\\\/?s={search_term_string}\"},\"query-input\":{\"@type\":\"PropertyValueSpecification\",\"valueRequired\":true,\"valueName\":\"search_term_string\"}}],\"inLanguage\":\"es\"},{\"@type\":\"Organization\",\"@id\":\"https:\\\/\\\/www.silentblocks.com\\\/es\\\/#organization\",\"name\":\"SILENTBLOCKS\",\"url\":\"https:\\\/\\\/www.silentblocks.com\\\/es\\\/\",\"logo\":{\"@type\":\"ImageObject\",\"inLanguage\":\"es\",\"@id\":\"https:\\\/\\\/www.silentblocks.com\\\/es\\\/#\\\/schema\\\/logo\\\/image\\\/\",\"url\":\"https:\\\/\\\/www.silentblocks.com\\\/wp-content\\\/uploads\\\/2023\\\/07\\\/logo211-sem-fundo_2012-PARA-BOUTIQUE-EBAY.png\",\"contentUrl\":\"https:\\\/\\\/www.silentblocks.com\\\/wp-content\\\/uploads\\\/2023\\\/07\\\/logo211-sem-fundo_2012-PARA-BOUTIQUE-EBAY.png\",\"width\":300,\"height\":190,\"caption\":\"SILENTBLOCKS\"},\"image\":{\"@id\":\"https:\\\/\\\/www.silentblocks.com\\\/es\\\/#\\\/schema\\\/logo\\\/image\\\/\"}}]}<\/script>\n<!-- \/ Yoast SEO Premium plugin. -->","yoast_head_json":{"title":"Soportes de caja de cambios para BMW Serie 1, Serie 3, Serie 5, Serie 7, Serie 8, X1, Z3, Z4, Z8 - SILENT BLOCKS","description":"Soportes de caja de cambios para BMW Serie 1, BMW Serie 3, Serie 5, Serie 7, Serie 8, X1, Z3, Z4, Z8, compatible OEM 23701138517, 22311094916","robots":{"index":"index","follow":"follow","max-snippet":"max-snippet:-1","max-image-preview":"max-image-preview:large","max-video-preview":"max-video-preview:-1"},"canonical":"https:\/\/www.silentblocks.com\/es\/producto\/supports-boite-de-vitesse-pour-bmw-serie-1-serie-3-serie-5-serie-7-serie-8-x1-z3-z4-z8-4\/","og_locale":"es_ES","og_type":"article","og_title":"Soportes de caja de cambios para BMW Serie 1, Serie 3, Serie 5, Serie 7, Serie 8, X1, Z3, Z4, Z8","og_description":"Soportes de caja de cambios para BMW Serie 1, BMW Serie 3, Serie 5, Serie 7, Serie 8, X1, Z3, Z4, Z8, compatible OEM 23701138517, 22311094916","og_url":"https:\/\/www.silentblocks.com\/es\/producto\/supports-boite-de-vitesse-pour-bmw-serie-1-serie-3-serie-5-serie-7-serie-8-x1-z3-z4-z8-4\/","og_site_name":"SILENT BLOCKS","article_modified_time":"2026-02-17T20:56:41+00:00","og_image":[{"width":1000,"height":1000,"url":"https:\/\/www.silentblocks.com\/wp-content\/uploads\/2026\/02\/AM0120-2.jpg","type":"image\/jpeg"}],"twitter_card":"summary_large_image","twitter_misc":{"Tiempo de lectura":"2 minutos"},"schema":{"@context":"https:\/\/schema.org","@graph":[{"@type":"WebPage","@id":"https:\/\/www.silentblocks.com\/es\/producto\/supports-boite-de-vitesse-pour-bmw-serie-1-serie-3-serie-5-serie-7-serie-8-x1-z3-z4-z8-4\/","url":"https:\/\/www.silentblocks.com\/es\/producto\/supports-boite-de-vitesse-pour-bmw-serie-1-serie-3-serie-5-serie-7-serie-8-x1-z3-z4-z8-4\/","name":"Soportes de caja de cambios para BMW Serie 1, Serie 3, Serie 5, Serie 7, Serie 8, X1, Z3, Z4, Z8 - SILENT BLOCKS","isPartOf":{"@id":"https:\/\/www.silentblocks.com\/es\/#website"},"primaryImageOfPage":{"@id":"https:\/\/www.silentblocks.com\/es\/producto\/supports-boite-de-vitesse-pour-bmw-serie-1-serie-3-serie-5-serie-7-serie-8-x1-z3-z4-z8-4\/#primaryimage"},"image":{"@id":"https:\/\/www.silentblocks.com\/es\/producto\/supports-boite-de-vitesse-pour-bmw-serie-1-serie-3-serie-5-serie-7-serie-8-x1-z3-z4-z8-4\/#primaryimage"},"thumbnailUrl":"https:\/\/www.silentblocks.com\/wp-content\/uploads\/2026\/02\/AM0120-2.jpg","datePublished":"2023-08-25T20:10:21+00:00","dateModified":"2026-02-17T20:56:41+00:00","description":"Soportes de caja de cambios para BMW Serie 1, BMW Serie 3, Serie 5, Serie 7, Serie 8, X1, Z3, Z4, Z8, compatible OEM 23701138517, 22311094916","breadcrumb":{"@id":"https:\/\/www.silentblocks.com\/es\/producto\/supports-boite-de-vitesse-pour-bmw-serie-1-serie-3-serie-5-serie-7-serie-8-x1-z3-z4-z8-4\/#breadcrumb"},"inLanguage":"es","potentialAction":[{"@type":"ReadAction","target":["https:\/\/www.silentblocks.com\/es\/producto\/supports-boite-de-vitesse-pour-bmw-serie-1-serie-3-serie-5-serie-7-serie-8-x1-z3-z4-z8-4\/"]}]},{"@type":"ImageObject","inLanguage":"es","@id":"https:\/\/www.silentblocks.com\/es\/producto\/supports-boite-de-vitesse-pour-bmw-serie-1-serie-3-serie-5-serie-7-serie-8-x1-z3-z4-z8-4\/#primaryimage","url":"https:\/\/www.silentblocks.com\/wp-content\/uploads\/2026\/02\/AM0120-2.jpg","contentUrl":"https:\/\/www.silentblocks.com\/wp-content\/uploads\/2026\/02\/AM0120-2.jpg","width":1000,"height":1000},{"@type":"BreadcrumbList","@id":"https:\/\/www.silentblocks.com\/es\/producto\/supports-boite-de-vitesse-pour-bmw-serie-1-serie-3-serie-5-serie-7-serie-8-x1-z3-z4-z8-4\/#breadcrumb","itemListElement":[{"@type":"ListItem","position":1,"name":"In\u00edcio","item":"https:\/\/www.silentblocks.com\/es\/"},{"@type":"ListItem","position":2,"name":"Page boutique","item":"https:\/\/www.silentblocks.com\/es\/shop-2\/"},{"@type":"ListItem","position":3,"name":"Soportes de caja de cambios para BMW Serie 1, Serie 3, Serie 5, Serie 7, Serie 8, X1, Z3, Z4, Z8"}]},{"@type":"WebSite","@id":"https:\/\/www.silentblocks.com\/es\/#website","url":"https:\/\/www.silentblocks.com\/es\/","name":"SILENTBLOCKS","description":"Secure on the road","publisher":{"@id":"https:\/\/www.silentblocks.com\/es\/#organization"},"potentialAction":[{"@type":"SearchAction","target":{"@type":"EntryPoint","urlTemplate":"https:\/\/www.silentblocks.com\/es\/?s={search_term_string}"},"query-input":{"@type":"PropertyValueSpecification","valueRequired":true,"valueName":"search_term_string"}}],"inLanguage":"es"},{"@type":"Organization","@id":"https:\/\/www.silentblocks.com\/es\/#organization","name":"SILENTBLOCKS","url":"https:\/\/www.silentblocks.com\/es\/","logo":{"@type":"ImageObject","inLanguage":"es","@id":"https:\/\/www.silentblocks.com\/es\/#\/schema\/logo\/image\/","url":"https:\/\/www.silentblocks.com\/wp-content\/uploads\/2023\/07\/logo211-sem-fundo_2012-PARA-BOUTIQUE-EBAY.png","contentUrl":"https:\/\/www.silentblocks.com\/wp-content\/uploads\/2023\/07\/logo211-sem-fundo_2012-PARA-BOUTIQUE-EBAY.png","width":300,"height":190,"caption":"SILENTBLOCKS"},"image":{"@id":"https:\/\/www.silentblocks.com\/es\/#\/schema\/logo\/image\/"}}]}},"_links":{"self":[{"href":"https:\/\/www.silentblocks.com\/es\/wp-json\/wp\/v2\/product\/73335","targetHints":{"allow":["GET"]}}],"collection":[{"href":"https:\/\/www.silentblocks.com\/es\/wp-json\/wp\/v2\/product"}],"about":[{"href":"https:\/\/www.silentblocks.com\/es\/wp-json\/wp\/v2\/types\/product"}],"version-history":[{"count":0,"href":"https:\/\/www.silentblocks.com\/es\/wp-json\/wp\/v2\/product\/73335\/revisions"}],"wp:featuredmedia":[{"embeddable":true,"href":"https:\/\/www.silentblocks.com\/es\/wp-json\/wp\/v2\/media\/130805"}],"wp:attachment":[{"href":"https:\/\/www.silentblocks.com\/es\/wp-json\/wp\/v2\/media?parent=73335"}],"wp:term":[{"taxonomy":"product_brand","embeddable":true,"href":"https:\/\/www.silentblocks.com\/es\/wp-json\/wp\/v2\/product_brand?post=73335"},{"taxonomy":"product_cat","embeddable":true,"href":"https:\/\/www.silentblocks.com\/es\/wp-json\/wp\/v2\/product_cat?post=73335"},{"taxonomy":"product_tag","embeddable":true,"href":"https:\/\/www.silentblocks.com\/es\/wp-json\/wp\/v2\/product_tag?post=73335"}],"curies":[{"name":"wp","href":"https:\/\/api.w.org\/{rel}","templated":true}]}}