{"id":73466,"date":"2023-08-25T11:39:11","date_gmt":"2023-08-25T11:39:11","guid":{"rendered":"https:\/\/www.silentblocks.com\/product\/apoyo-motor-derecho-honda-jazz-city\/"},"modified":"2026-02-17T20:56:59","modified_gmt":"2026-02-17T20:56:59","slug":"apoyo-motor-derecho-honda-jazz-city","status":"publish","type":"product","link":"https:\/\/www.silentblocks.com\/es\/producto\/apoyo-motor-derecho-honda-jazz-city\/","title":{"rendered":"Soporte motor, derecho, Honda Jazz, City"},"content":{"rendered":"<p>Soporte de motor recto, compatible con los siguientes veh\u00edculos:<br \/>\nHonda City (09.2008-12.2013)<br \/>\nModelo: V, GM_<br \/>\nHonda Jazz (07.2008-12.2013)<br \/>\nModelo: III, GE<\/p>\n<p>Referencias del fabricante (c\u00f3digo OEM) s\u00f3lo a t\u00edtulo informativo :<br \/>\n50822-TF0-J02, 50822-TG0-T02<\/p>\n<p>Piezas nuevas, se vende con factura. Todos nuestros productos tienen 2 a\u00f1os de garant\u00eda.<\/p>\n","protected":false},"excerpt":{"rendered":"<p>Soporte de motor recto, compatible con los siguientes veh\u00edculos: Honda City (09.2008-12.2013) Modelo: V, GM_ Honda Jazz (07.2008-12.2013) Modelo: III, GE Referencias del fabricante (c\u00f3digo OEM) s\u00f3lo a t\u00edtulo informativo : 50822-TF0-J02, 50822-TG0-T02 Piezas nuevas, se vende con factura. Todos nuestros productos tienen 2 a\u00f1os de garant\u00eda.<\/p>\n","protected":false},"featured_media":130641,"template":"","meta":[],"product_brand":[],"product_cat":[2172,2757,1957],"product_tag":[],"class_list":{"0":"post-73466","1":"product","2":"type-product","3":"status-publish","4":"has-post-thumbnail","6":"product_cat-honda-es","7":"product_cat-jazz-es","8":"product_cat-jazz-08-13-es","10":"first","11":"instock","12":"shipping-taxable","13":"purchasable","14":"product-type-simple"},"yoast_head":"<!-- This site is optimized with the Yoast SEO Premium plugin v23.0 (Yoast SEO v27.4) - https:\/\/yoast.com\/product\/yoast-seo-premium-wordpress\/ -->\n<title>Soporte motor, derecho, Honda Jazz, City - SILENT BLOCKS<\/title>\n<meta name=\"description\" content=\"Soporte motor trasero para Honda Jazz, Honda City, compatible OEM 50822-TF0-J02, 50822-TG0-T02\" \/>\n<meta name=\"robots\" content=\"index, follow, max-snippet:-1, max-image-preview:large, max-video-preview:-1\" \/>\n<link rel=\"canonical\" href=\"https:\/\/www.silentblocks.com\/es\/producto\/apoyo-motor-derecho-honda-jazz-city\/\" \/>\n<meta property=\"og:locale\" content=\"es_ES\" \/>\n<meta property=\"og:type\" content=\"article\" \/>\n<meta property=\"og:title\" content=\"Soporte motor, derecho, Honda Jazz, City\" \/>\n<meta property=\"og:description\" content=\"Soporte motor trasero para Honda Jazz, Honda City, compatible OEM 50822-TF0-J02, 50822-TG0-T02\" \/>\n<meta property=\"og:url\" content=\"https:\/\/www.silentblocks.com\/es\/producto\/apoyo-motor-derecho-honda-jazz-city\/\" \/>\n<meta property=\"og:site_name\" content=\"SILENT BLOCKS\" \/>\n<meta property=\"article:modified_time\" content=\"2026-02-17T20:56:59+00:00\" \/>\n<meta property=\"og:image\" content=\"https:\/\/www.silentblocks.com\/wp-content\/uploads\/2026\/02\/support-moteur-droit-Honda-Jazz-city-50822-TF0-J02-50822-TG0-T02_-2.jpg\" \/>\n\t<meta property=\"og:image:width\" content=\"1000\" \/>\n\t<meta property=\"og:image:height\" content=\"1000\" \/>\n\t<meta property=\"og:image:type\" content=\"image\/jpeg\" \/>\n<meta name=\"twitter:card\" content=\"summary_large_image\" \/>\n<script type=\"application\/ld+json\" class=\"yoast-schema-graph\">{\"@context\":\"https:\\\/\\\/schema.org\",\"@graph\":[{\"@type\":\"WebPage\",\"@id\":\"https:\\\/\\\/www.silentblocks.com\\\/es\\\/producto\\\/apoyo-motor-derecho-honda-jazz-city\\\/\",\"url\":\"https:\\\/\\\/www.silentblocks.com\\\/es\\\/producto\\\/apoyo-motor-derecho-honda-jazz-city\\\/\",\"name\":\"Soporte motor, derecho, Honda Jazz, City - SILENT BLOCKS\",\"isPartOf\":{\"@id\":\"https:\\\/\\\/www.silentblocks.com\\\/es\\\/#website\"},\"primaryImageOfPage\":{\"@id\":\"https:\\\/\\\/www.silentblocks.com\\\/es\\\/producto\\\/apoyo-motor-derecho-honda-jazz-city\\\/#primaryimage\"},\"image\":{\"@id\":\"https:\\\/\\\/www.silentblocks.com\\\/es\\\/producto\\\/apoyo-motor-derecho-honda-jazz-city\\\/#primaryimage\"},\"thumbnailUrl\":\"https:\\\/\\\/www.silentblocks.com\\\/wp-content\\\/uploads\\\/2026\\\/02\\\/support-moteur-droit-Honda-Jazz-city-50822-TF0-J02-50822-TG0-T02_-2.jpg\",\"datePublished\":\"2023-08-25T11:39:11+00:00\",\"dateModified\":\"2026-02-17T20:56:59+00:00\",\"description\":\"Soporte motor trasero para Honda Jazz, Honda City, compatible OEM 50822-TF0-J02, 50822-TG0-T02\",\"breadcrumb\":{\"@id\":\"https:\\\/\\\/www.silentblocks.com\\\/es\\\/producto\\\/apoyo-motor-derecho-honda-jazz-city\\\/#breadcrumb\"},\"inLanguage\":\"es\",\"potentialAction\":[{\"@type\":\"ReadAction\",\"target\":[\"https:\\\/\\\/www.silentblocks.com\\\/es\\\/producto\\\/apoyo-motor-derecho-honda-jazz-city\\\/\"]}]},{\"@type\":\"ImageObject\",\"inLanguage\":\"es\",\"@id\":\"https:\\\/\\\/www.silentblocks.com\\\/es\\\/producto\\\/apoyo-motor-derecho-honda-jazz-city\\\/#primaryimage\",\"url\":\"https:\\\/\\\/www.silentblocks.com\\\/wp-content\\\/uploads\\\/2026\\\/02\\\/support-moteur-droit-Honda-Jazz-city-50822-TF0-J02-50822-TG0-T02_-2.jpg\",\"contentUrl\":\"https:\\\/\\\/www.silentblocks.com\\\/wp-content\\\/uploads\\\/2026\\\/02\\\/support-moteur-droit-Honda-Jazz-city-50822-TF0-J02-50822-TG0-T02_-2.jpg\",\"width\":1000,\"height\":1000},{\"@type\":\"BreadcrumbList\",\"@id\":\"https:\\\/\\\/www.silentblocks.com\\\/es\\\/producto\\\/apoyo-motor-derecho-honda-jazz-city\\\/#breadcrumb\",\"itemListElement\":[{\"@type\":\"ListItem\",\"position\":1,\"name\":\"In\u00edcio\",\"item\":\"https:\\\/\\\/www.silentblocks.com\\\/es\\\/\"},{\"@type\":\"ListItem\",\"position\":2,\"name\":\"Page boutique\",\"item\":\"https:\\\/\\\/www.silentblocks.com\\\/es\\\/shop-2\\\/\"},{\"@type\":\"ListItem\",\"position\":3,\"name\":\"Soporte motor, derecho, Honda Jazz, City\"}]},{\"@type\":\"WebSite\",\"@id\":\"https:\\\/\\\/www.silentblocks.com\\\/es\\\/#website\",\"url\":\"https:\\\/\\\/www.silentblocks.com\\\/es\\\/\",\"name\":\"SILENTBLOCKS\",\"description\":\"Secure on the road\",\"publisher\":{\"@id\":\"https:\\\/\\\/www.silentblocks.com\\\/es\\\/#organization\"},\"potentialAction\":[{\"@type\":\"SearchAction\",\"target\":{\"@type\":\"EntryPoint\",\"urlTemplate\":\"https:\\\/\\\/www.silentblocks.com\\\/es\\\/?s={search_term_string}\"},\"query-input\":{\"@type\":\"PropertyValueSpecification\",\"valueRequired\":true,\"valueName\":\"search_term_string\"}}],\"inLanguage\":\"es\"},{\"@type\":\"Organization\",\"@id\":\"https:\\\/\\\/www.silentblocks.com\\\/es\\\/#organization\",\"name\":\"SILENTBLOCKS\",\"url\":\"https:\\\/\\\/www.silentblocks.com\\\/es\\\/\",\"logo\":{\"@type\":\"ImageObject\",\"inLanguage\":\"es\",\"@id\":\"https:\\\/\\\/www.silentblocks.com\\\/es\\\/#\\\/schema\\\/logo\\\/image\\\/\",\"url\":\"https:\\\/\\\/www.silentblocks.com\\\/wp-content\\\/uploads\\\/2023\\\/07\\\/logo211-sem-fundo_2012-PARA-BOUTIQUE-EBAY.png\",\"contentUrl\":\"https:\\\/\\\/www.silentblocks.com\\\/wp-content\\\/uploads\\\/2023\\\/07\\\/logo211-sem-fundo_2012-PARA-BOUTIQUE-EBAY.png\",\"width\":300,\"height\":190,\"caption\":\"SILENTBLOCKS\"},\"image\":{\"@id\":\"https:\\\/\\\/www.silentblocks.com\\\/es\\\/#\\\/schema\\\/logo\\\/image\\\/\"}}]}<\/script>\n<!-- \/ Yoast SEO Premium plugin. -->","yoast_head_json":{"title":"Soporte motor, derecho, Honda Jazz, City - SILENT BLOCKS","description":"Soporte motor trasero para Honda Jazz, Honda City, compatible OEM 50822-TF0-J02, 50822-TG0-T02","robots":{"index":"index","follow":"follow","max-snippet":"max-snippet:-1","max-image-preview":"max-image-preview:large","max-video-preview":"max-video-preview:-1"},"canonical":"https:\/\/www.silentblocks.com\/es\/producto\/apoyo-motor-derecho-honda-jazz-city\/","og_locale":"es_ES","og_type":"article","og_title":"Soporte motor, derecho, Honda Jazz, City","og_description":"Soporte motor trasero para Honda Jazz, Honda City, compatible OEM 50822-TF0-J02, 50822-TG0-T02","og_url":"https:\/\/www.silentblocks.com\/es\/producto\/apoyo-motor-derecho-honda-jazz-city\/","og_site_name":"SILENT BLOCKS","article_modified_time":"2026-02-17T20:56:59+00:00","og_image":[{"width":1000,"height":1000,"url":"https:\/\/www.silentblocks.com\/wp-content\/uploads\/2026\/02\/support-moteur-droit-Honda-Jazz-city-50822-TF0-J02-50822-TG0-T02_-2.jpg","type":"image\/jpeg"}],"twitter_card":"summary_large_image","schema":{"@context":"https:\/\/schema.org","@graph":[{"@type":"WebPage","@id":"https:\/\/www.silentblocks.com\/es\/producto\/apoyo-motor-derecho-honda-jazz-city\/","url":"https:\/\/www.silentblocks.com\/es\/producto\/apoyo-motor-derecho-honda-jazz-city\/","name":"Soporte motor, derecho, Honda Jazz, City - SILENT BLOCKS","isPartOf":{"@id":"https:\/\/www.silentblocks.com\/es\/#website"},"primaryImageOfPage":{"@id":"https:\/\/www.silentblocks.com\/es\/producto\/apoyo-motor-derecho-honda-jazz-city\/#primaryimage"},"image":{"@id":"https:\/\/www.silentblocks.com\/es\/producto\/apoyo-motor-derecho-honda-jazz-city\/#primaryimage"},"thumbnailUrl":"https:\/\/www.silentblocks.com\/wp-content\/uploads\/2026\/02\/support-moteur-droit-Honda-Jazz-city-50822-TF0-J02-50822-TG0-T02_-2.jpg","datePublished":"2023-08-25T11:39:11+00:00","dateModified":"2026-02-17T20:56:59+00:00","description":"Soporte motor trasero para Honda Jazz, Honda City, compatible OEM 50822-TF0-J02, 50822-TG0-T02","breadcrumb":{"@id":"https:\/\/www.silentblocks.com\/es\/producto\/apoyo-motor-derecho-honda-jazz-city\/#breadcrumb"},"inLanguage":"es","potentialAction":[{"@type":"ReadAction","target":["https:\/\/www.silentblocks.com\/es\/producto\/apoyo-motor-derecho-honda-jazz-city\/"]}]},{"@type":"ImageObject","inLanguage":"es","@id":"https:\/\/www.silentblocks.com\/es\/producto\/apoyo-motor-derecho-honda-jazz-city\/#primaryimage","url":"https:\/\/www.silentblocks.com\/wp-content\/uploads\/2026\/02\/support-moteur-droit-Honda-Jazz-city-50822-TF0-J02-50822-TG0-T02_-2.jpg","contentUrl":"https:\/\/www.silentblocks.com\/wp-content\/uploads\/2026\/02\/support-moteur-droit-Honda-Jazz-city-50822-TF0-J02-50822-TG0-T02_-2.jpg","width":1000,"height":1000},{"@type":"BreadcrumbList","@id":"https:\/\/www.silentblocks.com\/es\/producto\/apoyo-motor-derecho-honda-jazz-city\/#breadcrumb","itemListElement":[{"@type":"ListItem","position":1,"name":"In\u00edcio","item":"https:\/\/www.silentblocks.com\/es\/"},{"@type":"ListItem","position":2,"name":"Page boutique","item":"https:\/\/www.silentblocks.com\/es\/shop-2\/"},{"@type":"ListItem","position":3,"name":"Soporte motor, derecho, Honda Jazz, City"}]},{"@type":"WebSite","@id":"https:\/\/www.silentblocks.com\/es\/#website","url":"https:\/\/www.silentblocks.com\/es\/","name":"SILENTBLOCKS","description":"Secure on the road","publisher":{"@id":"https:\/\/www.silentblocks.com\/es\/#organization"},"potentialAction":[{"@type":"SearchAction","target":{"@type":"EntryPoint","urlTemplate":"https:\/\/www.silentblocks.com\/es\/?s={search_term_string}"},"query-input":{"@type":"PropertyValueSpecification","valueRequired":true,"valueName":"search_term_string"}}],"inLanguage":"es"},{"@type":"Organization","@id":"https:\/\/www.silentblocks.com\/es\/#organization","name":"SILENTBLOCKS","url":"https:\/\/www.silentblocks.com\/es\/","logo":{"@type":"ImageObject","inLanguage":"es","@id":"https:\/\/www.silentblocks.com\/es\/#\/schema\/logo\/image\/","url":"https:\/\/www.silentblocks.com\/wp-content\/uploads\/2023\/07\/logo211-sem-fundo_2012-PARA-BOUTIQUE-EBAY.png","contentUrl":"https:\/\/www.silentblocks.com\/wp-content\/uploads\/2023\/07\/logo211-sem-fundo_2012-PARA-BOUTIQUE-EBAY.png","width":300,"height":190,"caption":"SILENTBLOCKS"},"image":{"@id":"https:\/\/www.silentblocks.com\/es\/#\/schema\/logo\/image\/"}}]}},"_links":{"self":[{"href":"https:\/\/www.silentblocks.com\/es\/wp-json\/wp\/v2\/product\/73466","targetHints":{"allow":["GET"]}}],"collection":[{"href":"https:\/\/www.silentblocks.com\/es\/wp-json\/wp\/v2\/product"}],"about":[{"href":"https:\/\/www.silentblocks.com\/es\/wp-json\/wp\/v2\/types\/product"}],"version-history":[{"count":0,"href":"https:\/\/www.silentblocks.com\/es\/wp-json\/wp\/v2\/product\/73466\/revisions"}],"wp:featuredmedia":[{"embeddable":true,"href":"https:\/\/www.silentblocks.com\/es\/wp-json\/wp\/v2\/media\/130641"}],"wp:attachment":[{"href":"https:\/\/www.silentblocks.com\/es\/wp-json\/wp\/v2\/media?parent=73466"}],"wp:term":[{"taxonomy":"product_brand","embeddable":true,"href":"https:\/\/www.silentblocks.com\/es\/wp-json\/wp\/v2\/product_brand?post=73466"},{"taxonomy":"product_cat","embeddable":true,"href":"https:\/\/www.silentblocks.com\/es\/wp-json\/wp\/v2\/product_cat?post=73466"},{"taxonomy":"product_tag","embeddable":true,"href":"https:\/\/www.silentblocks.com\/es\/wp-json\/wp\/v2\/product_tag?post=73466"}],"curies":[{"name":"wp","href":"https:\/\/api.w.org\/{rel}","templated":true}]}}