{"id":74064,"date":"2023-08-02T14:02:33","date_gmt":"2023-08-02T14:02:33","guid":{"rendered":"https:\/\/www.silentblocks.com\/product\/kit-tren-silencioso-bloques-de-suspension-para-suzuki-jimny-sn\/"},"modified":"2026-02-17T20:58:36","modified_gmt":"2026-02-17T20:58:36","slug":"kit-tren-silencioso-bloques-de-suspension-para-suzuki-jimny-sn","status":"publish","type":"product","link":"https:\/\/www.silentblocks.com\/es\/producto\/kit-tren-silencioso-bloques-de-suspension-para-suzuki-jimny-sn\/","title":{"rendered":"Kit casquillos suspensi\u00f3n delantera para Suzuki Jimny SN"},"content":{"rendered":"<p>Kit casquillos suspensi\u00f3n delantera, compatible con los siguientes veh\u00edculos:<br \/>\nSuzuki Jimny (01.1998&gt;)<br \/>\nModelo: SN<br \/>\nMotores: 1.3&gt;1.5<\/p>\n<p>Referencias del fabricante (c\u00f3digo OEM) s\u00f3lo a t\u00edtulo informativo :<br \/>\n46282-81A30, 45300-81A50<\/p>\n<p>Piezas nuevas, se vende con factura. Todos nuestros productos tienen 2 a\u00f1os de garant\u00eda.<\/p>\n","protected":false},"excerpt":{"rendered":"<p>Kit casquillos suspensi\u00f3n delantera, compatible con los siguientes veh\u00edculos: Suzuki Jimny (01.1998&gt;) Modelo: SN Motores: 1.3&gt;1.5 Referencias del fabricante (c\u00f3digo OEM) s\u00f3lo a t\u00edtulo informativo : 46282-81A30, 45300-81A50 Piezas nuevas, se vende con factura. Todos nuestros productos tienen 2 a\u00f1os de garant\u00eda.<\/p>\n","protected":false},"featured_media":130161,"template":"","meta":[],"product_brand":[],"product_cat":[2244,1817],"product_tag":[],"class_list":{"0":"post-74064","1":"product","2":"type-product","3":"status-publish","4":"has-post-thumbnail","6":"product_cat-suzuki-es","7":"product_cat-jimny-es","9":"first","10":"instock","11":"shipping-taxable","12":"purchasable","13":"product-type-simple"},"yoast_head":"<!-- This site is optimized with the Yoast SEO Premium plugin v23.0 (Yoast SEO v27.4) - https:\/\/yoast.com\/product\/yoast-seo-premium-wordpress\/ -->\n<title>Kit casquillos suspensi\u00f3n delantera para Suzuki Jimny SN - SILENT BLOCKS<\/title>\n<meta name=\"description\" content=\"Kit casquillo brazo suspensi\u00f3n delantera para Suzuki Jimny SN, compatible con brazos OEM 46282-81A30, 45300-81A50\" \/>\n<meta name=\"robots\" content=\"index, follow, max-snippet:-1, max-image-preview:large, max-video-preview:-1\" \/>\n<link rel=\"canonical\" href=\"https:\/\/www.silentblocks.com\/es\/producto\/kit-tren-silencioso-bloques-de-suspension-para-suzuki-jimny-sn\/\" \/>\n<meta property=\"og:locale\" content=\"es_ES\" \/>\n<meta property=\"og:type\" content=\"article\" \/>\n<meta property=\"og:title\" content=\"Kit casquillos suspensi\u00f3n delantera para Suzuki Jimny SN\" \/>\n<meta property=\"og:description\" content=\"Kit casquillo brazo suspensi\u00f3n delantera para Suzuki Jimny SN, compatible con brazos OEM 46282-81A30, 45300-81A50\" \/>\n<meta property=\"og:url\" content=\"https:\/\/www.silentblocks.com\/es\/producto\/kit-tren-silencioso-bloques-de-suspension-para-suzuki-jimny-sn\/\" \/>\n<meta property=\"og:site_name\" content=\"SILENT BLOCKS\" \/>\n<meta property=\"article:modified_time\" content=\"2026-02-17T20:58:36+00:00\" \/>\n<meta property=\"og:image\" content=\"https:\/\/www.silentblocks.com\/wp-content\/uploads\/2026\/02\/KIT-SILENBLOCS-SUSPENSION-AVANT-JIMNY-SN-1-2.jpg\" \/>\n\t<meta property=\"og:image:width\" content=\"1500\" \/>\n\t<meta property=\"og:image:height\" content=\"1500\" \/>\n\t<meta property=\"og:image:type\" content=\"image\/jpeg\" \/>\n<meta name=\"twitter:card\" content=\"summary_large_image\" \/>\n<script type=\"application\/ld+json\" class=\"yoast-schema-graph\">{\"@context\":\"https:\\\/\\\/schema.org\",\"@graph\":[{\"@type\":\"WebPage\",\"@id\":\"https:\\\/\\\/www.silentblocks.com\\\/es\\\/producto\\\/kit-tren-silencioso-bloques-de-suspension-para-suzuki-jimny-sn\\\/\",\"url\":\"https:\\\/\\\/www.silentblocks.com\\\/es\\\/producto\\\/kit-tren-silencioso-bloques-de-suspension-para-suzuki-jimny-sn\\\/\",\"name\":\"Kit casquillos suspensi\u00f3n delantera para Suzuki Jimny SN - SILENT BLOCKS\",\"isPartOf\":{\"@id\":\"https:\\\/\\\/www.silentblocks.com\\\/es\\\/#website\"},\"primaryImageOfPage\":{\"@id\":\"https:\\\/\\\/www.silentblocks.com\\\/es\\\/producto\\\/kit-tren-silencioso-bloques-de-suspension-para-suzuki-jimny-sn\\\/#primaryimage\"},\"image\":{\"@id\":\"https:\\\/\\\/www.silentblocks.com\\\/es\\\/producto\\\/kit-tren-silencioso-bloques-de-suspension-para-suzuki-jimny-sn\\\/#primaryimage\"},\"thumbnailUrl\":\"https:\\\/\\\/www.silentblocks.com\\\/wp-content\\\/uploads\\\/2026\\\/02\\\/KIT-SILENBLOCS-SUSPENSION-AVANT-JIMNY-SN-1-2.jpg\",\"datePublished\":\"2023-08-02T14:02:33+00:00\",\"dateModified\":\"2026-02-17T20:58:36+00:00\",\"description\":\"Kit casquillo brazo suspensi\u00f3n delantera para Suzuki Jimny SN, compatible con brazos OEM 46282-81A30, 45300-81A50\",\"breadcrumb\":{\"@id\":\"https:\\\/\\\/www.silentblocks.com\\\/es\\\/producto\\\/kit-tren-silencioso-bloques-de-suspension-para-suzuki-jimny-sn\\\/#breadcrumb\"},\"inLanguage\":\"es\",\"potentialAction\":[{\"@type\":\"ReadAction\",\"target\":[\"https:\\\/\\\/www.silentblocks.com\\\/es\\\/producto\\\/kit-tren-silencioso-bloques-de-suspension-para-suzuki-jimny-sn\\\/\"]}]},{\"@type\":\"ImageObject\",\"inLanguage\":\"es\",\"@id\":\"https:\\\/\\\/www.silentblocks.com\\\/es\\\/producto\\\/kit-tren-silencioso-bloques-de-suspension-para-suzuki-jimny-sn\\\/#primaryimage\",\"url\":\"https:\\\/\\\/www.silentblocks.com\\\/wp-content\\\/uploads\\\/2026\\\/02\\\/KIT-SILENBLOCS-SUSPENSION-AVANT-JIMNY-SN-1-2.jpg\",\"contentUrl\":\"https:\\\/\\\/www.silentblocks.com\\\/wp-content\\\/uploads\\\/2026\\\/02\\\/KIT-SILENBLOCS-SUSPENSION-AVANT-JIMNY-SN-1-2.jpg\",\"width\":1500,\"height\":1500},{\"@type\":\"BreadcrumbList\",\"@id\":\"https:\\\/\\\/www.silentblocks.com\\\/es\\\/producto\\\/kit-tren-silencioso-bloques-de-suspension-para-suzuki-jimny-sn\\\/#breadcrumb\",\"itemListElement\":[{\"@type\":\"ListItem\",\"position\":1,\"name\":\"In\u00edcio\",\"item\":\"https:\\\/\\\/www.silentblocks.com\\\/es\\\/\"},{\"@type\":\"ListItem\",\"position\":2,\"name\":\"Page boutique\",\"item\":\"https:\\\/\\\/www.silentblocks.com\\\/es\\\/shop-2\\\/\"},{\"@type\":\"ListItem\",\"position\":3,\"name\":\"Kit casquillos suspensi\u00f3n delantera para Suzuki Jimny SN\"}]},{\"@type\":\"WebSite\",\"@id\":\"https:\\\/\\\/www.silentblocks.com\\\/es\\\/#website\",\"url\":\"https:\\\/\\\/www.silentblocks.com\\\/es\\\/\",\"name\":\"SILENTBLOCKS\",\"description\":\"Secure on the road\",\"publisher\":{\"@id\":\"https:\\\/\\\/www.silentblocks.com\\\/es\\\/#organization\"},\"potentialAction\":[{\"@type\":\"SearchAction\",\"target\":{\"@type\":\"EntryPoint\",\"urlTemplate\":\"https:\\\/\\\/www.silentblocks.com\\\/es\\\/?s={search_term_string}\"},\"query-input\":{\"@type\":\"PropertyValueSpecification\",\"valueRequired\":true,\"valueName\":\"search_term_string\"}}],\"inLanguage\":\"es\"},{\"@type\":\"Organization\",\"@id\":\"https:\\\/\\\/www.silentblocks.com\\\/es\\\/#organization\",\"name\":\"SILENTBLOCKS\",\"url\":\"https:\\\/\\\/www.silentblocks.com\\\/es\\\/\",\"logo\":{\"@type\":\"ImageObject\",\"inLanguage\":\"es\",\"@id\":\"https:\\\/\\\/www.silentblocks.com\\\/es\\\/#\\\/schema\\\/logo\\\/image\\\/\",\"url\":\"https:\\\/\\\/www.silentblocks.com\\\/wp-content\\\/uploads\\\/2023\\\/07\\\/logo211-sem-fundo_2012-PARA-BOUTIQUE-EBAY.png\",\"contentUrl\":\"https:\\\/\\\/www.silentblocks.com\\\/wp-content\\\/uploads\\\/2023\\\/07\\\/logo211-sem-fundo_2012-PARA-BOUTIQUE-EBAY.png\",\"width\":300,\"height\":190,\"caption\":\"SILENTBLOCKS\"},\"image\":{\"@id\":\"https:\\\/\\\/www.silentblocks.com\\\/es\\\/#\\\/schema\\\/logo\\\/image\\\/\"}}]}<\/script>\n<!-- \/ Yoast SEO Premium plugin. -->","yoast_head_json":{"title":"Kit casquillos suspensi\u00f3n delantera para Suzuki Jimny SN - SILENT BLOCKS","description":"Kit casquillo brazo suspensi\u00f3n delantera para Suzuki Jimny SN, compatible con brazos OEM 46282-81A30, 45300-81A50","robots":{"index":"index","follow":"follow","max-snippet":"max-snippet:-1","max-image-preview":"max-image-preview:large","max-video-preview":"max-video-preview:-1"},"canonical":"https:\/\/www.silentblocks.com\/es\/producto\/kit-tren-silencioso-bloques-de-suspension-para-suzuki-jimny-sn\/","og_locale":"es_ES","og_type":"article","og_title":"Kit casquillos suspensi\u00f3n delantera para Suzuki Jimny SN","og_description":"Kit casquillo brazo suspensi\u00f3n delantera para Suzuki Jimny SN, compatible con brazos OEM 46282-81A30, 45300-81A50","og_url":"https:\/\/www.silentblocks.com\/es\/producto\/kit-tren-silencioso-bloques-de-suspension-para-suzuki-jimny-sn\/","og_site_name":"SILENT BLOCKS","article_modified_time":"2026-02-17T20:58:36+00:00","og_image":[{"width":1500,"height":1500,"url":"https:\/\/www.silentblocks.com\/wp-content\/uploads\/2026\/02\/KIT-SILENBLOCS-SUSPENSION-AVANT-JIMNY-SN-1-2.jpg","type":"image\/jpeg"}],"twitter_card":"summary_large_image","schema":{"@context":"https:\/\/schema.org","@graph":[{"@type":"WebPage","@id":"https:\/\/www.silentblocks.com\/es\/producto\/kit-tren-silencioso-bloques-de-suspension-para-suzuki-jimny-sn\/","url":"https:\/\/www.silentblocks.com\/es\/producto\/kit-tren-silencioso-bloques-de-suspension-para-suzuki-jimny-sn\/","name":"Kit casquillos suspensi\u00f3n delantera para Suzuki Jimny SN - SILENT BLOCKS","isPartOf":{"@id":"https:\/\/www.silentblocks.com\/es\/#website"},"primaryImageOfPage":{"@id":"https:\/\/www.silentblocks.com\/es\/producto\/kit-tren-silencioso-bloques-de-suspension-para-suzuki-jimny-sn\/#primaryimage"},"image":{"@id":"https:\/\/www.silentblocks.com\/es\/producto\/kit-tren-silencioso-bloques-de-suspension-para-suzuki-jimny-sn\/#primaryimage"},"thumbnailUrl":"https:\/\/www.silentblocks.com\/wp-content\/uploads\/2026\/02\/KIT-SILENBLOCS-SUSPENSION-AVANT-JIMNY-SN-1-2.jpg","datePublished":"2023-08-02T14:02:33+00:00","dateModified":"2026-02-17T20:58:36+00:00","description":"Kit casquillo brazo suspensi\u00f3n delantera para Suzuki Jimny SN, compatible con brazos OEM 46282-81A30, 45300-81A50","breadcrumb":{"@id":"https:\/\/www.silentblocks.com\/es\/producto\/kit-tren-silencioso-bloques-de-suspension-para-suzuki-jimny-sn\/#breadcrumb"},"inLanguage":"es","potentialAction":[{"@type":"ReadAction","target":["https:\/\/www.silentblocks.com\/es\/producto\/kit-tren-silencioso-bloques-de-suspension-para-suzuki-jimny-sn\/"]}]},{"@type":"ImageObject","inLanguage":"es","@id":"https:\/\/www.silentblocks.com\/es\/producto\/kit-tren-silencioso-bloques-de-suspension-para-suzuki-jimny-sn\/#primaryimage","url":"https:\/\/www.silentblocks.com\/wp-content\/uploads\/2026\/02\/KIT-SILENBLOCS-SUSPENSION-AVANT-JIMNY-SN-1-2.jpg","contentUrl":"https:\/\/www.silentblocks.com\/wp-content\/uploads\/2026\/02\/KIT-SILENBLOCS-SUSPENSION-AVANT-JIMNY-SN-1-2.jpg","width":1500,"height":1500},{"@type":"BreadcrumbList","@id":"https:\/\/www.silentblocks.com\/es\/producto\/kit-tren-silencioso-bloques-de-suspension-para-suzuki-jimny-sn\/#breadcrumb","itemListElement":[{"@type":"ListItem","position":1,"name":"In\u00edcio","item":"https:\/\/www.silentblocks.com\/es\/"},{"@type":"ListItem","position":2,"name":"Page boutique","item":"https:\/\/www.silentblocks.com\/es\/shop-2\/"},{"@type":"ListItem","position":3,"name":"Kit casquillos suspensi\u00f3n delantera para Suzuki Jimny SN"}]},{"@type":"WebSite","@id":"https:\/\/www.silentblocks.com\/es\/#website","url":"https:\/\/www.silentblocks.com\/es\/","name":"SILENTBLOCKS","description":"Secure on the road","publisher":{"@id":"https:\/\/www.silentblocks.com\/es\/#organization"},"potentialAction":[{"@type":"SearchAction","target":{"@type":"EntryPoint","urlTemplate":"https:\/\/www.silentblocks.com\/es\/?s={search_term_string}"},"query-input":{"@type":"PropertyValueSpecification","valueRequired":true,"valueName":"search_term_string"}}],"inLanguage":"es"},{"@type":"Organization","@id":"https:\/\/www.silentblocks.com\/es\/#organization","name":"SILENTBLOCKS","url":"https:\/\/www.silentblocks.com\/es\/","logo":{"@type":"ImageObject","inLanguage":"es","@id":"https:\/\/www.silentblocks.com\/es\/#\/schema\/logo\/image\/","url":"https:\/\/www.silentblocks.com\/wp-content\/uploads\/2023\/07\/logo211-sem-fundo_2012-PARA-BOUTIQUE-EBAY.png","contentUrl":"https:\/\/www.silentblocks.com\/wp-content\/uploads\/2023\/07\/logo211-sem-fundo_2012-PARA-BOUTIQUE-EBAY.png","width":300,"height":190,"caption":"SILENTBLOCKS"},"image":{"@id":"https:\/\/www.silentblocks.com\/es\/#\/schema\/logo\/image\/"}}]}},"_links":{"self":[{"href":"https:\/\/www.silentblocks.com\/es\/wp-json\/wp\/v2\/product\/74064","targetHints":{"allow":["GET"]}}],"collection":[{"href":"https:\/\/www.silentblocks.com\/es\/wp-json\/wp\/v2\/product"}],"about":[{"href":"https:\/\/www.silentblocks.com\/es\/wp-json\/wp\/v2\/types\/product"}],"version-history":[{"count":0,"href":"https:\/\/www.silentblocks.com\/es\/wp-json\/wp\/v2\/product\/74064\/revisions"}],"wp:featuredmedia":[{"embeddable":true,"href":"https:\/\/www.silentblocks.com\/es\/wp-json\/wp\/v2\/media\/130161"}],"wp:attachment":[{"href":"https:\/\/www.silentblocks.com\/es\/wp-json\/wp\/v2\/media?parent=74064"}],"wp:term":[{"taxonomy":"product_brand","embeddable":true,"href":"https:\/\/www.silentblocks.com\/es\/wp-json\/wp\/v2\/product_brand?post=74064"},{"taxonomy":"product_cat","embeddable":true,"href":"https:\/\/www.silentblocks.com\/es\/wp-json\/wp\/v2\/product_cat?post=74064"},{"taxonomy":"product_tag","embeddable":true,"href":"https:\/\/www.silentblocks.com\/es\/wp-json\/wp\/v2\/product_tag?post=74064"}],"curies":[{"name":"wp","href":"https:\/\/api.w.org\/{rel}","templated":true}]}}