{"id":74157,"date":"2023-08-02T12:59:40","date_gmt":"2023-08-02T12:59:40","guid":{"rendered":"https:\/\/www.silentblocks.com\/product\/bloqueos-silenciosos-de-brazo-interno-delantero-para-kia-sport-iii-iv-carens-ceed-hyundai-h-1-tucson-i-30-ix-35\/"},"modified":"2026-02-17T20:58:50","modified_gmt":"2026-02-17T20:58:50","slug":"bloqueos-silenciosos-de-brazo-interno-delantero-para-kia-sport-iii-iv-carens-ceed-hyundai-h-1-tucson-i-30-ix-35","status":"publish","type":"product","link":"https:\/\/www.silentblocks.com\/es\/producto\/bloqueos-silenciosos-de-brazo-interno-delantero-para-kia-sport-iii-iv-carens-ceed-hyundai-h-1-tucson-i-30-ix-35\/","title":{"rendered":"Silentblocks de brazo inferior delantero para Kia Sportage III\/IV, Carens, Ceed, Hyundai H-1, Tucson, I-30, IX-35"},"content":{"rendered":"<p>Silentblocks para los trapecios delanteros, compatibles con los siguientes veh\u00edculos:<br \/>\nKia Sportage-III (08.2009-12.2015)<br \/>\nModelo: SL<br \/>\nMotores: 1.6&gt;2.4<br \/>\nKia Sportage-IV (09.2015&gt;)<br \/>\nModelo: QL, QLE<br \/>\nMotores: 1.6&gt;2.4<br \/>\nKia Ceed (05.2012&gt;)<br \/>\nModelo: JD<br \/>\nMotores: 1.0&gt;1.6<br \/>\nKia Pro Ceed (03.2013&gt;)<br \/>\nModelo: JD<br \/>\nMotores: 1.0&gt;1.6<br \/>\nKia Carens (03.2013&gt;)<br \/>\nModelo: IV<br \/>\nMotores: 1.6&gt;2.0<br \/>\nKia Soul (02.2014&gt;)<br \/>\nModelo: II, PS, EV El\u00e9ctrico<br \/>\nMotores: 0&gt;2.0<br \/>\nHyundai i-30 (11.2011&gt;)<br \/>\nModelo: GD<br \/>\nMotores: 1.4&gt;1.6<br \/>\nHyundai ix-35 (08.2009-12.2015)<br \/>\nModelos: LM, EL, ELH<br \/>\nMotores: 1.6&gt;2.4<br \/>\nHyndai H-1 (02.2008&gt;)<br \/>\nModelos: TQ, Cargo, Travel<br \/>\nMotores: 2.5<br \/>\nHyundai Tucson (08.2009-12.2015)<br \/>\nModelos: LM, EL, ELH<br \/>\nMotores: 1.6&gt;2.4<br \/>\nHyundai Tucson (06.2015&gt;)<br \/>\nModelo: TL<br \/>\nMotores: 1.6&gt;2.0<\/p>\n<p>Referencias del fabricante (c\u00f3digo OEM) s\u00f3lo a t\u00edtulo informativo :<br \/>\n54584-2S000, 54584-3S000<\/p>\n<p>Piezas nuevas, se vende con factura. Todos nuestros productos tienen 2 a\u00f1os de garant\u00eda.<\/p>\n","protected":false},"excerpt":{"rendered":"<p>Silentblocks para los trapecios delanteros, compatibles con los siguientes veh\u00edculos: Kia Sportage-III (08.2009-12.2015) Modelo: SL Motores: 1.6&gt;2.4 Kia Sportage-IV (09.2015&gt;) Modelo: QL, QLE Motores: 1.6&gt;2.4 Kia Ceed (05.2012&gt;) Modelo: JD Motores: 1.0&gt;1.6 Kia Pro Ceed (03.2013&gt;) Modelo: JD Motores: 1.0&gt;1.6 Kia Carens (03.2013&gt;) Modelo: IV Motores: 1.6&gt;2.0 Kia Soul (02.2014&gt;) Modelo: II, PS, EV El\u00e9ctrico [&hellip;]<\/p>\n","protected":false},"featured_media":130073,"template":"","meta":[],"product_brand":[],"product_cat":[2175,2786,2792,2797,2817,2187,4221,2889,4019],"product_tag":[],"class_list":{"0":"post-74157","1":"product","2":"type-product","3":"status-publish","4":"has-post-thumbnail","6":"product_cat-hyundai-es","7":"product_cat-h1-es","8":"product_cat-i-30-hyundai-es","9":"product_cat-ix35-es","10":"product_cat-tucson-es","11":"product_cat-kia-es","12":"product_cat-ceed-ii-jd-es","13":"product_cat-sportage-iii-es","14":"product_cat-sportage-iv-es","16":"first","17":"instock","18":"shipping-taxable","19":"purchasable","20":"product-type-simple"},"yoast_head":"<!-- This site is optimized with the Yoast SEO Premium plugin v23.0 (Yoast SEO v27.4) - https:\/\/yoast.com\/product\/yoast-seo-premium-wordpress\/ -->\n<title>Silentblocks de brazo inferior delantero para Kia Sportage III\/IV, Carens, Ceed, Hyundai H-1, Tucson, I-30, IX-35 - SILENT BLOCKS<\/title>\n<meta name=\"description\" content=\"Casquillos delanteros de brazo inferior para Kia Sportage III\/IV, Carens, Ceed, Hyundai H-1, Tucson, I-30, IX-35, compatibles OEM 54584-2S000, 54584-3S000\" \/>\n<meta name=\"robots\" content=\"index, follow, max-snippet:-1, max-image-preview:large, max-video-preview:-1\" \/>\n<link rel=\"canonical\" href=\"https:\/\/www.silentblocks.com\/es\/producto\/bloqueos-silenciosos-de-brazo-interno-delantero-para-kia-sport-iii-iv-carens-ceed-hyundai-h-1-tucson-i-30-ix-35\/\" \/>\n<meta property=\"og:locale\" content=\"es_ES\" \/>\n<meta property=\"og:type\" content=\"article\" \/>\n<meta property=\"og:title\" content=\"Silentblocks de brazo inferior delantero para Kia Sportage III\/IV, Carens, Ceed, Hyundai H-1, Tucson, I-30, IX-35\" \/>\n<meta property=\"og:description\" content=\"Casquillos delanteros de brazo inferior para Kia Sportage III\/IV, Carens, Ceed, Hyundai H-1, Tucson, I-30, IX-35, compatibles OEM 54584-2S000, 54584-3S000\" \/>\n<meta property=\"og:url\" content=\"https:\/\/www.silentblocks.com\/es\/producto\/bloqueos-silenciosos-de-brazo-interno-delantero-para-kia-sport-iii-iv-carens-ceed-hyundai-h-1-tucson-i-30-ix-35\/\" \/>\n<meta property=\"og:site_name\" content=\"SILENT BLOCKS\" \/>\n<meta property=\"article:modified_time\" content=\"2026-02-17T20:58:50+00:00\" \/>\n<meta property=\"og:image\" content=\"https:\/\/www.silentblocks.com\/wp-content\/uploads\/2026\/02\/D1075-2.jpg\" \/>\n\t<meta property=\"og:image:width\" content=\"1000\" \/>\n\t<meta property=\"og:image:height\" content=\"1000\" \/>\n\t<meta property=\"og:image:type\" content=\"image\/jpeg\" \/>\n<meta name=\"twitter:card\" content=\"summary_large_image\" \/>\n<meta name=\"twitter:label1\" content=\"Tiempo de lectura\" \/>\n\t<meta name=\"twitter:data1\" content=\"1 minuto\" \/>\n<script type=\"application\/ld+json\" class=\"yoast-schema-graph\">{\"@context\":\"https:\\\/\\\/schema.org\",\"@graph\":[{\"@type\":\"WebPage\",\"@id\":\"https:\\\/\\\/www.silentblocks.com\\\/es\\\/producto\\\/bloqueos-silenciosos-de-brazo-interno-delantero-para-kia-sport-iii-iv-carens-ceed-hyundai-h-1-tucson-i-30-ix-35\\\/\",\"url\":\"https:\\\/\\\/www.silentblocks.com\\\/es\\\/producto\\\/bloqueos-silenciosos-de-brazo-interno-delantero-para-kia-sport-iii-iv-carens-ceed-hyundai-h-1-tucson-i-30-ix-35\\\/\",\"name\":\"Silentblocks de brazo inferior delantero para Kia Sportage III\\\/IV, Carens, Ceed, Hyundai H-1, Tucson, I-30, IX-35 - SILENT BLOCKS\",\"isPartOf\":{\"@id\":\"https:\\\/\\\/www.silentblocks.com\\\/es\\\/#website\"},\"primaryImageOfPage\":{\"@id\":\"https:\\\/\\\/www.silentblocks.com\\\/es\\\/producto\\\/bloqueos-silenciosos-de-brazo-interno-delantero-para-kia-sport-iii-iv-carens-ceed-hyundai-h-1-tucson-i-30-ix-35\\\/#primaryimage\"},\"image\":{\"@id\":\"https:\\\/\\\/www.silentblocks.com\\\/es\\\/producto\\\/bloqueos-silenciosos-de-brazo-interno-delantero-para-kia-sport-iii-iv-carens-ceed-hyundai-h-1-tucson-i-30-ix-35\\\/#primaryimage\"},\"thumbnailUrl\":\"https:\\\/\\\/www.silentblocks.com\\\/wp-content\\\/uploads\\\/2026\\\/02\\\/D1075-2.jpg\",\"datePublished\":\"2023-08-02T12:59:40+00:00\",\"dateModified\":\"2026-02-17T20:58:50+00:00\",\"description\":\"Casquillos delanteros de brazo inferior para Kia Sportage III\\\/IV, Carens, Ceed, Hyundai H-1, Tucson, I-30, IX-35, compatibles OEM 54584-2S000, 54584-3S000\",\"breadcrumb\":{\"@id\":\"https:\\\/\\\/www.silentblocks.com\\\/es\\\/producto\\\/bloqueos-silenciosos-de-brazo-interno-delantero-para-kia-sport-iii-iv-carens-ceed-hyundai-h-1-tucson-i-30-ix-35\\\/#breadcrumb\"},\"inLanguage\":\"es\",\"potentialAction\":[{\"@type\":\"ReadAction\",\"target\":[\"https:\\\/\\\/www.silentblocks.com\\\/es\\\/producto\\\/bloqueos-silenciosos-de-brazo-interno-delantero-para-kia-sport-iii-iv-carens-ceed-hyundai-h-1-tucson-i-30-ix-35\\\/\"]}]},{\"@type\":\"ImageObject\",\"inLanguage\":\"es\",\"@id\":\"https:\\\/\\\/www.silentblocks.com\\\/es\\\/producto\\\/bloqueos-silenciosos-de-brazo-interno-delantero-para-kia-sport-iii-iv-carens-ceed-hyundai-h-1-tucson-i-30-ix-35\\\/#primaryimage\",\"url\":\"https:\\\/\\\/www.silentblocks.com\\\/wp-content\\\/uploads\\\/2026\\\/02\\\/D1075-2.jpg\",\"contentUrl\":\"https:\\\/\\\/www.silentblocks.com\\\/wp-content\\\/uploads\\\/2026\\\/02\\\/D1075-2.jpg\",\"width\":1000,\"height\":1000},{\"@type\":\"BreadcrumbList\",\"@id\":\"https:\\\/\\\/www.silentblocks.com\\\/es\\\/producto\\\/bloqueos-silenciosos-de-brazo-interno-delantero-para-kia-sport-iii-iv-carens-ceed-hyundai-h-1-tucson-i-30-ix-35\\\/#breadcrumb\",\"itemListElement\":[{\"@type\":\"ListItem\",\"position\":1,\"name\":\"In\u00edcio\",\"item\":\"https:\\\/\\\/www.silentblocks.com\\\/es\\\/\"},{\"@type\":\"ListItem\",\"position\":2,\"name\":\"Page boutique\",\"item\":\"https:\\\/\\\/www.silentblocks.com\\\/es\\\/shop-2\\\/\"},{\"@type\":\"ListItem\",\"position\":3,\"name\":\"Silentblocks de brazo inferior delantero para Kia Sportage III\\\/IV, Carens, Ceed, Hyundai H-1, Tucson, I-30, IX-35\"}]},{\"@type\":\"WebSite\",\"@id\":\"https:\\\/\\\/www.silentblocks.com\\\/es\\\/#website\",\"url\":\"https:\\\/\\\/www.silentblocks.com\\\/es\\\/\",\"name\":\"SILENTBLOCKS\",\"description\":\"Secure on the road\",\"publisher\":{\"@id\":\"https:\\\/\\\/www.silentblocks.com\\\/es\\\/#organization\"},\"potentialAction\":[{\"@type\":\"SearchAction\",\"target\":{\"@type\":\"EntryPoint\",\"urlTemplate\":\"https:\\\/\\\/www.silentblocks.com\\\/es\\\/?s={search_term_string}\"},\"query-input\":{\"@type\":\"PropertyValueSpecification\",\"valueRequired\":true,\"valueName\":\"search_term_string\"}}],\"inLanguage\":\"es\"},{\"@type\":\"Organization\",\"@id\":\"https:\\\/\\\/www.silentblocks.com\\\/es\\\/#organization\",\"name\":\"SILENTBLOCKS\",\"url\":\"https:\\\/\\\/www.silentblocks.com\\\/es\\\/\",\"logo\":{\"@type\":\"ImageObject\",\"inLanguage\":\"es\",\"@id\":\"https:\\\/\\\/www.silentblocks.com\\\/es\\\/#\\\/schema\\\/logo\\\/image\\\/\",\"url\":\"https:\\\/\\\/www.silentblocks.com\\\/wp-content\\\/uploads\\\/2023\\\/07\\\/logo211-sem-fundo_2012-PARA-BOUTIQUE-EBAY.png\",\"contentUrl\":\"https:\\\/\\\/www.silentblocks.com\\\/wp-content\\\/uploads\\\/2023\\\/07\\\/logo211-sem-fundo_2012-PARA-BOUTIQUE-EBAY.png\",\"width\":300,\"height\":190,\"caption\":\"SILENTBLOCKS\"},\"image\":{\"@id\":\"https:\\\/\\\/www.silentblocks.com\\\/es\\\/#\\\/schema\\\/logo\\\/image\\\/\"}}]}<\/script>\n<!-- \/ Yoast SEO Premium plugin. -->","yoast_head_json":{"title":"Silentblocks de brazo inferior delantero para Kia Sportage III\/IV, Carens, Ceed, Hyundai H-1, Tucson, I-30, IX-35 - SILENT BLOCKS","description":"Casquillos delanteros de brazo inferior para Kia Sportage III\/IV, Carens, Ceed, Hyundai H-1, Tucson, I-30, IX-35, compatibles OEM 54584-2S000, 54584-3S000","robots":{"index":"index","follow":"follow","max-snippet":"max-snippet:-1","max-image-preview":"max-image-preview:large","max-video-preview":"max-video-preview:-1"},"canonical":"https:\/\/www.silentblocks.com\/es\/producto\/bloqueos-silenciosos-de-brazo-interno-delantero-para-kia-sport-iii-iv-carens-ceed-hyundai-h-1-tucson-i-30-ix-35\/","og_locale":"es_ES","og_type":"article","og_title":"Silentblocks de brazo inferior delantero para Kia Sportage III\/IV, Carens, Ceed, Hyundai H-1, Tucson, I-30, IX-35","og_description":"Casquillos delanteros de brazo inferior para Kia Sportage III\/IV, Carens, Ceed, Hyundai H-1, Tucson, I-30, IX-35, compatibles OEM 54584-2S000, 54584-3S000","og_url":"https:\/\/www.silentblocks.com\/es\/producto\/bloqueos-silenciosos-de-brazo-interno-delantero-para-kia-sport-iii-iv-carens-ceed-hyundai-h-1-tucson-i-30-ix-35\/","og_site_name":"SILENT BLOCKS","article_modified_time":"2026-02-17T20:58:50+00:00","og_image":[{"width":1000,"height":1000,"url":"https:\/\/www.silentblocks.com\/wp-content\/uploads\/2026\/02\/D1075-2.jpg","type":"image\/jpeg"}],"twitter_card":"summary_large_image","twitter_misc":{"Tiempo de lectura":"1 minuto"},"schema":{"@context":"https:\/\/schema.org","@graph":[{"@type":"WebPage","@id":"https:\/\/www.silentblocks.com\/es\/producto\/bloqueos-silenciosos-de-brazo-interno-delantero-para-kia-sport-iii-iv-carens-ceed-hyundai-h-1-tucson-i-30-ix-35\/","url":"https:\/\/www.silentblocks.com\/es\/producto\/bloqueos-silenciosos-de-brazo-interno-delantero-para-kia-sport-iii-iv-carens-ceed-hyundai-h-1-tucson-i-30-ix-35\/","name":"Silentblocks de brazo inferior delantero para Kia Sportage III\/IV, Carens, Ceed, Hyundai H-1, Tucson, I-30, IX-35 - SILENT BLOCKS","isPartOf":{"@id":"https:\/\/www.silentblocks.com\/es\/#website"},"primaryImageOfPage":{"@id":"https:\/\/www.silentblocks.com\/es\/producto\/bloqueos-silenciosos-de-brazo-interno-delantero-para-kia-sport-iii-iv-carens-ceed-hyundai-h-1-tucson-i-30-ix-35\/#primaryimage"},"image":{"@id":"https:\/\/www.silentblocks.com\/es\/producto\/bloqueos-silenciosos-de-brazo-interno-delantero-para-kia-sport-iii-iv-carens-ceed-hyundai-h-1-tucson-i-30-ix-35\/#primaryimage"},"thumbnailUrl":"https:\/\/www.silentblocks.com\/wp-content\/uploads\/2026\/02\/D1075-2.jpg","datePublished":"2023-08-02T12:59:40+00:00","dateModified":"2026-02-17T20:58:50+00:00","description":"Casquillos delanteros de brazo inferior para Kia Sportage III\/IV, Carens, Ceed, Hyundai H-1, Tucson, I-30, IX-35, compatibles OEM 54584-2S000, 54584-3S000","breadcrumb":{"@id":"https:\/\/www.silentblocks.com\/es\/producto\/bloqueos-silenciosos-de-brazo-interno-delantero-para-kia-sport-iii-iv-carens-ceed-hyundai-h-1-tucson-i-30-ix-35\/#breadcrumb"},"inLanguage":"es","potentialAction":[{"@type":"ReadAction","target":["https:\/\/www.silentblocks.com\/es\/producto\/bloqueos-silenciosos-de-brazo-interno-delantero-para-kia-sport-iii-iv-carens-ceed-hyundai-h-1-tucson-i-30-ix-35\/"]}]},{"@type":"ImageObject","inLanguage":"es","@id":"https:\/\/www.silentblocks.com\/es\/producto\/bloqueos-silenciosos-de-brazo-interno-delantero-para-kia-sport-iii-iv-carens-ceed-hyundai-h-1-tucson-i-30-ix-35\/#primaryimage","url":"https:\/\/www.silentblocks.com\/wp-content\/uploads\/2026\/02\/D1075-2.jpg","contentUrl":"https:\/\/www.silentblocks.com\/wp-content\/uploads\/2026\/02\/D1075-2.jpg","width":1000,"height":1000},{"@type":"BreadcrumbList","@id":"https:\/\/www.silentblocks.com\/es\/producto\/bloqueos-silenciosos-de-brazo-interno-delantero-para-kia-sport-iii-iv-carens-ceed-hyundai-h-1-tucson-i-30-ix-35\/#breadcrumb","itemListElement":[{"@type":"ListItem","position":1,"name":"In\u00edcio","item":"https:\/\/www.silentblocks.com\/es\/"},{"@type":"ListItem","position":2,"name":"Page boutique","item":"https:\/\/www.silentblocks.com\/es\/shop-2\/"},{"@type":"ListItem","position":3,"name":"Silentblocks de brazo inferior delantero para Kia Sportage III\/IV, Carens, Ceed, Hyundai H-1, Tucson, I-30, IX-35"}]},{"@type":"WebSite","@id":"https:\/\/www.silentblocks.com\/es\/#website","url":"https:\/\/www.silentblocks.com\/es\/","name":"SILENTBLOCKS","description":"Secure on the road","publisher":{"@id":"https:\/\/www.silentblocks.com\/es\/#organization"},"potentialAction":[{"@type":"SearchAction","target":{"@type":"EntryPoint","urlTemplate":"https:\/\/www.silentblocks.com\/es\/?s={search_term_string}"},"query-input":{"@type":"PropertyValueSpecification","valueRequired":true,"valueName":"search_term_string"}}],"inLanguage":"es"},{"@type":"Organization","@id":"https:\/\/www.silentblocks.com\/es\/#organization","name":"SILENTBLOCKS","url":"https:\/\/www.silentblocks.com\/es\/","logo":{"@type":"ImageObject","inLanguage":"es","@id":"https:\/\/www.silentblocks.com\/es\/#\/schema\/logo\/image\/","url":"https:\/\/www.silentblocks.com\/wp-content\/uploads\/2023\/07\/logo211-sem-fundo_2012-PARA-BOUTIQUE-EBAY.png","contentUrl":"https:\/\/www.silentblocks.com\/wp-content\/uploads\/2023\/07\/logo211-sem-fundo_2012-PARA-BOUTIQUE-EBAY.png","width":300,"height":190,"caption":"SILENTBLOCKS"},"image":{"@id":"https:\/\/www.silentblocks.com\/es\/#\/schema\/logo\/image\/"}}]}},"_links":{"self":[{"href":"https:\/\/www.silentblocks.com\/es\/wp-json\/wp\/v2\/product\/74157","targetHints":{"allow":["GET"]}}],"collection":[{"href":"https:\/\/www.silentblocks.com\/es\/wp-json\/wp\/v2\/product"}],"about":[{"href":"https:\/\/www.silentblocks.com\/es\/wp-json\/wp\/v2\/types\/product"}],"version-history":[{"count":0,"href":"https:\/\/www.silentblocks.com\/es\/wp-json\/wp\/v2\/product\/74157\/revisions"}],"wp:featuredmedia":[{"embeddable":true,"href":"https:\/\/www.silentblocks.com\/es\/wp-json\/wp\/v2\/media\/130073"}],"wp:attachment":[{"href":"https:\/\/www.silentblocks.com\/es\/wp-json\/wp\/v2\/media?parent=74157"}],"wp:term":[{"taxonomy":"product_brand","embeddable":true,"href":"https:\/\/www.silentblocks.com\/es\/wp-json\/wp\/v2\/product_brand?post=74157"},{"taxonomy":"product_cat","embeddable":true,"href":"https:\/\/www.silentblocks.com\/es\/wp-json\/wp\/v2\/product_cat?post=74157"},{"taxonomy":"product_tag","embeddable":true,"href":"https:\/\/www.silentblocks.com\/es\/wp-json\/wp\/v2\/product_tag?post=74157"}],"curies":[{"name":"wp","href":"https:\/\/api.w.org\/{rel}","templated":true}]}}