{"id":74298,"date":"2023-07-21T16:26:09","date_gmt":"2023-07-21T16:26:09","guid":{"rendered":"https:\/\/www.silentblocks.com\/product\/silentblocs-de-barre-stabilisatrice-arriere-pour-landrover-discovery-iii-2\/"},"modified":"2026-02-17T20:59:10","modified_gmt":"2026-02-17T20:59:10","slug":"silentblocs-de-barre-stabilisatrice-arriere-pour-landrover-discovery-iii-2","status":"publish","type":"product","link":"https:\/\/www.silentblocks.com\/es\/producto\/silentblocs-de-barre-stabilisatrice-arriere-pour-landrover-discovery-iii-2\/","title":{"rendered":"Bujes para barra estabilizadora trasera para Landrover Discovery III"},"content":{"rendered":"<p>2 Bujes para barra estabilizadora trasera, compatible con los siguientes veh\u00edculos:<br \/>\nLand Rover Discovery-III (10.2004-09.2009)<br \/>\nModelos: LA<br \/>\nMotores: 2.7&gt;4.4<\/p>\n<p>Referencias del fabricante (c\u00f3digo OEM) s\u00f3lo a t\u00edtulo informativo :<br \/>\nLR015336, RGX500060<\/p>\n<p>Piezas nuevas, se vende con factura. Todos nuestros productos tienen 2 a\u00f1os de garant\u00eda.<\/p>\n","protected":false},"excerpt":{"rendered":"<p>2 Bujes para barra estabilizadora trasera, compatible con los siguientes veh\u00edculos: Land Rover Discovery-III (10.2004-09.2009) Modelos: LA Motores: 2.7&gt;4.4 Referencias del fabricante (c\u00f3digo OEM) s\u00f3lo a t\u00edtulo informativo : LR015336, RGX500060 Piezas nuevas, se vende con factura. Todos nuestros productos tienen 2 a\u00f1os de garant\u00eda.<\/p>\n","protected":false},"featured_media":129929,"template":"","meta":[],"product_brand":[],"product_cat":[2193,2936],"product_tag":[],"class_list":{"0":"post-74298","1":"product","2":"type-product","3":"status-publish","4":"has-post-thumbnail","6":"product_cat-land-rover-es","7":"product_cat-discovery-iii-es","9":"first","10":"instock","11":"shipping-taxable","12":"purchasable","13":"product-type-simple"},"yoast_head":"<!-- This site is optimized with the Yoast SEO Premium plugin v23.0 (Yoast SEO v27.4) - https:\/\/yoast.com\/product\/yoast-seo-premium-wordpress\/ -->\n<title>Bujes para barra estabilizadora trasera para Landrover Discovery III - SILENT BLOCKS<\/title>\n<meta name=\"description\" content=\"Casquillos para barra estabilizadora trasera (barra estabilizadora trasera) para Landrover Discovery III, compatible OEM LR015336, RGX500060\" \/>\n<meta name=\"robots\" content=\"index, follow, max-snippet:-1, max-image-preview:large, max-video-preview:-1\" \/>\n<link rel=\"canonical\" href=\"https:\/\/www.silentblocks.com\/es\/producto\/silentblocs-de-barre-stabilisatrice-arriere-pour-landrover-discovery-iii-2\/\" \/>\n<meta property=\"og:locale\" content=\"es_ES\" \/>\n<meta property=\"og:type\" content=\"article\" \/>\n<meta property=\"og:title\" content=\"Bujes para barra estabilizadora trasera para Landrover Discovery III\" \/>\n<meta property=\"og:description\" content=\"Casquillos para barra estabilizadora trasera (barra estabilizadora trasera) para Landrover Discovery III, compatible OEM LR015336, RGX500060\" \/>\n<meta property=\"og:url\" content=\"https:\/\/www.silentblocks.com\/es\/producto\/silentblocs-de-barre-stabilisatrice-arriere-pour-landrover-discovery-iii-2\/\" \/>\n<meta property=\"og:site_name\" content=\"SILENT BLOCKS\" \/>\n<meta property=\"article:modified_time\" content=\"2026-02-17T20:59:10+00:00\" \/>\n<meta property=\"og:image\" content=\"https:\/\/www.silentblocks.com\/wp-content\/uploads\/2026\/02\/D1065-2.jpg\" \/>\n\t<meta property=\"og:image:width\" content=\"1000\" \/>\n\t<meta property=\"og:image:height\" content=\"1000\" \/>\n\t<meta property=\"og:image:type\" content=\"image\/jpeg\" \/>\n<meta name=\"twitter:card\" content=\"summary_large_image\" \/>\n<script type=\"application\/ld+json\" class=\"yoast-schema-graph\">{\"@context\":\"https:\\\/\\\/schema.org\",\"@graph\":[{\"@type\":\"WebPage\",\"@id\":\"https:\\\/\\\/www.silentblocks.com\\\/es\\\/producto\\\/silentblocs-de-barre-stabilisatrice-arriere-pour-landrover-discovery-iii-2\\\/\",\"url\":\"https:\\\/\\\/www.silentblocks.com\\\/es\\\/producto\\\/silentblocs-de-barre-stabilisatrice-arriere-pour-landrover-discovery-iii-2\\\/\",\"name\":\"Bujes para barra estabilizadora trasera para Landrover Discovery III - SILENT BLOCKS\",\"isPartOf\":{\"@id\":\"https:\\\/\\\/www.silentblocks.com\\\/es\\\/#website\"},\"primaryImageOfPage\":{\"@id\":\"https:\\\/\\\/www.silentblocks.com\\\/es\\\/producto\\\/silentblocs-de-barre-stabilisatrice-arriere-pour-landrover-discovery-iii-2\\\/#primaryimage\"},\"image\":{\"@id\":\"https:\\\/\\\/www.silentblocks.com\\\/es\\\/producto\\\/silentblocs-de-barre-stabilisatrice-arriere-pour-landrover-discovery-iii-2\\\/#primaryimage\"},\"thumbnailUrl\":\"https:\\\/\\\/www.silentblocks.com\\\/wp-content\\\/uploads\\\/2026\\\/02\\\/D1065-2.jpg\",\"datePublished\":\"2023-07-21T16:26:09+00:00\",\"dateModified\":\"2026-02-17T20:59:10+00:00\",\"description\":\"Casquillos para barra estabilizadora trasera (barra estabilizadora trasera) para Landrover Discovery III, compatible OEM LR015336, RGX500060\",\"breadcrumb\":{\"@id\":\"https:\\\/\\\/www.silentblocks.com\\\/es\\\/producto\\\/silentblocs-de-barre-stabilisatrice-arriere-pour-landrover-discovery-iii-2\\\/#breadcrumb\"},\"inLanguage\":\"es\",\"potentialAction\":[{\"@type\":\"ReadAction\",\"target\":[\"https:\\\/\\\/www.silentblocks.com\\\/es\\\/producto\\\/silentblocs-de-barre-stabilisatrice-arriere-pour-landrover-discovery-iii-2\\\/\"]}]},{\"@type\":\"ImageObject\",\"inLanguage\":\"es\",\"@id\":\"https:\\\/\\\/www.silentblocks.com\\\/es\\\/producto\\\/silentblocs-de-barre-stabilisatrice-arriere-pour-landrover-discovery-iii-2\\\/#primaryimage\",\"url\":\"https:\\\/\\\/www.silentblocks.com\\\/wp-content\\\/uploads\\\/2026\\\/02\\\/D1065-2.jpg\",\"contentUrl\":\"https:\\\/\\\/www.silentblocks.com\\\/wp-content\\\/uploads\\\/2026\\\/02\\\/D1065-2.jpg\",\"width\":1000,\"height\":1000},{\"@type\":\"BreadcrumbList\",\"@id\":\"https:\\\/\\\/www.silentblocks.com\\\/es\\\/producto\\\/silentblocs-de-barre-stabilisatrice-arriere-pour-landrover-discovery-iii-2\\\/#breadcrumb\",\"itemListElement\":[{\"@type\":\"ListItem\",\"position\":1,\"name\":\"In\u00edcio\",\"item\":\"https:\\\/\\\/www.silentblocks.com\\\/es\\\/\"},{\"@type\":\"ListItem\",\"position\":2,\"name\":\"Page boutique\",\"item\":\"https:\\\/\\\/www.silentblocks.com\\\/es\\\/shop-2\\\/\"},{\"@type\":\"ListItem\",\"position\":3,\"name\":\"Bujes para barra estabilizadora trasera para Landrover Discovery III\"}]},{\"@type\":\"WebSite\",\"@id\":\"https:\\\/\\\/www.silentblocks.com\\\/es\\\/#website\",\"url\":\"https:\\\/\\\/www.silentblocks.com\\\/es\\\/\",\"name\":\"SILENTBLOCKS\",\"description\":\"Secure on the road\",\"publisher\":{\"@id\":\"https:\\\/\\\/www.silentblocks.com\\\/es\\\/#organization\"},\"potentialAction\":[{\"@type\":\"SearchAction\",\"target\":{\"@type\":\"EntryPoint\",\"urlTemplate\":\"https:\\\/\\\/www.silentblocks.com\\\/es\\\/?s={search_term_string}\"},\"query-input\":{\"@type\":\"PropertyValueSpecification\",\"valueRequired\":true,\"valueName\":\"search_term_string\"}}],\"inLanguage\":\"es\"},{\"@type\":\"Organization\",\"@id\":\"https:\\\/\\\/www.silentblocks.com\\\/es\\\/#organization\",\"name\":\"SILENTBLOCKS\",\"url\":\"https:\\\/\\\/www.silentblocks.com\\\/es\\\/\",\"logo\":{\"@type\":\"ImageObject\",\"inLanguage\":\"es\",\"@id\":\"https:\\\/\\\/www.silentblocks.com\\\/es\\\/#\\\/schema\\\/logo\\\/image\\\/\",\"url\":\"https:\\\/\\\/www.silentblocks.com\\\/wp-content\\\/uploads\\\/2023\\\/07\\\/logo211-sem-fundo_2012-PARA-BOUTIQUE-EBAY.png\",\"contentUrl\":\"https:\\\/\\\/www.silentblocks.com\\\/wp-content\\\/uploads\\\/2023\\\/07\\\/logo211-sem-fundo_2012-PARA-BOUTIQUE-EBAY.png\",\"width\":300,\"height\":190,\"caption\":\"SILENTBLOCKS\"},\"image\":{\"@id\":\"https:\\\/\\\/www.silentblocks.com\\\/es\\\/#\\\/schema\\\/logo\\\/image\\\/\"}}]}<\/script>\n<!-- \/ Yoast SEO Premium plugin. -->","yoast_head_json":{"title":"Bujes para barra estabilizadora trasera para Landrover Discovery III - SILENT BLOCKS","description":"Casquillos para barra estabilizadora trasera (barra estabilizadora trasera) para Landrover Discovery III, compatible OEM LR015336, RGX500060","robots":{"index":"index","follow":"follow","max-snippet":"max-snippet:-1","max-image-preview":"max-image-preview:large","max-video-preview":"max-video-preview:-1"},"canonical":"https:\/\/www.silentblocks.com\/es\/producto\/silentblocs-de-barre-stabilisatrice-arriere-pour-landrover-discovery-iii-2\/","og_locale":"es_ES","og_type":"article","og_title":"Bujes para barra estabilizadora trasera para Landrover Discovery III","og_description":"Casquillos para barra estabilizadora trasera (barra estabilizadora trasera) para Landrover Discovery III, compatible OEM LR015336, RGX500060","og_url":"https:\/\/www.silentblocks.com\/es\/producto\/silentblocs-de-barre-stabilisatrice-arriere-pour-landrover-discovery-iii-2\/","og_site_name":"SILENT BLOCKS","article_modified_time":"2026-02-17T20:59:10+00:00","og_image":[{"width":1000,"height":1000,"url":"https:\/\/www.silentblocks.com\/wp-content\/uploads\/2026\/02\/D1065-2.jpg","type":"image\/jpeg"}],"twitter_card":"summary_large_image","schema":{"@context":"https:\/\/schema.org","@graph":[{"@type":"WebPage","@id":"https:\/\/www.silentblocks.com\/es\/producto\/silentblocs-de-barre-stabilisatrice-arriere-pour-landrover-discovery-iii-2\/","url":"https:\/\/www.silentblocks.com\/es\/producto\/silentblocs-de-barre-stabilisatrice-arriere-pour-landrover-discovery-iii-2\/","name":"Bujes para barra estabilizadora trasera para Landrover Discovery III - SILENT BLOCKS","isPartOf":{"@id":"https:\/\/www.silentblocks.com\/es\/#website"},"primaryImageOfPage":{"@id":"https:\/\/www.silentblocks.com\/es\/producto\/silentblocs-de-barre-stabilisatrice-arriere-pour-landrover-discovery-iii-2\/#primaryimage"},"image":{"@id":"https:\/\/www.silentblocks.com\/es\/producto\/silentblocs-de-barre-stabilisatrice-arriere-pour-landrover-discovery-iii-2\/#primaryimage"},"thumbnailUrl":"https:\/\/www.silentblocks.com\/wp-content\/uploads\/2026\/02\/D1065-2.jpg","datePublished":"2023-07-21T16:26:09+00:00","dateModified":"2026-02-17T20:59:10+00:00","description":"Casquillos para barra estabilizadora trasera (barra estabilizadora trasera) para Landrover Discovery III, compatible OEM LR015336, RGX500060","breadcrumb":{"@id":"https:\/\/www.silentblocks.com\/es\/producto\/silentblocs-de-barre-stabilisatrice-arriere-pour-landrover-discovery-iii-2\/#breadcrumb"},"inLanguage":"es","potentialAction":[{"@type":"ReadAction","target":["https:\/\/www.silentblocks.com\/es\/producto\/silentblocs-de-barre-stabilisatrice-arriere-pour-landrover-discovery-iii-2\/"]}]},{"@type":"ImageObject","inLanguage":"es","@id":"https:\/\/www.silentblocks.com\/es\/producto\/silentblocs-de-barre-stabilisatrice-arriere-pour-landrover-discovery-iii-2\/#primaryimage","url":"https:\/\/www.silentblocks.com\/wp-content\/uploads\/2026\/02\/D1065-2.jpg","contentUrl":"https:\/\/www.silentblocks.com\/wp-content\/uploads\/2026\/02\/D1065-2.jpg","width":1000,"height":1000},{"@type":"BreadcrumbList","@id":"https:\/\/www.silentblocks.com\/es\/producto\/silentblocs-de-barre-stabilisatrice-arriere-pour-landrover-discovery-iii-2\/#breadcrumb","itemListElement":[{"@type":"ListItem","position":1,"name":"In\u00edcio","item":"https:\/\/www.silentblocks.com\/es\/"},{"@type":"ListItem","position":2,"name":"Page boutique","item":"https:\/\/www.silentblocks.com\/es\/shop-2\/"},{"@type":"ListItem","position":3,"name":"Bujes para barra estabilizadora trasera para Landrover Discovery III"}]},{"@type":"WebSite","@id":"https:\/\/www.silentblocks.com\/es\/#website","url":"https:\/\/www.silentblocks.com\/es\/","name":"SILENTBLOCKS","description":"Secure on the road","publisher":{"@id":"https:\/\/www.silentblocks.com\/es\/#organization"},"potentialAction":[{"@type":"SearchAction","target":{"@type":"EntryPoint","urlTemplate":"https:\/\/www.silentblocks.com\/es\/?s={search_term_string}"},"query-input":{"@type":"PropertyValueSpecification","valueRequired":true,"valueName":"search_term_string"}}],"inLanguage":"es"},{"@type":"Organization","@id":"https:\/\/www.silentblocks.com\/es\/#organization","name":"SILENTBLOCKS","url":"https:\/\/www.silentblocks.com\/es\/","logo":{"@type":"ImageObject","inLanguage":"es","@id":"https:\/\/www.silentblocks.com\/es\/#\/schema\/logo\/image\/","url":"https:\/\/www.silentblocks.com\/wp-content\/uploads\/2023\/07\/logo211-sem-fundo_2012-PARA-BOUTIQUE-EBAY.png","contentUrl":"https:\/\/www.silentblocks.com\/wp-content\/uploads\/2023\/07\/logo211-sem-fundo_2012-PARA-BOUTIQUE-EBAY.png","width":300,"height":190,"caption":"SILENTBLOCKS"},"image":{"@id":"https:\/\/www.silentblocks.com\/es\/#\/schema\/logo\/image\/"}}]}},"_links":{"self":[{"href":"https:\/\/www.silentblocks.com\/es\/wp-json\/wp\/v2\/product\/74298","targetHints":{"allow":["GET"]}}],"collection":[{"href":"https:\/\/www.silentblocks.com\/es\/wp-json\/wp\/v2\/product"}],"about":[{"href":"https:\/\/www.silentblocks.com\/es\/wp-json\/wp\/v2\/types\/product"}],"version-history":[{"count":0,"href":"https:\/\/www.silentblocks.com\/es\/wp-json\/wp\/v2\/product\/74298\/revisions"}],"wp:featuredmedia":[{"embeddable":true,"href":"https:\/\/www.silentblocks.com\/es\/wp-json\/wp\/v2\/media\/129929"}],"wp:attachment":[{"href":"https:\/\/www.silentblocks.com\/es\/wp-json\/wp\/v2\/media?parent=74298"}],"wp:term":[{"taxonomy":"product_brand","embeddable":true,"href":"https:\/\/www.silentblocks.com\/es\/wp-json\/wp\/v2\/product_brand?post=74298"},{"taxonomy":"product_cat","embeddable":true,"href":"https:\/\/www.silentblocks.com\/es\/wp-json\/wp\/v2\/product_cat?post=74298"},{"taxonomy":"product_tag","embeddable":true,"href":"https:\/\/www.silentblocks.com\/es\/wp-json\/wp\/v2\/product_tag?post=74298"}],"curies":[{"name":"wp","href":"https:\/\/api.w.org\/{rel}","templated":true}]}}