{"id":74385,"date":"2023-07-21T14:47:48","date_gmt":"2023-07-21T14:47:48","guid":{"rendered":"https:\/\/www.silentblocks.com\/product\/listones-de-salida-de-parachoques-para-renault-master-iii-nissan-nv400-opel-movano\/"},"modified":"2026-02-17T20:59:26","modified_gmt":"2026-02-17T20:59:26","slug":"listones-de-salida-de-parachoques-para-renault-master-iii-nissan-nv400-opel-movano","status":"publish","type":"product","link":"https:\/\/www.silentblocks.com\/es\/producto\/listones-de-salida-de-parachoques-para-renault-master-iii-nissan-nv400-opel-movano\/","title":{"rendered":"Topes de ballesta traseros para Renault Master III, Nissan NV400, Opel Movano"},"content":{"rendered":"<p>2 topes de ballesta traseros, compatibles con los siguientes veh\u00edculos:<br \/>\nRenault Master (02.2011&gt;)<br \/>\nModelos: III, JV, EV, HV, UV, FV<br \/>\nMotores: 2.3<br \/>\nNissan NV400 (11.2011&gt;)<br \/>\nModelos: X62, X62B<br \/>\nMotores: 2.3<br \/>\nOpel Movano (05.2010&gt;)<br \/>\nModelo: B, X62<br \/>\nMotores: 2.3<\/p>\n<p>Referencias del fabricante (c\u00f3digo OEM) s\u00f3lo a t\u00edtulo informativo :<br \/>\n55464-00Q0C, 55464-00Q0D<\/p>\n<p>Piezas nuevas, se vende con factura. Todos nuestros productos tienen 2 a\u00f1os de garant\u00eda.<\/p>\n","protected":false},"excerpt":{"rendered":"<p>2 topes de ballesta traseros, compatibles con los siguientes veh\u00edculos: Renault Master (02.2011&gt;) Modelos: III, JV, EV, HV, UV, FV Motores: 2.3 Nissan NV400 (11.2011&gt;) Modelos: X62, X62B Motores: 2.3 Opel Movano (05.2010&gt;) Modelo: B, X62 Motores: 2.3 Referencias del fabricante (c\u00f3digo OEM) s\u00f3lo a t\u00edtulo informativo : 55464-00Q0C, 55464-00Q0D Piezas nuevas, se vende con [&hellip;]<\/p>\n","protected":false},"featured_media":129833,"template":"","meta":[],"product_brand":[],"product_cat":[2217,3306,2226,3433],"product_tag":[],"class_list":{"0":"post-74385","1":"product","2":"type-product","3":"status-publish","4":"has-post-thumbnail","6":"product_cat-opel-es","7":"product_cat-movano-b-es","8":"product_cat-renault-es","9":"product_cat-master-iii-es","11":"first","12":"instock","13":"shipping-taxable","14":"purchasable","15":"product-type-simple"},"yoast_head":"<!-- This site is optimized with the Yoast SEO Premium plugin v23.0 (Yoast SEO v27.4) - https:\/\/yoast.com\/product\/yoast-seo-premium-wordpress\/ -->\n<title>Topes de ballesta traseros para Renault Master III, Nissan NV400, Opel Movano - SILENT BLOCKS<\/title>\n<meta name=\"description\" content=\"Tope de ballesta trasero para Renault Master III, Nissan NV400, Opel Movano, compatible con OEM 55464-00Q0C, 55464-00Q0D\" \/>\n<meta name=\"robots\" content=\"index, follow, max-snippet:-1, max-image-preview:large, max-video-preview:-1\" \/>\n<link rel=\"canonical\" href=\"https:\/\/www.silentblocks.com\/es\/producto\/listones-de-salida-de-parachoques-para-renault-master-iii-nissan-nv400-opel-movano\/\" \/>\n<meta property=\"og:locale\" content=\"es_ES\" \/>\n<meta property=\"og:type\" content=\"article\" \/>\n<meta property=\"og:title\" content=\"Topes de ballesta traseros para Renault Master III, Nissan NV400, Opel Movano\" \/>\n<meta property=\"og:description\" content=\"Tope de ballesta trasero para Renault Master III, Nissan NV400, Opel Movano, compatible con OEM 55464-00Q0C, 55464-00Q0D\" \/>\n<meta property=\"og:url\" content=\"https:\/\/www.silentblocks.com\/es\/producto\/listones-de-salida-de-parachoques-para-renault-master-iii-nissan-nv400-opel-movano\/\" \/>\n<meta property=\"og:site_name\" content=\"SILENT BLOCKS\" \/>\n<meta property=\"article:modified_time\" content=\"2026-02-17T20:59:26+00:00\" \/>\n<meta property=\"og:image\" content=\"https:\/\/www.silentblocks.com\/wp-content\/uploads\/2026\/02\/D1007-2.jpg\" \/>\n\t<meta property=\"og:image:width\" content=\"1000\" \/>\n\t<meta property=\"og:image:height\" content=\"1000\" \/>\n\t<meta property=\"og:image:type\" content=\"image\/jpeg\" \/>\n<meta name=\"twitter:card\" content=\"summary_large_image\" \/>\n<script type=\"application\/ld+json\" class=\"yoast-schema-graph\">{\"@context\":\"https:\\\/\\\/schema.org\",\"@graph\":[{\"@type\":\"WebPage\",\"@id\":\"https:\\\/\\\/www.silentblocks.com\\\/es\\\/producto\\\/listones-de-salida-de-parachoques-para-renault-master-iii-nissan-nv400-opel-movano\\\/\",\"url\":\"https:\\\/\\\/www.silentblocks.com\\\/es\\\/producto\\\/listones-de-salida-de-parachoques-para-renault-master-iii-nissan-nv400-opel-movano\\\/\",\"name\":\"Topes de ballesta traseros para Renault Master III, Nissan NV400, Opel Movano - SILENT BLOCKS\",\"isPartOf\":{\"@id\":\"https:\\\/\\\/www.silentblocks.com\\\/es\\\/#website\"},\"primaryImageOfPage\":{\"@id\":\"https:\\\/\\\/www.silentblocks.com\\\/es\\\/producto\\\/listones-de-salida-de-parachoques-para-renault-master-iii-nissan-nv400-opel-movano\\\/#primaryimage\"},\"image\":{\"@id\":\"https:\\\/\\\/www.silentblocks.com\\\/es\\\/producto\\\/listones-de-salida-de-parachoques-para-renault-master-iii-nissan-nv400-opel-movano\\\/#primaryimage\"},\"thumbnailUrl\":\"https:\\\/\\\/www.silentblocks.com\\\/wp-content\\\/uploads\\\/2026\\\/02\\\/D1007-2.jpg\",\"datePublished\":\"2023-07-21T14:47:48+00:00\",\"dateModified\":\"2026-02-17T20:59:26+00:00\",\"description\":\"Tope de ballesta trasero para Renault Master III, Nissan NV400, Opel Movano, compatible con OEM 55464-00Q0C, 55464-00Q0D\",\"breadcrumb\":{\"@id\":\"https:\\\/\\\/www.silentblocks.com\\\/es\\\/producto\\\/listones-de-salida-de-parachoques-para-renault-master-iii-nissan-nv400-opel-movano\\\/#breadcrumb\"},\"inLanguage\":\"es\",\"potentialAction\":[{\"@type\":\"ReadAction\",\"target\":[\"https:\\\/\\\/www.silentblocks.com\\\/es\\\/producto\\\/listones-de-salida-de-parachoques-para-renault-master-iii-nissan-nv400-opel-movano\\\/\"]}]},{\"@type\":\"ImageObject\",\"inLanguage\":\"es\",\"@id\":\"https:\\\/\\\/www.silentblocks.com\\\/es\\\/producto\\\/listones-de-salida-de-parachoques-para-renault-master-iii-nissan-nv400-opel-movano\\\/#primaryimage\",\"url\":\"https:\\\/\\\/www.silentblocks.com\\\/wp-content\\\/uploads\\\/2026\\\/02\\\/D1007-2.jpg\",\"contentUrl\":\"https:\\\/\\\/www.silentblocks.com\\\/wp-content\\\/uploads\\\/2026\\\/02\\\/D1007-2.jpg\",\"width\":1000,\"height\":1000},{\"@type\":\"BreadcrumbList\",\"@id\":\"https:\\\/\\\/www.silentblocks.com\\\/es\\\/producto\\\/listones-de-salida-de-parachoques-para-renault-master-iii-nissan-nv400-opel-movano\\\/#breadcrumb\",\"itemListElement\":[{\"@type\":\"ListItem\",\"position\":1,\"name\":\"In\u00edcio\",\"item\":\"https:\\\/\\\/www.silentblocks.com\\\/es\\\/\"},{\"@type\":\"ListItem\",\"position\":2,\"name\":\"Page boutique\",\"item\":\"https:\\\/\\\/www.silentblocks.com\\\/es\\\/shop-2\\\/\"},{\"@type\":\"ListItem\",\"position\":3,\"name\":\"Topes de ballesta traseros para Renault Master III, Nissan NV400, Opel Movano\"}]},{\"@type\":\"WebSite\",\"@id\":\"https:\\\/\\\/www.silentblocks.com\\\/es\\\/#website\",\"url\":\"https:\\\/\\\/www.silentblocks.com\\\/es\\\/\",\"name\":\"SILENTBLOCKS\",\"description\":\"Secure on the road\",\"publisher\":{\"@id\":\"https:\\\/\\\/www.silentblocks.com\\\/es\\\/#organization\"},\"potentialAction\":[{\"@type\":\"SearchAction\",\"target\":{\"@type\":\"EntryPoint\",\"urlTemplate\":\"https:\\\/\\\/www.silentblocks.com\\\/es\\\/?s={search_term_string}\"},\"query-input\":{\"@type\":\"PropertyValueSpecification\",\"valueRequired\":true,\"valueName\":\"search_term_string\"}}],\"inLanguage\":\"es\"},{\"@type\":\"Organization\",\"@id\":\"https:\\\/\\\/www.silentblocks.com\\\/es\\\/#organization\",\"name\":\"SILENTBLOCKS\",\"url\":\"https:\\\/\\\/www.silentblocks.com\\\/es\\\/\",\"logo\":{\"@type\":\"ImageObject\",\"inLanguage\":\"es\",\"@id\":\"https:\\\/\\\/www.silentblocks.com\\\/es\\\/#\\\/schema\\\/logo\\\/image\\\/\",\"url\":\"https:\\\/\\\/www.silentblocks.com\\\/wp-content\\\/uploads\\\/2023\\\/07\\\/logo211-sem-fundo_2012-PARA-BOUTIQUE-EBAY.png\",\"contentUrl\":\"https:\\\/\\\/www.silentblocks.com\\\/wp-content\\\/uploads\\\/2023\\\/07\\\/logo211-sem-fundo_2012-PARA-BOUTIQUE-EBAY.png\",\"width\":300,\"height\":190,\"caption\":\"SILENTBLOCKS\"},\"image\":{\"@id\":\"https:\\\/\\\/www.silentblocks.com\\\/es\\\/#\\\/schema\\\/logo\\\/image\\\/\"}}]}<\/script>\n<!-- \/ Yoast SEO Premium plugin. -->","yoast_head_json":{"title":"Topes de ballesta traseros para Renault Master III, Nissan NV400, Opel Movano - SILENT BLOCKS","description":"Tope de ballesta trasero para Renault Master III, Nissan NV400, Opel Movano, compatible con OEM 55464-00Q0C, 55464-00Q0D","robots":{"index":"index","follow":"follow","max-snippet":"max-snippet:-1","max-image-preview":"max-image-preview:large","max-video-preview":"max-video-preview:-1"},"canonical":"https:\/\/www.silentblocks.com\/es\/producto\/listones-de-salida-de-parachoques-para-renault-master-iii-nissan-nv400-opel-movano\/","og_locale":"es_ES","og_type":"article","og_title":"Topes de ballesta traseros para Renault Master III, Nissan NV400, Opel Movano","og_description":"Tope de ballesta trasero para Renault Master III, Nissan NV400, Opel Movano, compatible con OEM 55464-00Q0C, 55464-00Q0D","og_url":"https:\/\/www.silentblocks.com\/es\/producto\/listones-de-salida-de-parachoques-para-renault-master-iii-nissan-nv400-opel-movano\/","og_site_name":"SILENT BLOCKS","article_modified_time":"2026-02-17T20:59:26+00:00","og_image":[{"width":1000,"height":1000,"url":"https:\/\/www.silentblocks.com\/wp-content\/uploads\/2026\/02\/D1007-2.jpg","type":"image\/jpeg"}],"twitter_card":"summary_large_image","schema":{"@context":"https:\/\/schema.org","@graph":[{"@type":"WebPage","@id":"https:\/\/www.silentblocks.com\/es\/producto\/listones-de-salida-de-parachoques-para-renault-master-iii-nissan-nv400-opel-movano\/","url":"https:\/\/www.silentblocks.com\/es\/producto\/listones-de-salida-de-parachoques-para-renault-master-iii-nissan-nv400-opel-movano\/","name":"Topes de ballesta traseros para Renault Master III, Nissan NV400, Opel Movano - SILENT BLOCKS","isPartOf":{"@id":"https:\/\/www.silentblocks.com\/es\/#website"},"primaryImageOfPage":{"@id":"https:\/\/www.silentblocks.com\/es\/producto\/listones-de-salida-de-parachoques-para-renault-master-iii-nissan-nv400-opel-movano\/#primaryimage"},"image":{"@id":"https:\/\/www.silentblocks.com\/es\/producto\/listones-de-salida-de-parachoques-para-renault-master-iii-nissan-nv400-opel-movano\/#primaryimage"},"thumbnailUrl":"https:\/\/www.silentblocks.com\/wp-content\/uploads\/2026\/02\/D1007-2.jpg","datePublished":"2023-07-21T14:47:48+00:00","dateModified":"2026-02-17T20:59:26+00:00","description":"Tope de ballesta trasero para Renault Master III, Nissan NV400, Opel Movano, compatible con OEM 55464-00Q0C, 55464-00Q0D","breadcrumb":{"@id":"https:\/\/www.silentblocks.com\/es\/producto\/listones-de-salida-de-parachoques-para-renault-master-iii-nissan-nv400-opel-movano\/#breadcrumb"},"inLanguage":"es","potentialAction":[{"@type":"ReadAction","target":["https:\/\/www.silentblocks.com\/es\/producto\/listones-de-salida-de-parachoques-para-renault-master-iii-nissan-nv400-opel-movano\/"]}]},{"@type":"ImageObject","inLanguage":"es","@id":"https:\/\/www.silentblocks.com\/es\/producto\/listones-de-salida-de-parachoques-para-renault-master-iii-nissan-nv400-opel-movano\/#primaryimage","url":"https:\/\/www.silentblocks.com\/wp-content\/uploads\/2026\/02\/D1007-2.jpg","contentUrl":"https:\/\/www.silentblocks.com\/wp-content\/uploads\/2026\/02\/D1007-2.jpg","width":1000,"height":1000},{"@type":"BreadcrumbList","@id":"https:\/\/www.silentblocks.com\/es\/producto\/listones-de-salida-de-parachoques-para-renault-master-iii-nissan-nv400-opel-movano\/#breadcrumb","itemListElement":[{"@type":"ListItem","position":1,"name":"In\u00edcio","item":"https:\/\/www.silentblocks.com\/es\/"},{"@type":"ListItem","position":2,"name":"Page boutique","item":"https:\/\/www.silentblocks.com\/es\/shop-2\/"},{"@type":"ListItem","position":3,"name":"Topes de ballesta traseros para Renault Master III, Nissan NV400, Opel Movano"}]},{"@type":"WebSite","@id":"https:\/\/www.silentblocks.com\/es\/#website","url":"https:\/\/www.silentblocks.com\/es\/","name":"SILENTBLOCKS","description":"Secure on the road","publisher":{"@id":"https:\/\/www.silentblocks.com\/es\/#organization"},"potentialAction":[{"@type":"SearchAction","target":{"@type":"EntryPoint","urlTemplate":"https:\/\/www.silentblocks.com\/es\/?s={search_term_string}"},"query-input":{"@type":"PropertyValueSpecification","valueRequired":true,"valueName":"search_term_string"}}],"inLanguage":"es"},{"@type":"Organization","@id":"https:\/\/www.silentblocks.com\/es\/#organization","name":"SILENTBLOCKS","url":"https:\/\/www.silentblocks.com\/es\/","logo":{"@type":"ImageObject","inLanguage":"es","@id":"https:\/\/www.silentblocks.com\/es\/#\/schema\/logo\/image\/","url":"https:\/\/www.silentblocks.com\/wp-content\/uploads\/2023\/07\/logo211-sem-fundo_2012-PARA-BOUTIQUE-EBAY.png","contentUrl":"https:\/\/www.silentblocks.com\/wp-content\/uploads\/2023\/07\/logo211-sem-fundo_2012-PARA-BOUTIQUE-EBAY.png","width":300,"height":190,"caption":"SILENTBLOCKS"},"image":{"@id":"https:\/\/www.silentblocks.com\/es\/#\/schema\/logo\/image\/"}}]}},"_links":{"self":[{"href":"https:\/\/www.silentblocks.com\/es\/wp-json\/wp\/v2\/product\/74385","targetHints":{"allow":["GET"]}}],"collection":[{"href":"https:\/\/www.silentblocks.com\/es\/wp-json\/wp\/v2\/product"}],"about":[{"href":"https:\/\/www.silentblocks.com\/es\/wp-json\/wp\/v2\/types\/product"}],"version-history":[{"count":0,"href":"https:\/\/www.silentblocks.com\/es\/wp-json\/wp\/v2\/product\/74385\/revisions"}],"wp:featuredmedia":[{"embeddable":true,"href":"https:\/\/www.silentblocks.com\/es\/wp-json\/wp\/v2\/media\/129833"}],"wp:attachment":[{"href":"https:\/\/www.silentblocks.com\/es\/wp-json\/wp\/v2\/media?parent=74385"}],"wp:term":[{"taxonomy":"product_brand","embeddable":true,"href":"https:\/\/www.silentblocks.com\/es\/wp-json\/wp\/v2\/product_brand?post=74385"},{"taxonomy":"product_cat","embeddable":true,"href":"https:\/\/www.silentblocks.com\/es\/wp-json\/wp\/v2\/product_cat?post=74385"},{"taxonomy":"product_tag","embeddable":true,"href":"https:\/\/www.silentblocks.com\/es\/wp-json\/wp\/v2\/product_tag?post=74385"}],"curies":[{"name":"wp","href":"https:\/\/api.w.org\/{rel}","templated":true}]}}