{"id":74455,"date":"2023-07-20T21:01:05","date_gmt":"2023-07-20T21:01:05","guid":{"rendered":"https:\/\/www.silentblocks.com\/product\/boulons-excentriques-des-bras-superieurs-arrieres-pour-bmw-x5-e70-f15-x6-e71-e72-f16-4\/"},"modified":"2026-02-17T20:59:37","modified_gmt":"2026-02-17T20:59:37","slug":"boulons-excentriques-des-bras-superieurs-arrieres-pour-bmw-x5-e70-f15-x6-e71-e72-f16-4","status":"publish","type":"product","link":"https:\/\/www.silentblocks.com\/es\/producto\/boulons-excentriques-des-bras-superieurs-arrieres-pour-bmw-x5-e70-f15-x6-e71-e72-f16-4\/","title":{"rendered":"Pernos exc\u00e9ntricos del brazo superior trasero para BMW X5 E70\/F15, X6 E71\/E72\/F16"},"content":{"rendered":"<p>Pernos exc\u00e9ntricos del brazo superior trasero, compatibles con los siguientes veh\u00edculos:<br \/>\nBMW\/X5\/F15 (08.2013-07.2018)<br \/>\nModelo: F15<br \/>\nMotores: 2.0&gt;4.4<br \/>\nBMW Serie X5 (10.2006-07.2013)<br \/>\nModelo: E70<br \/>\nMotores: 3.0&gt;4.8<br \/>\nBMW Serie X6 (08.2014-07.2019)<br \/>\nModelo: F16<br \/>\nMotores: 3.0&gt;4.4<br \/>\nBMW Serie X6 (06.2006-07.2014)<br \/>\nModelo: E71<br \/>\nMotores: 3.0&gt;4.4<br \/>\nBMW Serie X6 (06.2007-07.2014)<br \/>\nModelos: E72, H\u00edbrido<br \/>\nMotores: 4.4<\/p>\n<p>Referencias del fabricante (c\u00f3digo OEM) s\u00f3lo a t\u00edtulo informativo :<br \/>\n33 30 6 770 968, 33 32 6 760 668<\/p>\n<p>Piezas nuevas, se vende con factura. Todos nuestros productos tienen 2 a\u00f1os de garant\u00eda.<\/p>\n","protected":false},"excerpt":{"rendered":"<p>Pernos exc\u00e9ntricos del brazo superior trasero, compatibles con los siguientes veh\u00edculos: BMW\/X5\/F15 (08.2013-07.2018) Modelo: F15 Motores: 2.0&gt;4.4 BMW Serie X5 (10.2006-07.2013) Modelo: E70 Motores: 3.0&gt;4.8 BMW Serie X6 (08.2014-07.2019) Modelo: F16 Motores: 3.0&gt;4.4 BMW Serie X6 (06.2006-07.2014) Modelo: E71 Motores: 3.0&gt;4.4 BMW Serie X6 (06.2007-07.2014) Modelos: E72, H\u00edbrido Motores: 4.4 Referencias del fabricante (c\u00f3digo OEM) [&hellip;]<\/p>\n","protected":false},"featured_media":129761,"template":"","meta":[],"product_brand":[],"product_cat":[2133,2376,2319,2322,2379],"product_tag":[],"class_list":{"0":"post-74455","1":"product","2":"type-product","3":"status-publish","4":"has-post-thumbnail","6":"product_cat-bmw-es","7":"product_cat-x5-es","8":"product_cat-bmw-x5-e70-06-13-es","9":"product_cat-bmw-x5-f15-13-18-es","10":"product_cat-x6-es","12":"first","13":"instock","14":"shipping-taxable","15":"purchasable","16":"product-type-simple"},"yoast_head":"<!-- This site is optimized with the Yoast SEO Premium plugin v23.0 (Yoast SEO v27.4) - https:\/\/yoast.com\/product\/yoast-seo-premium-wordpress\/ -->\n<title>Pernos exc\u00e9ntricos del brazo superior trasero para BMW X5 E70\/F15, X6 E71\/E72\/F16 - SILENT BLOCKS<\/title>\n<meta name=\"description\" content=\"Pernos exc\u00e9ntricos del brazo superior trasero para BMW X5 E70\/F15, X6 E71\/E72\/F16 compatibles OEM 33 30 6 770 968, 33 32 6 760 668\" \/>\n<meta name=\"robots\" content=\"index, follow, max-snippet:-1, max-image-preview:large, max-video-preview:-1\" \/>\n<link rel=\"canonical\" href=\"https:\/\/www.silentblocks.com\/es\/producto\/boulons-excentriques-des-bras-superieurs-arrieres-pour-bmw-x5-e70-f15-x6-e71-e72-f16-4\/\" \/>\n<meta property=\"og:locale\" content=\"es_ES\" \/>\n<meta property=\"og:type\" content=\"article\" \/>\n<meta property=\"og:title\" content=\"Pernos exc\u00e9ntricos del brazo superior trasero para BMW X5 E70\/F15, X6 E71\/E72\/F16\" \/>\n<meta property=\"og:description\" content=\"Pernos exc\u00e9ntricos del brazo superior trasero para BMW X5 E70\/F15, X6 E71\/E72\/F16 compatibles OEM 33 30 6 770 968, 33 32 6 760 668\" \/>\n<meta property=\"og:url\" content=\"https:\/\/www.silentblocks.com\/es\/producto\/boulons-excentriques-des-bras-superieurs-arrieres-pour-bmw-x5-e70-f15-x6-e71-e72-f16-4\/\" \/>\n<meta property=\"og:site_name\" content=\"SILENT BLOCKS\" \/>\n<meta property=\"article:modified_time\" content=\"2026-02-17T20:59:37+00:00\" \/>\n<meta property=\"og:image\" content=\"https:\/\/www.silentblocks.com\/wp-content\/uploads\/2026\/02\/boulons-bras-arriere-BMW-X5-E70-2.jpg\" \/>\n\t<meta property=\"og:image:width\" content=\"1500\" \/>\n\t<meta property=\"og:image:height\" content=\"1500\" \/>\n\t<meta property=\"og:image:type\" content=\"image\/jpeg\" \/>\n<meta name=\"twitter:card\" content=\"summary_large_image\" \/>\n<script type=\"application\/ld+json\" class=\"yoast-schema-graph\">{\"@context\":\"https:\\\/\\\/schema.org\",\"@graph\":[{\"@type\":\"WebPage\",\"@id\":\"https:\\\/\\\/www.silentblocks.com\\\/es\\\/producto\\\/boulons-excentriques-des-bras-superieurs-arrieres-pour-bmw-x5-e70-f15-x6-e71-e72-f16-4\\\/\",\"url\":\"https:\\\/\\\/www.silentblocks.com\\\/es\\\/producto\\\/boulons-excentriques-des-bras-superieurs-arrieres-pour-bmw-x5-e70-f15-x6-e71-e72-f16-4\\\/\",\"name\":\"Pernos exc\u00e9ntricos del brazo superior trasero para BMW X5 E70\\\/F15, X6 E71\\\/E72\\\/F16 - SILENT BLOCKS\",\"isPartOf\":{\"@id\":\"https:\\\/\\\/www.silentblocks.com\\\/es\\\/#website\"},\"primaryImageOfPage\":{\"@id\":\"https:\\\/\\\/www.silentblocks.com\\\/es\\\/producto\\\/boulons-excentriques-des-bras-superieurs-arrieres-pour-bmw-x5-e70-f15-x6-e71-e72-f16-4\\\/#primaryimage\"},\"image\":{\"@id\":\"https:\\\/\\\/www.silentblocks.com\\\/es\\\/producto\\\/boulons-excentriques-des-bras-superieurs-arrieres-pour-bmw-x5-e70-f15-x6-e71-e72-f16-4\\\/#primaryimage\"},\"thumbnailUrl\":\"https:\\\/\\\/www.silentblocks.com\\\/wp-content\\\/uploads\\\/2026\\\/02\\\/boulons-bras-arriere-BMW-X5-E70-2.jpg\",\"datePublished\":\"2023-07-20T21:01:05+00:00\",\"dateModified\":\"2026-02-17T20:59:37+00:00\",\"description\":\"Pernos exc\u00e9ntricos del brazo superior trasero para BMW X5 E70\\\/F15, X6 E71\\\/E72\\\/F16 compatibles OEM 33 30 6 770 968, 33 32 6 760 668\",\"breadcrumb\":{\"@id\":\"https:\\\/\\\/www.silentblocks.com\\\/es\\\/producto\\\/boulons-excentriques-des-bras-superieurs-arrieres-pour-bmw-x5-e70-f15-x6-e71-e72-f16-4\\\/#breadcrumb\"},\"inLanguage\":\"es\",\"potentialAction\":[{\"@type\":\"ReadAction\",\"target\":[\"https:\\\/\\\/www.silentblocks.com\\\/es\\\/producto\\\/boulons-excentriques-des-bras-superieurs-arrieres-pour-bmw-x5-e70-f15-x6-e71-e72-f16-4\\\/\"]}]},{\"@type\":\"ImageObject\",\"inLanguage\":\"es\",\"@id\":\"https:\\\/\\\/www.silentblocks.com\\\/es\\\/producto\\\/boulons-excentriques-des-bras-superieurs-arrieres-pour-bmw-x5-e70-f15-x6-e71-e72-f16-4\\\/#primaryimage\",\"url\":\"https:\\\/\\\/www.silentblocks.com\\\/wp-content\\\/uploads\\\/2026\\\/02\\\/boulons-bras-arriere-BMW-X5-E70-2.jpg\",\"contentUrl\":\"https:\\\/\\\/www.silentblocks.com\\\/wp-content\\\/uploads\\\/2026\\\/02\\\/boulons-bras-arriere-BMW-X5-E70-2.jpg\",\"width\":1500,\"height\":1500},{\"@type\":\"BreadcrumbList\",\"@id\":\"https:\\\/\\\/www.silentblocks.com\\\/es\\\/producto\\\/boulons-excentriques-des-bras-superieurs-arrieres-pour-bmw-x5-e70-f15-x6-e71-e72-f16-4\\\/#breadcrumb\",\"itemListElement\":[{\"@type\":\"ListItem\",\"position\":1,\"name\":\"In\u00edcio\",\"item\":\"https:\\\/\\\/www.silentblocks.com\\\/es\\\/\"},{\"@type\":\"ListItem\",\"position\":2,\"name\":\"Page boutique\",\"item\":\"https:\\\/\\\/www.silentblocks.com\\\/es\\\/shop-2\\\/\"},{\"@type\":\"ListItem\",\"position\":3,\"name\":\"Pernos exc\u00e9ntricos del brazo superior trasero para BMW X5 E70\\\/F15, X6 E71\\\/E72\\\/F16\"}]},{\"@type\":\"WebSite\",\"@id\":\"https:\\\/\\\/www.silentblocks.com\\\/es\\\/#website\",\"url\":\"https:\\\/\\\/www.silentblocks.com\\\/es\\\/\",\"name\":\"SILENTBLOCKS\",\"description\":\"Secure on the road\",\"publisher\":{\"@id\":\"https:\\\/\\\/www.silentblocks.com\\\/es\\\/#organization\"},\"potentialAction\":[{\"@type\":\"SearchAction\",\"target\":{\"@type\":\"EntryPoint\",\"urlTemplate\":\"https:\\\/\\\/www.silentblocks.com\\\/es\\\/?s={search_term_string}\"},\"query-input\":{\"@type\":\"PropertyValueSpecification\",\"valueRequired\":true,\"valueName\":\"search_term_string\"}}],\"inLanguage\":\"es\"},{\"@type\":\"Organization\",\"@id\":\"https:\\\/\\\/www.silentblocks.com\\\/es\\\/#organization\",\"name\":\"SILENTBLOCKS\",\"url\":\"https:\\\/\\\/www.silentblocks.com\\\/es\\\/\",\"logo\":{\"@type\":\"ImageObject\",\"inLanguage\":\"es\",\"@id\":\"https:\\\/\\\/www.silentblocks.com\\\/es\\\/#\\\/schema\\\/logo\\\/image\\\/\",\"url\":\"https:\\\/\\\/www.silentblocks.com\\\/wp-content\\\/uploads\\\/2023\\\/07\\\/logo211-sem-fundo_2012-PARA-BOUTIQUE-EBAY.png\",\"contentUrl\":\"https:\\\/\\\/www.silentblocks.com\\\/wp-content\\\/uploads\\\/2023\\\/07\\\/logo211-sem-fundo_2012-PARA-BOUTIQUE-EBAY.png\",\"width\":300,\"height\":190,\"caption\":\"SILENTBLOCKS\"},\"image\":{\"@id\":\"https:\\\/\\\/www.silentblocks.com\\\/es\\\/#\\\/schema\\\/logo\\\/image\\\/\"}}]}<\/script>\n<!-- \/ Yoast SEO Premium plugin. -->","yoast_head_json":{"title":"Pernos exc\u00e9ntricos del brazo superior trasero para BMW X5 E70\/F15, X6 E71\/E72\/F16 - SILENT BLOCKS","description":"Pernos exc\u00e9ntricos del brazo superior trasero para BMW X5 E70\/F15, X6 E71\/E72\/F16 compatibles OEM 33 30 6 770 968, 33 32 6 760 668","robots":{"index":"index","follow":"follow","max-snippet":"max-snippet:-1","max-image-preview":"max-image-preview:large","max-video-preview":"max-video-preview:-1"},"canonical":"https:\/\/www.silentblocks.com\/es\/producto\/boulons-excentriques-des-bras-superieurs-arrieres-pour-bmw-x5-e70-f15-x6-e71-e72-f16-4\/","og_locale":"es_ES","og_type":"article","og_title":"Pernos exc\u00e9ntricos del brazo superior trasero para BMW X5 E70\/F15, X6 E71\/E72\/F16","og_description":"Pernos exc\u00e9ntricos del brazo superior trasero para BMW X5 E70\/F15, X6 E71\/E72\/F16 compatibles OEM 33 30 6 770 968, 33 32 6 760 668","og_url":"https:\/\/www.silentblocks.com\/es\/producto\/boulons-excentriques-des-bras-superieurs-arrieres-pour-bmw-x5-e70-f15-x6-e71-e72-f16-4\/","og_site_name":"SILENT BLOCKS","article_modified_time":"2026-02-17T20:59:37+00:00","og_image":[{"width":1500,"height":1500,"url":"https:\/\/www.silentblocks.com\/wp-content\/uploads\/2026\/02\/boulons-bras-arriere-BMW-X5-E70-2.jpg","type":"image\/jpeg"}],"twitter_card":"summary_large_image","schema":{"@context":"https:\/\/schema.org","@graph":[{"@type":"WebPage","@id":"https:\/\/www.silentblocks.com\/es\/producto\/boulons-excentriques-des-bras-superieurs-arrieres-pour-bmw-x5-e70-f15-x6-e71-e72-f16-4\/","url":"https:\/\/www.silentblocks.com\/es\/producto\/boulons-excentriques-des-bras-superieurs-arrieres-pour-bmw-x5-e70-f15-x6-e71-e72-f16-4\/","name":"Pernos exc\u00e9ntricos del brazo superior trasero para BMW X5 E70\/F15, X6 E71\/E72\/F16 - SILENT BLOCKS","isPartOf":{"@id":"https:\/\/www.silentblocks.com\/es\/#website"},"primaryImageOfPage":{"@id":"https:\/\/www.silentblocks.com\/es\/producto\/boulons-excentriques-des-bras-superieurs-arrieres-pour-bmw-x5-e70-f15-x6-e71-e72-f16-4\/#primaryimage"},"image":{"@id":"https:\/\/www.silentblocks.com\/es\/producto\/boulons-excentriques-des-bras-superieurs-arrieres-pour-bmw-x5-e70-f15-x6-e71-e72-f16-4\/#primaryimage"},"thumbnailUrl":"https:\/\/www.silentblocks.com\/wp-content\/uploads\/2026\/02\/boulons-bras-arriere-BMW-X5-E70-2.jpg","datePublished":"2023-07-20T21:01:05+00:00","dateModified":"2026-02-17T20:59:37+00:00","description":"Pernos exc\u00e9ntricos del brazo superior trasero para BMW X5 E70\/F15, X6 E71\/E72\/F16 compatibles OEM 33 30 6 770 968, 33 32 6 760 668","breadcrumb":{"@id":"https:\/\/www.silentblocks.com\/es\/producto\/boulons-excentriques-des-bras-superieurs-arrieres-pour-bmw-x5-e70-f15-x6-e71-e72-f16-4\/#breadcrumb"},"inLanguage":"es","potentialAction":[{"@type":"ReadAction","target":["https:\/\/www.silentblocks.com\/es\/producto\/boulons-excentriques-des-bras-superieurs-arrieres-pour-bmw-x5-e70-f15-x6-e71-e72-f16-4\/"]}]},{"@type":"ImageObject","inLanguage":"es","@id":"https:\/\/www.silentblocks.com\/es\/producto\/boulons-excentriques-des-bras-superieurs-arrieres-pour-bmw-x5-e70-f15-x6-e71-e72-f16-4\/#primaryimage","url":"https:\/\/www.silentblocks.com\/wp-content\/uploads\/2026\/02\/boulons-bras-arriere-BMW-X5-E70-2.jpg","contentUrl":"https:\/\/www.silentblocks.com\/wp-content\/uploads\/2026\/02\/boulons-bras-arriere-BMW-X5-E70-2.jpg","width":1500,"height":1500},{"@type":"BreadcrumbList","@id":"https:\/\/www.silentblocks.com\/es\/producto\/boulons-excentriques-des-bras-superieurs-arrieres-pour-bmw-x5-e70-f15-x6-e71-e72-f16-4\/#breadcrumb","itemListElement":[{"@type":"ListItem","position":1,"name":"In\u00edcio","item":"https:\/\/www.silentblocks.com\/es\/"},{"@type":"ListItem","position":2,"name":"Page boutique","item":"https:\/\/www.silentblocks.com\/es\/shop-2\/"},{"@type":"ListItem","position":3,"name":"Pernos exc\u00e9ntricos del brazo superior trasero para BMW X5 E70\/F15, X6 E71\/E72\/F16"}]},{"@type":"WebSite","@id":"https:\/\/www.silentblocks.com\/es\/#website","url":"https:\/\/www.silentblocks.com\/es\/","name":"SILENTBLOCKS","description":"Secure on the road","publisher":{"@id":"https:\/\/www.silentblocks.com\/es\/#organization"},"potentialAction":[{"@type":"SearchAction","target":{"@type":"EntryPoint","urlTemplate":"https:\/\/www.silentblocks.com\/es\/?s={search_term_string}"},"query-input":{"@type":"PropertyValueSpecification","valueRequired":true,"valueName":"search_term_string"}}],"inLanguage":"es"},{"@type":"Organization","@id":"https:\/\/www.silentblocks.com\/es\/#organization","name":"SILENTBLOCKS","url":"https:\/\/www.silentblocks.com\/es\/","logo":{"@type":"ImageObject","inLanguage":"es","@id":"https:\/\/www.silentblocks.com\/es\/#\/schema\/logo\/image\/","url":"https:\/\/www.silentblocks.com\/wp-content\/uploads\/2023\/07\/logo211-sem-fundo_2012-PARA-BOUTIQUE-EBAY.png","contentUrl":"https:\/\/www.silentblocks.com\/wp-content\/uploads\/2023\/07\/logo211-sem-fundo_2012-PARA-BOUTIQUE-EBAY.png","width":300,"height":190,"caption":"SILENTBLOCKS"},"image":{"@id":"https:\/\/www.silentblocks.com\/es\/#\/schema\/logo\/image\/"}}]}},"_links":{"self":[{"href":"https:\/\/www.silentblocks.com\/es\/wp-json\/wp\/v2\/product\/74455","targetHints":{"allow":["GET"]}}],"collection":[{"href":"https:\/\/www.silentblocks.com\/es\/wp-json\/wp\/v2\/product"}],"about":[{"href":"https:\/\/www.silentblocks.com\/es\/wp-json\/wp\/v2\/types\/product"}],"version-history":[{"count":0,"href":"https:\/\/www.silentblocks.com\/es\/wp-json\/wp\/v2\/product\/74455\/revisions"}],"wp:featuredmedia":[{"embeddable":true,"href":"https:\/\/www.silentblocks.com\/es\/wp-json\/wp\/v2\/media\/129761"}],"wp:attachment":[{"href":"https:\/\/www.silentblocks.com\/es\/wp-json\/wp\/v2\/media?parent=74455"}],"wp:term":[{"taxonomy":"product_brand","embeddable":true,"href":"https:\/\/www.silentblocks.com\/es\/wp-json\/wp\/v2\/product_brand?post=74455"},{"taxonomy":"product_cat","embeddable":true,"href":"https:\/\/www.silentblocks.com\/es\/wp-json\/wp\/v2\/product_cat?post=74455"},{"taxonomy":"product_tag","embeddable":true,"href":"https:\/\/www.silentblocks.com\/es\/wp-json\/wp\/v2\/product_tag?post=74455"}],"curies":[{"name":"wp","href":"https:\/\/api.w.org\/{rel}","templated":true}]}}