{"id":74499,"date":"2023-07-20T18:45:21","date_gmt":"2023-07-20T18:45:21","guid":{"rendered":"https:\/\/www.silentblocks.com\/product\/silentblocs-for-alfa-front-arms-romeo-mito-fiat-punto-fiorino-grande-punto-linea-qubo-peugeot-bipper\/"},"modified":"2026-02-17T20:59:47","modified_gmt":"2026-02-17T20:59:47","slug":"silentblocs-for-alfa-front-arms-romeo-mito-fiat-punto-fiorino-grande-punto-linea-qubo-peugeot-bipper","status":"publish","type":"product","link":"https:\/\/www.silentblocks.com\/es\/producto\/silentblocs-for-alfa-front-arms-romeo-mito-fiat-punto-fiorino-grande-punto-linea-qubo-peugeot-bipper\/","title":{"rendered":"Bujes en los brazos delanteros para Alfa Romeo Mito, Fiat Punto, Fiorino, Grande Punto, Linea, Qubo, Peugeot Bipper"},"content":{"rendered":"<p>2 Bujes para los brazos delanteros, compatibles con los siguientes veh\u00edculos:<br \/>\nAlfa RomeoMito 09.2008&gt;<br \/>\nMotores:1.3-1.6<br \/>\nAbarth Grande Punto (12.2007-12.2012)<br \/>\nModelos: 199<br \/>\nMotores: 1.4<br \/>\nAbarth Punto (05.2008&gt;)<br \/>\nModelos: 199<br \/>\nMotores: 1.4<br \/>\nCitroen Nemo (02.2008&gt;)<br \/>\nModelo: AA<br \/>\nMotores: 1.4<br \/>\nFiat Grande Punto (10.2005&gt;)<br \/>\nModelos: 199<br \/>\nMotores: 1.2&gt;1.9<br \/>\nFiat Qubo (09.2008&gt;)<br \/>\nModelos: TODOS<br \/>\nMotores: 1.3&gt;1.4<br \/>\nFiat Punto (02.2006&gt;)<br \/>\nModelos: 199, Evo<br \/>\nMotores: 0,9&gt;1,6<br \/>\nFiat Linea (06.2007&gt;)<br \/>\nModelos: Todos<br \/>\nMotores: 1.3&gt;1.6<br \/>\nFiat Fiorno (02.2008&gt;)<br \/>\nModelos: Todos<br \/>\nMotores: 1.3&gt;1.4<br \/>\nPeugeot Bipper (02.2008&gt;)<br \/>\nModelo: AA, TEPEE<br \/>\nMotores: 1.4<\/p>\n<p>Referencias del fabricante (c\u00f3digo OEM) s\u00f3lo a t\u00edtulo informativo :<br \/>\n3520.W3, 3621.V5<\/p>\n<p>Piezas nuevas, se vende con factura. Todos nuestros productos tienen 2 a\u00f1os de garant\u00eda.<\/p>\n","protected":false},"excerpt":{"rendered":"<p>2 Bujes para los brazos delanteros, compatibles con los siguientes veh\u00edculos: Alfa RomeoMito 09.2008&gt; Motores:1.3-1.6 Abarth Grande Punto (12.2007-12.2012) Modelos: 199 Motores: 1.4 Abarth Punto (05.2008&gt;) Modelos: 199 Motores: 1.4 Citroen Nemo (02.2008&gt;) Modelo: AA Motores: 1.4 Fiat Grande Punto (10.2005&gt;) Modelos: 199 Motores: 1.2&gt;1.9 Fiat Qubo (09.2008&gt;) Modelos: TODOS Motores: 1.3&gt;1.4 Fiat Punto (02.2006&gt;) [&hellip;]<\/p>\n","protected":false},"featured_media":129671,"template":"","meta":[],"product_brand":[],"product_cat":[2127,1993,2148,1994,2166,1995,1996,1997,4466,2220,1998],"product_tag":[],"class_list":{"0":"post-74499","1":"product","2":"type-product","3":"status-publish","4":"has-post-thumbnail","6":"product_cat-alfa-romeo-es","7":"product_cat-mito-es","8":"product_cat-citroen-es","9":"product_cat-nemo-es","10":"product_cat-fiat-es","11":"product_cat-fiorino-es","12":"product_cat-grande-punto-es","13":"product_cat-linea-es","14":"product_cat-qubo-225-es","15":"product_cat-peugeot-es","16":"product_cat-bipper-es","18":"first","19":"instock","20":"shipping-taxable","21":"purchasable","22":"product-type-simple"},"yoast_head":"<!-- This site is optimized with the Yoast SEO Premium plugin v23.0 (Yoast SEO v27.4) - https:\/\/yoast.com\/product\/yoast-seo-premium-wordpress\/ -->\n<title>Bujes en los brazos delanteros para Alfa Romeo Mito, Fiat Punto, Fiorino, Grande Punto, Linea, Qubo, Peugeot Bipper - SILENT BLOCKS<\/title>\n<meta name=\"description\" content=\"Bujes para horquillas delanteras para Alfa Romeo Mito, Fiat Punto, Fiorino, Grande Punto, Linea, Qubo, Peugeot Bipper, compatible OEM 3520.W3, 3621.V5\" \/>\n<meta name=\"robots\" content=\"index, follow, max-snippet:-1, max-image-preview:large, max-video-preview:-1\" \/>\n<link rel=\"canonical\" href=\"https:\/\/www.silentblocks.com\/es\/producto\/silentblocs-for-alfa-front-arms-romeo-mito-fiat-punto-fiorino-grande-punto-linea-qubo-peugeot-bipper\/\" \/>\n<meta property=\"og:locale\" content=\"es_ES\" \/>\n<meta property=\"og:type\" content=\"article\" \/>\n<meta property=\"og:title\" content=\"Bujes en los brazos delanteros para Alfa Romeo Mito, Fiat Punto, Fiorino, Grande Punto, Linea, Qubo, Peugeot Bipper\" \/>\n<meta property=\"og:description\" content=\"Bujes para horquillas delanteras para Alfa Romeo Mito, Fiat Punto, Fiorino, Grande Punto, Linea, Qubo, Peugeot Bipper, compatible OEM 3520.W3, 3621.V5\" \/>\n<meta property=\"og:url\" content=\"https:\/\/www.silentblocks.com\/es\/producto\/silentblocs-for-alfa-front-arms-romeo-mito-fiat-punto-fiorino-grande-punto-linea-qubo-peugeot-bipper\/\" \/>\n<meta property=\"og:site_name\" content=\"SILENT BLOCKS\" \/>\n<meta property=\"article:modified_time\" content=\"2026-02-17T20:59:47+00:00\" \/>\n<meta property=\"og:image\" content=\"https:\/\/www.silentblocks.com\/wp-content\/uploads\/2026\/02\/SB0100-2.jpg\" \/>\n\t<meta property=\"og:image:width\" content=\"1000\" \/>\n\t<meta property=\"og:image:height\" content=\"1000\" \/>\n\t<meta property=\"og:image:type\" content=\"image\/jpeg\" \/>\n<meta name=\"twitter:card\" content=\"summary_large_image\" \/>\n<meta name=\"twitter:label1\" content=\"Tiempo de lectura\" \/>\n\t<meta name=\"twitter:data1\" content=\"1 minuto\" \/>\n<script type=\"application\/ld+json\" class=\"yoast-schema-graph\">{\"@context\":\"https:\\\/\\\/schema.org\",\"@graph\":[{\"@type\":\"WebPage\",\"@id\":\"https:\\\/\\\/www.silentblocks.com\\\/es\\\/producto\\\/silentblocs-for-alfa-front-arms-romeo-mito-fiat-punto-fiorino-grande-punto-linea-qubo-peugeot-bipper\\\/\",\"url\":\"https:\\\/\\\/www.silentblocks.com\\\/es\\\/producto\\\/silentblocs-for-alfa-front-arms-romeo-mito-fiat-punto-fiorino-grande-punto-linea-qubo-peugeot-bipper\\\/\",\"name\":\"Bujes en los brazos delanteros para Alfa Romeo Mito, Fiat Punto, Fiorino, Grande Punto, Linea, Qubo, Peugeot Bipper - SILENT BLOCKS\",\"isPartOf\":{\"@id\":\"https:\\\/\\\/www.silentblocks.com\\\/es\\\/#website\"},\"primaryImageOfPage\":{\"@id\":\"https:\\\/\\\/www.silentblocks.com\\\/es\\\/producto\\\/silentblocs-for-alfa-front-arms-romeo-mito-fiat-punto-fiorino-grande-punto-linea-qubo-peugeot-bipper\\\/#primaryimage\"},\"image\":{\"@id\":\"https:\\\/\\\/www.silentblocks.com\\\/es\\\/producto\\\/silentblocs-for-alfa-front-arms-romeo-mito-fiat-punto-fiorino-grande-punto-linea-qubo-peugeot-bipper\\\/#primaryimage\"},\"thumbnailUrl\":\"https:\\\/\\\/www.silentblocks.com\\\/wp-content\\\/uploads\\\/2026\\\/02\\\/SB0100-2.jpg\",\"datePublished\":\"2023-07-20T18:45:21+00:00\",\"dateModified\":\"2026-02-17T20:59:47+00:00\",\"description\":\"Bujes para horquillas delanteras para Alfa Romeo Mito, Fiat Punto, Fiorino, Grande Punto, Linea, Qubo, Peugeot Bipper, compatible OEM 3520.W3, 3621.V5\",\"breadcrumb\":{\"@id\":\"https:\\\/\\\/www.silentblocks.com\\\/es\\\/producto\\\/silentblocs-for-alfa-front-arms-romeo-mito-fiat-punto-fiorino-grande-punto-linea-qubo-peugeot-bipper\\\/#breadcrumb\"},\"inLanguage\":\"es\",\"potentialAction\":[{\"@type\":\"ReadAction\",\"target\":[\"https:\\\/\\\/www.silentblocks.com\\\/es\\\/producto\\\/silentblocs-for-alfa-front-arms-romeo-mito-fiat-punto-fiorino-grande-punto-linea-qubo-peugeot-bipper\\\/\"]}]},{\"@type\":\"ImageObject\",\"inLanguage\":\"es\",\"@id\":\"https:\\\/\\\/www.silentblocks.com\\\/es\\\/producto\\\/silentblocs-for-alfa-front-arms-romeo-mito-fiat-punto-fiorino-grande-punto-linea-qubo-peugeot-bipper\\\/#primaryimage\",\"url\":\"https:\\\/\\\/www.silentblocks.com\\\/wp-content\\\/uploads\\\/2026\\\/02\\\/SB0100-2.jpg\",\"contentUrl\":\"https:\\\/\\\/www.silentblocks.com\\\/wp-content\\\/uploads\\\/2026\\\/02\\\/SB0100-2.jpg\",\"width\":1000,\"height\":1000},{\"@type\":\"BreadcrumbList\",\"@id\":\"https:\\\/\\\/www.silentblocks.com\\\/es\\\/producto\\\/silentblocs-for-alfa-front-arms-romeo-mito-fiat-punto-fiorino-grande-punto-linea-qubo-peugeot-bipper\\\/#breadcrumb\",\"itemListElement\":[{\"@type\":\"ListItem\",\"position\":1,\"name\":\"In\u00edcio\",\"item\":\"https:\\\/\\\/www.silentblocks.com\\\/es\\\/\"},{\"@type\":\"ListItem\",\"position\":2,\"name\":\"Page boutique\",\"item\":\"https:\\\/\\\/www.silentblocks.com\\\/es\\\/shop-2\\\/\"},{\"@type\":\"ListItem\",\"position\":3,\"name\":\"Bujes en los brazos delanteros para Alfa Romeo Mito, Fiat Punto, Fiorino, Grande Punto, Linea, Qubo, Peugeot Bipper\"}]},{\"@type\":\"WebSite\",\"@id\":\"https:\\\/\\\/www.silentblocks.com\\\/es\\\/#website\",\"url\":\"https:\\\/\\\/www.silentblocks.com\\\/es\\\/\",\"name\":\"SILENTBLOCKS\",\"description\":\"Secure on the road\",\"publisher\":{\"@id\":\"https:\\\/\\\/www.silentblocks.com\\\/es\\\/#organization\"},\"potentialAction\":[{\"@type\":\"SearchAction\",\"target\":{\"@type\":\"EntryPoint\",\"urlTemplate\":\"https:\\\/\\\/www.silentblocks.com\\\/es\\\/?s={search_term_string}\"},\"query-input\":{\"@type\":\"PropertyValueSpecification\",\"valueRequired\":true,\"valueName\":\"search_term_string\"}}],\"inLanguage\":\"es\"},{\"@type\":\"Organization\",\"@id\":\"https:\\\/\\\/www.silentblocks.com\\\/es\\\/#organization\",\"name\":\"SILENTBLOCKS\",\"url\":\"https:\\\/\\\/www.silentblocks.com\\\/es\\\/\",\"logo\":{\"@type\":\"ImageObject\",\"inLanguage\":\"es\",\"@id\":\"https:\\\/\\\/www.silentblocks.com\\\/es\\\/#\\\/schema\\\/logo\\\/image\\\/\",\"url\":\"https:\\\/\\\/www.silentblocks.com\\\/wp-content\\\/uploads\\\/2023\\\/07\\\/logo211-sem-fundo_2012-PARA-BOUTIQUE-EBAY.png\",\"contentUrl\":\"https:\\\/\\\/www.silentblocks.com\\\/wp-content\\\/uploads\\\/2023\\\/07\\\/logo211-sem-fundo_2012-PARA-BOUTIQUE-EBAY.png\",\"width\":300,\"height\":190,\"caption\":\"SILENTBLOCKS\"},\"image\":{\"@id\":\"https:\\\/\\\/www.silentblocks.com\\\/es\\\/#\\\/schema\\\/logo\\\/image\\\/\"}}]}<\/script>\n<!-- \/ Yoast SEO Premium plugin. -->","yoast_head_json":{"title":"Bujes en los brazos delanteros para Alfa Romeo Mito, Fiat Punto, Fiorino, Grande Punto, Linea, Qubo, Peugeot Bipper - SILENT BLOCKS","description":"Bujes para horquillas delanteras para Alfa Romeo Mito, Fiat Punto, Fiorino, Grande Punto, Linea, Qubo, Peugeot Bipper, compatible OEM 3520.W3, 3621.V5","robots":{"index":"index","follow":"follow","max-snippet":"max-snippet:-1","max-image-preview":"max-image-preview:large","max-video-preview":"max-video-preview:-1"},"canonical":"https:\/\/www.silentblocks.com\/es\/producto\/silentblocs-for-alfa-front-arms-romeo-mito-fiat-punto-fiorino-grande-punto-linea-qubo-peugeot-bipper\/","og_locale":"es_ES","og_type":"article","og_title":"Bujes en los brazos delanteros para Alfa Romeo Mito, Fiat Punto, Fiorino, Grande Punto, Linea, Qubo, Peugeot Bipper","og_description":"Bujes para horquillas delanteras para Alfa Romeo Mito, Fiat Punto, Fiorino, Grande Punto, Linea, Qubo, Peugeot Bipper, compatible OEM 3520.W3, 3621.V5","og_url":"https:\/\/www.silentblocks.com\/es\/producto\/silentblocs-for-alfa-front-arms-romeo-mito-fiat-punto-fiorino-grande-punto-linea-qubo-peugeot-bipper\/","og_site_name":"SILENT BLOCKS","article_modified_time":"2026-02-17T20:59:47+00:00","og_image":[{"width":1000,"height":1000,"url":"https:\/\/www.silentblocks.com\/wp-content\/uploads\/2026\/02\/SB0100-2.jpg","type":"image\/jpeg"}],"twitter_card":"summary_large_image","twitter_misc":{"Tiempo de lectura":"1 minuto"},"schema":{"@context":"https:\/\/schema.org","@graph":[{"@type":"WebPage","@id":"https:\/\/www.silentblocks.com\/es\/producto\/silentblocs-for-alfa-front-arms-romeo-mito-fiat-punto-fiorino-grande-punto-linea-qubo-peugeot-bipper\/","url":"https:\/\/www.silentblocks.com\/es\/producto\/silentblocs-for-alfa-front-arms-romeo-mito-fiat-punto-fiorino-grande-punto-linea-qubo-peugeot-bipper\/","name":"Bujes en los brazos delanteros para Alfa Romeo Mito, Fiat Punto, Fiorino, Grande Punto, Linea, Qubo, Peugeot Bipper - SILENT BLOCKS","isPartOf":{"@id":"https:\/\/www.silentblocks.com\/es\/#website"},"primaryImageOfPage":{"@id":"https:\/\/www.silentblocks.com\/es\/producto\/silentblocs-for-alfa-front-arms-romeo-mito-fiat-punto-fiorino-grande-punto-linea-qubo-peugeot-bipper\/#primaryimage"},"image":{"@id":"https:\/\/www.silentblocks.com\/es\/producto\/silentblocs-for-alfa-front-arms-romeo-mito-fiat-punto-fiorino-grande-punto-linea-qubo-peugeot-bipper\/#primaryimage"},"thumbnailUrl":"https:\/\/www.silentblocks.com\/wp-content\/uploads\/2026\/02\/SB0100-2.jpg","datePublished":"2023-07-20T18:45:21+00:00","dateModified":"2026-02-17T20:59:47+00:00","description":"Bujes para horquillas delanteras para Alfa Romeo Mito, Fiat Punto, Fiorino, Grande Punto, Linea, Qubo, Peugeot Bipper, compatible OEM 3520.W3, 3621.V5","breadcrumb":{"@id":"https:\/\/www.silentblocks.com\/es\/producto\/silentblocs-for-alfa-front-arms-romeo-mito-fiat-punto-fiorino-grande-punto-linea-qubo-peugeot-bipper\/#breadcrumb"},"inLanguage":"es","potentialAction":[{"@type":"ReadAction","target":["https:\/\/www.silentblocks.com\/es\/producto\/silentblocs-for-alfa-front-arms-romeo-mito-fiat-punto-fiorino-grande-punto-linea-qubo-peugeot-bipper\/"]}]},{"@type":"ImageObject","inLanguage":"es","@id":"https:\/\/www.silentblocks.com\/es\/producto\/silentblocs-for-alfa-front-arms-romeo-mito-fiat-punto-fiorino-grande-punto-linea-qubo-peugeot-bipper\/#primaryimage","url":"https:\/\/www.silentblocks.com\/wp-content\/uploads\/2026\/02\/SB0100-2.jpg","contentUrl":"https:\/\/www.silentblocks.com\/wp-content\/uploads\/2026\/02\/SB0100-2.jpg","width":1000,"height":1000},{"@type":"BreadcrumbList","@id":"https:\/\/www.silentblocks.com\/es\/producto\/silentblocs-for-alfa-front-arms-romeo-mito-fiat-punto-fiorino-grande-punto-linea-qubo-peugeot-bipper\/#breadcrumb","itemListElement":[{"@type":"ListItem","position":1,"name":"In\u00edcio","item":"https:\/\/www.silentblocks.com\/es\/"},{"@type":"ListItem","position":2,"name":"Page boutique","item":"https:\/\/www.silentblocks.com\/es\/shop-2\/"},{"@type":"ListItem","position":3,"name":"Bujes en los brazos delanteros para Alfa Romeo Mito, Fiat Punto, Fiorino, Grande Punto, Linea, Qubo, Peugeot Bipper"}]},{"@type":"WebSite","@id":"https:\/\/www.silentblocks.com\/es\/#website","url":"https:\/\/www.silentblocks.com\/es\/","name":"SILENTBLOCKS","description":"Secure on the road","publisher":{"@id":"https:\/\/www.silentblocks.com\/es\/#organization"},"potentialAction":[{"@type":"SearchAction","target":{"@type":"EntryPoint","urlTemplate":"https:\/\/www.silentblocks.com\/es\/?s={search_term_string}"},"query-input":{"@type":"PropertyValueSpecification","valueRequired":true,"valueName":"search_term_string"}}],"inLanguage":"es"},{"@type":"Organization","@id":"https:\/\/www.silentblocks.com\/es\/#organization","name":"SILENTBLOCKS","url":"https:\/\/www.silentblocks.com\/es\/","logo":{"@type":"ImageObject","inLanguage":"es","@id":"https:\/\/www.silentblocks.com\/es\/#\/schema\/logo\/image\/","url":"https:\/\/www.silentblocks.com\/wp-content\/uploads\/2023\/07\/logo211-sem-fundo_2012-PARA-BOUTIQUE-EBAY.png","contentUrl":"https:\/\/www.silentblocks.com\/wp-content\/uploads\/2023\/07\/logo211-sem-fundo_2012-PARA-BOUTIQUE-EBAY.png","width":300,"height":190,"caption":"SILENTBLOCKS"},"image":{"@id":"https:\/\/www.silentblocks.com\/es\/#\/schema\/logo\/image\/"}}]}},"_links":{"self":[{"href":"https:\/\/www.silentblocks.com\/es\/wp-json\/wp\/v2\/product\/74499","targetHints":{"allow":["GET"]}}],"collection":[{"href":"https:\/\/www.silentblocks.com\/es\/wp-json\/wp\/v2\/product"}],"about":[{"href":"https:\/\/www.silentblocks.com\/es\/wp-json\/wp\/v2\/types\/product"}],"version-history":[{"count":0,"href":"https:\/\/www.silentblocks.com\/es\/wp-json\/wp\/v2\/product\/74499\/revisions"}],"wp:featuredmedia":[{"embeddable":true,"href":"https:\/\/www.silentblocks.com\/es\/wp-json\/wp\/v2\/media\/129671"}],"wp:attachment":[{"href":"https:\/\/www.silentblocks.com\/es\/wp-json\/wp\/v2\/media?parent=74499"}],"wp:term":[{"taxonomy":"product_brand","embeddable":true,"href":"https:\/\/www.silentblocks.com\/es\/wp-json\/wp\/v2\/product_brand?post=74499"},{"taxonomy":"product_cat","embeddable":true,"href":"https:\/\/www.silentblocks.com\/es\/wp-json\/wp\/v2\/product_cat?post=74499"},{"taxonomy":"product_tag","embeddable":true,"href":"https:\/\/www.silentblocks.com\/es\/wp-json\/wp\/v2\/product_tag?post=74499"}],"curies":[{"name":"wp","href":"https:\/\/api.w.org\/{rel}","templated":true}]}}