{"id":76689,"date":"2023-04-26T23:03:55","date_gmt":"2023-04-26T23:03:55","guid":{"rendered":"https:\/\/www.silentblocks.com\/product\/2-silentblocs-barre-stabilisatrice-avant-alfa-romeo-145-146-155-164-4\/"},"modified":"2026-02-17T21:05:39","modified_gmt":"2026-02-17T21:05:39","slug":"2-silentblocs-barre-stabilisatrice-avant-alfa-romeo-145-146-155-164-4","status":"publish","type":"product","link":"https:\/\/www.silentblocks.com\/es\/producto\/2-silentblocs-barre-stabilisatrice-avant-alfa-romeo-145-146-155-164-4\/","title":{"rendered":"Bujes de la barra estabilizadora delantera para 145, 146, 155, 164, Delta II, Dedra, Thesis"},"content":{"rendered":"<p>2 bujes de la barra estabilizadora delantera (24 mm), compatibles con los siguientes veh\u00edculos:<br \/>\nAlfa Romeo 145 (10.1994-01.2001)<br \/>\nAlfa Romeo 146 (12.1994-01.2001)<br \/>\nAlfa Romeo 155 (01.1992-12.1997)<br \/>\nAlfa Romeo 164 (01.1987-09.1998)<\/p>\n<p>Lancia Delta II 836 (06.1993-08.1999)<br \/>\nLancia Dedra 835 (09.1989-07.1999)<br \/>\nLancia Thesis 841 (07.2002-07.2009)<\/p>\n<p>Di\u00e1metro interior: 24 mm<\/p>\n<p>Referencias del fabricante (c\u00f3digo OEM) s\u00f3lo a t\u00edtulo informativo :<br \/>\n60808557, 7601646<\/p>\n<p>Piezas nuevas, se vende con factura. Todos nuestros productos tienen 2 a\u00f1os de garant\u00eda.<\/p>\n","protected":false},"excerpt":{"rendered":"<p>2 Silentblocks barra estabilizadora delantera, Alfa Romeo 145, 146, 155, 164<\/p>\n","protected":false},"featured_media":137622,"template":"","meta":[],"product_brand":[],"product_cat":[2127,2262,2268,2277,2190,2891,2893,2919],"product_tag":[],"class_list":{"0":"post-76689","1":"product","2":"type-product","3":"status-publish","4":"has-post-thumbnail","6":"product_cat-alfa-romeo-es","7":"product_cat-145-146-es","8":"product_cat-155-es","9":"product_cat-164-es","10":"product_cat-lancia-es","11":"product_cat-dedra-es","12":"product_cat-delta-93-99-es-2","13":"product_cat-thesis-es","15":"first","16":"instock","17":"shipping-taxable","18":"purchasable","19":"product-type-simple"},"yoast_head":"<!-- This site is optimized with the Yoast SEO Premium plugin v23.0 (Yoast SEO v27.4) - https:\/\/yoast.com\/product\/yoast-seo-premium-wordpress\/ -->\n<title>Bujes de la barra estabilizadora delantera para 145, 146, 155, 164, Delta II, Dedra, Thesis - SILENT BLOCKS<\/title>\n<meta name=\"description\" content=\"Silentblocks de la barra estabilizadora delantera para Alfa Romeo 145, 146, 155, 164, Lancia Delta II, Lancia Dedra, Thesis, OEM 60808557, 7601646\" \/>\n<meta name=\"robots\" content=\"index, follow, max-snippet:-1, max-image-preview:large, max-video-preview:-1\" \/>\n<link rel=\"canonical\" href=\"https:\/\/www.silentblocks.com\/es\/producto\/2-silentblocs-barre-stabilisatrice-avant-alfa-romeo-145-146-155-164-4\/\" \/>\n<meta property=\"og:locale\" content=\"es_ES\" \/>\n<meta property=\"og:type\" content=\"article\" \/>\n<meta property=\"og:title\" content=\"Bujes de la barra estabilizadora delantera para 145, 146, 155, 164, Delta II, Dedra, Thesis\" \/>\n<meta property=\"og:description\" content=\"Silentblocks de la barra estabilizadora delantera para Alfa Romeo 145, 146, 155, 164, Lancia Delta II, Lancia Dedra, Thesis, OEM 60808557, 7601646\" \/>\n<meta property=\"og:url\" content=\"https:\/\/www.silentblocks.com\/es\/producto\/2-silentblocs-barre-stabilisatrice-avant-alfa-romeo-145-146-155-164-4\/\" \/>\n<meta property=\"og:site_name\" content=\"SILENT BLOCKS\" \/>\n<meta property=\"article:modified_time\" content=\"2026-02-17T21:05:39+00:00\" \/>\n<meta property=\"og:image\" content=\"https:\/\/www.silentblocks.com\/wp-content\/uploads\/2026\/02\/silentbloc-barre-avant-bravo-1-4.jpg\" \/>\n\t<meta property=\"og:image:width\" content=\"800\" \/>\n\t<meta property=\"og:image:height\" content=\"800\" \/>\n\t<meta property=\"og:image:type\" content=\"image\/jpeg\" \/>\n<meta name=\"twitter:card\" content=\"summary_large_image\" \/>\n<script type=\"application\/ld+json\" class=\"yoast-schema-graph\">{\"@context\":\"https:\\\/\\\/schema.org\",\"@graph\":[{\"@type\":\"WebPage\",\"@id\":\"https:\\\/\\\/www.silentblocks.com\\\/es\\\/producto\\\/2-silentblocs-barre-stabilisatrice-avant-alfa-romeo-145-146-155-164-4\\\/\",\"url\":\"https:\\\/\\\/www.silentblocks.com\\\/es\\\/producto\\\/2-silentblocs-barre-stabilisatrice-avant-alfa-romeo-145-146-155-164-4\\\/\",\"name\":\"Bujes de la barra estabilizadora delantera para 145, 146, 155, 164, Delta II, Dedra, Thesis - SILENT BLOCKS\",\"isPartOf\":{\"@id\":\"https:\\\/\\\/www.silentblocks.com\\\/es\\\/#website\"},\"primaryImageOfPage\":{\"@id\":\"https:\\\/\\\/www.silentblocks.com\\\/es\\\/producto\\\/2-silentblocs-barre-stabilisatrice-avant-alfa-romeo-145-146-155-164-4\\\/#primaryimage\"},\"image\":{\"@id\":\"https:\\\/\\\/www.silentblocks.com\\\/es\\\/producto\\\/2-silentblocs-barre-stabilisatrice-avant-alfa-romeo-145-146-155-164-4\\\/#primaryimage\"},\"thumbnailUrl\":\"https:\\\/\\\/www.silentblocks.com\\\/wp-content\\\/uploads\\\/2023\\\/04\\\/silentbloc-barre-stabilisatrice-avant-Fiat-bravo-1.jpg\",\"datePublished\":\"2023-04-26T23:03:55+00:00\",\"dateModified\":\"2026-02-17T21:05:39+00:00\",\"description\":\"Silentblocks de la barra estabilizadora delantera para Alfa Romeo 145, 146, 155, 164, Lancia Delta II, Lancia Dedra, Thesis, OEM 60808557, 7601646\",\"breadcrumb\":{\"@id\":\"https:\\\/\\\/www.silentblocks.com\\\/es\\\/producto\\\/2-silentblocs-barre-stabilisatrice-avant-alfa-romeo-145-146-155-164-4\\\/#breadcrumb\"},\"inLanguage\":\"es\",\"potentialAction\":[{\"@type\":\"ReadAction\",\"target\":[\"https:\\\/\\\/www.silentblocks.com\\\/es\\\/producto\\\/2-silentblocs-barre-stabilisatrice-avant-alfa-romeo-145-146-155-164-4\\\/\"]}]},{\"@type\":\"ImageObject\",\"inLanguage\":\"es\",\"@id\":\"https:\\\/\\\/www.silentblocks.com\\\/es\\\/producto\\\/2-silentblocs-barre-stabilisatrice-avant-alfa-romeo-145-146-155-164-4\\\/#primaryimage\",\"url\":\"https:\\\/\\\/www.silentblocks.com\\\/wp-content\\\/uploads\\\/2023\\\/04\\\/silentbloc-barre-stabilisatrice-avant-Fiat-bravo-1.jpg\",\"contentUrl\":\"https:\\\/\\\/www.silentblocks.com\\\/wp-content\\\/uploads\\\/2023\\\/04\\\/silentbloc-barre-stabilisatrice-avant-Fiat-bravo-1.jpg\",\"width\":1024,\"height\":1024},{\"@type\":\"BreadcrumbList\",\"@id\":\"https:\\\/\\\/www.silentblocks.com\\\/es\\\/producto\\\/2-silentblocs-barre-stabilisatrice-avant-alfa-romeo-145-146-155-164-4\\\/#breadcrumb\",\"itemListElement\":[{\"@type\":\"ListItem\",\"position\":1,\"name\":\"In\u00edcio\",\"item\":\"https:\\\/\\\/www.silentblocks.com\\\/es\\\/\"},{\"@type\":\"ListItem\",\"position\":2,\"name\":\"Page boutique\",\"item\":\"https:\\\/\\\/www.silentblocks.com\\\/es\\\/shop-2\\\/\"},{\"@type\":\"ListItem\",\"position\":3,\"name\":\"Bujes de la barra estabilizadora delantera para 145, 146, 155, 164, Delta II, Dedra, Thesis\"}]},{\"@type\":\"WebSite\",\"@id\":\"https:\\\/\\\/www.silentblocks.com\\\/es\\\/#website\",\"url\":\"https:\\\/\\\/www.silentblocks.com\\\/es\\\/\",\"name\":\"SILENTBLOCKS\",\"description\":\"Secure on the road\",\"publisher\":{\"@id\":\"https:\\\/\\\/www.silentblocks.com\\\/es\\\/#organization\"},\"potentialAction\":[{\"@type\":\"SearchAction\",\"target\":{\"@type\":\"EntryPoint\",\"urlTemplate\":\"https:\\\/\\\/www.silentblocks.com\\\/es\\\/?s={search_term_string}\"},\"query-input\":{\"@type\":\"PropertyValueSpecification\",\"valueRequired\":true,\"valueName\":\"search_term_string\"}}],\"inLanguage\":\"es\"},{\"@type\":\"Organization\",\"@id\":\"https:\\\/\\\/www.silentblocks.com\\\/es\\\/#organization\",\"name\":\"SILENTBLOCKS\",\"url\":\"https:\\\/\\\/www.silentblocks.com\\\/es\\\/\",\"logo\":{\"@type\":\"ImageObject\",\"inLanguage\":\"es\",\"@id\":\"https:\\\/\\\/www.silentblocks.com\\\/es\\\/#\\\/schema\\\/logo\\\/image\\\/\",\"url\":\"https:\\\/\\\/www.silentblocks.com\\\/wp-content\\\/uploads\\\/2023\\\/07\\\/logo211-sem-fundo_2012-PARA-BOUTIQUE-EBAY.png\",\"contentUrl\":\"https:\\\/\\\/www.silentblocks.com\\\/wp-content\\\/uploads\\\/2023\\\/07\\\/logo211-sem-fundo_2012-PARA-BOUTIQUE-EBAY.png\",\"width\":300,\"height\":190,\"caption\":\"SILENTBLOCKS\"},\"image\":{\"@id\":\"https:\\\/\\\/www.silentblocks.com\\\/es\\\/#\\\/schema\\\/logo\\\/image\\\/\"}}]}<\/script>\n<!-- \/ Yoast SEO Premium plugin. -->","yoast_head_json":{"title":"Bujes de la barra estabilizadora delantera para 145, 146, 155, 164, Delta II, Dedra, Thesis - SILENT BLOCKS","description":"Silentblocks de la barra estabilizadora delantera para Alfa Romeo 145, 146, 155, 164, Lancia Delta II, Lancia Dedra, Thesis, OEM 60808557, 7601646","robots":{"index":"index","follow":"follow","max-snippet":"max-snippet:-1","max-image-preview":"max-image-preview:large","max-video-preview":"max-video-preview:-1"},"canonical":"https:\/\/www.silentblocks.com\/es\/producto\/2-silentblocs-barre-stabilisatrice-avant-alfa-romeo-145-146-155-164-4\/","og_locale":"es_ES","og_type":"article","og_title":"Bujes de la barra estabilizadora delantera para 145, 146, 155, 164, Delta II, Dedra, Thesis","og_description":"Silentblocks de la barra estabilizadora delantera para Alfa Romeo 145, 146, 155, 164, Lancia Delta II, Lancia Dedra, Thesis, OEM 60808557, 7601646","og_url":"https:\/\/www.silentblocks.com\/es\/producto\/2-silentblocs-barre-stabilisatrice-avant-alfa-romeo-145-146-155-164-4\/","og_site_name":"SILENT BLOCKS","article_modified_time":"2026-02-17T21:05:39+00:00","og_image":[{"width":800,"height":800,"url":"https:\/\/www.silentblocks.com\/wp-content\/uploads\/2026\/02\/silentbloc-barre-avant-bravo-1-4.jpg","type":"image\/jpeg"}],"twitter_card":"summary_large_image","schema":{"@context":"https:\/\/schema.org","@graph":[{"@type":"WebPage","@id":"https:\/\/www.silentblocks.com\/es\/producto\/2-silentblocs-barre-stabilisatrice-avant-alfa-romeo-145-146-155-164-4\/","url":"https:\/\/www.silentblocks.com\/es\/producto\/2-silentblocs-barre-stabilisatrice-avant-alfa-romeo-145-146-155-164-4\/","name":"Bujes de la barra estabilizadora delantera para 145, 146, 155, 164, Delta II, Dedra, Thesis - SILENT BLOCKS","isPartOf":{"@id":"https:\/\/www.silentblocks.com\/es\/#website"},"primaryImageOfPage":{"@id":"https:\/\/www.silentblocks.com\/es\/producto\/2-silentblocs-barre-stabilisatrice-avant-alfa-romeo-145-146-155-164-4\/#primaryimage"},"image":{"@id":"https:\/\/www.silentblocks.com\/es\/producto\/2-silentblocs-barre-stabilisatrice-avant-alfa-romeo-145-146-155-164-4\/#primaryimage"},"thumbnailUrl":"https:\/\/www.silentblocks.com\/wp-content\/uploads\/2023\/04\/silentbloc-barre-stabilisatrice-avant-Fiat-bravo-1.jpg","datePublished":"2023-04-26T23:03:55+00:00","dateModified":"2026-02-17T21:05:39+00:00","description":"Silentblocks de la barra estabilizadora delantera para Alfa Romeo 145, 146, 155, 164, Lancia Delta II, Lancia Dedra, Thesis, OEM 60808557, 7601646","breadcrumb":{"@id":"https:\/\/www.silentblocks.com\/es\/producto\/2-silentblocs-barre-stabilisatrice-avant-alfa-romeo-145-146-155-164-4\/#breadcrumb"},"inLanguage":"es","potentialAction":[{"@type":"ReadAction","target":["https:\/\/www.silentblocks.com\/es\/producto\/2-silentblocs-barre-stabilisatrice-avant-alfa-romeo-145-146-155-164-4\/"]}]},{"@type":"ImageObject","inLanguage":"es","@id":"https:\/\/www.silentblocks.com\/es\/producto\/2-silentblocs-barre-stabilisatrice-avant-alfa-romeo-145-146-155-164-4\/#primaryimage","url":"https:\/\/www.silentblocks.com\/wp-content\/uploads\/2023\/04\/silentbloc-barre-stabilisatrice-avant-Fiat-bravo-1.jpg","contentUrl":"https:\/\/www.silentblocks.com\/wp-content\/uploads\/2023\/04\/silentbloc-barre-stabilisatrice-avant-Fiat-bravo-1.jpg","width":1024,"height":1024},{"@type":"BreadcrumbList","@id":"https:\/\/www.silentblocks.com\/es\/producto\/2-silentblocs-barre-stabilisatrice-avant-alfa-romeo-145-146-155-164-4\/#breadcrumb","itemListElement":[{"@type":"ListItem","position":1,"name":"In\u00edcio","item":"https:\/\/www.silentblocks.com\/es\/"},{"@type":"ListItem","position":2,"name":"Page boutique","item":"https:\/\/www.silentblocks.com\/es\/shop-2\/"},{"@type":"ListItem","position":3,"name":"Bujes de la barra estabilizadora delantera para 145, 146, 155, 164, Delta II, Dedra, Thesis"}]},{"@type":"WebSite","@id":"https:\/\/www.silentblocks.com\/es\/#website","url":"https:\/\/www.silentblocks.com\/es\/","name":"SILENTBLOCKS","description":"Secure on the road","publisher":{"@id":"https:\/\/www.silentblocks.com\/es\/#organization"},"potentialAction":[{"@type":"SearchAction","target":{"@type":"EntryPoint","urlTemplate":"https:\/\/www.silentblocks.com\/es\/?s={search_term_string}"},"query-input":{"@type":"PropertyValueSpecification","valueRequired":true,"valueName":"search_term_string"}}],"inLanguage":"es"},{"@type":"Organization","@id":"https:\/\/www.silentblocks.com\/es\/#organization","name":"SILENTBLOCKS","url":"https:\/\/www.silentblocks.com\/es\/","logo":{"@type":"ImageObject","inLanguage":"es","@id":"https:\/\/www.silentblocks.com\/es\/#\/schema\/logo\/image\/","url":"https:\/\/www.silentblocks.com\/wp-content\/uploads\/2023\/07\/logo211-sem-fundo_2012-PARA-BOUTIQUE-EBAY.png","contentUrl":"https:\/\/www.silentblocks.com\/wp-content\/uploads\/2023\/07\/logo211-sem-fundo_2012-PARA-BOUTIQUE-EBAY.png","width":300,"height":190,"caption":"SILENTBLOCKS"},"image":{"@id":"https:\/\/www.silentblocks.com\/es\/#\/schema\/logo\/image\/"}}]}},"_links":{"self":[{"href":"https:\/\/www.silentblocks.com\/es\/wp-json\/wp\/v2\/product\/76689","targetHints":{"allow":["GET"]}}],"collection":[{"href":"https:\/\/www.silentblocks.com\/es\/wp-json\/wp\/v2\/product"}],"about":[{"href":"https:\/\/www.silentblocks.com\/es\/wp-json\/wp\/v2\/types\/product"}],"version-history":[{"count":0,"href":"https:\/\/www.silentblocks.com\/es\/wp-json\/wp\/v2\/product\/76689\/revisions"}],"wp:featuredmedia":[{"embeddable":true,"href":"https:\/\/www.silentblocks.com\/es\/wp-json\/wp\/v2\/media\/137622"}],"wp:attachment":[{"href":"https:\/\/www.silentblocks.com\/es\/wp-json\/wp\/v2\/media?parent=76689"}],"wp:term":[{"taxonomy":"product_brand","embeddable":true,"href":"https:\/\/www.silentblocks.com\/es\/wp-json\/wp\/v2\/product_brand?post=76689"},{"taxonomy":"product_cat","embeddable":true,"href":"https:\/\/www.silentblocks.com\/es\/wp-json\/wp\/v2\/product_cat?post=76689"},{"taxonomy":"product_tag","embeddable":true,"href":"https:\/\/www.silentblocks.com\/es\/wp-json\/wp\/v2\/product_tag?post=76689"}],"curies":[{"name":"wp","href":"https:\/\/api.w.org\/{rel}","templated":true}]}}