{"id":76798,"date":"2023-04-26T23:03:40","date_gmt":"2023-04-26T23:03:40","guid":{"rendered":"https:\/\/www.silentblocks.com\/product\/4-bloques-silenciosos-para-dos-barreras-pajero-deporte\/"},"modified":"2026-02-17T21:05:55","modified_gmt":"2026-02-17T21:05:55","slug":"4-bloques-silenciosos-para-dos-barreras-pajero-deporte","status":"publish","type":"product","link":"https:\/\/www.silentblocks.com\/es\/producto\/4-bloques-silenciosos-para-dos-barreras-pajero-deporte\/","title":{"rendered":"Silentblocks en ambos amortiguadores traseros, Pajero Sport"},"content":{"rendered":"<p>4 Bujes para dos amortiguadores traseros, compatibles con los siguientes veh\u00edculos:<br \/>\nMitsubishi Pajero \/MONTERO SPORT CHALLENGER KH# (2008-)<br \/>\nMitsubishi Pajero \/MONTERO SPORT KH0# (07.2008-01.2013)<\/p>\n<p>Referencias del fabricante (c\u00f3digo OEM) s\u00f3lo a t\u00edtulo informativo :<br \/>\n4162A110, 4162A335, 4162A413, 4162A110T, 4162A364<\/p>\n<p>Piezas nuevas, se vende con factura. Todos nuestros productos tienen 2 a\u00f1os de garant\u00eda.<\/p>\n","protected":false},"excerpt":{"rendered":"<p>4 Silentblocks para dos amortiguadores traseros, Mitsubishi Pajero Sport<\/p>\n","protected":false},"featured_media":127101,"template":"","meta":[],"product_brand":[],"product_cat":[2211,3143],"product_tag":[],"class_list":{"0":"post-76798","1":"product","2":"type-product","3":"status-publish","4":"has-post-thumbnail","6":"product_cat-mitsubishi-es","7":"product_cat-pajero-sport-09-13-es","9":"first","10":"instock","11":"shipping-taxable","12":"purchasable","13":"product-type-simple"},"yoast_head":"<!-- This site is optimized with the Yoast SEO Premium plugin v23.0 (Yoast SEO v27.4) - https:\/\/yoast.com\/product\/yoast-seo-premium-wordpress\/ -->\n<title>Silentblocks en ambos amortiguadores traseros, Pajero Sport - SILENT BLOCKS<\/title>\n<meta name=\"description\" content=\"Bujes para amortiguadores traseros para Mitsubishi Pajero Sport, Montero Sport, compatible OEM 4162A110, 4162A335, 4162A413, 4162A110T, 4162A364\" \/>\n<meta name=\"robots\" content=\"index, follow, max-snippet:-1, max-image-preview:large, max-video-preview:-1\" \/>\n<link rel=\"canonical\" href=\"https:\/\/www.silentblocks.com\/es\/producto\/4-bloques-silenciosos-para-dos-barreras-pajero-deporte\/\" \/>\n<meta property=\"og:locale\" content=\"es_ES\" \/>\n<meta property=\"og:type\" content=\"article\" \/>\n<meta property=\"og:title\" content=\"Silentblocks en ambos amortiguadores traseros, Pajero Sport\" \/>\n<meta property=\"og:description\" content=\"Bujes para amortiguadores traseros para Mitsubishi Pajero Sport, Montero Sport, compatible OEM 4162A110, 4162A335, 4162A413, 4162A110T, 4162A364\" \/>\n<meta property=\"og:url\" content=\"https:\/\/www.silentblocks.com\/es\/producto\/4-bloques-silenciosos-para-dos-barreras-pajero-deporte\/\" \/>\n<meta property=\"og:site_name\" content=\"SILENT BLOCKS\" \/>\n<meta property=\"article:modified_time\" content=\"2026-02-17T21:05:55+00:00\" \/>\n<meta property=\"og:image\" content=\"https:\/\/www.silentblocks.com\/wp-content\/uploads\/2026\/02\/silentblocs-amortisseurs-arriere-Pajero-IV-oem-4162A110-2.jpg\" \/>\n\t<meta property=\"og:image:width\" content=\"1000\" \/>\n\t<meta property=\"og:image:height\" content=\"1000\" \/>\n\t<meta property=\"og:image:type\" content=\"image\/jpeg\" \/>\n<meta name=\"twitter:card\" content=\"summary_large_image\" \/>\n<script type=\"application\/ld+json\" class=\"yoast-schema-graph\">{\"@context\":\"https:\\\/\\\/schema.org\",\"@graph\":[{\"@type\":\"WebPage\",\"@id\":\"https:\\\/\\\/www.silentblocks.com\\\/es\\\/producto\\\/4-bloques-silenciosos-para-dos-barreras-pajero-deporte\\\/\",\"url\":\"https:\\\/\\\/www.silentblocks.com\\\/es\\\/producto\\\/4-bloques-silenciosos-para-dos-barreras-pajero-deporte\\\/\",\"name\":\"Silentblocks en ambos amortiguadores traseros, Pajero Sport - SILENT BLOCKS\",\"isPartOf\":{\"@id\":\"https:\\\/\\\/www.silentblocks.com\\\/es\\\/#website\"},\"primaryImageOfPage\":{\"@id\":\"https:\\\/\\\/www.silentblocks.com\\\/es\\\/producto\\\/4-bloques-silenciosos-para-dos-barreras-pajero-deporte\\\/#primaryimage\"},\"image\":{\"@id\":\"https:\\\/\\\/www.silentblocks.com\\\/es\\\/producto\\\/4-bloques-silenciosos-para-dos-barreras-pajero-deporte\\\/#primaryimage\"},\"thumbnailUrl\":\"https:\\\/\\\/www.silentblocks.com\\\/wp-content\\\/uploads\\\/2026\\\/02\\\/silentblocs-amortisseurs-arriere-Pajero-IV-oem-4162A110-2.jpg\",\"datePublished\":\"2023-04-26T23:03:40+00:00\",\"dateModified\":\"2026-02-17T21:05:55+00:00\",\"description\":\"Bujes para amortiguadores traseros para Mitsubishi Pajero Sport, Montero Sport, compatible OEM 4162A110, 4162A335, 4162A413, 4162A110T, 4162A364\",\"breadcrumb\":{\"@id\":\"https:\\\/\\\/www.silentblocks.com\\\/es\\\/producto\\\/4-bloques-silenciosos-para-dos-barreras-pajero-deporte\\\/#breadcrumb\"},\"inLanguage\":\"es\",\"potentialAction\":[{\"@type\":\"ReadAction\",\"target\":[\"https:\\\/\\\/www.silentblocks.com\\\/es\\\/producto\\\/4-bloques-silenciosos-para-dos-barreras-pajero-deporte\\\/\"]}]},{\"@type\":\"ImageObject\",\"inLanguage\":\"es\",\"@id\":\"https:\\\/\\\/www.silentblocks.com\\\/es\\\/producto\\\/4-bloques-silenciosos-para-dos-barreras-pajero-deporte\\\/#primaryimage\",\"url\":\"https:\\\/\\\/www.silentblocks.com\\\/wp-content\\\/uploads\\\/2026\\\/02\\\/silentblocs-amortisseurs-arriere-Pajero-IV-oem-4162A110-2.jpg\",\"contentUrl\":\"https:\\\/\\\/www.silentblocks.com\\\/wp-content\\\/uploads\\\/2026\\\/02\\\/silentblocs-amortisseurs-arriere-Pajero-IV-oem-4162A110-2.jpg\",\"width\":1000,\"height\":1000},{\"@type\":\"BreadcrumbList\",\"@id\":\"https:\\\/\\\/www.silentblocks.com\\\/es\\\/producto\\\/4-bloques-silenciosos-para-dos-barreras-pajero-deporte\\\/#breadcrumb\",\"itemListElement\":[{\"@type\":\"ListItem\",\"position\":1,\"name\":\"In\u00edcio\",\"item\":\"https:\\\/\\\/www.silentblocks.com\\\/es\\\/\"},{\"@type\":\"ListItem\",\"position\":2,\"name\":\"Page boutique\",\"item\":\"https:\\\/\\\/www.silentblocks.com\\\/es\\\/shop-2\\\/\"},{\"@type\":\"ListItem\",\"position\":3,\"name\":\"Silentblocks en ambos amortiguadores traseros, Pajero Sport\"}]},{\"@type\":\"WebSite\",\"@id\":\"https:\\\/\\\/www.silentblocks.com\\\/es\\\/#website\",\"url\":\"https:\\\/\\\/www.silentblocks.com\\\/es\\\/\",\"name\":\"SILENTBLOCKS\",\"description\":\"Secure on the road\",\"publisher\":{\"@id\":\"https:\\\/\\\/www.silentblocks.com\\\/es\\\/#organization\"},\"potentialAction\":[{\"@type\":\"SearchAction\",\"target\":{\"@type\":\"EntryPoint\",\"urlTemplate\":\"https:\\\/\\\/www.silentblocks.com\\\/es\\\/?s={search_term_string}\"},\"query-input\":{\"@type\":\"PropertyValueSpecification\",\"valueRequired\":true,\"valueName\":\"search_term_string\"}}],\"inLanguage\":\"es\"},{\"@type\":\"Organization\",\"@id\":\"https:\\\/\\\/www.silentblocks.com\\\/es\\\/#organization\",\"name\":\"SILENTBLOCKS\",\"url\":\"https:\\\/\\\/www.silentblocks.com\\\/es\\\/\",\"logo\":{\"@type\":\"ImageObject\",\"inLanguage\":\"es\",\"@id\":\"https:\\\/\\\/www.silentblocks.com\\\/es\\\/#\\\/schema\\\/logo\\\/image\\\/\",\"url\":\"https:\\\/\\\/www.silentblocks.com\\\/wp-content\\\/uploads\\\/2023\\\/07\\\/logo211-sem-fundo_2012-PARA-BOUTIQUE-EBAY.png\",\"contentUrl\":\"https:\\\/\\\/www.silentblocks.com\\\/wp-content\\\/uploads\\\/2023\\\/07\\\/logo211-sem-fundo_2012-PARA-BOUTIQUE-EBAY.png\",\"width\":300,\"height\":190,\"caption\":\"SILENTBLOCKS\"},\"image\":{\"@id\":\"https:\\\/\\\/www.silentblocks.com\\\/es\\\/#\\\/schema\\\/logo\\\/image\\\/\"}}]}<\/script>\n<!-- \/ Yoast SEO Premium plugin. -->","yoast_head_json":{"title":"Silentblocks en ambos amortiguadores traseros, Pajero Sport - SILENT BLOCKS","description":"Bujes para amortiguadores traseros para Mitsubishi Pajero Sport, Montero Sport, compatible OEM 4162A110, 4162A335, 4162A413, 4162A110T, 4162A364","robots":{"index":"index","follow":"follow","max-snippet":"max-snippet:-1","max-image-preview":"max-image-preview:large","max-video-preview":"max-video-preview:-1"},"canonical":"https:\/\/www.silentblocks.com\/es\/producto\/4-bloques-silenciosos-para-dos-barreras-pajero-deporte\/","og_locale":"es_ES","og_type":"article","og_title":"Silentblocks en ambos amortiguadores traseros, Pajero Sport","og_description":"Bujes para amortiguadores traseros para Mitsubishi Pajero Sport, Montero Sport, compatible OEM 4162A110, 4162A335, 4162A413, 4162A110T, 4162A364","og_url":"https:\/\/www.silentblocks.com\/es\/producto\/4-bloques-silenciosos-para-dos-barreras-pajero-deporte\/","og_site_name":"SILENT BLOCKS","article_modified_time":"2026-02-17T21:05:55+00:00","og_image":[{"width":1000,"height":1000,"url":"https:\/\/www.silentblocks.com\/wp-content\/uploads\/2026\/02\/silentblocs-amortisseurs-arriere-Pajero-IV-oem-4162A110-2.jpg","type":"image\/jpeg"}],"twitter_card":"summary_large_image","schema":{"@context":"https:\/\/schema.org","@graph":[{"@type":"WebPage","@id":"https:\/\/www.silentblocks.com\/es\/producto\/4-bloques-silenciosos-para-dos-barreras-pajero-deporte\/","url":"https:\/\/www.silentblocks.com\/es\/producto\/4-bloques-silenciosos-para-dos-barreras-pajero-deporte\/","name":"Silentblocks en ambos amortiguadores traseros, Pajero Sport - SILENT BLOCKS","isPartOf":{"@id":"https:\/\/www.silentblocks.com\/es\/#website"},"primaryImageOfPage":{"@id":"https:\/\/www.silentblocks.com\/es\/producto\/4-bloques-silenciosos-para-dos-barreras-pajero-deporte\/#primaryimage"},"image":{"@id":"https:\/\/www.silentblocks.com\/es\/producto\/4-bloques-silenciosos-para-dos-barreras-pajero-deporte\/#primaryimage"},"thumbnailUrl":"https:\/\/www.silentblocks.com\/wp-content\/uploads\/2026\/02\/silentblocs-amortisseurs-arriere-Pajero-IV-oem-4162A110-2.jpg","datePublished":"2023-04-26T23:03:40+00:00","dateModified":"2026-02-17T21:05:55+00:00","description":"Bujes para amortiguadores traseros para Mitsubishi Pajero Sport, Montero Sport, compatible OEM 4162A110, 4162A335, 4162A413, 4162A110T, 4162A364","breadcrumb":{"@id":"https:\/\/www.silentblocks.com\/es\/producto\/4-bloques-silenciosos-para-dos-barreras-pajero-deporte\/#breadcrumb"},"inLanguage":"es","potentialAction":[{"@type":"ReadAction","target":["https:\/\/www.silentblocks.com\/es\/producto\/4-bloques-silenciosos-para-dos-barreras-pajero-deporte\/"]}]},{"@type":"ImageObject","inLanguage":"es","@id":"https:\/\/www.silentblocks.com\/es\/producto\/4-bloques-silenciosos-para-dos-barreras-pajero-deporte\/#primaryimage","url":"https:\/\/www.silentblocks.com\/wp-content\/uploads\/2026\/02\/silentblocs-amortisseurs-arriere-Pajero-IV-oem-4162A110-2.jpg","contentUrl":"https:\/\/www.silentblocks.com\/wp-content\/uploads\/2026\/02\/silentblocs-amortisseurs-arriere-Pajero-IV-oem-4162A110-2.jpg","width":1000,"height":1000},{"@type":"BreadcrumbList","@id":"https:\/\/www.silentblocks.com\/es\/producto\/4-bloques-silenciosos-para-dos-barreras-pajero-deporte\/#breadcrumb","itemListElement":[{"@type":"ListItem","position":1,"name":"In\u00edcio","item":"https:\/\/www.silentblocks.com\/es\/"},{"@type":"ListItem","position":2,"name":"Page boutique","item":"https:\/\/www.silentblocks.com\/es\/shop-2\/"},{"@type":"ListItem","position":3,"name":"Silentblocks en ambos amortiguadores traseros, Pajero Sport"}]},{"@type":"WebSite","@id":"https:\/\/www.silentblocks.com\/es\/#website","url":"https:\/\/www.silentblocks.com\/es\/","name":"SILENTBLOCKS","description":"Secure on the road","publisher":{"@id":"https:\/\/www.silentblocks.com\/es\/#organization"},"potentialAction":[{"@type":"SearchAction","target":{"@type":"EntryPoint","urlTemplate":"https:\/\/www.silentblocks.com\/es\/?s={search_term_string}"},"query-input":{"@type":"PropertyValueSpecification","valueRequired":true,"valueName":"search_term_string"}}],"inLanguage":"es"},{"@type":"Organization","@id":"https:\/\/www.silentblocks.com\/es\/#organization","name":"SILENTBLOCKS","url":"https:\/\/www.silentblocks.com\/es\/","logo":{"@type":"ImageObject","inLanguage":"es","@id":"https:\/\/www.silentblocks.com\/es\/#\/schema\/logo\/image\/","url":"https:\/\/www.silentblocks.com\/wp-content\/uploads\/2023\/07\/logo211-sem-fundo_2012-PARA-BOUTIQUE-EBAY.png","contentUrl":"https:\/\/www.silentblocks.com\/wp-content\/uploads\/2023\/07\/logo211-sem-fundo_2012-PARA-BOUTIQUE-EBAY.png","width":300,"height":190,"caption":"SILENTBLOCKS"},"image":{"@id":"https:\/\/www.silentblocks.com\/es\/#\/schema\/logo\/image\/"}}]}},"_links":{"self":[{"href":"https:\/\/www.silentblocks.com\/es\/wp-json\/wp\/v2\/product\/76798","targetHints":{"allow":["GET"]}}],"collection":[{"href":"https:\/\/www.silentblocks.com\/es\/wp-json\/wp\/v2\/product"}],"about":[{"href":"https:\/\/www.silentblocks.com\/es\/wp-json\/wp\/v2\/types\/product"}],"version-history":[{"count":0,"href":"https:\/\/www.silentblocks.com\/es\/wp-json\/wp\/v2\/product\/76798\/revisions"}],"wp:featuredmedia":[{"embeddable":true,"href":"https:\/\/www.silentblocks.com\/es\/wp-json\/wp\/v2\/media\/127101"}],"wp:attachment":[{"href":"https:\/\/www.silentblocks.com\/es\/wp-json\/wp\/v2\/media?parent=76798"}],"wp:term":[{"taxonomy":"product_brand","embeddable":true,"href":"https:\/\/www.silentblocks.com\/es\/wp-json\/wp\/v2\/product_brand?post=76798"},{"taxonomy":"product_cat","embeddable":true,"href":"https:\/\/www.silentblocks.com\/es\/wp-json\/wp\/v2\/product_cat?post=76798"},{"taxonomy":"product_tag","embeddable":true,"href":"https:\/\/www.silentblocks.com\/es\/wp-json\/wp\/v2\/product_tag?post=76798"}],"curies":[{"name":"wp","href":"https:\/\/api.w.org\/{rel}","templated":true}]}}