{"id":77090,"date":"2023-04-26T23:02:30","date_gmt":"2023-04-26T23:02:30","guid":{"rendered":"https:\/\/www.silentblocks.com\/product\/2-silentblocs-essieux-arriere-auris-corolla-prius-scion-3\/"},"modified":"2026-02-17T21:06:38","modified_gmt":"2026-02-17T21:06:38","slug":"2-silentblocs-essieux-arriere-auris-corolla-prius-scion-3","status":"publish","type":"product","link":"https:\/\/www.silentblocks.com\/es\/producto\/2-silentblocs-essieux-arriere-auris-corolla-prius-scion-3\/","title":{"rendered":"Bujes de eje trasero, Auris, Corolla, Prius, Scion"},"content":{"rendered":"<p>2 Silentblocks para reparaci\u00f3n de eje trasero, casquillos de eje trasero para:<\/p>\n<p>TOYOTA AURIS ZZE150 2006-2012<br \/>\nTOYOTA AURIS NZE151 2006-2012<br \/>\nTOYOTA AURIS ZRE186 2012<br \/>\nTOYOTA AURIS ZRE181 2012<br \/>\nTOYOTA AURIS NZE181 2012<br \/>\nTOYOTA AURIS ZRE15# 2007-2012<br \/>\nTOYOTA AURIS ZWE150 2007-2012<br \/>\nTOYOTA AURIS ZZE150 2007-2012<br \/>\nTOYOTA AURIS NRE150 2007-2012<br \/>\nTOYOTA AURIS ADE15# 2007-2012<br \/>\nTOYOTA AURIS NDE150 2007-2012<br \/>\nTOYOTA AURIS HYBRID ADE15# 2007-2012<br \/>\nTOYOTA AURIS HYBRID NDE150 2007-2012<br \/>\nTOYOTA AURIS HYBRID NRE150 2007-2012<br \/>\nTOYOTA AURIS HYBRID ZRE15# 2007-2012<br \/>\nTOYOTA AURIS HYBRID ZZE150 2007-2012<br \/>\nTOYOTA AURIS HYBRID ZWE150 2007-2012<br \/>\nTOYOTA COROLLA NDE180 2013<br \/>\nTOYOTA COROLLA NRE180 2013<br \/>\nTOYOTA COROLLA ADE150 2006-2013<br \/>\nTOYOTA COROLLA ZZE150 2006-2013<br \/>\nTOYOTA COROLLA ZRE15# 2006-2013<br \/>\nTOYOTA COROLLA NRE150 2006-2013<br \/>\nTOYOTA COROLLA NDE150 2006-2013<br \/>\nTOYOTA COROLLA ZRE18# 2013<br \/>\nTOYOTA COROLLA RUMION ZRE15# 2007<br \/>\nTOYOTA COROLLA RUMION NZE151 2007<br \/>\nTOYOTA COROLLA VERSO ZGR2# 2009<br \/>\nTOYOTA COROLLA VERSO AUR2# 2009<br \/>\nTOYOTA PRIUS ZVW4# 2011<br \/>\nTOYOTA PRIUS ZVW30 2009-2015<br \/>\nTOYOTA PRIUS PLUG-IN HBD ZVW35 4WD 2009-2015<br \/>\n2010 TOYOTA RUKUS AZE151<br \/>\nTOYOTA SCION XB AZE150 2007-2014<\/p>\n<p>Referencias del fabricante (c\u00f3digo OEM) s\u00f3lo a t\u00edtulo informativo :<br \/>\n4872512590, 48725-02200, 48725-47030, 42101-12171, 48725-47060<\/p>\n<p>Piezas nuevas, se vende con factura. Todos nuestros productos tienen 2 a\u00f1os de garant\u00eda.<\/p>\n","protected":false},"excerpt":{"rendered":"<p>2 ejes traseros Silentblocks, Toyota Auris, Corolla, Prius, Scion<\/p>\n","protected":false},"featured_media":126929,"template":"","meta":[],"product_brand":[],"product_cat":[2250,3599,3645,4113],"product_tag":[],"class_list":{"0":"post-77090","1":"product","2":"type-product","3":"status-publish","4":"has-post-thumbnail","6":"product_cat-toyota-es","7":"product_cat-auris-es","8":"product_cat-corolla-06-13-es","9":"product_cat-prius-2009-2018-es","11":"first","12":"instock","13":"shipping-taxable","14":"purchasable","15":"product-type-simple"},"yoast_head":"<!-- This site is optimized with the Yoast SEO Premium plugin v23.0 (Yoast SEO v27.4) - https:\/\/yoast.com\/product\/yoast-seo-premium-wordpress\/ -->\n<title>Bujes de eje trasero, Auris, Corolla, Prius, Scion - SILENT BLOCKS<\/title>\n<meta name=\"description\" content=\"Bujes del eje trasero para Toyota Auris, Toyota Corolla, Toyota Prius, Scion, compatible OEM 4872512590, 48725-02200, 48725-47030, 42101-12171\" \/>\n<meta name=\"robots\" content=\"index, follow, max-snippet:-1, max-image-preview:large, max-video-preview:-1\" \/>\n<link rel=\"canonical\" href=\"https:\/\/www.silentblocks.com\/es\/producto\/2-silentblocs-essieux-arriere-auris-corolla-prius-scion-3\/\" \/>\n<meta property=\"og:locale\" content=\"es_ES\" \/>\n<meta property=\"og:type\" content=\"article\" \/>\n<meta property=\"og:title\" content=\"Bujes de eje trasero, Auris, Corolla, Prius, Scion\" \/>\n<meta property=\"og:description\" content=\"Bujes del eje trasero para Toyota Auris, Toyota Corolla, Toyota Prius, Scion, compatible OEM 4872512590, 48725-02200, 48725-47030, 42101-12171\" \/>\n<meta property=\"og:url\" content=\"https:\/\/www.silentblocks.com\/es\/producto\/2-silentblocs-essieux-arriere-auris-corolla-prius-scion-3\/\" \/>\n<meta property=\"og:site_name\" content=\"SILENT BLOCKS\" \/>\n<meta property=\"article:modified_time\" content=\"2026-02-17T21:06:38+00:00\" \/>\n<meta property=\"og:image\" content=\"https:\/\/www.silentblocks.com\/wp-content\/uploads\/2026\/02\/ESSIEU-ARRIERE-TOYOTA-AURIS-4872512590-2.jpg\" \/>\n\t<meta property=\"og:image:width\" content=\"1000\" \/>\n\t<meta property=\"og:image:height\" content=\"1000\" \/>\n\t<meta property=\"og:image:type\" content=\"image\/jpeg\" \/>\n<meta name=\"twitter:card\" content=\"summary_large_image\" \/>\n<meta name=\"twitter:label1\" content=\"Tiempo de lectura\" \/>\n\t<meta name=\"twitter:data1\" content=\"1 minuto\" \/>\n<script type=\"application\/ld+json\" class=\"yoast-schema-graph\">{\"@context\":\"https:\\\/\\\/schema.org\",\"@graph\":[{\"@type\":\"WebPage\",\"@id\":\"https:\\\/\\\/www.silentblocks.com\\\/es\\\/producto\\\/2-silentblocs-essieux-arriere-auris-corolla-prius-scion-3\\\/\",\"url\":\"https:\\\/\\\/www.silentblocks.com\\\/es\\\/producto\\\/2-silentblocs-essieux-arriere-auris-corolla-prius-scion-3\\\/\",\"name\":\"Bujes de eje trasero, Auris, Corolla, Prius, Scion - SILENT BLOCKS\",\"isPartOf\":{\"@id\":\"https:\\\/\\\/www.silentblocks.com\\\/es\\\/#website\"},\"primaryImageOfPage\":{\"@id\":\"https:\\\/\\\/www.silentblocks.com\\\/es\\\/producto\\\/2-silentblocs-essieux-arriere-auris-corolla-prius-scion-3\\\/#primaryimage\"},\"image\":{\"@id\":\"https:\\\/\\\/www.silentblocks.com\\\/es\\\/producto\\\/2-silentblocs-essieux-arriere-auris-corolla-prius-scion-3\\\/#primaryimage\"},\"thumbnailUrl\":\"https:\\\/\\\/www.silentblocks.com\\\/wp-content\\\/uploads\\\/2026\\\/02\\\/ESSIEU-ARRIERE-TOYOTA-AURIS-4872512590-2.jpg\",\"datePublished\":\"2023-04-26T23:02:30+00:00\",\"dateModified\":\"2026-02-17T21:06:38+00:00\",\"description\":\"Bujes del eje trasero para Toyota Auris, Toyota Corolla, Toyota Prius, Scion, compatible OEM 4872512590, 48725-02200, 48725-47030, 42101-12171\",\"breadcrumb\":{\"@id\":\"https:\\\/\\\/www.silentblocks.com\\\/es\\\/producto\\\/2-silentblocs-essieux-arriere-auris-corolla-prius-scion-3\\\/#breadcrumb\"},\"inLanguage\":\"es\",\"potentialAction\":[{\"@type\":\"ReadAction\",\"target\":[\"https:\\\/\\\/www.silentblocks.com\\\/es\\\/producto\\\/2-silentblocs-essieux-arriere-auris-corolla-prius-scion-3\\\/\"]}]},{\"@type\":\"ImageObject\",\"inLanguage\":\"es\",\"@id\":\"https:\\\/\\\/www.silentblocks.com\\\/es\\\/producto\\\/2-silentblocs-essieux-arriere-auris-corolla-prius-scion-3\\\/#primaryimage\",\"url\":\"https:\\\/\\\/www.silentblocks.com\\\/wp-content\\\/uploads\\\/2026\\\/02\\\/ESSIEU-ARRIERE-TOYOTA-AURIS-4872512590-2.jpg\",\"contentUrl\":\"https:\\\/\\\/www.silentblocks.com\\\/wp-content\\\/uploads\\\/2026\\\/02\\\/ESSIEU-ARRIERE-TOYOTA-AURIS-4872512590-2.jpg\",\"width\":1000,\"height\":1000},{\"@type\":\"BreadcrumbList\",\"@id\":\"https:\\\/\\\/www.silentblocks.com\\\/es\\\/producto\\\/2-silentblocs-essieux-arriere-auris-corolla-prius-scion-3\\\/#breadcrumb\",\"itemListElement\":[{\"@type\":\"ListItem\",\"position\":1,\"name\":\"In\u00edcio\",\"item\":\"https:\\\/\\\/www.silentblocks.com\\\/es\\\/\"},{\"@type\":\"ListItem\",\"position\":2,\"name\":\"Page boutique\",\"item\":\"https:\\\/\\\/www.silentblocks.com\\\/es\\\/shop-2\\\/\"},{\"@type\":\"ListItem\",\"position\":3,\"name\":\"Bujes de eje trasero, Auris, Corolla, Prius, Scion\"}]},{\"@type\":\"WebSite\",\"@id\":\"https:\\\/\\\/www.silentblocks.com\\\/es\\\/#website\",\"url\":\"https:\\\/\\\/www.silentblocks.com\\\/es\\\/\",\"name\":\"SILENTBLOCKS\",\"description\":\"Secure on the road\",\"publisher\":{\"@id\":\"https:\\\/\\\/www.silentblocks.com\\\/es\\\/#organization\"},\"potentialAction\":[{\"@type\":\"SearchAction\",\"target\":{\"@type\":\"EntryPoint\",\"urlTemplate\":\"https:\\\/\\\/www.silentblocks.com\\\/es\\\/?s={search_term_string}\"},\"query-input\":{\"@type\":\"PropertyValueSpecification\",\"valueRequired\":true,\"valueName\":\"search_term_string\"}}],\"inLanguage\":\"es\"},{\"@type\":\"Organization\",\"@id\":\"https:\\\/\\\/www.silentblocks.com\\\/es\\\/#organization\",\"name\":\"SILENTBLOCKS\",\"url\":\"https:\\\/\\\/www.silentblocks.com\\\/es\\\/\",\"logo\":{\"@type\":\"ImageObject\",\"inLanguage\":\"es\",\"@id\":\"https:\\\/\\\/www.silentblocks.com\\\/es\\\/#\\\/schema\\\/logo\\\/image\\\/\",\"url\":\"https:\\\/\\\/www.silentblocks.com\\\/wp-content\\\/uploads\\\/2023\\\/07\\\/logo211-sem-fundo_2012-PARA-BOUTIQUE-EBAY.png\",\"contentUrl\":\"https:\\\/\\\/www.silentblocks.com\\\/wp-content\\\/uploads\\\/2023\\\/07\\\/logo211-sem-fundo_2012-PARA-BOUTIQUE-EBAY.png\",\"width\":300,\"height\":190,\"caption\":\"SILENTBLOCKS\"},\"image\":{\"@id\":\"https:\\\/\\\/www.silentblocks.com\\\/es\\\/#\\\/schema\\\/logo\\\/image\\\/\"}}]}<\/script>\n<!-- \/ Yoast SEO Premium plugin. -->","yoast_head_json":{"title":"Bujes de eje trasero, Auris, Corolla, Prius, Scion - SILENT BLOCKS","description":"Bujes del eje trasero para Toyota Auris, Toyota Corolla, Toyota Prius, Scion, compatible OEM 4872512590, 48725-02200, 48725-47030, 42101-12171","robots":{"index":"index","follow":"follow","max-snippet":"max-snippet:-1","max-image-preview":"max-image-preview:large","max-video-preview":"max-video-preview:-1"},"canonical":"https:\/\/www.silentblocks.com\/es\/producto\/2-silentblocs-essieux-arriere-auris-corolla-prius-scion-3\/","og_locale":"es_ES","og_type":"article","og_title":"Bujes de eje trasero, Auris, Corolla, Prius, Scion","og_description":"Bujes del eje trasero para Toyota Auris, Toyota Corolla, Toyota Prius, Scion, compatible OEM 4872512590, 48725-02200, 48725-47030, 42101-12171","og_url":"https:\/\/www.silentblocks.com\/es\/producto\/2-silentblocs-essieux-arriere-auris-corolla-prius-scion-3\/","og_site_name":"SILENT BLOCKS","article_modified_time":"2026-02-17T21:06:38+00:00","og_image":[{"width":1000,"height":1000,"url":"https:\/\/www.silentblocks.com\/wp-content\/uploads\/2026\/02\/ESSIEU-ARRIERE-TOYOTA-AURIS-4872512590-2.jpg","type":"image\/jpeg"}],"twitter_card":"summary_large_image","twitter_misc":{"Tiempo de lectura":"1 minuto"},"schema":{"@context":"https:\/\/schema.org","@graph":[{"@type":"WebPage","@id":"https:\/\/www.silentblocks.com\/es\/producto\/2-silentblocs-essieux-arriere-auris-corolla-prius-scion-3\/","url":"https:\/\/www.silentblocks.com\/es\/producto\/2-silentblocs-essieux-arriere-auris-corolla-prius-scion-3\/","name":"Bujes de eje trasero, Auris, Corolla, Prius, Scion - SILENT BLOCKS","isPartOf":{"@id":"https:\/\/www.silentblocks.com\/es\/#website"},"primaryImageOfPage":{"@id":"https:\/\/www.silentblocks.com\/es\/producto\/2-silentblocs-essieux-arriere-auris-corolla-prius-scion-3\/#primaryimage"},"image":{"@id":"https:\/\/www.silentblocks.com\/es\/producto\/2-silentblocs-essieux-arriere-auris-corolla-prius-scion-3\/#primaryimage"},"thumbnailUrl":"https:\/\/www.silentblocks.com\/wp-content\/uploads\/2026\/02\/ESSIEU-ARRIERE-TOYOTA-AURIS-4872512590-2.jpg","datePublished":"2023-04-26T23:02:30+00:00","dateModified":"2026-02-17T21:06:38+00:00","description":"Bujes del eje trasero para Toyota Auris, Toyota Corolla, Toyota Prius, Scion, compatible OEM 4872512590, 48725-02200, 48725-47030, 42101-12171","breadcrumb":{"@id":"https:\/\/www.silentblocks.com\/es\/producto\/2-silentblocs-essieux-arriere-auris-corolla-prius-scion-3\/#breadcrumb"},"inLanguage":"es","potentialAction":[{"@type":"ReadAction","target":["https:\/\/www.silentblocks.com\/es\/producto\/2-silentblocs-essieux-arriere-auris-corolla-prius-scion-3\/"]}]},{"@type":"ImageObject","inLanguage":"es","@id":"https:\/\/www.silentblocks.com\/es\/producto\/2-silentblocs-essieux-arriere-auris-corolla-prius-scion-3\/#primaryimage","url":"https:\/\/www.silentblocks.com\/wp-content\/uploads\/2026\/02\/ESSIEU-ARRIERE-TOYOTA-AURIS-4872512590-2.jpg","contentUrl":"https:\/\/www.silentblocks.com\/wp-content\/uploads\/2026\/02\/ESSIEU-ARRIERE-TOYOTA-AURIS-4872512590-2.jpg","width":1000,"height":1000},{"@type":"BreadcrumbList","@id":"https:\/\/www.silentblocks.com\/es\/producto\/2-silentblocs-essieux-arriere-auris-corolla-prius-scion-3\/#breadcrumb","itemListElement":[{"@type":"ListItem","position":1,"name":"In\u00edcio","item":"https:\/\/www.silentblocks.com\/es\/"},{"@type":"ListItem","position":2,"name":"Page boutique","item":"https:\/\/www.silentblocks.com\/es\/shop-2\/"},{"@type":"ListItem","position":3,"name":"Bujes de eje trasero, Auris, Corolla, Prius, Scion"}]},{"@type":"WebSite","@id":"https:\/\/www.silentblocks.com\/es\/#website","url":"https:\/\/www.silentblocks.com\/es\/","name":"SILENTBLOCKS","description":"Secure on the road","publisher":{"@id":"https:\/\/www.silentblocks.com\/es\/#organization"},"potentialAction":[{"@type":"SearchAction","target":{"@type":"EntryPoint","urlTemplate":"https:\/\/www.silentblocks.com\/es\/?s={search_term_string}"},"query-input":{"@type":"PropertyValueSpecification","valueRequired":true,"valueName":"search_term_string"}}],"inLanguage":"es"},{"@type":"Organization","@id":"https:\/\/www.silentblocks.com\/es\/#organization","name":"SILENTBLOCKS","url":"https:\/\/www.silentblocks.com\/es\/","logo":{"@type":"ImageObject","inLanguage":"es","@id":"https:\/\/www.silentblocks.com\/es\/#\/schema\/logo\/image\/","url":"https:\/\/www.silentblocks.com\/wp-content\/uploads\/2023\/07\/logo211-sem-fundo_2012-PARA-BOUTIQUE-EBAY.png","contentUrl":"https:\/\/www.silentblocks.com\/wp-content\/uploads\/2023\/07\/logo211-sem-fundo_2012-PARA-BOUTIQUE-EBAY.png","width":300,"height":190,"caption":"SILENTBLOCKS"},"image":{"@id":"https:\/\/www.silentblocks.com\/es\/#\/schema\/logo\/image\/"}}]}},"_links":{"self":[{"href":"https:\/\/www.silentblocks.com\/es\/wp-json\/wp\/v2\/product\/77090","targetHints":{"allow":["GET"]}}],"collection":[{"href":"https:\/\/www.silentblocks.com\/es\/wp-json\/wp\/v2\/product"}],"about":[{"href":"https:\/\/www.silentblocks.com\/es\/wp-json\/wp\/v2\/types\/product"}],"version-history":[{"count":0,"href":"https:\/\/www.silentblocks.com\/es\/wp-json\/wp\/v2\/product\/77090\/revisions"}],"wp:featuredmedia":[{"embeddable":true,"href":"https:\/\/www.silentblocks.com\/es\/wp-json\/wp\/v2\/media\/126929"}],"wp:attachment":[{"href":"https:\/\/www.silentblocks.com\/es\/wp-json\/wp\/v2\/media?parent=77090"}],"wp:term":[{"taxonomy":"product_brand","embeddable":true,"href":"https:\/\/www.silentblocks.com\/es\/wp-json\/wp\/v2\/product_brand?post=77090"},{"taxonomy":"product_cat","embeddable":true,"href":"https:\/\/www.silentblocks.com\/es\/wp-json\/wp\/v2\/product_cat?post=77090"},{"taxonomy":"product_tag","embeddable":true,"href":"https:\/\/www.silentblocks.com\/es\/wp-json\/wp\/v2\/product_tag?post=77090"}],"curies":[{"name":"wp","href":"https:\/\/api.w.org\/{rel}","templated":true}]}}