{"id":77307,"date":"2023-04-26T23:02:20","date_gmt":"2023-04-26T23:02:20","guid":{"rendered":"https:\/\/www.silentblocks.com\/product\/8-silentblocs-polyurethane-tirant-arriere-nissan\/"},"modified":"2026-02-17T21:07:17","modified_gmt":"2026-02-17T21:07:17","slug":"8-silentblocs-polyurethane-tirant-arriere-nissan","status":"publish","type":"product","link":"https:\/\/www.silentblocks.com\/es\/producto\/8-silentblocs-polyurethane-tirant-arriere-nissan\/","title":{"rendered":"Casquillos de poliuretano para tirantes traseros, Patrol, Terrano, Vanette"},"content":{"rendered":"<p>8 silentblocks de poliuretano para los tirantes traseros, compatibles con los siguientes veh\u00edculos:<br \/>\nTerrano I\/II (1986&gt;1995)<br \/>\nModelo: WD21, R20<br \/>\nPatrulla (1987&gt;2010)<br \/>\nModelos: Y60, Y61, 160, 260<br \/>\nVanette (03-1987&gt;)<br \/>\nModelo: GC22<\/p>\n<p>(DE:50 mm \/ DI:14,5 mm)<br \/>\nDureza: 80ShA<\/p>\n<p>Referencias del fabricante (c\u00f3digo OEM) s\u00f3lo a t\u00edtulo informativo :<br \/>\n55045-06J00<\/p>\n<p>Piezas nuevas, se vende con factura. Todos nuestros productos tienen 2 a\u00f1os de garant\u00eda.<\/p>\n","protected":false},"excerpt":{"rendered":"<p>8 Silentblocks de poliuretano para tirantes traseros para Nissan Terrano, Patrol y Vanette<\/p>\n","protected":false},"featured_media":126717,"template":"","meta":[],"product_brand":[],"product_cat":[2214,1779,1780,3247,1977,3256],"product_tag":[],"class_list":{"0":"post-77307","1":"product","2":"type-product","3":"status-publish","4":"has-post-thumbnail","6":"product_cat-nissan-es","7":"product_cat-patrol-86-97","8":"product_cat-patrol-97-10","9":"product_cat-terrano-i-es","10":"product_cat-terrano-ii-es","11":"product_cat-vanette-es","13":"first","14":"instock","15":"shipping-taxable","16":"purchasable","17":"product-type-simple"},"yoast_head":"<!-- This site is optimized with the Yoast SEO Premium plugin v23.0 (Yoast SEO v27.4) - https:\/\/yoast.com\/product\/yoast-seo-premium-wordpress\/ -->\n<title>Casquillos de poliuretano para tirantes traseros, Patrol, Terrano, Vanette - SILENT BLOCKS<\/title>\n<meta name=\"description\" content=\"Silentblocks de poliuretano para tirantes traseros, para Nissan Patrol, Nissan Terrano, Nissan Vanette, compatible OEM 55045-06J00\" \/>\n<meta name=\"robots\" content=\"index, follow, max-snippet:-1, max-image-preview:large, max-video-preview:-1\" \/>\n<link rel=\"canonical\" href=\"https:\/\/www.silentblocks.com\/es\/producto\/8-silentblocs-polyurethane-tirant-arriere-nissan\/\" \/>\n<meta property=\"og:locale\" content=\"es_ES\" \/>\n<meta property=\"og:type\" content=\"article\" \/>\n<meta property=\"og:title\" content=\"Casquillos de poliuretano para tirantes traseros, Patrol, Terrano, Vanette\" \/>\n<meta property=\"og:description\" content=\"Silentblocks de poliuretano para tirantes traseros, para Nissan Patrol, Nissan Terrano, Nissan Vanette, compatible OEM 55045-06J00\" \/>\n<meta property=\"og:url\" content=\"https:\/\/www.silentblocks.com\/es\/producto\/8-silentblocs-polyurethane-tirant-arriere-nissan\/\" \/>\n<meta property=\"og:site_name\" content=\"SILENT BLOCKS\" \/>\n<meta property=\"article:modified_time\" content=\"2026-02-17T21:07:17+00:00\" \/>\n<meta property=\"og:image\" content=\"https:\/\/www.silentblocks.com\/wp-content\/uploads\/2026\/02\/281483B-patrol-rear-trailing-arms-8-units-2.jpg\" \/>\n\t<meta property=\"og:image:width\" content=\"1000\" \/>\n\t<meta property=\"og:image:height\" content=\"1000\" \/>\n\t<meta property=\"og:image:type\" content=\"image\/jpeg\" \/>\n<meta name=\"twitter:card\" content=\"summary_large_image\" \/>\n<script type=\"application\/ld+json\" class=\"yoast-schema-graph\">{\"@context\":\"https:\\\/\\\/schema.org\",\"@graph\":[{\"@type\":\"WebPage\",\"@id\":\"https:\\\/\\\/www.silentblocks.com\\\/es\\\/producto\\\/8-silentblocs-polyurethane-tirant-arriere-nissan\\\/\",\"url\":\"https:\\\/\\\/www.silentblocks.com\\\/es\\\/producto\\\/8-silentblocs-polyurethane-tirant-arriere-nissan\\\/\",\"name\":\"Casquillos de poliuretano para tirantes traseros, Patrol, Terrano, Vanette - SILENT BLOCKS\",\"isPartOf\":{\"@id\":\"https:\\\/\\\/www.silentblocks.com\\\/es\\\/#website\"},\"primaryImageOfPage\":{\"@id\":\"https:\\\/\\\/www.silentblocks.com\\\/es\\\/producto\\\/8-silentblocs-polyurethane-tirant-arriere-nissan\\\/#primaryimage\"},\"image\":{\"@id\":\"https:\\\/\\\/www.silentblocks.com\\\/es\\\/producto\\\/8-silentblocs-polyurethane-tirant-arriere-nissan\\\/#primaryimage\"},\"thumbnailUrl\":\"https:\\\/\\\/www.silentblocks.com\\\/wp-content\\\/uploads\\\/2026\\\/02\\\/281483B-patrol-rear-trailing-arms-8-units-2.jpg\",\"datePublished\":\"2023-04-26T23:02:20+00:00\",\"dateModified\":\"2026-02-17T21:07:17+00:00\",\"description\":\"Silentblocks de poliuretano para tirantes traseros, para Nissan Patrol, Nissan Terrano, Nissan Vanette, compatible OEM 55045-06J00\",\"breadcrumb\":{\"@id\":\"https:\\\/\\\/www.silentblocks.com\\\/es\\\/producto\\\/8-silentblocs-polyurethane-tirant-arriere-nissan\\\/#breadcrumb\"},\"inLanguage\":\"es\",\"potentialAction\":[{\"@type\":\"ReadAction\",\"target\":[\"https:\\\/\\\/www.silentblocks.com\\\/es\\\/producto\\\/8-silentblocs-polyurethane-tirant-arriere-nissan\\\/\"]}]},{\"@type\":\"ImageObject\",\"inLanguage\":\"es\",\"@id\":\"https:\\\/\\\/www.silentblocks.com\\\/es\\\/producto\\\/8-silentblocs-polyurethane-tirant-arriere-nissan\\\/#primaryimage\",\"url\":\"https:\\\/\\\/www.silentblocks.com\\\/wp-content\\\/uploads\\\/2026\\\/02\\\/281483B-patrol-rear-trailing-arms-8-units-2.jpg\",\"contentUrl\":\"https:\\\/\\\/www.silentblocks.com\\\/wp-content\\\/uploads\\\/2026\\\/02\\\/281483B-patrol-rear-trailing-arms-8-units-2.jpg\",\"width\":1000,\"height\":1000},{\"@type\":\"BreadcrumbList\",\"@id\":\"https:\\\/\\\/www.silentblocks.com\\\/es\\\/producto\\\/8-silentblocs-polyurethane-tirant-arriere-nissan\\\/#breadcrumb\",\"itemListElement\":[{\"@type\":\"ListItem\",\"position\":1,\"name\":\"In\u00edcio\",\"item\":\"https:\\\/\\\/www.silentblocks.com\\\/es\\\/\"},{\"@type\":\"ListItem\",\"position\":2,\"name\":\"Page boutique\",\"item\":\"https:\\\/\\\/www.silentblocks.com\\\/es\\\/shop-2\\\/\"},{\"@type\":\"ListItem\",\"position\":3,\"name\":\"Casquillos de poliuretano para tirantes traseros, Patrol, Terrano, Vanette\"}]},{\"@type\":\"WebSite\",\"@id\":\"https:\\\/\\\/www.silentblocks.com\\\/es\\\/#website\",\"url\":\"https:\\\/\\\/www.silentblocks.com\\\/es\\\/\",\"name\":\"SILENTBLOCKS\",\"description\":\"Secure on the road\",\"publisher\":{\"@id\":\"https:\\\/\\\/www.silentblocks.com\\\/es\\\/#organization\"},\"potentialAction\":[{\"@type\":\"SearchAction\",\"target\":{\"@type\":\"EntryPoint\",\"urlTemplate\":\"https:\\\/\\\/www.silentblocks.com\\\/es\\\/?s={search_term_string}\"},\"query-input\":{\"@type\":\"PropertyValueSpecification\",\"valueRequired\":true,\"valueName\":\"search_term_string\"}}],\"inLanguage\":\"es\"},{\"@type\":\"Organization\",\"@id\":\"https:\\\/\\\/www.silentblocks.com\\\/es\\\/#organization\",\"name\":\"SILENTBLOCKS\",\"url\":\"https:\\\/\\\/www.silentblocks.com\\\/es\\\/\",\"logo\":{\"@type\":\"ImageObject\",\"inLanguage\":\"es\",\"@id\":\"https:\\\/\\\/www.silentblocks.com\\\/es\\\/#\\\/schema\\\/logo\\\/image\\\/\",\"url\":\"https:\\\/\\\/www.silentblocks.com\\\/wp-content\\\/uploads\\\/2023\\\/07\\\/logo211-sem-fundo_2012-PARA-BOUTIQUE-EBAY.png\",\"contentUrl\":\"https:\\\/\\\/www.silentblocks.com\\\/wp-content\\\/uploads\\\/2023\\\/07\\\/logo211-sem-fundo_2012-PARA-BOUTIQUE-EBAY.png\",\"width\":300,\"height\":190,\"caption\":\"SILENTBLOCKS\"},\"image\":{\"@id\":\"https:\\\/\\\/www.silentblocks.com\\\/es\\\/#\\\/schema\\\/logo\\\/image\\\/\"}}]}<\/script>\n<!-- \/ Yoast SEO Premium plugin. -->","yoast_head_json":{"title":"Casquillos de poliuretano para tirantes traseros, Patrol, Terrano, Vanette - SILENT BLOCKS","description":"Silentblocks de poliuretano para tirantes traseros, para Nissan Patrol, Nissan Terrano, Nissan Vanette, compatible OEM 55045-06J00","robots":{"index":"index","follow":"follow","max-snippet":"max-snippet:-1","max-image-preview":"max-image-preview:large","max-video-preview":"max-video-preview:-1"},"canonical":"https:\/\/www.silentblocks.com\/es\/producto\/8-silentblocs-polyurethane-tirant-arriere-nissan\/","og_locale":"es_ES","og_type":"article","og_title":"Casquillos de poliuretano para tirantes traseros, Patrol, Terrano, Vanette","og_description":"Silentblocks de poliuretano para tirantes traseros, para Nissan Patrol, Nissan Terrano, Nissan Vanette, compatible OEM 55045-06J00","og_url":"https:\/\/www.silentblocks.com\/es\/producto\/8-silentblocs-polyurethane-tirant-arriere-nissan\/","og_site_name":"SILENT BLOCKS","article_modified_time":"2026-02-17T21:07:17+00:00","og_image":[{"width":1000,"height":1000,"url":"https:\/\/www.silentblocks.com\/wp-content\/uploads\/2026\/02\/281483B-patrol-rear-trailing-arms-8-units-2.jpg","type":"image\/jpeg"}],"twitter_card":"summary_large_image","schema":{"@context":"https:\/\/schema.org","@graph":[{"@type":"WebPage","@id":"https:\/\/www.silentblocks.com\/es\/producto\/8-silentblocs-polyurethane-tirant-arriere-nissan\/","url":"https:\/\/www.silentblocks.com\/es\/producto\/8-silentblocs-polyurethane-tirant-arriere-nissan\/","name":"Casquillos de poliuretano para tirantes traseros, Patrol, Terrano, Vanette - SILENT BLOCKS","isPartOf":{"@id":"https:\/\/www.silentblocks.com\/es\/#website"},"primaryImageOfPage":{"@id":"https:\/\/www.silentblocks.com\/es\/producto\/8-silentblocs-polyurethane-tirant-arriere-nissan\/#primaryimage"},"image":{"@id":"https:\/\/www.silentblocks.com\/es\/producto\/8-silentblocs-polyurethane-tirant-arriere-nissan\/#primaryimage"},"thumbnailUrl":"https:\/\/www.silentblocks.com\/wp-content\/uploads\/2026\/02\/281483B-patrol-rear-trailing-arms-8-units-2.jpg","datePublished":"2023-04-26T23:02:20+00:00","dateModified":"2026-02-17T21:07:17+00:00","description":"Silentblocks de poliuretano para tirantes traseros, para Nissan Patrol, Nissan Terrano, Nissan Vanette, compatible OEM 55045-06J00","breadcrumb":{"@id":"https:\/\/www.silentblocks.com\/es\/producto\/8-silentblocs-polyurethane-tirant-arriere-nissan\/#breadcrumb"},"inLanguage":"es","potentialAction":[{"@type":"ReadAction","target":["https:\/\/www.silentblocks.com\/es\/producto\/8-silentblocs-polyurethane-tirant-arriere-nissan\/"]}]},{"@type":"ImageObject","inLanguage":"es","@id":"https:\/\/www.silentblocks.com\/es\/producto\/8-silentblocs-polyurethane-tirant-arriere-nissan\/#primaryimage","url":"https:\/\/www.silentblocks.com\/wp-content\/uploads\/2026\/02\/281483B-patrol-rear-trailing-arms-8-units-2.jpg","contentUrl":"https:\/\/www.silentblocks.com\/wp-content\/uploads\/2026\/02\/281483B-patrol-rear-trailing-arms-8-units-2.jpg","width":1000,"height":1000},{"@type":"BreadcrumbList","@id":"https:\/\/www.silentblocks.com\/es\/producto\/8-silentblocs-polyurethane-tirant-arriere-nissan\/#breadcrumb","itemListElement":[{"@type":"ListItem","position":1,"name":"In\u00edcio","item":"https:\/\/www.silentblocks.com\/es\/"},{"@type":"ListItem","position":2,"name":"Page boutique","item":"https:\/\/www.silentblocks.com\/es\/shop-2\/"},{"@type":"ListItem","position":3,"name":"Casquillos de poliuretano para tirantes traseros, Patrol, Terrano, Vanette"}]},{"@type":"WebSite","@id":"https:\/\/www.silentblocks.com\/es\/#website","url":"https:\/\/www.silentblocks.com\/es\/","name":"SILENTBLOCKS","description":"Secure on the road","publisher":{"@id":"https:\/\/www.silentblocks.com\/es\/#organization"},"potentialAction":[{"@type":"SearchAction","target":{"@type":"EntryPoint","urlTemplate":"https:\/\/www.silentblocks.com\/es\/?s={search_term_string}"},"query-input":{"@type":"PropertyValueSpecification","valueRequired":true,"valueName":"search_term_string"}}],"inLanguage":"es"},{"@type":"Organization","@id":"https:\/\/www.silentblocks.com\/es\/#organization","name":"SILENTBLOCKS","url":"https:\/\/www.silentblocks.com\/es\/","logo":{"@type":"ImageObject","inLanguage":"es","@id":"https:\/\/www.silentblocks.com\/es\/#\/schema\/logo\/image\/","url":"https:\/\/www.silentblocks.com\/wp-content\/uploads\/2023\/07\/logo211-sem-fundo_2012-PARA-BOUTIQUE-EBAY.png","contentUrl":"https:\/\/www.silentblocks.com\/wp-content\/uploads\/2023\/07\/logo211-sem-fundo_2012-PARA-BOUTIQUE-EBAY.png","width":300,"height":190,"caption":"SILENTBLOCKS"},"image":{"@id":"https:\/\/www.silentblocks.com\/es\/#\/schema\/logo\/image\/"}}]}},"_links":{"self":[{"href":"https:\/\/www.silentblocks.com\/es\/wp-json\/wp\/v2\/product\/77307","targetHints":{"allow":["GET"]}}],"collection":[{"href":"https:\/\/www.silentblocks.com\/es\/wp-json\/wp\/v2\/product"}],"about":[{"href":"https:\/\/www.silentblocks.com\/es\/wp-json\/wp\/v2\/types\/product"}],"version-history":[{"count":0,"href":"https:\/\/www.silentblocks.com\/es\/wp-json\/wp\/v2\/product\/77307\/revisions"}],"wp:featuredmedia":[{"embeddable":true,"href":"https:\/\/www.silentblocks.com\/es\/wp-json\/wp\/v2\/media\/126717"}],"wp:attachment":[{"href":"https:\/\/www.silentblocks.com\/es\/wp-json\/wp\/v2\/media?parent=77307"}],"wp:term":[{"taxonomy":"product_brand","embeddable":true,"href":"https:\/\/www.silentblocks.com\/es\/wp-json\/wp\/v2\/product_brand?post=77307"},{"taxonomy":"product_cat","embeddable":true,"href":"https:\/\/www.silentblocks.com\/es\/wp-json\/wp\/v2\/product_cat?post=77307"},{"taxonomy":"product_tag","embeddable":true,"href":"https:\/\/www.silentblocks.com\/es\/wp-json\/wp\/v2\/product_tag?post=77307"}],"curies":[{"name":"wp","href":"https:\/\/api.w.org\/{rel}","templated":true}]}}