{"id":78683,"date":"2023-04-26T23:00:38","date_gmt":"2023-04-26T23:00:38","guid":{"rendered":"https:\/\/www.silentblocks.com\/product\/kit-silentblocs-suspension-frenos-mazda-6\/"},"modified":"2026-02-17T21:10:56","modified_gmt":"2026-02-17T21:10:56","slug":"kit-silentblocs-suspension-frenos-mazda-6","status":"publish","type":"product","link":"https:\/\/www.silentblocks.com\/es\/producto\/kit-silentblocs-suspension-frenos-mazda-6\/","title":{"rendered":"Kit silentblock suspensi\u00f3n trasera, Mazda 6"},"content":{"rendered":"<p>Kit de silentblocs y casquillos para suspensi\u00f3n trasera, compatible con los siguientes veh\u00edculos:<br \/>\nMazda 6 GG (2002-2005)<br \/>\nMazda 6 MPS GG (2005-2005)<br \/>\nMazda 6 WAGON GY (2002-2005)<\/p>\n<p>Referencias del fabricante (c\u00f3digo OEM) s\u00f3lo a t\u00edtulo informativo :<br \/>\nGJ6A-28-200J, GJ6A-28-250G, G21D-28-200D, G21D-28-200F<\/p>\n<p>Piezas nuevas, se vende con factura. Todos nuestros productos tienen 2 a\u00f1os de garant\u00eda.<\/p>\n","protected":false},"excerpt":{"rendered":"<p>Kit silentblock suspensi\u00f3n trasera Mazda 6<\/p>\n","protected":false},"featured_media":133037,"template":"","meta":[],"product_brand":[],"product_cat":[2202,2999],"product_tag":[],"class_list":{"0":"post-78683","1":"product","2":"type-product","3":"status-publish","4":"has-post-thumbnail","6":"product_cat-mazda-es","7":"product_cat-6-es","9":"first","10":"instock","11":"shipping-taxable","12":"purchasable","13":"product-type-simple"},"yoast_head":"<!-- This site is optimized with the Yoast SEO Premium plugin v23.0 (Yoast SEO v27.4) - https:\/\/yoast.com\/product\/yoast-seo-premium-wordpress\/ -->\n<title>Kit silentblock suspensi\u00f3n trasera, Mazda 6 - SILENT BLOCKS<\/title>\n<meta name=\"description\" content=\"Kit silentblock suspensi\u00f3n trasera, Mazda 6\" \/>\n<meta name=\"robots\" content=\"index, follow, max-snippet:-1, max-image-preview:large, max-video-preview:-1\" \/>\n<link rel=\"canonical\" href=\"https:\/\/www.silentblocks.com\/es\/producto\/kit-silentblocs-suspension-frenos-mazda-6\/\" \/>\n<meta property=\"og:locale\" content=\"es_ES\" \/>\n<meta property=\"og:type\" content=\"article\" \/>\n<meta property=\"og:title\" content=\"Kit silentblock suspensi\u00f3n trasera, Mazda 6\" \/>\n<meta property=\"og:description\" content=\"Kit silentblock suspensi\u00f3n trasera, Mazda 6\" \/>\n<meta property=\"og:url\" content=\"https:\/\/www.silentblocks.com\/es\/producto\/kit-silentblocs-suspension-frenos-mazda-6\/\" \/>\n<meta property=\"og:site_name\" content=\"SILENT BLOCKS\" \/>\n<meta property=\"article:modified_time\" content=\"2026-02-17T21:10:56+00:00\" \/>\n<meta property=\"og:image\" content=\"https:\/\/www.silentblocks.com\/wp-content\/uploads\/2023\/04\/MAZDA-6-KIT-SILENTBLOC-SUSPENSION-ARRIERE.jpg\" \/>\n\t<meta property=\"og:image:width\" content=\"1024\" \/>\n\t<meta property=\"og:image:height\" content=\"1024\" \/>\n\t<meta property=\"og:image:type\" content=\"image\/jpeg\" \/>\n<meta name=\"twitter:card\" content=\"summary_large_image\" \/>\n<script type=\"application\/ld+json\" class=\"yoast-schema-graph\">{\"@context\":\"https:\\\/\\\/schema.org\",\"@graph\":[{\"@type\":\"WebPage\",\"@id\":\"https:\\\/\\\/www.silentblocks.com\\\/es\\\/producto\\\/kit-silentblocs-suspension-frenos-mazda-6\\\/\",\"url\":\"https:\\\/\\\/www.silentblocks.com\\\/es\\\/producto\\\/kit-silentblocs-suspension-frenos-mazda-6\\\/\",\"name\":\"Kit silentblock suspensi\u00f3n trasera, Mazda 6 - SILENT BLOCKS\",\"isPartOf\":{\"@id\":\"https:\\\/\\\/www.silentblocks.com\\\/es\\\/#website\"},\"primaryImageOfPage\":{\"@id\":\"https:\\\/\\\/www.silentblocks.com\\\/es\\\/producto\\\/kit-silentblocs-suspension-frenos-mazda-6\\\/#primaryimage\"},\"image\":{\"@id\":\"https:\\\/\\\/www.silentblocks.com\\\/es\\\/producto\\\/kit-silentblocs-suspension-frenos-mazda-6\\\/#primaryimage\"},\"thumbnailUrl\":\"https:\\\/\\\/www.silentblocks.com\\\/wp-content\\\/uploads\\\/2023\\\/04\\\/MAZDA-6-KIT-SILENTBLOC-SUSPENSION-ARRIERE.jpg\",\"datePublished\":\"2023-04-26T23:00:38+00:00\",\"dateModified\":\"2026-02-17T21:10:56+00:00\",\"description\":\"Kit silentblock suspensi\u00f3n trasera, Mazda 6\",\"breadcrumb\":{\"@id\":\"https:\\\/\\\/www.silentblocks.com\\\/es\\\/producto\\\/kit-silentblocs-suspension-frenos-mazda-6\\\/#breadcrumb\"},\"inLanguage\":\"es\",\"potentialAction\":[{\"@type\":\"ReadAction\",\"target\":[\"https:\\\/\\\/www.silentblocks.com\\\/es\\\/producto\\\/kit-silentblocs-suspension-frenos-mazda-6\\\/\"]}]},{\"@type\":\"ImageObject\",\"inLanguage\":\"es\",\"@id\":\"https:\\\/\\\/www.silentblocks.com\\\/es\\\/producto\\\/kit-silentblocs-suspension-frenos-mazda-6\\\/#primaryimage\",\"url\":\"https:\\\/\\\/www.silentblocks.com\\\/wp-content\\\/uploads\\\/2023\\\/04\\\/MAZDA-6-KIT-SILENTBLOC-SUSPENSION-ARRIERE.jpg\",\"contentUrl\":\"https:\\\/\\\/www.silentblocks.com\\\/wp-content\\\/uploads\\\/2023\\\/04\\\/MAZDA-6-KIT-SILENTBLOC-SUSPENSION-ARRIERE.jpg\",\"width\":1024,\"height\":1024},{\"@type\":\"BreadcrumbList\",\"@id\":\"https:\\\/\\\/www.silentblocks.com\\\/es\\\/producto\\\/kit-silentblocs-suspension-frenos-mazda-6\\\/#breadcrumb\",\"itemListElement\":[{\"@type\":\"ListItem\",\"position\":1,\"name\":\"In\u00edcio\",\"item\":\"https:\\\/\\\/www.silentblocks.com\\\/es\\\/\"},{\"@type\":\"ListItem\",\"position\":2,\"name\":\"Page boutique\",\"item\":\"https:\\\/\\\/www.silentblocks.com\\\/es\\\/shop-2\\\/\"},{\"@type\":\"ListItem\",\"position\":3,\"name\":\"Kit silentblock suspensi\u00f3n trasera, Mazda 6\"}]},{\"@type\":\"WebSite\",\"@id\":\"https:\\\/\\\/www.silentblocks.com\\\/es\\\/#website\",\"url\":\"https:\\\/\\\/www.silentblocks.com\\\/es\\\/\",\"name\":\"SILENTBLOCKS\",\"description\":\"Secure on the road\",\"publisher\":{\"@id\":\"https:\\\/\\\/www.silentblocks.com\\\/es\\\/#organization\"},\"potentialAction\":[{\"@type\":\"SearchAction\",\"target\":{\"@type\":\"EntryPoint\",\"urlTemplate\":\"https:\\\/\\\/www.silentblocks.com\\\/es\\\/?s={search_term_string}\"},\"query-input\":{\"@type\":\"PropertyValueSpecification\",\"valueRequired\":true,\"valueName\":\"search_term_string\"}}],\"inLanguage\":\"es\"},{\"@type\":\"Organization\",\"@id\":\"https:\\\/\\\/www.silentblocks.com\\\/es\\\/#organization\",\"name\":\"SILENTBLOCKS\",\"url\":\"https:\\\/\\\/www.silentblocks.com\\\/es\\\/\",\"logo\":{\"@type\":\"ImageObject\",\"inLanguage\":\"es\",\"@id\":\"https:\\\/\\\/www.silentblocks.com\\\/es\\\/#\\\/schema\\\/logo\\\/image\\\/\",\"url\":\"https:\\\/\\\/www.silentblocks.com\\\/wp-content\\\/uploads\\\/2023\\\/07\\\/logo211-sem-fundo_2012-PARA-BOUTIQUE-EBAY.png\",\"contentUrl\":\"https:\\\/\\\/www.silentblocks.com\\\/wp-content\\\/uploads\\\/2023\\\/07\\\/logo211-sem-fundo_2012-PARA-BOUTIQUE-EBAY.png\",\"width\":300,\"height\":190,\"caption\":\"SILENTBLOCKS\"},\"image\":{\"@id\":\"https:\\\/\\\/www.silentblocks.com\\\/es\\\/#\\\/schema\\\/logo\\\/image\\\/\"}}]}<\/script>\n<!-- \/ Yoast SEO Premium plugin. -->","yoast_head_json":{"title":"Kit silentblock suspensi\u00f3n trasera, Mazda 6 - SILENT BLOCKS","description":"Kit silentblock suspensi\u00f3n trasera, Mazda 6","robots":{"index":"index","follow":"follow","max-snippet":"max-snippet:-1","max-image-preview":"max-image-preview:large","max-video-preview":"max-video-preview:-1"},"canonical":"https:\/\/www.silentblocks.com\/es\/producto\/kit-silentblocs-suspension-frenos-mazda-6\/","og_locale":"es_ES","og_type":"article","og_title":"Kit silentblock suspensi\u00f3n trasera, Mazda 6","og_description":"Kit silentblock suspensi\u00f3n trasera, Mazda 6","og_url":"https:\/\/www.silentblocks.com\/es\/producto\/kit-silentblocs-suspension-frenos-mazda-6\/","og_site_name":"SILENT BLOCKS","article_modified_time":"2026-02-17T21:10:56+00:00","og_image":[{"width":1024,"height":1024,"url":"https:\/\/www.silentblocks.com\/wp-content\/uploads\/2023\/04\/MAZDA-6-KIT-SILENTBLOC-SUSPENSION-ARRIERE.jpg","type":"image\/jpeg"}],"twitter_card":"summary_large_image","schema":{"@context":"https:\/\/schema.org","@graph":[{"@type":"WebPage","@id":"https:\/\/www.silentblocks.com\/es\/producto\/kit-silentblocs-suspension-frenos-mazda-6\/","url":"https:\/\/www.silentblocks.com\/es\/producto\/kit-silentblocs-suspension-frenos-mazda-6\/","name":"Kit silentblock suspensi\u00f3n trasera, Mazda 6 - SILENT BLOCKS","isPartOf":{"@id":"https:\/\/www.silentblocks.com\/es\/#website"},"primaryImageOfPage":{"@id":"https:\/\/www.silentblocks.com\/es\/producto\/kit-silentblocs-suspension-frenos-mazda-6\/#primaryimage"},"image":{"@id":"https:\/\/www.silentblocks.com\/es\/producto\/kit-silentblocs-suspension-frenos-mazda-6\/#primaryimage"},"thumbnailUrl":"https:\/\/www.silentblocks.com\/wp-content\/uploads\/2023\/04\/MAZDA-6-KIT-SILENTBLOC-SUSPENSION-ARRIERE.jpg","datePublished":"2023-04-26T23:00:38+00:00","dateModified":"2026-02-17T21:10:56+00:00","description":"Kit silentblock suspensi\u00f3n trasera, Mazda 6","breadcrumb":{"@id":"https:\/\/www.silentblocks.com\/es\/producto\/kit-silentblocs-suspension-frenos-mazda-6\/#breadcrumb"},"inLanguage":"es","potentialAction":[{"@type":"ReadAction","target":["https:\/\/www.silentblocks.com\/es\/producto\/kit-silentblocs-suspension-frenos-mazda-6\/"]}]},{"@type":"ImageObject","inLanguage":"es","@id":"https:\/\/www.silentblocks.com\/es\/producto\/kit-silentblocs-suspension-frenos-mazda-6\/#primaryimage","url":"https:\/\/www.silentblocks.com\/wp-content\/uploads\/2023\/04\/MAZDA-6-KIT-SILENTBLOC-SUSPENSION-ARRIERE.jpg","contentUrl":"https:\/\/www.silentblocks.com\/wp-content\/uploads\/2023\/04\/MAZDA-6-KIT-SILENTBLOC-SUSPENSION-ARRIERE.jpg","width":1024,"height":1024},{"@type":"BreadcrumbList","@id":"https:\/\/www.silentblocks.com\/es\/producto\/kit-silentblocs-suspension-frenos-mazda-6\/#breadcrumb","itemListElement":[{"@type":"ListItem","position":1,"name":"In\u00edcio","item":"https:\/\/www.silentblocks.com\/es\/"},{"@type":"ListItem","position":2,"name":"Page boutique","item":"https:\/\/www.silentblocks.com\/es\/shop-2\/"},{"@type":"ListItem","position":3,"name":"Kit silentblock suspensi\u00f3n trasera, Mazda 6"}]},{"@type":"WebSite","@id":"https:\/\/www.silentblocks.com\/es\/#website","url":"https:\/\/www.silentblocks.com\/es\/","name":"SILENTBLOCKS","description":"Secure on the road","publisher":{"@id":"https:\/\/www.silentblocks.com\/es\/#organization"},"potentialAction":[{"@type":"SearchAction","target":{"@type":"EntryPoint","urlTemplate":"https:\/\/www.silentblocks.com\/es\/?s={search_term_string}"},"query-input":{"@type":"PropertyValueSpecification","valueRequired":true,"valueName":"search_term_string"}}],"inLanguage":"es"},{"@type":"Organization","@id":"https:\/\/www.silentblocks.com\/es\/#organization","name":"SILENTBLOCKS","url":"https:\/\/www.silentblocks.com\/es\/","logo":{"@type":"ImageObject","inLanguage":"es","@id":"https:\/\/www.silentblocks.com\/es\/#\/schema\/logo\/image\/","url":"https:\/\/www.silentblocks.com\/wp-content\/uploads\/2023\/07\/logo211-sem-fundo_2012-PARA-BOUTIQUE-EBAY.png","contentUrl":"https:\/\/www.silentblocks.com\/wp-content\/uploads\/2023\/07\/logo211-sem-fundo_2012-PARA-BOUTIQUE-EBAY.png","width":300,"height":190,"caption":"SILENTBLOCKS"},"image":{"@id":"https:\/\/www.silentblocks.com\/es\/#\/schema\/logo\/image\/"}}]}},"_links":{"self":[{"href":"https:\/\/www.silentblocks.com\/es\/wp-json\/wp\/v2\/product\/78683","targetHints":{"allow":["GET"]}}],"collection":[{"href":"https:\/\/www.silentblocks.com\/es\/wp-json\/wp\/v2\/product"}],"about":[{"href":"https:\/\/www.silentblocks.com\/es\/wp-json\/wp\/v2\/types\/product"}],"version-history":[{"count":0,"href":"https:\/\/www.silentblocks.com\/es\/wp-json\/wp\/v2\/product\/78683\/revisions"}],"wp:featuredmedia":[{"embeddable":true,"href":"https:\/\/www.silentblocks.com\/es\/wp-json\/wp\/v2\/media\/133037"}],"wp:attachment":[{"href":"https:\/\/www.silentblocks.com\/es\/wp-json\/wp\/v2\/media?parent=78683"}],"wp:term":[{"taxonomy":"product_brand","embeddable":true,"href":"https:\/\/www.silentblocks.com\/es\/wp-json\/wp\/v2\/product_brand?post=78683"},{"taxonomy":"product_cat","embeddable":true,"href":"https:\/\/www.silentblocks.com\/es\/wp-json\/wp\/v2\/product_cat?post=78683"},{"taxonomy":"product_tag","embeddable":true,"href":"https:\/\/www.silentblocks.com\/es\/wp-json\/wp\/v2\/product_tag?post=78683"}],"curies":[{"name":"wp","href":"https:\/\/api.w.org\/{rel}","templated":true}]}}