{"id":78772,"date":"2023-04-26T23:00:32","date_gmt":"2023-04-26T23:00:32","guid":{"rendered":"https:\/\/www.silentblocks.com\/product\/6-silentblocks-para-dos-arrow-arm-alfa-romeo-gtv-spider\/"},"modified":"2026-02-17T21:11:10","modified_gmt":"2026-02-17T21:11:10","slug":"6-silentblocks-para-dos-arrow-arm-alfa-romeo-gtv-spider","status":"publish","type":"product","link":"https:\/\/www.silentblocks.com\/es\/producto\/6-silentblocks-para-dos-arrow-arm-alfa-romeo-gtv-spider\/","title":{"rendered":"Silentblocks para brazos traseros, Alfa Romeo GTV, Spider"},"content":{"rendered":"<p>6 Silentblocks de poliuretano para dos brazos traseros, compatibles con los siguientes veh\u00edculos:<br \/>\nAlfa Romeo GTV (1995-2005)<br \/>\nAlfa Romeo Spider (1995-2005)<\/p>\n<p>Dureza: 80Sha<\/p>\n<p>(Brazos no incluidos)<\/p>\n<p>Referencias del fabricante (c\u00f3digo OEM) s\u00f3lo a t\u00edtulo informativo :<br \/>\n60627482, 60667292, 60628312<\/p>\n<p>Piezas nuevas, se vende con factura. Todos nuestros productos tienen 2 a\u00f1os de garant\u00eda.<\/p>\n","protected":false},"excerpt":{"rendered":"<p>6 Silentblocks de poliuretano para ambos brazos traseros, Alfa Romeo GTV, Spider<\/p>\n","protected":false},"featured_media":136914,"template":"","meta":[],"product_brand":[],"product_cat":[2127,2295],"product_tag":[],"class_list":{"0":"post-78772","1":"product","2":"type-product","3":"status-publish","4":"has-post-thumbnail","6":"product_cat-alfa-romeo-es","7":"product_cat-gtv-916-es","9":"first","10":"instock","11":"shipping-taxable","12":"purchasable","13":"product-type-simple"},"yoast_head":"<!-- This site is optimized with the Yoast SEO Premium plugin v23.0 (Yoast SEO v27.4) - https:\/\/yoast.com\/product\/yoast-seo-premium-wordpress\/ -->\n<title>Silentblocks para brazos traseros, Alfa Romeo GTV, Spider - SILENT BLOCKS<\/title>\n<meta name=\"description\" content=\"Silentblocks de poliuretano para brazos de suspensi\u00f3n traseros para Alfa Romeo GTV, Alfa Romeo Spider, compatibles con oem 60627482, 60667292, 60628312\" \/>\n<meta name=\"robots\" content=\"index, follow, max-snippet:-1, max-image-preview:large, max-video-preview:-1\" \/>\n<link rel=\"canonical\" href=\"https:\/\/www.silentblocks.com\/es\/producto\/6-silentblocks-para-dos-arrow-arm-alfa-romeo-gtv-spider\/\" \/>\n<meta property=\"og:locale\" content=\"es_ES\" \/>\n<meta property=\"og:type\" content=\"article\" \/>\n<meta property=\"og:title\" content=\"Silentblocks para brazos traseros, Alfa Romeo GTV, Spider\" \/>\n<meta property=\"og:description\" content=\"Silentblocks de poliuretano para brazos de suspensi\u00f3n traseros para Alfa Romeo GTV, Alfa Romeo Spider, compatibles con oem 60627482, 60667292, 60628312\" \/>\n<meta property=\"og:url\" content=\"https:\/\/www.silentblocks.com\/es\/producto\/6-silentblocks-para-dos-arrow-arm-alfa-romeo-gtv-spider\/\" \/>\n<meta property=\"og:site_name\" content=\"SILENT BLOCKS\" \/>\n<meta property=\"article:modified_time\" content=\"2026-02-17T21:11:10+00:00\" \/>\n<meta property=\"og:image\" content=\"https:\/\/www.silentblocks.com\/wp-content\/uploads\/2026\/02\/silentbloc-bras-arriere-alfa-GTV-95-05-2.jpg\" \/>\n\t<meta property=\"og:image:width\" content=\"1500\" \/>\n\t<meta property=\"og:image:height\" content=\"1500\" \/>\n\t<meta property=\"og:image:type\" content=\"image\/jpeg\" \/>\n<meta name=\"twitter:card\" content=\"summary_large_image\" \/>\n<script type=\"application\/ld+json\" class=\"yoast-schema-graph\">{\"@context\":\"https:\\\/\\\/schema.org\",\"@graph\":[{\"@type\":\"WebPage\",\"@id\":\"https:\\\/\\\/www.silentblocks.com\\\/es\\\/producto\\\/6-silentblocks-para-dos-arrow-arm-alfa-romeo-gtv-spider\\\/\",\"url\":\"https:\\\/\\\/www.silentblocks.com\\\/es\\\/producto\\\/6-silentblocks-para-dos-arrow-arm-alfa-romeo-gtv-spider\\\/\",\"name\":\"Silentblocks para brazos traseros, Alfa Romeo GTV, Spider - SILENT BLOCKS\",\"isPartOf\":{\"@id\":\"https:\\\/\\\/www.silentblocks.com\\\/es\\\/#website\"},\"primaryImageOfPage\":{\"@id\":\"https:\\\/\\\/www.silentblocks.com\\\/es\\\/producto\\\/6-silentblocks-para-dos-arrow-arm-alfa-romeo-gtv-spider\\\/#primaryimage\"},\"image\":{\"@id\":\"https:\\\/\\\/www.silentblocks.com\\\/es\\\/producto\\\/6-silentblocks-para-dos-arrow-arm-alfa-romeo-gtv-spider\\\/#primaryimage\"},\"thumbnailUrl\":\"https:\\\/\\\/www.silentblocks.com\\\/wp-content\\\/uploads\\\/2023\\\/04\\\/silentbloc-bras-arriere-alfa-GTV-95-05-1.jpg\",\"datePublished\":\"2023-04-26T23:00:32+00:00\",\"dateModified\":\"2026-02-17T21:11:10+00:00\",\"description\":\"Silentblocks de poliuretano para brazos de suspensi\u00f3n traseros para Alfa Romeo GTV, Alfa Romeo Spider, compatibles con oem 60627482, 60667292, 60628312\",\"breadcrumb\":{\"@id\":\"https:\\\/\\\/www.silentblocks.com\\\/es\\\/producto\\\/6-silentblocks-para-dos-arrow-arm-alfa-romeo-gtv-spider\\\/#breadcrumb\"},\"inLanguage\":\"es\",\"potentialAction\":[{\"@type\":\"ReadAction\",\"target\":[\"https:\\\/\\\/www.silentblocks.com\\\/es\\\/producto\\\/6-silentblocks-para-dos-arrow-arm-alfa-romeo-gtv-spider\\\/\"]}]},{\"@type\":\"ImageObject\",\"inLanguage\":\"es\",\"@id\":\"https:\\\/\\\/www.silentblocks.com\\\/es\\\/producto\\\/6-silentblocks-para-dos-arrow-arm-alfa-romeo-gtv-spider\\\/#primaryimage\",\"url\":\"https:\\\/\\\/www.silentblocks.com\\\/wp-content\\\/uploads\\\/2023\\\/04\\\/silentbloc-bras-arriere-alfa-GTV-95-05-1.jpg\",\"contentUrl\":\"https:\\\/\\\/www.silentblocks.com\\\/wp-content\\\/uploads\\\/2023\\\/04\\\/silentbloc-bras-arriere-alfa-GTV-95-05-1.jpg\",\"width\":1500,\"height\":1500},{\"@type\":\"BreadcrumbList\",\"@id\":\"https:\\\/\\\/www.silentblocks.com\\\/es\\\/producto\\\/6-silentblocks-para-dos-arrow-arm-alfa-romeo-gtv-spider\\\/#breadcrumb\",\"itemListElement\":[{\"@type\":\"ListItem\",\"position\":1,\"name\":\"In\u00edcio\",\"item\":\"https:\\\/\\\/www.silentblocks.com\\\/es\\\/\"},{\"@type\":\"ListItem\",\"position\":2,\"name\":\"Page boutique\",\"item\":\"https:\\\/\\\/www.silentblocks.com\\\/es\\\/shop-2\\\/\"},{\"@type\":\"ListItem\",\"position\":3,\"name\":\"Silentblocks para brazos traseros, Alfa Romeo GTV, Spider\"}]},{\"@type\":\"WebSite\",\"@id\":\"https:\\\/\\\/www.silentblocks.com\\\/es\\\/#website\",\"url\":\"https:\\\/\\\/www.silentblocks.com\\\/es\\\/\",\"name\":\"SILENTBLOCKS\",\"description\":\"Secure on the road\",\"publisher\":{\"@id\":\"https:\\\/\\\/www.silentblocks.com\\\/es\\\/#organization\"},\"potentialAction\":[{\"@type\":\"SearchAction\",\"target\":{\"@type\":\"EntryPoint\",\"urlTemplate\":\"https:\\\/\\\/www.silentblocks.com\\\/es\\\/?s={search_term_string}\"},\"query-input\":{\"@type\":\"PropertyValueSpecification\",\"valueRequired\":true,\"valueName\":\"search_term_string\"}}],\"inLanguage\":\"es\"},{\"@type\":\"Organization\",\"@id\":\"https:\\\/\\\/www.silentblocks.com\\\/es\\\/#organization\",\"name\":\"SILENTBLOCKS\",\"url\":\"https:\\\/\\\/www.silentblocks.com\\\/es\\\/\",\"logo\":{\"@type\":\"ImageObject\",\"inLanguage\":\"es\",\"@id\":\"https:\\\/\\\/www.silentblocks.com\\\/es\\\/#\\\/schema\\\/logo\\\/image\\\/\",\"url\":\"https:\\\/\\\/www.silentblocks.com\\\/wp-content\\\/uploads\\\/2023\\\/07\\\/logo211-sem-fundo_2012-PARA-BOUTIQUE-EBAY.png\",\"contentUrl\":\"https:\\\/\\\/www.silentblocks.com\\\/wp-content\\\/uploads\\\/2023\\\/07\\\/logo211-sem-fundo_2012-PARA-BOUTIQUE-EBAY.png\",\"width\":300,\"height\":190,\"caption\":\"SILENTBLOCKS\"},\"image\":{\"@id\":\"https:\\\/\\\/www.silentblocks.com\\\/es\\\/#\\\/schema\\\/logo\\\/image\\\/\"}}]}<\/script>\n<!-- \/ Yoast SEO Premium plugin. -->","yoast_head_json":{"title":"Silentblocks para brazos traseros, Alfa Romeo GTV, Spider - SILENT BLOCKS","description":"Silentblocks de poliuretano para brazos de suspensi\u00f3n traseros para Alfa Romeo GTV, Alfa Romeo Spider, compatibles con oem 60627482, 60667292, 60628312","robots":{"index":"index","follow":"follow","max-snippet":"max-snippet:-1","max-image-preview":"max-image-preview:large","max-video-preview":"max-video-preview:-1"},"canonical":"https:\/\/www.silentblocks.com\/es\/producto\/6-silentblocks-para-dos-arrow-arm-alfa-romeo-gtv-spider\/","og_locale":"es_ES","og_type":"article","og_title":"Silentblocks para brazos traseros, Alfa Romeo GTV, Spider","og_description":"Silentblocks de poliuretano para brazos de suspensi\u00f3n traseros para Alfa Romeo GTV, Alfa Romeo Spider, compatibles con oem 60627482, 60667292, 60628312","og_url":"https:\/\/www.silentblocks.com\/es\/producto\/6-silentblocks-para-dos-arrow-arm-alfa-romeo-gtv-spider\/","og_site_name":"SILENT BLOCKS","article_modified_time":"2026-02-17T21:11:10+00:00","og_image":[{"width":1500,"height":1500,"url":"https:\/\/www.silentblocks.com\/wp-content\/uploads\/2026\/02\/silentbloc-bras-arriere-alfa-GTV-95-05-2.jpg","type":"image\/jpeg"}],"twitter_card":"summary_large_image","schema":{"@context":"https:\/\/schema.org","@graph":[{"@type":"WebPage","@id":"https:\/\/www.silentblocks.com\/es\/producto\/6-silentblocks-para-dos-arrow-arm-alfa-romeo-gtv-spider\/","url":"https:\/\/www.silentblocks.com\/es\/producto\/6-silentblocks-para-dos-arrow-arm-alfa-romeo-gtv-spider\/","name":"Silentblocks para brazos traseros, Alfa Romeo GTV, Spider - SILENT BLOCKS","isPartOf":{"@id":"https:\/\/www.silentblocks.com\/es\/#website"},"primaryImageOfPage":{"@id":"https:\/\/www.silentblocks.com\/es\/producto\/6-silentblocks-para-dos-arrow-arm-alfa-romeo-gtv-spider\/#primaryimage"},"image":{"@id":"https:\/\/www.silentblocks.com\/es\/producto\/6-silentblocks-para-dos-arrow-arm-alfa-romeo-gtv-spider\/#primaryimage"},"thumbnailUrl":"https:\/\/www.silentblocks.com\/wp-content\/uploads\/2023\/04\/silentbloc-bras-arriere-alfa-GTV-95-05-1.jpg","datePublished":"2023-04-26T23:00:32+00:00","dateModified":"2026-02-17T21:11:10+00:00","description":"Silentblocks de poliuretano para brazos de suspensi\u00f3n traseros para Alfa Romeo GTV, Alfa Romeo Spider, compatibles con oem 60627482, 60667292, 60628312","breadcrumb":{"@id":"https:\/\/www.silentblocks.com\/es\/producto\/6-silentblocks-para-dos-arrow-arm-alfa-romeo-gtv-spider\/#breadcrumb"},"inLanguage":"es","potentialAction":[{"@type":"ReadAction","target":["https:\/\/www.silentblocks.com\/es\/producto\/6-silentblocks-para-dos-arrow-arm-alfa-romeo-gtv-spider\/"]}]},{"@type":"ImageObject","inLanguage":"es","@id":"https:\/\/www.silentblocks.com\/es\/producto\/6-silentblocks-para-dos-arrow-arm-alfa-romeo-gtv-spider\/#primaryimage","url":"https:\/\/www.silentblocks.com\/wp-content\/uploads\/2023\/04\/silentbloc-bras-arriere-alfa-GTV-95-05-1.jpg","contentUrl":"https:\/\/www.silentblocks.com\/wp-content\/uploads\/2023\/04\/silentbloc-bras-arriere-alfa-GTV-95-05-1.jpg","width":1500,"height":1500},{"@type":"BreadcrumbList","@id":"https:\/\/www.silentblocks.com\/es\/producto\/6-silentblocks-para-dos-arrow-arm-alfa-romeo-gtv-spider\/#breadcrumb","itemListElement":[{"@type":"ListItem","position":1,"name":"In\u00edcio","item":"https:\/\/www.silentblocks.com\/es\/"},{"@type":"ListItem","position":2,"name":"Page boutique","item":"https:\/\/www.silentblocks.com\/es\/shop-2\/"},{"@type":"ListItem","position":3,"name":"Silentblocks para brazos traseros, Alfa Romeo GTV, Spider"}]},{"@type":"WebSite","@id":"https:\/\/www.silentblocks.com\/es\/#website","url":"https:\/\/www.silentblocks.com\/es\/","name":"SILENTBLOCKS","description":"Secure on the road","publisher":{"@id":"https:\/\/www.silentblocks.com\/es\/#organization"},"potentialAction":[{"@type":"SearchAction","target":{"@type":"EntryPoint","urlTemplate":"https:\/\/www.silentblocks.com\/es\/?s={search_term_string}"},"query-input":{"@type":"PropertyValueSpecification","valueRequired":true,"valueName":"search_term_string"}}],"inLanguage":"es"},{"@type":"Organization","@id":"https:\/\/www.silentblocks.com\/es\/#organization","name":"SILENTBLOCKS","url":"https:\/\/www.silentblocks.com\/es\/","logo":{"@type":"ImageObject","inLanguage":"es","@id":"https:\/\/www.silentblocks.com\/es\/#\/schema\/logo\/image\/","url":"https:\/\/www.silentblocks.com\/wp-content\/uploads\/2023\/07\/logo211-sem-fundo_2012-PARA-BOUTIQUE-EBAY.png","contentUrl":"https:\/\/www.silentblocks.com\/wp-content\/uploads\/2023\/07\/logo211-sem-fundo_2012-PARA-BOUTIQUE-EBAY.png","width":300,"height":190,"caption":"SILENTBLOCKS"},"image":{"@id":"https:\/\/www.silentblocks.com\/es\/#\/schema\/logo\/image\/"}}]}},"_links":{"self":[{"href":"https:\/\/www.silentblocks.com\/es\/wp-json\/wp\/v2\/product\/78772","targetHints":{"allow":["GET"]}}],"collection":[{"href":"https:\/\/www.silentblocks.com\/es\/wp-json\/wp\/v2\/product"}],"about":[{"href":"https:\/\/www.silentblocks.com\/es\/wp-json\/wp\/v2\/types\/product"}],"version-history":[{"count":0,"href":"https:\/\/www.silentblocks.com\/es\/wp-json\/wp\/v2\/product\/78772\/revisions"}],"wp:featuredmedia":[{"embeddable":true,"href":"https:\/\/www.silentblocks.com\/es\/wp-json\/wp\/v2\/media\/136914"}],"wp:attachment":[{"href":"https:\/\/www.silentblocks.com\/es\/wp-json\/wp\/v2\/media?parent=78772"}],"wp:term":[{"taxonomy":"product_brand","embeddable":true,"href":"https:\/\/www.silentblocks.com\/es\/wp-json\/wp\/v2\/product_brand?post=78772"},{"taxonomy":"product_cat","embeddable":true,"href":"https:\/\/www.silentblocks.com\/es\/wp-json\/wp\/v2\/product_cat?post=78772"},{"taxonomy":"product_tag","embeddable":true,"href":"https:\/\/www.silentblocks.com\/es\/wp-json\/wp\/v2\/product_tag?post=78772"}],"curies":[{"name":"wp","href":"https:\/\/api.w.org\/{rel}","templated":true}]}}