{"id":78841,"date":"2023-04-26T23:00:34","date_gmt":"2023-04-26T23:00:34","guid":{"rendered":"https:\/\/www.silentblocks.com\/product\/kit-reparacion-bloques-silenciosos-bras-arriere-civic-viii\/"},"modified":"2026-02-17T21:11:18","modified_gmt":"2026-02-17T21:11:18","slug":"kit-reparacion-bloques-silenciosos-bras-arriere-civic-viii","status":"publish","type":"product","link":"https:\/\/www.silentblocks.com\/es\/producto\/kit-reparacion-bloques-silenciosos-bras-arriere-civic-viii\/","title":{"rendered":"Kit de reparaci\u00f3n, bujes de brazo trasero para Civic VIII"},"content":{"rendered":"<p>Kit de reparaci\u00f3n silentblocs para un brazo trasero, compatible con los siguientes veh\u00edculos:<br \/>\nCivic VIII Berlina (FD, FA) (01.2006&gt;)<br \/>\nMotor: 1.3 H\u00edbrido<br \/>\nCivic VIII Berlina (FD, FA) (01.2010-02.2012)<br \/>\nMotor: 1.3 H\u00edbrido<br \/>\nCivic VIII Berlina (FD, FA) (01.2012&gt;)<br \/>\nMotor: 1.6<br \/>\nCivic VIII Berlina (FD, FA) (09.2005-02.2012)<br \/>\nMotor: 1.8<\/p>\n<p>Referencias del fabricante (c\u00f3digo OEM) s\u00f3lo a t\u00edtulo informativo :<br \/>\n52370-SNA-A04, 52364-S6M-004, 52364-SCV-A02<\/p>\n<p>Piezas nuevas, se vende con factura. Todos nuestros productos tienen 2 a\u00f1os de garant\u00eda.<\/p>\n<div class=\"oem-info_text-wrapper\"><\/div>\n<div class=\"oem-info_text-wrapper\"><\/div>\n","protected":false},"excerpt":{"rendered":"<p>Kit de reparaci\u00f3n silentblock brazo trasero, Honda Civic VIII<\/p>\n","protected":false},"featured_media":124997,"template":"","meta":[],"product_brand":[],"product_cat":[2172,2737],"product_tag":[],"class_list":{"0":"post-78841","1":"product","2":"type-product","3":"status-publish","4":"has-post-thumbnail","6":"product_cat-honda-es","7":"product_cat-civic-viii-es","9":"first","10":"instock","11":"shipping-taxable","12":"purchasable","13":"product-type-simple"},"yoast_head":"<!-- This site is optimized with the Yoast SEO Premium plugin v23.0 (Yoast SEO v27.4) - https:\/\/yoast.com\/product\/yoast-seo-premium-wordpress\/ -->\n<title>Kit de reparaci\u00f3n, bujes de brazo trasero para Civic VIII - SILENT BLOCKS<\/title>\n<meta name=\"description\" content=\"Kit de reparaci\u00f3n, bujes brazo trasero para Civic VIII, oem compatible 52370-SNA-A04, 52364-S6M-004, 52364-SCV-A02\" \/>\n<meta name=\"robots\" content=\"index, follow, max-snippet:-1, max-image-preview:large, max-video-preview:-1\" \/>\n<link rel=\"canonical\" href=\"https:\/\/www.silentblocks.com\/es\/producto\/kit-reparacion-bloques-silenciosos-bras-arriere-civic-viii\/\" \/>\n<meta property=\"og:locale\" content=\"es_ES\" \/>\n<meta property=\"og:type\" content=\"article\" \/>\n<meta property=\"og:title\" content=\"Kit de reparaci\u00f3n, bujes de brazo trasero para Civic VIII\" \/>\n<meta property=\"og:description\" content=\"Kit de reparaci\u00f3n, bujes brazo trasero para Civic VIII, oem compatible 52370-SNA-A04, 52364-S6M-004, 52364-SCV-A02\" \/>\n<meta property=\"og:url\" content=\"https:\/\/www.silentblocks.com\/es\/producto\/kit-reparacion-bloques-silenciosos-bras-arriere-civic-viii\/\" \/>\n<meta property=\"og:site_name\" content=\"SILENT BLOCKS\" \/>\n<meta property=\"article:modified_time\" content=\"2026-02-17T21:11:18+00:00\" \/>\n<meta property=\"og:image\" content=\"https:\/\/www.silentblocks.com\/wp-content\/uploads\/2026\/02\/hab-155-hab-004-2.jpg\" \/>\n\t<meta property=\"og:image:width\" content=\"800\" \/>\n\t<meta property=\"og:image:height\" content=\"800\" \/>\n\t<meta property=\"og:image:type\" content=\"image\/jpeg\" \/>\n<meta name=\"twitter:card\" content=\"summary_large_image\" \/>\n<script type=\"application\/ld+json\" class=\"yoast-schema-graph\">{\"@context\":\"https:\\\/\\\/schema.org\",\"@graph\":[{\"@type\":\"WebPage\",\"@id\":\"https:\\\/\\\/www.silentblocks.com\\\/es\\\/producto\\\/kit-reparacion-bloques-silenciosos-bras-arriere-civic-viii\\\/\",\"url\":\"https:\\\/\\\/www.silentblocks.com\\\/es\\\/producto\\\/kit-reparacion-bloques-silenciosos-bras-arriere-civic-viii\\\/\",\"name\":\"Kit de reparaci\u00f3n, bujes de brazo trasero para Civic VIII - SILENT BLOCKS\",\"isPartOf\":{\"@id\":\"https:\\\/\\\/www.silentblocks.com\\\/es\\\/#website\"},\"primaryImageOfPage\":{\"@id\":\"https:\\\/\\\/www.silentblocks.com\\\/es\\\/producto\\\/kit-reparacion-bloques-silenciosos-bras-arriere-civic-viii\\\/#primaryimage\"},\"image\":{\"@id\":\"https:\\\/\\\/www.silentblocks.com\\\/es\\\/producto\\\/kit-reparacion-bloques-silenciosos-bras-arriere-civic-viii\\\/#primaryimage\"},\"thumbnailUrl\":\"https:\\\/\\\/www.silentblocks.com\\\/wp-content\\\/uploads\\\/2026\\\/02\\\/hab-155-hab-004-2.jpg\",\"datePublished\":\"2023-04-26T23:00:34+00:00\",\"dateModified\":\"2026-02-17T21:11:18+00:00\",\"description\":\"Kit de reparaci\u00f3n, bujes brazo trasero para Civic VIII, oem compatible 52370-SNA-A04, 52364-S6M-004, 52364-SCV-A02\",\"breadcrumb\":{\"@id\":\"https:\\\/\\\/www.silentblocks.com\\\/es\\\/producto\\\/kit-reparacion-bloques-silenciosos-bras-arriere-civic-viii\\\/#breadcrumb\"},\"inLanguage\":\"es\",\"potentialAction\":[{\"@type\":\"ReadAction\",\"target\":[\"https:\\\/\\\/www.silentblocks.com\\\/es\\\/producto\\\/kit-reparacion-bloques-silenciosos-bras-arriere-civic-viii\\\/\"]}]},{\"@type\":\"ImageObject\",\"inLanguage\":\"es\",\"@id\":\"https:\\\/\\\/www.silentblocks.com\\\/es\\\/producto\\\/kit-reparacion-bloques-silenciosos-bras-arriere-civic-viii\\\/#primaryimage\",\"url\":\"https:\\\/\\\/www.silentblocks.com\\\/wp-content\\\/uploads\\\/2026\\\/02\\\/hab-155-hab-004-2.jpg\",\"contentUrl\":\"https:\\\/\\\/www.silentblocks.com\\\/wp-content\\\/uploads\\\/2026\\\/02\\\/hab-155-hab-004-2.jpg\",\"width\":800,\"height\":800},{\"@type\":\"BreadcrumbList\",\"@id\":\"https:\\\/\\\/www.silentblocks.com\\\/es\\\/producto\\\/kit-reparacion-bloques-silenciosos-bras-arriere-civic-viii\\\/#breadcrumb\",\"itemListElement\":[{\"@type\":\"ListItem\",\"position\":1,\"name\":\"In\u00edcio\",\"item\":\"https:\\\/\\\/www.silentblocks.com\\\/es\\\/\"},{\"@type\":\"ListItem\",\"position\":2,\"name\":\"Page boutique\",\"item\":\"https:\\\/\\\/www.silentblocks.com\\\/es\\\/shop-2\\\/\"},{\"@type\":\"ListItem\",\"position\":3,\"name\":\"Kit de reparaci\u00f3n, bujes de brazo trasero para Civic VIII\"}]},{\"@type\":\"WebSite\",\"@id\":\"https:\\\/\\\/www.silentblocks.com\\\/es\\\/#website\",\"url\":\"https:\\\/\\\/www.silentblocks.com\\\/es\\\/\",\"name\":\"SILENTBLOCKS\",\"description\":\"Secure on the road\",\"publisher\":{\"@id\":\"https:\\\/\\\/www.silentblocks.com\\\/es\\\/#organization\"},\"potentialAction\":[{\"@type\":\"SearchAction\",\"target\":{\"@type\":\"EntryPoint\",\"urlTemplate\":\"https:\\\/\\\/www.silentblocks.com\\\/es\\\/?s={search_term_string}\"},\"query-input\":{\"@type\":\"PropertyValueSpecification\",\"valueRequired\":true,\"valueName\":\"search_term_string\"}}],\"inLanguage\":\"es\"},{\"@type\":\"Organization\",\"@id\":\"https:\\\/\\\/www.silentblocks.com\\\/es\\\/#organization\",\"name\":\"SILENTBLOCKS\",\"url\":\"https:\\\/\\\/www.silentblocks.com\\\/es\\\/\",\"logo\":{\"@type\":\"ImageObject\",\"inLanguage\":\"es\",\"@id\":\"https:\\\/\\\/www.silentblocks.com\\\/es\\\/#\\\/schema\\\/logo\\\/image\\\/\",\"url\":\"https:\\\/\\\/www.silentblocks.com\\\/wp-content\\\/uploads\\\/2023\\\/07\\\/logo211-sem-fundo_2012-PARA-BOUTIQUE-EBAY.png\",\"contentUrl\":\"https:\\\/\\\/www.silentblocks.com\\\/wp-content\\\/uploads\\\/2023\\\/07\\\/logo211-sem-fundo_2012-PARA-BOUTIQUE-EBAY.png\",\"width\":300,\"height\":190,\"caption\":\"SILENTBLOCKS\"},\"image\":{\"@id\":\"https:\\\/\\\/www.silentblocks.com\\\/es\\\/#\\\/schema\\\/logo\\\/image\\\/\"}}]}<\/script>\n<!-- \/ Yoast SEO Premium plugin. -->","yoast_head_json":{"title":"Kit de reparaci\u00f3n, bujes de brazo trasero para Civic VIII - SILENT BLOCKS","description":"Kit de reparaci\u00f3n, bujes brazo trasero para Civic VIII, oem compatible 52370-SNA-A04, 52364-S6M-004, 52364-SCV-A02","robots":{"index":"index","follow":"follow","max-snippet":"max-snippet:-1","max-image-preview":"max-image-preview:large","max-video-preview":"max-video-preview:-1"},"canonical":"https:\/\/www.silentblocks.com\/es\/producto\/kit-reparacion-bloques-silenciosos-bras-arriere-civic-viii\/","og_locale":"es_ES","og_type":"article","og_title":"Kit de reparaci\u00f3n, bujes de brazo trasero para Civic VIII","og_description":"Kit de reparaci\u00f3n, bujes brazo trasero para Civic VIII, oem compatible 52370-SNA-A04, 52364-S6M-004, 52364-SCV-A02","og_url":"https:\/\/www.silentblocks.com\/es\/producto\/kit-reparacion-bloques-silenciosos-bras-arriere-civic-viii\/","og_site_name":"SILENT BLOCKS","article_modified_time":"2026-02-17T21:11:18+00:00","og_image":[{"width":800,"height":800,"url":"https:\/\/www.silentblocks.com\/wp-content\/uploads\/2026\/02\/hab-155-hab-004-2.jpg","type":"image\/jpeg"}],"twitter_card":"summary_large_image","schema":{"@context":"https:\/\/schema.org","@graph":[{"@type":"WebPage","@id":"https:\/\/www.silentblocks.com\/es\/producto\/kit-reparacion-bloques-silenciosos-bras-arriere-civic-viii\/","url":"https:\/\/www.silentblocks.com\/es\/producto\/kit-reparacion-bloques-silenciosos-bras-arriere-civic-viii\/","name":"Kit de reparaci\u00f3n, bujes de brazo trasero para Civic VIII - SILENT BLOCKS","isPartOf":{"@id":"https:\/\/www.silentblocks.com\/es\/#website"},"primaryImageOfPage":{"@id":"https:\/\/www.silentblocks.com\/es\/producto\/kit-reparacion-bloques-silenciosos-bras-arriere-civic-viii\/#primaryimage"},"image":{"@id":"https:\/\/www.silentblocks.com\/es\/producto\/kit-reparacion-bloques-silenciosos-bras-arriere-civic-viii\/#primaryimage"},"thumbnailUrl":"https:\/\/www.silentblocks.com\/wp-content\/uploads\/2026\/02\/hab-155-hab-004-2.jpg","datePublished":"2023-04-26T23:00:34+00:00","dateModified":"2026-02-17T21:11:18+00:00","description":"Kit de reparaci\u00f3n, bujes brazo trasero para Civic VIII, oem compatible 52370-SNA-A04, 52364-S6M-004, 52364-SCV-A02","breadcrumb":{"@id":"https:\/\/www.silentblocks.com\/es\/producto\/kit-reparacion-bloques-silenciosos-bras-arriere-civic-viii\/#breadcrumb"},"inLanguage":"es","potentialAction":[{"@type":"ReadAction","target":["https:\/\/www.silentblocks.com\/es\/producto\/kit-reparacion-bloques-silenciosos-bras-arriere-civic-viii\/"]}]},{"@type":"ImageObject","inLanguage":"es","@id":"https:\/\/www.silentblocks.com\/es\/producto\/kit-reparacion-bloques-silenciosos-bras-arriere-civic-viii\/#primaryimage","url":"https:\/\/www.silentblocks.com\/wp-content\/uploads\/2026\/02\/hab-155-hab-004-2.jpg","contentUrl":"https:\/\/www.silentblocks.com\/wp-content\/uploads\/2026\/02\/hab-155-hab-004-2.jpg","width":800,"height":800},{"@type":"BreadcrumbList","@id":"https:\/\/www.silentblocks.com\/es\/producto\/kit-reparacion-bloques-silenciosos-bras-arriere-civic-viii\/#breadcrumb","itemListElement":[{"@type":"ListItem","position":1,"name":"In\u00edcio","item":"https:\/\/www.silentblocks.com\/es\/"},{"@type":"ListItem","position":2,"name":"Page boutique","item":"https:\/\/www.silentblocks.com\/es\/shop-2\/"},{"@type":"ListItem","position":3,"name":"Kit de reparaci\u00f3n, bujes de brazo trasero para Civic VIII"}]},{"@type":"WebSite","@id":"https:\/\/www.silentblocks.com\/es\/#website","url":"https:\/\/www.silentblocks.com\/es\/","name":"SILENTBLOCKS","description":"Secure on the road","publisher":{"@id":"https:\/\/www.silentblocks.com\/es\/#organization"},"potentialAction":[{"@type":"SearchAction","target":{"@type":"EntryPoint","urlTemplate":"https:\/\/www.silentblocks.com\/es\/?s={search_term_string}"},"query-input":{"@type":"PropertyValueSpecification","valueRequired":true,"valueName":"search_term_string"}}],"inLanguage":"es"},{"@type":"Organization","@id":"https:\/\/www.silentblocks.com\/es\/#organization","name":"SILENTBLOCKS","url":"https:\/\/www.silentblocks.com\/es\/","logo":{"@type":"ImageObject","inLanguage":"es","@id":"https:\/\/www.silentblocks.com\/es\/#\/schema\/logo\/image\/","url":"https:\/\/www.silentblocks.com\/wp-content\/uploads\/2023\/07\/logo211-sem-fundo_2012-PARA-BOUTIQUE-EBAY.png","contentUrl":"https:\/\/www.silentblocks.com\/wp-content\/uploads\/2023\/07\/logo211-sem-fundo_2012-PARA-BOUTIQUE-EBAY.png","width":300,"height":190,"caption":"SILENTBLOCKS"},"image":{"@id":"https:\/\/www.silentblocks.com\/es\/#\/schema\/logo\/image\/"}}]}},"_links":{"self":[{"href":"https:\/\/www.silentblocks.com\/es\/wp-json\/wp\/v2\/product\/78841","targetHints":{"allow":["GET"]}}],"collection":[{"href":"https:\/\/www.silentblocks.com\/es\/wp-json\/wp\/v2\/product"}],"about":[{"href":"https:\/\/www.silentblocks.com\/es\/wp-json\/wp\/v2\/types\/product"}],"version-history":[{"count":0,"href":"https:\/\/www.silentblocks.com\/es\/wp-json\/wp\/v2\/product\/78841\/revisions"}],"wp:featuredmedia":[{"embeddable":true,"href":"https:\/\/www.silentblocks.com\/es\/wp-json\/wp\/v2\/media\/124997"}],"wp:attachment":[{"href":"https:\/\/www.silentblocks.com\/es\/wp-json\/wp\/v2\/media?parent=78841"}],"wp:term":[{"taxonomy":"product_brand","embeddable":true,"href":"https:\/\/www.silentblocks.com\/es\/wp-json\/wp\/v2\/product_brand?post=78841"},{"taxonomy":"product_cat","embeddable":true,"href":"https:\/\/www.silentblocks.com\/es\/wp-json\/wp\/v2\/product_cat?post=78841"},{"taxonomy":"product_tag","embeddable":true,"href":"https:\/\/www.silentblocks.com\/es\/wp-json\/wp\/v2\/product_tag?post=78841"}],"curies":[{"name":"wp","href":"https:\/\/api.w.org\/{rel}","templated":true}]}}