{"id":79205,"date":"2023-04-26T22:59:52","date_gmt":"2023-04-26T22:59:52","guid":{"rendered":"https:\/\/www.silentblocks.com\/product\/kit-2-bloques-silenciosos-boquilla-arriere-chevrolet-epica\/"},"modified":"2026-02-17T21:12:34","modified_gmt":"2026-02-17T21:12:34","slug":"kit-2-bloques-silenciosos-boquilla-arriere-chevrolet-epica","status":"publish","type":"product","link":"https:\/\/www.silentblocks.com\/es\/producto\/kit-2-bloques-silenciosos-boquilla-arriere-chevrolet-epica\/","title":{"rendered":"Silentblocks para mangueta trasera, Chevrolet Epica"},"content":{"rendered":"<p>2 Silentblocks para mangueta trasera, compatible con los siguientes veh\u00edculos:<br \/>\nChevrolet Epica (2004-2010)<\/p>\n<p>Referencias del fabricante (c\u00f3digo OEM) s\u00f3lo a t\u00edtulo informativo :<br \/>\n96440024, 96440025, 96639740, 96639741<\/p>\n<p>Piezas nuevas, se vende con factura. Todos nuestros productos tienen 2 a\u00f1os de garant\u00eda.<\/p>\n","protected":false},"excerpt":{"rendered":"<p>2 Silentblocks para la reparaci\u00f3n del eje trasero, Chevrolet Epica<\/p>\n","protected":false},"featured_media":124425,"template":"","meta":[],"product_brand":[],"product_cat":[2139,2394],"product_tag":[],"class_list":{"0":"post-79205","1":"product","2":"type-product","3":"status-publish","4":"has-post-thumbnail","6":"product_cat-chevrolet-es","7":"product_cat-epica-es","9":"first","10":"instock","11":"shipping-taxable","12":"purchasable","13":"product-type-simple"},"yoast_head":"<!-- This site is optimized with the Yoast SEO Premium plugin v23.0 (Yoast SEO v27.4) - https:\/\/yoast.com\/product\/yoast-seo-premium-wordpress\/ -->\n<title>Silentblocks para mangueta trasera, Chevrolet Epica - SILENT BLOCKS<\/title>\n<meta name=\"description\" content=\"Bujes para la reparaci\u00f3n mangueta trasera, para Chevrolet Epica, oem compatible 96440024, 96440025, 96639740, 96639741\" \/>\n<meta name=\"robots\" content=\"index, follow, max-snippet:-1, max-image-preview:large, max-video-preview:-1\" \/>\n<link rel=\"canonical\" href=\"https:\/\/www.silentblocks.com\/es\/producto\/kit-2-bloques-silenciosos-boquilla-arriere-chevrolet-epica\/\" \/>\n<meta property=\"og:locale\" content=\"es_ES\" \/>\n<meta property=\"og:type\" content=\"article\" \/>\n<meta property=\"og:title\" content=\"Silentblocks para mangueta trasera, Chevrolet Epica\" \/>\n<meta property=\"og:description\" content=\"Bujes para la reparaci\u00f3n mangueta trasera, para Chevrolet Epica, oem compatible 96440024, 96440025, 96639740, 96639741\" \/>\n<meta property=\"og:url\" content=\"https:\/\/www.silentblocks.com\/es\/producto\/kit-2-bloques-silenciosos-boquilla-arriere-chevrolet-epica\/\" \/>\n<meta property=\"og:site_name\" content=\"SILENT BLOCKS\" \/>\n<meta property=\"article:modified_time\" content=\"2026-02-17T21:12:34+00:00\" \/>\n<meta property=\"og:image\" content=\"https:\/\/www.silentblocks.com\/wp-content\/uploads\/2026\/02\/silentbloc-fusee-arriere-epica-D0007-96440024-2.jpg\" \/>\n\t<meta property=\"og:image:width\" content=\"800\" \/>\n\t<meta property=\"og:image:height\" content=\"800\" \/>\n\t<meta property=\"og:image:type\" content=\"image\/jpeg\" \/>\n<meta name=\"twitter:card\" content=\"summary_large_image\" \/>\n<script type=\"application\/ld+json\" class=\"yoast-schema-graph\">{\"@context\":\"https:\\\/\\\/schema.org\",\"@graph\":[{\"@type\":\"WebPage\",\"@id\":\"https:\\\/\\\/www.silentblocks.com\\\/es\\\/producto\\\/kit-2-bloques-silenciosos-boquilla-arriere-chevrolet-epica\\\/\",\"url\":\"https:\\\/\\\/www.silentblocks.com\\\/es\\\/producto\\\/kit-2-bloques-silenciosos-boquilla-arriere-chevrolet-epica\\\/\",\"name\":\"Silentblocks para mangueta trasera, Chevrolet Epica - SILENT BLOCKS\",\"isPartOf\":{\"@id\":\"https:\\\/\\\/www.silentblocks.com\\\/es\\\/#website\"},\"primaryImageOfPage\":{\"@id\":\"https:\\\/\\\/www.silentblocks.com\\\/es\\\/producto\\\/kit-2-bloques-silenciosos-boquilla-arriere-chevrolet-epica\\\/#primaryimage\"},\"image\":{\"@id\":\"https:\\\/\\\/www.silentblocks.com\\\/es\\\/producto\\\/kit-2-bloques-silenciosos-boquilla-arriere-chevrolet-epica\\\/#primaryimage\"},\"thumbnailUrl\":\"https:\\\/\\\/www.silentblocks.com\\\/wp-content\\\/uploads\\\/2026\\\/02\\\/silentbloc-fusee-arriere-epica-D0007-96440024-2.jpg\",\"datePublished\":\"2023-04-26T22:59:52+00:00\",\"dateModified\":\"2026-02-17T21:12:34+00:00\",\"description\":\"Bujes para la reparaci\u00f3n mangueta trasera, para Chevrolet Epica, oem compatible 96440024, 96440025, 96639740, 96639741\",\"breadcrumb\":{\"@id\":\"https:\\\/\\\/www.silentblocks.com\\\/es\\\/producto\\\/kit-2-bloques-silenciosos-boquilla-arriere-chevrolet-epica\\\/#breadcrumb\"},\"inLanguage\":\"es\",\"potentialAction\":[{\"@type\":\"ReadAction\",\"target\":[\"https:\\\/\\\/www.silentblocks.com\\\/es\\\/producto\\\/kit-2-bloques-silenciosos-boquilla-arriere-chevrolet-epica\\\/\"]}]},{\"@type\":\"ImageObject\",\"inLanguage\":\"es\",\"@id\":\"https:\\\/\\\/www.silentblocks.com\\\/es\\\/producto\\\/kit-2-bloques-silenciosos-boquilla-arriere-chevrolet-epica\\\/#primaryimage\",\"url\":\"https:\\\/\\\/www.silentblocks.com\\\/wp-content\\\/uploads\\\/2026\\\/02\\\/silentbloc-fusee-arriere-epica-D0007-96440024-2.jpg\",\"contentUrl\":\"https:\\\/\\\/www.silentblocks.com\\\/wp-content\\\/uploads\\\/2026\\\/02\\\/silentbloc-fusee-arriere-epica-D0007-96440024-2.jpg\",\"width\":800,\"height\":800},{\"@type\":\"BreadcrumbList\",\"@id\":\"https:\\\/\\\/www.silentblocks.com\\\/es\\\/producto\\\/kit-2-bloques-silenciosos-boquilla-arriere-chevrolet-epica\\\/#breadcrumb\",\"itemListElement\":[{\"@type\":\"ListItem\",\"position\":1,\"name\":\"In\u00edcio\",\"item\":\"https:\\\/\\\/www.silentblocks.com\\\/es\\\/\"},{\"@type\":\"ListItem\",\"position\":2,\"name\":\"Page boutique\",\"item\":\"https:\\\/\\\/www.silentblocks.com\\\/es\\\/shop-2\\\/\"},{\"@type\":\"ListItem\",\"position\":3,\"name\":\"Silentblocks para mangueta trasera, Chevrolet Epica\"}]},{\"@type\":\"WebSite\",\"@id\":\"https:\\\/\\\/www.silentblocks.com\\\/es\\\/#website\",\"url\":\"https:\\\/\\\/www.silentblocks.com\\\/es\\\/\",\"name\":\"SILENTBLOCKS\",\"description\":\"Secure on the road\",\"publisher\":{\"@id\":\"https:\\\/\\\/www.silentblocks.com\\\/es\\\/#organization\"},\"potentialAction\":[{\"@type\":\"SearchAction\",\"target\":{\"@type\":\"EntryPoint\",\"urlTemplate\":\"https:\\\/\\\/www.silentblocks.com\\\/es\\\/?s={search_term_string}\"},\"query-input\":{\"@type\":\"PropertyValueSpecification\",\"valueRequired\":true,\"valueName\":\"search_term_string\"}}],\"inLanguage\":\"es\"},{\"@type\":\"Organization\",\"@id\":\"https:\\\/\\\/www.silentblocks.com\\\/es\\\/#organization\",\"name\":\"SILENTBLOCKS\",\"url\":\"https:\\\/\\\/www.silentblocks.com\\\/es\\\/\",\"logo\":{\"@type\":\"ImageObject\",\"inLanguage\":\"es\",\"@id\":\"https:\\\/\\\/www.silentblocks.com\\\/es\\\/#\\\/schema\\\/logo\\\/image\\\/\",\"url\":\"https:\\\/\\\/www.silentblocks.com\\\/wp-content\\\/uploads\\\/2023\\\/07\\\/logo211-sem-fundo_2012-PARA-BOUTIQUE-EBAY.png\",\"contentUrl\":\"https:\\\/\\\/www.silentblocks.com\\\/wp-content\\\/uploads\\\/2023\\\/07\\\/logo211-sem-fundo_2012-PARA-BOUTIQUE-EBAY.png\",\"width\":300,\"height\":190,\"caption\":\"SILENTBLOCKS\"},\"image\":{\"@id\":\"https:\\\/\\\/www.silentblocks.com\\\/es\\\/#\\\/schema\\\/logo\\\/image\\\/\"}}]}<\/script>\n<!-- \/ Yoast SEO Premium plugin. -->","yoast_head_json":{"title":"Silentblocks para mangueta trasera, Chevrolet Epica - SILENT BLOCKS","description":"Bujes para la reparaci\u00f3n mangueta trasera, para Chevrolet Epica, oem compatible 96440024, 96440025, 96639740, 96639741","robots":{"index":"index","follow":"follow","max-snippet":"max-snippet:-1","max-image-preview":"max-image-preview:large","max-video-preview":"max-video-preview:-1"},"canonical":"https:\/\/www.silentblocks.com\/es\/producto\/kit-2-bloques-silenciosos-boquilla-arriere-chevrolet-epica\/","og_locale":"es_ES","og_type":"article","og_title":"Silentblocks para mangueta trasera, Chevrolet Epica","og_description":"Bujes para la reparaci\u00f3n mangueta trasera, para Chevrolet Epica, oem compatible 96440024, 96440025, 96639740, 96639741","og_url":"https:\/\/www.silentblocks.com\/es\/producto\/kit-2-bloques-silenciosos-boquilla-arriere-chevrolet-epica\/","og_site_name":"SILENT BLOCKS","article_modified_time":"2026-02-17T21:12:34+00:00","og_image":[{"width":800,"height":800,"url":"https:\/\/www.silentblocks.com\/wp-content\/uploads\/2026\/02\/silentbloc-fusee-arriere-epica-D0007-96440024-2.jpg","type":"image\/jpeg"}],"twitter_card":"summary_large_image","schema":{"@context":"https:\/\/schema.org","@graph":[{"@type":"WebPage","@id":"https:\/\/www.silentblocks.com\/es\/producto\/kit-2-bloques-silenciosos-boquilla-arriere-chevrolet-epica\/","url":"https:\/\/www.silentblocks.com\/es\/producto\/kit-2-bloques-silenciosos-boquilla-arriere-chevrolet-epica\/","name":"Silentblocks para mangueta trasera, Chevrolet Epica - SILENT BLOCKS","isPartOf":{"@id":"https:\/\/www.silentblocks.com\/es\/#website"},"primaryImageOfPage":{"@id":"https:\/\/www.silentblocks.com\/es\/producto\/kit-2-bloques-silenciosos-boquilla-arriere-chevrolet-epica\/#primaryimage"},"image":{"@id":"https:\/\/www.silentblocks.com\/es\/producto\/kit-2-bloques-silenciosos-boquilla-arriere-chevrolet-epica\/#primaryimage"},"thumbnailUrl":"https:\/\/www.silentblocks.com\/wp-content\/uploads\/2026\/02\/silentbloc-fusee-arriere-epica-D0007-96440024-2.jpg","datePublished":"2023-04-26T22:59:52+00:00","dateModified":"2026-02-17T21:12:34+00:00","description":"Bujes para la reparaci\u00f3n mangueta trasera, para Chevrolet Epica, oem compatible 96440024, 96440025, 96639740, 96639741","breadcrumb":{"@id":"https:\/\/www.silentblocks.com\/es\/producto\/kit-2-bloques-silenciosos-boquilla-arriere-chevrolet-epica\/#breadcrumb"},"inLanguage":"es","potentialAction":[{"@type":"ReadAction","target":["https:\/\/www.silentblocks.com\/es\/producto\/kit-2-bloques-silenciosos-boquilla-arriere-chevrolet-epica\/"]}]},{"@type":"ImageObject","inLanguage":"es","@id":"https:\/\/www.silentblocks.com\/es\/producto\/kit-2-bloques-silenciosos-boquilla-arriere-chevrolet-epica\/#primaryimage","url":"https:\/\/www.silentblocks.com\/wp-content\/uploads\/2026\/02\/silentbloc-fusee-arriere-epica-D0007-96440024-2.jpg","contentUrl":"https:\/\/www.silentblocks.com\/wp-content\/uploads\/2026\/02\/silentbloc-fusee-arriere-epica-D0007-96440024-2.jpg","width":800,"height":800},{"@type":"BreadcrumbList","@id":"https:\/\/www.silentblocks.com\/es\/producto\/kit-2-bloques-silenciosos-boquilla-arriere-chevrolet-epica\/#breadcrumb","itemListElement":[{"@type":"ListItem","position":1,"name":"In\u00edcio","item":"https:\/\/www.silentblocks.com\/es\/"},{"@type":"ListItem","position":2,"name":"Page boutique","item":"https:\/\/www.silentblocks.com\/es\/shop-2\/"},{"@type":"ListItem","position":3,"name":"Silentblocks para mangueta trasera, Chevrolet Epica"}]},{"@type":"WebSite","@id":"https:\/\/www.silentblocks.com\/es\/#website","url":"https:\/\/www.silentblocks.com\/es\/","name":"SILENTBLOCKS","description":"Secure on the road","publisher":{"@id":"https:\/\/www.silentblocks.com\/es\/#organization"},"potentialAction":[{"@type":"SearchAction","target":{"@type":"EntryPoint","urlTemplate":"https:\/\/www.silentblocks.com\/es\/?s={search_term_string}"},"query-input":{"@type":"PropertyValueSpecification","valueRequired":true,"valueName":"search_term_string"}}],"inLanguage":"es"},{"@type":"Organization","@id":"https:\/\/www.silentblocks.com\/es\/#organization","name":"SILENTBLOCKS","url":"https:\/\/www.silentblocks.com\/es\/","logo":{"@type":"ImageObject","inLanguage":"es","@id":"https:\/\/www.silentblocks.com\/es\/#\/schema\/logo\/image\/","url":"https:\/\/www.silentblocks.com\/wp-content\/uploads\/2023\/07\/logo211-sem-fundo_2012-PARA-BOUTIQUE-EBAY.png","contentUrl":"https:\/\/www.silentblocks.com\/wp-content\/uploads\/2023\/07\/logo211-sem-fundo_2012-PARA-BOUTIQUE-EBAY.png","width":300,"height":190,"caption":"SILENTBLOCKS"},"image":{"@id":"https:\/\/www.silentblocks.com\/es\/#\/schema\/logo\/image\/"}}]}},"_links":{"self":[{"href":"https:\/\/www.silentblocks.com\/es\/wp-json\/wp\/v2\/product\/79205","targetHints":{"allow":["GET"]}}],"collection":[{"href":"https:\/\/www.silentblocks.com\/es\/wp-json\/wp\/v2\/product"}],"about":[{"href":"https:\/\/www.silentblocks.com\/es\/wp-json\/wp\/v2\/types\/product"}],"version-history":[{"count":0,"href":"https:\/\/www.silentblocks.com\/es\/wp-json\/wp\/v2\/product\/79205\/revisions"}],"wp:featuredmedia":[{"embeddable":true,"href":"https:\/\/www.silentblocks.com\/es\/wp-json\/wp\/v2\/media\/124425"}],"wp:attachment":[{"href":"https:\/\/www.silentblocks.com\/es\/wp-json\/wp\/v2\/media?parent=79205"}],"wp:term":[{"taxonomy":"product_brand","embeddable":true,"href":"https:\/\/www.silentblocks.com\/es\/wp-json\/wp\/v2\/product_brand?post=79205"},{"taxonomy":"product_cat","embeddable":true,"href":"https:\/\/www.silentblocks.com\/es\/wp-json\/wp\/v2\/product_cat?post=79205"},{"taxonomy":"product_tag","embeddable":true,"href":"https:\/\/www.silentblocks.com\/es\/wp-json\/wp\/v2\/product_tag?post=79205"}],"curies":[{"name":"wp","href":"https:\/\/api.w.org\/{rel}","templated":true}]}}