{"id":79833,"date":"2023-04-26T22:59:12","date_gmt":"2023-04-26T22:59:12","guid":{"rendered":"https:\/\/www.silentblocks.com\/product\/4-silentblocs-fusees-arriere-bmw-4\/"},"modified":"2026-02-17T21:14:29","modified_gmt":"2026-02-17T21:14:29","slug":"4-silentblocs-fusees-arriere-bmw-4","status":"publish","type":"product","link":"https:\/\/www.silentblocks.com\/es\/producto\/4-silentblocs-fusees-arriere-bmw-4\/","title":{"rendered":"Silentblocks para husillos traseros para BMW Serie 1 E81\/E82\/E87\/E88, Serie 3 E90\/E91\/E92\/E93, X1 E84"},"content":{"rendered":"<p>Kit de 4 silentblocks de husillo trasero, compatible con los siguientes veh\u00edculos:<br \/>\nBMW Serie 1 E81\/E87 (2003-2011)<br \/>\nBMW Serie 1 E82\/E88 (2008-2012)<br \/>\nBMW Serie 3 E90\/E91 (2004-2012)<br \/>\nBMW Serie 3 E92\/E93 (2005-2013)<br \/>\nBMW X1 E84 (2008-2015)<br \/>\nBMW ZINORO E1 M12 (2013-)<\/p>\n<p>Referencias del fabricante (c\u00f3digo OEM) s\u00f3lo a t\u00edtulo informativo :<br \/>\n33 32 6 763 092, 33 32 6 763 471<\/p>\n<p>Piezas nuevas, se vende con factura. Todos nuestros productos tienen 2 a\u00f1os de garant\u00eda.<\/p>\n","protected":false},"excerpt":{"rendered":"<p>4 manguetas traseras Silentblocks BMW<\/p>\n","protected":false},"featured_media":123781,"template":"","meta":[],"product_brand":[],"product_cat":[2133,2304,1926,1927,1928,1929,1919,1923],"product_tag":[],"class_list":{"0":"post-79833","1":"product","2":"type-product","3":"status-publish","4":"has-post-thumbnail","6":"product_cat-bmw-es","7":"product_cat-bmw-serie-1-es","8":"product_cat-bmw-serie-1-e81-es","9":"product_cat-bmw-serie-1-e82-es","10":"product_cat-bmw-serie-1-e87-es","11":"product_cat-bmw-serie-1-e88-es","12":"product_cat-serie-3-e90-e91-e92-e93-es","13":"product_cat-x1-es","15":"first","16":"instock","17":"shipping-taxable","18":"purchasable","19":"product-type-simple"},"yoast_head":"<!-- This site is optimized with the Yoast SEO Premium plugin v23.0 (Yoast SEO v27.4) - https:\/\/yoast.com\/product\/yoast-seo-premium-wordpress\/ -->\n<title>Silentblocks para husillos traseros para BMW Serie 1 E81\/E82\/E87\/E88, Serie 3 E90\/E91\/E92\/E93, X1 E84 - SILENT BLOCKS<\/title>\n<meta name=\"description\" content=\"Silentblocks para husillos traseros para BMW Serie 1 E81\/E82\/E87\/E88, Serie 3 E90\/E91\/E92\/E93, X1 E84, compatible OEM 33 32 6 763 092, 33 32 6 763 471\" \/>\n<meta name=\"robots\" content=\"index, follow, max-snippet:-1, max-image-preview:large, max-video-preview:-1\" \/>\n<link rel=\"canonical\" href=\"https:\/\/www.silentblocks.com\/es\/producto\/4-silentblocs-fusees-arriere-bmw-4\/\" \/>\n<meta property=\"og:locale\" content=\"es_ES\" \/>\n<meta property=\"og:type\" content=\"article\" \/>\n<meta property=\"og:title\" content=\"Silentblocks para husillos traseros para BMW Serie 1 E81\/E82\/E87\/E88, Serie 3 E90\/E91\/E92\/E93, X1 E84\" \/>\n<meta property=\"og:description\" content=\"Silentblocks para husillos traseros para BMW Serie 1 E81\/E82\/E87\/E88, Serie 3 E90\/E91\/E92\/E93, X1 E84, compatible OEM 33 32 6 763 092, 33 32 6 763 471\" \/>\n<meta property=\"og:url\" content=\"https:\/\/www.silentblocks.com\/es\/producto\/4-silentblocs-fusees-arriere-bmw-4\/\" \/>\n<meta property=\"og:site_name\" content=\"SILENT BLOCKS\" \/>\n<meta property=\"article:modified_time\" content=\"2026-02-17T21:14:29+00:00\" \/>\n<meta property=\"og:image\" content=\"https:\/\/www.silentblocks.com\/wp-content\/uploads\/2026\/02\/silentbloc-fusees-arriere-bmw-E90-E91-x1-e84-e92-e93-e81-2.jpg\" \/>\n\t<meta property=\"og:image:width\" content=\"1500\" \/>\n\t<meta property=\"og:image:height\" content=\"1500\" \/>\n\t<meta property=\"og:image:type\" content=\"image\/jpeg\" \/>\n<meta name=\"twitter:card\" content=\"summary_large_image\" \/>\n<script type=\"application\/ld+json\" class=\"yoast-schema-graph\">{\"@context\":\"https:\\\/\\\/schema.org\",\"@graph\":[{\"@type\":\"WebPage\",\"@id\":\"https:\\\/\\\/www.silentblocks.com\\\/es\\\/producto\\\/4-silentblocs-fusees-arriere-bmw-4\\\/\",\"url\":\"https:\\\/\\\/www.silentblocks.com\\\/es\\\/producto\\\/4-silentblocs-fusees-arriere-bmw-4\\\/\",\"name\":\"Silentblocks para husillos traseros para BMW Serie 1 E81\\\/E82\\\/E87\\\/E88, Serie 3 E90\\\/E91\\\/E92\\\/E93, X1 E84 - SILENT BLOCKS\",\"isPartOf\":{\"@id\":\"https:\\\/\\\/www.silentblocks.com\\\/es\\\/#website\"},\"primaryImageOfPage\":{\"@id\":\"https:\\\/\\\/www.silentblocks.com\\\/es\\\/producto\\\/4-silentblocs-fusees-arriere-bmw-4\\\/#primaryimage\"},\"image\":{\"@id\":\"https:\\\/\\\/www.silentblocks.com\\\/es\\\/producto\\\/4-silentblocs-fusees-arriere-bmw-4\\\/#primaryimage\"},\"thumbnailUrl\":\"https:\\\/\\\/www.silentblocks.com\\\/wp-content\\\/uploads\\\/2026\\\/02\\\/silentbloc-fusees-arriere-bmw-E90-E91-x1-e84-e92-e93-e81-2.jpg\",\"datePublished\":\"2023-04-26T22:59:12+00:00\",\"dateModified\":\"2026-02-17T21:14:29+00:00\",\"description\":\"Silentblocks para husillos traseros para BMW Serie 1 E81\\\/E82\\\/E87\\\/E88, Serie 3 E90\\\/E91\\\/E92\\\/E93, X1 E84, compatible OEM 33 32 6 763 092, 33 32 6 763 471\",\"breadcrumb\":{\"@id\":\"https:\\\/\\\/www.silentblocks.com\\\/es\\\/producto\\\/4-silentblocs-fusees-arriere-bmw-4\\\/#breadcrumb\"},\"inLanguage\":\"es\",\"potentialAction\":[{\"@type\":\"ReadAction\",\"target\":[\"https:\\\/\\\/www.silentblocks.com\\\/es\\\/producto\\\/4-silentblocs-fusees-arriere-bmw-4\\\/\"]}]},{\"@type\":\"ImageObject\",\"inLanguage\":\"es\",\"@id\":\"https:\\\/\\\/www.silentblocks.com\\\/es\\\/producto\\\/4-silentblocs-fusees-arriere-bmw-4\\\/#primaryimage\",\"url\":\"https:\\\/\\\/www.silentblocks.com\\\/wp-content\\\/uploads\\\/2026\\\/02\\\/silentbloc-fusees-arriere-bmw-E90-E91-x1-e84-e92-e93-e81-2.jpg\",\"contentUrl\":\"https:\\\/\\\/www.silentblocks.com\\\/wp-content\\\/uploads\\\/2026\\\/02\\\/silentbloc-fusees-arriere-bmw-E90-E91-x1-e84-e92-e93-e81-2.jpg\",\"width\":1500,\"height\":1500},{\"@type\":\"BreadcrumbList\",\"@id\":\"https:\\\/\\\/www.silentblocks.com\\\/es\\\/producto\\\/4-silentblocs-fusees-arriere-bmw-4\\\/#breadcrumb\",\"itemListElement\":[{\"@type\":\"ListItem\",\"position\":1,\"name\":\"In\u00edcio\",\"item\":\"https:\\\/\\\/www.silentblocks.com\\\/es\\\/\"},{\"@type\":\"ListItem\",\"position\":2,\"name\":\"Page boutique\",\"item\":\"https:\\\/\\\/www.silentblocks.com\\\/es\\\/shop-2\\\/\"},{\"@type\":\"ListItem\",\"position\":3,\"name\":\"Silentblocks para husillos traseros para BMW Serie 1 E81\\\/E82\\\/E87\\\/E88, Serie 3 E90\\\/E91\\\/E92\\\/E93, X1 E84\"}]},{\"@type\":\"WebSite\",\"@id\":\"https:\\\/\\\/www.silentblocks.com\\\/es\\\/#website\",\"url\":\"https:\\\/\\\/www.silentblocks.com\\\/es\\\/\",\"name\":\"SILENTBLOCKS\",\"description\":\"Secure on the road\",\"publisher\":{\"@id\":\"https:\\\/\\\/www.silentblocks.com\\\/es\\\/#organization\"},\"potentialAction\":[{\"@type\":\"SearchAction\",\"target\":{\"@type\":\"EntryPoint\",\"urlTemplate\":\"https:\\\/\\\/www.silentblocks.com\\\/es\\\/?s={search_term_string}\"},\"query-input\":{\"@type\":\"PropertyValueSpecification\",\"valueRequired\":true,\"valueName\":\"search_term_string\"}}],\"inLanguage\":\"es\"},{\"@type\":\"Organization\",\"@id\":\"https:\\\/\\\/www.silentblocks.com\\\/es\\\/#organization\",\"name\":\"SILENTBLOCKS\",\"url\":\"https:\\\/\\\/www.silentblocks.com\\\/es\\\/\",\"logo\":{\"@type\":\"ImageObject\",\"inLanguage\":\"es\",\"@id\":\"https:\\\/\\\/www.silentblocks.com\\\/es\\\/#\\\/schema\\\/logo\\\/image\\\/\",\"url\":\"https:\\\/\\\/www.silentblocks.com\\\/wp-content\\\/uploads\\\/2023\\\/07\\\/logo211-sem-fundo_2012-PARA-BOUTIQUE-EBAY.png\",\"contentUrl\":\"https:\\\/\\\/www.silentblocks.com\\\/wp-content\\\/uploads\\\/2023\\\/07\\\/logo211-sem-fundo_2012-PARA-BOUTIQUE-EBAY.png\",\"width\":300,\"height\":190,\"caption\":\"SILENTBLOCKS\"},\"image\":{\"@id\":\"https:\\\/\\\/www.silentblocks.com\\\/es\\\/#\\\/schema\\\/logo\\\/image\\\/\"}}]}<\/script>\n<!-- \/ Yoast SEO Premium plugin. -->","yoast_head_json":{"title":"Silentblocks para husillos traseros para BMW Serie 1 E81\/E82\/E87\/E88, Serie 3 E90\/E91\/E92\/E93, X1 E84 - SILENT BLOCKS","description":"Silentblocks para husillos traseros para BMW Serie 1 E81\/E82\/E87\/E88, Serie 3 E90\/E91\/E92\/E93, X1 E84, compatible OEM 33 32 6 763 092, 33 32 6 763 471","robots":{"index":"index","follow":"follow","max-snippet":"max-snippet:-1","max-image-preview":"max-image-preview:large","max-video-preview":"max-video-preview:-1"},"canonical":"https:\/\/www.silentblocks.com\/es\/producto\/4-silentblocs-fusees-arriere-bmw-4\/","og_locale":"es_ES","og_type":"article","og_title":"Silentblocks para husillos traseros para BMW Serie 1 E81\/E82\/E87\/E88, Serie 3 E90\/E91\/E92\/E93, X1 E84","og_description":"Silentblocks para husillos traseros para BMW Serie 1 E81\/E82\/E87\/E88, Serie 3 E90\/E91\/E92\/E93, X1 E84, compatible OEM 33 32 6 763 092, 33 32 6 763 471","og_url":"https:\/\/www.silentblocks.com\/es\/producto\/4-silentblocs-fusees-arriere-bmw-4\/","og_site_name":"SILENT BLOCKS","article_modified_time":"2026-02-17T21:14:29+00:00","og_image":[{"width":1500,"height":1500,"url":"https:\/\/www.silentblocks.com\/wp-content\/uploads\/2026\/02\/silentbloc-fusees-arriere-bmw-E90-E91-x1-e84-e92-e93-e81-2.jpg","type":"image\/jpeg"}],"twitter_card":"summary_large_image","schema":{"@context":"https:\/\/schema.org","@graph":[{"@type":"WebPage","@id":"https:\/\/www.silentblocks.com\/es\/producto\/4-silentblocs-fusees-arriere-bmw-4\/","url":"https:\/\/www.silentblocks.com\/es\/producto\/4-silentblocs-fusees-arriere-bmw-4\/","name":"Silentblocks para husillos traseros para BMW Serie 1 E81\/E82\/E87\/E88, Serie 3 E90\/E91\/E92\/E93, X1 E84 - SILENT BLOCKS","isPartOf":{"@id":"https:\/\/www.silentblocks.com\/es\/#website"},"primaryImageOfPage":{"@id":"https:\/\/www.silentblocks.com\/es\/producto\/4-silentblocs-fusees-arriere-bmw-4\/#primaryimage"},"image":{"@id":"https:\/\/www.silentblocks.com\/es\/producto\/4-silentblocs-fusees-arriere-bmw-4\/#primaryimage"},"thumbnailUrl":"https:\/\/www.silentblocks.com\/wp-content\/uploads\/2026\/02\/silentbloc-fusees-arriere-bmw-E90-E91-x1-e84-e92-e93-e81-2.jpg","datePublished":"2023-04-26T22:59:12+00:00","dateModified":"2026-02-17T21:14:29+00:00","description":"Silentblocks para husillos traseros para BMW Serie 1 E81\/E82\/E87\/E88, Serie 3 E90\/E91\/E92\/E93, X1 E84, compatible OEM 33 32 6 763 092, 33 32 6 763 471","breadcrumb":{"@id":"https:\/\/www.silentblocks.com\/es\/producto\/4-silentblocs-fusees-arriere-bmw-4\/#breadcrumb"},"inLanguage":"es","potentialAction":[{"@type":"ReadAction","target":["https:\/\/www.silentblocks.com\/es\/producto\/4-silentblocs-fusees-arriere-bmw-4\/"]}]},{"@type":"ImageObject","inLanguage":"es","@id":"https:\/\/www.silentblocks.com\/es\/producto\/4-silentblocs-fusees-arriere-bmw-4\/#primaryimage","url":"https:\/\/www.silentblocks.com\/wp-content\/uploads\/2026\/02\/silentbloc-fusees-arriere-bmw-E90-E91-x1-e84-e92-e93-e81-2.jpg","contentUrl":"https:\/\/www.silentblocks.com\/wp-content\/uploads\/2026\/02\/silentbloc-fusees-arriere-bmw-E90-E91-x1-e84-e92-e93-e81-2.jpg","width":1500,"height":1500},{"@type":"BreadcrumbList","@id":"https:\/\/www.silentblocks.com\/es\/producto\/4-silentblocs-fusees-arriere-bmw-4\/#breadcrumb","itemListElement":[{"@type":"ListItem","position":1,"name":"In\u00edcio","item":"https:\/\/www.silentblocks.com\/es\/"},{"@type":"ListItem","position":2,"name":"Page boutique","item":"https:\/\/www.silentblocks.com\/es\/shop-2\/"},{"@type":"ListItem","position":3,"name":"Silentblocks para husillos traseros para BMW Serie 1 E81\/E82\/E87\/E88, Serie 3 E90\/E91\/E92\/E93, X1 E84"}]},{"@type":"WebSite","@id":"https:\/\/www.silentblocks.com\/es\/#website","url":"https:\/\/www.silentblocks.com\/es\/","name":"SILENTBLOCKS","description":"Secure on the road","publisher":{"@id":"https:\/\/www.silentblocks.com\/es\/#organization"},"potentialAction":[{"@type":"SearchAction","target":{"@type":"EntryPoint","urlTemplate":"https:\/\/www.silentblocks.com\/es\/?s={search_term_string}"},"query-input":{"@type":"PropertyValueSpecification","valueRequired":true,"valueName":"search_term_string"}}],"inLanguage":"es"},{"@type":"Organization","@id":"https:\/\/www.silentblocks.com\/es\/#organization","name":"SILENTBLOCKS","url":"https:\/\/www.silentblocks.com\/es\/","logo":{"@type":"ImageObject","inLanguage":"es","@id":"https:\/\/www.silentblocks.com\/es\/#\/schema\/logo\/image\/","url":"https:\/\/www.silentblocks.com\/wp-content\/uploads\/2023\/07\/logo211-sem-fundo_2012-PARA-BOUTIQUE-EBAY.png","contentUrl":"https:\/\/www.silentblocks.com\/wp-content\/uploads\/2023\/07\/logo211-sem-fundo_2012-PARA-BOUTIQUE-EBAY.png","width":300,"height":190,"caption":"SILENTBLOCKS"},"image":{"@id":"https:\/\/www.silentblocks.com\/es\/#\/schema\/logo\/image\/"}}]}},"_links":{"self":[{"href":"https:\/\/www.silentblocks.com\/es\/wp-json\/wp\/v2\/product\/79833","targetHints":{"allow":["GET"]}}],"collection":[{"href":"https:\/\/www.silentblocks.com\/es\/wp-json\/wp\/v2\/product"}],"about":[{"href":"https:\/\/www.silentblocks.com\/es\/wp-json\/wp\/v2\/types\/product"}],"version-history":[{"count":0,"href":"https:\/\/www.silentblocks.com\/es\/wp-json\/wp\/v2\/product\/79833\/revisions"}],"wp:featuredmedia":[{"embeddable":true,"href":"https:\/\/www.silentblocks.com\/es\/wp-json\/wp\/v2\/media\/123781"}],"wp:attachment":[{"href":"https:\/\/www.silentblocks.com\/es\/wp-json\/wp\/v2\/media?parent=79833"}],"wp:term":[{"taxonomy":"product_brand","embeddable":true,"href":"https:\/\/www.silentblocks.com\/es\/wp-json\/wp\/v2\/product_brand?post=79833"},{"taxonomy":"product_cat","embeddable":true,"href":"https:\/\/www.silentblocks.com\/es\/wp-json\/wp\/v2\/product_cat?post=79833"},{"taxonomy":"product_tag","embeddable":true,"href":"https:\/\/www.silentblocks.com\/es\/wp-json\/wp\/v2\/product_tag?post=79833"}],"curies":[{"name":"wp","href":"https:\/\/api.w.org\/{rel}","templated":true}]}}