{"id":80241,"date":"2023-04-26T22:58:34","date_gmt":"2023-04-26T22:58:34","guid":{"rendered":"https:\/\/www.silentblocks.com\/product\/2-bloques-silenciosos-bras-antes-del-lexo\/"},"modified":"2026-02-17T21:15:31","modified_gmt":"2026-02-17T21:15:31","slug":"2-bloques-silenciosos-bras-antes-del-lexo","status":"publish","type":"product","link":"https:\/\/www.silentblocks.com\/es\/producto\/2-bloques-silenciosos-bras-antes-del-lexo\/","title":{"rendered":"Silenciadores de brazo delantero, Lexus ES, RX"},"content":{"rendered":"<p>2 Silentblocks para una horquilla de suspensi\u00f3n delantera, compatible con los siguientes veh\u00edculos:<br \/>\nLexus ES240\/350 ACV40,GSV40 2006.05-2012.06  [GR]<br \/>\nLexus ES300 MCV30 2001.07-2006.03  [GR]<br \/>\nLexus ES300\/330 MCV3# 2001.07-2006.03  [US]<br \/>\nLexus ES300\/330 MCV30 2001-2006<br \/>\nLexus ES350 GSV40 2006.03-2012.06  [US]<br \/>\nLexus RX300\/330\/350 MCU3#,GSU35 2003.02-2008.12  [EU]<br \/>\nLexus RX300\/330\/350 MCU3#,GSU35 2003.02-2008.12  [GR]<br \/>\nLexus RX330\/350(JPP) MCU3#,GSU3# 2003.02-2008.12  [US]<br \/>\nLexus RX330\/350(NAP) MCU3#,GSU3# 2003.09-2009.01  [US]<br \/>\nLexus RX400H MHU3# 2005.03-2008.12  [US]<br \/>\nLexus RX400H MHU38 2005.03-2008.12  [EU]<br \/>\nLexus RX400H MHU38 2005.03-2008.12  [GR]<\/p>\n<p>Referencias del fabricante (c\u00f3digo OEM) s\u00f3lo a t\u00edtulo informativo :<br \/>\n48068-28120, 48069-28120, 48655-06040<\/p>\n<p>Piezas nuevas, se vende con factura. Todos nuestros productos tienen 2 a\u00f1os de garant\u00eda.<\/p>\n","protected":false},"excerpt":{"rendered":"<p>2 Silentblocks para dos brazos delanteros, Lexus<\/p>\n","protected":false},"featured_media":137303,"template":"","meta":[],"product_brand":[],"product_cat":[2196,2981,2984],"product_tag":[],"class_list":{"0":"post-80241","1":"product","2":"type-product","3":"status-publish","4":"has-post-thumbnail","6":"product_cat-lexus-es","7":"product_cat-rx300-330-es","8":"product_cat-rx400-es","10":"first","11":"instock","12":"shipping-taxable","13":"purchasable","14":"product-type-simple"},"yoast_head":"<!-- This site is optimized with the Yoast SEO Premium plugin v23.0 (Yoast SEO v27.4) - https:\/\/yoast.com\/product\/yoast-seo-premium-wordpress\/ -->\n<title>Silenciadores de brazo delantero, Lexus ES, RX - SILENT BLOCKS<\/title>\n<meta name=\"description\" content=\"Silentblocks brazo delantero, horquilla de suspensi\u00f3n delantera para Lexus ES, RX, compatible con oem 48068-28120, 48069-28120, 48655-06040\" \/>\n<meta name=\"robots\" content=\"index, follow, max-snippet:-1, max-image-preview:large, max-video-preview:-1\" \/>\n<link rel=\"canonical\" href=\"https:\/\/www.silentblocks.com\/es\/producto\/2-bloques-silenciosos-bras-antes-del-lexo\/\" \/>\n<meta property=\"og:locale\" content=\"es_ES\" \/>\n<meta property=\"og:type\" content=\"article\" \/>\n<meta property=\"og:title\" content=\"Silenciadores de brazo delantero, Lexus ES, RX\" \/>\n<meta property=\"og:description\" content=\"Silentblocks brazo delantero, horquilla de suspensi\u00f3n delantera para Lexus ES, RX, compatible con oem 48068-28120, 48069-28120, 48655-06040\" \/>\n<meta property=\"og:url\" content=\"https:\/\/www.silentblocks.com\/es\/producto\/2-bloques-silenciosos-bras-antes-del-lexo\/\" \/>\n<meta property=\"og:site_name\" content=\"SILENT BLOCKS\" \/>\n<meta property=\"article:modified_time\" content=\"2026-02-17T21:15:31+00:00\" \/>\n<meta property=\"og:image\" content=\"https:\/\/www.silentblocks.com\/wp-content\/uploads\/2023\/04\/silentbloc-bras-avant-lexus-rx300-1.jpg\" \/>\n\t<meta property=\"og:image:width\" content=\"1500\" \/>\n\t<meta property=\"og:image:height\" content=\"1500\" \/>\n\t<meta property=\"og:image:type\" content=\"image\/jpeg\" \/>\n<meta name=\"twitter:card\" content=\"summary_large_image\" \/>\n<meta name=\"twitter:label1\" content=\"Tiempo de lectura\" \/>\n\t<meta name=\"twitter:data1\" content=\"1 minuto\" \/>\n<script type=\"application\/ld+json\" class=\"yoast-schema-graph\">{\"@context\":\"https:\\\/\\\/schema.org\",\"@graph\":[{\"@type\":\"WebPage\",\"@id\":\"https:\\\/\\\/www.silentblocks.com\\\/es\\\/producto\\\/2-bloques-silenciosos-bras-antes-del-lexo\\\/\",\"url\":\"https:\\\/\\\/www.silentblocks.com\\\/es\\\/producto\\\/2-bloques-silenciosos-bras-antes-del-lexo\\\/\",\"name\":\"Silenciadores de brazo delantero, Lexus ES, RX - SILENT BLOCKS\",\"isPartOf\":{\"@id\":\"https:\\\/\\\/www.silentblocks.com\\\/es\\\/#website\"},\"primaryImageOfPage\":{\"@id\":\"https:\\\/\\\/www.silentblocks.com\\\/es\\\/producto\\\/2-bloques-silenciosos-bras-antes-del-lexo\\\/#primaryimage\"},\"image\":{\"@id\":\"https:\\\/\\\/www.silentblocks.com\\\/es\\\/producto\\\/2-bloques-silenciosos-bras-antes-del-lexo\\\/#primaryimage\"},\"thumbnailUrl\":\"https:\\\/\\\/www.silentblocks.com\\\/wp-content\\\/uploads\\\/2023\\\/04\\\/silentbloc-bras-avant-lexus-rx300-1.jpg\",\"datePublished\":\"2023-04-26T22:58:34+00:00\",\"dateModified\":\"2026-02-17T21:15:31+00:00\",\"description\":\"Silentblocks brazo delantero, horquilla de suspensi\u00f3n delantera para Lexus ES, RX, compatible con oem 48068-28120, 48069-28120, 48655-06040\",\"breadcrumb\":{\"@id\":\"https:\\\/\\\/www.silentblocks.com\\\/es\\\/producto\\\/2-bloques-silenciosos-bras-antes-del-lexo\\\/#breadcrumb\"},\"inLanguage\":\"es\",\"potentialAction\":[{\"@type\":\"ReadAction\",\"target\":[\"https:\\\/\\\/www.silentblocks.com\\\/es\\\/producto\\\/2-bloques-silenciosos-bras-antes-del-lexo\\\/\"]}]},{\"@type\":\"ImageObject\",\"inLanguage\":\"es\",\"@id\":\"https:\\\/\\\/www.silentblocks.com\\\/es\\\/producto\\\/2-bloques-silenciosos-bras-antes-del-lexo\\\/#primaryimage\",\"url\":\"https:\\\/\\\/www.silentblocks.com\\\/wp-content\\\/uploads\\\/2023\\\/04\\\/silentbloc-bras-avant-lexus-rx300-1.jpg\",\"contentUrl\":\"https:\\\/\\\/www.silentblocks.com\\\/wp-content\\\/uploads\\\/2023\\\/04\\\/silentbloc-bras-avant-lexus-rx300-1.jpg\",\"width\":1500,\"height\":1500},{\"@type\":\"BreadcrumbList\",\"@id\":\"https:\\\/\\\/www.silentblocks.com\\\/es\\\/producto\\\/2-bloques-silenciosos-bras-antes-del-lexo\\\/#breadcrumb\",\"itemListElement\":[{\"@type\":\"ListItem\",\"position\":1,\"name\":\"In\u00edcio\",\"item\":\"https:\\\/\\\/www.silentblocks.com\\\/es\\\/\"},{\"@type\":\"ListItem\",\"position\":2,\"name\":\"Page boutique\",\"item\":\"https:\\\/\\\/www.silentblocks.com\\\/es\\\/shop-2\\\/\"},{\"@type\":\"ListItem\",\"position\":3,\"name\":\"Silenciadores de brazo delantero, Lexus ES, RX\"}]},{\"@type\":\"WebSite\",\"@id\":\"https:\\\/\\\/www.silentblocks.com\\\/es\\\/#website\",\"url\":\"https:\\\/\\\/www.silentblocks.com\\\/es\\\/\",\"name\":\"SILENTBLOCKS\",\"description\":\"Secure on the road\",\"publisher\":{\"@id\":\"https:\\\/\\\/www.silentblocks.com\\\/es\\\/#organization\"},\"potentialAction\":[{\"@type\":\"SearchAction\",\"target\":{\"@type\":\"EntryPoint\",\"urlTemplate\":\"https:\\\/\\\/www.silentblocks.com\\\/es\\\/?s={search_term_string}\"},\"query-input\":{\"@type\":\"PropertyValueSpecification\",\"valueRequired\":true,\"valueName\":\"search_term_string\"}}],\"inLanguage\":\"es\"},{\"@type\":\"Organization\",\"@id\":\"https:\\\/\\\/www.silentblocks.com\\\/es\\\/#organization\",\"name\":\"SILENTBLOCKS\",\"url\":\"https:\\\/\\\/www.silentblocks.com\\\/es\\\/\",\"logo\":{\"@type\":\"ImageObject\",\"inLanguage\":\"es\",\"@id\":\"https:\\\/\\\/www.silentblocks.com\\\/es\\\/#\\\/schema\\\/logo\\\/image\\\/\",\"url\":\"https:\\\/\\\/www.silentblocks.com\\\/wp-content\\\/uploads\\\/2023\\\/07\\\/logo211-sem-fundo_2012-PARA-BOUTIQUE-EBAY.png\",\"contentUrl\":\"https:\\\/\\\/www.silentblocks.com\\\/wp-content\\\/uploads\\\/2023\\\/07\\\/logo211-sem-fundo_2012-PARA-BOUTIQUE-EBAY.png\",\"width\":300,\"height\":190,\"caption\":\"SILENTBLOCKS\"},\"image\":{\"@id\":\"https:\\\/\\\/www.silentblocks.com\\\/es\\\/#\\\/schema\\\/logo\\\/image\\\/\"}}]}<\/script>\n<!-- \/ Yoast SEO Premium plugin. -->","yoast_head_json":{"title":"Silenciadores de brazo delantero, Lexus ES, RX - SILENT BLOCKS","description":"Silentblocks brazo delantero, horquilla de suspensi\u00f3n delantera para Lexus ES, RX, compatible con oem 48068-28120, 48069-28120, 48655-06040","robots":{"index":"index","follow":"follow","max-snippet":"max-snippet:-1","max-image-preview":"max-image-preview:large","max-video-preview":"max-video-preview:-1"},"canonical":"https:\/\/www.silentblocks.com\/es\/producto\/2-bloques-silenciosos-bras-antes-del-lexo\/","og_locale":"es_ES","og_type":"article","og_title":"Silenciadores de brazo delantero, Lexus ES, RX","og_description":"Silentblocks brazo delantero, horquilla de suspensi\u00f3n delantera para Lexus ES, RX, compatible con oem 48068-28120, 48069-28120, 48655-06040","og_url":"https:\/\/www.silentblocks.com\/es\/producto\/2-bloques-silenciosos-bras-antes-del-lexo\/","og_site_name":"SILENT BLOCKS","article_modified_time":"2026-02-17T21:15:31+00:00","og_image":[{"width":1500,"height":1500,"url":"https:\/\/www.silentblocks.com\/wp-content\/uploads\/2023\/04\/silentbloc-bras-avant-lexus-rx300-1.jpg","type":"image\/jpeg"}],"twitter_card":"summary_large_image","twitter_misc":{"Tiempo de lectura":"1 minuto"},"schema":{"@context":"https:\/\/schema.org","@graph":[{"@type":"WebPage","@id":"https:\/\/www.silentblocks.com\/es\/producto\/2-bloques-silenciosos-bras-antes-del-lexo\/","url":"https:\/\/www.silentblocks.com\/es\/producto\/2-bloques-silenciosos-bras-antes-del-lexo\/","name":"Silenciadores de brazo delantero, Lexus ES, RX - SILENT BLOCKS","isPartOf":{"@id":"https:\/\/www.silentblocks.com\/es\/#website"},"primaryImageOfPage":{"@id":"https:\/\/www.silentblocks.com\/es\/producto\/2-bloques-silenciosos-bras-antes-del-lexo\/#primaryimage"},"image":{"@id":"https:\/\/www.silentblocks.com\/es\/producto\/2-bloques-silenciosos-bras-antes-del-lexo\/#primaryimage"},"thumbnailUrl":"https:\/\/www.silentblocks.com\/wp-content\/uploads\/2023\/04\/silentbloc-bras-avant-lexus-rx300-1.jpg","datePublished":"2023-04-26T22:58:34+00:00","dateModified":"2026-02-17T21:15:31+00:00","description":"Silentblocks brazo delantero, horquilla de suspensi\u00f3n delantera para Lexus ES, RX, compatible con oem 48068-28120, 48069-28120, 48655-06040","breadcrumb":{"@id":"https:\/\/www.silentblocks.com\/es\/producto\/2-bloques-silenciosos-bras-antes-del-lexo\/#breadcrumb"},"inLanguage":"es","potentialAction":[{"@type":"ReadAction","target":["https:\/\/www.silentblocks.com\/es\/producto\/2-bloques-silenciosos-bras-antes-del-lexo\/"]}]},{"@type":"ImageObject","inLanguage":"es","@id":"https:\/\/www.silentblocks.com\/es\/producto\/2-bloques-silenciosos-bras-antes-del-lexo\/#primaryimage","url":"https:\/\/www.silentblocks.com\/wp-content\/uploads\/2023\/04\/silentbloc-bras-avant-lexus-rx300-1.jpg","contentUrl":"https:\/\/www.silentblocks.com\/wp-content\/uploads\/2023\/04\/silentbloc-bras-avant-lexus-rx300-1.jpg","width":1500,"height":1500},{"@type":"BreadcrumbList","@id":"https:\/\/www.silentblocks.com\/es\/producto\/2-bloques-silenciosos-bras-antes-del-lexo\/#breadcrumb","itemListElement":[{"@type":"ListItem","position":1,"name":"In\u00edcio","item":"https:\/\/www.silentblocks.com\/es\/"},{"@type":"ListItem","position":2,"name":"Page boutique","item":"https:\/\/www.silentblocks.com\/es\/shop-2\/"},{"@type":"ListItem","position":3,"name":"Silenciadores de brazo delantero, Lexus ES, RX"}]},{"@type":"WebSite","@id":"https:\/\/www.silentblocks.com\/es\/#website","url":"https:\/\/www.silentblocks.com\/es\/","name":"SILENTBLOCKS","description":"Secure on the road","publisher":{"@id":"https:\/\/www.silentblocks.com\/es\/#organization"},"potentialAction":[{"@type":"SearchAction","target":{"@type":"EntryPoint","urlTemplate":"https:\/\/www.silentblocks.com\/es\/?s={search_term_string}"},"query-input":{"@type":"PropertyValueSpecification","valueRequired":true,"valueName":"search_term_string"}}],"inLanguage":"es"},{"@type":"Organization","@id":"https:\/\/www.silentblocks.com\/es\/#organization","name":"SILENTBLOCKS","url":"https:\/\/www.silentblocks.com\/es\/","logo":{"@type":"ImageObject","inLanguage":"es","@id":"https:\/\/www.silentblocks.com\/es\/#\/schema\/logo\/image\/","url":"https:\/\/www.silentblocks.com\/wp-content\/uploads\/2023\/07\/logo211-sem-fundo_2012-PARA-BOUTIQUE-EBAY.png","contentUrl":"https:\/\/www.silentblocks.com\/wp-content\/uploads\/2023\/07\/logo211-sem-fundo_2012-PARA-BOUTIQUE-EBAY.png","width":300,"height":190,"caption":"SILENTBLOCKS"},"image":{"@id":"https:\/\/www.silentblocks.com\/es\/#\/schema\/logo\/image\/"}}]}},"_links":{"self":[{"href":"https:\/\/www.silentblocks.com\/es\/wp-json\/wp\/v2\/product\/80241","targetHints":{"allow":["GET"]}}],"collection":[{"href":"https:\/\/www.silentblocks.com\/es\/wp-json\/wp\/v2\/product"}],"about":[{"href":"https:\/\/www.silentblocks.com\/es\/wp-json\/wp\/v2\/types\/product"}],"version-history":[{"count":0,"href":"https:\/\/www.silentblocks.com\/es\/wp-json\/wp\/v2\/product\/80241\/revisions"}],"wp:featuredmedia":[{"embeddable":true,"href":"https:\/\/www.silentblocks.com\/es\/wp-json\/wp\/v2\/media\/137303"}],"wp:attachment":[{"href":"https:\/\/www.silentblocks.com\/es\/wp-json\/wp\/v2\/media?parent=80241"}],"wp:term":[{"taxonomy":"product_brand","embeddable":true,"href":"https:\/\/www.silentblocks.com\/es\/wp-json\/wp\/v2\/product_brand?post=80241"},{"taxonomy":"product_cat","embeddable":true,"href":"https:\/\/www.silentblocks.com\/es\/wp-json\/wp\/v2\/product_cat?post=80241"},{"taxonomy":"product_tag","embeddable":true,"href":"https:\/\/www.silentblocks.com\/es\/wp-json\/wp\/v2\/product_tag?post=80241"}],"curies":[{"name":"wp","href":"https:\/\/api.w.org\/{rel}","templated":true}]}}