{"id":80758,"date":"2023-04-26T22:58:00","date_gmt":"2023-04-26T22:58:00","guid":{"rendered":"https:\/\/www.silentblocks.com\/product\/6-silentblocs-essieu-arriere-honda-3\/"},"modified":"2026-04-15T16:58:01","modified_gmt":"2026-04-15T16:58:01","slug":"6-silentblocs-essieu-arriere-honda-3","status":"publish","type":"product","link":"https:\/\/www.silentblocks.com\/es\/producto\/6-silentblocs-essieu-arriere-honda-3\/","title":{"rendered":"Silentblocks para soporte diferencial trasero, Honda Civic, CR-V, HR-V, Jazz, Concerto"},"content":{"rendered":"<p>6 Silentblocks para el soporte del diferencial trasero, compatibles con los siguientes veh\u00edculos:<\/p>\n<p>Honda CIVIC EU\/EP\/ES (2001-2006)<br \/>\nHonda CIVIC\/CIVIC FERIO EG#\/EH1\/EJ3 (1991-1995)<br \/>\nHonda CIVIC\/CIVIC FERIO EK#\/EJ9 (1995-2001)<br \/>\nHonda CIVIC\/CIVIC FERIO ES1\/ES2\/ES3 (2000-2006)<\/p>\n<p>Honda CR-V RE3\/RE4 (2007-2012)<br \/>\nHonda CR-V RM1\/RM4 JPP (2011-)<br \/>\nHonda CR-V RD1\/RD2 (1997-2001)<br \/>\nHonda CR-V RD4\/RD5\/RD6\/RD7\/RD9 (2001-2006)<\/p>\n<p>Honda HR-V GH1\/GH2\/GH3\/GH4 (1998-2005)<\/p>\n<p>Honda INTEGRA DC1\/DC2\/DB6\/DB7\/DB8\/DB9 (1993-2000)<\/p>\n<p>Honda JAZZ\/FIT GD# (2002-2008)<\/p>\n<p>Honda CONCERTO MA1\/MA2\/MA3 (1988-1992)<\/p>\n<p>Referencias del fabricante (c\u00f3digo OEM) s\u00f3lo a t\u00edtulo informativo :<br \/>\n50711-SH9-020, 50711-S9A-000, 50711-SCW-A01, 50711-SH9-010, 50711-SWA-010<\/p>\n<p>Piezas nuevas, se vende con factura. Todos nuestros productos tienen 2 a\u00f1os de garant\u00eda.<\/p>\n","protected":false},"excerpt":{"rendered":"<p>6 Silentblocks eje trasero Honda Civic, CR-V, HR-V, Integra, Jazz, Concerto<\/p>\n","protected":false},"featured_media":122705,"template":"","meta":[],"product_brand":[],"product_cat":[2172,2724,2731,2742,2744,6159,6164,6168,2754,2757,1962],"product_tag":[],"class_list":{"0":"post-80758","1":"product","2":"type-product","3":"status-publish","4":"has-post-thumbnail","6":"product_cat-honda-es","7":"product_cat-civic-es","8":"product_cat-civic-96-00-es","9":"product_cat-concerto-es","10":"product_cat-cr-v-es","11":"product_cat-cr-v-ii-02-06","12":"product_cat-cr-v-iii-06-12","13":"product_cat-cr-v-iv-12-18","14":"product_cat-hr-v-es","15":"product_cat-jazz-es","16":"product_cat-jazz-02-08-es","18":"first","19":"instock","20":"shipping-taxable","21":"purchasable","22":"product-type-simple"},"yoast_head":"<!-- This site is optimized with the Yoast SEO Premium plugin v23.0 (Yoast SEO v27.4) - https:\/\/yoast.com\/product\/yoast-seo-premium-wordpress\/ -->\n<title>Silentblocks para soporte diferencial trasero, Honda Civic, CR-V, HR-V, Jazz, Concerto - SILENT BLOCKS<\/title>\n<meta name=\"description\" content=\"Silentblocks soporte diferencial trasero Honda Civic, CR-V, HR-V, Jazz, Concerto, compatible OEM 50711-SH9-020, 50711-S9A-000, 50711-SCW-A01, 50711-SH9-010\" \/>\n<meta name=\"robots\" content=\"index, follow, max-snippet:-1, max-image-preview:large, max-video-preview:-1\" \/>\n<link rel=\"canonical\" href=\"https:\/\/www.silentblocks.com\/es\/producto\/6-silentblocs-essieu-arriere-honda-3\/\" \/>\n<meta property=\"og:locale\" content=\"es_ES\" \/>\n<meta property=\"og:type\" content=\"article\" \/>\n<meta property=\"og:title\" content=\"Silentblocks para soporte diferencial trasero, Honda Civic, CR-V, HR-V, Jazz, Concerto\" \/>\n<meta property=\"og:description\" content=\"Silentblocks soporte diferencial trasero Honda Civic, CR-V, HR-V, Jazz, Concerto, compatible OEM 50711-SH9-020, 50711-S9A-000, 50711-SCW-A01, 50711-SH9-010\" \/>\n<meta property=\"og:url\" content=\"https:\/\/www.silentblocks.com\/es\/producto\/6-silentblocs-essieu-arriere-honda-3\/\" \/>\n<meta property=\"og:site_name\" content=\"SILENT BLOCKS\" \/>\n<meta property=\"article:modified_time\" content=\"2026-04-15T16:58:01+00:00\" \/>\n<meta property=\"og:image\" content=\"https:\/\/www.silentblocks.com\/wp-content\/uploads\/2026\/02\/S103B2020A-2.png\" \/>\n\t<meta property=\"og:image:width\" content=\"800\" \/>\n\t<meta property=\"og:image:height\" content=\"800\" \/>\n\t<meta property=\"og:image:type\" content=\"image\/png\" \/>\n<meta name=\"twitter:card\" content=\"summary_large_image\" \/>\n<meta name=\"twitter:label1\" content=\"Tiempo de lectura\" \/>\n\t<meta name=\"twitter:data1\" content=\"1 minuto\" \/>\n<script type=\"application\/ld+json\" class=\"yoast-schema-graph\">{\"@context\":\"https:\\\/\\\/schema.org\",\"@graph\":[{\"@type\":\"WebPage\",\"@id\":\"https:\\\/\\\/www.silentblocks.com\\\/es\\\/producto\\\/6-silentblocs-essieu-arriere-honda-3\\\/\",\"url\":\"https:\\\/\\\/www.silentblocks.com\\\/es\\\/producto\\\/6-silentblocs-essieu-arriere-honda-3\\\/\",\"name\":\"Silentblocks para soporte diferencial trasero, Honda Civic, CR-V, HR-V, Jazz, Concerto - SILENT BLOCKS\",\"isPartOf\":{\"@id\":\"https:\\\/\\\/www.silentblocks.com\\\/es\\\/#website\"},\"primaryImageOfPage\":{\"@id\":\"https:\\\/\\\/www.silentblocks.com\\\/es\\\/producto\\\/6-silentblocs-essieu-arriere-honda-3\\\/#primaryimage\"},\"image\":{\"@id\":\"https:\\\/\\\/www.silentblocks.com\\\/es\\\/producto\\\/6-silentblocs-essieu-arriere-honda-3\\\/#primaryimage\"},\"thumbnailUrl\":\"https:\\\/\\\/www.silentblocks.com\\\/wp-content\\\/uploads\\\/2026\\\/02\\\/S103B2020A-2.png\",\"datePublished\":\"2023-04-26T22:58:00+00:00\",\"dateModified\":\"2026-04-15T16:58:01+00:00\",\"description\":\"Silentblocks soporte diferencial trasero Honda Civic, CR-V, HR-V, Jazz, Concerto, compatible OEM 50711-SH9-020, 50711-S9A-000, 50711-SCW-A01, 50711-SH9-010\",\"breadcrumb\":{\"@id\":\"https:\\\/\\\/www.silentblocks.com\\\/es\\\/producto\\\/6-silentblocs-essieu-arriere-honda-3\\\/#breadcrumb\"},\"inLanguage\":\"es\",\"potentialAction\":[{\"@type\":\"ReadAction\",\"target\":[\"https:\\\/\\\/www.silentblocks.com\\\/es\\\/producto\\\/6-silentblocs-essieu-arriere-honda-3\\\/\"]}]},{\"@type\":\"ImageObject\",\"inLanguage\":\"es\",\"@id\":\"https:\\\/\\\/www.silentblocks.com\\\/es\\\/producto\\\/6-silentblocs-essieu-arriere-honda-3\\\/#primaryimage\",\"url\":\"https:\\\/\\\/www.silentblocks.com\\\/wp-content\\\/uploads\\\/2026\\\/02\\\/S103B2020A-2.png\",\"contentUrl\":\"https:\\\/\\\/www.silentblocks.com\\\/wp-content\\\/uploads\\\/2026\\\/02\\\/S103B2020A-2.png\",\"width\":800,\"height\":800},{\"@type\":\"BreadcrumbList\",\"@id\":\"https:\\\/\\\/www.silentblocks.com\\\/es\\\/producto\\\/6-silentblocs-essieu-arriere-honda-3\\\/#breadcrumb\",\"itemListElement\":[{\"@type\":\"ListItem\",\"position\":1,\"name\":\"In\u00edcio\",\"item\":\"https:\\\/\\\/www.silentblocks.com\\\/es\\\/\"},{\"@type\":\"ListItem\",\"position\":2,\"name\":\"Page boutique\",\"item\":\"https:\\\/\\\/www.silentblocks.com\\\/es\\\/shop-2\\\/\"},{\"@type\":\"ListItem\",\"position\":3,\"name\":\"Silentblocks para soporte diferencial trasero, Honda Civic, CR-V, HR-V, Jazz, Concerto\"}]},{\"@type\":\"WebSite\",\"@id\":\"https:\\\/\\\/www.silentblocks.com\\\/es\\\/#website\",\"url\":\"https:\\\/\\\/www.silentblocks.com\\\/es\\\/\",\"name\":\"SILENTBLOCKS\",\"description\":\"Secure on the road\",\"publisher\":{\"@id\":\"https:\\\/\\\/www.silentblocks.com\\\/es\\\/#organization\"},\"potentialAction\":[{\"@type\":\"SearchAction\",\"target\":{\"@type\":\"EntryPoint\",\"urlTemplate\":\"https:\\\/\\\/www.silentblocks.com\\\/es\\\/?s={search_term_string}\"},\"query-input\":{\"@type\":\"PropertyValueSpecification\",\"valueRequired\":true,\"valueName\":\"search_term_string\"}}],\"inLanguage\":\"es\"},{\"@type\":\"Organization\",\"@id\":\"https:\\\/\\\/www.silentblocks.com\\\/es\\\/#organization\",\"name\":\"SILENTBLOCKS\",\"url\":\"https:\\\/\\\/www.silentblocks.com\\\/es\\\/\",\"logo\":{\"@type\":\"ImageObject\",\"inLanguage\":\"es\",\"@id\":\"https:\\\/\\\/www.silentblocks.com\\\/es\\\/#\\\/schema\\\/logo\\\/image\\\/\",\"url\":\"https:\\\/\\\/www.silentblocks.com\\\/wp-content\\\/uploads\\\/2023\\\/07\\\/logo211-sem-fundo_2012-PARA-BOUTIQUE-EBAY.png\",\"contentUrl\":\"https:\\\/\\\/www.silentblocks.com\\\/wp-content\\\/uploads\\\/2023\\\/07\\\/logo211-sem-fundo_2012-PARA-BOUTIQUE-EBAY.png\",\"width\":300,\"height\":190,\"caption\":\"SILENTBLOCKS\"},\"image\":{\"@id\":\"https:\\\/\\\/www.silentblocks.com\\\/es\\\/#\\\/schema\\\/logo\\\/image\\\/\"}}]}<\/script>\n<!-- \/ Yoast SEO Premium plugin. -->","yoast_head_json":{"title":"Silentblocks para soporte diferencial trasero, Honda Civic, CR-V, HR-V, Jazz, Concerto - SILENT BLOCKS","description":"Silentblocks soporte diferencial trasero Honda Civic, CR-V, HR-V, Jazz, Concerto, compatible OEM 50711-SH9-020, 50711-S9A-000, 50711-SCW-A01, 50711-SH9-010","robots":{"index":"index","follow":"follow","max-snippet":"max-snippet:-1","max-image-preview":"max-image-preview:large","max-video-preview":"max-video-preview:-1"},"canonical":"https:\/\/www.silentblocks.com\/es\/producto\/6-silentblocs-essieu-arriere-honda-3\/","og_locale":"es_ES","og_type":"article","og_title":"Silentblocks para soporte diferencial trasero, Honda Civic, CR-V, HR-V, Jazz, Concerto","og_description":"Silentblocks soporte diferencial trasero Honda Civic, CR-V, HR-V, Jazz, Concerto, compatible OEM 50711-SH9-020, 50711-S9A-000, 50711-SCW-A01, 50711-SH9-010","og_url":"https:\/\/www.silentblocks.com\/es\/producto\/6-silentblocs-essieu-arriere-honda-3\/","og_site_name":"SILENT BLOCKS","article_modified_time":"2026-04-15T16:58:01+00:00","og_image":[{"width":800,"height":800,"url":"https:\/\/www.silentblocks.com\/wp-content\/uploads\/2026\/02\/S103B2020A-2.png","type":"image\/png"}],"twitter_card":"summary_large_image","twitter_misc":{"Tiempo de lectura":"1 minuto"},"schema":{"@context":"https:\/\/schema.org","@graph":[{"@type":"WebPage","@id":"https:\/\/www.silentblocks.com\/es\/producto\/6-silentblocs-essieu-arriere-honda-3\/","url":"https:\/\/www.silentblocks.com\/es\/producto\/6-silentblocs-essieu-arriere-honda-3\/","name":"Silentblocks para soporte diferencial trasero, Honda Civic, CR-V, HR-V, Jazz, Concerto - SILENT BLOCKS","isPartOf":{"@id":"https:\/\/www.silentblocks.com\/es\/#website"},"primaryImageOfPage":{"@id":"https:\/\/www.silentblocks.com\/es\/producto\/6-silentblocs-essieu-arriere-honda-3\/#primaryimage"},"image":{"@id":"https:\/\/www.silentblocks.com\/es\/producto\/6-silentblocs-essieu-arriere-honda-3\/#primaryimage"},"thumbnailUrl":"https:\/\/www.silentblocks.com\/wp-content\/uploads\/2026\/02\/S103B2020A-2.png","datePublished":"2023-04-26T22:58:00+00:00","dateModified":"2026-04-15T16:58:01+00:00","description":"Silentblocks soporte diferencial trasero Honda Civic, CR-V, HR-V, Jazz, Concerto, compatible OEM 50711-SH9-020, 50711-S9A-000, 50711-SCW-A01, 50711-SH9-010","breadcrumb":{"@id":"https:\/\/www.silentblocks.com\/es\/producto\/6-silentblocs-essieu-arriere-honda-3\/#breadcrumb"},"inLanguage":"es","potentialAction":[{"@type":"ReadAction","target":["https:\/\/www.silentblocks.com\/es\/producto\/6-silentblocs-essieu-arriere-honda-3\/"]}]},{"@type":"ImageObject","inLanguage":"es","@id":"https:\/\/www.silentblocks.com\/es\/producto\/6-silentblocs-essieu-arriere-honda-3\/#primaryimage","url":"https:\/\/www.silentblocks.com\/wp-content\/uploads\/2026\/02\/S103B2020A-2.png","contentUrl":"https:\/\/www.silentblocks.com\/wp-content\/uploads\/2026\/02\/S103B2020A-2.png","width":800,"height":800},{"@type":"BreadcrumbList","@id":"https:\/\/www.silentblocks.com\/es\/producto\/6-silentblocs-essieu-arriere-honda-3\/#breadcrumb","itemListElement":[{"@type":"ListItem","position":1,"name":"In\u00edcio","item":"https:\/\/www.silentblocks.com\/es\/"},{"@type":"ListItem","position":2,"name":"Page boutique","item":"https:\/\/www.silentblocks.com\/es\/shop-2\/"},{"@type":"ListItem","position":3,"name":"Silentblocks para soporte diferencial trasero, Honda Civic, CR-V, HR-V, Jazz, Concerto"}]},{"@type":"WebSite","@id":"https:\/\/www.silentblocks.com\/es\/#website","url":"https:\/\/www.silentblocks.com\/es\/","name":"SILENTBLOCKS","description":"Secure on the road","publisher":{"@id":"https:\/\/www.silentblocks.com\/es\/#organization"},"potentialAction":[{"@type":"SearchAction","target":{"@type":"EntryPoint","urlTemplate":"https:\/\/www.silentblocks.com\/es\/?s={search_term_string}"},"query-input":{"@type":"PropertyValueSpecification","valueRequired":true,"valueName":"search_term_string"}}],"inLanguage":"es"},{"@type":"Organization","@id":"https:\/\/www.silentblocks.com\/es\/#organization","name":"SILENTBLOCKS","url":"https:\/\/www.silentblocks.com\/es\/","logo":{"@type":"ImageObject","inLanguage":"es","@id":"https:\/\/www.silentblocks.com\/es\/#\/schema\/logo\/image\/","url":"https:\/\/www.silentblocks.com\/wp-content\/uploads\/2023\/07\/logo211-sem-fundo_2012-PARA-BOUTIQUE-EBAY.png","contentUrl":"https:\/\/www.silentblocks.com\/wp-content\/uploads\/2023\/07\/logo211-sem-fundo_2012-PARA-BOUTIQUE-EBAY.png","width":300,"height":190,"caption":"SILENTBLOCKS"},"image":{"@id":"https:\/\/www.silentblocks.com\/es\/#\/schema\/logo\/image\/"}}]}},"_links":{"self":[{"href":"https:\/\/www.silentblocks.com\/es\/wp-json\/wp\/v2\/product\/80758","targetHints":{"allow":["GET"]}}],"collection":[{"href":"https:\/\/www.silentblocks.com\/es\/wp-json\/wp\/v2\/product"}],"about":[{"href":"https:\/\/www.silentblocks.com\/es\/wp-json\/wp\/v2\/types\/product"}],"version-history":[{"count":1,"href":"https:\/\/www.silentblocks.com\/es\/wp-json\/wp\/v2\/product\/80758\/revisions"}],"predecessor-version":[{"id":137352,"href":"https:\/\/www.silentblocks.com\/es\/wp-json\/wp\/v2\/product\/80758\/revisions\/137352"}],"wp:featuredmedia":[{"embeddable":true,"href":"https:\/\/www.silentblocks.com\/es\/wp-json\/wp\/v2\/media\/122705"}],"wp:attachment":[{"href":"https:\/\/www.silentblocks.com\/es\/wp-json\/wp\/v2\/media?parent=80758"}],"wp:term":[{"taxonomy":"product_brand","embeddable":true,"href":"https:\/\/www.silentblocks.com\/es\/wp-json\/wp\/v2\/product_brand?post=80758"},{"taxonomy":"product_cat","embeddable":true,"href":"https:\/\/www.silentblocks.com\/es\/wp-json\/wp\/v2\/product_cat?post=80758"},{"taxonomy":"product_tag","embeddable":true,"href":"https:\/\/www.silentblocks.com\/es\/wp-json\/wp\/v2\/product_tag?post=80758"}],"curies":[{"name":"wp","href":"https:\/\/api.w.org\/{rel}","templated":true}]}}