{"id":81034,"date":"2023-04-26T22:57:33","date_gmt":"2023-04-26T22:57:33","guid":{"rendered":"https:\/\/www.silentblocks.com\/product\/rover-75-2-soportes-frontal-dos-soportes\/"},"modified":"2026-02-17T21:17:32","modified_gmt":"2026-02-17T21:17:32","slug":"rover-75-2-soportes-frontal-dos-soportes","status":"publish","type":"product","link":"https:\/\/www.silentblocks.com\/es\/producto\/rover-75-2-soportes-frontal-dos-soportes\/","title":{"rendered":"Soportes delanteros de dos brazos para Rover 75"},"content":{"rendered":"<p>Kit de 2 soportes de horquilla de suspensi\u00f3n delantera para:<\/p>\n<table>\n<tbody>\n<tr>\n<td>ROVER 75 (RJ) 2.0 V6<\/td>\n<td>02\/1999 &#8211; 05\/2005<\/td>\n<td>110 kW (150 CV)<\/td>\n<td>1997 ccm<\/td>\n<td>2055-452<\/td>\n<\/tr>\n<tr>\n<td>ROVER 75 (RJ) 1.8<\/td>\n<td>02\/1999 &#8211; 05\/2005<\/td>\n<td>88 kW (120 CV)<\/td>\n<td>1796 cm3<\/td>\n<td>2055-451<\/td>\n<\/tr>\n<tr>\n<td>ROVER 75 (RJ) 2.0 CDT<\/td>\n<td>02\/1999 &#8211; 05\/2005<\/td>\n<td>85 kW (115 CV)<\/td>\n<td>1950 ccm<\/td>\n<td>2055-454<\/td>\n<\/tr>\n<tr>\n<td>ROVER 75 (RJ) 2.5 V6<\/td>\n<td>02\/1999 &#8211; 10\/2001<\/td>\n<td>129 kW (175 CV)<\/td>\n<td>2497 cm\u00b3<\/td>\n<td>2055-453<\/td>\n<\/tr>\n<tr>\n<td>MG MG ZT- T 2.0 CDTi<\/td>\n<td>11\/2002 &#8211; 07\/2005<\/td>\n<td>96 kW (131 CV)<\/td>\n<td>1951 ccm<\/td>\n<td>2142-342<\/td>\n<\/tr>\n<tr>\n<td>ROVER 75 Tourer (RJ) 2.5 V6<\/td>\n<td>08\/2001 &#8211; 05\/2005<\/td>\n<td>130 kW (177 CV)<\/td>\n<td>2497 cm\u00b3<\/td>\n<td>2142-326<\/td>\n<\/tr>\n<tr>\n<td>MG MG ZT- T 190<\/td>\n<td>10\/2001 &#8211; 07\/2005<\/td>\n<td>140 kW (190 CV)<\/td>\n<td>2497 cm\u00b3<\/td>\n<td>2142-335<\/td>\n<\/tr>\n<tr>\n<td>MG MG ZT 2.0 CDTi<\/td>\n<td>11\/2002 &#8211; 07\/2005<\/td>\n<td>96 kW (131 CV)<\/td>\n<td>1951 ccm<\/td>\n<td>2142-341<\/td>\n<\/tr>\n<tr>\n<td>MG MG ZT 190<\/td>\n<td>06\/2001 &#8211; 07\/2005<\/td>\n<td>140 kW (190 CV)<\/td>\n<td>2497 cm\u00b3<\/td>\n<td>2142-334<\/td>\n<\/tr>\n<tr>\n<td>ROVER 75 (RJ) 2.5 V6<\/td>\n<td>10\/2001 &#8211; 05\/2005<\/td>\n<td>130 kW (177 CV)<\/td>\n<td>2497 cm\u00b3<\/td>\n<td>2142-302<\/td>\n<\/tr>\n<tr>\n<td>ROVER 75 Tourer (RJ) 2.0 V6<\/td>\n<td>08\/2001 &#8211; 05\/2005<\/td>\n<td>110 kW (150 CV)<\/td>\n<td>1997 ccm<\/td>\n<td>2142-325<\/td>\n<\/tr>\n<tr>\n<td>ROVER 75 Tourer (RJ) 1.8<\/td>\n<td>08\/2001 &#8211; 05\/2005<\/td>\n<td>88 kW (120 CV)<\/td>\n<td>1796 cm3<\/td>\n<td>2142-324<\/td>\n<\/tr>\n<tr>\n<td>MG MG ZT- T 2.0 CDTi<\/td>\n<td>06\/2002 &#8211; 07\/2005<\/td>\n<td>85 kW (116 CV)<\/td>\n<td>1951 ccm<\/td>\n<td>2142-327<\/td>\n<\/tr>\n<tr>\n<td>ROVER 75 Tourer (RJ) 2.0 CDT<\/td>\n<td>08\/2001 &#8211; 05\/2005<\/td>\n<td>85 kW (115 CV)<\/td>\n<td>1950 ccm<\/td>\n<td>2142-327<\/td>\n<\/tr>\n<tr>\n<td>ROVER 75 Tourer (RJ) 2.0 CDTi<\/td>\n<td>02\/2003 &#8211; 05\/2005<\/td>\n<td>96 kW (131 CV)<\/td>\n<td>1951 ccm<\/td>\n<td>2142-342<\/td>\n<\/tr>\n<\/tbody>\n<\/table>\n<p>Referencias del fabricante (c\u00f3digo OEM) s\u00f3lo a t\u00edtulo informativo :<br \/>\nRBX 101761 SLP, RBX101762, RBX101770, RBX101771<\/p>\n<p>Piezas nuevas, se vende con factura. Todos nuestros productos tienen 2 a\u00f1os de garant\u00eda.<\/p>\n","protected":false},"excerpt":{"rendered":"<p>Dos soportes para dos brazos delanteros, para Rover 75<\/p>\n","protected":false},"featured_media":122291,"template":"","meta":[],"product_brand":[],"product_cat":[2229,3492],"product_tag":[],"class_list":{"0":"post-81034","1":"product","2":"type-product","3":"status-publish","4":"has-post-thumbnail","6":"product_cat-rover-es","7":"product_cat-75-es-2","9":"first","10":"instock","11":"shipping-taxable","12":"purchasable","13":"product-type-simple"},"yoast_head":"<!-- This site is optimized with the Yoast SEO Premium plugin v23.0 (Yoast SEO v27.4) - https:\/\/yoast.com\/product\/yoast-seo-premium-wordpress\/ -->\n<title>Soportes delanteros de dos brazos para Rover 75 - SILENT BLOCKS<\/title>\n<meta name=\"description\" content=\"Soportes de brazo delantero para Rover 75 compatible con OEMRBX 101761 SLP, RBX101762, RBX101770, RBX101771\" \/>\n<meta name=\"robots\" content=\"index, follow, max-snippet:-1, max-image-preview:large, max-video-preview:-1\" \/>\n<link rel=\"canonical\" href=\"https:\/\/www.silentblocks.com\/es\/producto\/rover-75-2-soportes-frontal-dos-soportes\/\" \/>\n<meta property=\"og:locale\" content=\"es_ES\" \/>\n<meta property=\"og:type\" content=\"article\" \/>\n<meta property=\"og:title\" content=\"Soportes delanteros de dos brazos para Rover 75\" \/>\n<meta property=\"og:description\" content=\"Soportes de brazo delantero para Rover 75 compatible con OEMRBX 101761 SLP, RBX101762, RBX101770, RBX101771\" \/>\n<meta property=\"og:url\" content=\"https:\/\/www.silentblocks.com\/es\/producto\/rover-75-2-soportes-frontal-dos-soportes\/\" \/>\n<meta property=\"og:site_name\" content=\"SILENT BLOCKS\" \/>\n<meta property=\"article:modified_time\" content=\"2026-02-17T21:17:32+00:00\" \/>\n<meta property=\"og:image\" content=\"https:\/\/www.silentblocks.com\/wp-content\/uploads\/2026\/02\/rover-75-support-bras-avant-complet-2.jpg\" \/>\n\t<meta property=\"og:image:width\" content=\"800\" \/>\n\t<meta property=\"og:image:height\" content=\"800\" \/>\n\t<meta property=\"og:image:type\" content=\"image\/jpeg\" \/>\n<meta name=\"twitter:card\" content=\"summary_large_image\" \/>\n<meta name=\"twitter:label1\" content=\"Tiempo de lectura\" \/>\n\t<meta name=\"twitter:data1\" content=\"1 minuto\" \/>\n<script type=\"application\/ld+json\" class=\"yoast-schema-graph\">{\"@context\":\"https:\\\/\\\/schema.org\",\"@graph\":[{\"@type\":\"WebPage\",\"@id\":\"https:\\\/\\\/www.silentblocks.com\\\/es\\\/producto\\\/rover-75-2-soportes-frontal-dos-soportes\\\/\",\"url\":\"https:\\\/\\\/www.silentblocks.com\\\/es\\\/producto\\\/rover-75-2-soportes-frontal-dos-soportes\\\/\",\"name\":\"Soportes delanteros de dos brazos para Rover 75 - SILENT BLOCKS\",\"isPartOf\":{\"@id\":\"https:\\\/\\\/www.silentblocks.com\\\/es\\\/#website\"},\"primaryImageOfPage\":{\"@id\":\"https:\\\/\\\/www.silentblocks.com\\\/es\\\/producto\\\/rover-75-2-soportes-frontal-dos-soportes\\\/#primaryimage\"},\"image\":{\"@id\":\"https:\\\/\\\/www.silentblocks.com\\\/es\\\/producto\\\/rover-75-2-soportes-frontal-dos-soportes\\\/#primaryimage\"},\"thumbnailUrl\":\"https:\\\/\\\/www.silentblocks.com\\\/wp-content\\\/uploads\\\/2026\\\/02\\\/rover-75-support-bras-avant-complet-2.jpg\",\"datePublished\":\"2023-04-26T22:57:33+00:00\",\"dateModified\":\"2026-02-17T21:17:32+00:00\",\"description\":\"Soportes de brazo delantero para Rover 75 compatible con OEMRBX 101761 SLP, RBX101762, RBX101770, RBX101771\",\"breadcrumb\":{\"@id\":\"https:\\\/\\\/www.silentblocks.com\\\/es\\\/producto\\\/rover-75-2-soportes-frontal-dos-soportes\\\/#breadcrumb\"},\"inLanguage\":\"es\",\"potentialAction\":[{\"@type\":\"ReadAction\",\"target\":[\"https:\\\/\\\/www.silentblocks.com\\\/es\\\/producto\\\/rover-75-2-soportes-frontal-dos-soportes\\\/\"]}]},{\"@type\":\"ImageObject\",\"inLanguage\":\"es\",\"@id\":\"https:\\\/\\\/www.silentblocks.com\\\/es\\\/producto\\\/rover-75-2-soportes-frontal-dos-soportes\\\/#primaryimage\",\"url\":\"https:\\\/\\\/www.silentblocks.com\\\/wp-content\\\/uploads\\\/2026\\\/02\\\/rover-75-support-bras-avant-complet-2.jpg\",\"contentUrl\":\"https:\\\/\\\/www.silentblocks.com\\\/wp-content\\\/uploads\\\/2026\\\/02\\\/rover-75-support-bras-avant-complet-2.jpg\",\"width\":800,\"height\":800},{\"@type\":\"BreadcrumbList\",\"@id\":\"https:\\\/\\\/www.silentblocks.com\\\/es\\\/producto\\\/rover-75-2-soportes-frontal-dos-soportes\\\/#breadcrumb\",\"itemListElement\":[{\"@type\":\"ListItem\",\"position\":1,\"name\":\"In\u00edcio\",\"item\":\"https:\\\/\\\/www.silentblocks.com\\\/es\\\/\"},{\"@type\":\"ListItem\",\"position\":2,\"name\":\"Page boutique\",\"item\":\"https:\\\/\\\/www.silentblocks.com\\\/es\\\/shop-2\\\/\"},{\"@type\":\"ListItem\",\"position\":3,\"name\":\"Soportes delanteros de dos brazos para Rover 75\"}]},{\"@type\":\"WebSite\",\"@id\":\"https:\\\/\\\/www.silentblocks.com\\\/es\\\/#website\",\"url\":\"https:\\\/\\\/www.silentblocks.com\\\/es\\\/\",\"name\":\"SILENTBLOCKS\",\"description\":\"Secure on the road\",\"publisher\":{\"@id\":\"https:\\\/\\\/www.silentblocks.com\\\/es\\\/#organization\"},\"potentialAction\":[{\"@type\":\"SearchAction\",\"target\":{\"@type\":\"EntryPoint\",\"urlTemplate\":\"https:\\\/\\\/www.silentblocks.com\\\/es\\\/?s={search_term_string}\"},\"query-input\":{\"@type\":\"PropertyValueSpecification\",\"valueRequired\":true,\"valueName\":\"search_term_string\"}}],\"inLanguage\":\"es\"},{\"@type\":\"Organization\",\"@id\":\"https:\\\/\\\/www.silentblocks.com\\\/es\\\/#organization\",\"name\":\"SILENTBLOCKS\",\"url\":\"https:\\\/\\\/www.silentblocks.com\\\/es\\\/\",\"logo\":{\"@type\":\"ImageObject\",\"inLanguage\":\"es\",\"@id\":\"https:\\\/\\\/www.silentblocks.com\\\/es\\\/#\\\/schema\\\/logo\\\/image\\\/\",\"url\":\"https:\\\/\\\/www.silentblocks.com\\\/wp-content\\\/uploads\\\/2023\\\/07\\\/logo211-sem-fundo_2012-PARA-BOUTIQUE-EBAY.png\",\"contentUrl\":\"https:\\\/\\\/www.silentblocks.com\\\/wp-content\\\/uploads\\\/2023\\\/07\\\/logo211-sem-fundo_2012-PARA-BOUTIQUE-EBAY.png\",\"width\":300,\"height\":190,\"caption\":\"SILENTBLOCKS\"},\"image\":{\"@id\":\"https:\\\/\\\/www.silentblocks.com\\\/es\\\/#\\\/schema\\\/logo\\\/image\\\/\"}}]}<\/script>\n<!-- \/ Yoast SEO Premium plugin. -->","yoast_head_json":{"title":"Soportes delanteros de dos brazos para Rover 75 - SILENT BLOCKS","description":"Soportes de brazo delantero para Rover 75 compatible con OEMRBX 101761 SLP, RBX101762, RBX101770, RBX101771","robots":{"index":"index","follow":"follow","max-snippet":"max-snippet:-1","max-image-preview":"max-image-preview:large","max-video-preview":"max-video-preview:-1"},"canonical":"https:\/\/www.silentblocks.com\/es\/producto\/rover-75-2-soportes-frontal-dos-soportes\/","og_locale":"es_ES","og_type":"article","og_title":"Soportes delanteros de dos brazos para Rover 75","og_description":"Soportes de brazo delantero para Rover 75 compatible con OEMRBX 101761 SLP, RBX101762, RBX101770, RBX101771","og_url":"https:\/\/www.silentblocks.com\/es\/producto\/rover-75-2-soportes-frontal-dos-soportes\/","og_site_name":"SILENT BLOCKS","article_modified_time":"2026-02-17T21:17:32+00:00","og_image":[{"width":800,"height":800,"url":"https:\/\/www.silentblocks.com\/wp-content\/uploads\/2026\/02\/rover-75-support-bras-avant-complet-2.jpg","type":"image\/jpeg"}],"twitter_card":"summary_large_image","twitter_misc":{"Tiempo de lectura":"1 minuto"},"schema":{"@context":"https:\/\/schema.org","@graph":[{"@type":"WebPage","@id":"https:\/\/www.silentblocks.com\/es\/producto\/rover-75-2-soportes-frontal-dos-soportes\/","url":"https:\/\/www.silentblocks.com\/es\/producto\/rover-75-2-soportes-frontal-dos-soportes\/","name":"Soportes delanteros de dos brazos para Rover 75 - SILENT BLOCKS","isPartOf":{"@id":"https:\/\/www.silentblocks.com\/es\/#website"},"primaryImageOfPage":{"@id":"https:\/\/www.silentblocks.com\/es\/producto\/rover-75-2-soportes-frontal-dos-soportes\/#primaryimage"},"image":{"@id":"https:\/\/www.silentblocks.com\/es\/producto\/rover-75-2-soportes-frontal-dos-soportes\/#primaryimage"},"thumbnailUrl":"https:\/\/www.silentblocks.com\/wp-content\/uploads\/2026\/02\/rover-75-support-bras-avant-complet-2.jpg","datePublished":"2023-04-26T22:57:33+00:00","dateModified":"2026-02-17T21:17:32+00:00","description":"Soportes de brazo delantero para Rover 75 compatible con OEMRBX 101761 SLP, RBX101762, RBX101770, RBX101771","breadcrumb":{"@id":"https:\/\/www.silentblocks.com\/es\/producto\/rover-75-2-soportes-frontal-dos-soportes\/#breadcrumb"},"inLanguage":"es","potentialAction":[{"@type":"ReadAction","target":["https:\/\/www.silentblocks.com\/es\/producto\/rover-75-2-soportes-frontal-dos-soportes\/"]}]},{"@type":"ImageObject","inLanguage":"es","@id":"https:\/\/www.silentblocks.com\/es\/producto\/rover-75-2-soportes-frontal-dos-soportes\/#primaryimage","url":"https:\/\/www.silentblocks.com\/wp-content\/uploads\/2026\/02\/rover-75-support-bras-avant-complet-2.jpg","contentUrl":"https:\/\/www.silentblocks.com\/wp-content\/uploads\/2026\/02\/rover-75-support-bras-avant-complet-2.jpg","width":800,"height":800},{"@type":"BreadcrumbList","@id":"https:\/\/www.silentblocks.com\/es\/producto\/rover-75-2-soportes-frontal-dos-soportes\/#breadcrumb","itemListElement":[{"@type":"ListItem","position":1,"name":"In\u00edcio","item":"https:\/\/www.silentblocks.com\/es\/"},{"@type":"ListItem","position":2,"name":"Page boutique","item":"https:\/\/www.silentblocks.com\/es\/shop-2\/"},{"@type":"ListItem","position":3,"name":"Soportes delanteros de dos brazos para Rover 75"}]},{"@type":"WebSite","@id":"https:\/\/www.silentblocks.com\/es\/#website","url":"https:\/\/www.silentblocks.com\/es\/","name":"SILENTBLOCKS","description":"Secure on the road","publisher":{"@id":"https:\/\/www.silentblocks.com\/es\/#organization"},"potentialAction":[{"@type":"SearchAction","target":{"@type":"EntryPoint","urlTemplate":"https:\/\/www.silentblocks.com\/es\/?s={search_term_string}"},"query-input":{"@type":"PropertyValueSpecification","valueRequired":true,"valueName":"search_term_string"}}],"inLanguage":"es"},{"@type":"Organization","@id":"https:\/\/www.silentblocks.com\/es\/#organization","name":"SILENTBLOCKS","url":"https:\/\/www.silentblocks.com\/es\/","logo":{"@type":"ImageObject","inLanguage":"es","@id":"https:\/\/www.silentblocks.com\/es\/#\/schema\/logo\/image\/","url":"https:\/\/www.silentblocks.com\/wp-content\/uploads\/2023\/07\/logo211-sem-fundo_2012-PARA-BOUTIQUE-EBAY.png","contentUrl":"https:\/\/www.silentblocks.com\/wp-content\/uploads\/2023\/07\/logo211-sem-fundo_2012-PARA-BOUTIQUE-EBAY.png","width":300,"height":190,"caption":"SILENTBLOCKS"},"image":{"@id":"https:\/\/www.silentblocks.com\/es\/#\/schema\/logo\/image\/"}}]}},"_links":{"self":[{"href":"https:\/\/www.silentblocks.com\/es\/wp-json\/wp\/v2\/product\/81034","targetHints":{"allow":["GET"]}}],"collection":[{"href":"https:\/\/www.silentblocks.com\/es\/wp-json\/wp\/v2\/product"}],"about":[{"href":"https:\/\/www.silentblocks.com\/es\/wp-json\/wp\/v2\/types\/product"}],"version-history":[{"count":0,"href":"https:\/\/www.silentblocks.com\/es\/wp-json\/wp\/v2\/product\/81034\/revisions"}],"wp:featuredmedia":[{"embeddable":true,"href":"https:\/\/www.silentblocks.com\/es\/wp-json\/wp\/v2\/media\/122291"}],"wp:attachment":[{"href":"https:\/\/www.silentblocks.com\/es\/wp-json\/wp\/v2\/media?parent=81034"}],"wp:term":[{"taxonomy":"product_brand","embeddable":true,"href":"https:\/\/www.silentblocks.com\/es\/wp-json\/wp\/v2\/product_brand?post=81034"},{"taxonomy":"product_cat","embeddable":true,"href":"https:\/\/www.silentblocks.com\/es\/wp-json\/wp\/v2\/product_cat?post=81034"},{"taxonomy":"product_tag","embeddable":true,"href":"https:\/\/www.silentblocks.com\/es\/wp-json\/wp\/v2\/product_tag?post=81034"}],"curies":[{"name":"wp","href":"https:\/\/api.w.org\/{rel}","templated":true}]}}