{"id":81836,"date":"2023-04-26T22:56:22","date_gmt":"2023-04-26T22:56:22","guid":{"rendered":"https:\/\/www.silentblocks.com\/product\/2-bloques-silenciosos-barra-estabilizadora-frontal-6\/"},"modified":"2026-02-17T21:19:44","modified_gmt":"2026-02-17T21:19:44","slug":"2-bloques-silenciosos-barra-estabilizadora-frontal-6","status":"publish","type":"product","link":"https:\/\/www.silentblocks.com\/es\/producto\/2-bloques-silenciosos-barra-estabilizadora-frontal-6\/","title":{"rendered":"Bujes barra estabilizadora delantera, Koleos, Juke, Qashqai, X-Trail T32"},"content":{"rendered":"<p>2 Casquillos para barra estabilizadora delantera, compatible con los siguientes veh\u00edculos:<br \/>\nRenault Koleos (2008-)<br \/>\nNissan Juke F15 (2010-)<br \/>\nNissan Qashqai +2 JJ10E (2008-2013)<br \/>\nNissan Qashqai J10E (2006-2013)<br \/>\nNissan X-Trail T32 (2014-)<\/p>\n<p>Referencias del fabricante (c\u00f3digo OEM) s\u00f3lo a t\u00edtulo informativo :<br \/>\n54613-JG03A, 54613-JG03A,54613-JD03B,54613-JG03A,54613-HZ30A<\/p>\n<p>Piezas nuevas, se vende con factura. Todos nuestros productos tienen 2 a\u00f1os de garant\u00eda.<\/p>\n","protected":false},"excerpt":{"rendered":"<p>2 Silentblocks de barra estabilizadora delantera para Nissan Qashqai, Juke, X-Trail \/ Renault Koleos<\/p>\n","protected":false},"featured_media":121277,"template":"","meta":[],"product_brand":[],"product_cat":[2214,3178,3237,5683,2226,3414],"product_tag":[],"class_list":{"0":"post-81836","1":"product","2":"type-product","3":"status-publish","4":"has-post-thumbnail","6":"product_cat-nissan-es","7":"product_cat-juke-es","8":"product_cat-qashqai-es-2","9":"product_cat-x-trail-t32-es","10":"product_cat-renault-es","11":"product_cat-koleos-es","13":"first","14":"instock","15":"shipping-taxable","16":"purchasable","17":"product-type-simple"},"yoast_head":"<!-- This site is optimized with the Yoast SEO Premium plugin v23.0 (Yoast SEO v27.4) - https:\/\/yoast.com\/product\/yoast-seo-premium-wordpress\/ -->\n<title>Bujes barra estabilizadora delantera, Koleos, Juke, Qashqai, X-Trail T32 - SILENT BLOCKS<\/title>\n<meta name=\"description\" content=\"Silentblocks barra estabilizadora delantera para Renault Koleos, Nissan Juke, Qashqai, X-Trail T32, compatible con OEM: 54613-JG03A\" \/>\n<meta name=\"robots\" content=\"index, follow, max-snippet:-1, max-image-preview:large, max-video-preview:-1\" \/>\n<link rel=\"canonical\" href=\"https:\/\/www.silentblocks.com\/es\/producto\/2-bloques-silenciosos-barra-estabilizadora-frontal-6\/\" \/>\n<meta property=\"og:locale\" content=\"es_ES\" \/>\n<meta property=\"og:type\" content=\"article\" \/>\n<meta property=\"og:title\" content=\"Bujes barra estabilizadora delantera, Koleos, Juke, Qashqai, X-Trail T32\" \/>\n<meta property=\"og:description\" content=\"Silentblocks barra estabilizadora delantera para Renault Koleos, Nissan Juke, Qashqai, X-Trail T32, compatible con OEM: 54613-JG03A\" \/>\n<meta property=\"og:url\" content=\"https:\/\/www.silentblocks.com\/es\/producto\/2-bloques-silenciosos-barra-estabilizadora-frontal-6\/\" \/>\n<meta property=\"og:site_name\" content=\"SILENT BLOCKS\" \/>\n<meta property=\"article:modified_time\" content=\"2026-02-17T21:19:44+00:00\" \/>\n<meta property=\"og:image\" content=\"https:\/\/www.silentblocks.com\/wp-content\/uploads\/2026\/02\/silentbloc-avant-qashqai-2006-1-2.jpg\" \/>\n\t<meta property=\"og:image:width\" content=\"800\" \/>\n\t<meta property=\"og:image:height\" content=\"800\" \/>\n\t<meta property=\"og:image:type\" content=\"image\/jpeg\" \/>\n<meta name=\"twitter:card\" content=\"summary_large_image\" \/>\n<script type=\"application\/ld+json\" class=\"yoast-schema-graph\">{\"@context\":\"https:\\\/\\\/schema.org\",\"@graph\":[{\"@type\":\"WebPage\",\"@id\":\"https:\\\/\\\/www.silentblocks.com\\\/es\\\/producto\\\/2-bloques-silenciosos-barra-estabilizadora-frontal-6\\\/\",\"url\":\"https:\\\/\\\/www.silentblocks.com\\\/es\\\/producto\\\/2-bloques-silenciosos-barra-estabilizadora-frontal-6\\\/\",\"name\":\"Bujes barra estabilizadora delantera, Koleos, Juke, Qashqai, X-Trail T32 - SILENT BLOCKS\",\"isPartOf\":{\"@id\":\"https:\\\/\\\/www.silentblocks.com\\\/es\\\/#website\"},\"primaryImageOfPage\":{\"@id\":\"https:\\\/\\\/www.silentblocks.com\\\/es\\\/producto\\\/2-bloques-silenciosos-barra-estabilizadora-frontal-6\\\/#primaryimage\"},\"image\":{\"@id\":\"https:\\\/\\\/www.silentblocks.com\\\/es\\\/producto\\\/2-bloques-silenciosos-barra-estabilizadora-frontal-6\\\/#primaryimage\"},\"thumbnailUrl\":\"https:\\\/\\\/www.silentblocks.com\\\/wp-content\\\/uploads\\\/2026\\\/02\\\/silentbloc-avant-qashqai-2006-1-2.jpg\",\"datePublished\":\"2023-04-26T22:56:22+00:00\",\"dateModified\":\"2026-02-17T21:19:44+00:00\",\"description\":\"Silentblocks barra estabilizadora delantera para Renault Koleos, Nissan Juke, Qashqai, X-Trail T32, compatible con OEM: 54613-JG03A\",\"breadcrumb\":{\"@id\":\"https:\\\/\\\/www.silentblocks.com\\\/es\\\/producto\\\/2-bloques-silenciosos-barra-estabilizadora-frontal-6\\\/#breadcrumb\"},\"inLanguage\":\"es\",\"potentialAction\":[{\"@type\":\"ReadAction\",\"target\":[\"https:\\\/\\\/www.silentblocks.com\\\/es\\\/producto\\\/2-bloques-silenciosos-barra-estabilizadora-frontal-6\\\/\"]}]},{\"@type\":\"ImageObject\",\"inLanguage\":\"es\",\"@id\":\"https:\\\/\\\/www.silentblocks.com\\\/es\\\/producto\\\/2-bloques-silenciosos-barra-estabilizadora-frontal-6\\\/#primaryimage\",\"url\":\"https:\\\/\\\/www.silentblocks.com\\\/wp-content\\\/uploads\\\/2026\\\/02\\\/silentbloc-avant-qashqai-2006-1-2.jpg\",\"contentUrl\":\"https:\\\/\\\/www.silentblocks.com\\\/wp-content\\\/uploads\\\/2026\\\/02\\\/silentbloc-avant-qashqai-2006-1-2.jpg\",\"width\":800,\"height\":800},{\"@type\":\"BreadcrumbList\",\"@id\":\"https:\\\/\\\/www.silentblocks.com\\\/es\\\/producto\\\/2-bloques-silenciosos-barra-estabilizadora-frontal-6\\\/#breadcrumb\",\"itemListElement\":[{\"@type\":\"ListItem\",\"position\":1,\"name\":\"In\u00edcio\",\"item\":\"https:\\\/\\\/www.silentblocks.com\\\/es\\\/\"},{\"@type\":\"ListItem\",\"position\":2,\"name\":\"Page boutique\",\"item\":\"https:\\\/\\\/www.silentblocks.com\\\/es\\\/shop-2\\\/\"},{\"@type\":\"ListItem\",\"position\":3,\"name\":\"Bujes barra estabilizadora delantera, Koleos, Juke, Qashqai, X-Trail T32\"}]},{\"@type\":\"WebSite\",\"@id\":\"https:\\\/\\\/www.silentblocks.com\\\/es\\\/#website\",\"url\":\"https:\\\/\\\/www.silentblocks.com\\\/es\\\/\",\"name\":\"SILENTBLOCKS\",\"description\":\"Secure on the road\",\"publisher\":{\"@id\":\"https:\\\/\\\/www.silentblocks.com\\\/es\\\/#organization\"},\"potentialAction\":[{\"@type\":\"SearchAction\",\"target\":{\"@type\":\"EntryPoint\",\"urlTemplate\":\"https:\\\/\\\/www.silentblocks.com\\\/es\\\/?s={search_term_string}\"},\"query-input\":{\"@type\":\"PropertyValueSpecification\",\"valueRequired\":true,\"valueName\":\"search_term_string\"}}],\"inLanguage\":\"es\"},{\"@type\":\"Organization\",\"@id\":\"https:\\\/\\\/www.silentblocks.com\\\/es\\\/#organization\",\"name\":\"SILENTBLOCKS\",\"url\":\"https:\\\/\\\/www.silentblocks.com\\\/es\\\/\",\"logo\":{\"@type\":\"ImageObject\",\"inLanguage\":\"es\",\"@id\":\"https:\\\/\\\/www.silentblocks.com\\\/es\\\/#\\\/schema\\\/logo\\\/image\\\/\",\"url\":\"https:\\\/\\\/www.silentblocks.com\\\/wp-content\\\/uploads\\\/2023\\\/07\\\/logo211-sem-fundo_2012-PARA-BOUTIQUE-EBAY.png\",\"contentUrl\":\"https:\\\/\\\/www.silentblocks.com\\\/wp-content\\\/uploads\\\/2023\\\/07\\\/logo211-sem-fundo_2012-PARA-BOUTIQUE-EBAY.png\",\"width\":300,\"height\":190,\"caption\":\"SILENTBLOCKS\"},\"image\":{\"@id\":\"https:\\\/\\\/www.silentblocks.com\\\/es\\\/#\\\/schema\\\/logo\\\/image\\\/\"}}]}<\/script>\n<!-- \/ Yoast SEO Premium plugin. -->","yoast_head_json":{"title":"Bujes barra estabilizadora delantera, Koleos, Juke, Qashqai, X-Trail T32 - SILENT BLOCKS","description":"Silentblocks barra estabilizadora delantera para Renault Koleos, Nissan Juke, Qashqai, X-Trail T32, compatible con OEM: 54613-JG03A","robots":{"index":"index","follow":"follow","max-snippet":"max-snippet:-1","max-image-preview":"max-image-preview:large","max-video-preview":"max-video-preview:-1"},"canonical":"https:\/\/www.silentblocks.com\/es\/producto\/2-bloques-silenciosos-barra-estabilizadora-frontal-6\/","og_locale":"es_ES","og_type":"article","og_title":"Bujes barra estabilizadora delantera, Koleos, Juke, Qashqai, X-Trail T32","og_description":"Silentblocks barra estabilizadora delantera para Renault Koleos, Nissan Juke, Qashqai, X-Trail T32, compatible con OEM: 54613-JG03A","og_url":"https:\/\/www.silentblocks.com\/es\/producto\/2-bloques-silenciosos-barra-estabilizadora-frontal-6\/","og_site_name":"SILENT BLOCKS","article_modified_time":"2026-02-17T21:19:44+00:00","og_image":[{"width":800,"height":800,"url":"https:\/\/www.silentblocks.com\/wp-content\/uploads\/2026\/02\/silentbloc-avant-qashqai-2006-1-2.jpg","type":"image\/jpeg"}],"twitter_card":"summary_large_image","schema":{"@context":"https:\/\/schema.org","@graph":[{"@type":"WebPage","@id":"https:\/\/www.silentblocks.com\/es\/producto\/2-bloques-silenciosos-barra-estabilizadora-frontal-6\/","url":"https:\/\/www.silentblocks.com\/es\/producto\/2-bloques-silenciosos-barra-estabilizadora-frontal-6\/","name":"Bujes barra estabilizadora delantera, Koleos, Juke, Qashqai, X-Trail T32 - SILENT BLOCKS","isPartOf":{"@id":"https:\/\/www.silentblocks.com\/es\/#website"},"primaryImageOfPage":{"@id":"https:\/\/www.silentblocks.com\/es\/producto\/2-bloques-silenciosos-barra-estabilizadora-frontal-6\/#primaryimage"},"image":{"@id":"https:\/\/www.silentblocks.com\/es\/producto\/2-bloques-silenciosos-barra-estabilizadora-frontal-6\/#primaryimage"},"thumbnailUrl":"https:\/\/www.silentblocks.com\/wp-content\/uploads\/2026\/02\/silentbloc-avant-qashqai-2006-1-2.jpg","datePublished":"2023-04-26T22:56:22+00:00","dateModified":"2026-02-17T21:19:44+00:00","description":"Silentblocks barra estabilizadora delantera para Renault Koleos, Nissan Juke, Qashqai, X-Trail T32, compatible con OEM: 54613-JG03A","breadcrumb":{"@id":"https:\/\/www.silentblocks.com\/es\/producto\/2-bloques-silenciosos-barra-estabilizadora-frontal-6\/#breadcrumb"},"inLanguage":"es","potentialAction":[{"@type":"ReadAction","target":["https:\/\/www.silentblocks.com\/es\/producto\/2-bloques-silenciosos-barra-estabilizadora-frontal-6\/"]}]},{"@type":"ImageObject","inLanguage":"es","@id":"https:\/\/www.silentblocks.com\/es\/producto\/2-bloques-silenciosos-barra-estabilizadora-frontal-6\/#primaryimage","url":"https:\/\/www.silentblocks.com\/wp-content\/uploads\/2026\/02\/silentbloc-avant-qashqai-2006-1-2.jpg","contentUrl":"https:\/\/www.silentblocks.com\/wp-content\/uploads\/2026\/02\/silentbloc-avant-qashqai-2006-1-2.jpg","width":800,"height":800},{"@type":"BreadcrumbList","@id":"https:\/\/www.silentblocks.com\/es\/producto\/2-bloques-silenciosos-barra-estabilizadora-frontal-6\/#breadcrumb","itemListElement":[{"@type":"ListItem","position":1,"name":"In\u00edcio","item":"https:\/\/www.silentblocks.com\/es\/"},{"@type":"ListItem","position":2,"name":"Page boutique","item":"https:\/\/www.silentblocks.com\/es\/shop-2\/"},{"@type":"ListItem","position":3,"name":"Bujes barra estabilizadora delantera, Koleos, Juke, Qashqai, X-Trail T32"}]},{"@type":"WebSite","@id":"https:\/\/www.silentblocks.com\/es\/#website","url":"https:\/\/www.silentblocks.com\/es\/","name":"SILENTBLOCKS","description":"Secure on the road","publisher":{"@id":"https:\/\/www.silentblocks.com\/es\/#organization"},"potentialAction":[{"@type":"SearchAction","target":{"@type":"EntryPoint","urlTemplate":"https:\/\/www.silentblocks.com\/es\/?s={search_term_string}"},"query-input":{"@type":"PropertyValueSpecification","valueRequired":true,"valueName":"search_term_string"}}],"inLanguage":"es"},{"@type":"Organization","@id":"https:\/\/www.silentblocks.com\/es\/#organization","name":"SILENTBLOCKS","url":"https:\/\/www.silentblocks.com\/es\/","logo":{"@type":"ImageObject","inLanguage":"es","@id":"https:\/\/www.silentblocks.com\/es\/#\/schema\/logo\/image\/","url":"https:\/\/www.silentblocks.com\/wp-content\/uploads\/2023\/07\/logo211-sem-fundo_2012-PARA-BOUTIQUE-EBAY.png","contentUrl":"https:\/\/www.silentblocks.com\/wp-content\/uploads\/2023\/07\/logo211-sem-fundo_2012-PARA-BOUTIQUE-EBAY.png","width":300,"height":190,"caption":"SILENTBLOCKS"},"image":{"@id":"https:\/\/www.silentblocks.com\/es\/#\/schema\/logo\/image\/"}}]}},"_links":{"self":[{"href":"https:\/\/www.silentblocks.com\/es\/wp-json\/wp\/v2\/product\/81836","targetHints":{"allow":["GET"]}}],"collection":[{"href":"https:\/\/www.silentblocks.com\/es\/wp-json\/wp\/v2\/product"}],"about":[{"href":"https:\/\/www.silentblocks.com\/es\/wp-json\/wp\/v2\/types\/product"}],"version-history":[{"count":0,"href":"https:\/\/www.silentblocks.com\/es\/wp-json\/wp\/v2\/product\/81836\/revisions"}],"wp:featuredmedia":[{"embeddable":true,"href":"https:\/\/www.silentblocks.com\/es\/wp-json\/wp\/v2\/media\/121277"}],"wp:attachment":[{"href":"https:\/\/www.silentblocks.com\/es\/wp-json\/wp\/v2\/media?parent=81836"}],"wp:term":[{"taxonomy":"product_brand","embeddable":true,"href":"https:\/\/www.silentblocks.com\/es\/wp-json\/wp\/v2\/product_brand?post=81836"},{"taxonomy":"product_cat","embeddable":true,"href":"https:\/\/www.silentblocks.com\/es\/wp-json\/wp\/v2\/product_cat?post=81836"},{"taxonomy":"product_tag","embeddable":true,"href":"https:\/\/www.silentblocks.com\/es\/wp-json\/wp\/v2\/product_tag?post=81836"}],"curies":[{"name":"wp","href":"https:\/\/api.w.org\/{rel}","templated":true}]}}